
{"id":8274,"date":"2026-01-06T09:10:28","date_gmt":"2026-01-06T14:10:28","guid":{"rendered":"https:\/\/cssdn.gouv.qc.ca\/pointe-levy\/?page_id=8274"},"modified":"2026-04-01T08:50:18","modified_gmt":"2026-04-01T12:50:18","slug":"escalade","status":"publish","type":"page","link":"https:\/\/cssdn.gouv.qc.ca\/pointe-levy\/escalade\/","title":{"rendered":"Escalade"},"content":{"rendered":"\n<div class=\"wp-block-cover alignfull is-style-sand-wo-img\" style=\"min-height:388px;aspect-ratio:unset;\"><img decoding=\"async\" width=\"626\" height=\"417\" class=\"wp-block-cover__image-background wp-image-8276 size-full lazyload\" alt=\"\" data-src=\"https:\/\/cssdn.gouv.qc.ca\/pointe-levy\/wp-content\/uploads\/sites\/16\/2026\/01\/Escalade-1.jpg\" data-object-fit=\"cover\" data-srcset=\"https:\/\/cssdn.gouv.qc.ca\/pointe-levy\/wp-content\/uploads\/sites\/16\/2026\/01\/Escalade-1.jpg 626w, https:\/\/cssdn.gouv.qc.ca\/pointe-levy\/wp-content\/uploads\/sites\/16\/2026\/01\/Escalade-1-300x200.jpg 300w\" data-sizes=\"(max-width: 626px) 100vw, 626px\" src=\"data:image\/svg+xml;base64,PHN2ZyB3aWR0aD0iMSIgaGVpZ2h0PSIxIiB4bWxucz0iaHR0cDovL3d3dy53My5vcmcvMjAwMC9zdmciPjwvc3ZnPg==\" style=\"--smush-placeholder-width: 626px; --smush-placeholder-aspect-ratio: 626\/417;\" \/><span aria-hidden=\"true\" class=\"wp-block-cover__background has-background-dim\" style=\"background-color:#7a6b5e\"><\/span><div class=\"wp-block-cover__inner-container\"><h3 class=\"has-link-color wp-elements-e93932e6b1965ae0aa266bd9a079fde0 wp-block-post-title has-text-color has-white-color\">Escalade<\/h3><\/div><\/div>\n\n\n\n<div class=\"wp-block-group alignfull has-padding-y-large has-secondary-background-color has-background\"><div class=\"yoast-breadcrumbs alignwide \"><span class=\"breadcrumbs\"><a href=\"https:\/\/cssdn.gouv.qc.ca\/pointe-levy\/\" class=\"breadcrumbs__element\">Accueil<\/a> <span class=\"breadcrumbs__separator\">\n        <svg class=\"icon icon-breadcrumb__separator\"><use xlink:href=\"#icon-breadcrumb__separator\"><\/use><\/svg>\n    <\/span> <span class=\"breadcrumbs__element breadcrumbs__element-current\">Escalade<\/span><\/span><\/div><\/div>\n\n\n\n\n<p class=\"act-lead wp-block-paragraph\">Il \u00e9tait une fois, un besoin intrins\u00e8que de grimper des murs. Rejoins notre programme d&rsquo;<strong>Escalade<\/strong> afin de te surpasser!<\/p>\n\n\n\n\n<figure class=\"wp-block-image size-large is-resized\"><img decoding=\"async\" width=\"498\" height=\"1024\" data-src=\"https:\/\/cssdn.gouv.qc.ca\/pointe-levy\/wp-content\/uploads\/sites\/16\/2026\/01\/20241203_140447-498x1024.jpg\" alt=\"\" class=\"wp-image-8275 lazyload\" style=\"--smush-placeholder-width: 498px; --smush-placeholder-aspect-ratio: 498\/1024;width:330px;height:auto\" data-srcset=\"https:\/\/cssdn.gouv.qc.ca\/pointe-levy\/wp-content\/uploads\/sites\/16\/2026\/01\/20241203_140447-498x1024.jpg 498w, https:\/\/cssdn.gouv.qc.ca\/pointe-levy\/wp-content\/uploads\/sites\/16\/2026\/01\/20241203_140447-146x300.jpg 146w, https:\/\/cssdn.gouv.qc.ca\/pointe-levy\/wp-content\/uploads\/sites\/16\/2026\/01\/20241203_140447-768x1580.jpg 768w, https:\/\/cssdn.gouv.qc.ca\/pointe-levy\/wp-content\/uploads\/sites\/16\/2026\/01\/20241203_140447-747x1536.jpg 747w, https:\/\/cssdn.gouv.qc.ca\/pointe-levy\/wp-content\/uploads\/sites\/16\/2026\/01\/20241203_140447-996x2048.jpg 996w, https:\/\/cssdn.gouv.qc.ca\/pointe-levy\/wp-content\/uploads\/sites\/16\/2026\/01\/20241203_140447-scaled.jpg 1244w\" data-sizes=\"(max-width: 498px) 100vw, 498px\" src=\"data:image\/svg+xml;base64,PHN2ZyB3aWR0aD0iMSIgaGVpZ2h0PSIxIiB4bWxucz0iaHR0cDovL3d3dy53My5vcmcvMjAwMC9zdmciPjwvc3ZnPg==\" \/><figcaption class=\"wp-element-caption\"><sup><em>Saison 2024-2025<\/em><\/sup><\/figcaption><\/figure>\n\n\n\n<h2 class=\"wp-block-heading\">Informations<\/h2>\n\n\n\n<h3 class=\"wp-block-heading\"><strong>Escalade \u2013 1<sup>re<\/sup> \u00e0 5<\/strong><sup>e<\/sup> <strong>secondaire<\/strong><\/h3>\n\n\n\n<p class=\"wp-block-paragraph\"><em>Horaire r\u00e9gulier : classes en AM et discipline en PM<\/em><\/p>\n\n\n\n<p class=\"wp-block-paragraph\">Ce programme \u00e9lite allie \u00e9cole et sport pour favoriser un d\u00e9veloppement \u00e0 long terme, ax\u00e9 sur la passion et la d\u00e9couverte de tous les aspects de l\u2019escalade. Les athl\u00e8tes admis \u00e0 l&rsquo;\u00e9cole de Pointe-L\u00e9vy doivent d\u00e9montrer un engagement s\u00e9rieux et une motivation intrins\u00e8que pour s\u2019entra\u00eener 15 heures par semaine. La rigueur et la gestion du temps sont essentielles pour \u00e9quilibrer les exigences acad\u00e9miques et sportives. Bien que la comp\u00e9tition soit une option pour certains, l\u2019objectif principal reste l\u2019exploration, le perfectionnement personnel et la ma\u00eetrise des fondamentaux de l\u2019escalade.&nbsp;<\/p>\n\n\n\n<h5 class=\"wp-block-heading has-secondary-background-color has-background\">Co\u00fbt : 3 982,48$ en 2026-2027<\/h5>\n\n\n\n<h2 class=\"wp-block-heading\">En savoir plus<\/h2>\n\n\n\n<p class=\"wp-block-paragraph\">Pour la discipline&nbsp;<strong>Escalade<\/strong>, l\u2019\u00e9cole Pointe-L\u00e9vy est fi\u00e8re de s&rsquo;associer avec D\u00e9lire escalade L\u00e9vis.<\/p>\n\n\n\n<div class=\"wp-block-columns\">\n<div class=\"wp-block-column\" style=\"flex-basis:66.66%\">\n<p class=\"wp-block-paragraph\"><strong>Escalade<br><\/strong>D\u00e9lire escalade L\u00e9vis, L\u00e9vis<br><br>Th\u00e9o Blanchard, responsable de discipline<\/p>\n\n\n\n<p class=\"wp-block-paragraph\">Courriel : <a href=\"mailto:palsescalade@gmail.com\">palsescalade@gmail.com<\/a><\/p>\n\n\n\n<p class=\"wp-block-paragraph\">T\u00e9l\u00e9phone : 418-951-1901<\/p>\n<\/div>\n<\/div>\n\n\n\n<div class=\"wp-block-buttons\">\n<div class=\"wp-block-button\"><a class=\"wp-block-button__link wp-element-button\" href=\"https:\/\/www.delirescalade.com\/grimper\/jeunesse\/programme-sport-etudes\">Visitez le site de D\u00e9lire escalade<\/a><\/div>\n<\/div>\n\n\n\n<div class=\"wp-block-buttons\">\n<div class=\"wp-block-button\"><a class=\"wp-block-button__link wp-element-button\" href=\"https:\/\/www.facebook.com\/delirescalade\">Page Facebook<\/a><\/div>\n<\/div>\n\n\n\n<p class=\"wp-block-paragraph\"><\/p>\n","protected":false},"excerpt":{"rendered":"<p>Informations Escalade \u2013 1re \u00e0 5e secondaire Horaire r\u00e9gulier : classes en AM et discipline en PM Ce programme \u00e9lite allie \u00e9cole et sport pour favoriser un d\u00e9veloppement \u00e0 long terme, ax\u00e9 sur la passion et la d\u00e9couverte de tous les aspects de l\u2019escalade. Les athl\u00e8tes admis \u00e0 l&rsquo;\u00e9cole de Pointe-L\u00e9vy doivent d\u00e9montrer un engagement [&hellip;]<\/p>\n","protected":false},"author":183,"featured_media":0,"parent":0,"menu_order":0,"comment_status":"closed","ping_status":"closed","template":"","meta":{"_acf_changed":false,"_crdt_document":"","inline_featured_image":false,"footnotes":""},"categories":[],"tags":[],"class_list":["post-8274","page","type-page","status-publish","hentry"],"acf":[],"yoast_head":"<!-- This site is optimized with the Yoast SEO plugin v27.3 - https:\/\/yoast.com\/product\/yoast-seo-wordpress\/ -->\n<title>Escalade - \u00c9cole Pointe-L\u00e9vy<\/title>\n<meta name=\"robots\" content=\"index, follow, max-snippet:-1, max-image-preview:large, max-video-preview:-1\" \/>\n<link rel=\"canonical\" href=\"https:\/\/cssdn.gouv.qc.ca\/pointe-levy\/escalade\/\" \/>\n<meta property=\"og:locale\" content=\"fr_CA\" \/>\n<meta property=\"og:type\" content=\"article\" \/>\n<meta property=\"og:title\" content=\"Escalade - \u00c9cole Pointe-L\u00e9vy\" \/>\n<meta property=\"og:description\" content=\"Informations Escalade \u2013 1re \u00e0 5e secondaire Horaire r\u00e9gulier : classes en AM et discipline en PM Ce programme \u00e9lite allie \u00e9cole et sport pour favoriser un d\u00e9veloppement \u00e0 long terme, ax\u00e9 sur la passion et la d\u00e9couverte de tous les aspects de l\u2019escalade. Les athl\u00e8tes admis \u00e0 l&rsquo;\u00e9cole de Pointe-L\u00e9vy doivent d\u00e9montrer un engagement [&hellip;]\" \/>\n<meta property=\"og:url\" content=\"https:\/\/cssdn.gouv.qc.ca\/pointe-levy\/escalade\/\" \/>\n<meta property=\"og:site_name\" content=\"\u00c9cole Pointe-L\u00e9vy\" \/>\n<meta property=\"article:publisher\" content=\"https:\/\/www.facebook.com\/ecolePLE55\" \/>\n<meta property=\"article:modified_time\" content=\"2026-04-01T12:50:18+00:00\" \/>\n<meta property=\"og:image\" content=\"https:\/\/cssdn.gouv.qc.ca\/pointe-levy\/wp-content\/uploads\/sites\/16\/2026\/01\/Escalade-1.jpg\" \/>\n\t<meta property=\"og:image:width\" content=\"626\" \/>\n\t<meta property=\"og:image:height\" content=\"417\" \/>\n\t<meta property=\"og:image:type\" content=\"image\/jpeg\" \/>\n<meta name=\"twitter:card\" content=\"summary_large_image\" \/>\n<meta name=\"twitter:site\" content=\"@CSSNavigateurs\" \/>\n<meta name=\"twitter:label1\" content=\"Estimation du temps de lecture\" \/>\n\t<meta name=\"twitter:data1\" content=\"2 minutes\" \/>\n<script type=\"application\/ld+json\" class=\"yoast-schema-graph\">{\"@context\":\"https:\\\/\\\/schema.org\",\"@graph\":[{\"@type\":\"WebPage\",\"@id\":\"https:\\\/\\\/cssdn.gouv.qc.ca\\\/pointe-levy\\\/escalade\\\/\",\"url\":\"https:\\\/\\\/cssdn.gouv.qc.ca\\\/pointe-levy\\\/escalade\\\/\",\"name\":\"Escalade - \u00c9cole Pointe-L\u00e9vy\",\"isPartOf\":{\"@id\":\"https:\\\/\\\/cssdn.gouv.qc.ca\\\/pointe-levy\\\/#website\"},\"primaryImageOfPage\":{\"@id\":\"https:\\\/\\\/cssdn.gouv.qc.ca\\\/pointe-levy\\\/escalade\\\/#primaryimage\"},\"image\":{\"@id\":\"https:\\\/\\\/cssdn.gouv.qc.ca\\\/pointe-levy\\\/escalade\\\/#primaryimage\"},\"thumbnailUrl\":\"https:\\\/\\\/cssdn.gouv.qc.ca\\\/pointe-levy\\\/wp-content\\\/uploads\\\/sites\\\/16\\\/2026\\\/01\\\/Escalade-1.jpg\",\"datePublished\":\"2026-01-06T14:10:28+00:00\",\"dateModified\":\"2026-04-01T12:50:18+00:00\",\"breadcrumb\":{\"@id\":\"https:\\\/\\\/cssdn.gouv.qc.ca\\\/pointe-levy\\\/escalade\\\/#breadcrumb\"},\"inLanguage\":\"fr-CA\",\"potentialAction\":[{\"@type\":\"ReadAction\",\"target\":[\"https:\\\/\\\/cssdn.gouv.qc.ca\\\/pointe-levy\\\/escalade\\\/\"]}]},{\"@type\":\"ImageObject\",\"inLanguage\":\"fr-CA\",\"@id\":\"https:\\\/\\\/cssdn.gouv.qc.ca\\\/pointe-levy\\\/escalade\\\/#primaryimage\",\"url\":\"https:\\\/\\\/cssdn.gouv.qc.ca\\\/pointe-levy\\\/wp-content\\\/uploads\\\/sites\\\/16\\\/2026\\\/01\\\/Escalade-1.jpg\",\"contentUrl\":\"https:\\\/\\\/cssdn.gouv.qc.ca\\\/pointe-levy\\\/wp-content\\\/uploads\\\/sites\\\/16\\\/2026\\\/01\\\/Escalade-1.jpg\",\"width\":626,\"height\":417},{\"@type\":\"BreadcrumbList\",\"@id\":\"https:\\\/\\\/cssdn.gouv.qc.ca\\\/pointe-levy\\\/escalade\\\/#breadcrumb\",\"itemListElement\":[{\"@type\":\"ListItem\",\"position\":1,\"name\":\"Accueil\",\"item\":\"https:\\\/\\\/cssdn.gouv.qc.ca\\\/pointe-levy\\\/\"},{\"@type\":\"ListItem\",\"position\":2,\"name\":\"Escalade\"}]},{\"@type\":\"WebSite\",\"@id\":\"https:\\\/\\\/cssdn.gouv.qc.ca\\\/pointe-levy\\\/#website\",\"url\":\"https:\\\/\\\/cssdn.gouv.qc.ca\\\/pointe-levy\\\/\",\"name\":\"\u00c9cole Pointe-L\u00e9vy\",\"description\":\"Un site des centres de services scolaires des Navigateurs\",\"publisher\":{\"@id\":\"https:\\\/\\\/cssdn.gouv.qc.ca\\\/pointe-levy\\\/#organization\"},\"potentialAction\":[{\"@type\":\"SearchAction\",\"target\":{\"@type\":\"EntryPoint\",\"urlTemplate\":\"https:\\\/\\\/cssdn.gouv.qc.ca\\\/pointe-levy\\\/?s={search_term_string}\"},\"query-input\":{\"@type\":\"PropertyValueSpecification\",\"valueRequired\":true,\"valueName\":\"search_term_string\"}}],\"inLanguage\":\"fr-CA\"},{\"@type\":\"Organization\",\"@id\":\"https:\\\/\\\/cssdn.gouv.qc.ca\\\/pointe-levy\\\/#organization\",\"name\":\"\u00c9cole Pointe-L\u00e9vy\",\"url\":\"https:\\\/\\\/cssdn.gouv.qc.ca\\\/pointe-levy\\\/\",\"logo\":{\"@type\":\"ImageObject\",\"inLanguage\":\"fr-CA\",\"@id\":\"https:\\\/\\\/cssdn.gouv.qc.ca\\\/pointe-levy\\\/#\\\/schema\\\/logo\\\/image\\\/\",\"url\":\"https:\\\/\\\/cssdn.gouv.qc.ca\\\/pointe-levy\\\/wp-content\\\/uploads\\\/sites\\\/16\\\/2023\\\/01\\\/logo_quebec.svg\",\"contentUrl\":\"https:\\\/\\\/cssdn.gouv.qc.ca\\\/pointe-levy\\\/wp-content\\\/uploads\\\/sites\\\/16\\\/2023\\\/01\\\/logo_quebec.svg\",\"width\":188,\"height\":41,\"caption\":\"\u00c9cole Pointe-L\u00e9vy\"},\"image\":{\"@id\":\"https:\\\/\\\/cssdn.gouv.qc.ca\\\/pointe-levy\\\/#\\\/schema\\\/logo\\\/image\\\/\"},\"sameAs\":[\"https:\\\/\\\/www.facebook.com\\\/ecolePLE55\",\"https:\\\/\\\/x.com\\\/CSSNavigateurs\",\"https:\\\/\\\/www.instagram.com\\\/pointelevy\\\/\",\"https:\\\/\\\/www.youtube.com\\\/channel\\\/UCHbNBehije70JBzCIVT82bQ\",\"https:\\\/\\\/www.linkedin.com\\\/company\\\/cssdn\"]}]}<\/script>\n<!-- \/ Yoast SEO plugin. -->","yoast_head_json":{"title":"Escalade - \u00c9cole Pointe-L\u00e9vy","robots":{"index":"index","follow":"follow","max-snippet":"max-snippet:-1","max-image-preview":"max-image-preview:large","max-video-preview":"max-video-preview:-1"},"canonical":"https:\/\/cssdn.gouv.qc.ca\/pointe-levy\/escalade\/","og_locale":"fr_CA","og_type":"article","og_title":"Escalade - \u00c9cole Pointe-L\u00e9vy","og_description":"Informations Escalade \u2013 1re \u00e0 5e secondaire Horaire r\u00e9gulier : classes en AM et discipline en PM Ce programme \u00e9lite allie \u00e9cole et sport pour favoriser un d\u00e9veloppement \u00e0 long terme, ax\u00e9 sur la passion et la d\u00e9couverte de tous les aspects de l\u2019escalade. Les athl\u00e8tes admis \u00e0 l&rsquo;\u00e9cole de Pointe-L\u00e9vy doivent d\u00e9montrer un engagement [&hellip;]","og_url":"https:\/\/cssdn.gouv.qc.ca\/pointe-levy\/escalade\/","og_site_name":"\u00c9cole Pointe-L\u00e9vy","article_publisher":"https:\/\/www.facebook.com\/ecolePLE55","article_modified_time":"2026-04-01T12:50:18+00:00","og_image":[{"width":626,"height":417,"url":"https:\/\/cssdn.gouv.qc.ca\/pointe-levy\/wp-content\/uploads\/sites\/16\/2026\/01\/Escalade-1.jpg","type":"image\/jpeg"}],"twitter_card":"summary_large_image","twitter_site":"@CSSNavigateurs","twitter_misc":{"Estimation du temps de lecture":"2 minutes"},"schema":{"@context":"https:\/\/schema.org","@graph":[{"@type":"WebPage","@id":"https:\/\/cssdn.gouv.qc.ca\/pointe-levy\/escalade\/","url":"https:\/\/cssdn.gouv.qc.ca\/pointe-levy\/escalade\/","name":"Escalade - \u00c9cole Pointe-L\u00e9vy","isPartOf":{"@id":"https:\/\/cssdn.gouv.qc.ca\/pointe-levy\/#website"},"primaryImageOfPage":{"@id":"https:\/\/cssdn.gouv.qc.ca\/pointe-levy\/escalade\/#primaryimage"},"image":{"@id":"https:\/\/cssdn.gouv.qc.ca\/pointe-levy\/escalade\/#primaryimage"},"thumbnailUrl":"https:\/\/cssdn.gouv.qc.ca\/pointe-levy\/wp-content\/uploads\/sites\/16\/2026\/01\/Escalade-1.jpg","datePublished":"2026-01-06T14:10:28+00:00","dateModified":"2026-04-01T12:50:18+00:00","breadcrumb":{"@id":"https:\/\/cssdn.gouv.qc.ca\/pointe-levy\/escalade\/#breadcrumb"},"inLanguage":"fr-CA","potentialAction":[{"@type":"ReadAction","target":["https:\/\/cssdn.gouv.qc.ca\/pointe-levy\/escalade\/"]}]},{"@type":"ImageObject","inLanguage":"fr-CA","@id":"https:\/\/cssdn.gouv.qc.ca\/pointe-levy\/escalade\/#primaryimage","url":"https:\/\/cssdn.gouv.qc.ca\/pointe-levy\/wp-content\/uploads\/sites\/16\/2026\/01\/Escalade-1.jpg","contentUrl":"https:\/\/cssdn.gouv.qc.ca\/pointe-levy\/wp-content\/uploads\/sites\/16\/2026\/01\/Escalade-1.jpg","width":626,"height":417},{"@type":"BreadcrumbList","@id":"https:\/\/cssdn.gouv.qc.ca\/pointe-levy\/escalade\/#breadcrumb","itemListElement":[{"@type":"ListItem","position":1,"name":"Accueil","item":"https:\/\/cssdn.gouv.qc.ca\/pointe-levy\/"},{"@type":"ListItem","position":2,"name":"Escalade"}]},{"@type":"WebSite","@id":"https:\/\/cssdn.gouv.qc.ca\/pointe-levy\/#website","url":"https:\/\/cssdn.gouv.qc.ca\/pointe-levy\/","name":"\u00c9cole Pointe-L\u00e9vy","description":"Un site des centres de services scolaires des Navigateurs","publisher":{"@id":"https:\/\/cssdn.gouv.qc.ca\/pointe-levy\/#organization"},"potentialAction":[{"@type":"SearchAction","target":{"@type":"EntryPoint","urlTemplate":"https:\/\/cssdn.gouv.qc.ca\/pointe-levy\/?s={search_term_string}"},"query-input":{"@type":"PropertyValueSpecification","valueRequired":true,"valueName":"search_term_string"}}],"inLanguage":"fr-CA"},{"@type":"Organization","@id":"https:\/\/cssdn.gouv.qc.ca\/pointe-levy\/#organization","name":"\u00c9cole Pointe-L\u00e9vy","url":"https:\/\/cssdn.gouv.qc.ca\/pointe-levy\/","logo":{"@type":"ImageObject","inLanguage":"fr-CA","@id":"https:\/\/cssdn.gouv.qc.ca\/pointe-levy\/#\/schema\/logo\/image\/","url":"https:\/\/cssdn.gouv.qc.ca\/pointe-levy\/wp-content\/uploads\/sites\/16\/2023\/01\/logo_quebec.svg","contentUrl":"https:\/\/cssdn.gouv.qc.ca\/pointe-levy\/wp-content\/uploads\/sites\/16\/2023\/01\/logo_quebec.svg","width":188,"height":41,"caption":"\u00c9cole Pointe-L\u00e9vy"},"image":{"@id":"https:\/\/cssdn.gouv.qc.ca\/pointe-levy\/#\/schema\/logo\/image\/"},"sameAs":["https:\/\/www.facebook.com\/ecolePLE55","https:\/\/x.com\/CSSNavigateurs","https:\/\/www.instagram.com\/pointelevy\/","https:\/\/www.youtube.com\/channel\/UCHbNBehije70JBzCIVT82bQ","https:\/\/www.linkedin.com\/company\/cssdn"]}]}},"publishpress_future_action":{"enabled":false,"date":"2026-04-14 10:07:10","action":"change-status","newStatus":"draft","terms":[],"taxonomy":"category","extraData":[]},"publishpress_future_workflow_manual_trigger":{"enabledWorkflows":[]},"_links":{"self":[{"href":"https:\/\/cssdn.gouv.qc.ca\/pointe-levy\/wp-json\/wp\/v2\/pages\/8274","targetHints":{"allow":["GET"]}}],"collection":[{"href":"https:\/\/cssdn.gouv.qc.ca\/pointe-levy\/wp-json\/wp\/v2\/pages"}],"about":[{"href":"https:\/\/cssdn.gouv.qc.ca\/pointe-levy\/wp-json\/wp\/v2\/types\/page"}],"author":[{"embeddable":true,"href":"https:\/\/cssdn.gouv.qc.ca\/pointe-levy\/wp-json\/wp\/v2\/users\/183"}],"replies":[{"embeddable":true,"href":"https:\/\/cssdn.gouv.qc.ca\/pointe-levy\/wp-json\/wp\/v2\/comments?post=8274"}],"version-history":[{"count":0,"href":"https:\/\/cssdn.gouv.qc.ca\/pointe-levy\/wp-json\/wp\/v2\/pages\/8274\/revisions"}],"wp:attachment":[{"href":"https:\/\/cssdn.gouv.qc.ca\/pointe-levy\/wp-json\/wp\/v2\/media?parent=8274"}],"wp:term":[{"taxonomy":"category","embeddable":true,"href":"https:\/\/cssdn.gouv.qc.ca\/pointe-levy\/wp-json\/wp\/v2\/categories?post=8274"},{"taxonomy":"post_tag","embeddable":true,"href":"https:\/\/cssdn.gouv.qc.ca\/pointe-levy\/wp-json\/wp\/v2\/tags?post=8274"}],"curies":[{"name":"wp","href":"https:\/\/api.w.org\/{rel}","templated":true}]}}