
{"id":8326,"date":"2026-01-07T10:24:21","date_gmt":"2026-01-07T15:24:21","guid":{"rendered":"https:\/\/cssdn.gouv.qc.ca\/pointe-levy\/?page_id=8326"},"modified":"2026-01-07T10:24:34","modified_gmt":"2026-01-07T15:24:34","slug":"patinage-artistique-edisa","status":"publish","type":"page","link":"https:\/\/cssdn.gouv.qc.ca\/pointe-levy\/patinage-artistique-edisa\/","title":{"rendered":"Patinage artistique \u00c9DISA"},"content":{"rendered":"\n<div class=\"wp-block-cover alignfull is-light is-style-sand-wo-img\" style=\"min-height:388px;aspect-ratio:unset;\"><img decoding=\"async\" width=\"1024\" height=\"512\" class=\"wp-block-cover__image-background wp-image-8327 size-large lazyload\" alt=\"\" data-src=\"https:\/\/cssdn.gouv.qc.ca\/pointe-levy\/wp-content\/uploads\/sites\/16\/2026\/01\/Patinage-artistique-EDISA-1024x512.png\" data-object-fit=\"cover\" data-srcset=\"https:\/\/cssdn.gouv.qc.ca\/pointe-levy\/wp-content\/uploads\/sites\/16\/2026\/01\/Patinage-artistique-EDISA-1024x512.png 1024w, https:\/\/cssdn.gouv.qc.ca\/pointe-levy\/wp-content\/uploads\/sites\/16\/2026\/01\/Patinage-artistique-EDISA-300x150.png 300w, https:\/\/cssdn.gouv.qc.ca\/pointe-levy\/wp-content\/uploads\/sites\/16\/2026\/01\/Patinage-artistique-EDISA-768x384.png 768w, https:\/\/cssdn.gouv.qc.ca\/pointe-levy\/wp-content\/uploads\/sites\/16\/2026\/01\/Patinage-artistique-EDISA-1536x768.png 1536w, https:\/\/cssdn.gouv.qc.ca\/pointe-levy\/wp-content\/uploads\/sites\/16\/2026\/01\/Patinage-artistique-EDISA.png 1920w\" data-sizes=\"(max-width: 1024px) 100vw, 1024px\" src=\"data:image\/svg+xml;base64,PHN2ZyB3aWR0aD0iMSIgaGVpZ2h0PSIxIiB4bWxucz0iaHR0cDovL3d3dy53My5vcmcvMjAwMC9zdmciPjwvc3ZnPg==\" style=\"--smush-placeholder-width: 1024px; --smush-placeholder-aspect-ratio: 1024\/512;\" \/><span aria-hidden=\"true\" class=\"wp-block-cover__background has-background-dim\" style=\"background-color:#7d8491\"><\/span><div class=\"wp-block-cover__inner-container\"><h3 class=\"has-link-color wp-elements-e93932e6b1965ae0aa266bd9a079fde0 wp-block-post-title has-text-color has-white-color\">Patinage artistique \u00c9DISA<\/h3><\/div><\/div>\n\n\n\n<div class=\"wp-block-group alignfull has-padding-y-large has-secondary-background-color has-background\"><div class=\"yoast-breadcrumbs alignwide \"><span class=\"breadcrumbs\"><a href=\"https:\/\/cssdn.gouv.qc.ca\/pointe-levy\/\" class=\"breadcrumbs__element\">Accueil<\/a> <span class=\"breadcrumbs__separator\">\n        <svg class=\"icon icon-breadcrumb__separator\"><use xlink:href=\"#icon-breadcrumb__separator\"><\/use><\/svg>\n    <\/span> <span class=\"breadcrumbs__element breadcrumbs__element-current\">Patinage artistique \u00c9DISA<\/span><\/span><\/div><\/div>\n\n\n\n\n<p class=\"act-lead wp-block-paragraph\">Viens vivre une exp\u00e9rience m\u00e9morable sur la glace avec nous !<br>Accompagn\u00e9(e) d\u2019entra\u00eeneurs dynamiques et passionn\u00e9s, rejoins la grande famille du patinage artistique \u00c9DISA, en Sports-\u00e9tudes ou en concentration sportive !<\/p>\n\n\n\n\n<figure class=\"wp-block-image size-full\"><img decoding=\"async\" width=\"520\" height=\"436\" data-src=\"https:\/\/cssdn.gouv.qc.ca\/pointe-levy\/wp-content\/uploads\/sites\/16\/2026\/01\/Image1-1.jpg\" alt=\"\" class=\"wp-image-8328 lazyload\" data-srcset=\"https:\/\/cssdn.gouv.qc.ca\/pointe-levy\/wp-content\/uploads\/sites\/16\/2026\/01\/Image1-1.jpg 520w, https:\/\/cssdn.gouv.qc.ca\/pointe-levy\/wp-content\/uploads\/sites\/16\/2026\/01\/Image1-1-300x252.jpg 300w\" data-sizes=\"(max-width: 520px) 100vw, 520px\" src=\"data:image\/svg+xml;base64,PHN2ZyB3aWR0aD0iMSIgaGVpZ2h0PSIxIiB4bWxucz0iaHR0cDovL3d3dy53My5vcmcvMjAwMC9zdmciPjwvc3ZnPg==\" style=\"--smush-placeholder-width: 520px; --smush-placeholder-aspect-ratio: 520\/436;\" \/><figcaption class=\"wp-element-caption\"><sup><em>Saison 2024-2025<\/em><\/sup><\/figcaption><\/figure>\n\n\n\n<h2 class=\"wp-block-heading\">Informations<\/h2>\n\n\n\n<h3 class=\"wp-block-heading\"><strong>Sport-\u00e9tudes Patin artistique \u2013 <strong>1<sup>re<\/sup> \u00e0 5<sup>e<\/sup> secondaire<\/strong> <\/strong><\/h3>\n\n\n\n<p class=\"wp-block-paragraph\"><em>Horaire R\u00c9GULIER: classes en AM et discipline en PM <\/em><\/p>\n\n\n\n<p class=\"wp-block-paragraph\"><\/p>\n\n\n\n<p class=\"wp-block-paragraph\">L\u2019\u00c9cole de patinage EDISA souhaite maximiser les chances des \u00e9l\u00e8ves-athl\u00e8tes d\u2019atteindre leurs objectifs d\u2019excellence en patinage artistique en misant sur le d\u00e9veloppement int\u00e9gral et sain de chacun.\u202f Elle accompagne toutes les sportives et les sportifs qui souhaitent d\u00e9velopper ou parfaire leurs habilet\u00e9s de patinage en ses murs.\u00a0L&rsquo;\u00c9cole de patinage EDISA tient ses activit\u00e9s au Centre Bruno-Verret.\u00a0Le Centre Bruno-Verret, c&rsquo;est une patinoire de dimensions olympiques, une patinoire de dimensions standard, une salle d&rsquo;entrainement avec appareils sp\u00e9cialis\u00e9s pour le patinage artistique.\u00a0L&rsquo;\u00e9cole de patinage EDISA souhaite v\u00e9hiculer les valeurs d\u2019accomplissement de soi, de bienveillance, de comp\u00e9tence, d\u2019engagement, de responsabilit\u00e9 \u00e0 ses membres.\u00a0<\/p>\n\n\n\n<h5 class=\"wp-block-heading has-secondary-background-color has-background\">Co\u00fbt : 2 600$ en 2026-2027<\/h5>\n\n\n\n<h2 class=\"wp-block-heading\">En savoir plus<\/h2>\n\n\n\n<p class=\"wp-block-paragraph\">Pour la discipline\u00a0<strong>Patinage artistique<\/strong>, l\u2019\u00e9cole Pointe-L\u00e9vy est fi\u00e8re de s&rsquo;associer avec \u00c9DISA.<\/p>\n\n\n\n<div class=\"wp-block-columns\">\n<div class=\"wp-block-column\" style=\"flex-basis:66.66%\">\n<p class=\"wp-block-paragraph\"><strong>Patinage artistique \u00c9DISA<br><\/strong>Centre Bruno Verret, Saint-\u00c9tienne<\/p>\n\n\n\n<p class=\"wp-block-paragraph\">Isabelle Leli\u00e8vre, responsable de discipline<\/p>\n\n\n\n<p class=\"wp-block-paragraph\">Courriel : <a href=\"mailto:isamelie1@hotmail.com\">isamelie1@hotmail.com<\/a><\/p>\n\n\n\n<p class=\"wp-block-paragraph\">T\u00e9l\u00e9phone: 418-271-1739<\/p>\n<\/div>\n<\/div>\n\n\n\n<div class=\"is-vertically-aligned-bottom is-content-justification-left wp-block-buttons\">\n<div class=\"wp-block-button\"><a class=\"wp-block-button__link wp-element-button\" href=\"https:\/\/www.ecoleedisa.com\/\">Visitez le site d&rsquo;\u00c9DISA<\/a><\/div>\n\n\n\n<div class=\"wp-block-button\"><a class=\"wp-block-button__link wp-element-button\" href=\"https:\/\/www.facebook.com\/ecole.EDISA\">Facebook<\/a><\/div>\n\n\n\n<div class=\"wp-block-button\"><a class=\"wp-block-button__link wp-element-button\" href=\"https:\/\/www.instagram.com\/ecole.edisa\/?hl=fr-ca\">Instagram<\/a><\/div>\n<\/div>\n\n\n\n<p class=\"wp-block-paragraph\"><\/p>\n","protected":false},"excerpt":{"rendered":"<p>Informations Sport-\u00e9tudes Patin artistique \u2013 1re \u00e0 5e secondaire Horaire R\u00c9GULIER: classes en AM et discipline en PM L\u2019\u00c9cole de patinage EDISA souhaite maximiser les chances des \u00e9l\u00e8ves-athl\u00e8tes d\u2019atteindre leurs objectifs d\u2019excellence en patinage artistique en misant sur le d\u00e9veloppement int\u00e9gral et sain de chacun.\u202f Elle accompagne toutes les sportives et les sportifs qui souhaitent [&hellip;]<\/p>\n","protected":false},"author":183,"featured_media":0,"parent":0,"menu_order":0,"comment_status":"closed","ping_status":"closed","template":"","meta":{"_acf_changed":false,"_crdt_document":"","inline_featured_image":false,"footnotes":""},"categories":[],"tags":[],"class_list":["post-8326","page","type-page","status-publish","hentry"],"acf":[],"yoast_head":"<!-- This site is optimized with the Yoast SEO plugin v27.3 - https:\/\/yoast.com\/product\/yoast-seo-wordpress\/ -->\n<title>Patinage artistique \u00c9DISA - \u00c9cole Pointe-L\u00e9vy<\/title>\n<meta name=\"robots\" content=\"index, follow, max-snippet:-1, max-image-preview:large, max-video-preview:-1\" \/>\n<link rel=\"canonical\" href=\"https:\/\/cssdn.gouv.qc.ca\/pointe-levy\/patinage-artistique-edisa\/\" \/>\n<meta property=\"og:locale\" content=\"fr_CA\" \/>\n<meta property=\"og:type\" content=\"article\" \/>\n<meta property=\"og:title\" content=\"Patinage artistique \u00c9DISA - \u00c9cole Pointe-L\u00e9vy\" \/>\n<meta property=\"og:description\" content=\"Informations Sport-\u00e9tudes Patin artistique \u2013 1re \u00e0 5e secondaire Horaire R\u00c9GULIER: classes en AM et discipline en PM L\u2019\u00c9cole de patinage EDISA souhaite maximiser les chances des \u00e9l\u00e8ves-athl\u00e8tes d\u2019atteindre leurs objectifs d\u2019excellence en patinage artistique en misant sur le d\u00e9veloppement int\u00e9gral et sain de chacun.\u202f Elle accompagne toutes les sportives et les sportifs qui souhaitent [&hellip;]\" \/>\n<meta property=\"og:url\" content=\"https:\/\/cssdn.gouv.qc.ca\/pointe-levy\/patinage-artistique-edisa\/\" \/>\n<meta property=\"og:site_name\" content=\"\u00c9cole Pointe-L\u00e9vy\" \/>\n<meta property=\"article:publisher\" content=\"https:\/\/www.facebook.com\/ecolePLE55\" \/>\n<meta property=\"article:modified_time\" content=\"2026-01-07T15:24:34+00:00\" \/>\n<meta property=\"og:image\" content=\"https:\/\/cssdn.gouv.qc.ca\/pointe-levy\/wp-content\/uploads\/sites\/16\/2026\/01\/Patinage-artistique-EDISA.png\" \/>\n\t<meta property=\"og:image:width\" content=\"1920\" \/>\n\t<meta property=\"og:image:height\" content=\"960\" \/>\n\t<meta property=\"og:image:type\" content=\"image\/png\" \/>\n<meta name=\"twitter:card\" content=\"summary_large_image\" \/>\n<meta name=\"twitter:site\" content=\"@CSSNavigateurs\" \/>\n<meta name=\"twitter:label1\" content=\"Estimation du temps de lecture\" \/>\n\t<meta name=\"twitter:data1\" content=\"2 minutes\" \/>\n<script type=\"application\/ld+json\" class=\"yoast-schema-graph\">{\"@context\":\"https:\\\/\\\/schema.org\",\"@graph\":[{\"@type\":\"WebPage\",\"@id\":\"https:\\\/\\\/cssdn.gouv.qc.ca\\\/pointe-levy\\\/patinage-artistique-edisa\\\/\",\"url\":\"https:\\\/\\\/cssdn.gouv.qc.ca\\\/pointe-levy\\\/patinage-artistique-edisa\\\/\",\"name\":\"Patinage artistique \u00c9DISA - \u00c9cole Pointe-L\u00e9vy\",\"isPartOf\":{\"@id\":\"https:\\\/\\\/cssdn.gouv.qc.ca\\\/pointe-levy\\\/#website\"},\"primaryImageOfPage\":{\"@id\":\"https:\\\/\\\/cssdn.gouv.qc.ca\\\/pointe-levy\\\/patinage-artistique-edisa\\\/#primaryimage\"},\"image\":{\"@id\":\"https:\\\/\\\/cssdn.gouv.qc.ca\\\/pointe-levy\\\/patinage-artistique-edisa\\\/#primaryimage\"},\"thumbnailUrl\":\"https:\\\/\\\/cssdn.gouv.qc.ca\\\/pointe-levy\\\/wp-content\\\/uploads\\\/sites\\\/16\\\/2026\\\/01\\\/Patinage-artistique-EDISA-1024x512.png\",\"datePublished\":\"2026-01-07T15:24:21+00:00\",\"dateModified\":\"2026-01-07T15:24:34+00:00\",\"breadcrumb\":{\"@id\":\"https:\\\/\\\/cssdn.gouv.qc.ca\\\/pointe-levy\\\/patinage-artistique-edisa\\\/#breadcrumb\"},\"inLanguage\":\"fr-CA\",\"potentialAction\":[{\"@type\":\"ReadAction\",\"target\":[\"https:\\\/\\\/cssdn.gouv.qc.ca\\\/pointe-levy\\\/patinage-artistique-edisa\\\/\"]}]},{\"@type\":\"ImageObject\",\"inLanguage\":\"fr-CA\",\"@id\":\"https:\\\/\\\/cssdn.gouv.qc.ca\\\/pointe-levy\\\/patinage-artistique-edisa\\\/#primaryimage\",\"url\":\"https:\\\/\\\/cssdn.gouv.qc.ca\\\/pointe-levy\\\/wp-content\\\/uploads\\\/sites\\\/16\\\/2026\\\/01\\\/Patinage-artistique-EDISA.png\",\"contentUrl\":\"https:\\\/\\\/cssdn.gouv.qc.ca\\\/pointe-levy\\\/wp-content\\\/uploads\\\/sites\\\/16\\\/2026\\\/01\\\/Patinage-artistique-EDISA.png\",\"width\":1920,\"height\":960},{\"@type\":\"BreadcrumbList\",\"@id\":\"https:\\\/\\\/cssdn.gouv.qc.ca\\\/pointe-levy\\\/patinage-artistique-edisa\\\/#breadcrumb\",\"itemListElement\":[{\"@type\":\"ListItem\",\"position\":1,\"name\":\"Accueil\",\"item\":\"https:\\\/\\\/cssdn.gouv.qc.ca\\\/pointe-levy\\\/\"},{\"@type\":\"ListItem\",\"position\":2,\"name\":\"Patinage artistique \u00c9DISA\"}]},{\"@type\":\"WebSite\",\"@id\":\"https:\\\/\\\/cssdn.gouv.qc.ca\\\/pointe-levy\\\/#website\",\"url\":\"https:\\\/\\\/cssdn.gouv.qc.ca\\\/pointe-levy\\\/\",\"name\":\"\u00c9cole Pointe-L\u00e9vy\",\"description\":\"Un site des centres de services scolaires des Navigateurs\",\"publisher\":{\"@id\":\"https:\\\/\\\/cssdn.gouv.qc.ca\\\/pointe-levy\\\/#organization\"},\"potentialAction\":[{\"@type\":\"SearchAction\",\"target\":{\"@type\":\"EntryPoint\",\"urlTemplate\":\"https:\\\/\\\/cssdn.gouv.qc.ca\\\/pointe-levy\\\/?s={search_term_string}\"},\"query-input\":{\"@type\":\"PropertyValueSpecification\",\"valueRequired\":true,\"valueName\":\"search_term_string\"}}],\"inLanguage\":\"fr-CA\"},{\"@type\":\"Organization\",\"@id\":\"https:\\\/\\\/cssdn.gouv.qc.ca\\\/pointe-levy\\\/#organization\",\"name\":\"\u00c9cole Pointe-L\u00e9vy\",\"url\":\"https:\\\/\\\/cssdn.gouv.qc.ca\\\/pointe-levy\\\/\",\"logo\":{\"@type\":\"ImageObject\",\"inLanguage\":\"fr-CA\",\"@id\":\"https:\\\/\\\/cssdn.gouv.qc.ca\\\/pointe-levy\\\/#\\\/schema\\\/logo\\\/image\\\/\",\"url\":\"https:\\\/\\\/cssdn.gouv.qc.ca\\\/pointe-levy\\\/wp-content\\\/uploads\\\/sites\\\/16\\\/2023\\\/01\\\/logo_quebec.svg\",\"contentUrl\":\"https:\\\/\\\/cssdn.gouv.qc.ca\\\/pointe-levy\\\/wp-content\\\/uploads\\\/sites\\\/16\\\/2023\\\/01\\\/logo_quebec.svg\",\"width\":188,\"height\":41,\"caption\":\"\u00c9cole Pointe-L\u00e9vy\"},\"image\":{\"@id\":\"https:\\\/\\\/cssdn.gouv.qc.ca\\\/pointe-levy\\\/#\\\/schema\\\/logo\\\/image\\\/\"},\"sameAs\":[\"https:\\\/\\\/www.facebook.com\\\/ecolePLE55\",\"https:\\\/\\\/x.com\\\/CSSNavigateurs\",\"https:\\\/\\\/www.instagram.com\\\/pointelevy\\\/\",\"https:\\\/\\\/www.youtube.com\\\/channel\\\/UCHbNBehije70JBzCIVT82bQ\",\"https:\\\/\\\/www.linkedin.com\\\/company\\\/cssdn\"]}]}<\/script>\n<!-- \/ Yoast SEO plugin. -->","yoast_head_json":{"title":"Patinage artistique \u00c9DISA - \u00c9cole Pointe-L\u00e9vy","robots":{"index":"index","follow":"follow","max-snippet":"max-snippet:-1","max-image-preview":"max-image-preview:large","max-video-preview":"max-video-preview:-1"},"canonical":"https:\/\/cssdn.gouv.qc.ca\/pointe-levy\/patinage-artistique-edisa\/","og_locale":"fr_CA","og_type":"article","og_title":"Patinage artistique \u00c9DISA - \u00c9cole Pointe-L\u00e9vy","og_description":"Informations Sport-\u00e9tudes Patin artistique \u2013 1re \u00e0 5e secondaire Horaire R\u00c9GULIER: classes en AM et discipline en PM L\u2019\u00c9cole de patinage EDISA souhaite maximiser les chances des \u00e9l\u00e8ves-athl\u00e8tes d\u2019atteindre leurs objectifs d\u2019excellence en patinage artistique en misant sur le d\u00e9veloppement int\u00e9gral et sain de chacun.\u202f Elle accompagne toutes les sportives et les sportifs qui souhaitent [&hellip;]","og_url":"https:\/\/cssdn.gouv.qc.ca\/pointe-levy\/patinage-artistique-edisa\/","og_site_name":"\u00c9cole Pointe-L\u00e9vy","article_publisher":"https:\/\/www.facebook.com\/ecolePLE55","article_modified_time":"2026-01-07T15:24:34+00:00","og_image":[{"width":1920,"height":960,"url":"https:\/\/cssdn.gouv.qc.ca\/pointe-levy\/wp-content\/uploads\/sites\/16\/2026\/01\/Patinage-artistique-EDISA.png","type":"image\/png"}],"twitter_card":"summary_large_image","twitter_site":"@CSSNavigateurs","twitter_misc":{"Estimation du temps de lecture":"2 minutes"},"schema":{"@context":"https:\/\/schema.org","@graph":[{"@type":"WebPage","@id":"https:\/\/cssdn.gouv.qc.ca\/pointe-levy\/patinage-artistique-edisa\/","url":"https:\/\/cssdn.gouv.qc.ca\/pointe-levy\/patinage-artistique-edisa\/","name":"Patinage artistique \u00c9DISA - \u00c9cole Pointe-L\u00e9vy","isPartOf":{"@id":"https:\/\/cssdn.gouv.qc.ca\/pointe-levy\/#website"},"primaryImageOfPage":{"@id":"https:\/\/cssdn.gouv.qc.ca\/pointe-levy\/patinage-artistique-edisa\/#primaryimage"},"image":{"@id":"https:\/\/cssdn.gouv.qc.ca\/pointe-levy\/patinage-artistique-edisa\/#primaryimage"},"thumbnailUrl":"https:\/\/cssdn.gouv.qc.ca\/pointe-levy\/wp-content\/uploads\/sites\/16\/2026\/01\/Patinage-artistique-EDISA-1024x512.png","datePublished":"2026-01-07T15:24:21+00:00","dateModified":"2026-01-07T15:24:34+00:00","breadcrumb":{"@id":"https:\/\/cssdn.gouv.qc.ca\/pointe-levy\/patinage-artistique-edisa\/#breadcrumb"},"inLanguage":"fr-CA","potentialAction":[{"@type":"ReadAction","target":["https:\/\/cssdn.gouv.qc.ca\/pointe-levy\/patinage-artistique-edisa\/"]}]},{"@type":"ImageObject","inLanguage":"fr-CA","@id":"https:\/\/cssdn.gouv.qc.ca\/pointe-levy\/patinage-artistique-edisa\/#primaryimage","url":"https:\/\/cssdn.gouv.qc.ca\/pointe-levy\/wp-content\/uploads\/sites\/16\/2026\/01\/Patinage-artistique-EDISA.png","contentUrl":"https:\/\/cssdn.gouv.qc.ca\/pointe-levy\/wp-content\/uploads\/sites\/16\/2026\/01\/Patinage-artistique-EDISA.png","width":1920,"height":960},{"@type":"BreadcrumbList","@id":"https:\/\/cssdn.gouv.qc.ca\/pointe-levy\/patinage-artistique-edisa\/#breadcrumb","itemListElement":[{"@type":"ListItem","position":1,"name":"Accueil","item":"https:\/\/cssdn.gouv.qc.ca\/pointe-levy\/"},{"@type":"ListItem","position":2,"name":"Patinage artistique \u00c9DISA"}]},{"@type":"WebSite","@id":"https:\/\/cssdn.gouv.qc.ca\/pointe-levy\/#website","url":"https:\/\/cssdn.gouv.qc.ca\/pointe-levy\/","name":"\u00c9cole Pointe-L\u00e9vy","description":"Un site des centres de services scolaires des Navigateurs","publisher":{"@id":"https:\/\/cssdn.gouv.qc.ca\/pointe-levy\/#organization"},"potentialAction":[{"@type":"SearchAction","target":{"@type":"EntryPoint","urlTemplate":"https:\/\/cssdn.gouv.qc.ca\/pointe-levy\/?s={search_term_string}"},"query-input":{"@type":"PropertyValueSpecification","valueRequired":true,"valueName":"search_term_string"}}],"inLanguage":"fr-CA"},{"@type":"Organization","@id":"https:\/\/cssdn.gouv.qc.ca\/pointe-levy\/#organization","name":"\u00c9cole Pointe-L\u00e9vy","url":"https:\/\/cssdn.gouv.qc.ca\/pointe-levy\/","logo":{"@type":"ImageObject","inLanguage":"fr-CA","@id":"https:\/\/cssdn.gouv.qc.ca\/pointe-levy\/#\/schema\/logo\/image\/","url":"https:\/\/cssdn.gouv.qc.ca\/pointe-levy\/wp-content\/uploads\/sites\/16\/2023\/01\/logo_quebec.svg","contentUrl":"https:\/\/cssdn.gouv.qc.ca\/pointe-levy\/wp-content\/uploads\/sites\/16\/2023\/01\/logo_quebec.svg","width":188,"height":41,"caption":"\u00c9cole Pointe-L\u00e9vy"},"image":{"@id":"https:\/\/cssdn.gouv.qc.ca\/pointe-levy\/#\/schema\/logo\/image\/"},"sameAs":["https:\/\/www.facebook.com\/ecolePLE55","https:\/\/x.com\/CSSNavigateurs","https:\/\/www.instagram.com\/pointelevy\/","https:\/\/www.youtube.com\/channel\/UCHbNBehije70JBzCIVT82bQ","https:\/\/www.linkedin.com\/company\/cssdn"]}]}},"publishpress_future_action":{"enabled":false,"date":"2026-04-17 05:03:23","action":"change-status","newStatus":"draft","terms":[],"taxonomy":"category","extraData":[]},"publishpress_future_workflow_manual_trigger":{"enabledWorkflows":[]},"_links":{"self":[{"href":"https:\/\/cssdn.gouv.qc.ca\/pointe-levy\/wp-json\/wp\/v2\/pages\/8326","targetHints":{"allow":["GET"]}}],"collection":[{"href":"https:\/\/cssdn.gouv.qc.ca\/pointe-levy\/wp-json\/wp\/v2\/pages"}],"about":[{"href":"https:\/\/cssdn.gouv.qc.ca\/pointe-levy\/wp-json\/wp\/v2\/types\/page"}],"author":[{"embeddable":true,"href":"https:\/\/cssdn.gouv.qc.ca\/pointe-levy\/wp-json\/wp\/v2\/users\/183"}],"replies":[{"embeddable":true,"href":"https:\/\/cssdn.gouv.qc.ca\/pointe-levy\/wp-json\/wp\/v2\/comments?post=8326"}],"version-history":[{"count":0,"href":"https:\/\/cssdn.gouv.qc.ca\/pointe-levy\/wp-json\/wp\/v2\/pages\/8326\/revisions"}],"wp:attachment":[{"href":"https:\/\/cssdn.gouv.qc.ca\/pointe-levy\/wp-json\/wp\/v2\/media?parent=8326"}],"wp:term":[{"taxonomy":"category","embeddable":true,"href":"https:\/\/cssdn.gouv.qc.ca\/pointe-levy\/wp-json\/wp\/v2\/categories?post=8326"},{"taxonomy":"post_tag","embeddable":true,"href":"https:\/\/cssdn.gouv.qc.ca\/pointe-levy\/wp-json\/wp\/v2\/tags?post=8326"}],"curies":[{"name":"wp","href":"https:\/\/api.w.org\/{rel}","templated":true}]}}