
{"id":620,"date":"2024-12-17T09:38:49","date_gmt":"2024-12-17T14:38:49","guid":{"rendered":"https:\/\/cssdn.gouv.qc.ca\/quatrevents\/?page_id=620"},"modified":"2025-10-08T15:27:04","modified_gmt":"2025-10-08T19:27:04","slug":"conseil-detablissement","status":"publish","type":"page","link":"https:\/\/cssdn.gouv.qc.ca\/quatrevents\/conseil-detablissement\/","title":{"rendered":"Conseil d&rsquo;\u00e9tablissement"},"content":{"rendered":"\n<div class=\"wp-block-cover alignfull is-light is-style-title-banner\"><img decoding=\"async\" class=\"wp-block-cover__image-background wp-image-111 lazyload\" alt=\"\" data-src=\"https:\/\/stage.cssdn.gouv.qc.ca\/wp-content\/uploads\/2022\/08\/Seawire-Hero-06.jpg\" data-object-fit=\"cover\" src=\"data:image\/svg+xml;base64,PHN2ZyB3aWR0aD0iMSIgaGVpZ2h0PSIxIiB4bWxucz0iaHR0cDovL3d3dy53My5vcmcvMjAwMC9zdmciPjwvc3ZnPg==\" \/><span aria-hidden=\"true\" class=\"wp-block-cover__background has-background-dim\"><\/span><div class=\"wp-block-cover__inner-container\"><h4 class=\"wp-block-post-title\">Conseil d&rsquo;\u00e9tablissement<\/h4><\/div><\/div>\n\n\n\n<div class=\"wp-block-group alignfull\">\n<div class=\"wp-block-group alignfull has-padding-y-large has-secondary-background-color has-background\"><div class=\"yoast-breadcrumbs alignwide \"><span class=\"breadcrumbs\"><a href=\"https:\/\/cssdn.gouv.qc.ca\/quatrevents\/\" class=\"breadcrumbs__element\">Accueil<\/a> <span class=\"breadcrumbs__separator\">\n        <svg class=\"icon icon-breadcrumb__separator\"><use xlink:href=\"#icon-breadcrumb__separator\"><\/use><\/svg>\n    <\/span> <span class=\"breadcrumbs__element breadcrumbs__element-current\">Conseil d&rsquo;\u00e9tablissement<\/span><\/span><\/div><\/div>\n<\/div>\n\n\n\n<h1 class=\"wp-block-heading is-style-default has-black-color has-text-color has-link-color wp-elements-0186819920eb47283e8cf4fe879211f1\">Conseil d&rsquo;\u00e9tablissement<\/h1>\n\n\n\n\n<p class=\"act-lead has-secondary-background-color has-background wp-block-paragraph\"><strong>Membre du conseil d&rsquo;\u00e9tablissement<\/strong> 2025-2026<br><strong>Parents<\/strong><br>Marie-\u00c8ve C\u00f4t\u00e9, Pr\u00e9sidente<br>M\u00e9lissa Tremblay, vice-pr\u00e9sidente<br>Julien Fournier<br>Marc Croteau<br>P\u00e9n\u00e9lope Carpentier<br>Sarah Schaerli<br>Jessica Sanschagrin, repr\u00e9sentante au comit\u00e9 de parent<br><strong>Substitut<\/strong><br>Maude Perreault<br>Julie Doucet<br><strong>Enseignants et autres membres du personnel<\/strong><br>Caroline Dumont, directrice<br>Maude C\u00f4t\u00e9 Desrochers, enseignante<br>Karine Hamel, enseignante<br>M\u00e9lanie Leclerc, enseignante<br>M\u00e9lina Claude Leclerc, enseignante<br>Isabelle Bruaux, orthophoniste<br>Martine Savard, secr\u00e9taire d&rsquo;\u00e9cole<br>Sonya Baril, Technicienne en service de garde<\/p>\n\n\n\n\n\n<p class=\"has-text-align-left act-lead wp-block-paragraph\"><strong>HORAIRE DES RENCONTRES<\/strong><\/p>\n\n\n\n\n<figure class=\"wp-block-image size-full\"><img decoding=\"async\" width=\"630\" height=\"433\" data-src=\"https:\/\/cssdn.gouv.qc.ca\/quatrevents\/wp-content\/uploads\/sites\/53\/2025\/09\/image.png\" alt=\"\" class=\"wp-image-797 lazyload\" data-srcset=\"https:\/\/cssdn.gouv.qc.ca\/quatrevents\/wp-content\/uploads\/sites\/53\/2025\/09\/image.png 630w, https:\/\/cssdn.gouv.qc.ca\/quatrevents\/wp-content\/uploads\/sites\/53\/2025\/09\/image-300x206.png 300w\" data-sizes=\"(max-width: 630px) 100vw, 630px\" src=\"data:image\/svg+xml;base64,PHN2ZyB3aWR0aD0iMSIgaGVpZ2h0PSIxIiB4bWxucz0iaHR0cDovL3d3dy53My5vcmcvMjAwMC9zdmciPjwvc3ZnPg==\" style=\"--smush-placeholder-width: 630px; --smush-placeholder-aspect-ratio: 630\/433;\" \/><\/figure>\n\n\n\n<h2 class=\"wp-block-heading\">PROC\u00c8S-VERBAUX &#8211; ARCHIVES<\/h2>\n\n\n\n<figure class=\"wp-block-table\"><table class=\"has-fixed-layout\"><tbody><tr><td class=\"has-text-align-center\" data-align=\"center\"><strong>2021-2022<\/strong><\/td><td class=\"has-text-align-center\" data-align=\"center\"><strong>2022-2023<\/strong><\/td><td class=\"has-text-align-center\" data-align=\"center\"><strong>2023-2024<\/strong><\/td><\/tr><tr><td class=\"has-text-align-center\" data-align=\"center\"><a href=\"https:\/\/drive.google.com\/drive\/folders\/1rBsk4dKX6v1JXidyAUw_QkTUimEANtkP\">S\u00e9ance 1 -28 septembre 2021<\/a><\/td><td class=\"has-text-align-center\" data-align=\"center\"><a href=\"https:\/\/drive.google.com\/drive\/folders\/1KWkUBQneyrh8ub1jA0XS10YSF7ZER0nl\">S\u00e9ance 1 &#8211; 27 septembre 2022<\/a><\/td><td class=\"has-text-align-center\" data-align=\"center\"><a href=\"https:\/\/drive.google.com\/drive\/folders\/1Vw5YCLe1ww7fBlqwQ2FQZ9VcSm0PaGAD\">S\u00e9ance 1 &#8211; 26 septembre 2023<\/a><\/td><\/tr><tr><td class=\"has-text-align-center\" data-align=\"center\"><a href=\"https:\/\/drive.google.com\/drive\/folders\/1rBsk4dKX6v1JXidyAUw_QkTUimEANtkP\">S\u00e9ance 2 &#8211; 30 novembre 2021<\/a><\/td><td class=\"has-text-align-center\" data-align=\"center\"><a href=\"https:\/\/drive.google.com\/drive\/folders\/1KWkUBQneyrh8ub1jA0XS10YSF7ZER0nl\">S\u00e9ance 2 &#8211; 29 novembre 2022<\/a><\/td><td class=\"has-text-align-center\" data-align=\"center\"><a href=\"https:\/\/drive.google.com\/drive\/folders\/1Vw5YCLe1ww7fBlqwQ2FQZ9VcSm0PaGAD\">S\u00e9ance 2 &#8211; 14 novembre 2023<\/a><\/td><\/tr><tr><td class=\"has-text-align-center\" data-align=\"center\"><a href=\"https:\/\/drive.google.com\/drive\/folders\/1rBsk4dKX6v1JXidyAUw_QkTUimEANtkP\">S\u00e9ance 3 &#8211; 1er f\u00e9vrier 2022<\/a><\/td><td class=\"has-text-align-center\" data-align=\"center\"><a href=\"https:\/\/drive.google.com\/drive\/folders\/1KWkUBQneyrh8ub1jA0XS10YSF7ZER0nl\">S\u00e9ance 3 &#8211; 31 janvier 2023<\/a><\/td><td class=\"has-text-align-center\" data-align=\"center\"><a href=\"https:\/\/drive.google.com\/drive\/folders\/1Vw5YCLe1ww7fBlqwQ2FQZ9VcSm0PaGAD\">S\u00e9ance 3 &#8211; 5 d\u00e9cembre 2023<\/a><\/td><\/tr><tr><td class=\"has-text-align-center\" data-align=\"center\"><a href=\"https:\/\/drive.google.com\/drive\/folders\/1rBsk4dKX6v1JXidyAUw_QkTUimEANtkP\">S\u00e9ance 4 &#8211; 22 mars 2022<\/a><\/td><td class=\"has-text-align-center\" data-align=\"center\"><a href=\"https:\/\/drive.google.com\/drive\/folders\/1KWkUBQneyrh8ub1jA0XS10YSF7ZER0nl\">S\u00e9ance 4 &#8211; 21 mars 2023<\/a><\/td><td class=\"has-text-align-center\" data-align=\"center\"><a href=\"https:\/\/drive.google.com\/drive\/folders\/1Vw5YCLe1ww7fBlqwQ2FQZ9VcSm0PaGAD\">S\u00e9ance 4 &#8211; 30 janvier 2024<\/a><\/td><\/tr><tr><td class=\"has-text-align-center\" data-align=\"center\"><a href=\"https:\/\/drive.google.com\/drive\/folders\/1rBsk4dKX6v1JXidyAUw_QkTUimEANtkP\">S\u00e9ance 5 &#8211; 11 avril 2022<\/a><\/td><td class=\"has-text-align-center\" data-align=\"center\"><a href=\"https:\/\/drive.google.com\/drive\/folders\/1KWkUBQneyrh8ub1jA0XS10YSF7ZER0nl\">S\u00e9ance 5 &#8211; 2 mai 2023<\/a><\/td><td class=\"has-text-align-center\" data-align=\"center\"><a href=\"https:\/\/drive.google.com\/drive\/folders\/1Vw5YCLe1ww7fBlqwQ2FQZ9VcSm0PaGAD\">S\u00e9ance 5 &#8211; 19 mars 2024<\/a><\/td><\/tr><tr><td class=\"has-text-align-center\" data-align=\"center\"><a href=\"https:\/\/drive.google.com\/drive\/folders\/1rBsk4dKX6v1JXidyAUw_QkTUimEANtkP\">S\u00e9ance 6 &#8211; 3 mai 2022<\/a><\/td><td class=\"has-text-align-center\" data-align=\"center\"><\/td><td class=\"has-text-align-center\" data-align=\"center\"><a href=\"https:\/\/drive.google.com\/drive\/folders\/1Vw5YCLe1ww7fBlqwQ2FQZ9VcSm0PaGAD\">S\u00e9ance 6 &#8211; 23 avril 2024<\/a><\/td><\/tr><tr><td class=\"has-text-align-center\" data-align=\"center\"><a href=\"https:\/\/drive.google.com\/drive\/folders\/1rBsk4dKX6v1JXidyAUw_QkTUimEANtkP\">S\u00e9ance 7 &#8211; 13 juin 2022<\/a><\/td><td class=\"has-text-align-center\" data-align=\"center\"><\/td><td class=\"has-text-align-center\" data-align=\"center\"><a href=\"https:\/\/drive.google.com\/drive\/folders\/1Vw5YCLe1ww7fBlqwQ2FQZ9VcSm0PaGAD\">S\u00e9ance 7 &#8211; 3 juin 2024<\/a><\/td><\/tr><\/tbody><\/table><\/figure>\n\n\n\n<h2 class=\"wp-block-heading\"><\/h2>\n\n\n\n<p class=\"wp-block-paragraph\"><\/p>\n\n\n\n\n<nav class=\"align act-quick-links\">\n    <ul class=\"act-quick-links__wrapper\">\n            <\/ul>\n<\/nav>\n\n\n\n<p class=\"wp-block-paragraph\"><\/p>\n","protected":false},"excerpt":{"rendered":"<p>Conseil d&rsquo;\u00e9tablissement PROC\u00c8S-VERBAUX &#8211; ARCHIVES 2021-2022 2022-2023 2023-2024 S\u00e9ance 1 -28 septembre 2021 S\u00e9ance 1 &#8211; 27 septembre 2022 S\u00e9ance 1 &#8211; 26 septembre 2023 S\u00e9ance 2 &#8211; 30 novembre 2021 S\u00e9ance 2 &#8211; 29 novembre 2022 S\u00e9ance 2 &#8211; 14 novembre 2023 S\u00e9ance 3 &#8211; 1er f\u00e9vrier 2022 S\u00e9ance 3 &#8211; 31 janvier 2023 [&hellip;]<\/p>\n","protected":false},"author":234,"featured_media":0,"parent":0,"menu_order":0,"comment_status":"closed","ping_status":"closed","template":"","meta":{"_acf_changed":false,"_crdt_document":"","inline_featured_image":false,"footnotes":""},"categories":[],"tags":[],"class_list":["post-620","page","type-page","status-publish","hentry"],"acf":[],"yoast_head":"<!-- This site is optimized with the Yoast SEO plugin v27.4 - https:\/\/yoast.com\/product\/yoast-seo-wordpress\/ -->\n<title>Conseil d&#039;\u00e9tablissement - \u00c9cole des Quatre-Vents<\/title>\n<meta name=\"robots\" content=\"index, follow, max-snippet:-1, max-image-preview:large, max-video-preview:-1\" \/>\n<link rel=\"canonical\" href=\"https:\/\/cssdn.gouv.qc.ca\/quatrevents\/conseil-detablissement\/\" \/>\n<meta property=\"og:locale\" content=\"fr_CA\" \/>\n<meta property=\"og:type\" content=\"article\" \/>\n<meta property=\"og:title\" content=\"Conseil d&#039;\u00e9tablissement - \u00c9cole des Quatre-Vents\" \/>\n<meta property=\"og:description\" content=\"Conseil d&rsquo;\u00e9tablissement PROC\u00c8S-VERBAUX &#8211; ARCHIVES 2021-2022 2022-2023 2023-2024 S\u00e9ance 1 -28 septembre 2021 S\u00e9ance 1 &#8211; 27 septembre 2022 S\u00e9ance 1 &#8211; 26 septembre 2023 S\u00e9ance 2 &#8211; 30 novembre 2021 S\u00e9ance 2 &#8211; 29 novembre 2022 S\u00e9ance 2 &#8211; 14 novembre 2023 S\u00e9ance 3 &#8211; 1er f\u00e9vrier 2022 S\u00e9ance 3 &#8211; 31 janvier 2023 [&hellip;]\" \/>\n<meta property=\"og:url\" content=\"https:\/\/cssdn.gouv.qc.ca\/quatrevents\/conseil-detablissement\/\" \/>\n<meta property=\"og:site_name\" content=\"\u00c9cole des Quatre-Vents\" \/>\n<meta property=\"article:publisher\" content=\"https:\/\/www.facebook.com\/ecoledesquatrevents\" \/>\n<meta property=\"article:modified_time\" content=\"2025-10-08T19:27:04+00:00\" \/>\n<meta name=\"twitter:card\" content=\"summary_large_image\" \/>\n<meta name=\"twitter:label1\" content=\"Estimation du temps de lecture\" \/>\n\t<meta name=\"twitter:data1\" content=\"2 minutes\" \/>\n<script type=\"application\/ld+json\" class=\"yoast-schema-graph\">{\"@context\":\"https:\\\/\\\/schema.org\",\"@graph\":[{\"@type\":\"WebPage\",\"@id\":\"https:\\\/\\\/cssdn.gouv.qc.ca\\\/quatrevents\\\/conseil-detablissement\\\/\",\"url\":\"https:\\\/\\\/cssdn.gouv.qc.ca\\\/quatrevents\\\/conseil-detablissement\\\/\",\"name\":\"Conseil d'\u00e9tablissement - \u00c9cole des Quatre-Vents\",\"isPartOf\":{\"@id\":\"https:\\\/\\\/cssdn.gouv.qc.ca\\\/quatrevents\\\/#website\"},\"primaryImageOfPage\":{\"@id\":\"https:\\\/\\\/cssdn.gouv.qc.ca\\\/quatrevents\\\/conseil-detablissement\\\/#primaryimage\"},\"image\":{\"@id\":\"https:\\\/\\\/cssdn.gouv.qc.ca\\\/quatrevents\\\/conseil-detablissement\\\/#primaryimage\"},\"thumbnailUrl\":\"https:\\\/\\\/stage.cssdn.gouv.qc.ca\\\/wp-content\\\/uploads\\\/2022\\\/08\\\/Seawire-Hero-06.jpg\",\"datePublished\":\"2024-12-17T14:38:49+00:00\",\"dateModified\":\"2025-10-08T19:27:04+00:00\",\"breadcrumb\":{\"@id\":\"https:\\\/\\\/cssdn.gouv.qc.ca\\\/quatrevents\\\/conseil-detablissement\\\/#breadcrumb\"},\"inLanguage\":\"fr-CA\",\"potentialAction\":[{\"@type\":\"ReadAction\",\"target\":[\"https:\\\/\\\/cssdn.gouv.qc.ca\\\/quatrevents\\\/conseil-detablissement\\\/\"]}]},{\"@type\":\"ImageObject\",\"inLanguage\":\"fr-CA\",\"@id\":\"https:\\\/\\\/cssdn.gouv.qc.ca\\\/quatrevents\\\/conseil-detablissement\\\/#primaryimage\",\"url\":\"https:\\\/\\\/stage.cssdn.gouv.qc.ca\\\/wp-content\\\/uploads\\\/2022\\\/08\\\/Seawire-Hero-06.jpg\",\"contentUrl\":\"https:\\\/\\\/stage.cssdn.gouv.qc.ca\\\/wp-content\\\/uploads\\\/2022\\\/08\\\/Seawire-Hero-06.jpg\"},{\"@type\":\"BreadcrumbList\",\"@id\":\"https:\\\/\\\/cssdn.gouv.qc.ca\\\/quatrevents\\\/conseil-detablissement\\\/#breadcrumb\",\"itemListElement\":[{\"@type\":\"ListItem\",\"position\":1,\"name\":\"Accueil\",\"item\":\"https:\\\/\\\/cssdn.gouv.qc.ca\\\/quatrevents\\\/\"},{\"@type\":\"ListItem\",\"position\":2,\"name\":\"Conseil d&rsquo;\u00e9tablissement\"}]},{\"@type\":\"WebSite\",\"@id\":\"https:\\\/\\\/cssdn.gouv.qc.ca\\\/quatrevents\\\/#website\",\"url\":\"https:\\\/\\\/cssdn.gouv.qc.ca\\\/quatrevents\\\/\",\"name\":\"\u00c9cole des Quatre-Vents\",\"description\":\"Un site des centres de services scolaires des Navigateurs\",\"publisher\":{\"@id\":\"https:\\\/\\\/cssdn.gouv.qc.ca\\\/quatrevents\\\/#organization\"},\"potentialAction\":[{\"@type\":\"SearchAction\",\"target\":{\"@type\":\"EntryPoint\",\"urlTemplate\":\"https:\\\/\\\/cssdn.gouv.qc.ca\\\/quatrevents\\\/?s={search_term_string}\"},\"query-input\":{\"@type\":\"PropertyValueSpecification\",\"valueRequired\":true,\"valueName\":\"search_term_string\"}}],\"inLanguage\":\"fr-CA\"},{\"@type\":\"Organization\",\"@id\":\"https:\\\/\\\/cssdn.gouv.qc.ca\\\/quatrevents\\\/#organization\",\"name\":\"\u00c9cole des Quatre-Vents\",\"url\":\"https:\\\/\\\/cssdn.gouv.qc.ca\\\/quatrevents\\\/\",\"logo\":{\"@type\":\"ImageObject\",\"inLanguage\":\"fr-CA\",\"@id\":\"https:\\\/\\\/cssdn.gouv.qc.ca\\\/quatrevents\\\/#\\\/schema\\\/logo\\\/image\\\/\",\"url\":\"https:\\\/\\\/cssdn.gouv.qc.ca\\\/quatrevents\\\/wp-content\\\/uploads\\\/sites\\\/53\\\/2023\\\/01\\\/logo_quebec.svg\",\"contentUrl\":\"https:\\\/\\\/cssdn.gouv.qc.ca\\\/quatrevents\\\/wp-content\\\/uploads\\\/sites\\\/53\\\/2023\\\/01\\\/logo_quebec.svg\",\"width\":188,\"height\":41,\"caption\":\"\u00c9cole des Quatre-Vents\"},\"image\":{\"@id\":\"https:\\\/\\\/cssdn.gouv.qc.ca\\\/quatrevents\\\/#\\\/schema\\\/logo\\\/image\\\/\"},\"sameAs\":[\"https:\\\/\\\/www.facebook.com\\\/ecoledesquatrevents\"]}]}<\/script>\n<!-- \/ Yoast SEO plugin. -->","yoast_head_json":{"title":"Conseil d'\u00e9tablissement - \u00c9cole des Quatre-Vents","robots":{"index":"index","follow":"follow","max-snippet":"max-snippet:-1","max-image-preview":"max-image-preview:large","max-video-preview":"max-video-preview:-1"},"canonical":"https:\/\/cssdn.gouv.qc.ca\/quatrevents\/conseil-detablissement\/","og_locale":"fr_CA","og_type":"article","og_title":"Conseil d'\u00e9tablissement - \u00c9cole des Quatre-Vents","og_description":"Conseil d&rsquo;\u00e9tablissement PROC\u00c8S-VERBAUX &#8211; ARCHIVES 2021-2022 2022-2023 2023-2024 S\u00e9ance 1 -28 septembre 2021 S\u00e9ance 1 &#8211; 27 septembre 2022 S\u00e9ance 1 &#8211; 26 septembre 2023 S\u00e9ance 2 &#8211; 30 novembre 2021 S\u00e9ance 2 &#8211; 29 novembre 2022 S\u00e9ance 2 &#8211; 14 novembre 2023 S\u00e9ance 3 &#8211; 1er f\u00e9vrier 2022 S\u00e9ance 3 &#8211; 31 janvier 2023 [&hellip;]","og_url":"https:\/\/cssdn.gouv.qc.ca\/quatrevents\/conseil-detablissement\/","og_site_name":"\u00c9cole des Quatre-Vents","article_publisher":"https:\/\/www.facebook.com\/ecoledesquatrevents","article_modified_time":"2025-10-08T19:27:04+00:00","twitter_card":"summary_large_image","twitter_misc":{"Estimation du temps de lecture":"2 minutes"},"schema":{"@context":"https:\/\/schema.org","@graph":[{"@type":"WebPage","@id":"https:\/\/cssdn.gouv.qc.ca\/quatrevents\/conseil-detablissement\/","url":"https:\/\/cssdn.gouv.qc.ca\/quatrevents\/conseil-detablissement\/","name":"Conseil d'\u00e9tablissement - \u00c9cole des Quatre-Vents","isPartOf":{"@id":"https:\/\/cssdn.gouv.qc.ca\/quatrevents\/#website"},"primaryImageOfPage":{"@id":"https:\/\/cssdn.gouv.qc.ca\/quatrevents\/conseil-detablissement\/#primaryimage"},"image":{"@id":"https:\/\/cssdn.gouv.qc.ca\/quatrevents\/conseil-detablissement\/#primaryimage"},"thumbnailUrl":"https:\/\/stage.cssdn.gouv.qc.ca\/wp-content\/uploads\/2022\/08\/Seawire-Hero-06.jpg","datePublished":"2024-12-17T14:38:49+00:00","dateModified":"2025-10-08T19:27:04+00:00","breadcrumb":{"@id":"https:\/\/cssdn.gouv.qc.ca\/quatrevents\/conseil-detablissement\/#breadcrumb"},"inLanguage":"fr-CA","potentialAction":[{"@type":"ReadAction","target":["https:\/\/cssdn.gouv.qc.ca\/quatrevents\/conseil-detablissement\/"]}]},{"@type":"ImageObject","inLanguage":"fr-CA","@id":"https:\/\/cssdn.gouv.qc.ca\/quatrevents\/conseil-detablissement\/#primaryimage","url":"https:\/\/stage.cssdn.gouv.qc.ca\/wp-content\/uploads\/2022\/08\/Seawire-Hero-06.jpg","contentUrl":"https:\/\/stage.cssdn.gouv.qc.ca\/wp-content\/uploads\/2022\/08\/Seawire-Hero-06.jpg"},{"@type":"BreadcrumbList","@id":"https:\/\/cssdn.gouv.qc.ca\/quatrevents\/conseil-detablissement\/#breadcrumb","itemListElement":[{"@type":"ListItem","position":1,"name":"Accueil","item":"https:\/\/cssdn.gouv.qc.ca\/quatrevents\/"},{"@type":"ListItem","position":2,"name":"Conseil d&rsquo;\u00e9tablissement"}]},{"@type":"WebSite","@id":"https:\/\/cssdn.gouv.qc.ca\/quatrevents\/#website","url":"https:\/\/cssdn.gouv.qc.ca\/quatrevents\/","name":"\u00c9cole des Quatre-Vents","description":"Un site des centres de services scolaires des Navigateurs","publisher":{"@id":"https:\/\/cssdn.gouv.qc.ca\/quatrevents\/#organization"},"potentialAction":[{"@type":"SearchAction","target":{"@type":"EntryPoint","urlTemplate":"https:\/\/cssdn.gouv.qc.ca\/quatrevents\/?s={search_term_string}"},"query-input":{"@type":"PropertyValueSpecification","valueRequired":true,"valueName":"search_term_string"}}],"inLanguage":"fr-CA"},{"@type":"Organization","@id":"https:\/\/cssdn.gouv.qc.ca\/quatrevents\/#organization","name":"\u00c9cole des Quatre-Vents","url":"https:\/\/cssdn.gouv.qc.ca\/quatrevents\/","logo":{"@type":"ImageObject","inLanguage":"fr-CA","@id":"https:\/\/cssdn.gouv.qc.ca\/quatrevents\/#\/schema\/logo\/image\/","url":"https:\/\/cssdn.gouv.qc.ca\/quatrevents\/wp-content\/uploads\/sites\/53\/2023\/01\/logo_quebec.svg","contentUrl":"https:\/\/cssdn.gouv.qc.ca\/quatrevents\/wp-content\/uploads\/sites\/53\/2023\/01\/logo_quebec.svg","width":188,"height":41,"caption":"\u00c9cole des Quatre-Vents"},"image":{"@id":"https:\/\/cssdn.gouv.qc.ca\/quatrevents\/#\/schema\/logo\/image\/"},"sameAs":["https:\/\/www.facebook.com\/ecoledesquatrevents"]}]}},"publishpress_future_action":{"enabled":false,"date":"2026-04-30 20:33:42","action":"change-status","newStatus":"draft","terms":[],"taxonomy":"category","extraData":[]},"publishpress_future_workflow_manual_trigger":{"enabledWorkflows":[]},"_links":{"self":[{"href":"https:\/\/cssdn.gouv.qc.ca\/quatrevents\/wp-json\/wp\/v2\/pages\/620","targetHints":{"allow":["GET"]}}],"collection":[{"href":"https:\/\/cssdn.gouv.qc.ca\/quatrevents\/wp-json\/wp\/v2\/pages"}],"about":[{"href":"https:\/\/cssdn.gouv.qc.ca\/quatrevents\/wp-json\/wp\/v2\/types\/page"}],"author":[{"embeddable":true,"href":"https:\/\/cssdn.gouv.qc.ca\/quatrevents\/wp-json\/wp\/v2\/users\/234"}],"replies":[{"embeddable":true,"href":"https:\/\/cssdn.gouv.qc.ca\/quatrevents\/wp-json\/wp\/v2\/comments?post=620"}],"version-history":[{"count":0,"href":"https:\/\/cssdn.gouv.qc.ca\/quatrevents\/wp-json\/wp\/v2\/pages\/620\/revisions"}],"wp:attachment":[{"href":"https:\/\/cssdn.gouv.qc.ca\/quatrevents\/wp-json\/wp\/v2\/media?parent=620"}],"wp:term":[{"taxonomy":"category","embeddable":true,"href":"https:\/\/cssdn.gouv.qc.ca\/quatrevents\/wp-json\/wp\/v2\/categories?post=620"},{"taxonomy":"post_tag","embeddable":true,"href":"https:\/\/cssdn.gouv.qc.ca\/quatrevents\/wp-json\/wp\/v2\/tags?post=620"}],"curies":[{"name":"wp","href":"https:\/\/api.w.org\/{rel}","templated":true}]}}