
{"id":624,"date":"2024-12-17T09:51:38","date_gmt":"2024-12-17T14:51:38","guid":{"rendered":"https:\/\/cssdn.gouv.qc.ca\/quatrevents\/?page_id=624"},"modified":"2026-03-24T11:23:41","modified_gmt":"2026-03-24T15:23:41","slug":"624-2","status":"publish","type":"page","link":"https:\/\/cssdn.gouv.qc.ca\/quatrevents\/a-propos-2\/624-2\/","title":{"rendered":"Documentation officielle"},"content":{"rendered":"\n<div class=\"wp-block-cover alignfull is-light is-style-title-banner\"><img decoding=\"async\" class=\"wp-block-cover__image-background wp-image-111 lazyload\" alt=\"\" data-src=\"https:\/\/stage.cssdn.gouv.qc.ca\/wp-content\/uploads\/2022\/08\/Seawire-Hero-06.jpg\" data-object-fit=\"cover\" src=\"data:image\/svg+xml;base64,PHN2ZyB3aWR0aD0iMSIgaGVpZ2h0PSIxIiB4bWxucz0iaHR0cDovL3d3dy53My5vcmcvMjAwMC9zdmciPjwvc3ZnPg==\" \/><span aria-hidden=\"true\" class=\"wp-block-cover__background has-background-dim\"><\/span><div class=\"wp-block-cover__inner-container\"><h3 class=\"wp-block-post-title\">Documentation officielle<\/h3><\/div><\/div>\n\n\n\n<div class=\"wp-block-group alignfull has-padding-y-large has-secondary-background-color has-background\"><div class=\"yoast-breadcrumbs alignwide \"><span class=\"breadcrumbs\"><a href=\"https:\/\/cssdn.gouv.qc.ca\/quatrevents\/\" class=\"breadcrumbs__element\">Accueil<\/a> <span class=\"breadcrumbs__separator\">\n        <svg class=\"icon icon-breadcrumb__separator\"><use xlink:href=\"#icon-breadcrumb__separator\"><\/use><\/svg>\n    <\/span> <a href=\"https:\/\/cssdn.gouv.qc.ca\/quatrevents\/a-propos-2\/\" class=\"breadcrumbs__element\">\u00c0 propos<\/a> <span class=\"breadcrumbs__separator\">\n        <svg class=\"icon icon-breadcrumb__separator\"><use xlink:href=\"#icon-breadcrumb__separator\"><\/use><\/svg>\n    <\/span> <span class=\"breadcrumbs__element breadcrumbs__element-current\">Documentation officielle<\/span><\/span><\/div><\/div>\n\n\n\n\n\n<h1 class=\"wp-block-heading\">Projet \u00e9ducatif<\/h1>\n\n\n\n<div class=\"wp-block-file\"><a id=\"wp-block-file--media-5d1af7ab-2e60-4f66-80a9-cc9501babfc8\" href=\"https:\/\/cssdn.gouv.qc.ca\/quatrevents\/wp-content\/uploads\/sites\/53\/2024\/12\/Quatre-Vents_projet-educatif-2023-2027.pdf\">Quatre-Vents &#8211; Projet \u00e9ducatif 2023-2027<\/a><a href=\"https:\/\/cssdn.gouv.qc.ca\/quatrevents\/wp-content\/uploads\/sites\/53\/2024\/12\/Quatre-Vents_projet-educatif-2023-2027.pdf\" class=\"wp-block-file__button wp-element-button\" download aria-describedby=\"wp-block-file--media-5d1af7ab-2e60-4f66-80a9-cc9501babfc8\">T\u00e9l\u00e9charger<\/a><\/div>\n\n\n\n<h2 class=\"wp-block-heading\">Rapport annuel de gestion du conseil d\u2019\u00e9tablissement<\/h2>\n\n\n\n<h2 class=\"wp-block-heading\">Reddition de comptes du projet \u00e9ducatif<\/h2>\n\n\n\n<div class=\"wp-block-file\"><a id=\"wp-block-file--media-b3f556dc-bd35-4423-a1cf-e80765a5ce6d\" href=\"https:\/\/cssdn.gouv.qc.ca\/quatrevents\/wp-content\/uploads\/sites\/53\/2025\/10\/RCPE_Primaire_2024-2025-1.pdf\">RCP\u00c9 2024-2025 <\/a><a href=\"https:\/\/cssdn.gouv.qc.ca\/quatrevents\/wp-content\/uploads\/sites\/53\/2025\/10\/RCPE_Primaire_2024-2025-1.pdf\" class=\"wp-block-file__button wp-element-button\" download aria-describedby=\"wp-block-file--media-b3f556dc-bd35-4423-a1cf-e80765a5ce6d\">Download<\/a><\/div>\n\n\n\n<h1 class=\"wp-block-heading\">Plan de lutte contre la violence et l\u2019intimidation \u00e0 l\u2019\u00e9cole<\/h1>\n\n\n\n<div class=\"wp-block-file\"><a id=\"wp-block-file--media-04ccb677-8164-49df-9920-4bd547290bd0\" href=\"https:\/\/cssdn.gouv.qc.ca\/quatrevents\/wp-content\/uploads\/sites\/53\/2025\/09\/Nouveau-plan-de-lutte-2025_QVents-.pdf\">Nouveau plan de lutte 2025<\/a><a href=\"https:\/\/cssdn.gouv.qc.ca\/quatrevents\/wp-content\/uploads\/sites\/53\/2025\/09\/Nouveau-plan-de-lutte-2025_QVents-.pdf\" class=\"wp-block-file__button wp-element-button\" download aria-describedby=\"wp-block-file--media-04ccb677-8164-49df-9920-4bd547290bd0\">Download<\/a><\/div>\n\n\n\n<h2 class=\"wp-block-heading\">Code de vie<\/h2>\n\n\n\n<h2 class=\"wp-block-heading\">Document explicatif aux parents et aux \u00e9l\u00e8ves<\/h2>\n\n\n\n<p class=\"wp-block-paragraph\"><a href=\"https:\/\/drive.google.com\/file\/d\/1jz-UPb9_AvWL_aspDVeMjwP5mj1ehYna\/view?usp=sharing\"><strong>Plan d&rsquo;action 2025-2026<\/strong><\/a><\/p>\n\n\n\n<p class=\"wp-block-paragraph\"><\/p>\n","protected":false},"excerpt":{"rendered":"<p>Projet \u00e9ducatif Rapport annuel de gestion du conseil d\u2019\u00e9tablissement Reddition de comptes du projet \u00e9ducatif Plan de lutte contre la violence et l\u2019intimidation \u00e0 l\u2019\u00e9cole Code de vie Document explicatif aux parents et aux \u00e9l\u00e8ves Plan d&rsquo;action 2025-2026<\/p>\n","protected":false},"author":234,"featured_media":0,"parent":722,"menu_order":0,"comment_status":"closed","ping_status":"closed","template":"","meta":{"_acf_changed":false,"_crdt_document":"","inline_featured_image":false,"footnotes":""},"categories":[],"tags":[],"class_list":["post-624","page","type-page","status-publish","hentry"],"acf":[],"yoast_head":"<!-- This site is optimized with the Yoast SEO plugin v27.5 - https:\/\/yoast.com\/product\/yoast-seo-wordpress\/ -->\n<title>Documentation officielle - \u00c9cole des Quatre-Vents<\/title>\n<meta name=\"robots\" content=\"index, follow, max-snippet:-1, max-image-preview:large, max-video-preview:-1\" \/>\n<link rel=\"canonical\" href=\"https:\/\/cssdn.gouv.qc.ca\/quatrevents\/a-propos-2\/624-2\/\" \/>\n<meta property=\"og:locale\" content=\"fr_CA\" \/>\n<meta property=\"og:type\" content=\"article\" \/>\n<meta property=\"og:title\" content=\"Documentation officielle - \u00c9cole des Quatre-Vents\" \/>\n<meta property=\"og:description\" content=\"Projet \u00e9ducatif Rapport annuel de gestion du conseil d\u2019\u00e9tablissement Reddition de comptes du projet \u00e9ducatif Plan de lutte contre la violence et l\u2019intimidation \u00e0 l\u2019\u00e9cole Code de vie Document explicatif aux parents et aux \u00e9l\u00e8ves Plan d&rsquo;action 2025-2026\" \/>\n<meta property=\"og:url\" content=\"https:\/\/cssdn.gouv.qc.ca\/quatrevents\/a-propos-2\/624-2\/\" \/>\n<meta property=\"og:site_name\" content=\"\u00c9cole des Quatre-Vents\" \/>\n<meta property=\"article:publisher\" content=\"https:\/\/www.facebook.com\/ecoledesquatrevents\" \/>\n<meta property=\"article:modified_time\" content=\"2026-03-24T15:23:41+00:00\" \/>\n<meta name=\"twitter:card\" content=\"summary_large_image\" \/>\n<meta name=\"twitter:label1\" content=\"Estimation du temps de lecture\" \/>\n\t<meta name=\"twitter:data1\" content=\"1 minute\" \/>\n<script type=\"application\/ld+json\" class=\"yoast-schema-graph\">{\"@context\":\"https:\\\/\\\/schema.org\",\"@graph\":[{\"@type\":\"WebPage\",\"@id\":\"https:\\\/\\\/cssdn.gouv.qc.ca\\\/quatrevents\\\/a-propos-2\\\/624-2\\\/\",\"url\":\"https:\\\/\\\/cssdn.gouv.qc.ca\\\/quatrevents\\\/a-propos-2\\\/624-2\\\/\",\"name\":\"Documentation officielle - \u00c9cole des Quatre-Vents\",\"isPartOf\":{\"@id\":\"https:\\\/\\\/cssdn.gouv.qc.ca\\\/quatrevents\\\/#website\"},\"primaryImageOfPage\":{\"@id\":\"https:\\\/\\\/cssdn.gouv.qc.ca\\\/quatrevents\\\/a-propos-2\\\/624-2\\\/#primaryimage\"},\"image\":{\"@id\":\"https:\\\/\\\/cssdn.gouv.qc.ca\\\/quatrevents\\\/a-propos-2\\\/624-2\\\/#primaryimage\"},\"thumbnailUrl\":\"https:\\\/\\\/stage.cssdn.gouv.qc.ca\\\/wp-content\\\/uploads\\\/2022\\\/08\\\/Seawire-Hero-06.jpg\",\"datePublished\":\"2024-12-17T14:51:38+00:00\",\"dateModified\":\"2026-03-24T15:23:41+00:00\",\"breadcrumb\":{\"@id\":\"https:\\\/\\\/cssdn.gouv.qc.ca\\\/quatrevents\\\/a-propos-2\\\/624-2\\\/#breadcrumb\"},\"inLanguage\":\"fr-CA\",\"potentialAction\":[{\"@type\":\"ReadAction\",\"target\":[\"https:\\\/\\\/cssdn.gouv.qc.ca\\\/quatrevents\\\/a-propos-2\\\/624-2\\\/\"]}]},{\"@type\":\"ImageObject\",\"inLanguage\":\"fr-CA\",\"@id\":\"https:\\\/\\\/cssdn.gouv.qc.ca\\\/quatrevents\\\/a-propos-2\\\/624-2\\\/#primaryimage\",\"url\":\"https:\\\/\\\/stage.cssdn.gouv.qc.ca\\\/wp-content\\\/uploads\\\/2022\\\/08\\\/Seawire-Hero-06.jpg\",\"contentUrl\":\"https:\\\/\\\/stage.cssdn.gouv.qc.ca\\\/wp-content\\\/uploads\\\/2022\\\/08\\\/Seawire-Hero-06.jpg\"},{\"@type\":\"BreadcrumbList\",\"@id\":\"https:\\\/\\\/cssdn.gouv.qc.ca\\\/quatrevents\\\/a-propos-2\\\/624-2\\\/#breadcrumb\",\"itemListElement\":[{\"@type\":\"ListItem\",\"position\":1,\"name\":\"Accueil\",\"item\":\"https:\\\/\\\/cssdn.gouv.qc.ca\\\/quatrevents\\\/\"},{\"@type\":\"ListItem\",\"position\":2,\"name\":\"\u00c0 propos\",\"item\":\"https:\\\/\\\/cssdn.gouv.qc.ca\\\/quatrevents\\\/a-propos-2\\\/\"},{\"@type\":\"ListItem\",\"position\":3,\"name\":\"Documentation officielle\"}]},{\"@type\":\"WebSite\",\"@id\":\"https:\\\/\\\/cssdn.gouv.qc.ca\\\/quatrevents\\\/#website\",\"url\":\"https:\\\/\\\/cssdn.gouv.qc.ca\\\/quatrevents\\\/\",\"name\":\"\u00c9cole des Quatre-Vents\",\"description\":\"Un site des centres de services scolaires des Navigateurs\",\"publisher\":{\"@id\":\"https:\\\/\\\/cssdn.gouv.qc.ca\\\/quatrevents\\\/#organization\"},\"potentialAction\":[{\"@type\":\"SearchAction\",\"target\":{\"@type\":\"EntryPoint\",\"urlTemplate\":\"https:\\\/\\\/cssdn.gouv.qc.ca\\\/quatrevents\\\/?s={search_term_string}\"},\"query-input\":{\"@type\":\"PropertyValueSpecification\",\"valueRequired\":true,\"valueName\":\"search_term_string\"}}],\"inLanguage\":\"fr-CA\"},{\"@type\":\"Organization\",\"@id\":\"https:\\\/\\\/cssdn.gouv.qc.ca\\\/quatrevents\\\/#organization\",\"name\":\"\u00c9cole des Quatre-Vents\",\"url\":\"https:\\\/\\\/cssdn.gouv.qc.ca\\\/quatrevents\\\/\",\"logo\":{\"@type\":\"ImageObject\",\"inLanguage\":\"fr-CA\",\"@id\":\"https:\\\/\\\/cssdn.gouv.qc.ca\\\/quatrevents\\\/#\\\/schema\\\/logo\\\/image\\\/\",\"url\":\"https:\\\/\\\/cssdn.gouv.qc.ca\\\/quatrevents\\\/wp-content\\\/uploads\\\/sites\\\/53\\\/2023\\\/01\\\/logo_quebec.svg\",\"contentUrl\":\"https:\\\/\\\/cssdn.gouv.qc.ca\\\/quatrevents\\\/wp-content\\\/uploads\\\/sites\\\/53\\\/2023\\\/01\\\/logo_quebec.svg\",\"width\":188,\"height\":41,\"caption\":\"\u00c9cole des Quatre-Vents\"},\"image\":{\"@id\":\"https:\\\/\\\/cssdn.gouv.qc.ca\\\/quatrevents\\\/#\\\/schema\\\/logo\\\/image\\\/\"},\"sameAs\":[\"https:\\\/\\\/www.facebook.com\\\/ecoledesquatrevents\"]}]}<\/script>\n<!-- \/ Yoast SEO plugin. -->","yoast_head_json":{"title":"Documentation officielle - \u00c9cole des Quatre-Vents","robots":{"index":"index","follow":"follow","max-snippet":"max-snippet:-1","max-image-preview":"max-image-preview:large","max-video-preview":"max-video-preview:-1"},"canonical":"https:\/\/cssdn.gouv.qc.ca\/quatrevents\/a-propos-2\/624-2\/","og_locale":"fr_CA","og_type":"article","og_title":"Documentation officielle - \u00c9cole des Quatre-Vents","og_description":"Projet \u00e9ducatif Rapport annuel de gestion du conseil d\u2019\u00e9tablissement Reddition de comptes du projet \u00e9ducatif Plan de lutte contre la violence et l\u2019intimidation \u00e0 l\u2019\u00e9cole Code de vie Document explicatif aux parents et aux \u00e9l\u00e8ves Plan d&rsquo;action 2025-2026","og_url":"https:\/\/cssdn.gouv.qc.ca\/quatrevents\/a-propos-2\/624-2\/","og_site_name":"\u00c9cole des Quatre-Vents","article_publisher":"https:\/\/www.facebook.com\/ecoledesquatrevents","article_modified_time":"2026-03-24T15:23:41+00:00","twitter_card":"summary_large_image","twitter_misc":{"Estimation du temps de lecture":"1 minute"},"schema":{"@context":"https:\/\/schema.org","@graph":[{"@type":"WebPage","@id":"https:\/\/cssdn.gouv.qc.ca\/quatrevents\/a-propos-2\/624-2\/","url":"https:\/\/cssdn.gouv.qc.ca\/quatrevents\/a-propos-2\/624-2\/","name":"Documentation officielle - \u00c9cole des Quatre-Vents","isPartOf":{"@id":"https:\/\/cssdn.gouv.qc.ca\/quatrevents\/#website"},"primaryImageOfPage":{"@id":"https:\/\/cssdn.gouv.qc.ca\/quatrevents\/a-propos-2\/624-2\/#primaryimage"},"image":{"@id":"https:\/\/cssdn.gouv.qc.ca\/quatrevents\/a-propos-2\/624-2\/#primaryimage"},"thumbnailUrl":"https:\/\/stage.cssdn.gouv.qc.ca\/wp-content\/uploads\/2022\/08\/Seawire-Hero-06.jpg","datePublished":"2024-12-17T14:51:38+00:00","dateModified":"2026-03-24T15:23:41+00:00","breadcrumb":{"@id":"https:\/\/cssdn.gouv.qc.ca\/quatrevents\/a-propos-2\/624-2\/#breadcrumb"},"inLanguage":"fr-CA","potentialAction":[{"@type":"ReadAction","target":["https:\/\/cssdn.gouv.qc.ca\/quatrevents\/a-propos-2\/624-2\/"]}]},{"@type":"ImageObject","inLanguage":"fr-CA","@id":"https:\/\/cssdn.gouv.qc.ca\/quatrevents\/a-propos-2\/624-2\/#primaryimage","url":"https:\/\/stage.cssdn.gouv.qc.ca\/wp-content\/uploads\/2022\/08\/Seawire-Hero-06.jpg","contentUrl":"https:\/\/stage.cssdn.gouv.qc.ca\/wp-content\/uploads\/2022\/08\/Seawire-Hero-06.jpg"},{"@type":"BreadcrumbList","@id":"https:\/\/cssdn.gouv.qc.ca\/quatrevents\/a-propos-2\/624-2\/#breadcrumb","itemListElement":[{"@type":"ListItem","position":1,"name":"Accueil","item":"https:\/\/cssdn.gouv.qc.ca\/quatrevents\/"},{"@type":"ListItem","position":2,"name":"\u00c0 propos","item":"https:\/\/cssdn.gouv.qc.ca\/quatrevents\/a-propos-2\/"},{"@type":"ListItem","position":3,"name":"Documentation officielle"}]},{"@type":"WebSite","@id":"https:\/\/cssdn.gouv.qc.ca\/quatrevents\/#website","url":"https:\/\/cssdn.gouv.qc.ca\/quatrevents\/","name":"\u00c9cole des Quatre-Vents","description":"Un site des centres de services scolaires des Navigateurs","publisher":{"@id":"https:\/\/cssdn.gouv.qc.ca\/quatrevents\/#organization"},"potentialAction":[{"@type":"SearchAction","target":{"@type":"EntryPoint","urlTemplate":"https:\/\/cssdn.gouv.qc.ca\/quatrevents\/?s={search_term_string}"},"query-input":{"@type":"PropertyValueSpecification","valueRequired":true,"valueName":"search_term_string"}}],"inLanguage":"fr-CA"},{"@type":"Organization","@id":"https:\/\/cssdn.gouv.qc.ca\/quatrevents\/#organization","name":"\u00c9cole des Quatre-Vents","url":"https:\/\/cssdn.gouv.qc.ca\/quatrevents\/","logo":{"@type":"ImageObject","inLanguage":"fr-CA","@id":"https:\/\/cssdn.gouv.qc.ca\/quatrevents\/#\/schema\/logo\/image\/","url":"https:\/\/cssdn.gouv.qc.ca\/quatrevents\/wp-content\/uploads\/sites\/53\/2023\/01\/logo_quebec.svg","contentUrl":"https:\/\/cssdn.gouv.qc.ca\/quatrevents\/wp-content\/uploads\/sites\/53\/2023\/01\/logo_quebec.svg","width":188,"height":41,"caption":"\u00c9cole des Quatre-Vents"},"image":{"@id":"https:\/\/cssdn.gouv.qc.ca\/quatrevents\/#\/schema\/logo\/image\/"},"sameAs":["https:\/\/www.facebook.com\/ecoledesquatrevents"]}]}},"publishpress_future_action":{"enabled":false,"date":"2026-05-17 20:13:06","action":"change-status","newStatus":"draft","terms":[],"taxonomy":"category","extraData":[]},"publishpress_future_workflow_manual_trigger":{"enabledWorkflows":[]},"_links":{"self":[{"href":"https:\/\/cssdn.gouv.qc.ca\/quatrevents\/wp-json\/wp\/v2\/pages\/624","targetHints":{"allow":["GET"]}}],"collection":[{"href":"https:\/\/cssdn.gouv.qc.ca\/quatrevents\/wp-json\/wp\/v2\/pages"}],"about":[{"href":"https:\/\/cssdn.gouv.qc.ca\/quatrevents\/wp-json\/wp\/v2\/types\/page"}],"author":[{"embeddable":true,"href":"https:\/\/cssdn.gouv.qc.ca\/quatrevents\/wp-json\/wp\/v2\/users\/234"}],"replies":[{"embeddable":true,"href":"https:\/\/cssdn.gouv.qc.ca\/quatrevents\/wp-json\/wp\/v2\/comments?post=624"}],"version-history":[{"count":0,"href":"https:\/\/cssdn.gouv.qc.ca\/quatrevents\/wp-json\/wp\/v2\/pages\/624\/revisions"}],"up":[{"embeddable":true,"href":"https:\/\/cssdn.gouv.qc.ca\/quatrevents\/wp-json\/wp\/v2\/pages\/722"}],"wp:attachment":[{"href":"https:\/\/cssdn.gouv.qc.ca\/quatrevents\/wp-json\/wp\/v2\/media?parent=624"}],"wp:term":[{"taxonomy":"category","embeddable":true,"href":"https:\/\/cssdn.gouv.qc.ca\/quatrevents\/wp-json\/wp\/v2\/categories?post=624"},{"taxonomy":"post_tag","embeddable":true,"href":"https:\/\/cssdn.gouv.qc.ca\/quatrevents\/wp-json\/wp\/v2\/tags?post=624"}],"curies":[{"name":"wp","href":"https:\/\/api.w.org\/{rel}","templated":true}]}}