
{"id":639,"date":"2024-12-17T10:02:45","date_gmt":"2024-12-17T15:02:45","guid":{"rendered":"https:\/\/cssdn.gouv.qc.ca\/quatrevents\/?page_id=639"},"modified":"2025-09-25T14:39:46","modified_gmt":"2025-09-25T18:39:46","slug":"fournitures-scolaires-a-venir","status":"publish","type":"page","link":"https:\/\/cssdn.gouv.qc.ca\/quatrevents\/informations-aux-parents\/fournitures-scolaires-a-venir\/","title":{"rendered":"Fournitures scolaires"},"content":{"rendered":"\n<div class=\"wp-block-cover alignfull is-light is-style-title-banner\"><img decoding=\"async\" class=\"wp-block-cover__image-background wp-image-111 lazyload\" alt=\"\" data-src=\"https:\/\/stage.cssdn.gouv.qc.ca\/wp-content\/uploads\/2022\/08\/Seawire-Hero-06.jpg\" data-object-fit=\"cover\" src=\"data:image\/svg+xml;base64,PHN2ZyB3aWR0aD0iMSIgaGVpZ2h0PSIxIiB4bWxucz0iaHR0cDovL3d3dy53My5vcmcvMjAwMC9zdmciPjwvc3ZnPg==\" \/><span aria-hidden=\"true\" class=\"wp-block-cover__background has-background-dim\"><\/span><div class=\"wp-block-cover__inner-container\"><h3 class=\"wp-block-post-title\">Fournitures scolaires<\/h3><\/div><\/div>\n\n\n\n<div class=\"wp-block-group alignfull has-padding-y-large has-secondary-background-color has-background\"><div class=\"yoast-breadcrumbs alignwide \"><span class=\"breadcrumbs\"><a href=\"https:\/\/cssdn.gouv.qc.ca\/quatrevents\/\" class=\"breadcrumbs__element\">Accueil<\/a> <span class=\"breadcrumbs__separator\">\n        <svg class=\"icon icon-breadcrumb__separator\"><use xlink:href=\"#icon-breadcrumb__separator\"><\/use><\/svg>\n    <\/span> <a href=\"https:\/\/cssdn.gouv.qc.ca\/quatrevents\/informations-aux-parents\/\" class=\"breadcrumbs__element\">Informations aux parents<\/a> <span class=\"breadcrumbs__separator\">\n        <svg class=\"icon icon-breadcrumb__separator\"><use xlink:href=\"#icon-breadcrumb__separator\"><\/use><\/svg>\n    <\/span> <span class=\"breadcrumbs__element breadcrumbs__element-current\">Fournitures scolaires<\/span><\/span><\/div><\/div>\n\n\n\n<h1 class=\"wp-block-heading\">Fournitures scolaires 2025-2026<\/h1>\n\n\n\n\n<p class=\"act-lead wp-block-paragraph\"><br><br><strong>VISITEZ: <\/strong><a href=\"https:\/\/maboutiquescolaire.ca\/ \"><strong>https:\/\/maboutiquescolaire.ca\/<\/strong> <\/a><br><br>Liste du mat\u00e9riel scolaire:<br><strong>Pr\u00e9scolaire : <\/strong><a href=\"https:\/\/sites.google.com\/cssdn.gouv.qc.ca\/accueilfutursprescolaires\/accueil\">https:\/\/sites.google.com\/cssdn.gouv.qc.ca\/accueilfutursprescolaires\/accueil<\/a><br><strong>1er ann\u00e9e:<\/strong> <a href=\"https:\/\/drive.google.com\/file\/d\/13IeeyoGDCtgnolgK6GgPGxBRpcceNPJA\/view?usp=sharing\">Liste des fournitures scolaires<\/a><br><strong>2e ann\u00e9e:<\/strong> <a href=\"https:\/\/drive.google.com\/file\/d\/17BaMxN9iBOtTPxE-DjEc63MjL6CHznLM\/view?usp=sharing\">Liste des fournitures scolaires<\/a><br><strong>3e ann\u00e9e :<\/strong> <a href=\"https:\/\/drive.google.com\/file\/d\/1HmLk-jnGKacJFjqB8JZXK-IqsInmEqoD\/view?usp=sharing\">Liste des fournitures scolaires<\/a><br><strong>3e ann\u00e9e (classe multiniveau) :<\/strong> L<a href=\"https:\/\/drive.google.com\/file\/d\/16PRvjUeu6XbFPWEjfxY92Y_fffKTydxh\/view?usp=sharing\">iste des fournitures scolaires<\/a><br><strong>4e ann\u00e9e :<\/strong> <a href=\"https:\/\/drive.google.com\/file\/d\/1XKzi1QcolViTfIknFQ5wkTrPHtDEMwqj\/view?usp=sharing\">Liste des fournitures scolaires<\/a><br><strong>5e ann\u00e9e : <\/strong><a href=\"https:\/\/drive.google.com\/file\/d\/1PDzzTku1KdxpD_hzN06xMOCie8BOSkjJ\/view?usp=sharing\">Liste des fournitures scolaires<\/a><strong><br>6e ann\u00e9e :<\/strong> <a href=\"https:\/\/drive.google.com\/file\/d\/1y9qszWLZpHfiue35nYBE5e20VHzj-Q4H\/view?usp=sharing\">Liste des fournitures scolaires<\/a><br><br>Instructions pour les parents &#8211; Ma boutique scolaire<\/p>\n\n\n\n\n<div data-wp-interactive=\"core\/file\" class=\"wp-block-file\"><object data-wp-bind--hidden=\"!state.hasPdfPreview\" hidden class=\"wp-block-file__embed\" data=\"https:\/\/cssdn.gouv.qc.ca\/quatrevents\/wp-content\/uploads\/sites\/53\/2025\/04\/Instructions-pour-les-parents-2025-2026-Ecole-des-Quatre-Vents.pdf\" type=\"application\/pdf\" style=\"width:100%;height:600px\" aria-label=\"Contenu incorpor\u00e9 Instructions pour les parents 2025-2026 \u00c9cole des Quatre-Vents.\"><\/object><a id=\"wp-block-file--media-5aee6010-ee9f-47a9-b889-b4b7deb2ab53\" href=\"https:\/\/cssdn.gouv.qc.ca\/quatrevents\/wp-content\/uploads\/sites\/53\/2025\/04\/Instructions-pour-les-parents-2025-2026-Ecole-des-Quatre-Vents.pdf\">Instructions pour les parents 2025-2026 \u00c9cole des Quatre-Vents<\/a><a href=\"https:\/\/cssdn.gouv.qc.ca\/quatrevents\/wp-content\/uploads\/sites\/53\/2025\/04\/Instructions-pour-les-parents-2025-2026-Ecole-des-Quatre-Vents.pdf\" class=\"wp-block-file__button wp-element-button\" download aria-describedby=\"wp-block-file--media-5aee6010-ee9f-47a9-b889-b4b7deb2ab53\">T\u00e9l\u00e9charger<\/a><\/div>\n\n\n\n<div data-wp-interactive=\"core\/file\" class=\"wp-block-file\"><object data-wp-bind--hidden=\"!state.hasPdfPreview\" hidden class=\"wp-block-file__embed\" data=\"https:\/\/cssdn.gouv.qc.ca\/quatrevents\/wp-content\/uploads\/sites\/53\/2025\/04\/Horaire-Ma-Boutique-Scolaire-ete-2025.pdf\" type=\"application\/pdf\" style=\"width:100%;height:600px\" aria-label=\"Contenu incorpor\u00e9 Horaire Ma Boutique Scolaire \u00e9t\u00e9 2025.\"><\/object><a id=\"wp-block-file--media-6e765f03-7d63-436b-8dfa-a600104c24e0\" href=\"https:\/\/cssdn.gouv.qc.ca\/quatrevents\/wp-content\/uploads\/sites\/53\/2025\/04\/Horaire-Ma-Boutique-Scolaire-ete-2025.pdf\">Horaire Ma Boutique Scolaire \u00e9t\u00e9 2025<\/a><a href=\"https:\/\/cssdn.gouv.qc.ca\/quatrevents\/wp-content\/uploads\/sites\/53\/2025\/04\/Horaire-Ma-Boutique-Scolaire-ete-2025.pdf\" class=\"wp-block-file__button wp-element-button\" download aria-describedby=\"wp-block-file--media-6e765f03-7d63-436b-8dfa-a600104c24e0\">T\u00e9l\u00e9charger<\/a><\/div>\n\n\n\n<p class=\"wp-block-paragraph\"><\/p>\n","protected":false},"excerpt":{"rendered":"<p>Fournitures scolaires 2025-2026<\/p>\n","protected":false},"author":234,"featured_media":0,"parent":13,"menu_order":0,"comment_status":"closed","ping_status":"closed","template":"","meta":{"_acf_changed":false,"_crdt_document":"","inline_featured_image":false,"footnotes":""},"categories":[],"tags":[],"class_list":["post-639","page","type-page","status-publish","hentry"],"acf":[],"yoast_head":"<!-- This site is optimized with the Yoast SEO plugin v27.4 - https:\/\/yoast.com\/product\/yoast-seo-wordpress\/ -->\n<title>Fournitures scolaires - \u00c9cole des Quatre-Vents<\/title>\n<meta name=\"robots\" content=\"index, follow, max-snippet:-1, max-image-preview:large, max-video-preview:-1\" \/>\n<link rel=\"canonical\" href=\"https:\/\/cssdn.gouv.qc.ca\/quatrevents\/informations-aux-parents\/fournitures-scolaires-a-venir\/\" \/>\n<meta property=\"og:locale\" content=\"fr_CA\" \/>\n<meta property=\"og:type\" content=\"article\" \/>\n<meta property=\"og:title\" content=\"Fournitures scolaires - \u00c9cole des Quatre-Vents\" \/>\n<meta property=\"og:description\" content=\"Fournitures scolaires 2025-2026\" \/>\n<meta property=\"og:url\" content=\"https:\/\/cssdn.gouv.qc.ca\/quatrevents\/informations-aux-parents\/fournitures-scolaires-a-venir\/\" \/>\n<meta property=\"og:site_name\" content=\"\u00c9cole des Quatre-Vents\" \/>\n<meta property=\"article:publisher\" content=\"https:\/\/www.facebook.com\/ecoledesquatrevents\" \/>\n<meta property=\"article:modified_time\" content=\"2025-09-25T18:39:46+00:00\" \/>\n<meta name=\"twitter:card\" content=\"summary_large_image\" \/>\n<meta name=\"twitter:label1\" content=\"Estimation du temps de lecture\" \/>\n\t<meta name=\"twitter:data1\" content=\"1 minute\" \/>\n<script type=\"application\/ld+json\" class=\"yoast-schema-graph\">{\"@context\":\"https:\\\/\\\/schema.org\",\"@graph\":[{\"@type\":\"WebPage\",\"@id\":\"https:\\\/\\\/cssdn.gouv.qc.ca\\\/quatrevents\\\/informations-aux-parents\\\/fournitures-scolaires-a-venir\\\/\",\"url\":\"https:\\\/\\\/cssdn.gouv.qc.ca\\\/quatrevents\\\/informations-aux-parents\\\/fournitures-scolaires-a-venir\\\/\",\"name\":\"Fournitures scolaires - \u00c9cole des Quatre-Vents\",\"isPartOf\":{\"@id\":\"https:\\\/\\\/cssdn.gouv.qc.ca\\\/quatrevents\\\/#website\"},\"primaryImageOfPage\":{\"@id\":\"https:\\\/\\\/cssdn.gouv.qc.ca\\\/quatrevents\\\/informations-aux-parents\\\/fournitures-scolaires-a-venir\\\/#primaryimage\"},\"image\":{\"@id\":\"https:\\\/\\\/cssdn.gouv.qc.ca\\\/quatrevents\\\/informations-aux-parents\\\/fournitures-scolaires-a-venir\\\/#primaryimage\"},\"thumbnailUrl\":\"https:\\\/\\\/stage.cssdn.gouv.qc.ca\\\/wp-content\\\/uploads\\\/2022\\\/08\\\/Seawire-Hero-06.jpg\",\"datePublished\":\"2024-12-17T15:02:45+00:00\",\"dateModified\":\"2025-09-25T18:39:46+00:00\",\"breadcrumb\":{\"@id\":\"https:\\\/\\\/cssdn.gouv.qc.ca\\\/quatrevents\\\/informations-aux-parents\\\/fournitures-scolaires-a-venir\\\/#breadcrumb\"},\"inLanguage\":\"fr-CA\",\"potentialAction\":[{\"@type\":\"ReadAction\",\"target\":[\"https:\\\/\\\/cssdn.gouv.qc.ca\\\/quatrevents\\\/informations-aux-parents\\\/fournitures-scolaires-a-venir\\\/\"]}]},{\"@type\":\"ImageObject\",\"inLanguage\":\"fr-CA\",\"@id\":\"https:\\\/\\\/cssdn.gouv.qc.ca\\\/quatrevents\\\/informations-aux-parents\\\/fournitures-scolaires-a-venir\\\/#primaryimage\",\"url\":\"https:\\\/\\\/stage.cssdn.gouv.qc.ca\\\/wp-content\\\/uploads\\\/2022\\\/08\\\/Seawire-Hero-06.jpg\",\"contentUrl\":\"https:\\\/\\\/stage.cssdn.gouv.qc.ca\\\/wp-content\\\/uploads\\\/2022\\\/08\\\/Seawire-Hero-06.jpg\"},{\"@type\":\"BreadcrumbList\",\"@id\":\"https:\\\/\\\/cssdn.gouv.qc.ca\\\/quatrevents\\\/informations-aux-parents\\\/fournitures-scolaires-a-venir\\\/#breadcrumb\",\"itemListElement\":[{\"@type\":\"ListItem\",\"position\":1,\"name\":\"Accueil\",\"item\":\"https:\\\/\\\/cssdn.gouv.qc.ca\\\/quatrevents\\\/\"},{\"@type\":\"ListItem\",\"position\":2,\"name\":\"Informations aux parents\",\"item\":\"https:\\\/\\\/cssdn.gouv.qc.ca\\\/quatrevents\\\/informations-aux-parents\\\/\"},{\"@type\":\"ListItem\",\"position\":3,\"name\":\"Fournitures scolaires\"}]},{\"@type\":\"WebSite\",\"@id\":\"https:\\\/\\\/cssdn.gouv.qc.ca\\\/quatrevents\\\/#website\",\"url\":\"https:\\\/\\\/cssdn.gouv.qc.ca\\\/quatrevents\\\/\",\"name\":\"\u00c9cole des Quatre-Vents\",\"description\":\"Un site des centres de services scolaires des Navigateurs\",\"publisher\":{\"@id\":\"https:\\\/\\\/cssdn.gouv.qc.ca\\\/quatrevents\\\/#organization\"},\"potentialAction\":[{\"@type\":\"SearchAction\",\"target\":{\"@type\":\"EntryPoint\",\"urlTemplate\":\"https:\\\/\\\/cssdn.gouv.qc.ca\\\/quatrevents\\\/?s={search_term_string}\"},\"query-input\":{\"@type\":\"PropertyValueSpecification\",\"valueRequired\":true,\"valueName\":\"search_term_string\"}}],\"inLanguage\":\"fr-CA\"},{\"@type\":\"Organization\",\"@id\":\"https:\\\/\\\/cssdn.gouv.qc.ca\\\/quatrevents\\\/#organization\",\"name\":\"\u00c9cole des Quatre-Vents\",\"url\":\"https:\\\/\\\/cssdn.gouv.qc.ca\\\/quatrevents\\\/\",\"logo\":{\"@type\":\"ImageObject\",\"inLanguage\":\"fr-CA\",\"@id\":\"https:\\\/\\\/cssdn.gouv.qc.ca\\\/quatrevents\\\/#\\\/schema\\\/logo\\\/image\\\/\",\"url\":\"https:\\\/\\\/cssdn.gouv.qc.ca\\\/quatrevents\\\/wp-content\\\/uploads\\\/sites\\\/53\\\/2023\\\/01\\\/logo_quebec.svg\",\"contentUrl\":\"https:\\\/\\\/cssdn.gouv.qc.ca\\\/quatrevents\\\/wp-content\\\/uploads\\\/sites\\\/53\\\/2023\\\/01\\\/logo_quebec.svg\",\"width\":188,\"height\":41,\"caption\":\"\u00c9cole des Quatre-Vents\"},\"image\":{\"@id\":\"https:\\\/\\\/cssdn.gouv.qc.ca\\\/quatrevents\\\/#\\\/schema\\\/logo\\\/image\\\/\"},\"sameAs\":[\"https:\\\/\\\/www.facebook.com\\\/ecoledesquatrevents\"]}]}<\/script>\n<!-- \/ Yoast SEO plugin. -->","yoast_head_json":{"title":"Fournitures scolaires - \u00c9cole des Quatre-Vents","robots":{"index":"index","follow":"follow","max-snippet":"max-snippet:-1","max-image-preview":"max-image-preview:large","max-video-preview":"max-video-preview:-1"},"canonical":"https:\/\/cssdn.gouv.qc.ca\/quatrevents\/informations-aux-parents\/fournitures-scolaires-a-venir\/","og_locale":"fr_CA","og_type":"article","og_title":"Fournitures scolaires - \u00c9cole des Quatre-Vents","og_description":"Fournitures scolaires 2025-2026","og_url":"https:\/\/cssdn.gouv.qc.ca\/quatrevents\/informations-aux-parents\/fournitures-scolaires-a-venir\/","og_site_name":"\u00c9cole des Quatre-Vents","article_publisher":"https:\/\/www.facebook.com\/ecoledesquatrevents","article_modified_time":"2025-09-25T18:39:46+00:00","twitter_card":"summary_large_image","twitter_misc":{"Estimation du temps de lecture":"1 minute"},"schema":{"@context":"https:\/\/schema.org","@graph":[{"@type":"WebPage","@id":"https:\/\/cssdn.gouv.qc.ca\/quatrevents\/informations-aux-parents\/fournitures-scolaires-a-venir\/","url":"https:\/\/cssdn.gouv.qc.ca\/quatrevents\/informations-aux-parents\/fournitures-scolaires-a-venir\/","name":"Fournitures scolaires - \u00c9cole des Quatre-Vents","isPartOf":{"@id":"https:\/\/cssdn.gouv.qc.ca\/quatrevents\/#website"},"primaryImageOfPage":{"@id":"https:\/\/cssdn.gouv.qc.ca\/quatrevents\/informations-aux-parents\/fournitures-scolaires-a-venir\/#primaryimage"},"image":{"@id":"https:\/\/cssdn.gouv.qc.ca\/quatrevents\/informations-aux-parents\/fournitures-scolaires-a-venir\/#primaryimage"},"thumbnailUrl":"https:\/\/stage.cssdn.gouv.qc.ca\/wp-content\/uploads\/2022\/08\/Seawire-Hero-06.jpg","datePublished":"2024-12-17T15:02:45+00:00","dateModified":"2025-09-25T18:39:46+00:00","breadcrumb":{"@id":"https:\/\/cssdn.gouv.qc.ca\/quatrevents\/informations-aux-parents\/fournitures-scolaires-a-venir\/#breadcrumb"},"inLanguage":"fr-CA","potentialAction":[{"@type":"ReadAction","target":["https:\/\/cssdn.gouv.qc.ca\/quatrevents\/informations-aux-parents\/fournitures-scolaires-a-venir\/"]}]},{"@type":"ImageObject","inLanguage":"fr-CA","@id":"https:\/\/cssdn.gouv.qc.ca\/quatrevents\/informations-aux-parents\/fournitures-scolaires-a-venir\/#primaryimage","url":"https:\/\/stage.cssdn.gouv.qc.ca\/wp-content\/uploads\/2022\/08\/Seawire-Hero-06.jpg","contentUrl":"https:\/\/stage.cssdn.gouv.qc.ca\/wp-content\/uploads\/2022\/08\/Seawire-Hero-06.jpg"},{"@type":"BreadcrumbList","@id":"https:\/\/cssdn.gouv.qc.ca\/quatrevents\/informations-aux-parents\/fournitures-scolaires-a-venir\/#breadcrumb","itemListElement":[{"@type":"ListItem","position":1,"name":"Accueil","item":"https:\/\/cssdn.gouv.qc.ca\/quatrevents\/"},{"@type":"ListItem","position":2,"name":"Informations aux parents","item":"https:\/\/cssdn.gouv.qc.ca\/quatrevents\/informations-aux-parents\/"},{"@type":"ListItem","position":3,"name":"Fournitures scolaires"}]},{"@type":"WebSite","@id":"https:\/\/cssdn.gouv.qc.ca\/quatrevents\/#website","url":"https:\/\/cssdn.gouv.qc.ca\/quatrevents\/","name":"\u00c9cole des Quatre-Vents","description":"Un site des centres de services scolaires des Navigateurs","publisher":{"@id":"https:\/\/cssdn.gouv.qc.ca\/quatrevents\/#organization"},"potentialAction":[{"@type":"SearchAction","target":{"@type":"EntryPoint","urlTemplate":"https:\/\/cssdn.gouv.qc.ca\/quatrevents\/?s={search_term_string}"},"query-input":{"@type":"PropertyValueSpecification","valueRequired":true,"valueName":"search_term_string"}}],"inLanguage":"fr-CA"},{"@type":"Organization","@id":"https:\/\/cssdn.gouv.qc.ca\/quatrevents\/#organization","name":"\u00c9cole des Quatre-Vents","url":"https:\/\/cssdn.gouv.qc.ca\/quatrevents\/","logo":{"@type":"ImageObject","inLanguage":"fr-CA","@id":"https:\/\/cssdn.gouv.qc.ca\/quatrevents\/#\/schema\/logo\/image\/","url":"https:\/\/cssdn.gouv.qc.ca\/quatrevents\/wp-content\/uploads\/sites\/53\/2023\/01\/logo_quebec.svg","contentUrl":"https:\/\/cssdn.gouv.qc.ca\/quatrevents\/wp-content\/uploads\/sites\/53\/2023\/01\/logo_quebec.svg","width":188,"height":41,"caption":"\u00c9cole des Quatre-Vents"},"image":{"@id":"https:\/\/cssdn.gouv.qc.ca\/quatrevents\/#\/schema\/logo\/image\/"},"sameAs":["https:\/\/www.facebook.com\/ecoledesquatrevents"]}]}},"publishpress_future_action":{"enabled":false,"date":"2026-04-27 07:06:31","action":"change-status","newStatus":"draft","terms":[],"taxonomy":"category","extraData":[]},"publishpress_future_workflow_manual_trigger":{"enabledWorkflows":[]},"_links":{"self":[{"href":"https:\/\/cssdn.gouv.qc.ca\/quatrevents\/wp-json\/wp\/v2\/pages\/639","targetHints":{"allow":["GET"]}}],"collection":[{"href":"https:\/\/cssdn.gouv.qc.ca\/quatrevents\/wp-json\/wp\/v2\/pages"}],"about":[{"href":"https:\/\/cssdn.gouv.qc.ca\/quatrevents\/wp-json\/wp\/v2\/types\/page"}],"author":[{"embeddable":true,"href":"https:\/\/cssdn.gouv.qc.ca\/quatrevents\/wp-json\/wp\/v2\/users\/234"}],"replies":[{"embeddable":true,"href":"https:\/\/cssdn.gouv.qc.ca\/quatrevents\/wp-json\/wp\/v2\/comments?post=639"}],"version-history":[{"count":0,"href":"https:\/\/cssdn.gouv.qc.ca\/quatrevents\/wp-json\/wp\/v2\/pages\/639\/revisions"}],"up":[{"embeddable":true,"href":"https:\/\/cssdn.gouv.qc.ca\/quatrevents\/wp-json\/wp\/v2\/pages\/13"}],"wp:attachment":[{"href":"https:\/\/cssdn.gouv.qc.ca\/quatrevents\/wp-json\/wp\/v2\/media?parent=639"}],"wp:term":[{"taxonomy":"category","embeddable":true,"href":"https:\/\/cssdn.gouv.qc.ca\/quatrevents\/wp-json\/wp\/v2\/categories?post=639"},{"taxonomy":"post_tag","embeddable":true,"href":"https:\/\/cssdn.gouv.qc.ca\/quatrevents\/wp-json\/wp\/v2\/tags?post=639"}],"curies":[{"name":"wp","href":"https:\/\/api.w.org\/{rel}","templated":true}]}}