
{"id":725,"date":"2025-04-25T10:42:24","date_gmt":"2025-04-25T14:42:24","guid":{"rendered":"https:\/\/cssdn.gouv.qc.ca\/quatrevents\/?page_id=725"},"modified":"2025-05-06T13:37:36","modified_gmt":"2025-05-06T17:37:36","slug":"prescolaire","status":"publish","type":"page","link":"https:\/\/cssdn.gouv.qc.ca\/quatrevents\/informations-aux-parents\/prescolaire\/","title":{"rendered":"Pr\u00e9scolaire"},"content":{"rendered":"\n<div class=\"wp-block-cover alignfull is-light is-style-title-banner\"><span aria-hidden=\"true\" class=\"wp-block-cover__background has-background-dim\"><\/span><img decoding=\"async\" class=\"wp-block-cover__image-background wp-image-111 lazyload\" alt=\"\" data-src=\"https:\/\/stage.cssdn.gouv.qc.ca\/wp-content\/uploads\/2022\/08\/Seawire-Hero-06.jpg\" data-object-fit=\"cover\" src=\"data:image\/svg+xml;base64,PHN2ZyB3aWR0aD0iMSIgaGVpZ2h0PSIxIiB4bWxucz0iaHR0cDovL3d3dy53My5vcmcvMjAwMC9zdmciPjwvc3ZnPg==\" \/><div class=\"wp-block-cover__inner-container\"><h3 class=\"wp-block-post-title\">Pr\u00e9scolaire<\/h3><\/div><\/div>\n\n\n\n<div class=\"wp-block-group alignfull has-padding-y-large has-secondary-background-color has-background\"><div class=\"yoast-breadcrumbs alignwide \"><span class=\"breadcrumbs\"><a href=\"https:\/\/cssdn.gouv.qc.ca\/quatrevents\/\" class=\"breadcrumbs__element\">Accueil<\/a> <span class=\"breadcrumbs__separator\">\n        <svg class=\"icon icon-breadcrumb__separator\"><use xlink:href=\"#icon-breadcrumb__separator\"><\/use><\/svg>\n    <\/span> <a href=\"https:\/\/cssdn.gouv.qc.ca\/quatrevents\/informations-aux-parents\/\" class=\"breadcrumbs__element\">Informations aux parents<\/a> <span class=\"breadcrumbs__separator\">\n        <svg class=\"icon icon-breadcrumb__separator\"><use xlink:href=\"#icon-breadcrumb__separator\"><\/use><\/svg>\n    <\/span> <span class=\"breadcrumbs__element breadcrumbs__element-current\">Pr\u00e9scolaire<\/span><\/span><\/div><\/div>\n\n\n\n<h1 class=\"wp-block-heading\">Pr\u00e9scolaire<\/h1>\n\n\n\n\n<p class=\"act-lead wp-block-paragraph\">Bienvenue \u00e0 l&rsquo;\u00e9cole des Quatre-Vents. Nous sommes heureux de pouvoir vous accueillir. Prenez le temps de bien regarder le site web des futurs pr\u00e9scolaires. Vous aurez acc\u00e8s \u00e0 plusieurs informations qui vous seront tr\u00e8s utiles pour vivre cette merveilleuse transition.\u00a0<br><\/p>\n\n\n\n\n<div class=\"wp-block-buttons\">\n<div class=\"wp-block-button\"><a class=\"wp-block-button__link wp-element-button\" href=\"https:\/\/sites.google.com\/cssdn.gouv.qc.ca\/accueilfutursprescolaires\/accueil\">Site Web du pr\u00e9scolaire des Quatre-Vents<\/a><\/div>\n<\/div>\n\n\n\n<p class=\"wp-block-paragraph\"><\/p>\n","protected":false},"excerpt":{"rendered":"<p>Pr\u00e9scolaire<\/p>\n","protected":false},"author":234,"featured_media":0,"parent":13,"menu_order":0,"comment_status":"closed","ping_status":"closed","template":"","meta":{"_acf_changed":false,"_crdt_document":"","inline_featured_image":false,"footnotes":""},"categories":[],"tags":[],"class_list":["post-725","page","type-page","status-publish","hentry"],"acf":[],"yoast_head":"<!-- This site is optimized with the Yoast SEO plugin v27.3 - https:\/\/yoast.com\/product\/yoast-seo-wordpress\/ -->\n<title>Pr\u00e9scolaire - \u00c9cole des Quatre-Vents<\/title>\n<meta name=\"robots\" content=\"index, follow, max-snippet:-1, max-image-preview:large, max-video-preview:-1\" \/>\n<link rel=\"canonical\" href=\"https:\/\/cssdn.gouv.qc.ca\/quatrevents\/informations-aux-parents\/prescolaire\/\" \/>\n<meta property=\"og:locale\" content=\"fr_CA\" \/>\n<meta property=\"og:type\" content=\"article\" \/>\n<meta property=\"og:title\" content=\"Pr\u00e9scolaire - \u00c9cole des Quatre-Vents\" \/>\n<meta property=\"og:description\" content=\"Pr\u00e9scolaire\" \/>\n<meta property=\"og:url\" content=\"https:\/\/cssdn.gouv.qc.ca\/quatrevents\/informations-aux-parents\/prescolaire\/\" \/>\n<meta property=\"og:site_name\" content=\"\u00c9cole des Quatre-Vents\" \/>\n<meta property=\"article:publisher\" content=\"https:\/\/www.facebook.com\/ecoledesquatrevents\" \/>\n<meta property=\"article:modified_time\" content=\"2025-05-06T17:37:36+00:00\" \/>\n<meta name=\"twitter:card\" content=\"summary_large_image\" \/>\n<meta name=\"twitter:label1\" content=\"Estimation du temps de lecture\" \/>\n\t<meta name=\"twitter:data1\" content=\"1 minute\" \/>\n<script type=\"application\/ld+json\" class=\"yoast-schema-graph\">{\"@context\":\"https:\\\/\\\/schema.org\",\"@graph\":[{\"@type\":\"WebPage\",\"@id\":\"https:\\\/\\\/cssdn.gouv.qc.ca\\\/quatrevents\\\/informations-aux-parents\\\/prescolaire\\\/\",\"url\":\"https:\\\/\\\/cssdn.gouv.qc.ca\\\/quatrevents\\\/informations-aux-parents\\\/prescolaire\\\/\",\"name\":\"Pr\u00e9scolaire - \u00c9cole des Quatre-Vents\",\"isPartOf\":{\"@id\":\"https:\\\/\\\/cssdn.gouv.qc.ca\\\/quatrevents\\\/#website\"},\"primaryImageOfPage\":{\"@id\":\"https:\\\/\\\/cssdn.gouv.qc.ca\\\/quatrevents\\\/informations-aux-parents\\\/prescolaire\\\/#primaryimage\"},\"image\":{\"@id\":\"https:\\\/\\\/cssdn.gouv.qc.ca\\\/quatrevents\\\/informations-aux-parents\\\/prescolaire\\\/#primaryimage\"},\"thumbnailUrl\":\"https:\\\/\\\/stage.cssdn.gouv.qc.ca\\\/wp-content\\\/uploads\\\/2022\\\/08\\\/Seawire-Hero-06.jpg\",\"datePublished\":\"2025-04-25T14:42:24+00:00\",\"dateModified\":\"2025-05-06T17:37:36+00:00\",\"breadcrumb\":{\"@id\":\"https:\\\/\\\/cssdn.gouv.qc.ca\\\/quatrevents\\\/informations-aux-parents\\\/prescolaire\\\/#breadcrumb\"},\"inLanguage\":\"fr-CA\",\"potentialAction\":[{\"@type\":\"ReadAction\",\"target\":[\"https:\\\/\\\/cssdn.gouv.qc.ca\\\/quatrevents\\\/informations-aux-parents\\\/prescolaire\\\/\"]}]},{\"@type\":\"ImageObject\",\"inLanguage\":\"fr-CA\",\"@id\":\"https:\\\/\\\/cssdn.gouv.qc.ca\\\/quatrevents\\\/informations-aux-parents\\\/prescolaire\\\/#primaryimage\",\"url\":\"https:\\\/\\\/stage.cssdn.gouv.qc.ca\\\/wp-content\\\/uploads\\\/2022\\\/08\\\/Seawire-Hero-06.jpg\",\"contentUrl\":\"https:\\\/\\\/stage.cssdn.gouv.qc.ca\\\/wp-content\\\/uploads\\\/2022\\\/08\\\/Seawire-Hero-06.jpg\"},{\"@type\":\"BreadcrumbList\",\"@id\":\"https:\\\/\\\/cssdn.gouv.qc.ca\\\/quatrevents\\\/informations-aux-parents\\\/prescolaire\\\/#breadcrumb\",\"itemListElement\":[{\"@type\":\"ListItem\",\"position\":1,\"name\":\"Accueil\",\"item\":\"https:\\\/\\\/cssdn.gouv.qc.ca\\\/quatrevents\\\/\"},{\"@type\":\"ListItem\",\"position\":2,\"name\":\"Informations aux parents\",\"item\":\"https:\\\/\\\/cssdn.gouv.qc.ca\\\/quatrevents\\\/informations-aux-parents\\\/\"},{\"@type\":\"ListItem\",\"position\":3,\"name\":\"Pr\u00e9scolaire\"}]},{\"@type\":\"WebSite\",\"@id\":\"https:\\\/\\\/cssdn.gouv.qc.ca\\\/quatrevents\\\/#website\",\"url\":\"https:\\\/\\\/cssdn.gouv.qc.ca\\\/quatrevents\\\/\",\"name\":\"\u00c9cole des Quatre-Vents\",\"description\":\"Un site des centres de services scolaires des Navigateurs\",\"publisher\":{\"@id\":\"https:\\\/\\\/cssdn.gouv.qc.ca\\\/quatrevents\\\/#organization\"},\"potentialAction\":[{\"@type\":\"SearchAction\",\"target\":{\"@type\":\"EntryPoint\",\"urlTemplate\":\"https:\\\/\\\/cssdn.gouv.qc.ca\\\/quatrevents\\\/?s={search_term_string}\"},\"query-input\":{\"@type\":\"PropertyValueSpecification\",\"valueRequired\":true,\"valueName\":\"search_term_string\"}}],\"inLanguage\":\"fr-CA\"},{\"@type\":\"Organization\",\"@id\":\"https:\\\/\\\/cssdn.gouv.qc.ca\\\/quatrevents\\\/#organization\",\"name\":\"\u00c9cole des Quatre-Vents\",\"url\":\"https:\\\/\\\/cssdn.gouv.qc.ca\\\/quatrevents\\\/\",\"logo\":{\"@type\":\"ImageObject\",\"inLanguage\":\"fr-CA\",\"@id\":\"https:\\\/\\\/cssdn.gouv.qc.ca\\\/quatrevents\\\/#\\\/schema\\\/logo\\\/image\\\/\",\"url\":\"https:\\\/\\\/cssdn.gouv.qc.ca\\\/quatrevents\\\/wp-content\\\/uploads\\\/sites\\\/53\\\/2023\\\/01\\\/logo_quebec.svg\",\"contentUrl\":\"https:\\\/\\\/cssdn.gouv.qc.ca\\\/quatrevents\\\/wp-content\\\/uploads\\\/sites\\\/53\\\/2023\\\/01\\\/logo_quebec.svg\",\"width\":188,\"height\":41,\"caption\":\"\u00c9cole des Quatre-Vents\"},\"image\":{\"@id\":\"https:\\\/\\\/cssdn.gouv.qc.ca\\\/quatrevents\\\/#\\\/schema\\\/logo\\\/image\\\/\"},\"sameAs\":[\"https:\\\/\\\/www.facebook.com\\\/ecoledesquatrevents\"]}]}<\/script>\n<!-- \/ Yoast SEO plugin. -->","yoast_head_json":{"title":"Pr\u00e9scolaire - \u00c9cole des Quatre-Vents","robots":{"index":"index","follow":"follow","max-snippet":"max-snippet:-1","max-image-preview":"max-image-preview:large","max-video-preview":"max-video-preview:-1"},"canonical":"https:\/\/cssdn.gouv.qc.ca\/quatrevents\/informations-aux-parents\/prescolaire\/","og_locale":"fr_CA","og_type":"article","og_title":"Pr\u00e9scolaire - \u00c9cole des Quatre-Vents","og_description":"Pr\u00e9scolaire","og_url":"https:\/\/cssdn.gouv.qc.ca\/quatrevents\/informations-aux-parents\/prescolaire\/","og_site_name":"\u00c9cole des Quatre-Vents","article_publisher":"https:\/\/www.facebook.com\/ecoledesquatrevents","article_modified_time":"2025-05-06T17:37:36+00:00","twitter_card":"summary_large_image","twitter_misc":{"Estimation du temps de lecture":"1 minute"},"schema":{"@context":"https:\/\/schema.org","@graph":[{"@type":"WebPage","@id":"https:\/\/cssdn.gouv.qc.ca\/quatrevents\/informations-aux-parents\/prescolaire\/","url":"https:\/\/cssdn.gouv.qc.ca\/quatrevents\/informations-aux-parents\/prescolaire\/","name":"Pr\u00e9scolaire - \u00c9cole des Quatre-Vents","isPartOf":{"@id":"https:\/\/cssdn.gouv.qc.ca\/quatrevents\/#website"},"primaryImageOfPage":{"@id":"https:\/\/cssdn.gouv.qc.ca\/quatrevents\/informations-aux-parents\/prescolaire\/#primaryimage"},"image":{"@id":"https:\/\/cssdn.gouv.qc.ca\/quatrevents\/informations-aux-parents\/prescolaire\/#primaryimage"},"thumbnailUrl":"https:\/\/stage.cssdn.gouv.qc.ca\/wp-content\/uploads\/2022\/08\/Seawire-Hero-06.jpg","datePublished":"2025-04-25T14:42:24+00:00","dateModified":"2025-05-06T17:37:36+00:00","breadcrumb":{"@id":"https:\/\/cssdn.gouv.qc.ca\/quatrevents\/informations-aux-parents\/prescolaire\/#breadcrumb"},"inLanguage":"fr-CA","potentialAction":[{"@type":"ReadAction","target":["https:\/\/cssdn.gouv.qc.ca\/quatrevents\/informations-aux-parents\/prescolaire\/"]}]},{"@type":"ImageObject","inLanguage":"fr-CA","@id":"https:\/\/cssdn.gouv.qc.ca\/quatrevents\/informations-aux-parents\/prescolaire\/#primaryimage","url":"https:\/\/stage.cssdn.gouv.qc.ca\/wp-content\/uploads\/2022\/08\/Seawire-Hero-06.jpg","contentUrl":"https:\/\/stage.cssdn.gouv.qc.ca\/wp-content\/uploads\/2022\/08\/Seawire-Hero-06.jpg"},{"@type":"BreadcrumbList","@id":"https:\/\/cssdn.gouv.qc.ca\/quatrevents\/informations-aux-parents\/prescolaire\/#breadcrumb","itemListElement":[{"@type":"ListItem","position":1,"name":"Accueil","item":"https:\/\/cssdn.gouv.qc.ca\/quatrevents\/"},{"@type":"ListItem","position":2,"name":"Informations aux parents","item":"https:\/\/cssdn.gouv.qc.ca\/quatrevents\/informations-aux-parents\/"},{"@type":"ListItem","position":3,"name":"Pr\u00e9scolaire"}]},{"@type":"WebSite","@id":"https:\/\/cssdn.gouv.qc.ca\/quatrevents\/#website","url":"https:\/\/cssdn.gouv.qc.ca\/quatrevents\/","name":"\u00c9cole des Quatre-Vents","description":"Un site des centres de services scolaires des Navigateurs","publisher":{"@id":"https:\/\/cssdn.gouv.qc.ca\/quatrevents\/#organization"},"potentialAction":[{"@type":"SearchAction","target":{"@type":"EntryPoint","urlTemplate":"https:\/\/cssdn.gouv.qc.ca\/quatrevents\/?s={search_term_string}"},"query-input":{"@type":"PropertyValueSpecification","valueRequired":true,"valueName":"search_term_string"}}],"inLanguage":"fr-CA"},{"@type":"Organization","@id":"https:\/\/cssdn.gouv.qc.ca\/quatrevents\/#organization","name":"\u00c9cole des Quatre-Vents","url":"https:\/\/cssdn.gouv.qc.ca\/quatrevents\/","logo":{"@type":"ImageObject","inLanguage":"fr-CA","@id":"https:\/\/cssdn.gouv.qc.ca\/quatrevents\/#\/schema\/logo\/image\/","url":"https:\/\/cssdn.gouv.qc.ca\/quatrevents\/wp-content\/uploads\/sites\/53\/2023\/01\/logo_quebec.svg","contentUrl":"https:\/\/cssdn.gouv.qc.ca\/quatrevents\/wp-content\/uploads\/sites\/53\/2023\/01\/logo_quebec.svg","width":188,"height":41,"caption":"\u00c9cole des Quatre-Vents"},"image":{"@id":"https:\/\/cssdn.gouv.qc.ca\/quatrevents\/#\/schema\/logo\/image\/"},"sameAs":["https:\/\/www.facebook.com\/ecoledesquatrevents"]}]}},"publishpress_future_action":{"enabled":false,"date":"2026-04-12 15:56:59","action":"change-status","newStatus":"draft","terms":[],"taxonomy":"category","extraData":[]},"publishpress_future_workflow_manual_trigger":{"enabledWorkflows":[]},"_links":{"self":[{"href":"https:\/\/cssdn.gouv.qc.ca\/quatrevents\/wp-json\/wp\/v2\/pages\/725","targetHints":{"allow":["GET"]}}],"collection":[{"href":"https:\/\/cssdn.gouv.qc.ca\/quatrevents\/wp-json\/wp\/v2\/pages"}],"about":[{"href":"https:\/\/cssdn.gouv.qc.ca\/quatrevents\/wp-json\/wp\/v2\/types\/page"}],"author":[{"embeddable":true,"href":"https:\/\/cssdn.gouv.qc.ca\/quatrevents\/wp-json\/wp\/v2\/users\/234"}],"replies":[{"embeddable":true,"href":"https:\/\/cssdn.gouv.qc.ca\/quatrevents\/wp-json\/wp\/v2\/comments?post=725"}],"version-history":[{"count":0,"href":"https:\/\/cssdn.gouv.qc.ca\/quatrevents\/wp-json\/wp\/v2\/pages\/725\/revisions"}],"up":[{"embeddable":true,"href":"https:\/\/cssdn.gouv.qc.ca\/quatrevents\/wp-json\/wp\/v2\/pages\/13"}],"wp:attachment":[{"href":"https:\/\/cssdn.gouv.qc.ca\/quatrevents\/wp-json\/wp\/v2\/media?parent=725"}],"wp:term":[{"taxonomy":"category","embeddable":true,"href":"https:\/\/cssdn.gouv.qc.ca\/quatrevents\/wp-json\/wp\/v2\/categories?post=725"},{"taxonomy":"post_tag","embeddable":true,"href":"https:\/\/cssdn.gouv.qc.ca\/quatrevents\/wp-json\/wp\/v2\/tags?post=725"}],"curies":[{"name":"wp","href":"https:\/\/api.w.org\/{rel}","templated":true}]}}