
{"id":16,"date":"2022-11-08T16:07:56","date_gmt":"2022-11-08T21:07:56","guid":{"rendered":"https:\/\/cssdn.gouv.qc.ca\/rosedesvents\/service-de-garde\/"},"modified":"2026-02-24T09:13:39","modified_gmt":"2026-02-24T14:13:39","slug":"service-de-garde","status":"publish","type":"page","link":"https:\/\/cssdn.gouv.qc.ca\/rosedesvents\/service-de-garde\/","title":{"rendered":"Service de garde"},"content":{"rendered":"\n<div class=\"wp-block-cover alignfull is-light is-style-title-banner\"><img decoding=\"async\" class=\"wp-block-cover__image-background wp-image-111 lazyload\" alt=\"\" data-src=\"https:\/\/cssdn.gouv.qc.ca\/wp-content\/uploads\/2022\/08\/Seawire-Hero-06.jpg\" data-object-fit=\"cover\" src=\"data:image\/svg+xml;base64,PHN2ZyB3aWR0aD0iMSIgaGVpZ2h0PSIxIiB4bWxucz0iaHR0cDovL3d3dy53My5vcmcvMjAwMC9zdmciPjwvc3ZnPg==\" \/><span aria-hidden=\"true\" class=\"wp-block-cover__background has-primary-background-color has-background-dim\"><\/span><div class=\"wp-block-cover__inner-container\"><h3 class=\"wp-block-post-title\">Service de garde<\/h3><\/div><\/div>\n\n\n\n<div class=\"wp-block-group alignfull has-padding-y-large has-secondary-background-color has-background\"><div class=\"yoast-breadcrumbs alignwide \"><span class=\"breadcrumbs\"><a href=\"https:\/\/cssdn.gouv.qc.ca\/rosedesvents\/\" class=\"breadcrumbs__element\">Accueil<\/a> <span class=\"breadcrumbs__separator\">\n        <svg class=\"icon icon-breadcrumb__separator\"><use xlink:href=\"#icon-breadcrumb__separator\"><\/use><\/svg>\n    <\/span> <span class=\"breadcrumbs__element breadcrumbs__element-current\">Service de garde<\/span><\/span><\/div><\/div>\n\n\n\n<h3 class=\"wp-block-heading\">Renseignements g\u00e9n\u00e9raux<\/h3>\n\n\n\n<p class=\"wp-block-paragraph\">Vous trouverez la r\u00e9gie interne.<\/p>\n\n\n\n<div data-wp-interactive=\"core\/file\" class=\"wp-block-file\"><object data-wp-bind--hidden=\"!state.hasPdfPreview\" hidden class=\"wp-block-file__embed\" data=\"https:\/\/cssdn.gouv.qc.ca\/rosedesvents\/wp-content\/uploads\/sites\/54\/2026\/02\/SDG-Regles-de-fonctionnement-2025-2026-C.E.-decembre-2025.pdf\" type=\"application\/pdf\" style=\"width:100%;height:600px\" aria-label=\"Contenu incorpor\u00e9 SDG Regles de fonctionnement 2025-2026 C.E. d\u00e9cembre 2025.\"><\/object><a id=\"wp-block-file--media-3408722d-1cfa-40ee-929d-f7626d13a419\" href=\"https:\/\/cssdn.gouv.qc.ca\/rosedesvents\/wp-content\/uploads\/sites\/54\/2026\/02\/SDG-Regles-de-fonctionnement-2025-2026-C.E.-decembre-2025.pdf\">SDG Regles de fonctionnement 2025-2026 C.E. d\u00e9cembre 2025<\/a><a href=\"https:\/\/cssdn.gouv.qc.ca\/rosedesvents\/wp-content\/uploads\/sites\/54\/2026\/02\/SDG-Regles-de-fonctionnement-2025-2026-C.E.-decembre-2025.pdf\" class=\"wp-block-file__button wp-element-button\" download aria-describedby=\"wp-block-file--media-3408722d-1cfa-40ee-929d-f7626d13a419\">Download<\/a><\/div>\n\n\n\n<h3 class=\"wp-block-heading\">Programme d&rsquo;activit\u00e9s<\/h3>\n\n\n\n<p class=\"wp-block-paragraph\"><a href=\"https:\/\/can01.safelinks.protection.outlook.com\/?url=https%3A%2F%2Fview.genially.com%2F6841aa7377e4bb918e8af00a%2Fpresentation-presentation-cahier-decole&amp;data=05%7C02%7Crosevents%40cssdn.gouv.qc.ca%7Cbb161f19f2534106180b08ddae820237%7C116b0fe7428e49b58982f9c63799268d%7C0%7C0%7C638858595633426103%7CUnknown%7CTWFpbGZsb3d8eyJFbXB0eU1hcGkiOnRydWUsIlYiOiIwLjAuMDAwMCIsIlAiOiJXaW4zMiIsIkFOIjoiTWFpbCIsIldUIjoyfQ%3D%3D%7C0%7C%7C%7C&amp;sdata=fBFc3e6g6FK0EP4NfWxEBWzZIglWKBJnrBdXVqEKnks%3D&amp;reserved=0\">Programme d&rsquo;activit\u00e9s Rose-des-Vents<\/a><\/p>\n\n\n\n<p class=\"wp-block-paragraph\"><strong>Liste du personnel:<\/strong><\/p>\n\n\n\n<p class=\"wp-block-paragraph\"><strong>Responsable du service de garde:<\/strong>&nbsp;Johanne Bouffard<\/p>\n\n\n\n<p class=\"wp-block-paragraph\"><strong>\u00c9ducatrice classe principale:<\/strong>&nbsp;Marie-Claude Guay<\/p>\n\n\n\n<p class=\"wp-block-paragraph\"><strong>\u00c9ducateurs et \u00c9ducatrices<\/strong>:&nbsp;<\/p>\n\n\n\n<p class=\"wp-block-paragraph\">Louise Nadeau, Jacinthe Roy, Elisabeth Lavoie, Nathalie Roger, Marie-Claude Allard, Marie-Claude Carrier, Soukina Lala Mendili, Francine Drouin, Katherine Girard, Nancy Boivin, Marie-Claude Rondeau, Sylvie Ruel et Marie-Claude Guay<\/p>\n\n\n\n<p class=\"wp-block-paragraph\"><\/p>\n\n\n\n<p class=\"wp-block-paragraph\"><strong>P.E.H.<\/strong><\/p>\n\n\n\n<p class=\"wp-block-paragraph\">Marilyne Laverdi\u00e8re et Natacha Gagn\u00e9<\/p>\n\n\n\n<h3 class=\"wp-block-heading\">Journ\u00e9es p\u00e9dagogiques<\/h3>\n\n\n\n<p class=\"wp-block-paragraph\">Vous trouverez la programmation des journ\u00e9es&nbsp;p\u00e9dagogiques de l&rsquo;automne 2025.<\/p>\n\n\n\n<div data-wp-interactive=\"core\/file\" class=\"wp-block-file\"><object data-wp-bind--hidden=\"!state.hasPdfPreview\" hidden class=\"wp-block-file__embed\" data=\"https:\/\/cssdn.gouv.qc.ca\/rosedesvents\/wp-content\/uploads\/sites\/54\/2025\/07\/Programmation-des-journees-pedagogiques-2025-2026.pdf\" type=\"application\/pdf\" style=\"width:100%;height:600px\" aria-label=\"Contenu incorpor\u00e9 Programmation des journ\u00e9es p\u00e9dagogiques 2025-2026.\"><\/object><a id=\"wp-block-file--media-08273957-4b16-49b5-90af-a209d525e784\" href=\"https:\/\/cssdn.gouv.qc.ca\/rosedesvents\/wp-content\/uploads\/sites\/54\/2025\/07\/Programmation-des-journees-pedagogiques-2025-2026.pdf\">Programmation des journ\u00e9es p\u00e9dagogiques 2025-2026<\/a><a href=\"https:\/\/cssdn.gouv.qc.ca\/rosedesvents\/wp-content\/uploads\/sites\/54\/2025\/07\/Programmation-des-journees-pedagogiques-2025-2026.pdf\" class=\"wp-block-file__button wp-element-button\" download aria-describedby=\"wp-block-file--media-08273957-4b16-49b5-90af-a209d525e784\">T\u00e9l\u00e9charger<\/a><\/div>\n\n\n\n<h3 class=\"wp-block-heading\">Formulaires<\/h3>\n\n\n\n<p class=\"wp-block-paragraph\"><a href=\"https:\/\/cssdn.gouv.qc.ca\/rosedesvents\/wp-content\/uploads\/sites\/54\/2024\/04\/Autorisation-depart-seul-et-a-pied.pdf\">D\u00e9part \u00e0 pied<\/a><\/p>\n\n\n\n<p class=\"wp-block-paragraph\"><a href=\"https:\/\/cssdn.gouv.qc.ca\/rosedesvents\/wp-content\/uploads\/sites\/54\/2024\/04\/Modification-de-reservation-service-de-garde.pdf\">Changement de fr\u00e9quentation<\/a><\/p>\n\n\n\n<p class=\"wp-block-paragraph\"><\/p>\n","protected":false},"excerpt":{"rendered":"<p>Renseignements g\u00e9n\u00e9raux Vous trouverez la r\u00e9gie interne. Programme d&rsquo;activit\u00e9s Programme d&rsquo;activit\u00e9s Rose-des-Vents Liste du personnel: Responsable du service de garde:&nbsp;Johanne Bouffard \u00c9ducatrice classe principale:&nbsp;Marie-Claude Guay \u00c9ducateurs et \u00c9ducatrices:&nbsp; Louise Nadeau, Jacinthe Roy, Elisabeth Lavoie, Nathalie Roger, Marie-Claude Allard, Marie-Claude Carrier, Soukina Lala Mendili, Francine Drouin, Katherine Girard, Nancy Boivin, Marie-Claude Rondeau, Sylvie Ruel et Marie-Claude [&hellip;]<\/p>\n","protected":false},"author":1,"featured_media":0,"parent":0,"menu_order":40,"comment_status":"closed","ping_status":"closed","template":"","meta":{"_acf_changed":false,"_crdt_document":"","inline_featured_image":false,"footnotes":""},"categories":[],"tags":[],"class_list":["post-16","page","type-page","status-publish","hentry"],"acf":[],"yoast_head":"<!-- This site is optimized with the Yoast SEO plugin v27.3 - https:\/\/yoast.com\/product\/yoast-seo-wordpress\/ -->\n<title>Service de garde - \u00c9cole de la Rose-des-Vents<\/title>\n<meta name=\"robots\" content=\"index, follow, max-snippet:-1, max-image-preview:large, max-video-preview:-1\" \/>\n<link rel=\"canonical\" href=\"https:\/\/cssdn.gouv.qc.ca\/rosedesvents\/service-de-garde\/\" \/>\n<meta property=\"og:locale\" content=\"fr_CA\" \/>\n<meta property=\"og:type\" content=\"article\" \/>\n<meta property=\"og:title\" content=\"Service de garde - \u00c9cole de la Rose-des-Vents\" \/>\n<meta property=\"og:description\" content=\"Renseignements g\u00e9n\u00e9raux Vous trouverez la r\u00e9gie interne. Programme d&rsquo;activit\u00e9s Programme d&rsquo;activit\u00e9s Rose-des-Vents Liste du personnel: Responsable du service de garde:&nbsp;Johanne Bouffard \u00c9ducatrice classe principale:&nbsp;Marie-Claude Guay \u00c9ducateurs et \u00c9ducatrices:&nbsp; Louise Nadeau, Jacinthe Roy, Elisabeth Lavoie, Nathalie Roger, Marie-Claude Allard, Marie-Claude Carrier, Soukina Lala Mendili, Francine Drouin, Katherine Girard, Nancy Boivin, Marie-Claude Rondeau, Sylvie Ruel et Marie-Claude [&hellip;]\" \/>\n<meta property=\"og:url\" content=\"https:\/\/cssdn.gouv.qc.ca\/rosedesvents\/service-de-garde\/\" \/>\n<meta property=\"og:site_name\" content=\"\u00c9cole de la Rose-des-Vents\" \/>\n<meta property=\"article:publisher\" content=\"https:\/\/www.facebook.com\/profile.php?id=100057576575102\" \/>\n<meta property=\"article:modified_time\" content=\"2026-02-24T14:13:39+00:00\" \/>\n<meta name=\"twitter:card\" content=\"summary_large_image\" \/>\n<meta name=\"twitter:label1\" content=\"Estimation du temps de lecture\" \/>\n\t<meta name=\"twitter:data1\" content=\"1 minute\" \/>\n<script type=\"application\/ld+json\" class=\"yoast-schema-graph\">{\"@context\":\"https:\\\/\\\/schema.org\",\"@graph\":[{\"@type\":\"WebPage\",\"@id\":\"https:\\\/\\\/cssdn.gouv.qc.ca\\\/rosedesvents\\\/service-de-garde\\\/\",\"url\":\"https:\\\/\\\/cssdn.gouv.qc.ca\\\/rosedesvents\\\/service-de-garde\\\/\",\"name\":\"Service de garde - \u00c9cole de la Rose-des-Vents\",\"isPartOf\":{\"@id\":\"https:\\\/\\\/cssdn.gouv.qc.ca\\\/rosedesvents\\\/#website\"},\"primaryImageOfPage\":{\"@id\":\"https:\\\/\\\/cssdn.gouv.qc.ca\\\/rosedesvents\\\/service-de-garde\\\/#primaryimage\"},\"image\":{\"@id\":\"https:\\\/\\\/cssdn.gouv.qc.ca\\\/rosedesvents\\\/service-de-garde\\\/#primaryimage\"},\"thumbnailUrl\":\"https:\\\/\\\/cssdn.gouv.qc.ca\\\/wp-content\\\/uploads\\\/2022\\\/08\\\/Seawire-Hero-06.jpg\",\"datePublished\":\"2022-11-08T21:07:56+00:00\",\"dateModified\":\"2026-02-24T14:13:39+00:00\",\"breadcrumb\":{\"@id\":\"https:\\\/\\\/cssdn.gouv.qc.ca\\\/rosedesvents\\\/service-de-garde\\\/#breadcrumb\"},\"inLanguage\":\"fr-CA\",\"potentialAction\":[{\"@type\":\"ReadAction\",\"target\":[\"https:\\\/\\\/cssdn.gouv.qc.ca\\\/rosedesvents\\\/service-de-garde\\\/\"]}]},{\"@type\":\"ImageObject\",\"inLanguage\":\"fr-CA\",\"@id\":\"https:\\\/\\\/cssdn.gouv.qc.ca\\\/rosedesvents\\\/service-de-garde\\\/#primaryimage\",\"url\":\"https:\\\/\\\/cssdn.gouv.qc.ca\\\/wp-content\\\/uploads\\\/2022\\\/08\\\/Seawire-Hero-06.jpg\",\"contentUrl\":\"https:\\\/\\\/cssdn.gouv.qc.ca\\\/wp-content\\\/uploads\\\/2022\\\/08\\\/Seawire-Hero-06.jpg\"},{\"@type\":\"BreadcrumbList\",\"@id\":\"https:\\\/\\\/cssdn.gouv.qc.ca\\\/rosedesvents\\\/service-de-garde\\\/#breadcrumb\",\"itemListElement\":[{\"@type\":\"ListItem\",\"position\":1,\"name\":\"Accueil\",\"item\":\"https:\\\/\\\/cssdn.gouv.qc.ca\\\/rosedesvents\\\/\"},{\"@type\":\"ListItem\",\"position\":2,\"name\":\"Service de garde\"}]},{\"@type\":\"WebSite\",\"@id\":\"https:\\\/\\\/cssdn.gouv.qc.ca\\\/rosedesvents\\\/#website\",\"url\":\"https:\\\/\\\/cssdn.gouv.qc.ca\\\/rosedesvents\\\/\",\"name\":\"\u00c9cole de la Rose-des-Vents\",\"description\":\"Un site des centres de services scolaires des Navigateurs\",\"publisher\":{\"@id\":\"https:\\\/\\\/cssdn.gouv.qc.ca\\\/rosedesvents\\\/#organization\"},\"potentialAction\":[{\"@type\":\"SearchAction\",\"target\":{\"@type\":\"EntryPoint\",\"urlTemplate\":\"https:\\\/\\\/cssdn.gouv.qc.ca\\\/rosedesvents\\\/?s={search_term_string}\"},\"query-input\":{\"@type\":\"PropertyValueSpecification\",\"valueRequired\":true,\"valueName\":\"search_term_string\"}}],\"inLanguage\":\"fr-CA\"},{\"@type\":\"Organization\",\"@id\":\"https:\\\/\\\/cssdn.gouv.qc.ca\\\/rosedesvents\\\/#organization\",\"name\":\"\u00c9cole de la Rose-des-Vents\",\"url\":\"https:\\\/\\\/cssdn.gouv.qc.ca\\\/rosedesvents\\\/\",\"logo\":{\"@type\":\"ImageObject\",\"inLanguage\":\"fr-CA\",\"@id\":\"https:\\\/\\\/cssdn.gouv.qc.ca\\\/rosedesvents\\\/#\\\/schema\\\/logo\\\/image\\\/\",\"url\":\"https:\\\/\\\/cssdn.gouv.qc.ca\\\/rosedesvents\\\/wp-content\\\/uploads\\\/sites\\\/54\\\/2023\\\/01\\\/logo_quebec.svg\",\"contentUrl\":\"https:\\\/\\\/cssdn.gouv.qc.ca\\\/rosedesvents\\\/wp-content\\\/uploads\\\/sites\\\/54\\\/2023\\\/01\\\/logo_quebec.svg\",\"width\":188,\"height\":41,\"caption\":\"\u00c9cole de la Rose-des-Vents\"},\"image\":{\"@id\":\"https:\\\/\\\/cssdn.gouv.qc.ca\\\/rosedesvents\\\/#\\\/schema\\\/logo\\\/image\\\/\"},\"sameAs\":[\"https:\\\/\\\/www.facebook.com\\\/profile.php?id=100057576575102\"]}]}<\/script>\n<!-- \/ Yoast SEO plugin. -->","yoast_head_json":{"title":"Service de garde - \u00c9cole de la Rose-des-Vents","robots":{"index":"index","follow":"follow","max-snippet":"max-snippet:-1","max-image-preview":"max-image-preview:large","max-video-preview":"max-video-preview:-1"},"canonical":"https:\/\/cssdn.gouv.qc.ca\/rosedesvents\/service-de-garde\/","og_locale":"fr_CA","og_type":"article","og_title":"Service de garde - \u00c9cole de la Rose-des-Vents","og_description":"Renseignements g\u00e9n\u00e9raux Vous trouverez la r\u00e9gie interne. Programme d&rsquo;activit\u00e9s Programme d&rsquo;activit\u00e9s Rose-des-Vents Liste du personnel: Responsable du service de garde:&nbsp;Johanne Bouffard \u00c9ducatrice classe principale:&nbsp;Marie-Claude Guay \u00c9ducateurs et \u00c9ducatrices:&nbsp; Louise Nadeau, Jacinthe Roy, Elisabeth Lavoie, Nathalie Roger, Marie-Claude Allard, Marie-Claude Carrier, Soukina Lala Mendili, Francine Drouin, Katherine Girard, Nancy Boivin, Marie-Claude Rondeau, Sylvie Ruel et Marie-Claude [&hellip;]","og_url":"https:\/\/cssdn.gouv.qc.ca\/rosedesvents\/service-de-garde\/","og_site_name":"\u00c9cole de la Rose-des-Vents","article_publisher":"https:\/\/www.facebook.com\/profile.php?id=100057576575102","article_modified_time":"2026-02-24T14:13:39+00:00","twitter_card":"summary_large_image","twitter_misc":{"Estimation du temps de lecture":"1 minute"},"schema":{"@context":"https:\/\/schema.org","@graph":[{"@type":"WebPage","@id":"https:\/\/cssdn.gouv.qc.ca\/rosedesvents\/service-de-garde\/","url":"https:\/\/cssdn.gouv.qc.ca\/rosedesvents\/service-de-garde\/","name":"Service de garde - \u00c9cole de la Rose-des-Vents","isPartOf":{"@id":"https:\/\/cssdn.gouv.qc.ca\/rosedesvents\/#website"},"primaryImageOfPage":{"@id":"https:\/\/cssdn.gouv.qc.ca\/rosedesvents\/service-de-garde\/#primaryimage"},"image":{"@id":"https:\/\/cssdn.gouv.qc.ca\/rosedesvents\/service-de-garde\/#primaryimage"},"thumbnailUrl":"https:\/\/cssdn.gouv.qc.ca\/wp-content\/uploads\/2022\/08\/Seawire-Hero-06.jpg","datePublished":"2022-11-08T21:07:56+00:00","dateModified":"2026-02-24T14:13:39+00:00","breadcrumb":{"@id":"https:\/\/cssdn.gouv.qc.ca\/rosedesvents\/service-de-garde\/#breadcrumb"},"inLanguage":"fr-CA","potentialAction":[{"@type":"ReadAction","target":["https:\/\/cssdn.gouv.qc.ca\/rosedesvents\/service-de-garde\/"]}]},{"@type":"ImageObject","inLanguage":"fr-CA","@id":"https:\/\/cssdn.gouv.qc.ca\/rosedesvents\/service-de-garde\/#primaryimage","url":"https:\/\/cssdn.gouv.qc.ca\/wp-content\/uploads\/2022\/08\/Seawire-Hero-06.jpg","contentUrl":"https:\/\/cssdn.gouv.qc.ca\/wp-content\/uploads\/2022\/08\/Seawire-Hero-06.jpg"},{"@type":"BreadcrumbList","@id":"https:\/\/cssdn.gouv.qc.ca\/rosedesvents\/service-de-garde\/#breadcrumb","itemListElement":[{"@type":"ListItem","position":1,"name":"Accueil","item":"https:\/\/cssdn.gouv.qc.ca\/rosedesvents\/"},{"@type":"ListItem","position":2,"name":"Service de garde"}]},{"@type":"WebSite","@id":"https:\/\/cssdn.gouv.qc.ca\/rosedesvents\/#website","url":"https:\/\/cssdn.gouv.qc.ca\/rosedesvents\/","name":"\u00c9cole de la Rose-des-Vents","description":"Un site des centres de services scolaires des Navigateurs","publisher":{"@id":"https:\/\/cssdn.gouv.qc.ca\/rosedesvents\/#organization"},"potentialAction":[{"@type":"SearchAction","target":{"@type":"EntryPoint","urlTemplate":"https:\/\/cssdn.gouv.qc.ca\/rosedesvents\/?s={search_term_string}"},"query-input":{"@type":"PropertyValueSpecification","valueRequired":true,"valueName":"search_term_string"}}],"inLanguage":"fr-CA"},{"@type":"Organization","@id":"https:\/\/cssdn.gouv.qc.ca\/rosedesvents\/#organization","name":"\u00c9cole de la Rose-des-Vents","url":"https:\/\/cssdn.gouv.qc.ca\/rosedesvents\/","logo":{"@type":"ImageObject","inLanguage":"fr-CA","@id":"https:\/\/cssdn.gouv.qc.ca\/rosedesvents\/#\/schema\/logo\/image\/","url":"https:\/\/cssdn.gouv.qc.ca\/rosedesvents\/wp-content\/uploads\/sites\/54\/2023\/01\/logo_quebec.svg","contentUrl":"https:\/\/cssdn.gouv.qc.ca\/rosedesvents\/wp-content\/uploads\/sites\/54\/2023\/01\/logo_quebec.svg","width":188,"height":41,"caption":"\u00c9cole de la Rose-des-Vents"},"image":{"@id":"https:\/\/cssdn.gouv.qc.ca\/rosedesvents\/#\/schema\/logo\/image\/"},"sameAs":["https:\/\/www.facebook.com\/profile.php?id=100057576575102"]}]}},"publishpress_future_action":{"enabled":false,"date":"2026-04-17 11:29:51","action":"change-status","newStatus":"draft","terms":[],"taxonomy":"category","extraData":[]},"publishpress_future_workflow_manual_trigger":{"enabledWorkflows":[]},"_links":{"self":[{"href":"https:\/\/cssdn.gouv.qc.ca\/rosedesvents\/wp-json\/wp\/v2\/pages\/16","targetHints":{"allow":["GET"]}}],"collection":[{"href":"https:\/\/cssdn.gouv.qc.ca\/rosedesvents\/wp-json\/wp\/v2\/pages"}],"about":[{"href":"https:\/\/cssdn.gouv.qc.ca\/rosedesvents\/wp-json\/wp\/v2\/types\/page"}],"author":[{"embeddable":true,"href":"https:\/\/cssdn.gouv.qc.ca\/rosedesvents\/wp-json\/wp\/v2\/users\/1"}],"replies":[{"embeddable":true,"href":"https:\/\/cssdn.gouv.qc.ca\/rosedesvents\/wp-json\/wp\/v2\/comments?post=16"}],"version-history":[{"count":0,"href":"https:\/\/cssdn.gouv.qc.ca\/rosedesvents\/wp-json\/wp\/v2\/pages\/16\/revisions"}],"wp:attachment":[{"href":"https:\/\/cssdn.gouv.qc.ca\/rosedesvents\/wp-json\/wp\/v2\/media?parent=16"}],"wp:term":[{"taxonomy":"category","embeddable":true,"href":"https:\/\/cssdn.gouv.qc.ca\/rosedesvents\/wp-json\/wp\/v2\/categories?post=16"},{"taxonomy":"post_tag","embeddable":true,"href":"https:\/\/cssdn.gouv.qc.ca\/rosedesvents\/wp-json\/wp\/v2\/tags?post=16"}],"curies":[{"name":"wp","href":"https:\/\/api.w.org\/{rel}","templated":true}]}}