
{"id":9,"date":"2022-11-08T16:07:54","date_gmt":"2022-11-08T21:07:54","guid":{"rendered":"https:\/\/cssdn.gouv.qc.ca\/rosedesvents\/a-propos\/notre-equipe\/"},"modified":"2026-02-16T08:20:03","modified_gmt":"2026-02-16T13:20:03","slug":"notre-equipe","status":"publish","type":"page","link":"https:\/\/cssdn.gouv.qc.ca\/rosedesvents\/a-propos\/notre-equipe\/","title":{"rendered":"Notre \u00e9quipe"},"content":{"rendered":"\n<div class=\"wp-block-cover alignfull is-light is-style-title-banner\"><img decoding=\"async\" class=\"wp-block-cover__image-background wp-image-111 lazyload\" alt=\"\" data-src=\"https:\/\/cssdn.gouv.qc.ca\/wp-content\/uploads\/2022\/08\/Seawire-Hero-06.jpg\" data-object-fit=\"cover\" src=\"data:image\/svg+xml;base64,PHN2ZyB3aWR0aD0iMSIgaGVpZ2h0PSIxIiB4bWxucz0iaHR0cDovL3d3dy53My5vcmcvMjAwMC9zdmciPjwvc3ZnPg==\" \/><span aria-hidden=\"true\" class=\"wp-block-cover__background has-primary-background-color has-background-dim\"><\/span><div class=\"wp-block-cover__inner-container\"><h3 class=\"wp-block-post-title\">Notre \u00e9quipe<\/h3><\/div><\/div>\n\n\n\n<div class=\"wp-block-group alignfull has-padding-y-large has-secondary-background-color has-background\"><div class=\"yoast-breadcrumbs alignwide \"><span class=\"breadcrumbs\"><a href=\"https:\/\/cssdn.gouv.qc.ca\/rosedesvents\/\" class=\"breadcrumbs__element\">Accueil<\/a> <span class=\"breadcrumbs__separator\">\n        <svg class=\"icon icon-breadcrumb__separator\"><use xlink:href=\"#icon-breadcrumb__separator\"><\/use><\/svg>\n    <\/span> <a href=\"https:\/\/cssdn.gouv.qc.ca\/rosedesvents\/a-propos\/\" class=\"breadcrumbs__element\">\u00c0 propos<\/a> <span class=\"breadcrumbs__separator\">\n        <svg class=\"icon icon-breadcrumb__separator\"><use xlink:href=\"#icon-breadcrumb__separator\"><\/use><\/svg>\n    <\/span> <span class=\"breadcrumbs__element breadcrumbs__element-current\">Notre \u00e9quipe<\/span><\/span><\/div><\/div>\n\n\n\n<h3 class=\"wp-block-heading\">Notre personnel<\/h3>\n\n\n\n<p class=\"wp-block-paragraph\"><strong>Directrice<\/strong><\/p>\n\n\n\n<p class=\"wp-block-paragraph\">Nathalie Lavall\u00e9e<\/p>\n\n\n\n<p class=\"wp-block-paragraph\"><strong>ENSEIGNANTS<\/strong><\/p>\n\n\n\n<p class=\"wp-block-paragraph\"><strong>Enseignantes du pr\u00e9scolaire<\/strong><\/p>\n\n\n\n<p class=\"wp-block-paragraph\">Genevi\u00e8ve Boucher<\/p>\n\n\n\n<p class=\"wp-block-paragraph\">\u00c9lyse LeBlond Fontaine<\/p>\n\n\n\n<p class=\"wp-block-paragraph\"><strong>Enseignantes de 1re ann\u00e9e<\/strong><\/p>\n\n\n\n<p class=\"wp-block-paragraph\">Jennifer Coulombe<\/p>\n\n\n\n<p class=\"wp-block-paragraph\">Karina Vachon<\/p>\n\n\n\n<p class=\"wp-block-paragraph\"><strong>Enseignantes de 2e ann\u00e9e<\/strong><\/p>\n\n\n\n<p class=\"wp-block-paragraph\">Val\u00e9rie Demers<\/p>\n\n\n\n<p class=\"wp-block-paragraph\">St\u00e9phanie Rochon<\/p>\n\n\n\n<p class=\"wp-block-paragraph\"><strong>Enseignantes de 3e ann\u00e9e<\/strong><\/p>\n\n\n\n<p class=\"wp-block-paragraph\">Caroline Gagn\u00e9<\/p>\n\n\n\n<p class=\"wp-block-paragraph\">M\u00e9lanie Bergeron<\/p>\n\n\n\n<p class=\"wp-block-paragraph\"><strong>Enseignantes de 4e ann\u00e9e<\/strong><\/p>\n\n\n\n<p class=\"wp-block-paragraph\">Val\u00e9rie Jutras<\/p>\n\n\n\n<p class=\"wp-block-paragraph\">\u00c9milie Ouellet<\/p>\n\n\n\n<p class=\"wp-block-paragraph\"><strong>Enseignantes&nbsp;de 5e ann\u00e9e<\/strong><\/p>\n\n\n\n<p class=\"wp-block-paragraph\">St\u00e9phanie Carrier<\/p>\n\n\n\n<p class=\"wp-block-paragraph\">Olivier Couture<\/p>\n\n\n\n<p class=\"wp-block-paragraph\"><strong>Enseignantes  6e ann\u00e9e<\/strong><\/p>\n\n\n\n<p class=\"wp-block-paragraph\">M\u00e9lissa Drolet<\/p>\n\n\n\n<p class=\"wp-block-paragraph\">Caroline Simard (Anglais intensif)<\/p>\n\n\n\n<p class=\"wp-block-paragraph\"><strong>Enseignantes ADAPTATION<\/strong><\/p>\n\n\n\n<p class=\"wp-block-paragraph\">Val\u00e9rie Barbeau (classe CATSA 1)<\/p>\n\n\n\n<p class=\"wp-block-paragraph\">M\u00e9lissa Ranger (classe CATSA 2)<\/p>\n\n\n\n<p class=\"wp-block-paragraph\">Kristine Fortier (classe CATSA 3)<\/p>\n\n\n\n<p class=\"wp-block-paragraph\"><strong>COMPL\u00c9MENTS DE T\u00c2CHES<\/strong><\/p>\n\n\n\n<p class=\"wp-block-paragraph\">Anne Boucher<\/p>\n\n\n\n<p class=\"wp-block-paragraph\">Audrey Lalibert\u00e9<\/p>\n\n\n\n<p class=\"wp-block-paragraph\">Claudia Roy<\/p>\n\n\n\n<p class=\"wp-block-paragraph\">Am\u00e9lie Buteau<\/p>\n\n\n\n<p class=\"wp-block-paragraph\"><strong>SP\u00c9CIALISTES<\/strong><\/p>\n\n\n\n<p class=\"wp-block-paragraph\"><strong>Anglais<\/strong><\/p>\n\n\n\n<p class=\"wp-block-paragraph\">Catherine Falardeau<\/p>\n\n\n\n<p class=\"wp-block-paragraph\">Mike Finger<\/p>\n\n\n\n<p class=\"wp-block-paragraph\"><strong>\u00c9ducation physique<\/strong><\/p>\n\n\n\n<p class=\"wp-block-paragraph\">Genevi\u00e8ve Cot\u00e9 Paquet<\/p>\n\n\n\n<p class=\"wp-block-paragraph\">Sabrina-Clo\u00e9 Dussault<\/p>\n\n\n\n<p class=\"wp-block-paragraph\"><strong>Musique<\/strong><\/p>\n\n\n\n<p class=\"wp-block-paragraph\">Nicolas Dussault<\/p>\n\n\n\n<p class=\"wp-block-paragraph\"><strong>PERSONNEL PROFESSIONNEL<\/strong><\/p>\n\n\n\n<p class=\"wp-block-paragraph\"><strong>Psycho\u00e9ducateur<\/strong><\/p>\n\n\n\n<p class=\"wp-block-paragraph\">F\u00e9lix Riou<\/p>\n\n\n\n<p class=\"wp-block-paragraph\"><strong>Orthop\u00e9dagogue<\/strong><\/p>\n\n\n\n<p class=\"wp-block-paragraph\">Sarah Guillemette<\/p>\n\n\n\n<p class=\"wp-block-paragraph\"><strong>Ergoth\u00e9rapeute<\/strong><\/p>\n\n\n\n<p class=\"wp-block-paragraph\">Marie-Jos\u00e9e Champagne<\/p>\n\n\n\n<p class=\"wp-block-paragraph\"><strong>Orthophoniste<\/strong><\/p>\n\n\n\n<p class=\"wp-block-paragraph\">V\u00e9ronique Veilleux<\/p>\n\n\n\n<p class=\"wp-block-paragraph\"><strong>T.E.S.<\/strong><\/p>\n\n\n\n<p class=\"wp-block-paragraph\">Annie M\u00e9lanie Berthiaume-Corriveau (CATSA 3)<\/p>\n\n\n\n<p class=\"wp-block-paragraph\">Sophie \u00c8ve (CATSA 1)<\/p>\n\n\n\n<p class=\"wp-block-paragraph\">Karine Roger (CATSA&nbsp;2)<\/p>\n\n\n\n<p class=\"wp-block-paragraph\">St\u00e9phanie Desjardins (PR\u00c9SCOLAIRE)<\/p>\n\n\n\n<p class=\"wp-block-paragraph\">Manon Berberi (1er CYCLE)<\/p>\n\n\n\n<p class=\"wp-block-paragraph\">Kim Caouette (2e cycle)<\/p>\n\n\n\n<p class=\"wp-block-paragraph\">Catherine Veillette (3e CYCLE)<\/p>\n\n\n\n<p class=\"wp-block-paragraph\">Gabrielle Mineault (multi-niveaux)<\/p>\n\n\n\n<p class=\"wp-block-paragraph\">V\u00e9ronique Lariv\u00e9e-Thibault (multi-niveaux)<\/p>\n\n\n\n<p class=\"wp-block-paragraph\"><strong>P.E.H.<\/strong><\/p>\n\n\n\n<p class=\"wp-block-paragraph\">Natacha Gagn\u00e9<\/p>\n\n\n\n<p class=\"wp-block-paragraph\">Marilyne Laverdi\u00e8re<\/p>\n\n\n\n<p class=\"wp-block-paragraph\"><strong>SERVICE DE GARDE<\/strong><\/p>\n\n\n\n<p class=\"wp-block-paragraph\"><strong>Responsable du service de garde<\/strong><\/p>\n\n\n\n<p class=\"wp-block-paragraph\">Johanne Bouffard<\/p>\n\n\n\n<p class=\"wp-block-paragraph\"><strong>\u00c9ducatrice classe principale service de garde<\/strong><\/p>\n\n\n\n<p class=\"wp-block-paragraph\">Marie-Claude Guay<\/p>\n\n\n\n<p class=\"wp-block-paragraph\"><strong>\u00c9ducatrices du service de garde<\/strong><\/p>\n\n\n\n<p class=\"wp-block-paragraph\">Louise Nadeau, Jacinthe Roy, Elisabeth Lavoie, Nathalie Roger, Marie-Claude Allard, Marie-Claude Carrier, Soukina Mendili Lala,  Katherine Girard, Francine Drouin, Nancy Boivin, Marie-Claude Rondeau, Sylvie Ruel et Marie-Claude Guay<\/p>\n\n\n\n<p class=\"wp-block-paragraph\"><strong>Concierge<\/strong><\/p>\n\n\n\n<p class=\"wp-block-paragraph\">Madame Sonia<\/p>\n","protected":false},"excerpt":{"rendered":"<p>Notre personnel Directrice Nathalie Lavall\u00e9e ENSEIGNANTS Enseignantes du pr\u00e9scolaire Genevi\u00e8ve Boucher \u00c9lyse LeBlond Fontaine Enseignantes de 1re ann\u00e9e Jennifer Coulombe Karina Vachon Enseignantes de 2e ann\u00e9e Val\u00e9rie Demers St\u00e9phanie Rochon Enseignantes de 3e ann\u00e9e Caroline Gagn\u00e9 M\u00e9lanie Bergeron Enseignantes de 4e ann\u00e9e Val\u00e9rie Jutras \u00c9milie Ouellet Enseignantes&nbsp;de 5e ann\u00e9e St\u00e9phanie Carrier Olivier Couture Enseignantes 6e [&hellip;]<\/p>\n","protected":false},"author":1,"featured_media":0,"parent":6,"menu_order":0,"comment_status":"closed","ping_status":"closed","template":"","meta":{"_acf_changed":false,"_crdt_document":"","inline_featured_image":false,"footnotes":""},"categories":[],"tags":[],"class_list":["post-9","page","type-page","status-publish","hentry"],"acf":[],"yoast_head":"<!-- This site is optimized with the Yoast SEO plugin v27.3 - https:\/\/yoast.com\/product\/yoast-seo-wordpress\/ -->\n<title>Notre \u00e9quipe - \u00c9cole de la Rose-des-Vents<\/title>\n<meta name=\"robots\" content=\"index, follow, max-snippet:-1, max-image-preview:large, max-video-preview:-1\" \/>\n<link rel=\"canonical\" href=\"https:\/\/cssdn.gouv.qc.ca\/rosedesvents\/a-propos\/notre-equipe\/\" \/>\n<meta property=\"og:locale\" content=\"fr_CA\" \/>\n<meta property=\"og:type\" content=\"article\" \/>\n<meta property=\"og:title\" content=\"Notre \u00e9quipe - \u00c9cole de la Rose-des-Vents\" \/>\n<meta property=\"og:description\" content=\"Notre personnel Directrice Nathalie Lavall\u00e9e ENSEIGNANTS Enseignantes du pr\u00e9scolaire Genevi\u00e8ve Boucher \u00c9lyse LeBlond Fontaine Enseignantes de 1re ann\u00e9e Jennifer Coulombe Karina Vachon Enseignantes de 2e ann\u00e9e Val\u00e9rie Demers St\u00e9phanie Rochon Enseignantes de 3e ann\u00e9e Caroline Gagn\u00e9 M\u00e9lanie Bergeron Enseignantes de 4e ann\u00e9e Val\u00e9rie Jutras \u00c9milie Ouellet Enseignantes&nbsp;de 5e ann\u00e9e St\u00e9phanie Carrier Olivier Couture Enseignantes 6e [&hellip;]\" \/>\n<meta property=\"og:url\" content=\"https:\/\/cssdn.gouv.qc.ca\/rosedesvents\/a-propos\/notre-equipe\/\" \/>\n<meta property=\"og:site_name\" content=\"\u00c9cole de la Rose-des-Vents\" \/>\n<meta property=\"article:publisher\" content=\"https:\/\/www.facebook.com\/profile.php?id=100057576575102\" \/>\n<meta property=\"article:modified_time\" content=\"2026-02-16T13:20:03+00:00\" \/>\n<meta name=\"twitter:card\" content=\"summary_large_image\" \/>\n<meta name=\"twitter:label1\" content=\"Estimation du temps de lecture\" \/>\n\t<meta name=\"twitter:data1\" content=\"2 minutes\" \/>\n<script type=\"application\/ld+json\" class=\"yoast-schema-graph\">{\"@context\":\"https:\\\/\\\/schema.org\",\"@graph\":[{\"@type\":\"WebPage\",\"@id\":\"https:\\\/\\\/cssdn.gouv.qc.ca\\\/rosedesvents\\\/a-propos\\\/notre-equipe\\\/\",\"url\":\"https:\\\/\\\/cssdn.gouv.qc.ca\\\/rosedesvents\\\/a-propos\\\/notre-equipe\\\/\",\"name\":\"Notre \u00e9quipe - \u00c9cole de la Rose-des-Vents\",\"isPartOf\":{\"@id\":\"https:\\\/\\\/cssdn.gouv.qc.ca\\\/rosedesvents\\\/#website\"},\"primaryImageOfPage\":{\"@id\":\"https:\\\/\\\/cssdn.gouv.qc.ca\\\/rosedesvents\\\/a-propos\\\/notre-equipe\\\/#primaryimage\"},\"image\":{\"@id\":\"https:\\\/\\\/cssdn.gouv.qc.ca\\\/rosedesvents\\\/a-propos\\\/notre-equipe\\\/#primaryimage\"},\"thumbnailUrl\":\"https:\\\/\\\/cssdn.gouv.qc.ca\\\/wp-content\\\/uploads\\\/2022\\\/08\\\/Seawire-Hero-06.jpg\",\"datePublished\":\"2022-11-08T21:07:54+00:00\",\"dateModified\":\"2026-02-16T13:20:03+00:00\",\"breadcrumb\":{\"@id\":\"https:\\\/\\\/cssdn.gouv.qc.ca\\\/rosedesvents\\\/a-propos\\\/notre-equipe\\\/#breadcrumb\"},\"inLanguage\":\"fr-CA\",\"potentialAction\":[{\"@type\":\"ReadAction\",\"target\":[\"https:\\\/\\\/cssdn.gouv.qc.ca\\\/rosedesvents\\\/a-propos\\\/notre-equipe\\\/\"]}]},{\"@type\":\"ImageObject\",\"inLanguage\":\"fr-CA\",\"@id\":\"https:\\\/\\\/cssdn.gouv.qc.ca\\\/rosedesvents\\\/a-propos\\\/notre-equipe\\\/#primaryimage\",\"url\":\"https:\\\/\\\/cssdn.gouv.qc.ca\\\/wp-content\\\/uploads\\\/2022\\\/08\\\/Seawire-Hero-06.jpg\",\"contentUrl\":\"https:\\\/\\\/cssdn.gouv.qc.ca\\\/wp-content\\\/uploads\\\/2022\\\/08\\\/Seawire-Hero-06.jpg\"},{\"@type\":\"BreadcrumbList\",\"@id\":\"https:\\\/\\\/cssdn.gouv.qc.ca\\\/rosedesvents\\\/a-propos\\\/notre-equipe\\\/#breadcrumb\",\"itemListElement\":[{\"@type\":\"ListItem\",\"position\":1,\"name\":\"Accueil\",\"item\":\"https:\\\/\\\/cssdn.gouv.qc.ca\\\/rosedesvents\\\/\"},{\"@type\":\"ListItem\",\"position\":2,\"name\":\"\u00c0 propos\",\"item\":\"https:\\\/\\\/cssdn.gouv.qc.ca\\\/rosedesvents\\\/a-propos\\\/\"},{\"@type\":\"ListItem\",\"position\":3,\"name\":\"Notre \u00e9quipe\"}]},{\"@type\":\"WebSite\",\"@id\":\"https:\\\/\\\/cssdn.gouv.qc.ca\\\/rosedesvents\\\/#website\",\"url\":\"https:\\\/\\\/cssdn.gouv.qc.ca\\\/rosedesvents\\\/\",\"name\":\"\u00c9cole de la Rose-des-Vents\",\"description\":\"Un site des centres de services scolaires des Navigateurs\",\"publisher\":{\"@id\":\"https:\\\/\\\/cssdn.gouv.qc.ca\\\/rosedesvents\\\/#organization\"},\"potentialAction\":[{\"@type\":\"SearchAction\",\"target\":{\"@type\":\"EntryPoint\",\"urlTemplate\":\"https:\\\/\\\/cssdn.gouv.qc.ca\\\/rosedesvents\\\/?s={search_term_string}\"},\"query-input\":{\"@type\":\"PropertyValueSpecification\",\"valueRequired\":true,\"valueName\":\"search_term_string\"}}],\"inLanguage\":\"fr-CA\"},{\"@type\":\"Organization\",\"@id\":\"https:\\\/\\\/cssdn.gouv.qc.ca\\\/rosedesvents\\\/#organization\",\"name\":\"\u00c9cole de la Rose-des-Vents\",\"url\":\"https:\\\/\\\/cssdn.gouv.qc.ca\\\/rosedesvents\\\/\",\"logo\":{\"@type\":\"ImageObject\",\"inLanguage\":\"fr-CA\",\"@id\":\"https:\\\/\\\/cssdn.gouv.qc.ca\\\/rosedesvents\\\/#\\\/schema\\\/logo\\\/image\\\/\",\"url\":\"https:\\\/\\\/cssdn.gouv.qc.ca\\\/rosedesvents\\\/wp-content\\\/uploads\\\/sites\\\/54\\\/2023\\\/01\\\/logo_quebec.svg\",\"contentUrl\":\"https:\\\/\\\/cssdn.gouv.qc.ca\\\/rosedesvents\\\/wp-content\\\/uploads\\\/sites\\\/54\\\/2023\\\/01\\\/logo_quebec.svg\",\"width\":188,\"height\":41,\"caption\":\"\u00c9cole de la Rose-des-Vents\"},\"image\":{\"@id\":\"https:\\\/\\\/cssdn.gouv.qc.ca\\\/rosedesvents\\\/#\\\/schema\\\/logo\\\/image\\\/\"},\"sameAs\":[\"https:\\\/\\\/www.facebook.com\\\/profile.php?id=100057576575102\"]}]}<\/script>\n<!-- \/ Yoast SEO plugin. -->","yoast_head_json":{"title":"Notre \u00e9quipe - \u00c9cole de la Rose-des-Vents","robots":{"index":"index","follow":"follow","max-snippet":"max-snippet:-1","max-image-preview":"max-image-preview:large","max-video-preview":"max-video-preview:-1"},"canonical":"https:\/\/cssdn.gouv.qc.ca\/rosedesvents\/a-propos\/notre-equipe\/","og_locale":"fr_CA","og_type":"article","og_title":"Notre \u00e9quipe - \u00c9cole de la Rose-des-Vents","og_description":"Notre personnel Directrice Nathalie Lavall\u00e9e ENSEIGNANTS Enseignantes du pr\u00e9scolaire Genevi\u00e8ve Boucher \u00c9lyse LeBlond Fontaine Enseignantes de 1re ann\u00e9e Jennifer Coulombe Karina Vachon Enseignantes de 2e ann\u00e9e Val\u00e9rie Demers St\u00e9phanie Rochon Enseignantes de 3e ann\u00e9e Caroline Gagn\u00e9 M\u00e9lanie Bergeron Enseignantes de 4e ann\u00e9e Val\u00e9rie Jutras \u00c9milie Ouellet Enseignantes&nbsp;de 5e ann\u00e9e St\u00e9phanie Carrier Olivier Couture Enseignantes 6e [&hellip;]","og_url":"https:\/\/cssdn.gouv.qc.ca\/rosedesvents\/a-propos\/notre-equipe\/","og_site_name":"\u00c9cole de la Rose-des-Vents","article_publisher":"https:\/\/www.facebook.com\/profile.php?id=100057576575102","article_modified_time":"2026-02-16T13:20:03+00:00","twitter_card":"summary_large_image","twitter_misc":{"Estimation du temps de lecture":"2 minutes"},"schema":{"@context":"https:\/\/schema.org","@graph":[{"@type":"WebPage","@id":"https:\/\/cssdn.gouv.qc.ca\/rosedesvents\/a-propos\/notre-equipe\/","url":"https:\/\/cssdn.gouv.qc.ca\/rosedesvents\/a-propos\/notre-equipe\/","name":"Notre \u00e9quipe - \u00c9cole de la Rose-des-Vents","isPartOf":{"@id":"https:\/\/cssdn.gouv.qc.ca\/rosedesvents\/#website"},"primaryImageOfPage":{"@id":"https:\/\/cssdn.gouv.qc.ca\/rosedesvents\/a-propos\/notre-equipe\/#primaryimage"},"image":{"@id":"https:\/\/cssdn.gouv.qc.ca\/rosedesvents\/a-propos\/notre-equipe\/#primaryimage"},"thumbnailUrl":"https:\/\/cssdn.gouv.qc.ca\/wp-content\/uploads\/2022\/08\/Seawire-Hero-06.jpg","datePublished":"2022-11-08T21:07:54+00:00","dateModified":"2026-02-16T13:20:03+00:00","breadcrumb":{"@id":"https:\/\/cssdn.gouv.qc.ca\/rosedesvents\/a-propos\/notre-equipe\/#breadcrumb"},"inLanguage":"fr-CA","potentialAction":[{"@type":"ReadAction","target":["https:\/\/cssdn.gouv.qc.ca\/rosedesvents\/a-propos\/notre-equipe\/"]}]},{"@type":"ImageObject","inLanguage":"fr-CA","@id":"https:\/\/cssdn.gouv.qc.ca\/rosedesvents\/a-propos\/notre-equipe\/#primaryimage","url":"https:\/\/cssdn.gouv.qc.ca\/wp-content\/uploads\/2022\/08\/Seawire-Hero-06.jpg","contentUrl":"https:\/\/cssdn.gouv.qc.ca\/wp-content\/uploads\/2022\/08\/Seawire-Hero-06.jpg"},{"@type":"BreadcrumbList","@id":"https:\/\/cssdn.gouv.qc.ca\/rosedesvents\/a-propos\/notre-equipe\/#breadcrumb","itemListElement":[{"@type":"ListItem","position":1,"name":"Accueil","item":"https:\/\/cssdn.gouv.qc.ca\/rosedesvents\/"},{"@type":"ListItem","position":2,"name":"\u00c0 propos","item":"https:\/\/cssdn.gouv.qc.ca\/rosedesvents\/a-propos\/"},{"@type":"ListItem","position":3,"name":"Notre \u00e9quipe"}]},{"@type":"WebSite","@id":"https:\/\/cssdn.gouv.qc.ca\/rosedesvents\/#website","url":"https:\/\/cssdn.gouv.qc.ca\/rosedesvents\/","name":"\u00c9cole de la Rose-des-Vents","description":"Un site des centres de services scolaires des Navigateurs","publisher":{"@id":"https:\/\/cssdn.gouv.qc.ca\/rosedesvents\/#organization"},"potentialAction":[{"@type":"SearchAction","target":{"@type":"EntryPoint","urlTemplate":"https:\/\/cssdn.gouv.qc.ca\/rosedesvents\/?s={search_term_string}"},"query-input":{"@type":"PropertyValueSpecification","valueRequired":true,"valueName":"search_term_string"}}],"inLanguage":"fr-CA"},{"@type":"Organization","@id":"https:\/\/cssdn.gouv.qc.ca\/rosedesvents\/#organization","name":"\u00c9cole de la Rose-des-Vents","url":"https:\/\/cssdn.gouv.qc.ca\/rosedesvents\/","logo":{"@type":"ImageObject","inLanguage":"fr-CA","@id":"https:\/\/cssdn.gouv.qc.ca\/rosedesvents\/#\/schema\/logo\/image\/","url":"https:\/\/cssdn.gouv.qc.ca\/rosedesvents\/wp-content\/uploads\/sites\/54\/2023\/01\/logo_quebec.svg","contentUrl":"https:\/\/cssdn.gouv.qc.ca\/rosedesvents\/wp-content\/uploads\/sites\/54\/2023\/01\/logo_quebec.svg","width":188,"height":41,"caption":"\u00c9cole de la Rose-des-Vents"},"image":{"@id":"https:\/\/cssdn.gouv.qc.ca\/rosedesvents\/#\/schema\/logo\/image\/"},"sameAs":["https:\/\/www.facebook.com\/profile.php?id=100057576575102"]}]}},"publishpress_future_action":{"enabled":false,"date":"2026-04-18 02:43:49","action":"change-status","newStatus":"draft","terms":[],"taxonomy":"category","extraData":[]},"publishpress_future_workflow_manual_trigger":{"enabledWorkflows":[]},"_links":{"self":[{"href":"https:\/\/cssdn.gouv.qc.ca\/rosedesvents\/wp-json\/wp\/v2\/pages\/9","targetHints":{"allow":["GET"]}}],"collection":[{"href":"https:\/\/cssdn.gouv.qc.ca\/rosedesvents\/wp-json\/wp\/v2\/pages"}],"about":[{"href":"https:\/\/cssdn.gouv.qc.ca\/rosedesvents\/wp-json\/wp\/v2\/types\/page"}],"author":[{"embeddable":true,"href":"https:\/\/cssdn.gouv.qc.ca\/rosedesvents\/wp-json\/wp\/v2\/users\/1"}],"replies":[{"embeddable":true,"href":"https:\/\/cssdn.gouv.qc.ca\/rosedesvents\/wp-json\/wp\/v2\/comments?post=9"}],"version-history":[{"count":0,"href":"https:\/\/cssdn.gouv.qc.ca\/rosedesvents\/wp-json\/wp\/v2\/pages\/9\/revisions"}],"up":[{"embeddable":true,"href":"https:\/\/cssdn.gouv.qc.ca\/rosedesvents\/wp-json\/wp\/v2\/pages\/6"}],"wp:attachment":[{"href":"https:\/\/cssdn.gouv.qc.ca\/rosedesvents\/wp-json\/wp\/v2\/media?parent=9"}],"wp:term":[{"taxonomy":"category","embeddable":true,"href":"https:\/\/cssdn.gouv.qc.ca\/rosedesvents\/wp-json\/wp\/v2\/categories?post=9"},{"taxonomy":"post_tag","embeddable":true,"href":"https:\/\/cssdn.gouv.qc.ca\/rosedesvents\/wp-json\/wp\/v2\/tags?post=9"}],"curies":[{"name":"wp","href":"https:\/\/api.w.org\/{rel}","templated":true}]}}