
{"id":16,"date":"2022-11-08T16:07:56","date_gmt":"2022-11-08T21:07:56","guid":{"rendered":"https:\/\/cssdn.gouv.qc.ca\/ruche\/service-de-garde\/"},"modified":"2025-06-27T09:20:59","modified_gmt":"2025-06-27T13:20:59","slug":"service-de-garde","status":"publish","type":"page","link":"https:\/\/cssdn.gouv.qc.ca\/ruche\/service-de-garde\/","title":{"rendered":"Service de garde"},"content":{"rendered":"\n<div class=\"wp-block-cover alignfull is-light is-style-title-banner\"><img decoding=\"async\" class=\"wp-block-cover__image-background wp-image-111 lazyload\" alt=\"\" data-src=\"https:\/\/cssdn.gouv.qc.ca\/wp-content\/uploads\/2022\/08\/Seawire-Hero-06.jpg\" data-object-fit=\"cover\" src=\"data:image\/svg+xml;base64,PHN2ZyB3aWR0aD0iMSIgaGVpZ2h0PSIxIiB4bWxucz0iaHR0cDovL3d3dy53My5vcmcvMjAwMC9zdmciPjwvc3ZnPg==\" \/><span aria-hidden=\"true\" class=\"wp-block-cover__background has-primary-background-color has-background-dim\"><\/span><div class=\"wp-block-cover__inner-container\"><h3 class=\"wp-block-post-title\">Service de garde<\/h3><\/div><\/div>\n\n\n\n<div class=\"wp-block-group alignfull has-padding-y-large has-secondary-background-color has-background\"><div class=\"yoast-breadcrumbs alignwide \"><span class=\"breadcrumbs\"><a href=\"https:\/\/cssdn.gouv.qc.ca\/ruche\/\" class=\"breadcrumbs__element\">Accueil<\/a> <span class=\"breadcrumbs__separator\">\n        <svg class=\"icon icon-breadcrumb__separator\"><use xlink:href=\"#icon-breadcrumb__separator\"><\/use><\/svg>\n    <\/span> <span class=\"breadcrumbs__element breadcrumbs__element-current\">Service de garde<\/span><\/span><\/div><\/div>\n\n\n\n<p class=\"wp-block-paragraph\">Le R\u00e8glement sur les services de garde en milieu scolaire d\u00e9finit ces services de la fa\u00e7on suivante :<\/p>\n\n\n\n<p class=\"wp-block-paragraph\">\u00ab Les services de garde en milieu scolaire assurent la garde des \u00e9l\u00e8ves de l\u2019\u00e9ducation pr\u00e9scolaire et de l\u2019enseignement primaire d\u2019une commission scolaire, en dehors des p\u00e9riodes o\u00f9 des services \u00e9ducatifs leur sont dispens\u00e9s. \u00bb (R\u00e8glement, article 1)<\/p>\n\n\n\n<p class=\"wp-block-paragraph\">Les services de garde offerts en milieu scolaire compl\u00e8tent les services \u00e9ducatifs fournis par l\u2019\u00e9cole et sont principalement ax\u00e9s sur des activit\u00e9s r\u00e9cr\u00e9atives. Dans le but d\u2019offrir un service suppl\u00e9mentaire \u00e0 l\u2019\u00e9cole et d\u2019assurer la continuit\u00e9 de sa mission \u00e9ducative, la planification des activit\u00e9s des services de garde en milieu scolaire fait partie int\u00e9grante du projet \u00e9ducatif de l\u2019\u00e9cole.<\/p>\n\n\n\n<p class=\"wp-block-paragraph\">Document de r\u00e9gie interne du service de garde Ruche et Dominique Savio&nbsp;<a href=\"https:\/\/web.cssdn.gouv.qc.ca\/sites\/default\/files\/u1576\/document_des_regles_de_fonctionnement_sdg_21-22.pdf\">cliquez ici<\/a><\/p>\n\n\n\n<h3 class=\"wp-block-heading\">V<strong>oici l&rsquo;horaire des p\u00e9riodes au service de garde pour l&rsquo;\u00e9cole de la&nbsp; Ruche et Dominique Savio:<\/strong><\/h3>\n\n\n\n<ul class=\"wp-block-list\">\n<li>Matin: 7h00 \u00e0 7h55<\/li>\n\n\n\n<li>&nbsp;Midi: 11h25 \u00e0 12h50<\/li>\n\n\n\n<li>P\u00e9riode pr\u00e9scolaire: 14h17 \u00e0 15h20 (\u00e9cole Dominique Savio)<\/li>\n\n\n\n<li>Soir: 15h20 \u00e0 18h00<\/li>\n<\/ul>\n\n\n\n<h3 class=\"wp-block-heading\"><strong>Pour faire une modification de la r\u00e9servation de base :<\/strong><\/h3>\n\n\n\n<p class=\"wp-block-paragraph\">Un changement de fr\u00e9quentation est possible, sur demande, pour un maximum de deux fois par ann\u00e9e scolaire par enfant en respectant un pr\u00e9avis de deux semaines. Les parents doivent remplir le formulaire pr\u00e9vu \u00e0 cet effet et nous le retourner au service de garde. &nbsp;&nbsp;<a href=\"https:\/\/web.cssdn.gouv.qc.ca\/sites\/default\/files\/u1576\/nouveau_changement_frequentation.pdf\">cliquez ici<\/a>&nbsp;pour le formulaire de changement de fr\u00e9quentation.<\/p>\n\n\n\n<p class=\"wp-block-paragraph\">Si votre enfant est en&nbsp;<strong>garde partag\u00e9e<\/strong>, vous devez compl\u00e9ter un calendrier afin de conna\u00eetre les jours de garde pour chaque parent.&nbsp;&nbsp;<a href=\"https:\/\/web.cssdn.gouv.qc.ca\/sites\/default\/files\/u1576\/calendrier_de_garde_partagee_21-22_-_format_lettre.pdf\">cliquez ici<\/a><\/p>\n\n\n\n<p class=\"wp-block-paragraph\"><strong>Pour autoriser votre enfant pour un d\u00e9part \u00e0 pied<\/strong>&nbsp;<a href=\"https:\/\/web.cssdn.gouv.qc.ca\/sites\/default\/files\/u1576\/sdg_autorisation_de_depart_seul_et_a_pied.pdf\">cliquez ici<\/a>&nbsp;pour avoir acc\u00e8s au formulaire.<\/p>\n\n\n\n<h2 class=\"wp-block-heading\">Programme d&rsquo;activit\u00e9s<\/h2>\n\n\n\n<p class=\"wp-block-paragraph\">Les \u00c9coles de La Ruche et du Tournesol, sont des milieux de vie dynamiques. Activit\u00e9s et projets sont au menu tous les jours pour les enfants et ce, que ce soit en classe ou au service de garde. En effet, la collaboration entre l&rsquo;\u00e9cole et le service de garde fait notre fiert\u00e9 et nous travaillons sans cesse \u00e0 la maintenir.<\/p>\n\n\n\n<p class=\"wp-block-paragraph\">Vous trouverez ci-dessous les programmes \u00e9ducatifs des deux \u00e9coles de St-R\u00e9dempteur. Comme vous pourrez le constater, en plus d&rsquo;assurer la s\u00e9curit\u00e9 de vos enfants au quotidien et de d\u00e9velopper leurs habilet\u00e9s sociales par le biais de diff\u00e9rentes activit\u00e9s, le programme \u00e9ducatif de chacune des \u00e9coles participe \u00e0 sa fa\u00e7on \u00e0 l&rsquo;atteinte des objectifs du projet \u00e9ducatif de nos deux \u00e9tablissements scolaires.<\/p>\n\n\n\n<p class=\"wp-block-paragraph\">Pour consulter le programme \u00e9ducatif de l&rsquo;\u00c9cole de La Ruche,\u00a0<a href=\"https:\/\/web.cssdn.gouv.qc.ca\/sites\/default\/files\/u566\/programmeeduatifservicedegarde20152016.pdf\">cliquez ici.<\/a><\/p>\n\n\n\n<p class=\"wp-block-paragraph\">Pour consulter le programme \u00e9ducatif de Dominique Savio,\u00a0<a href=\"https:\/\/web.cssdn.gouv.qc.ca\/sites\/default\/files\/u566\/programmeeduatifservicedegarde20152016.pdf\">cliquez ici.<\/a><\/p>\n\n\n\n<p class=\"wp-block-paragraph\">Pour consulter le programme \u00e9ducatif de l&rsquo;\u00c9cole du Tournesol,&nbsp;<a href=\"https:\/\/web.cssdn.gouv.qc.ca\/sites\/default\/files\/u333\/programme_educatif_2016_corrige.pdf\">cliquez ici.<\/a><\/p>\n\n\n\n<p class=\"wp-block-paragraph\"><\/p>\n","protected":false},"excerpt":{"rendered":"<p>Le R\u00e8glement sur les services de garde en milieu scolaire d\u00e9finit ces services de la fa\u00e7on suivante : \u00ab Les services de garde en milieu scolaire assurent la garde des \u00e9l\u00e8ves de l\u2019\u00e9ducation pr\u00e9scolaire et de l\u2019enseignement primaire d\u2019une commission scolaire, en dehors des p\u00e9riodes o\u00f9 des services \u00e9ducatifs leur sont dispens\u00e9s. \u00bb (R\u00e8glement, article [&hellip;]<\/p>\n","protected":false},"author":1,"featured_media":0,"parent":0,"menu_order":40,"comment_status":"closed","ping_status":"closed","template":"","meta":{"_acf_changed":false,"_crdt_document":"","inline_featured_image":false,"footnotes":""},"categories":[],"tags":[],"class_list":["post-16","page","type-page","status-publish","hentry"],"acf":[],"yoast_head":"<!-- This site is optimized with the Yoast SEO plugin v27.4 - https:\/\/yoast.com\/product\/yoast-seo-wordpress\/ -->\n<title>Service de garde - \u00c9coles de la Ruche, Dominique-Savio et du\u00a0Tournesol<\/title>\n<meta name=\"robots\" content=\"index, follow, max-snippet:-1, max-image-preview:large, max-video-preview:-1\" \/>\n<link rel=\"canonical\" href=\"https:\/\/cssdn.gouv.qc.ca\/ruche\/service-de-garde\/\" \/>\n<meta property=\"og:locale\" content=\"fr_CA\" \/>\n<meta property=\"og:type\" content=\"article\" \/>\n<meta property=\"og:title\" content=\"Service de garde - \u00c9coles de la Ruche, Dominique-Savio et du\u00a0Tournesol\" \/>\n<meta property=\"og:description\" content=\"Le R\u00e8glement sur les services de garde en milieu scolaire d\u00e9finit ces services de la fa\u00e7on suivante : \u00ab Les services de garde en milieu scolaire assurent la garde des \u00e9l\u00e8ves de l\u2019\u00e9ducation pr\u00e9scolaire et de l\u2019enseignement primaire d\u2019une commission scolaire, en dehors des p\u00e9riodes o\u00f9 des services \u00e9ducatifs leur sont dispens\u00e9s. \u00bb (R\u00e8glement, article [&hellip;]\" \/>\n<meta property=\"og:url\" content=\"https:\/\/cssdn.gouv.qc.ca\/ruche\/service-de-garde\/\" \/>\n<meta property=\"og:site_name\" content=\"\u00c9coles de la Ruche, Dominique-Savio et du\u00a0Tournesol\" \/>\n<meta property=\"article:publisher\" content=\"https:\/\/www.facebook.com\/CSSNavigateurs\/\" \/>\n<meta property=\"article:modified_time\" content=\"2025-06-27T13:20:59+00:00\" \/>\n<meta property=\"og:image\" content=\"https:\/\/cssdn.gouv.qc.ca\/ruche\/wp-content\/uploads\/sites\/55\/2022\/12\/ruche-ds-tournesol.jpg\" \/>\n\t<meta property=\"og:image:width\" content=\"2093\" \/>\n\t<meta property=\"og:image:height\" content=\"887\" \/>\n\t<meta property=\"og:image:type\" content=\"image\/jpeg\" \/>\n<meta name=\"twitter:card\" content=\"summary_large_image\" \/>\n<meta name=\"twitter:label1\" content=\"Estimation du temps de lecture\" \/>\n\t<meta name=\"twitter:data1\" content=\"3 minutes\" \/>\n<script type=\"application\/ld+json\" class=\"yoast-schema-graph\">{\"@context\":\"https:\\\/\\\/schema.org\",\"@graph\":[{\"@type\":\"WebPage\",\"@id\":\"https:\\\/\\\/cssdn.gouv.qc.ca\\\/ruche\\\/service-de-garde\\\/\",\"url\":\"https:\\\/\\\/cssdn.gouv.qc.ca\\\/ruche\\\/service-de-garde\\\/\",\"name\":\"Service de garde - \u00c9coles de la Ruche, Dominique-Savio et du\u00a0Tournesol\",\"isPartOf\":{\"@id\":\"https:\\\/\\\/cssdn.gouv.qc.ca\\\/ruche\\\/#website\"},\"primaryImageOfPage\":{\"@id\":\"https:\\\/\\\/cssdn.gouv.qc.ca\\\/ruche\\\/service-de-garde\\\/#primaryimage\"},\"image\":{\"@id\":\"https:\\\/\\\/cssdn.gouv.qc.ca\\\/ruche\\\/service-de-garde\\\/#primaryimage\"},\"thumbnailUrl\":\"https:\\\/\\\/cssdn.gouv.qc.ca\\\/wp-content\\\/uploads\\\/2022\\\/08\\\/Seawire-Hero-06.jpg\",\"datePublished\":\"2022-11-08T21:07:56+00:00\",\"dateModified\":\"2025-06-27T13:20:59+00:00\",\"breadcrumb\":{\"@id\":\"https:\\\/\\\/cssdn.gouv.qc.ca\\\/ruche\\\/service-de-garde\\\/#breadcrumb\"},\"inLanguage\":\"fr-CA\",\"potentialAction\":[{\"@type\":\"ReadAction\",\"target\":[\"https:\\\/\\\/cssdn.gouv.qc.ca\\\/ruche\\\/service-de-garde\\\/\"]}]},{\"@type\":\"ImageObject\",\"inLanguage\":\"fr-CA\",\"@id\":\"https:\\\/\\\/cssdn.gouv.qc.ca\\\/ruche\\\/service-de-garde\\\/#primaryimage\",\"url\":\"https:\\\/\\\/cssdn.gouv.qc.ca\\\/wp-content\\\/uploads\\\/2022\\\/08\\\/Seawire-Hero-06.jpg\",\"contentUrl\":\"https:\\\/\\\/cssdn.gouv.qc.ca\\\/wp-content\\\/uploads\\\/2022\\\/08\\\/Seawire-Hero-06.jpg\"},{\"@type\":\"BreadcrumbList\",\"@id\":\"https:\\\/\\\/cssdn.gouv.qc.ca\\\/ruche\\\/service-de-garde\\\/#breadcrumb\",\"itemListElement\":[{\"@type\":\"ListItem\",\"position\":1,\"name\":\"Accueil\",\"item\":\"https:\\\/\\\/cssdn.gouv.qc.ca\\\/ruche\\\/\"},{\"@type\":\"ListItem\",\"position\":2,\"name\":\"Service de garde\"}]},{\"@type\":\"WebSite\",\"@id\":\"https:\\\/\\\/cssdn.gouv.qc.ca\\\/ruche\\\/#website\",\"url\":\"https:\\\/\\\/cssdn.gouv.qc.ca\\\/ruche\\\/\",\"name\":\"\u00c9coles de la Ruche, Dominique-Savio et du\u00a0Tournesol\",\"description\":\"Un site des centres de services scolaires des Navigateurs\",\"publisher\":{\"@id\":\"https:\\\/\\\/cssdn.gouv.qc.ca\\\/ruche\\\/#organization\"},\"potentialAction\":[{\"@type\":\"SearchAction\",\"target\":{\"@type\":\"EntryPoint\",\"urlTemplate\":\"https:\\\/\\\/cssdn.gouv.qc.ca\\\/ruche\\\/?s={search_term_string}\"},\"query-input\":{\"@type\":\"PropertyValueSpecification\",\"valueRequired\":true,\"valueName\":\"search_term_string\"}}],\"inLanguage\":\"fr-CA\"},{\"@type\":\"Organization\",\"@id\":\"https:\\\/\\\/cssdn.gouv.qc.ca\\\/ruche\\\/#organization\",\"name\":\"\u00c9coles de la Ruche, Dominique-Savio et du\u00a0Tournesol\",\"url\":\"https:\\\/\\\/cssdn.gouv.qc.ca\\\/ruche\\\/\",\"logo\":{\"@type\":\"ImageObject\",\"inLanguage\":\"fr-CA\",\"@id\":\"https:\\\/\\\/cssdn.gouv.qc.ca\\\/ruche\\\/#\\\/schema\\\/logo\\\/image\\\/\",\"url\":\"https:\\\/\\\/cssdn.gouv.qc.ca\\\/ruche\\\/wp-content\\\/uploads\\\/sites\\\/55\\\/2023\\\/01\\\/logo_quebec.svg\",\"contentUrl\":\"https:\\\/\\\/cssdn.gouv.qc.ca\\\/ruche\\\/wp-content\\\/uploads\\\/sites\\\/55\\\/2023\\\/01\\\/logo_quebec.svg\",\"width\":188,\"height\":41,\"caption\":\"\u00c9coles de la Ruche, Dominique-Savio et du\u00a0Tournesol\"},\"image\":{\"@id\":\"https:\\\/\\\/cssdn.gouv.qc.ca\\\/ruche\\\/#\\\/schema\\\/logo\\\/image\\\/\"},\"sameAs\":[\"https:\\\/\\\/www.facebook.com\\\/CSSNavigateurs\\\/\"]}]}<\/script>\n<!-- \/ Yoast SEO plugin. -->","yoast_head_json":{"title":"Service de garde - \u00c9coles de la Ruche, Dominique-Savio et du\u00a0Tournesol","robots":{"index":"index","follow":"follow","max-snippet":"max-snippet:-1","max-image-preview":"max-image-preview:large","max-video-preview":"max-video-preview:-1"},"canonical":"https:\/\/cssdn.gouv.qc.ca\/ruche\/service-de-garde\/","og_locale":"fr_CA","og_type":"article","og_title":"Service de garde - \u00c9coles de la Ruche, Dominique-Savio et du\u00a0Tournesol","og_description":"Le R\u00e8glement sur les services de garde en milieu scolaire d\u00e9finit ces services de la fa\u00e7on suivante : \u00ab Les services de garde en milieu scolaire assurent la garde des \u00e9l\u00e8ves de l\u2019\u00e9ducation pr\u00e9scolaire et de l\u2019enseignement primaire d\u2019une commission scolaire, en dehors des p\u00e9riodes o\u00f9 des services \u00e9ducatifs leur sont dispens\u00e9s. \u00bb (R\u00e8glement, article [&hellip;]","og_url":"https:\/\/cssdn.gouv.qc.ca\/ruche\/service-de-garde\/","og_site_name":"\u00c9coles de la Ruche, Dominique-Savio et du\u00a0Tournesol","article_publisher":"https:\/\/www.facebook.com\/CSSNavigateurs\/","article_modified_time":"2025-06-27T13:20:59+00:00","og_image":[{"width":2093,"height":887,"url":"https:\/\/cssdn.gouv.qc.ca\/ruche\/wp-content\/uploads\/sites\/55\/2022\/12\/ruche-ds-tournesol.jpg","type":"image\/jpeg"}],"twitter_card":"summary_large_image","twitter_misc":{"Estimation du temps de lecture":"3 minutes"},"schema":{"@context":"https:\/\/schema.org","@graph":[{"@type":"WebPage","@id":"https:\/\/cssdn.gouv.qc.ca\/ruche\/service-de-garde\/","url":"https:\/\/cssdn.gouv.qc.ca\/ruche\/service-de-garde\/","name":"Service de garde - \u00c9coles de la Ruche, Dominique-Savio et du\u00a0Tournesol","isPartOf":{"@id":"https:\/\/cssdn.gouv.qc.ca\/ruche\/#website"},"primaryImageOfPage":{"@id":"https:\/\/cssdn.gouv.qc.ca\/ruche\/service-de-garde\/#primaryimage"},"image":{"@id":"https:\/\/cssdn.gouv.qc.ca\/ruche\/service-de-garde\/#primaryimage"},"thumbnailUrl":"https:\/\/cssdn.gouv.qc.ca\/wp-content\/uploads\/2022\/08\/Seawire-Hero-06.jpg","datePublished":"2022-11-08T21:07:56+00:00","dateModified":"2025-06-27T13:20:59+00:00","breadcrumb":{"@id":"https:\/\/cssdn.gouv.qc.ca\/ruche\/service-de-garde\/#breadcrumb"},"inLanguage":"fr-CA","potentialAction":[{"@type":"ReadAction","target":["https:\/\/cssdn.gouv.qc.ca\/ruche\/service-de-garde\/"]}]},{"@type":"ImageObject","inLanguage":"fr-CA","@id":"https:\/\/cssdn.gouv.qc.ca\/ruche\/service-de-garde\/#primaryimage","url":"https:\/\/cssdn.gouv.qc.ca\/wp-content\/uploads\/2022\/08\/Seawire-Hero-06.jpg","contentUrl":"https:\/\/cssdn.gouv.qc.ca\/wp-content\/uploads\/2022\/08\/Seawire-Hero-06.jpg"},{"@type":"BreadcrumbList","@id":"https:\/\/cssdn.gouv.qc.ca\/ruche\/service-de-garde\/#breadcrumb","itemListElement":[{"@type":"ListItem","position":1,"name":"Accueil","item":"https:\/\/cssdn.gouv.qc.ca\/ruche\/"},{"@type":"ListItem","position":2,"name":"Service de garde"}]},{"@type":"WebSite","@id":"https:\/\/cssdn.gouv.qc.ca\/ruche\/#website","url":"https:\/\/cssdn.gouv.qc.ca\/ruche\/","name":"\u00c9coles de la Ruche, Dominique-Savio et du\u00a0Tournesol","description":"Un site des centres de services scolaires des Navigateurs","publisher":{"@id":"https:\/\/cssdn.gouv.qc.ca\/ruche\/#organization"},"potentialAction":[{"@type":"SearchAction","target":{"@type":"EntryPoint","urlTemplate":"https:\/\/cssdn.gouv.qc.ca\/ruche\/?s={search_term_string}"},"query-input":{"@type":"PropertyValueSpecification","valueRequired":true,"valueName":"search_term_string"}}],"inLanguage":"fr-CA"},{"@type":"Organization","@id":"https:\/\/cssdn.gouv.qc.ca\/ruche\/#organization","name":"\u00c9coles de la Ruche, Dominique-Savio et du\u00a0Tournesol","url":"https:\/\/cssdn.gouv.qc.ca\/ruche\/","logo":{"@type":"ImageObject","inLanguage":"fr-CA","@id":"https:\/\/cssdn.gouv.qc.ca\/ruche\/#\/schema\/logo\/image\/","url":"https:\/\/cssdn.gouv.qc.ca\/ruche\/wp-content\/uploads\/sites\/55\/2023\/01\/logo_quebec.svg","contentUrl":"https:\/\/cssdn.gouv.qc.ca\/ruche\/wp-content\/uploads\/sites\/55\/2023\/01\/logo_quebec.svg","width":188,"height":41,"caption":"\u00c9coles de la Ruche, Dominique-Savio et du\u00a0Tournesol"},"image":{"@id":"https:\/\/cssdn.gouv.qc.ca\/ruche\/#\/schema\/logo\/image\/"},"sameAs":["https:\/\/www.facebook.com\/CSSNavigateurs\/"]}]}},"publishpress_future_action":{"enabled":false,"date":"2026-04-26 12:01:44","action":"change-status","newStatus":"draft","terms":[],"taxonomy":"category","extraData":[]},"publishpress_future_workflow_manual_trigger":{"enabledWorkflows":[]},"_links":{"self":[{"href":"https:\/\/cssdn.gouv.qc.ca\/ruche\/wp-json\/wp\/v2\/pages\/16","targetHints":{"allow":["GET"]}}],"collection":[{"href":"https:\/\/cssdn.gouv.qc.ca\/ruche\/wp-json\/wp\/v2\/pages"}],"about":[{"href":"https:\/\/cssdn.gouv.qc.ca\/ruche\/wp-json\/wp\/v2\/types\/page"}],"author":[{"embeddable":true,"href":"https:\/\/cssdn.gouv.qc.ca\/ruche\/wp-json\/wp\/v2\/users\/1"}],"replies":[{"embeddable":true,"href":"https:\/\/cssdn.gouv.qc.ca\/ruche\/wp-json\/wp\/v2\/comments?post=16"}],"version-history":[{"count":0,"href":"https:\/\/cssdn.gouv.qc.ca\/ruche\/wp-json\/wp\/v2\/pages\/16\/revisions"}],"wp:attachment":[{"href":"https:\/\/cssdn.gouv.qc.ca\/ruche\/wp-json\/wp\/v2\/media?parent=16"}],"wp:term":[{"taxonomy":"category","embeddable":true,"href":"https:\/\/cssdn.gouv.qc.ca\/ruche\/wp-json\/wp\/v2\/categories?post=16"},{"taxonomy":"post_tag","embeddable":true,"href":"https:\/\/cssdn.gouv.qc.ca\/ruche\/wp-json\/wp\/v2\/tags?post=16"}],"curies":[{"name":"wp","href":"https:\/\/api.w.org\/{rel}","templated":true}]}}