
{"id":427,"date":"2023-01-09T16:31:32","date_gmt":"2023-01-09T21:31:32","guid":{"rendered":"https:\/\/cssdn.gouv.qc.ca\/ruche\/?page_id=427"},"modified":"2024-06-28T12:55:03","modified_gmt":"2024-06-28T16:55:03","slug":"1-2","status":"publish","type":"page","link":"https:\/\/cssdn.gouv.qc.ca\/ruche\/vie-scolaire\/1-2\/","title":{"rendered":"Conseil \u00e9tudiant"},"content":{"rendered":"\n<div class=\"wp-block-cover alignfull is-light is-style-title-banner\"><span aria-hidden=\"true\" class=\"wp-block-cover__background has-primary-background-color has-background-dim\"><\/span><img decoding=\"async\" class=\"wp-block-cover__image-background wp-image-111 lazyload\" alt=\"\" data-src=\"https:\/\/cssdn.gouv.qc.ca\/wp-content\/uploads\/2022\/08\/Seawire-Hero-06.jpg\" data-object-fit=\"cover\" src=\"data:image\/svg+xml;base64,PHN2ZyB3aWR0aD0iMSIgaGVpZ2h0PSIxIiB4bWxucz0iaHR0cDovL3d3dy53My5vcmcvMjAwMC9zdmciPjwvc3ZnPg==\" \/><div class=\"wp-block-cover__inner-container\"><h3 class=\"wp-block-post-title\">Conseil \u00e9tudiant<\/h3><\/div><\/div>\n\n\n\n<div class=\"wp-block-group alignfull has-padding-y-large has-secondary-background-color has-background\"><div class=\"yoast-breadcrumbs alignwide \"><span class=\"breadcrumbs\"><a href=\"https:\/\/cssdn.gouv.qc.ca\/ruche\/\" class=\"breadcrumbs__element\">Accueil<\/a> <span class=\"breadcrumbs__separator\">\n        <svg class=\"icon icon-breadcrumb__separator\"><use xlink:href=\"#icon-breadcrumb__separator\"><\/use><\/svg>\n    <\/span> <a href=\"https:\/\/cssdn.gouv.qc.ca\/ruche\/vie-scolaire\/\" class=\"breadcrumbs__element\">Vie scolaire<\/a> <span class=\"breadcrumbs__separator\">\n        <svg class=\"icon icon-breadcrumb__separator\"><use xlink:href=\"#icon-breadcrumb__separator\"><\/use><\/svg>\n    <\/span> <span class=\"breadcrumbs__element breadcrumbs__element-current\">Conseil \u00e9tudiant<\/span><\/span><\/div><\/div>\n\n\n\n<h3 class=\"wp-block-heading\">Membres du conseil \u00e9tudiant <\/h3>\n\n\n\n<p class=\"wp-block-paragraph\"><strong>\u00c9l\u00e8ve <\/strong><br>3<sup>e<\/sup> ann\u00e9e<\/p>\n\n\n\n<p class=\"wp-block-paragraph\"><strong>\u00c9l\u00e8ve <\/strong><br>3<sup>e<\/sup> ann\u00e9e<strong>\u00a0\u00a0\u00a0\u00a0\u00a0\u00a0\u00a0\u00a0\u00a0\u00a0\u00a0\u00a0\u00a0\u00a0\u00a0\u00a0\u00a0\u00a0<\/strong><\/p>\n\n\n\n<p class=\"wp-block-paragraph\"><strong><strong>\u00c9l\u00e8ve <\/strong><\/strong><br>3<sup>e<\/sup> ann\u00e9e<\/p>\n\n\n\n<p class=\"wp-block-paragraph\"><strong><strong>\u00c9l\u00e8ve <\/strong><\/strong><br>3<sup>e<\/sup> ann\u00e9e<\/p>\n\n\n\n<p class=\"wp-block-paragraph\"><strong><strong>\u00c9l\u00e8ve <\/strong> <\/strong><br>3<sup>e<\/sup> \/ 4<sup>e<\/sup> ann\u00e9e<strong> \u00a0\u00a0\u00a0\u00a0\u00a0\u00a0<\/strong><\/p>\n\n\n\n<p class=\"wp-block-paragraph\"><strong><strong>\u00c9l\u00e8ve <\/strong><\/strong><br>4<sup>e<\/sup> ann\u00e9e<\/p>\n\n\n\n<p class=\"wp-block-paragraph\"><strong><strong>\u00c9l\u00e8ve <\/strong><\/strong><br>4<sup>e<\/sup> ann\u00e9e<\/p>\n\n\n\n<p class=\"wp-block-paragraph\"><strong><strong>\u00c9l\u00e8ve <\/strong><\/strong><br>4<sup>e<\/sup> ann\u00e9e<\/p>\n\n\n\n<p class=\"wp-block-paragraph\"><strong><strong>\u00c9l\u00e8ve <\/strong><\/strong><br>4<sup>e<\/sup> ann\u00e9e<\/p>\n\n\n\n<p class=\"wp-block-paragraph\"><strong><strong>\u00c9l\u00e8ve <\/strong><\/strong><br>5<sup>e<\/sup> ann\u00e9e<\/p>\n\n\n\n<p class=\"wp-block-paragraph\"><strong><strong>\u00c9l\u00e8ve <\/strong><\/strong><br>5<sup>e<\/sup> ann\u00e9e<\/p>\n\n\n\n<p class=\"wp-block-paragraph\"><strong><strong>\u00c9l\u00e8ve <\/strong><\/strong><br>5<sup>e<\/sup> ann\u00e9e<\/p>\n\n\n\n<p class=\"wp-block-paragraph\"><strong><strong>\u00c9l\u00e8ve <\/strong><\/strong><br>5<sup>e<\/sup> ann\u00e9e<\/p>\n\n\n\n<p class=\"wp-block-paragraph\"><strong><strong>\u00c9l\u00e8ve <\/strong><\/strong><br>6<sup>e<\/sup> ann\u00e9e<\/p>\n\n\n\n<p class=\"wp-block-paragraph\"><strong><strong>\u00c9l\u00e8ve <\/strong><\/strong><br>6<sup>e<\/sup> ann\u00e9e<\/p>\n\n\n\n<p class=\"wp-block-paragraph\"><strong><strong>\u00c9l\u00e8ve <\/strong><br><\/strong>6<sup>e<\/sup> ann\u00e9e<\/p>\n\n\n\n<p class=\"wp-block-paragraph\"><strong><strong>\u00c9l\u00e8ve <\/strong><\/strong><br>6<sup>e<\/sup> ann\u00e9e<\/p>\n\n\n\n<p class=\"wp-block-paragraph\"><strong><strong>\u00c9l\u00e8ve <\/strong><\/strong><br>6e ann\u00e9e<\/p>\n\n\n\n<p class=\"wp-block-paragraph\"><strong><strong>\u00c9l\u00e8ve <\/strong><\/strong><br>PADI <\/p>\n\n\n\n<p class=\"wp-block-paragraph\"><strong><strong>\u00c9l\u00e8ve <\/strong><br><\/strong>PADI<\/p>\n\n\n\n<p class=\"wp-block-paragraph\"><strong>Charles Martin<\/strong><br>PADI 3<\/p>\n","protected":false},"excerpt":{"rendered":"<p>Membres du conseil \u00e9tudiant \u00c9l\u00e8ve 3e ann\u00e9e \u00c9l\u00e8ve 3e ann\u00e9e\u00a0\u00a0\u00a0\u00a0\u00a0\u00a0\u00a0\u00a0\u00a0\u00a0\u00a0\u00a0\u00a0\u00a0\u00a0\u00a0\u00a0\u00a0 \u00c9l\u00e8ve 3e ann\u00e9e \u00c9l\u00e8ve 3e ann\u00e9e \u00c9l\u00e8ve 3e \/ 4e ann\u00e9e \u00a0\u00a0\u00a0\u00a0\u00a0\u00a0 \u00c9l\u00e8ve 4e ann\u00e9e \u00c9l\u00e8ve 4e ann\u00e9e \u00c9l\u00e8ve 4e ann\u00e9e \u00c9l\u00e8ve 4e ann\u00e9e \u00c9l\u00e8ve 5e ann\u00e9e \u00c9l\u00e8ve 5e ann\u00e9e \u00c9l\u00e8ve 5e ann\u00e9e \u00c9l\u00e8ve 5e ann\u00e9e \u00c9l\u00e8ve 6e ann\u00e9e \u00c9l\u00e8ve 6e ann\u00e9e \u00c9l\u00e8ve 6e ann\u00e9e [&hellip;]<\/p>\n","protected":false},"author":8,"featured_media":0,"parent":17,"menu_order":50,"comment_status":"closed","ping_status":"closed","template":"","meta":{"_acf_changed":false,"_crdt_document":"","inline_featured_image":false,"footnotes":""},"categories":[],"tags":[],"class_list":["post-427","page","type-page","status-publish","hentry"],"acf":[],"yoast_head":"<!-- This site is optimized with the Yoast SEO plugin v27.4 - https:\/\/yoast.com\/product\/yoast-seo-wordpress\/ -->\n<title>Conseil \u00e9tudiant - \u00c9coles de la Ruche, Dominique-Savio et du\u00a0Tournesol<\/title>\n<meta name=\"robots\" content=\"index, follow, max-snippet:-1, max-image-preview:large, max-video-preview:-1\" \/>\n<link rel=\"canonical\" href=\"https:\/\/cssdn.gouv.qc.ca\/ruche\/vie-scolaire\/1-2\/\" \/>\n<meta property=\"og:locale\" content=\"fr_CA\" \/>\n<meta property=\"og:type\" content=\"article\" \/>\n<meta property=\"og:title\" content=\"Conseil \u00e9tudiant - \u00c9coles de la Ruche, Dominique-Savio et du\u00a0Tournesol\" \/>\n<meta property=\"og:description\" content=\"Membres du conseil \u00e9tudiant \u00c9l\u00e8ve 3e ann\u00e9e \u00c9l\u00e8ve 3e ann\u00e9e\u00a0\u00a0\u00a0\u00a0\u00a0\u00a0\u00a0\u00a0\u00a0\u00a0\u00a0\u00a0\u00a0\u00a0\u00a0\u00a0\u00a0\u00a0 \u00c9l\u00e8ve 3e ann\u00e9e \u00c9l\u00e8ve 3e ann\u00e9e \u00c9l\u00e8ve 3e \/ 4e ann\u00e9e \u00a0\u00a0\u00a0\u00a0\u00a0\u00a0 \u00c9l\u00e8ve 4e ann\u00e9e \u00c9l\u00e8ve 4e ann\u00e9e \u00c9l\u00e8ve 4e ann\u00e9e \u00c9l\u00e8ve 4e ann\u00e9e \u00c9l\u00e8ve 5e ann\u00e9e \u00c9l\u00e8ve 5e ann\u00e9e \u00c9l\u00e8ve 5e ann\u00e9e \u00c9l\u00e8ve 5e ann\u00e9e \u00c9l\u00e8ve 6e ann\u00e9e \u00c9l\u00e8ve 6e ann\u00e9e \u00c9l\u00e8ve 6e ann\u00e9e [&hellip;]\" \/>\n<meta property=\"og:url\" content=\"https:\/\/cssdn.gouv.qc.ca\/ruche\/vie-scolaire\/1-2\/\" \/>\n<meta property=\"og:site_name\" content=\"\u00c9coles de la Ruche, Dominique-Savio et du\u00a0Tournesol\" \/>\n<meta property=\"article:publisher\" content=\"https:\/\/www.facebook.com\/CSSNavigateurs\/\" \/>\n<meta property=\"article:modified_time\" content=\"2024-06-28T16:55:03+00:00\" \/>\n<meta property=\"og:image\" content=\"https:\/\/cssdn.gouv.qc.ca\/wp-content\/uploads\/2022\/08\/Seawire-Hero-06.jpg\" \/>\n<meta name=\"twitter:card\" content=\"summary_large_image\" \/>\n<meta name=\"twitter:label1\" content=\"Estimation du temps de lecture\" \/>\n\t<meta name=\"twitter:data1\" content=\"1 minute\" \/>\n<script type=\"application\/ld+json\" class=\"yoast-schema-graph\">{\"@context\":\"https:\\\/\\\/schema.org\",\"@graph\":[{\"@type\":\"WebPage\",\"@id\":\"https:\\\/\\\/cssdn.gouv.qc.ca\\\/ruche\\\/vie-scolaire\\\/1-2\\\/\",\"url\":\"https:\\\/\\\/cssdn.gouv.qc.ca\\\/ruche\\\/vie-scolaire\\\/1-2\\\/\",\"name\":\"Conseil \u00e9tudiant - \u00c9coles de la Ruche, Dominique-Savio et du\u00a0Tournesol\",\"isPartOf\":{\"@id\":\"https:\\\/\\\/cssdn.gouv.qc.ca\\\/ruche\\\/#website\"},\"primaryImageOfPage\":{\"@id\":\"https:\\\/\\\/cssdn.gouv.qc.ca\\\/ruche\\\/vie-scolaire\\\/1-2\\\/#primaryimage\"},\"image\":{\"@id\":\"https:\\\/\\\/cssdn.gouv.qc.ca\\\/ruche\\\/vie-scolaire\\\/1-2\\\/#primaryimage\"},\"thumbnailUrl\":\"https:\\\/\\\/cssdn.gouv.qc.ca\\\/wp-content\\\/uploads\\\/2022\\\/08\\\/Seawire-Hero-06.jpg\",\"datePublished\":\"2023-01-09T21:31:32+00:00\",\"dateModified\":\"2024-06-28T16:55:03+00:00\",\"breadcrumb\":{\"@id\":\"https:\\\/\\\/cssdn.gouv.qc.ca\\\/ruche\\\/vie-scolaire\\\/1-2\\\/#breadcrumb\"},\"inLanguage\":\"fr-CA\",\"potentialAction\":[{\"@type\":\"ReadAction\",\"target\":[\"https:\\\/\\\/cssdn.gouv.qc.ca\\\/ruche\\\/vie-scolaire\\\/1-2\\\/\"]}]},{\"@type\":\"ImageObject\",\"inLanguage\":\"fr-CA\",\"@id\":\"https:\\\/\\\/cssdn.gouv.qc.ca\\\/ruche\\\/vie-scolaire\\\/1-2\\\/#primaryimage\",\"url\":\"https:\\\/\\\/cssdn.gouv.qc.ca\\\/wp-content\\\/uploads\\\/2022\\\/08\\\/Seawire-Hero-06.jpg\",\"contentUrl\":\"https:\\\/\\\/cssdn.gouv.qc.ca\\\/wp-content\\\/uploads\\\/2022\\\/08\\\/Seawire-Hero-06.jpg\"},{\"@type\":\"BreadcrumbList\",\"@id\":\"https:\\\/\\\/cssdn.gouv.qc.ca\\\/ruche\\\/vie-scolaire\\\/1-2\\\/#breadcrumb\",\"itemListElement\":[{\"@type\":\"ListItem\",\"position\":1,\"name\":\"Accueil\",\"item\":\"https:\\\/\\\/cssdn.gouv.qc.ca\\\/ruche\\\/\"},{\"@type\":\"ListItem\",\"position\":2,\"name\":\"Vie scolaire\",\"item\":\"https:\\\/\\\/cssdn.gouv.qc.ca\\\/ruche\\\/vie-scolaire\\\/\"},{\"@type\":\"ListItem\",\"position\":3,\"name\":\"Conseil \u00e9tudiant\"}]},{\"@type\":\"WebSite\",\"@id\":\"https:\\\/\\\/cssdn.gouv.qc.ca\\\/ruche\\\/#website\",\"url\":\"https:\\\/\\\/cssdn.gouv.qc.ca\\\/ruche\\\/\",\"name\":\"\u00c9coles de la Ruche, Dominique-Savio et du\u00a0Tournesol\",\"description\":\"Un site des centres de services scolaires des Navigateurs\",\"publisher\":{\"@id\":\"https:\\\/\\\/cssdn.gouv.qc.ca\\\/ruche\\\/#organization\"},\"potentialAction\":[{\"@type\":\"SearchAction\",\"target\":{\"@type\":\"EntryPoint\",\"urlTemplate\":\"https:\\\/\\\/cssdn.gouv.qc.ca\\\/ruche\\\/?s={search_term_string}\"},\"query-input\":{\"@type\":\"PropertyValueSpecification\",\"valueRequired\":true,\"valueName\":\"search_term_string\"}}],\"inLanguage\":\"fr-CA\"},{\"@type\":\"Organization\",\"@id\":\"https:\\\/\\\/cssdn.gouv.qc.ca\\\/ruche\\\/#organization\",\"name\":\"\u00c9coles de la Ruche, Dominique-Savio et du\u00a0Tournesol\",\"url\":\"https:\\\/\\\/cssdn.gouv.qc.ca\\\/ruche\\\/\",\"logo\":{\"@type\":\"ImageObject\",\"inLanguage\":\"fr-CA\",\"@id\":\"https:\\\/\\\/cssdn.gouv.qc.ca\\\/ruche\\\/#\\\/schema\\\/logo\\\/image\\\/\",\"url\":\"https:\\\/\\\/cssdn.gouv.qc.ca\\\/ruche\\\/wp-content\\\/uploads\\\/sites\\\/55\\\/2023\\\/01\\\/logo_quebec.svg\",\"contentUrl\":\"https:\\\/\\\/cssdn.gouv.qc.ca\\\/ruche\\\/wp-content\\\/uploads\\\/sites\\\/55\\\/2023\\\/01\\\/logo_quebec.svg\",\"width\":188,\"height\":41,\"caption\":\"\u00c9coles de la Ruche, Dominique-Savio et du\u00a0Tournesol\"},\"image\":{\"@id\":\"https:\\\/\\\/cssdn.gouv.qc.ca\\\/ruche\\\/#\\\/schema\\\/logo\\\/image\\\/\"},\"sameAs\":[\"https:\\\/\\\/www.facebook.com\\\/CSSNavigateurs\\\/\"]}]}<\/script>\n<!-- \/ Yoast SEO plugin. -->","yoast_head_json":{"title":"Conseil \u00e9tudiant - \u00c9coles de la Ruche, Dominique-Savio et du\u00a0Tournesol","robots":{"index":"index","follow":"follow","max-snippet":"max-snippet:-1","max-image-preview":"max-image-preview:large","max-video-preview":"max-video-preview:-1"},"canonical":"https:\/\/cssdn.gouv.qc.ca\/ruche\/vie-scolaire\/1-2\/","og_locale":"fr_CA","og_type":"article","og_title":"Conseil \u00e9tudiant - \u00c9coles de la Ruche, Dominique-Savio et du\u00a0Tournesol","og_description":"Membres du conseil \u00e9tudiant \u00c9l\u00e8ve 3e ann\u00e9e \u00c9l\u00e8ve 3e ann\u00e9e\u00a0\u00a0\u00a0\u00a0\u00a0\u00a0\u00a0\u00a0\u00a0\u00a0\u00a0\u00a0\u00a0\u00a0\u00a0\u00a0\u00a0\u00a0 \u00c9l\u00e8ve 3e ann\u00e9e \u00c9l\u00e8ve 3e ann\u00e9e \u00c9l\u00e8ve 3e \/ 4e ann\u00e9e \u00a0\u00a0\u00a0\u00a0\u00a0\u00a0 \u00c9l\u00e8ve 4e ann\u00e9e \u00c9l\u00e8ve 4e ann\u00e9e \u00c9l\u00e8ve 4e ann\u00e9e \u00c9l\u00e8ve 4e ann\u00e9e \u00c9l\u00e8ve 5e ann\u00e9e \u00c9l\u00e8ve 5e ann\u00e9e \u00c9l\u00e8ve 5e ann\u00e9e \u00c9l\u00e8ve 5e ann\u00e9e \u00c9l\u00e8ve 6e ann\u00e9e \u00c9l\u00e8ve 6e ann\u00e9e \u00c9l\u00e8ve 6e ann\u00e9e [&hellip;]","og_url":"https:\/\/cssdn.gouv.qc.ca\/ruche\/vie-scolaire\/1-2\/","og_site_name":"\u00c9coles de la Ruche, Dominique-Savio et du\u00a0Tournesol","article_publisher":"https:\/\/www.facebook.com\/CSSNavigateurs\/","article_modified_time":"2024-06-28T16:55:03+00:00","og_image":[{"url":"https:\/\/cssdn.gouv.qc.ca\/wp-content\/uploads\/2022\/08\/Seawire-Hero-06.jpg","type":"","width":"","height":""}],"twitter_card":"summary_large_image","twitter_misc":{"Estimation du temps de lecture":"1 minute"},"schema":{"@context":"https:\/\/schema.org","@graph":[{"@type":"WebPage","@id":"https:\/\/cssdn.gouv.qc.ca\/ruche\/vie-scolaire\/1-2\/","url":"https:\/\/cssdn.gouv.qc.ca\/ruche\/vie-scolaire\/1-2\/","name":"Conseil \u00e9tudiant - \u00c9coles de la Ruche, Dominique-Savio et du\u00a0Tournesol","isPartOf":{"@id":"https:\/\/cssdn.gouv.qc.ca\/ruche\/#website"},"primaryImageOfPage":{"@id":"https:\/\/cssdn.gouv.qc.ca\/ruche\/vie-scolaire\/1-2\/#primaryimage"},"image":{"@id":"https:\/\/cssdn.gouv.qc.ca\/ruche\/vie-scolaire\/1-2\/#primaryimage"},"thumbnailUrl":"https:\/\/cssdn.gouv.qc.ca\/wp-content\/uploads\/2022\/08\/Seawire-Hero-06.jpg","datePublished":"2023-01-09T21:31:32+00:00","dateModified":"2024-06-28T16:55:03+00:00","breadcrumb":{"@id":"https:\/\/cssdn.gouv.qc.ca\/ruche\/vie-scolaire\/1-2\/#breadcrumb"},"inLanguage":"fr-CA","potentialAction":[{"@type":"ReadAction","target":["https:\/\/cssdn.gouv.qc.ca\/ruche\/vie-scolaire\/1-2\/"]}]},{"@type":"ImageObject","inLanguage":"fr-CA","@id":"https:\/\/cssdn.gouv.qc.ca\/ruche\/vie-scolaire\/1-2\/#primaryimage","url":"https:\/\/cssdn.gouv.qc.ca\/wp-content\/uploads\/2022\/08\/Seawire-Hero-06.jpg","contentUrl":"https:\/\/cssdn.gouv.qc.ca\/wp-content\/uploads\/2022\/08\/Seawire-Hero-06.jpg"},{"@type":"BreadcrumbList","@id":"https:\/\/cssdn.gouv.qc.ca\/ruche\/vie-scolaire\/1-2\/#breadcrumb","itemListElement":[{"@type":"ListItem","position":1,"name":"Accueil","item":"https:\/\/cssdn.gouv.qc.ca\/ruche\/"},{"@type":"ListItem","position":2,"name":"Vie scolaire","item":"https:\/\/cssdn.gouv.qc.ca\/ruche\/vie-scolaire\/"},{"@type":"ListItem","position":3,"name":"Conseil \u00e9tudiant"}]},{"@type":"WebSite","@id":"https:\/\/cssdn.gouv.qc.ca\/ruche\/#website","url":"https:\/\/cssdn.gouv.qc.ca\/ruche\/","name":"\u00c9coles de la Ruche, Dominique-Savio et du\u00a0Tournesol","description":"Un site des centres de services scolaires des Navigateurs","publisher":{"@id":"https:\/\/cssdn.gouv.qc.ca\/ruche\/#organization"},"potentialAction":[{"@type":"SearchAction","target":{"@type":"EntryPoint","urlTemplate":"https:\/\/cssdn.gouv.qc.ca\/ruche\/?s={search_term_string}"},"query-input":{"@type":"PropertyValueSpecification","valueRequired":true,"valueName":"search_term_string"}}],"inLanguage":"fr-CA"},{"@type":"Organization","@id":"https:\/\/cssdn.gouv.qc.ca\/ruche\/#organization","name":"\u00c9coles de la Ruche, Dominique-Savio et du\u00a0Tournesol","url":"https:\/\/cssdn.gouv.qc.ca\/ruche\/","logo":{"@type":"ImageObject","inLanguage":"fr-CA","@id":"https:\/\/cssdn.gouv.qc.ca\/ruche\/#\/schema\/logo\/image\/","url":"https:\/\/cssdn.gouv.qc.ca\/ruche\/wp-content\/uploads\/sites\/55\/2023\/01\/logo_quebec.svg","contentUrl":"https:\/\/cssdn.gouv.qc.ca\/ruche\/wp-content\/uploads\/sites\/55\/2023\/01\/logo_quebec.svg","width":188,"height":41,"caption":"\u00c9coles de la Ruche, Dominique-Savio et du\u00a0Tournesol"},"image":{"@id":"https:\/\/cssdn.gouv.qc.ca\/ruche\/#\/schema\/logo\/image\/"},"sameAs":["https:\/\/www.facebook.com\/CSSNavigateurs\/"]}]}},"publishpress_future_action":{"enabled":false,"date":"2026-04-30 02:19:22","action":"change-status","newStatus":"draft","terms":[],"taxonomy":"category","extraData":[]},"publishpress_future_workflow_manual_trigger":{"enabledWorkflows":[]},"_links":{"self":[{"href":"https:\/\/cssdn.gouv.qc.ca\/ruche\/wp-json\/wp\/v2\/pages\/427","targetHints":{"allow":["GET"]}}],"collection":[{"href":"https:\/\/cssdn.gouv.qc.ca\/ruche\/wp-json\/wp\/v2\/pages"}],"about":[{"href":"https:\/\/cssdn.gouv.qc.ca\/ruche\/wp-json\/wp\/v2\/types\/page"}],"author":[{"embeddable":true,"href":"https:\/\/cssdn.gouv.qc.ca\/ruche\/wp-json\/wp\/v2\/users\/8"}],"replies":[{"embeddable":true,"href":"https:\/\/cssdn.gouv.qc.ca\/ruche\/wp-json\/wp\/v2\/comments?post=427"}],"version-history":[{"count":0,"href":"https:\/\/cssdn.gouv.qc.ca\/ruche\/wp-json\/wp\/v2\/pages\/427\/revisions"}],"up":[{"embeddable":true,"href":"https:\/\/cssdn.gouv.qc.ca\/ruche\/wp-json\/wp\/v2\/pages\/17"}],"wp:attachment":[{"href":"https:\/\/cssdn.gouv.qc.ca\/ruche\/wp-json\/wp\/v2\/media?parent=427"}],"wp:term":[{"taxonomy":"category","embeddable":true,"href":"https:\/\/cssdn.gouv.qc.ca\/ruche\/wp-json\/wp\/v2\/categories?post=427"},{"taxonomy":"post_tag","embeddable":true,"href":"https:\/\/cssdn.gouv.qc.ca\/ruche\/wp-json\/wp\/v2\/tags?post=427"}],"curies":[{"name":"wp","href":"https:\/\/api.w.org\/{rel}","templated":true}]}}