
{"id":11,"date":"2022-11-08T16:07:54","date_gmt":"2022-11-08T21:07:54","guid":{"rendered":"https:\/\/cssdn.gouv.qc.ca\/saintehelene\/a-propos\/documentation-et-rapport-annuel\/"},"modified":"2025-11-21T13:27:19","modified_gmt":"2025-11-21T18:27:19","slug":"documentation-et-rapport-annuel","status":"publish","type":"page","link":"https:\/\/cssdn.gouv.qc.ca\/saintehelene\/a-propos\/documentation-et-rapport-annuel\/","title":{"rendered":"Documentation officielle"},"content":{"rendered":"\n<div class=\"wp-block-cover alignfull is-light is-style-title-banner\"><img decoding=\"async\" class=\"wp-block-cover__image-background wp-image-111 lazyload\" alt=\"\" data-src=\"https:\/\/stage.cssdn.gouv.qc.ca\/wp-content\/uploads\/2022\/08\/Seawire-Hero-06.jpg\" data-object-fit=\"cover\" src=\"data:image\/svg+xml;base64,PHN2ZyB3aWR0aD0iMSIgaGVpZ2h0PSIxIiB4bWxucz0iaHR0cDovL3d3dy53My5vcmcvMjAwMC9zdmciPjwvc3ZnPg==\" \/><span aria-hidden=\"true\" class=\"wp-block-cover__background has-primary-background-color has-background-dim\"><\/span><div class=\"wp-block-cover__inner-container\"><h3 class=\"wp-block-post-title\">Documentation officielle<\/h3><\/div><\/div>\n\n\n\n<div class=\"wp-block-group alignfull has-padding-y-large has-secondary-background-color has-background\"><div class=\"yoast-breadcrumbs alignwide \"><span class=\"breadcrumbs\"><a href=\"https:\/\/cssdn.gouv.qc.ca\/saintehelene\/\" class=\"breadcrumbs__element\">Accueil<\/a> <span class=\"breadcrumbs__separator\">\n        <svg class=\"icon icon-breadcrumb__separator\"><use xlink:href=\"#icon-breadcrumb__separator\"><\/use><\/svg>\n    <\/span> <a href=\"https:\/\/cssdn.gouv.qc.ca\/saintehelene\/a-propos\/\" class=\"breadcrumbs__element\">\u00c0 propos<\/a> <span class=\"breadcrumbs__separator\">\n        <svg class=\"icon icon-breadcrumb__separator\"><use xlink:href=\"#icon-breadcrumb__separator\"><\/use><\/svg>\n    <\/span> <span class=\"breadcrumbs__element breadcrumbs__element-current\">Documentation officielle<\/span><\/span><\/div><\/div>\n\n\n\n<h2 class=\"wp-block-heading\">Projet \u00e9ducatif<\/h2>\n\n\n\n<div class=\"wp-block-file\"><a id=\"wp-block-file--media-09becc91-6bb4-41ae-949c-9b27bb271e6b\" href=\"https:\/\/cssdn.gouv.qc.ca\/saintehelene\/wp-content\/uploads\/sites\/57\/2025\/07\/Ecole-Sainte-Helene-PE-version-finale-2023.pdf\">Projet \u00e9ducatif 2023-2027 &#8211; \u00c9cole Sainte-H\u00e9l\u00e8ne<\/a><a href=\"https:\/\/cssdn.gouv.qc.ca\/saintehelene\/wp-content\/uploads\/sites\/57\/2025\/07\/Ecole-Sainte-Helene-PE-version-finale-2023.pdf\" class=\"wp-block-file__button wp-element-button\" download aria-describedby=\"wp-block-file--media-09becc91-6bb4-41ae-949c-9b27bb271e6b\">Download<\/a><\/div>\n\n\n\n<div class=\"wp-block-file\"><a id=\"wp-block-file--media-26356aa2-17d6-424a-8170-bf6d8b2932d2\" href=\"https:\/\/cssdn.gouv.qc.ca\/saintehelene\/wp-content\/uploads\/sites\/57\/2023\/03\/ste-helene-pe-19-22.pdf\" target=\"_blank\" rel=\"noreferrer noopener\">Projet \u00e9ducatif 2019-2022 &#8211; \u00c9cole Sainte-H\u00e9l\u00e8ne<\/a><\/div>\n\n\n\n<h2 class=\"wp-block-heading\">Rapport annuel de gestion du conseil d\u2019\u00e9tablissement<\/h2>\n\n\n\n<div class=\"wp-block-file\"><a id=\"wp-block-file--media-9cd203f0-6207-484d-a8a7-293c6a7d0486\" href=\"https:\/\/cssdn.gouv.qc.ca\/saintehelene\/wp-content\/uploads\/sites\/57\/2025\/10\/080-Ecole-Sainte-Helene-MEQ_Rapport-annuel-CE-2024-2025.pdf\">\u00c9cole Sainte-H\u00e9l\u00e8ne Rapport annuel CE 2024-2025<\/a><a href=\"https:\/\/cssdn.gouv.qc.ca\/saintehelene\/wp-content\/uploads\/sites\/57\/2025\/10\/080-Ecole-Sainte-Helene-MEQ_Rapport-annuel-CE-2024-2025.pdf\" class=\"wp-block-file__button wp-element-button\" download aria-describedby=\"wp-block-file--media-9cd203f0-6207-484d-a8a7-293c6a7d0486\">Download<\/a><\/div>\n\n\n\n<h2 class=\"wp-block-heading\">Redditions de comptes du projet \u00e9ducatif<\/h2>\n\n\n\n<div class=\"wp-block-file\"><a id=\"wp-block-file--media-2f526bda-1908-475e-bd1a-91b29530f04b\" href=\"https:\/\/cssdn.gouv.qc.ca\/saintehelene\/wp-content\/uploads\/sites\/57\/2025\/11\/Ecole-Sainte-Helene-080_RCPE_Primaire_2024-2025.pdf\">2024-2025<\/a><a href=\"https:\/\/cssdn.gouv.qc.ca\/saintehelene\/wp-content\/uploads\/sites\/57\/2025\/11\/Ecole-Sainte-Helene-080_RCPE_Primaire_2024-2025.pdf\" class=\"wp-block-file__button wp-element-button\" download aria-describedby=\"wp-block-file--media-2f526bda-1908-475e-bd1a-91b29530f04b\">Download<\/a><\/div>\n\n\n\n<div class=\"wp-block-file\"><a id=\"wp-block-file--media-94ad32c2-6f89-4b40-9504-2c333b62660e\" href=\"https:\/\/cssdn.gouv.qc.ca\/saintehelene\/wp-content\/uploads\/sites\/57\/2023\/12\/sainte-helene-22-23.pdf\">2022-2023<\/a><a href=\"https:\/\/cssdn.gouv.qc.ca\/saintehelene\/wp-content\/uploads\/sites\/57\/2023\/12\/sainte-helene-22-23.pdf\" class=\"wp-block-file__button wp-element-button\" download aria-describedby=\"wp-block-file--media-94ad32c2-6f89-4b40-9504-2c333b62660e\">T\u00e9l\u00e9charger<\/a><\/div>\n\n\n\n<div class=\"wp-block-file\"><a id=\"wp-block-file--media-2c63d0d0-d835-4ad3-8d1f-e5789afef518\" href=\"https:\/\/cssdn.gouv.qc.ca\/saintehelene\/wp-content\/uploads\/sites\/57\/2023\/03\/2021-2022_rcpe_sainte-helene.pdf\" target=\"_blank\" rel=\"noreferrer noopener\">2021-2022<\/a><\/div>\n\n\n\n<div class=\"wp-block-file\"><a id=\"wp-block-file--media-9967ca31-12a7-4f95-8e7f-7cd612680ae6\" href=\"https:\/\/cssdn.gouv.qc.ca\/saintehelene\/wp-content\/uploads\/sites\/57\/2023\/03\/rcpe_saintehelene_2020-2021_0.pdf\" target=\"_blank\" rel=\"noreferrer noopener\">2020-2021<\/a><\/div>\n\n\n\n<div class=\"wp-block-file\"><a id=\"wp-block-file--media-29e546c4-aa5f-4c80-a90b-331fc991b8ba\" href=\"https:\/\/cssdn.gouv.qc.ca\/saintehelene\/wp-content\/uploads\/sites\/57\/2023\/03\/33_sainte_helene_17nov.pdf\" target=\"_blank\" rel=\"noreferrer noopener\">2019-2020<\/a><\/div>\n\n\n\n<div class=\"wp-block-file\"><a id=\"wp-block-file--media-77a9a782-878f-4b51-ab6a-8378d0d49157\" href=\"https:\/\/cssdn.gouv.qc.ca\/saintehelene\/wp-content\/uploads\/sites\/57\/2023\/03\/ra_saintehelene1819.pdf\" target=\"_blank\" rel=\"noreferrer noopener\">2018-2019<\/a><\/div>\n\n\n\n<h2 class=\"wp-block-heading\">Plans de lutte<\/h2>\n\n\n\n<div class=\"wp-block-file\"><a id=\"wp-block-file--media-7e992565-b480-49e7-a0b6-be277c533b52\" href=\"https:\/\/cssdn.gouv.qc.ca\/saintehelene\/wp-content\/uploads\/sites\/57\/2025\/10\/080-Sainte-Helene-Plan-de-lutte-Juin-2025-2026-Parents.pdf\">Plan d\u2019action 2025-2026<br>Pour un climat positif qui favorise la s\u00e9curit\u00e9 et le bien-\u00eatre de tous<\/a><a href=\"https:\/\/cssdn.gouv.qc.ca\/saintehelene\/wp-content\/uploads\/sites\/57\/2025\/10\/080-Sainte-Helene-Plan-de-lutte-Juin-2025-2026-Parents.pdf\" class=\"wp-block-file__button wp-element-button\" download aria-describedby=\"wp-block-file--media-7e992565-b480-49e7-a0b6-be277c533b52\">Download<\/a><\/div>\n\n\n\n<div class=\"wp-block-file\"><a id=\"wp-block-file--media-cccc328a-7fc2-46cd-baf5-a1e82c99dc9c\" href=\"https:\/\/cssdn.gouv.qc.ca\/saintehelene\/wp-content\/uploads\/sites\/57\/2025\/10\/Plan-de-lutte-Sainte-Helene-2025-2026.pdf\">Plan de lutte &#8211; Sainte-H\u00e9l\u00e8ne 2025-2026<\/a><a href=\"https:\/\/cssdn.gouv.qc.ca\/saintehelene\/wp-content\/uploads\/sites\/57\/2025\/10\/Plan-de-lutte-Sainte-Helene-2025-2026.pdf\" class=\"wp-block-file__button wp-element-button\" download aria-describedby=\"wp-block-file--media-cccc328a-7fc2-46cd-baf5-a1e82c99dc9c\">Download<\/a><\/div>\n\n\n\n<h2 class=\"wp-block-heading\">Code de vie<\/h2>\n\n\n\n<div class=\"wp-block-file\"><a id=\"wp-block-file--media-bad95b06-c879-4280-8f6b-fa68088123ed\" href=\"https:\/\/cssdn.gouv.qc.ca\/saintehelene\/wp-content\/uploads\/sites\/57\/2025\/11\/Guide-scolaire-prescolaire-2025-2026-version-site-internet-1.pdf\">Guide scolaire pr\u00e9scolaire 2025-2026 <\/a><a href=\"https:\/\/cssdn.gouv.qc.ca\/saintehelene\/wp-content\/uploads\/sites\/57\/2025\/11\/Guide-scolaire-prescolaire-2025-2026-version-site-internet-1.pdf\" class=\"wp-block-file__button wp-element-button\" download aria-describedby=\"wp-block-file--media-bad95b06-c879-4280-8f6b-fa68088123ed\">Download<\/a><\/div>\n\n\n\n<div class=\"wp-block-file\"><a id=\"wp-block-file--media-7c2f6ad2-3b87-4858-a3aa-82b4e0b51126\" href=\"https:\/\/cssdn.gouv.qc.ca\/saintehelene\/wp-content\/uploads\/sites\/57\/2025\/11\/Guide-scolaire-3e-et-4e-annee-2025-2026.pdf\">Guide scolaire primaire 2025-2026<\/a><a href=\"https:\/\/cssdn.gouv.qc.ca\/saintehelene\/wp-content\/uploads\/sites\/57\/2025\/11\/Guide-scolaire-3e-et-4e-annee-2025-2026.pdf\" class=\"wp-block-file__button wp-element-button\" download aria-describedby=\"wp-block-file--media-7c2f6ad2-3b87-4858-a3aa-82b4e0b51126\">Download<\/a><\/div>\n\n\n\n<h2 class=\"wp-block-heading\">Document explicatif aux parents et aux \u00e9l\u00e8ves<\/h2>\n","protected":false},"excerpt":{"rendered":"<p>Projet \u00e9ducatif Rapport annuel de gestion du conseil d\u2019\u00e9tablissement Redditions de comptes du projet \u00e9ducatif Plans de lutte Code de vie Document explicatif aux parents et aux \u00e9l\u00e8ves<\/p>\n","protected":false},"author":1,"featured_media":0,"parent":6,"menu_order":0,"comment_status":"closed","ping_status":"closed","template":"","meta":{"_acf_changed":false,"_crdt_document":"","inline_featured_image":false,"footnotes":""},"categories":[],"tags":[],"class_list":["post-11","page","type-page","status-publish","hentry"],"acf":[],"yoast_head":"<!-- This site is optimized with the Yoast SEO plugin v27.3 - https:\/\/yoast.com\/product\/yoast-seo-wordpress\/ -->\n<title>Documentation officielle - \u00c9cole Sainte-H\u00e9l\u00e8ne<\/title>\n<meta name=\"robots\" content=\"index, follow, max-snippet:-1, max-image-preview:large, max-video-preview:-1\" \/>\n<link rel=\"canonical\" href=\"https:\/\/cssdn.gouv.qc.ca\/saintehelene\/a-propos\/documentation-et-rapport-annuel\/\" \/>\n<meta property=\"og:locale\" content=\"fr_CA\" \/>\n<meta property=\"og:type\" content=\"article\" \/>\n<meta property=\"og:title\" content=\"Documentation officielle - \u00c9cole Sainte-H\u00e9l\u00e8ne\" \/>\n<meta property=\"og:description\" content=\"Projet \u00e9ducatif Rapport annuel de gestion du conseil d\u2019\u00e9tablissement Redditions de comptes du projet \u00e9ducatif Plans de lutte Code de vie Document explicatif aux parents et aux \u00e9l\u00e8ves\" \/>\n<meta property=\"og:url\" content=\"https:\/\/cssdn.gouv.qc.ca\/saintehelene\/a-propos\/documentation-et-rapport-annuel\/\" \/>\n<meta property=\"og:site_name\" content=\"\u00c9cole Sainte-H\u00e9l\u00e8ne\" \/>\n<meta property=\"article:publisher\" content=\"https:\/\/www.facebook.com\/CSSNavigateurs\/\" \/>\n<meta property=\"article:modified_time\" content=\"2025-11-21T18:27:19+00:00\" \/>\n<meta property=\"og:image\" content=\"https:\/\/cssdn.gouv.qc.ca\/saintehelene\/wp-content\/uploads\/sites\/57\/2022\/12\/LogoSteH-Coul.jpg\" \/>\n\t<meta property=\"og:image:width\" content=\"1318\" \/>\n\t<meta property=\"og:image:height\" content=\"632\" \/>\n\t<meta property=\"og:image:type\" content=\"image\/jpeg\" \/>\n<meta name=\"twitter:card\" content=\"summary_large_image\" \/>\n<meta name=\"twitter:label1\" content=\"Estimation du temps de lecture\" \/>\n\t<meta name=\"twitter:data1\" content=\"1 minute\" \/>\n<script type=\"application\/ld+json\" class=\"yoast-schema-graph\">{\"@context\":\"https:\\\/\\\/schema.org\",\"@graph\":[{\"@type\":\"WebPage\",\"@id\":\"https:\\\/\\\/cssdn.gouv.qc.ca\\\/saintehelene\\\/a-propos\\\/documentation-et-rapport-annuel\\\/\",\"url\":\"https:\\\/\\\/cssdn.gouv.qc.ca\\\/saintehelene\\\/a-propos\\\/documentation-et-rapport-annuel\\\/\",\"name\":\"Documentation officielle - \u00c9cole Sainte-H\u00e9l\u00e8ne\",\"isPartOf\":{\"@id\":\"https:\\\/\\\/cssdn.gouv.qc.ca\\\/saintehelene\\\/#website\"},\"primaryImageOfPage\":{\"@id\":\"https:\\\/\\\/cssdn.gouv.qc.ca\\\/saintehelene\\\/a-propos\\\/documentation-et-rapport-annuel\\\/#primaryimage\"},\"image\":{\"@id\":\"https:\\\/\\\/cssdn.gouv.qc.ca\\\/saintehelene\\\/a-propos\\\/documentation-et-rapport-annuel\\\/#primaryimage\"},\"thumbnailUrl\":\"https:\\\/\\\/stage.cssdn.gouv.qc.ca\\\/wp-content\\\/uploads\\\/2022\\\/08\\\/Seawire-Hero-06.jpg\",\"datePublished\":\"2022-11-08T21:07:54+00:00\",\"dateModified\":\"2025-11-21T18:27:19+00:00\",\"breadcrumb\":{\"@id\":\"https:\\\/\\\/cssdn.gouv.qc.ca\\\/saintehelene\\\/a-propos\\\/documentation-et-rapport-annuel\\\/#breadcrumb\"},\"inLanguage\":\"fr-CA\",\"potentialAction\":[{\"@type\":\"ReadAction\",\"target\":[\"https:\\\/\\\/cssdn.gouv.qc.ca\\\/saintehelene\\\/a-propos\\\/documentation-et-rapport-annuel\\\/\"]}]},{\"@type\":\"ImageObject\",\"inLanguage\":\"fr-CA\",\"@id\":\"https:\\\/\\\/cssdn.gouv.qc.ca\\\/saintehelene\\\/a-propos\\\/documentation-et-rapport-annuel\\\/#primaryimage\",\"url\":\"https:\\\/\\\/stage.cssdn.gouv.qc.ca\\\/wp-content\\\/uploads\\\/2022\\\/08\\\/Seawire-Hero-06.jpg\",\"contentUrl\":\"https:\\\/\\\/stage.cssdn.gouv.qc.ca\\\/wp-content\\\/uploads\\\/2022\\\/08\\\/Seawire-Hero-06.jpg\"},{\"@type\":\"BreadcrumbList\",\"@id\":\"https:\\\/\\\/cssdn.gouv.qc.ca\\\/saintehelene\\\/a-propos\\\/documentation-et-rapport-annuel\\\/#breadcrumb\",\"itemListElement\":[{\"@type\":\"ListItem\",\"position\":1,\"name\":\"Accueil\",\"item\":\"https:\\\/\\\/cssdn.gouv.qc.ca\\\/saintehelene\\\/\"},{\"@type\":\"ListItem\",\"position\":2,\"name\":\"\u00c0 propos\",\"item\":\"https:\\\/\\\/cssdn.gouv.qc.ca\\\/saintehelene\\\/a-propos\\\/\"},{\"@type\":\"ListItem\",\"position\":3,\"name\":\"Documentation officielle\"}]},{\"@type\":\"WebSite\",\"@id\":\"https:\\\/\\\/cssdn.gouv.qc.ca\\\/saintehelene\\\/#website\",\"url\":\"https:\\\/\\\/cssdn.gouv.qc.ca\\\/saintehelene\\\/\",\"name\":\"\u00c9cole Sainte-H\u00e9l\u00e8ne\",\"description\":\"Un site des centres de services scolaires des Navigateurs\",\"publisher\":{\"@id\":\"https:\\\/\\\/cssdn.gouv.qc.ca\\\/saintehelene\\\/#organization\"},\"potentialAction\":[{\"@type\":\"SearchAction\",\"target\":{\"@type\":\"EntryPoint\",\"urlTemplate\":\"https:\\\/\\\/cssdn.gouv.qc.ca\\\/saintehelene\\\/?s={search_term_string}\"},\"query-input\":{\"@type\":\"PropertyValueSpecification\",\"valueRequired\":true,\"valueName\":\"search_term_string\"}}],\"inLanguage\":\"fr-CA\"},{\"@type\":\"Organization\",\"@id\":\"https:\\\/\\\/cssdn.gouv.qc.ca\\\/saintehelene\\\/#organization\",\"name\":\"\u00c9cole Sainte-H\u00e9l\u00e8ne\",\"url\":\"https:\\\/\\\/cssdn.gouv.qc.ca\\\/saintehelene\\\/\",\"logo\":{\"@type\":\"ImageObject\",\"inLanguage\":\"fr-CA\",\"@id\":\"https:\\\/\\\/cssdn.gouv.qc.ca\\\/saintehelene\\\/#\\\/schema\\\/logo\\\/image\\\/\",\"url\":\"https:\\\/\\\/cssdn.gouv.qc.ca\\\/saintehelene\\\/wp-content\\\/uploads\\\/sites\\\/57\\\/2023\\\/01\\\/logo_quebec.svg\",\"contentUrl\":\"https:\\\/\\\/cssdn.gouv.qc.ca\\\/saintehelene\\\/wp-content\\\/uploads\\\/sites\\\/57\\\/2023\\\/01\\\/logo_quebec.svg\",\"width\":188,\"height\":41,\"caption\":\"\u00c9cole Sainte-H\u00e9l\u00e8ne\"},\"image\":{\"@id\":\"https:\\\/\\\/cssdn.gouv.qc.ca\\\/saintehelene\\\/#\\\/schema\\\/logo\\\/image\\\/\"},\"sameAs\":[\"https:\\\/\\\/www.facebook.com\\\/CSSNavigateurs\\\/\"]}]}<\/script>\n<!-- \/ Yoast SEO plugin. -->","yoast_head_json":{"title":"Documentation officielle - \u00c9cole Sainte-H\u00e9l\u00e8ne","robots":{"index":"index","follow":"follow","max-snippet":"max-snippet:-1","max-image-preview":"max-image-preview:large","max-video-preview":"max-video-preview:-1"},"canonical":"https:\/\/cssdn.gouv.qc.ca\/saintehelene\/a-propos\/documentation-et-rapport-annuel\/","og_locale":"fr_CA","og_type":"article","og_title":"Documentation officielle - \u00c9cole Sainte-H\u00e9l\u00e8ne","og_description":"Projet \u00e9ducatif Rapport annuel de gestion du conseil d\u2019\u00e9tablissement Redditions de comptes du projet \u00e9ducatif Plans de lutte Code de vie Document explicatif aux parents et aux \u00e9l\u00e8ves","og_url":"https:\/\/cssdn.gouv.qc.ca\/saintehelene\/a-propos\/documentation-et-rapport-annuel\/","og_site_name":"\u00c9cole Sainte-H\u00e9l\u00e8ne","article_publisher":"https:\/\/www.facebook.com\/CSSNavigateurs\/","article_modified_time":"2025-11-21T18:27:19+00:00","og_image":[{"width":1318,"height":632,"url":"https:\/\/cssdn.gouv.qc.ca\/saintehelene\/wp-content\/uploads\/sites\/57\/2022\/12\/LogoSteH-Coul.jpg","type":"image\/jpeg"}],"twitter_card":"summary_large_image","twitter_misc":{"Estimation du temps de lecture":"1 minute"},"schema":{"@context":"https:\/\/schema.org","@graph":[{"@type":"WebPage","@id":"https:\/\/cssdn.gouv.qc.ca\/saintehelene\/a-propos\/documentation-et-rapport-annuel\/","url":"https:\/\/cssdn.gouv.qc.ca\/saintehelene\/a-propos\/documentation-et-rapport-annuel\/","name":"Documentation officielle - \u00c9cole Sainte-H\u00e9l\u00e8ne","isPartOf":{"@id":"https:\/\/cssdn.gouv.qc.ca\/saintehelene\/#website"},"primaryImageOfPage":{"@id":"https:\/\/cssdn.gouv.qc.ca\/saintehelene\/a-propos\/documentation-et-rapport-annuel\/#primaryimage"},"image":{"@id":"https:\/\/cssdn.gouv.qc.ca\/saintehelene\/a-propos\/documentation-et-rapport-annuel\/#primaryimage"},"thumbnailUrl":"https:\/\/stage.cssdn.gouv.qc.ca\/wp-content\/uploads\/2022\/08\/Seawire-Hero-06.jpg","datePublished":"2022-11-08T21:07:54+00:00","dateModified":"2025-11-21T18:27:19+00:00","breadcrumb":{"@id":"https:\/\/cssdn.gouv.qc.ca\/saintehelene\/a-propos\/documentation-et-rapport-annuel\/#breadcrumb"},"inLanguage":"fr-CA","potentialAction":[{"@type":"ReadAction","target":["https:\/\/cssdn.gouv.qc.ca\/saintehelene\/a-propos\/documentation-et-rapport-annuel\/"]}]},{"@type":"ImageObject","inLanguage":"fr-CA","@id":"https:\/\/cssdn.gouv.qc.ca\/saintehelene\/a-propos\/documentation-et-rapport-annuel\/#primaryimage","url":"https:\/\/stage.cssdn.gouv.qc.ca\/wp-content\/uploads\/2022\/08\/Seawire-Hero-06.jpg","contentUrl":"https:\/\/stage.cssdn.gouv.qc.ca\/wp-content\/uploads\/2022\/08\/Seawire-Hero-06.jpg"},{"@type":"BreadcrumbList","@id":"https:\/\/cssdn.gouv.qc.ca\/saintehelene\/a-propos\/documentation-et-rapport-annuel\/#breadcrumb","itemListElement":[{"@type":"ListItem","position":1,"name":"Accueil","item":"https:\/\/cssdn.gouv.qc.ca\/saintehelene\/"},{"@type":"ListItem","position":2,"name":"\u00c0 propos","item":"https:\/\/cssdn.gouv.qc.ca\/saintehelene\/a-propos\/"},{"@type":"ListItem","position":3,"name":"Documentation officielle"}]},{"@type":"WebSite","@id":"https:\/\/cssdn.gouv.qc.ca\/saintehelene\/#website","url":"https:\/\/cssdn.gouv.qc.ca\/saintehelene\/","name":"\u00c9cole Sainte-H\u00e9l\u00e8ne","description":"Un site des centres de services scolaires des Navigateurs","publisher":{"@id":"https:\/\/cssdn.gouv.qc.ca\/saintehelene\/#organization"},"potentialAction":[{"@type":"SearchAction","target":{"@type":"EntryPoint","urlTemplate":"https:\/\/cssdn.gouv.qc.ca\/saintehelene\/?s={search_term_string}"},"query-input":{"@type":"PropertyValueSpecification","valueRequired":true,"valueName":"search_term_string"}}],"inLanguage":"fr-CA"},{"@type":"Organization","@id":"https:\/\/cssdn.gouv.qc.ca\/saintehelene\/#organization","name":"\u00c9cole Sainte-H\u00e9l\u00e8ne","url":"https:\/\/cssdn.gouv.qc.ca\/saintehelene\/","logo":{"@type":"ImageObject","inLanguage":"fr-CA","@id":"https:\/\/cssdn.gouv.qc.ca\/saintehelene\/#\/schema\/logo\/image\/","url":"https:\/\/cssdn.gouv.qc.ca\/saintehelene\/wp-content\/uploads\/sites\/57\/2023\/01\/logo_quebec.svg","contentUrl":"https:\/\/cssdn.gouv.qc.ca\/saintehelene\/wp-content\/uploads\/sites\/57\/2023\/01\/logo_quebec.svg","width":188,"height":41,"caption":"\u00c9cole Sainte-H\u00e9l\u00e8ne"},"image":{"@id":"https:\/\/cssdn.gouv.qc.ca\/saintehelene\/#\/schema\/logo\/image\/"},"sameAs":["https:\/\/www.facebook.com\/CSSNavigateurs\/"]}]}},"publishpress_future_action":{"enabled":false,"date":"2026-04-20 01:12:35","action":"change-status","newStatus":"draft","terms":[],"taxonomy":"category","extraData":[]},"publishpress_future_workflow_manual_trigger":{"enabledWorkflows":[]},"_links":{"self":[{"href":"https:\/\/cssdn.gouv.qc.ca\/saintehelene\/wp-json\/wp\/v2\/pages\/11","targetHints":{"allow":["GET"]}}],"collection":[{"href":"https:\/\/cssdn.gouv.qc.ca\/saintehelene\/wp-json\/wp\/v2\/pages"}],"about":[{"href":"https:\/\/cssdn.gouv.qc.ca\/saintehelene\/wp-json\/wp\/v2\/types\/page"}],"author":[{"embeddable":true,"href":"https:\/\/cssdn.gouv.qc.ca\/saintehelene\/wp-json\/wp\/v2\/users\/1"}],"replies":[{"embeddable":true,"href":"https:\/\/cssdn.gouv.qc.ca\/saintehelene\/wp-json\/wp\/v2\/comments?post=11"}],"version-history":[{"count":0,"href":"https:\/\/cssdn.gouv.qc.ca\/saintehelene\/wp-json\/wp\/v2\/pages\/11\/revisions"}],"up":[{"embeddable":true,"href":"https:\/\/cssdn.gouv.qc.ca\/saintehelene\/wp-json\/wp\/v2\/pages\/6"}],"wp:attachment":[{"href":"https:\/\/cssdn.gouv.qc.ca\/saintehelene\/wp-json\/wp\/v2\/media?parent=11"}],"wp:term":[{"taxonomy":"category","embeddable":true,"href":"https:\/\/cssdn.gouv.qc.ca\/saintehelene\/wp-json\/wp\/v2\/categories?post=11"},{"taxonomy":"post_tag","embeddable":true,"href":"https:\/\/cssdn.gouv.qc.ca\/saintehelene\/wp-json\/wp\/v2\/tags?post=11"}],"curies":[{"name":"wp","href":"https:\/\/api.w.org\/{rel}","templated":true}]}}