
{"id":15,"date":"2022-11-08T16:07:56","date_gmt":"2022-11-08T21:07:56","guid":{"rendered":"https:\/\/cssdn.gouv.qc.ca\/saintehelene\/informations-aux-parents\/info-parents\/"},"modified":"2026-03-31T10:58:31","modified_gmt":"2026-03-31T14:58:31","slug":"info-parents","status":"publish","type":"page","link":"https:\/\/cssdn.gouv.qc.ca\/saintehelene\/informations-aux-parents\/info-parents\/","title":{"rendered":"Info-parents"},"content":{"rendered":"\n<div class=\"wp-block-cover alignfull is-light is-style-title-banner\" style=\"min-height:430px;aspect-ratio:unset;\"><img decoding=\"async\" class=\"wp-block-cover__image-background wp-image-111 lazyload\" alt=\"\" data-src=\"https:\/\/cssdn.gouv.qc.ca\/wp-content\/uploads\/2022\/08\/Seawire-Hero-06.jpg\" data-object-fit=\"cover\" src=\"data:image\/svg+xml;base64,PHN2ZyB3aWR0aD0iMSIgaGVpZ2h0PSIxIiB4bWxucz0iaHR0cDovL3d3dy53My5vcmcvMjAwMC9zdmciPjwvc3ZnPg==\" \/><span aria-hidden=\"true\" class=\"wp-block-cover__background has-primary-background-color has-background-dim\"><\/span><div class=\"wp-block-cover__inner-container\"><h3 class=\"wp-block-post-title\">Info-parents<\/h3>\n\n\n<p class=\"wp-block-paragraph\"><\/p>\n<\/div><\/div>\n\n\n\n<p class=\"wp-block-paragraph\">Voici les infos parents qui sont envoy\u00e9es \u00e0 tous les mois de septembre \u00e0 juin. Ce document est un journal de ce qui se passe ou se passera durant le mois. <\/p>\n\n\n\n<p class=\"wp-block-paragraph\"><\/p>\n\n\n\n<div style=\" flex-wrap: nowrap;\" class=\"wp-block-group\">\n<div class=\"wp-block-file\"><a id=\"wp-block-file--media-dc20f85d-a108-4860-92c7-bbe1a8894fc7\" href=\"https:\/\/cssdn.gouv.qc.ca\/saintehelene\/wp-content\/uploads\/sites\/57\/2025\/11\/Info-parents-septembre-2025.pdf\">Info-parents septembre 2025<\/a><a href=\"https:\/\/cssdn.gouv.qc.ca\/saintehelene\/wp-content\/uploads\/sites\/57\/2025\/11\/Info-parents-septembre-2025.pdf\" class=\"wp-block-file__button wp-element-button\" download aria-describedby=\"wp-block-file--media-dc20f85d-a108-4860-92c7-bbe1a8894fc7\">T\u00e9l\u00e9charger<\/a><\/div>\n<\/div>\n\n\n\n<div class=\"wp-block-group\">\n<div class=\"wp-block-file\"><a id=\"wp-block-file--media-da351bac-04bf-4a12-8e3a-99dfe7b3085a\" href=\"https:\/\/cssdn.gouv.qc.ca\/saintehelene\/wp-content\/uploads\/sites\/57\/2025\/11\/Info-parents-octobre-2025.pdf\">Info parents octobre 2025<\/a><a href=\"https:\/\/cssdn.gouv.qc.ca\/saintehelene\/wp-content\/uploads\/sites\/57\/2025\/11\/Info-parents-octobre-2025.pdf\" class=\"wp-block-file__button wp-element-button\" download aria-describedby=\"wp-block-file--media-da351bac-04bf-4a12-8e3a-99dfe7b3085a\">T\u00e9l\u00e9charger<\/a><\/div>\n<\/div>\n\n\n\n<div class=\"wp-block-file\"><a id=\"wp-block-file--media-8b039dd2-3464-46bf-81a6-5f9ce712046c\" href=\"https:\/\/cssdn.gouv.qc.ca\/saintehelene\/wp-content\/uploads\/sites\/57\/2025\/11\/Info-parents-novembre-2025.pdf\">Info parents novembre 2025<\/a><a href=\"https:\/\/cssdn.gouv.qc.ca\/saintehelene\/wp-content\/uploads\/sites\/57\/2025\/11\/Info-parents-novembre-2025.pdf\" class=\"wp-block-file__button wp-element-button\" download aria-describedby=\"wp-block-file--media-8b039dd2-3464-46bf-81a6-5f9ce712046c\">T\u00e9l\u00e9charger<\/a><\/div>\n\n\n\n<div class=\"wp-block-group\">\n<div class=\"wp-block-file\"><a id=\"wp-block-file--media-76fcfc4c-418f-4b88-bc50-4950101af043\" href=\"https:\/\/cssdn.gouv.qc.ca\/saintehelene\/wp-content\/uploads\/sites\/57\/2026\/03\/Info-parents-2-decembre-2025.pdf\">Info parents 2 d\u00e9cembre 2025<\/a><a href=\"https:\/\/cssdn.gouv.qc.ca\/saintehelene\/wp-content\/uploads\/sites\/57\/2026\/03\/Info-parents-2-decembre-2025.pdf\" class=\"wp-block-file__button wp-element-button\" download aria-describedby=\"wp-block-file--media-76fcfc4c-418f-4b88-bc50-4950101af043\">Download<\/a><\/div>\n<\/div>\n\n\n\n<div class=\"wp-block-file\"><a id=\"wp-block-file--media-818b99fd-af16-4abf-8901-f39532bfc069\" href=\"https:\/\/cssdn.gouv.qc.ca\/saintehelene\/wp-content\/uploads\/sites\/57\/2026\/03\/Info-parents-7-janvier-2026.pdf\">Info parents 7 janvier 2026<\/a><a href=\"https:\/\/cssdn.gouv.qc.ca\/saintehelene\/wp-content\/uploads\/sites\/57\/2026\/03\/Info-parents-7-janvier-2026.pdf\" class=\"wp-block-file__button wp-element-button\" download aria-describedby=\"wp-block-file--media-818b99fd-af16-4abf-8901-f39532bfc069\">Download<\/a><\/div>\n\n\n\n<div class=\"wp-block-file\"><a id=\"wp-block-file--media-7501c7f6-ded1-4011-8791-36a47bb95d4b\" href=\"https:\/\/cssdn.gouv.qc.ca\/saintehelene\/wp-content\/uploads\/sites\/57\/2026\/03\/Info-parents-3-fevrier-2026.pdf\">Info parents 3 f\u00e9vrier 2026<\/a><a href=\"https:\/\/cssdn.gouv.qc.ca\/saintehelene\/wp-content\/uploads\/sites\/57\/2026\/03\/Info-parents-3-fevrier-2026.pdf\" class=\"wp-block-file__button wp-element-button\" download aria-describedby=\"wp-block-file--media-7501c7f6-ded1-4011-8791-36a47bb95d4b\">Download<\/a><\/div>\n\n\n\n<div class=\"wp-block-file\"><a id=\"wp-block-file--media-67e8e56e-b8c0-4671-92d8-d7bf9972c188\" href=\"https:\/\/cssdn.gouv.qc.ca\/saintehelene\/wp-content\/uploads\/sites\/57\/2026\/03\/Info-parents-27-fevrier-2026.pdf\">Info parents 27 f\u00e9vrier 2026<\/a><a href=\"https:\/\/cssdn.gouv.qc.ca\/saintehelene\/wp-content\/uploads\/sites\/57\/2026\/03\/Info-parents-27-fevrier-2026.pdf\" class=\"wp-block-file__button wp-element-button\" download aria-describedby=\"wp-block-file--media-67e8e56e-b8c0-4671-92d8-d7bf9972c188\">Download<\/a><\/div>\n\n\n\n<div class=\"wp-block-file\"><a id=\"wp-block-file--media-e6a3b771-bc09-44c1-b59c-5c0189d945a5\" href=\"https:\/\/cssdn.gouv.qc.ca\/saintehelene\/wp-content\/uploads\/sites\/57\/2026\/03\/Info-parents-1er-avril.pdf\">Info parents 1er avril<\/a><a href=\"https:\/\/cssdn.gouv.qc.ca\/saintehelene\/wp-content\/uploads\/sites\/57\/2026\/03\/Info-parents-1er-avril.pdf\" class=\"wp-block-file__button wp-element-button\" download aria-describedby=\"wp-block-file--media-e6a3b771-bc09-44c1-b59c-5c0189d945a5\">Download<\/a><\/div>\n","protected":false},"excerpt":{"rendered":"<p>Voici les infos parents qui sont envoy\u00e9es \u00e0 tous les mois de septembre \u00e0 juin. Ce document est un journal de ce qui se passe ou se passera durant le mois.<\/p>\n","protected":false},"author":1,"featured_media":0,"parent":13,"menu_order":0,"comment_status":"closed","ping_status":"closed","template":"","meta":{"_acf_changed":false,"_crdt_document":"","inline_featured_image":false,"footnotes":""},"categories":[],"tags":[],"class_list":["post-15","page","type-page","status-publish","hentry"],"acf":[],"yoast_head":"<!-- This site is optimized with the Yoast SEO plugin v27.5 - https:\/\/yoast.com\/product\/yoast-seo-wordpress\/ -->\n<title>Info-parents - \u00c9cole Sainte-H\u00e9l\u00e8ne<\/title>\n<meta name=\"robots\" content=\"index, follow, max-snippet:-1, max-image-preview:large, max-video-preview:-1\" \/>\n<link rel=\"canonical\" href=\"https:\/\/cssdn.gouv.qc.ca\/saintehelene\/informations-aux-parents\/info-parents\/\" \/>\n<meta property=\"og:locale\" content=\"fr_CA\" \/>\n<meta property=\"og:type\" content=\"article\" \/>\n<meta property=\"og:title\" content=\"Info-parents - \u00c9cole Sainte-H\u00e9l\u00e8ne\" \/>\n<meta property=\"og:description\" content=\"Voici les infos parents qui sont envoy\u00e9es \u00e0 tous les mois de septembre \u00e0 juin. Ce document est un journal de ce qui se passe ou se passera durant le mois.\" \/>\n<meta property=\"og:url\" content=\"https:\/\/cssdn.gouv.qc.ca\/saintehelene\/informations-aux-parents\/info-parents\/\" \/>\n<meta property=\"og:site_name\" content=\"\u00c9cole Sainte-H\u00e9l\u00e8ne\" \/>\n<meta property=\"article:publisher\" content=\"https:\/\/www.facebook.com\/CSSNavigateurs\/\" \/>\n<meta property=\"article:modified_time\" content=\"2026-03-31T14:58:31+00:00\" \/>\n<meta property=\"og:image\" content=\"https:\/\/cssdn.gouv.qc.ca\/saintehelene\/wp-content\/uploads\/sites\/57\/2022\/12\/LogoSteH-Coul.jpg\" \/>\n\t<meta property=\"og:image:width\" content=\"1318\" \/>\n\t<meta property=\"og:image:height\" content=\"632\" \/>\n\t<meta property=\"og:image:type\" content=\"image\/jpeg\" \/>\n<meta name=\"twitter:card\" content=\"summary_large_image\" \/>\n<meta name=\"twitter:label1\" content=\"Estimation du temps de lecture\" \/>\n\t<meta name=\"twitter:data1\" content=\"1 minute\" \/>\n<script type=\"application\/ld+json\" class=\"yoast-schema-graph\">{\"@context\":\"https:\\\/\\\/schema.org\",\"@graph\":[{\"@type\":\"WebPage\",\"@id\":\"https:\\\/\\\/cssdn.gouv.qc.ca\\\/saintehelene\\\/informations-aux-parents\\\/info-parents\\\/\",\"url\":\"https:\\\/\\\/cssdn.gouv.qc.ca\\\/saintehelene\\\/informations-aux-parents\\\/info-parents\\\/\",\"name\":\"Info-parents - \u00c9cole Sainte-H\u00e9l\u00e8ne\",\"isPartOf\":{\"@id\":\"https:\\\/\\\/cssdn.gouv.qc.ca\\\/saintehelene\\\/#website\"},\"primaryImageOfPage\":{\"@id\":\"https:\\\/\\\/cssdn.gouv.qc.ca\\\/saintehelene\\\/informations-aux-parents\\\/info-parents\\\/#primaryimage\"},\"image\":{\"@id\":\"https:\\\/\\\/cssdn.gouv.qc.ca\\\/saintehelene\\\/informations-aux-parents\\\/info-parents\\\/#primaryimage\"},\"thumbnailUrl\":\"https:\\\/\\\/cssdn.gouv.qc.ca\\\/wp-content\\\/uploads\\\/2022\\\/08\\\/Seawire-Hero-06.jpg\",\"datePublished\":\"2022-11-08T21:07:56+00:00\",\"dateModified\":\"2026-03-31T14:58:31+00:00\",\"breadcrumb\":{\"@id\":\"https:\\\/\\\/cssdn.gouv.qc.ca\\\/saintehelene\\\/informations-aux-parents\\\/info-parents\\\/#breadcrumb\"},\"inLanguage\":\"fr-CA\",\"potentialAction\":[{\"@type\":\"ReadAction\",\"target\":[\"https:\\\/\\\/cssdn.gouv.qc.ca\\\/saintehelene\\\/informations-aux-parents\\\/info-parents\\\/\"]}]},{\"@type\":\"ImageObject\",\"inLanguage\":\"fr-CA\",\"@id\":\"https:\\\/\\\/cssdn.gouv.qc.ca\\\/saintehelene\\\/informations-aux-parents\\\/info-parents\\\/#primaryimage\",\"url\":\"https:\\\/\\\/cssdn.gouv.qc.ca\\\/wp-content\\\/uploads\\\/2022\\\/08\\\/Seawire-Hero-06.jpg\",\"contentUrl\":\"https:\\\/\\\/cssdn.gouv.qc.ca\\\/wp-content\\\/uploads\\\/2022\\\/08\\\/Seawire-Hero-06.jpg\"},{\"@type\":\"BreadcrumbList\",\"@id\":\"https:\\\/\\\/cssdn.gouv.qc.ca\\\/saintehelene\\\/informations-aux-parents\\\/info-parents\\\/#breadcrumb\",\"itemListElement\":[{\"@type\":\"ListItem\",\"position\":1,\"name\":\"Accueil\",\"item\":\"https:\\\/\\\/cssdn.gouv.qc.ca\\\/saintehelene\\\/\"},{\"@type\":\"ListItem\",\"position\":2,\"name\":\"Informations aux parents\",\"item\":\"https:\\\/\\\/cssdn.gouv.qc.ca\\\/saintehelene\\\/informations-aux-parents\\\/\"},{\"@type\":\"ListItem\",\"position\":3,\"name\":\"Info-parents\"}]},{\"@type\":\"WebSite\",\"@id\":\"https:\\\/\\\/cssdn.gouv.qc.ca\\\/saintehelene\\\/#website\",\"url\":\"https:\\\/\\\/cssdn.gouv.qc.ca\\\/saintehelene\\\/\",\"name\":\"\u00c9cole Sainte-H\u00e9l\u00e8ne\",\"description\":\"Un site des centres de services scolaires des Navigateurs\",\"publisher\":{\"@id\":\"https:\\\/\\\/cssdn.gouv.qc.ca\\\/saintehelene\\\/#organization\"},\"potentialAction\":[{\"@type\":\"SearchAction\",\"target\":{\"@type\":\"EntryPoint\",\"urlTemplate\":\"https:\\\/\\\/cssdn.gouv.qc.ca\\\/saintehelene\\\/?s={search_term_string}\"},\"query-input\":{\"@type\":\"PropertyValueSpecification\",\"valueRequired\":true,\"valueName\":\"search_term_string\"}}],\"inLanguage\":\"fr-CA\"},{\"@type\":\"Organization\",\"@id\":\"https:\\\/\\\/cssdn.gouv.qc.ca\\\/saintehelene\\\/#organization\",\"name\":\"\u00c9cole Sainte-H\u00e9l\u00e8ne\",\"url\":\"https:\\\/\\\/cssdn.gouv.qc.ca\\\/saintehelene\\\/\",\"logo\":{\"@type\":\"ImageObject\",\"inLanguage\":\"fr-CA\",\"@id\":\"https:\\\/\\\/cssdn.gouv.qc.ca\\\/saintehelene\\\/#\\\/schema\\\/logo\\\/image\\\/\",\"url\":\"https:\\\/\\\/cssdn.gouv.qc.ca\\\/saintehelene\\\/wp-content\\\/uploads\\\/sites\\\/57\\\/2023\\\/01\\\/logo_quebec.svg\",\"contentUrl\":\"https:\\\/\\\/cssdn.gouv.qc.ca\\\/saintehelene\\\/wp-content\\\/uploads\\\/sites\\\/57\\\/2023\\\/01\\\/logo_quebec.svg\",\"width\":188,\"height\":41,\"caption\":\"\u00c9cole Sainte-H\u00e9l\u00e8ne\"},\"image\":{\"@id\":\"https:\\\/\\\/cssdn.gouv.qc.ca\\\/saintehelene\\\/#\\\/schema\\\/logo\\\/image\\\/\"},\"sameAs\":[\"https:\\\/\\\/www.facebook.com\\\/CSSNavigateurs\\\/\"]}]}<\/script>\n<!-- \/ Yoast SEO plugin. -->","yoast_head_json":{"title":"Info-parents - \u00c9cole Sainte-H\u00e9l\u00e8ne","robots":{"index":"index","follow":"follow","max-snippet":"max-snippet:-1","max-image-preview":"max-image-preview:large","max-video-preview":"max-video-preview:-1"},"canonical":"https:\/\/cssdn.gouv.qc.ca\/saintehelene\/informations-aux-parents\/info-parents\/","og_locale":"fr_CA","og_type":"article","og_title":"Info-parents - \u00c9cole Sainte-H\u00e9l\u00e8ne","og_description":"Voici les infos parents qui sont envoy\u00e9es \u00e0 tous les mois de septembre \u00e0 juin. Ce document est un journal de ce qui se passe ou se passera durant le mois.","og_url":"https:\/\/cssdn.gouv.qc.ca\/saintehelene\/informations-aux-parents\/info-parents\/","og_site_name":"\u00c9cole Sainte-H\u00e9l\u00e8ne","article_publisher":"https:\/\/www.facebook.com\/CSSNavigateurs\/","article_modified_time":"2026-03-31T14:58:31+00:00","og_image":[{"width":1318,"height":632,"url":"https:\/\/cssdn.gouv.qc.ca\/saintehelene\/wp-content\/uploads\/sites\/57\/2022\/12\/LogoSteH-Coul.jpg","type":"image\/jpeg"}],"twitter_card":"summary_large_image","twitter_misc":{"Estimation du temps de lecture":"1 minute"},"schema":{"@context":"https:\/\/schema.org","@graph":[{"@type":"WebPage","@id":"https:\/\/cssdn.gouv.qc.ca\/saintehelene\/informations-aux-parents\/info-parents\/","url":"https:\/\/cssdn.gouv.qc.ca\/saintehelene\/informations-aux-parents\/info-parents\/","name":"Info-parents - \u00c9cole Sainte-H\u00e9l\u00e8ne","isPartOf":{"@id":"https:\/\/cssdn.gouv.qc.ca\/saintehelene\/#website"},"primaryImageOfPage":{"@id":"https:\/\/cssdn.gouv.qc.ca\/saintehelene\/informations-aux-parents\/info-parents\/#primaryimage"},"image":{"@id":"https:\/\/cssdn.gouv.qc.ca\/saintehelene\/informations-aux-parents\/info-parents\/#primaryimage"},"thumbnailUrl":"https:\/\/cssdn.gouv.qc.ca\/wp-content\/uploads\/2022\/08\/Seawire-Hero-06.jpg","datePublished":"2022-11-08T21:07:56+00:00","dateModified":"2026-03-31T14:58:31+00:00","breadcrumb":{"@id":"https:\/\/cssdn.gouv.qc.ca\/saintehelene\/informations-aux-parents\/info-parents\/#breadcrumb"},"inLanguage":"fr-CA","potentialAction":[{"@type":"ReadAction","target":["https:\/\/cssdn.gouv.qc.ca\/saintehelene\/informations-aux-parents\/info-parents\/"]}]},{"@type":"ImageObject","inLanguage":"fr-CA","@id":"https:\/\/cssdn.gouv.qc.ca\/saintehelene\/informations-aux-parents\/info-parents\/#primaryimage","url":"https:\/\/cssdn.gouv.qc.ca\/wp-content\/uploads\/2022\/08\/Seawire-Hero-06.jpg","contentUrl":"https:\/\/cssdn.gouv.qc.ca\/wp-content\/uploads\/2022\/08\/Seawire-Hero-06.jpg"},{"@type":"BreadcrumbList","@id":"https:\/\/cssdn.gouv.qc.ca\/saintehelene\/informations-aux-parents\/info-parents\/#breadcrumb","itemListElement":[{"@type":"ListItem","position":1,"name":"Accueil","item":"https:\/\/cssdn.gouv.qc.ca\/saintehelene\/"},{"@type":"ListItem","position":2,"name":"Informations aux parents","item":"https:\/\/cssdn.gouv.qc.ca\/saintehelene\/informations-aux-parents\/"},{"@type":"ListItem","position":3,"name":"Info-parents"}]},{"@type":"WebSite","@id":"https:\/\/cssdn.gouv.qc.ca\/saintehelene\/#website","url":"https:\/\/cssdn.gouv.qc.ca\/saintehelene\/","name":"\u00c9cole Sainte-H\u00e9l\u00e8ne","description":"Un site des centres de services scolaires des Navigateurs","publisher":{"@id":"https:\/\/cssdn.gouv.qc.ca\/saintehelene\/#organization"},"potentialAction":[{"@type":"SearchAction","target":{"@type":"EntryPoint","urlTemplate":"https:\/\/cssdn.gouv.qc.ca\/saintehelene\/?s={search_term_string}"},"query-input":{"@type":"PropertyValueSpecification","valueRequired":true,"valueName":"search_term_string"}}],"inLanguage":"fr-CA"},{"@type":"Organization","@id":"https:\/\/cssdn.gouv.qc.ca\/saintehelene\/#organization","name":"\u00c9cole Sainte-H\u00e9l\u00e8ne","url":"https:\/\/cssdn.gouv.qc.ca\/saintehelene\/","logo":{"@type":"ImageObject","inLanguage":"fr-CA","@id":"https:\/\/cssdn.gouv.qc.ca\/saintehelene\/#\/schema\/logo\/image\/","url":"https:\/\/cssdn.gouv.qc.ca\/saintehelene\/wp-content\/uploads\/sites\/57\/2023\/01\/logo_quebec.svg","contentUrl":"https:\/\/cssdn.gouv.qc.ca\/saintehelene\/wp-content\/uploads\/sites\/57\/2023\/01\/logo_quebec.svg","width":188,"height":41,"caption":"\u00c9cole Sainte-H\u00e9l\u00e8ne"},"image":{"@id":"https:\/\/cssdn.gouv.qc.ca\/saintehelene\/#\/schema\/logo\/image\/"},"sameAs":["https:\/\/www.facebook.com\/CSSNavigateurs\/"]}]}},"publishpress_future_action":{"enabled":false,"date":"2026-05-07 19:58:35","action":"change-status","newStatus":"draft","terms":[],"taxonomy":"category","extraData":[]},"publishpress_future_workflow_manual_trigger":{"enabledWorkflows":[]},"_links":{"self":[{"href":"https:\/\/cssdn.gouv.qc.ca\/saintehelene\/wp-json\/wp\/v2\/pages\/15","targetHints":{"allow":["GET"]}}],"collection":[{"href":"https:\/\/cssdn.gouv.qc.ca\/saintehelene\/wp-json\/wp\/v2\/pages"}],"about":[{"href":"https:\/\/cssdn.gouv.qc.ca\/saintehelene\/wp-json\/wp\/v2\/types\/page"}],"author":[{"embeddable":true,"href":"https:\/\/cssdn.gouv.qc.ca\/saintehelene\/wp-json\/wp\/v2\/users\/1"}],"replies":[{"embeddable":true,"href":"https:\/\/cssdn.gouv.qc.ca\/saintehelene\/wp-json\/wp\/v2\/comments?post=15"}],"version-history":[{"count":0,"href":"https:\/\/cssdn.gouv.qc.ca\/saintehelene\/wp-json\/wp\/v2\/pages\/15\/revisions"}],"up":[{"embeddable":true,"href":"https:\/\/cssdn.gouv.qc.ca\/saintehelene\/wp-json\/wp\/v2\/pages\/13"}],"wp:attachment":[{"href":"https:\/\/cssdn.gouv.qc.ca\/saintehelene\/wp-json\/wp\/v2\/media?parent=15"}],"wp:term":[{"taxonomy":"category","embeddable":true,"href":"https:\/\/cssdn.gouv.qc.ca\/saintehelene\/wp-json\/wp\/v2\/categories?post=15"},{"taxonomy":"post_tag","embeddable":true,"href":"https:\/\/cssdn.gouv.qc.ca\/saintehelene\/wp-json\/wp\/v2\/tags?post=15"}],"curies":[{"name":"wp","href":"https:\/\/api.w.org\/{rel}","templated":true}]}}