
{"id":221,"date":"2023-01-12T10:44:51","date_gmt":"2023-01-12T15:44:51","guid":{"rendered":"https:\/\/cssdn.gouv.qc.ca\/saintehelene\/?page_id=221"},"modified":"2026-01-23T15:32:48","modified_gmt":"2026-01-23T20:32:48","slug":"mozaik-portail","status":"publish","type":"page","link":"https:\/\/cssdn.gouv.qc.ca\/saintehelene\/informations-aux-parents\/mozaik-portail\/","title":{"rendered":"Moza\u00efk-Portail"},"content":{"rendered":"\n<div class=\"wp-block-cover alignfull is-light is-style-title-banner\"><img decoding=\"async\" class=\"wp-block-cover__image-background wp-image-111 lazyload\" alt=\"\" data-src=\"https:\/\/cssdn.gouv.qc.ca\/wp-content\/uploads\/2022\/08\/Seawire-Hero-06.jpg\" data-object-fit=\"cover\" src=\"data:image\/svg+xml;base64,PHN2ZyB3aWR0aD0iMSIgaGVpZ2h0PSIxIiB4bWxucz0iaHR0cDovL3d3dy53My5vcmcvMjAwMC9zdmciPjwvc3ZnPg==\" \/><span aria-hidden=\"true\" class=\"wp-block-cover__background has-primary-background-color has-background-dim\"><\/span><div class=\"wp-block-cover__inner-container\"><h3 class=\"wp-block-post-title\">Moza\u00efk-Portail<\/h3><\/div><\/div>\n\n\n\n<div class=\"wp-block-group alignfull has-padding-y-large has-secondary-background-color has-background\"><div class=\"yoast-breadcrumbs alignwide \"><span class=\"breadcrumbs\"><a href=\"https:\/\/cssdn.gouv.qc.ca\/saintehelene\/\" class=\"breadcrumbs__element\">Accueil<\/a> <span class=\"breadcrumbs__separator\">\n        <svg class=\"icon icon-breadcrumb__separator\"><use xlink:href=\"#icon-breadcrumb__separator\"><\/use><\/svg>\n    <\/span> <a href=\"https:\/\/cssdn.gouv.qc.ca\/saintehelene\/informations-aux-parents\/\" class=\"breadcrumbs__element\">Informations aux parents<\/a> <span class=\"breadcrumbs__separator\">\n        <svg class=\"icon icon-breadcrumb__separator\"><use xlink:href=\"#icon-breadcrumb__separator\"><\/use><\/svg>\n    <\/span> <span class=\"breadcrumbs__element breadcrumbs__element-current\">Moza\u00efk-Portail<\/span><\/span><\/div><\/div>\n\n\n\n<div class=\"wp-block-file\"><a id=\"wp-block-file--media-9490b6a5-bad4-427d-83ce-c9d4ac5e0a3a\" href=\"https:\/\/cssdn.gouv.qc.ca\/saintehelene\/wp-content\/uploads\/sites\/57\/2023\/01\/Aide-aux-parents-Portail-Parents.pdf\">Document d&rsquo;aide portail Moza\u00efk pour les parents<\/a><\/div>\n\n\n\n<p class=\"wp-block-paragraph\"><a href=\"\"><\/a><\/p>\n\n\n\n<p class=\"wp-block-paragraph\">Proc\u00e9dure pour installer la nouvelle application sur le cellulaire \u00ab\u00a0Clic \u00c9cole\u00a0\u00bb<\/p>\n\n\n\n<p class=\"wp-block-paragraph\"><a href=\"https:\/\/www.quebec.ca\/education\/prescolaire-primaire-et-secondaire\/clic-ecole\">https:\/\/www.quebec.ca\/education\/prescolaire-primaire-et-secondaire\/clic-ecole<\/a><\/p>\n\n\n\n<p class=\"wp-block-paragraph\"><\/p>\n","protected":false},"excerpt":{"rendered":"<p>Proc\u00e9dure pour installer la nouvelle application sur le cellulaire \u00ab\u00a0Clic \u00c9cole\u00a0\u00bb https:\/\/www.quebec.ca\/education\/prescolaire-primaire-et-secondaire\/clic-ecole<\/p>\n","protected":false},"author":8,"featured_media":0,"parent":13,"menu_order":0,"comment_status":"closed","ping_status":"closed","template":"","meta":{"_acf_changed":false,"_crdt_document":"","inline_featured_image":false,"footnotes":""},"categories":[],"tags":[],"class_list":["post-221","page","type-page","status-publish","hentry"],"acf":[],"yoast_head":"<!-- This site is optimized with the Yoast SEO plugin v27.3 - https:\/\/yoast.com\/product\/yoast-seo-wordpress\/ -->\n<title>Moza\u00efk-Portail - \u00c9cole Sainte-H\u00e9l\u00e8ne<\/title>\n<meta name=\"robots\" content=\"index, follow, max-snippet:-1, max-image-preview:large, max-video-preview:-1\" \/>\n<link rel=\"canonical\" href=\"https:\/\/cssdn.gouv.qc.ca\/saintehelene\/informations-aux-parents\/mozaik-portail\/\" \/>\n<meta property=\"og:locale\" content=\"fr_CA\" \/>\n<meta property=\"og:type\" content=\"article\" \/>\n<meta property=\"og:title\" content=\"Moza\u00efk-Portail - \u00c9cole Sainte-H\u00e9l\u00e8ne\" \/>\n<meta property=\"og:description\" content=\"Proc\u00e9dure pour installer la nouvelle application sur le cellulaire \u00ab\u00a0Clic \u00c9cole\u00a0\u00bb https:\/\/www.quebec.ca\/education\/prescolaire-primaire-et-secondaire\/clic-ecole\" \/>\n<meta property=\"og:url\" content=\"https:\/\/cssdn.gouv.qc.ca\/saintehelene\/informations-aux-parents\/mozaik-portail\/\" \/>\n<meta property=\"og:site_name\" content=\"\u00c9cole Sainte-H\u00e9l\u00e8ne\" \/>\n<meta property=\"article:publisher\" content=\"https:\/\/www.facebook.com\/CSSNavigateurs\/\" \/>\n<meta property=\"article:modified_time\" content=\"2026-01-23T20:32:48+00:00\" \/>\n<meta property=\"og:image\" content=\"https:\/\/cssdn.gouv.qc.ca\/saintehelene\/wp-content\/uploads\/sites\/57\/2022\/12\/LogoSteH-Coul.jpg\" \/>\n\t<meta property=\"og:image:width\" content=\"1318\" \/>\n\t<meta property=\"og:image:height\" content=\"632\" \/>\n\t<meta property=\"og:image:type\" content=\"image\/jpeg\" \/>\n<meta name=\"twitter:card\" content=\"summary_large_image\" \/>\n<meta name=\"twitter:label1\" content=\"Estimation du temps de lecture\" \/>\n\t<meta name=\"twitter:data1\" content=\"1 minute\" \/>\n<script type=\"application\/ld+json\" class=\"yoast-schema-graph\">{\"@context\":\"https:\\\/\\\/schema.org\",\"@graph\":[{\"@type\":\"WebPage\",\"@id\":\"https:\\\/\\\/cssdn.gouv.qc.ca\\\/saintehelene\\\/informations-aux-parents\\\/mozaik-portail\\\/\",\"url\":\"https:\\\/\\\/cssdn.gouv.qc.ca\\\/saintehelene\\\/informations-aux-parents\\\/mozaik-portail\\\/\",\"name\":\"Moza\u00efk-Portail - \u00c9cole Sainte-H\u00e9l\u00e8ne\",\"isPartOf\":{\"@id\":\"https:\\\/\\\/cssdn.gouv.qc.ca\\\/saintehelene\\\/#website\"},\"primaryImageOfPage\":{\"@id\":\"https:\\\/\\\/cssdn.gouv.qc.ca\\\/saintehelene\\\/informations-aux-parents\\\/mozaik-portail\\\/#primaryimage\"},\"image\":{\"@id\":\"https:\\\/\\\/cssdn.gouv.qc.ca\\\/saintehelene\\\/informations-aux-parents\\\/mozaik-portail\\\/#primaryimage\"},\"thumbnailUrl\":\"https:\\\/\\\/cssdn.gouv.qc.ca\\\/wp-content\\\/uploads\\\/2022\\\/08\\\/Seawire-Hero-06.jpg\",\"datePublished\":\"2023-01-12T15:44:51+00:00\",\"dateModified\":\"2026-01-23T20:32:48+00:00\",\"breadcrumb\":{\"@id\":\"https:\\\/\\\/cssdn.gouv.qc.ca\\\/saintehelene\\\/informations-aux-parents\\\/mozaik-portail\\\/#breadcrumb\"},\"inLanguage\":\"fr-CA\",\"potentialAction\":[{\"@type\":\"ReadAction\",\"target\":[\"https:\\\/\\\/cssdn.gouv.qc.ca\\\/saintehelene\\\/informations-aux-parents\\\/mozaik-portail\\\/\"]}]},{\"@type\":\"ImageObject\",\"inLanguage\":\"fr-CA\",\"@id\":\"https:\\\/\\\/cssdn.gouv.qc.ca\\\/saintehelene\\\/informations-aux-parents\\\/mozaik-portail\\\/#primaryimage\",\"url\":\"https:\\\/\\\/cssdn.gouv.qc.ca\\\/wp-content\\\/uploads\\\/2022\\\/08\\\/Seawire-Hero-06.jpg\",\"contentUrl\":\"https:\\\/\\\/cssdn.gouv.qc.ca\\\/wp-content\\\/uploads\\\/2022\\\/08\\\/Seawire-Hero-06.jpg\"},{\"@type\":\"BreadcrumbList\",\"@id\":\"https:\\\/\\\/cssdn.gouv.qc.ca\\\/saintehelene\\\/informations-aux-parents\\\/mozaik-portail\\\/#breadcrumb\",\"itemListElement\":[{\"@type\":\"ListItem\",\"position\":1,\"name\":\"Accueil\",\"item\":\"https:\\\/\\\/cssdn.gouv.qc.ca\\\/saintehelene\\\/\"},{\"@type\":\"ListItem\",\"position\":2,\"name\":\"Informations aux parents\",\"item\":\"https:\\\/\\\/cssdn.gouv.qc.ca\\\/saintehelene\\\/informations-aux-parents\\\/\"},{\"@type\":\"ListItem\",\"position\":3,\"name\":\"Moza\u00efk-Portail\"}]},{\"@type\":\"WebSite\",\"@id\":\"https:\\\/\\\/cssdn.gouv.qc.ca\\\/saintehelene\\\/#website\",\"url\":\"https:\\\/\\\/cssdn.gouv.qc.ca\\\/saintehelene\\\/\",\"name\":\"\u00c9cole Sainte-H\u00e9l\u00e8ne\",\"description\":\"Un site des centres de services scolaires des Navigateurs\",\"publisher\":{\"@id\":\"https:\\\/\\\/cssdn.gouv.qc.ca\\\/saintehelene\\\/#organization\"},\"potentialAction\":[{\"@type\":\"SearchAction\",\"target\":{\"@type\":\"EntryPoint\",\"urlTemplate\":\"https:\\\/\\\/cssdn.gouv.qc.ca\\\/saintehelene\\\/?s={search_term_string}\"},\"query-input\":{\"@type\":\"PropertyValueSpecification\",\"valueRequired\":true,\"valueName\":\"search_term_string\"}}],\"inLanguage\":\"fr-CA\"},{\"@type\":\"Organization\",\"@id\":\"https:\\\/\\\/cssdn.gouv.qc.ca\\\/saintehelene\\\/#organization\",\"name\":\"\u00c9cole Sainte-H\u00e9l\u00e8ne\",\"url\":\"https:\\\/\\\/cssdn.gouv.qc.ca\\\/saintehelene\\\/\",\"logo\":{\"@type\":\"ImageObject\",\"inLanguage\":\"fr-CA\",\"@id\":\"https:\\\/\\\/cssdn.gouv.qc.ca\\\/saintehelene\\\/#\\\/schema\\\/logo\\\/image\\\/\",\"url\":\"https:\\\/\\\/cssdn.gouv.qc.ca\\\/saintehelene\\\/wp-content\\\/uploads\\\/sites\\\/57\\\/2023\\\/01\\\/logo_quebec.svg\",\"contentUrl\":\"https:\\\/\\\/cssdn.gouv.qc.ca\\\/saintehelene\\\/wp-content\\\/uploads\\\/sites\\\/57\\\/2023\\\/01\\\/logo_quebec.svg\",\"width\":188,\"height\":41,\"caption\":\"\u00c9cole Sainte-H\u00e9l\u00e8ne\"},\"image\":{\"@id\":\"https:\\\/\\\/cssdn.gouv.qc.ca\\\/saintehelene\\\/#\\\/schema\\\/logo\\\/image\\\/\"},\"sameAs\":[\"https:\\\/\\\/www.facebook.com\\\/CSSNavigateurs\\\/\"]}]}<\/script>\n<!-- \/ Yoast SEO plugin. -->","yoast_head_json":{"title":"Moza\u00efk-Portail - \u00c9cole Sainte-H\u00e9l\u00e8ne","robots":{"index":"index","follow":"follow","max-snippet":"max-snippet:-1","max-image-preview":"max-image-preview:large","max-video-preview":"max-video-preview:-1"},"canonical":"https:\/\/cssdn.gouv.qc.ca\/saintehelene\/informations-aux-parents\/mozaik-portail\/","og_locale":"fr_CA","og_type":"article","og_title":"Moza\u00efk-Portail - \u00c9cole Sainte-H\u00e9l\u00e8ne","og_description":"Proc\u00e9dure pour installer la nouvelle application sur le cellulaire \u00ab\u00a0Clic \u00c9cole\u00a0\u00bb https:\/\/www.quebec.ca\/education\/prescolaire-primaire-et-secondaire\/clic-ecole","og_url":"https:\/\/cssdn.gouv.qc.ca\/saintehelene\/informations-aux-parents\/mozaik-portail\/","og_site_name":"\u00c9cole Sainte-H\u00e9l\u00e8ne","article_publisher":"https:\/\/www.facebook.com\/CSSNavigateurs\/","article_modified_time":"2026-01-23T20:32:48+00:00","og_image":[{"width":1318,"height":632,"url":"https:\/\/cssdn.gouv.qc.ca\/saintehelene\/wp-content\/uploads\/sites\/57\/2022\/12\/LogoSteH-Coul.jpg","type":"image\/jpeg"}],"twitter_card":"summary_large_image","twitter_misc":{"Estimation du temps de lecture":"1 minute"},"schema":{"@context":"https:\/\/schema.org","@graph":[{"@type":"WebPage","@id":"https:\/\/cssdn.gouv.qc.ca\/saintehelene\/informations-aux-parents\/mozaik-portail\/","url":"https:\/\/cssdn.gouv.qc.ca\/saintehelene\/informations-aux-parents\/mozaik-portail\/","name":"Moza\u00efk-Portail - \u00c9cole Sainte-H\u00e9l\u00e8ne","isPartOf":{"@id":"https:\/\/cssdn.gouv.qc.ca\/saintehelene\/#website"},"primaryImageOfPage":{"@id":"https:\/\/cssdn.gouv.qc.ca\/saintehelene\/informations-aux-parents\/mozaik-portail\/#primaryimage"},"image":{"@id":"https:\/\/cssdn.gouv.qc.ca\/saintehelene\/informations-aux-parents\/mozaik-portail\/#primaryimage"},"thumbnailUrl":"https:\/\/cssdn.gouv.qc.ca\/wp-content\/uploads\/2022\/08\/Seawire-Hero-06.jpg","datePublished":"2023-01-12T15:44:51+00:00","dateModified":"2026-01-23T20:32:48+00:00","breadcrumb":{"@id":"https:\/\/cssdn.gouv.qc.ca\/saintehelene\/informations-aux-parents\/mozaik-portail\/#breadcrumb"},"inLanguage":"fr-CA","potentialAction":[{"@type":"ReadAction","target":["https:\/\/cssdn.gouv.qc.ca\/saintehelene\/informations-aux-parents\/mozaik-portail\/"]}]},{"@type":"ImageObject","inLanguage":"fr-CA","@id":"https:\/\/cssdn.gouv.qc.ca\/saintehelene\/informations-aux-parents\/mozaik-portail\/#primaryimage","url":"https:\/\/cssdn.gouv.qc.ca\/wp-content\/uploads\/2022\/08\/Seawire-Hero-06.jpg","contentUrl":"https:\/\/cssdn.gouv.qc.ca\/wp-content\/uploads\/2022\/08\/Seawire-Hero-06.jpg"},{"@type":"BreadcrumbList","@id":"https:\/\/cssdn.gouv.qc.ca\/saintehelene\/informations-aux-parents\/mozaik-portail\/#breadcrumb","itemListElement":[{"@type":"ListItem","position":1,"name":"Accueil","item":"https:\/\/cssdn.gouv.qc.ca\/saintehelene\/"},{"@type":"ListItem","position":2,"name":"Informations aux parents","item":"https:\/\/cssdn.gouv.qc.ca\/saintehelene\/informations-aux-parents\/"},{"@type":"ListItem","position":3,"name":"Moza\u00efk-Portail"}]},{"@type":"WebSite","@id":"https:\/\/cssdn.gouv.qc.ca\/saintehelene\/#website","url":"https:\/\/cssdn.gouv.qc.ca\/saintehelene\/","name":"\u00c9cole Sainte-H\u00e9l\u00e8ne","description":"Un site des centres de services scolaires des Navigateurs","publisher":{"@id":"https:\/\/cssdn.gouv.qc.ca\/saintehelene\/#organization"},"potentialAction":[{"@type":"SearchAction","target":{"@type":"EntryPoint","urlTemplate":"https:\/\/cssdn.gouv.qc.ca\/saintehelene\/?s={search_term_string}"},"query-input":{"@type":"PropertyValueSpecification","valueRequired":true,"valueName":"search_term_string"}}],"inLanguage":"fr-CA"},{"@type":"Organization","@id":"https:\/\/cssdn.gouv.qc.ca\/saintehelene\/#organization","name":"\u00c9cole Sainte-H\u00e9l\u00e8ne","url":"https:\/\/cssdn.gouv.qc.ca\/saintehelene\/","logo":{"@type":"ImageObject","inLanguage":"fr-CA","@id":"https:\/\/cssdn.gouv.qc.ca\/saintehelene\/#\/schema\/logo\/image\/","url":"https:\/\/cssdn.gouv.qc.ca\/saintehelene\/wp-content\/uploads\/sites\/57\/2023\/01\/logo_quebec.svg","contentUrl":"https:\/\/cssdn.gouv.qc.ca\/saintehelene\/wp-content\/uploads\/sites\/57\/2023\/01\/logo_quebec.svg","width":188,"height":41,"caption":"\u00c9cole Sainte-H\u00e9l\u00e8ne"},"image":{"@id":"https:\/\/cssdn.gouv.qc.ca\/saintehelene\/#\/schema\/logo\/image\/"},"sameAs":["https:\/\/www.facebook.com\/CSSNavigateurs\/"]}]}},"publishpress_future_action":{"enabled":false,"date":"2026-04-22 13:04:16","action":"change-status","newStatus":"draft","terms":[],"taxonomy":"category","extraData":[]},"publishpress_future_workflow_manual_trigger":{"enabledWorkflows":[]},"_links":{"self":[{"href":"https:\/\/cssdn.gouv.qc.ca\/saintehelene\/wp-json\/wp\/v2\/pages\/221","targetHints":{"allow":["GET"]}}],"collection":[{"href":"https:\/\/cssdn.gouv.qc.ca\/saintehelene\/wp-json\/wp\/v2\/pages"}],"about":[{"href":"https:\/\/cssdn.gouv.qc.ca\/saintehelene\/wp-json\/wp\/v2\/types\/page"}],"author":[{"embeddable":true,"href":"https:\/\/cssdn.gouv.qc.ca\/saintehelene\/wp-json\/wp\/v2\/users\/8"}],"replies":[{"embeddable":true,"href":"https:\/\/cssdn.gouv.qc.ca\/saintehelene\/wp-json\/wp\/v2\/comments?post=221"}],"version-history":[{"count":0,"href":"https:\/\/cssdn.gouv.qc.ca\/saintehelene\/wp-json\/wp\/v2\/pages\/221\/revisions"}],"up":[{"embeddable":true,"href":"https:\/\/cssdn.gouv.qc.ca\/saintehelene\/wp-json\/wp\/v2\/pages\/13"}],"wp:attachment":[{"href":"https:\/\/cssdn.gouv.qc.ca\/saintehelene\/wp-json\/wp\/v2\/media?parent=221"}],"wp:term":[{"taxonomy":"category","embeddable":true,"href":"https:\/\/cssdn.gouv.qc.ca\/saintehelene\/wp-json\/wp\/v2\/categories?post=221"},{"taxonomy":"post_tag","embeddable":true,"href":"https:\/\/cssdn.gouv.qc.ca\/saintehelene\/wp-json\/wp\/v2\/tags?post=221"}],"curies":[{"name":"wp","href":"https:\/\/api.w.org\/{rel}","templated":true}]}}