
{"id":685,"date":"2025-11-18T16:35:10","date_gmt":"2025-11-18T21:35:10","guid":{"rendered":"https:\/\/cssdn.gouv.qc.ca\/saintehelene\/?page_id=685"},"modified":"2026-01-14T14:26:22","modified_gmt":"2026-01-14T19:26:22","slug":"programme-dactivites","status":"publish","type":"page","link":"https:\/\/cssdn.gouv.qc.ca\/saintehelene\/service-de-garde\/programme-dactivites\/","title":{"rendered":"Programme d&rsquo;activit\u00e9s"},"content":{"rendered":"\n<div class=\"wp-block-cover alignfull is-light is-style-title-banner\"><img decoding=\"async\" class=\"wp-block-cover__image-background wp-image-111 lazyload\" alt=\"\" data-src=\"https:\/\/stage.cssdn.gouv.qc.ca\/wp-content\/uploads\/2022\/08\/Seawire-Hero-06.jpg\" data-object-fit=\"cover\" src=\"data:image\/svg+xml;base64,PHN2ZyB3aWR0aD0iMSIgaGVpZ2h0PSIxIiB4bWxucz0iaHR0cDovL3d3dy53My5vcmcvMjAwMC9zdmciPjwvc3ZnPg==\" \/><span aria-hidden=\"true\" class=\"wp-block-cover__background has-background-dim\"><\/span><div class=\"wp-block-cover__inner-container\"><h3 class=\"wp-block-post-title\">Programme d&rsquo;activit\u00e9s<\/h3><\/div><\/div>\n\n\n\n<div class=\"wp-block-group alignfull has-padding-y-large has-secondary-background-color has-background\"><div class=\"yoast-breadcrumbs alignwide \"><span class=\"breadcrumbs\"><a href=\"https:\/\/cssdn.gouv.qc.ca\/saintehelene\/\" class=\"breadcrumbs__element\">Accueil<\/a> <span class=\"breadcrumbs__separator\">\n        <svg class=\"icon icon-breadcrumb__separator\"><use xlink:href=\"#icon-breadcrumb__separator\"><\/use><\/svg>\n    <\/span> <a href=\"https:\/\/cssdn.gouv.qc.ca\/saintehelene\/service-de-garde\/\" class=\"breadcrumbs__element\">Service de garde<\/a> <span class=\"breadcrumbs__separator\">\n        <svg class=\"icon icon-breadcrumb__separator\"><use xlink:href=\"#icon-breadcrumb__separator\"><\/use><\/svg>\n    <\/span> <span class=\"breadcrumbs__element breadcrumbs__element-current\">Programme d&rsquo;activit\u00e9s<\/span><\/span><\/div><\/div>\n\n\n\n<h1 class=\"wp-block-heading\">Programme d&rsquo;activit\u00e9s<\/h1>\n\n\n\n\n<p class=\"act-lead wp-block-paragraph\">Les services de garde en milieu scolaire sont r\u00e9gis par<br>la Loi de l&rsquo;Instruction publique (L . I . P)<br>&nbsp;<br>R\u00e8glement sur les services de garde en milieu scolaire<br><a href=\"https:\/\/www.legisquebec.gouv.qc.ca\/fr\/document\/rc\/i-13.3,%20r.%2011\"><strong>https:\/\/www.legisquebec.gouv.qc.ca\/fr\/document\/rc\/i-13.3,%20r.%2011<\/strong><\/a><br><\/p>\n\n\n\n\n<p class=\"wp-block-paragraph\"><em><strong>Programme d&rsquo;activit\u00e9s : <\/strong><\/em><\/p>\n\n\n\n<figure class=\"wp-block-embed is-type-wp-embed is-provider-genially wp-block-embed-genially\"><div class=\"wp-block-embed__wrapper\">\n<iframe class=\"wp-embedded-content lazyload\" sandbox=\"allow-scripts\" security=\"restricted\" title=\"Genially_copy - Pr\u00e9sentation cahier d&#039;\u00e9cole\" frameborder='0' width='1200' height='675' data-src='https:\/\/view.genially.com\/684c76547e74465fc6bc0754#?secret=7gcrncdMPF' data-secret='7gcrncdMPF' scrolling='yes' src=\"data:image\/svg+xml;base64,PHN2ZyB3aWR0aD0iMSIgaGVpZ2h0PSIxIiB4bWxucz0iaHR0cDovL3d3dy53My5vcmcvMjAwMC9zdmciPjwvc3ZnPg==\" data-load-mode=\"1\"><\/iframe>\n<\/div><\/figure>\n","protected":false},"excerpt":{"rendered":"<p>Programme d&rsquo;activit\u00e9s Programme d&rsquo;activit\u00e9s :<\/p>\n","protected":false},"author":173,"featured_media":0,"parent":16,"menu_order":0,"comment_status":"closed","ping_status":"closed","template":"","meta":{"_acf_changed":false,"_crdt_document":"","inline_featured_image":false,"footnotes":""},"categories":[],"tags":[],"class_list":["post-685","page","type-page","status-publish","hentry"],"acf":[],"yoast_head":"<!-- This site is optimized with the Yoast SEO plugin v27.3 - https:\/\/yoast.com\/product\/yoast-seo-wordpress\/ -->\n<title>Programme d&#039;activit\u00e9s - \u00c9cole Sainte-H\u00e9l\u00e8ne<\/title>\n<meta name=\"robots\" content=\"index, follow, max-snippet:-1, max-image-preview:large, max-video-preview:-1\" \/>\n<link rel=\"canonical\" href=\"https:\/\/cssdn.gouv.qc.ca\/saintehelene\/service-de-garde\/programme-dactivites\/\" \/>\n<meta property=\"og:locale\" content=\"fr_CA\" \/>\n<meta property=\"og:type\" content=\"article\" \/>\n<meta property=\"og:title\" content=\"Programme d&#039;activit\u00e9s - \u00c9cole Sainte-H\u00e9l\u00e8ne\" \/>\n<meta property=\"og:description\" content=\"Programme d&rsquo;activit\u00e9s Programme d&rsquo;activit\u00e9s :\" \/>\n<meta property=\"og:url\" content=\"https:\/\/cssdn.gouv.qc.ca\/saintehelene\/service-de-garde\/programme-dactivites\/\" \/>\n<meta property=\"og:site_name\" content=\"\u00c9cole Sainte-H\u00e9l\u00e8ne\" \/>\n<meta property=\"article:publisher\" content=\"https:\/\/www.facebook.com\/CSSNavigateurs\/\" \/>\n<meta property=\"article:modified_time\" content=\"2026-01-14T19:26:22+00:00\" \/>\n<meta property=\"og:image\" content=\"https:\/\/cssdn.gouv.qc.ca\/saintehelene\/wp-content\/uploads\/sites\/57\/2022\/12\/LogoSteH-Coul.jpg\" \/>\n\t<meta property=\"og:image:width\" content=\"1318\" \/>\n\t<meta property=\"og:image:height\" content=\"632\" \/>\n\t<meta property=\"og:image:type\" content=\"image\/jpeg\" \/>\n<meta name=\"twitter:card\" content=\"summary_large_image\" \/>\n<meta name=\"twitter:label1\" content=\"Estimation du temps de lecture\" \/>\n\t<meta name=\"twitter:data1\" content=\"1 minute\" \/>\n<script type=\"application\/ld+json\" class=\"yoast-schema-graph\">{\"@context\":\"https:\\\/\\\/schema.org\",\"@graph\":[{\"@type\":\"WebPage\",\"@id\":\"https:\\\/\\\/cssdn.gouv.qc.ca\\\/saintehelene\\\/service-de-garde\\\/programme-dactivites\\\/\",\"url\":\"https:\\\/\\\/cssdn.gouv.qc.ca\\\/saintehelene\\\/service-de-garde\\\/programme-dactivites\\\/\",\"name\":\"Programme d'activit\u00e9s - \u00c9cole Sainte-H\u00e9l\u00e8ne\",\"isPartOf\":{\"@id\":\"https:\\\/\\\/cssdn.gouv.qc.ca\\\/saintehelene\\\/#website\"},\"primaryImageOfPage\":{\"@id\":\"https:\\\/\\\/cssdn.gouv.qc.ca\\\/saintehelene\\\/service-de-garde\\\/programme-dactivites\\\/#primaryimage\"},\"image\":{\"@id\":\"https:\\\/\\\/cssdn.gouv.qc.ca\\\/saintehelene\\\/service-de-garde\\\/programme-dactivites\\\/#primaryimage\"},\"thumbnailUrl\":\"https:\\\/\\\/stage.cssdn.gouv.qc.ca\\\/wp-content\\\/uploads\\\/2022\\\/08\\\/Seawire-Hero-06.jpg\",\"datePublished\":\"2025-11-18T21:35:10+00:00\",\"dateModified\":\"2026-01-14T19:26:22+00:00\",\"breadcrumb\":{\"@id\":\"https:\\\/\\\/cssdn.gouv.qc.ca\\\/saintehelene\\\/service-de-garde\\\/programme-dactivites\\\/#breadcrumb\"},\"inLanguage\":\"fr-CA\",\"potentialAction\":[{\"@type\":\"ReadAction\",\"target\":[\"https:\\\/\\\/cssdn.gouv.qc.ca\\\/saintehelene\\\/service-de-garde\\\/programme-dactivites\\\/\"]}]},{\"@type\":\"ImageObject\",\"inLanguage\":\"fr-CA\",\"@id\":\"https:\\\/\\\/cssdn.gouv.qc.ca\\\/saintehelene\\\/service-de-garde\\\/programme-dactivites\\\/#primaryimage\",\"url\":\"https:\\\/\\\/stage.cssdn.gouv.qc.ca\\\/wp-content\\\/uploads\\\/2022\\\/08\\\/Seawire-Hero-06.jpg\",\"contentUrl\":\"https:\\\/\\\/stage.cssdn.gouv.qc.ca\\\/wp-content\\\/uploads\\\/2022\\\/08\\\/Seawire-Hero-06.jpg\"},{\"@type\":\"BreadcrumbList\",\"@id\":\"https:\\\/\\\/cssdn.gouv.qc.ca\\\/saintehelene\\\/service-de-garde\\\/programme-dactivites\\\/#breadcrumb\",\"itemListElement\":[{\"@type\":\"ListItem\",\"position\":1,\"name\":\"Accueil\",\"item\":\"https:\\\/\\\/cssdn.gouv.qc.ca\\\/saintehelene\\\/\"},{\"@type\":\"ListItem\",\"position\":2,\"name\":\"Service de garde\",\"item\":\"https:\\\/\\\/cssdn.gouv.qc.ca\\\/saintehelene\\\/service-de-garde\\\/\"},{\"@type\":\"ListItem\",\"position\":3,\"name\":\"Programme d&rsquo;activit\u00e9s\"}]},{\"@type\":\"WebSite\",\"@id\":\"https:\\\/\\\/cssdn.gouv.qc.ca\\\/saintehelene\\\/#website\",\"url\":\"https:\\\/\\\/cssdn.gouv.qc.ca\\\/saintehelene\\\/\",\"name\":\"\u00c9cole Sainte-H\u00e9l\u00e8ne\",\"description\":\"Un site des centres de services scolaires des Navigateurs\",\"publisher\":{\"@id\":\"https:\\\/\\\/cssdn.gouv.qc.ca\\\/saintehelene\\\/#organization\"},\"potentialAction\":[{\"@type\":\"SearchAction\",\"target\":{\"@type\":\"EntryPoint\",\"urlTemplate\":\"https:\\\/\\\/cssdn.gouv.qc.ca\\\/saintehelene\\\/?s={search_term_string}\"},\"query-input\":{\"@type\":\"PropertyValueSpecification\",\"valueRequired\":true,\"valueName\":\"search_term_string\"}}],\"inLanguage\":\"fr-CA\"},{\"@type\":\"Organization\",\"@id\":\"https:\\\/\\\/cssdn.gouv.qc.ca\\\/saintehelene\\\/#organization\",\"name\":\"\u00c9cole Sainte-H\u00e9l\u00e8ne\",\"url\":\"https:\\\/\\\/cssdn.gouv.qc.ca\\\/saintehelene\\\/\",\"logo\":{\"@type\":\"ImageObject\",\"inLanguage\":\"fr-CA\",\"@id\":\"https:\\\/\\\/cssdn.gouv.qc.ca\\\/saintehelene\\\/#\\\/schema\\\/logo\\\/image\\\/\",\"url\":\"https:\\\/\\\/cssdn.gouv.qc.ca\\\/saintehelene\\\/wp-content\\\/uploads\\\/sites\\\/57\\\/2023\\\/01\\\/logo_quebec.svg\",\"contentUrl\":\"https:\\\/\\\/cssdn.gouv.qc.ca\\\/saintehelene\\\/wp-content\\\/uploads\\\/sites\\\/57\\\/2023\\\/01\\\/logo_quebec.svg\",\"width\":188,\"height\":41,\"caption\":\"\u00c9cole Sainte-H\u00e9l\u00e8ne\"},\"image\":{\"@id\":\"https:\\\/\\\/cssdn.gouv.qc.ca\\\/saintehelene\\\/#\\\/schema\\\/logo\\\/image\\\/\"},\"sameAs\":[\"https:\\\/\\\/www.facebook.com\\\/CSSNavigateurs\\\/\"]}]}<\/script>\n<!-- \/ Yoast SEO plugin. -->","yoast_head_json":{"title":"Programme d'activit\u00e9s - \u00c9cole Sainte-H\u00e9l\u00e8ne","robots":{"index":"index","follow":"follow","max-snippet":"max-snippet:-1","max-image-preview":"max-image-preview:large","max-video-preview":"max-video-preview:-1"},"canonical":"https:\/\/cssdn.gouv.qc.ca\/saintehelene\/service-de-garde\/programme-dactivites\/","og_locale":"fr_CA","og_type":"article","og_title":"Programme d'activit\u00e9s - \u00c9cole Sainte-H\u00e9l\u00e8ne","og_description":"Programme d&rsquo;activit\u00e9s Programme d&rsquo;activit\u00e9s :","og_url":"https:\/\/cssdn.gouv.qc.ca\/saintehelene\/service-de-garde\/programme-dactivites\/","og_site_name":"\u00c9cole Sainte-H\u00e9l\u00e8ne","article_publisher":"https:\/\/www.facebook.com\/CSSNavigateurs\/","article_modified_time":"2026-01-14T19:26:22+00:00","og_image":[{"width":1318,"height":632,"url":"https:\/\/cssdn.gouv.qc.ca\/saintehelene\/wp-content\/uploads\/sites\/57\/2022\/12\/LogoSteH-Coul.jpg","type":"image\/jpeg"}],"twitter_card":"summary_large_image","twitter_misc":{"Estimation du temps de lecture":"1 minute"},"schema":{"@context":"https:\/\/schema.org","@graph":[{"@type":"WebPage","@id":"https:\/\/cssdn.gouv.qc.ca\/saintehelene\/service-de-garde\/programme-dactivites\/","url":"https:\/\/cssdn.gouv.qc.ca\/saintehelene\/service-de-garde\/programme-dactivites\/","name":"Programme d'activit\u00e9s - \u00c9cole Sainte-H\u00e9l\u00e8ne","isPartOf":{"@id":"https:\/\/cssdn.gouv.qc.ca\/saintehelene\/#website"},"primaryImageOfPage":{"@id":"https:\/\/cssdn.gouv.qc.ca\/saintehelene\/service-de-garde\/programme-dactivites\/#primaryimage"},"image":{"@id":"https:\/\/cssdn.gouv.qc.ca\/saintehelene\/service-de-garde\/programme-dactivites\/#primaryimage"},"thumbnailUrl":"https:\/\/stage.cssdn.gouv.qc.ca\/wp-content\/uploads\/2022\/08\/Seawire-Hero-06.jpg","datePublished":"2025-11-18T21:35:10+00:00","dateModified":"2026-01-14T19:26:22+00:00","breadcrumb":{"@id":"https:\/\/cssdn.gouv.qc.ca\/saintehelene\/service-de-garde\/programme-dactivites\/#breadcrumb"},"inLanguage":"fr-CA","potentialAction":[{"@type":"ReadAction","target":["https:\/\/cssdn.gouv.qc.ca\/saintehelene\/service-de-garde\/programme-dactivites\/"]}]},{"@type":"ImageObject","inLanguage":"fr-CA","@id":"https:\/\/cssdn.gouv.qc.ca\/saintehelene\/service-de-garde\/programme-dactivites\/#primaryimage","url":"https:\/\/stage.cssdn.gouv.qc.ca\/wp-content\/uploads\/2022\/08\/Seawire-Hero-06.jpg","contentUrl":"https:\/\/stage.cssdn.gouv.qc.ca\/wp-content\/uploads\/2022\/08\/Seawire-Hero-06.jpg"},{"@type":"BreadcrumbList","@id":"https:\/\/cssdn.gouv.qc.ca\/saintehelene\/service-de-garde\/programme-dactivites\/#breadcrumb","itemListElement":[{"@type":"ListItem","position":1,"name":"Accueil","item":"https:\/\/cssdn.gouv.qc.ca\/saintehelene\/"},{"@type":"ListItem","position":2,"name":"Service de garde","item":"https:\/\/cssdn.gouv.qc.ca\/saintehelene\/service-de-garde\/"},{"@type":"ListItem","position":3,"name":"Programme d&rsquo;activit\u00e9s"}]},{"@type":"WebSite","@id":"https:\/\/cssdn.gouv.qc.ca\/saintehelene\/#website","url":"https:\/\/cssdn.gouv.qc.ca\/saintehelene\/","name":"\u00c9cole Sainte-H\u00e9l\u00e8ne","description":"Un site des centres de services scolaires des Navigateurs","publisher":{"@id":"https:\/\/cssdn.gouv.qc.ca\/saintehelene\/#organization"},"potentialAction":[{"@type":"SearchAction","target":{"@type":"EntryPoint","urlTemplate":"https:\/\/cssdn.gouv.qc.ca\/saintehelene\/?s={search_term_string}"},"query-input":{"@type":"PropertyValueSpecification","valueRequired":true,"valueName":"search_term_string"}}],"inLanguage":"fr-CA"},{"@type":"Organization","@id":"https:\/\/cssdn.gouv.qc.ca\/saintehelene\/#organization","name":"\u00c9cole Sainte-H\u00e9l\u00e8ne","url":"https:\/\/cssdn.gouv.qc.ca\/saintehelene\/","logo":{"@type":"ImageObject","inLanguage":"fr-CA","@id":"https:\/\/cssdn.gouv.qc.ca\/saintehelene\/#\/schema\/logo\/image\/","url":"https:\/\/cssdn.gouv.qc.ca\/saintehelene\/wp-content\/uploads\/sites\/57\/2023\/01\/logo_quebec.svg","contentUrl":"https:\/\/cssdn.gouv.qc.ca\/saintehelene\/wp-content\/uploads\/sites\/57\/2023\/01\/logo_quebec.svg","width":188,"height":41,"caption":"\u00c9cole Sainte-H\u00e9l\u00e8ne"},"image":{"@id":"https:\/\/cssdn.gouv.qc.ca\/saintehelene\/#\/schema\/logo\/image\/"},"sameAs":["https:\/\/www.facebook.com\/CSSNavigateurs\/"]}]}},"publishpress_future_action":{"enabled":false,"date":"2026-04-20 13:46:00","action":"change-status","newStatus":"draft","terms":[],"taxonomy":"category","extraData":[]},"publishpress_future_workflow_manual_trigger":{"enabledWorkflows":[]},"_links":{"self":[{"href":"https:\/\/cssdn.gouv.qc.ca\/saintehelene\/wp-json\/wp\/v2\/pages\/685","targetHints":{"allow":["GET"]}}],"collection":[{"href":"https:\/\/cssdn.gouv.qc.ca\/saintehelene\/wp-json\/wp\/v2\/pages"}],"about":[{"href":"https:\/\/cssdn.gouv.qc.ca\/saintehelene\/wp-json\/wp\/v2\/types\/page"}],"author":[{"embeddable":true,"href":"https:\/\/cssdn.gouv.qc.ca\/saintehelene\/wp-json\/wp\/v2\/users\/173"}],"replies":[{"embeddable":true,"href":"https:\/\/cssdn.gouv.qc.ca\/saintehelene\/wp-json\/wp\/v2\/comments?post=685"}],"version-history":[{"count":0,"href":"https:\/\/cssdn.gouv.qc.ca\/saintehelene\/wp-json\/wp\/v2\/pages\/685\/revisions"}],"up":[{"embeddable":true,"href":"https:\/\/cssdn.gouv.qc.ca\/saintehelene\/wp-json\/wp\/v2\/pages\/16"}],"wp:attachment":[{"href":"https:\/\/cssdn.gouv.qc.ca\/saintehelene\/wp-json\/wp\/v2\/media?parent=685"}],"wp:term":[{"taxonomy":"category","embeddable":true,"href":"https:\/\/cssdn.gouv.qc.ca\/saintehelene\/wp-json\/wp\/v2\/categories?post=685"},{"taxonomy":"post_tag","embeddable":true,"href":"https:\/\/cssdn.gouv.qc.ca\/saintehelene\/wp-json\/wp\/v2\/tags?post=685"}],"curies":[{"name":"wp","href":"https:\/\/api.w.org\/{rel}","templated":true}]}}