
{"id":14,"date":"2022-11-08T16:07:55","date_gmt":"2022-11-08T21:07:55","guid":{"rendered":"https:\/\/cssdn.gouv.qc.ca\/saintjoseph\/informations-aux-parents\/renseignements-generaux\/"},"modified":"2026-04-08T09:36:28","modified_gmt":"2026-04-08T13:36:28","slug":"renseignements-generaux","status":"publish","type":"page","link":"https:\/\/cssdn.gouv.qc.ca\/saintjoseph\/informations-aux-parents\/renseignements-generaux\/","title":{"rendered":"Renseignements g\u00e9n\u00e9raux"},"content":{"rendered":"\n<div class=\"wp-block-cover alignfull is-light is-style-title-banner\"><img decoding=\"async\" class=\"wp-block-cover__image-background wp-image-111 lazyload\" alt=\"\" data-src=\"https:\/\/cssdn.gouv.qc.ca\/wp-content\/uploads\/2022\/08\/Seawire-Hero-06.jpg\" data-object-fit=\"cover\" src=\"data:image\/svg+xml;base64,PHN2ZyB3aWR0aD0iMSIgaGVpZ2h0PSIxIiB4bWxucz0iaHR0cDovL3d3dy53My5vcmcvMjAwMC9zdmciPjwvc3ZnPg==\" \/><span aria-hidden=\"true\" class=\"wp-block-cover__background has-primary-background-color has-background-dim\"><\/span><div class=\"wp-block-cover__inner-container\"><h3 class=\"wp-block-post-title\">Renseignements g\u00e9n\u00e9raux<\/h3><\/div><\/div>\n\n\n\n<div class=\"wp-block-group alignfull has-padding-y-large has-secondary-background-color has-background\"><div class=\"yoast-breadcrumbs alignwide \"><span class=\"breadcrumbs\"><a href=\"https:\/\/cssdn.gouv.qc.ca\/saintjoseph\/\" class=\"breadcrumbs__element\">Accueil<\/a> <span class=\"breadcrumbs__separator\">\n        <svg class=\"icon icon-breadcrumb__separator\"><use xlink:href=\"#icon-breadcrumb__separator\"><\/use><\/svg>\n    <\/span> <a href=\"https:\/\/cssdn.gouv.qc.ca\/saintjoseph\/informations-aux-parents\/\" class=\"breadcrumbs__element\">Informations aux parents<\/a> <span class=\"breadcrumbs__separator\">\n        <svg class=\"icon icon-breadcrumb__separator\"><use xlink:href=\"#icon-breadcrumb__separator\"><\/use><\/svg>\n    <\/span> <span class=\"breadcrumbs__element breadcrumbs__element-current\">Renseignements g\u00e9n\u00e9raux<\/span><\/span><\/div>\n\n\n<p class=\"wp-block-paragraph\"><\/p>\n<\/div>\n\n\n\n<h2 class=\"wp-block-heading\">Nos classes<\/h2>\n\n\n\n<p class=\"wp-block-paragraph\"><strong>Ann\u00e9e 2025-2026<\/strong><\/p>\n\n\n\n<p class=\"wp-block-paragraph\">L\u2019\u00c9cole Saint-Joseph est compos\u00e9e de&nbsp;trente&nbsp;(30) classes, totalisant:&nbsp;<\/p>\n\n\n\n<h3 class=\"wp-block-heading\">Classes r\u00e9guli\u00e8res<\/h3>\n\n\n\n<p class=\"wp-block-paragraph\"><strong>&nbsp;Dix-neuf (19) classes,&nbsp;de la maternelle 5 ans \u00e0 la 6e ann\u00e9e.<\/strong><\/p>\n\n\n\n<h3 class=\"wp-block-heading\"><strong>Classes sp\u00e9ciales<\/strong><\/h3>\n\n\n\n<p class=\"wp-block-paragraph\"><strong>Trois&nbsp;(3) classes d\u2019adaptation des troubles du spectre de l\u2019autisme (CATSA)&nbsp;<\/strong>: La classe CATSA est compos\u00e9e de six&nbsp;ou sept \u00e9l\u00e8ves, d\u2019une enseignante et d\u2019une \u00e9ducatrice. Pour \u00eatre dans cette classe, les \u00e9l\u00e8ves doivent avoir un trouble envahissant du d\u00e9veloppement. L\u2019enseignement et l\u2019environnement de cette classe sont bas\u00e9s selon le mod\u00e8le TEACH. Le local est divis\u00e9 sous forme d\u2019aires : aire de travail individuel, aire de panier, aire de jeux, etc. Pour favoriser la compr\u00e9hension et la communication des \u00e9l\u00e8ves, nous utilisons les pictogrammes et le langage conceptuel (petits dessins de base qui permettent un support visuel, qui est indispensable pour eux). De plus, les routines, la stabilit\u00e9 et la constance sont trois \u00e9l\u00e9ments essentiels au bon fonctionnement de cette classe.<br><\/p>\n\n\n\n<p class=\"wp-block-paragraph\"><em>(Ancienne appellation : Classe-ressource des troubles envahissants du d\u00e9veloppement (TED))<\/em><\/p>\n\n\n\n<h3 class=\"wp-block-heading\"><strong>Programmes Arts, Langues et Sports (PALS)<\/strong><\/h3>\n\n\n\n<p class=\"wp-block-paragraph\"><strong>Huit (8)&nbsp;classes aux programmes PALS,&nbsp;de la 4e \u00e0 la 6e ann\u00e9e.<\/strong><\/p>\n\n\n\n<h2 class=\"wp-block-heading\">Contr\u00f4le des absences<\/h2>\n\n\n\n<h3 class=\"wp-block-heading\"><strong>Absence, retard ou d\u00e9part h\u00e2tif en classe<\/strong><\/h3>\n\n\n\n<p class=\"wp-block-paragraph\"><strong>VIA LA PLATEFORME CLIC \u00c9COLE<\/strong><\/p>\n\n\n\n<p class=\"wp-block-paragraph\">Lorsque votre enfant s\u2019absente de l\u2019\u00e9cole, vous devez motiver son absence, son retard ou son d\u00e9part h\u00e2tif, via la plateforme Clic \u00e9cole, dans la tuile\u00a0<strong>absences<\/strong>. Id\u00e9alement, vous devez le faire avant le d\u00e9but des classes. Pour plus de facilit\u00e9 et de rapidit\u00e9,\u00a0<strong>T\u00c9L\u00c9CHARGEZ\u00a0<\/strong>d\u00e8s maintenant l\u2019application\u00a0<strong>Clic \u00e9cole\u00a0<\/strong>sur votre cellulaire ! Vous pouvez \u00e9galement motiver les absences de votre enfant \u00e0 l\u2019avance\u00a0: par exemple, un rendez-vous m\u00e9dical ou avec un sp\u00e9cialiste.\u00a0<\/p>\n\n\n\n<p class=\"wp-block-paragraph\">Si vous \u00e9prouvez des probl\u00e8mes avec l\u2019application ou si vous n\u2019avez pas d\u2019internet, il sera possible de laisser un message par courriel \u00e0\u00a0<a href=\"mailto:st-joseph@cssdn.gouv.qc.ca\">st-joseph@cssdn.gouv.qc.ca<\/a>\u00a0ou sur la boite vocale de l\u2019\u00e9cole au 418-838-8562 en mentionnant le nom de l\u2019enfant, le nom de l\u2019enseignant,\u00a0<strong>le motif et la dur\u00e9e de son absence<\/strong>. La s\u00e9curit\u00e9 de votre enfant en est ainsi assur\u00e9e. \u00c0 noter que l\u2019utilisation de Clic \u00e9cole est \u00e0 prioriser pour signaler l\u2019absence de votre enfant en tout temps.<\/p>\n\n\n\n<h3 class=\"wp-block-heading\"><strong>Absence, retard ou d\u00e9part h\u00e2tif au service de garde<\/strong><\/h3>\n\n\n\n<p class=\"wp-block-paragraph\"><strong>PAR COURRIEL OU PAR T\u00c9L\u00c9PHONE<\/strong> Si votre enfant fr\u00e9quente le&nbsp;<strong>service de garde<\/strong>, vous devez communiquer avec la responsable par courriel \u00e0&nbsp;<a href=\"mailto:service-garde.st-joseph@csnavigateurs.qc.ca\">service-garde.st-joseph@cssdn.gouv.qc.ca<\/a>&nbsp;ou par t\u00e9l\u00e9phone 418-838-8562 poste 62840. Pour tout&nbsp;<strong>changement \u00e0 l\u2019horaire habituel de votre&nbsp;enfant, s.v.p.&nbsp;avisez le secr\u00e9tariat ET le service de garde par courriel ou par t\u00e9l\u00e9phone.<\/strong><\/p>\n\n\n\n<h2 class=\"wp-block-heading\"><strong>Sant\u00e9<\/strong><\/h2>\n\n\n\n<p class=\"wp-block-paragraph\"><a href=\"https:\/\/cssdn.gouv.qc.ca\/saintjoseph\/wp-content\/uploads\/sites\/59\/2024\/07\/4.09-Annexe-2-Demande-de-distribution-dun-medicament.pdf\">Demande de distribution d\u2019un m\u00e9dicament<\/a><\/p>\n\n\n\n<p class=\"wp-block-paragraph\">Ce formulaire doit&nbsp;<strong>obligatoirement<\/strong>&nbsp;\u00eatre rempli pour pouvoir administrer un m\u00e9dicament \u00e0 un \u00e9l\u00e8ve lors des heures d\u2019\u00e9cole.<\/p>\n\n\n\n<p class=\"wp-block-paragraph\"><\/p>\n\n\n\n<h2 class=\"wp-block-heading\">Corridors scolaires<\/h2>\n\n\n\n<p class=\"wp-block-paragraph\"><a href=\"https:\/\/cssdn.gouv.qc.ca\/saintjoseph\/wp-content\/uploads\/sites\/59\/2024\/07\/corridors-scolaires_Saint-Joseph.pdf\">O\u00f9 sont situ\u00e9s les zones et les corridors scolaires dans votre quartier?<\/a><\/p>\n\n\n\n<p class=\"wp-block-paragraph\"><\/p>\n","protected":false},"excerpt":{"rendered":"<p>Nos classes Ann\u00e9e 2025-2026 L\u2019\u00c9cole Saint-Joseph est compos\u00e9e de&nbsp;trente&nbsp;(30) classes, totalisant:&nbsp; Classes r\u00e9guli\u00e8res &nbsp;Dix-neuf (19) classes,&nbsp;de la maternelle 5 ans \u00e0 la 6e ann\u00e9e. Classes sp\u00e9ciales Trois&nbsp;(3) classes d\u2019adaptation des troubles du spectre de l\u2019autisme (CATSA)&nbsp;: La classe CATSA est compos\u00e9e de six&nbsp;ou sept \u00e9l\u00e8ves, d\u2019une enseignante et d\u2019une \u00e9ducatrice. Pour \u00eatre dans cette classe, [&hellip;]<\/p>\n","protected":false},"author":1,"featured_media":0,"parent":13,"menu_order":0,"comment_status":"closed","ping_status":"closed","template":"","meta":{"_acf_changed":false,"_crdt_document":"","inline_featured_image":false,"footnotes":""},"categories":[],"tags":[],"class_list":["post-14","page","type-page","status-publish","hentry"],"acf":[],"yoast_head":"<!-- This site is optimized with the Yoast SEO plugin v27.4 - https:\/\/yoast.com\/product\/yoast-seo-wordpress\/ -->\n<title>Renseignements g\u00e9n\u00e9raux - \u00c9cole Saint-Joseph<\/title>\n<meta name=\"robots\" content=\"index, follow, max-snippet:-1, max-image-preview:large, max-video-preview:-1\" \/>\n<link rel=\"canonical\" href=\"https:\/\/cssdn.gouv.qc.ca\/saintjoseph\/informations-aux-parents\/renseignements-generaux\/\" \/>\n<meta property=\"og:locale\" content=\"fr_CA\" \/>\n<meta property=\"og:type\" content=\"article\" \/>\n<meta property=\"og:title\" content=\"Renseignements g\u00e9n\u00e9raux - \u00c9cole Saint-Joseph\" \/>\n<meta property=\"og:description\" content=\"Nos classes Ann\u00e9e 2025-2026 L\u2019\u00c9cole Saint-Joseph est compos\u00e9e de&nbsp;trente&nbsp;(30) classes, totalisant:&nbsp; Classes r\u00e9guli\u00e8res &nbsp;Dix-neuf (19) classes,&nbsp;de la maternelle 5 ans \u00e0 la 6e ann\u00e9e. Classes sp\u00e9ciales Trois&nbsp;(3) classes d\u2019adaptation des troubles du spectre de l\u2019autisme (CATSA)&nbsp;: La classe CATSA est compos\u00e9e de six&nbsp;ou sept \u00e9l\u00e8ves, d\u2019une enseignante et d\u2019une \u00e9ducatrice. Pour \u00eatre dans cette classe, [&hellip;]\" \/>\n<meta property=\"og:url\" content=\"https:\/\/cssdn.gouv.qc.ca\/saintjoseph\/informations-aux-parents\/renseignements-generaux\/\" \/>\n<meta property=\"og:site_name\" content=\"\u00c9cole Saint-Joseph\" \/>\n<meta property=\"article:publisher\" content=\"https:\/\/www.facebook.com\/cole-Saint-Joseph-1208534525882283\/\" \/>\n<meta property=\"article:modified_time\" content=\"2026-04-08T13:36:28+00:00\" \/>\n<meta name=\"twitter:card\" content=\"summary_large_image\" \/>\n<meta name=\"twitter:label1\" content=\"Estimation du temps de lecture\" \/>\n\t<meta name=\"twitter:data1\" content=\"3 minutes\" \/>\n<script type=\"application\/ld+json\" class=\"yoast-schema-graph\">{\"@context\":\"https:\\\/\\\/schema.org\",\"@graph\":[{\"@type\":\"WebPage\",\"@id\":\"https:\\\/\\\/cssdn.gouv.qc.ca\\\/saintjoseph\\\/informations-aux-parents\\\/renseignements-generaux\\\/\",\"url\":\"https:\\\/\\\/cssdn.gouv.qc.ca\\\/saintjoseph\\\/informations-aux-parents\\\/renseignements-generaux\\\/\",\"name\":\"Renseignements g\u00e9n\u00e9raux - \u00c9cole Saint-Joseph\",\"isPartOf\":{\"@id\":\"https:\\\/\\\/cssdn.gouv.qc.ca\\\/saintjoseph\\\/#website\"},\"primaryImageOfPage\":{\"@id\":\"https:\\\/\\\/cssdn.gouv.qc.ca\\\/saintjoseph\\\/informations-aux-parents\\\/renseignements-generaux\\\/#primaryimage\"},\"image\":{\"@id\":\"https:\\\/\\\/cssdn.gouv.qc.ca\\\/saintjoseph\\\/informations-aux-parents\\\/renseignements-generaux\\\/#primaryimage\"},\"thumbnailUrl\":\"https:\\\/\\\/cssdn.gouv.qc.ca\\\/wp-content\\\/uploads\\\/2022\\\/08\\\/Seawire-Hero-06.jpg\",\"datePublished\":\"2022-11-08T21:07:55+00:00\",\"dateModified\":\"2026-04-08T13:36:28+00:00\",\"breadcrumb\":{\"@id\":\"https:\\\/\\\/cssdn.gouv.qc.ca\\\/saintjoseph\\\/informations-aux-parents\\\/renseignements-generaux\\\/#breadcrumb\"},\"inLanguage\":\"fr-CA\",\"potentialAction\":[{\"@type\":\"ReadAction\",\"target\":[\"https:\\\/\\\/cssdn.gouv.qc.ca\\\/saintjoseph\\\/informations-aux-parents\\\/renseignements-generaux\\\/\"]}]},{\"@type\":\"ImageObject\",\"inLanguage\":\"fr-CA\",\"@id\":\"https:\\\/\\\/cssdn.gouv.qc.ca\\\/saintjoseph\\\/informations-aux-parents\\\/renseignements-generaux\\\/#primaryimage\",\"url\":\"https:\\\/\\\/cssdn.gouv.qc.ca\\\/wp-content\\\/uploads\\\/2022\\\/08\\\/Seawire-Hero-06.jpg\",\"contentUrl\":\"https:\\\/\\\/cssdn.gouv.qc.ca\\\/wp-content\\\/uploads\\\/2022\\\/08\\\/Seawire-Hero-06.jpg\"},{\"@type\":\"BreadcrumbList\",\"@id\":\"https:\\\/\\\/cssdn.gouv.qc.ca\\\/saintjoseph\\\/informations-aux-parents\\\/renseignements-generaux\\\/#breadcrumb\",\"itemListElement\":[{\"@type\":\"ListItem\",\"position\":1,\"name\":\"Accueil\",\"item\":\"https:\\\/\\\/cssdn.gouv.qc.ca\\\/saintjoseph\\\/\"},{\"@type\":\"ListItem\",\"position\":2,\"name\":\"Informations aux parents\",\"item\":\"https:\\\/\\\/cssdn.gouv.qc.ca\\\/saintjoseph\\\/informations-aux-parents\\\/\"},{\"@type\":\"ListItem\",\"position\":3,\"name\":\"Renseignements g\u00e9n\u00e9raux\"}]},{\"@type\":\"WebSite\",\"@id\":\"https:\\\/\\\/cssdn.gouv.qc.ca\\\/saintjoseph\\\/#website\",\"url\":\"https:\\\/\\\/cssdn.gouv.qc.ca\\\/saintjoseph\\\/\",\"name\":\"\u00c9cole Saint-Joseph\",\"description\":\"Un site des centres de services scolaires des Navigateurs\",\"publisher\":{\"@id\":\"https:\\\/\\\/cssdn.gouv.qc.ca\\\/saintjoseph\\\/#organization\"},\"potentialAction\":[{\"@type\":\"SearchAction\",\"target\":{\"@type\":\"EntryPoint\",\"urlTemplate\":\"https:\\\/\\\/cssdn.gouv.qc.ca\\\/saintjoseph\\\/?s={search_term_string}\"},\"query-input\":{\"@type\":\"PropertyValueSpecification\",\"valueRequired\":true,\"valueName\":\"search_term_string\"}}],\"inLanguage\":\"fr-CA\"},{\"@type\":\"Organization\",\"@id\":\"https:\\\/\\\/cssdn.gouv.qc.ca\\\/saintjoseph\\\/#organization\",\"name\":\"\u00c9cole Saint-Joseph\",\"url\":\"https:\\\/\\\/cssdn.gouv.qc.ca\\\/saintjoseph\\\/\",\"logo\":{\"@type\":\"ImageObject\",\"inLanguage\":\"fr-CA\",\"@id\":\"https:\\\/\\\/cssdn.gouv.qc.ca\\\/saintjoseph\\\/#\\\/schema\\\/logo\\\/image\\\/\",\"url\":\"https:\\\/\\\/cssdn.gouv.qc.ca\\\/saintjoseph\\\/wp-content\\\/uploads\\\/sites\\\/59\\\/2023\\\/01\\\/logo_quebec.svg\",\"contentUrl\":\"https:\\\/\\\/cssdn.gouv.qc.ca\\\/saintjoseph\\\/wp-content\\\/uploads\\\/sites\\\/59\\\/2023\\\/01\\\/logo_quebec.svg\",\"width\":188,\"height\":41,\"caption\":\"\u00c9cole Saint-Joseph\"},\"image\":{\"@id\":\"https:\\\/\\\/cssdn.gouv.qc.ca\\\/saintjoseph\\\/#\\\/schema\\\/logo\\\/image\\\/\"},\"sameAs\":[\"https:\\\/\\\/www.facebook.com\\\/cole-Saint-Joseph-1208534525882283\\\/\"]}]}<\/script>\n<!-- \/ Yoast SEO plugin. -->","yoast_head_json":{"title":"Renseignements g\u00e9n\u00e9raux - \u00c9cole Saint-Joseph","robots":{"index":"index","follow":"follow","max-snippet":"max-snippet:-1","max-image-preview":"max-image-preview:large","max-video-preview":"max-video-preview:-1"},"canonical":"https:\/\/cssdn.gouv.qc.ca\/saintjoseph\/informations-aux-parents\/renseignements-generaux\/","og_locale":"fr_CA","og_type":"article","og_title":"Renseignements g\u00e9n\u00e9raux - \u00c9cole Saint-Joseph","og_description":"Nos classes Ann\u00e9e 2025-2026 L\u2019\u00c9cole Saint-Joseph est compos\u00e9e de&nbsp;trente&nbsp;(30) classes, totalisant:&nbsp; Classes r\u00e9guli\u00e8res &nbsp;Dix-neuf (19) classes,&nbsp;de la maternelle 5 ans \u00e0 la 6e ann\u00e9e. Classes sp\u00e9ciales Trois&nbsp;(3) classes d\u2019adaptation des troubles du spectre de l\u2019autisme (CATSA)&nbsp;: La classe CATSA est compos\u00e9e de six&nbsp;ou sept \u00e9l\u00e8ves, d\u2019une enseignante et d\u2019une \u00e9ducatrice. Pour \u00eatre dans cette classe, [&hellip;]","og_url":"https:\/\/cssdn.gouv.qc.ca\/saintjoseph\/informations-aux-parents\/renseignements-generaux\/","og_site_name":"\u00c9cole Saint-Joseph","article_publisher":"https:\/\/www.facebook.com\/cole-Saint-Joseph-1208534525882283\/","article_modified_time":"2026-04-08T13:36:28+00:00","twitter_card":"summary_large_image","twitter_misc":{"Estimation du temps de lecture":"3 minutes"},"schema":{"@context":"https:\/\/schema.org","@graph":[{"@type":"WebPage","@id":"https:\/\/cssdn.gouv.qc.ca\/saintjoseph\/informations-aux-parents\/renseignements-generaux\/","url":"https:\/\/cssdn.gouv.qc.ca\/saintjoseph\/informations-aux-parents\/renseignements-generaux\/","name":"Renseignements g\u00e9n\u00e9raux - \u00c9cole Saint-Joseph","isPartOf":{"@id":"https:\/\/cssdn.gouv.qc.ca\/saintjoseph\/#website"},"primaryImageOfPage":{"@id":"https:\/\/cssdn.gouv.qc.ca\/saintjoseph\/informations-aux-parents\/renseignements-generaux\/#primaryimage"},"image":{"@id":"https:\/\/cssdn.gouv.qc.ca\/saintjoseph\/informations-aux-parents\/renseignements-generaux\/#primaryimage"},"thumbnailUrl":"https:\/\/cssdn.gouv.qc.ca\/wp-content\/uploads\/2022\/08\/Seawire-Hero-06.jpg","datePublished":"2022-11-08T21:07:55+00:00","dateModified":"2026-04-08T13:36:28+00:00","breadcrumb":{"@id":"https:\/\/cssdn.gouv.qc.ca\/saintjoseph\/informations-aux-parents\/renseignements-generaux\/#breadcrumb"},"inLanguage":"fr-CA","potentialAction":[{"@type":"ReadAction","target":["https:\/\/cssdn.gouv.qc.ca\/saintjoseph\/informations-aux-parents\/renseignements-generaux\/"]}]},{"@type":"ImageObject","inLanguage":"fr-CA","@id":"https:\/\/cssdn.gouv.qc.ca\/saintjoseph\/informations-aux-parents\/renseignements-generaux\/#primaryimage","url":"https:\/\/cssdn.gouv.qc.ca\/wp-content\/uploads\/2022\/08\/Seawire-Hero-06.jpg","contentUrl":"https:\/\/cssdn.gouv.qc.ca\/wp-content\/uploads\/2022\/08\/Seawire-Hero-06.jpg"},{"@type":"BreadcrumbList","@id":"https:\/\/cssdn.gouv.qc.ca\/saintjoseph\/informations-aux-parents\/renseignements-generaux\/#breadcrumb","itemListElement":[{"@type":"ListItem","position":1,"name":"Accueil","item":"https:\/\/cssdn.gouv.qc.ca\/saintjoseph\/"},{"@type":"ListItem","position":2,"name":"Informations aux parents","item":"https:\/\/cssdn.gouv.qc.ca\/saintjoseph\/informations-aux-parents\/"},{"@type":"ListItem","position":3,"name":"Renseignements g\u00e9n\u00e9raux"}]},{"@type":"WebSite","@id":"https:\/\/cssdn.gouv.qc.ca\/saintjoseph\/#website","url":"https:\/\/cssdn.gouv.qc.ca\/saintjoseph\/","name":"\u00c9cole Saint-Joseph","description":"Un site des centres de services scolaires des Navigateurs","publisher":{"@id":"https:\/\/cssdn.gouv.qc.ca\/saintjoseph\/#organization"},"potentialAction":[{"@type":"SearchAction","target":{"@type":"EntryPoint","urlTemplate":"https:\/\/cssdn.gouv.qc.ca\/saintjoseph\/?s={search_term_string}"},"query-input":{"@type":"PropertyValueSpecification","valueRequired":true,"valueName":"search_term_string"}}],"inLanguage":"fr-CA"},{"@type":"Organization","@id":"https:\/\/cssdn.gouv.qc.ca\/saintjoseph\/#organization","name":"\u00c9cole Saint-Joseph","url":"https:\/\/cssdn.gouv.qc.ca\/saintjoseph\/","logo":{"@type":"ImageObject","inLanguage":"fr-CA","@id":"https:\/\/cssdn.gouv.qc.ca\/saintjoseph\/#\/schema\/logo\/image\/","url":"https:\/\/cssdn.gouv.qc.ca\/saintjoseph\/wp-content\/uploads\/sites\/59\/2023\/01\/logo_quebec.svg","contentUrl":"https:\/\/cssdn.gouv.qc.ca\/saintjoseph\/wp-content\/uploads\/sites\/59\/2023\/01\/logo_quebec.svg","width":188,"height":41,"caption":"\u00c9cole Saint-Joseph"},"image":{"@id":"https:\/\/cssdn.gouv.qc.ca\/saintjoseph\/#\/schema\/logo\/image\/"},"sameAs":["https:\/\/www.facebook.com\/cole-Saint-Joseph-1208534525882283\/"]}]}},"publishpress_future_action":{"enabled":false,"date":"2026-04-29 15:58:30","action":"change-status","newStatus":"draft","terms":[],"taxonomy":"category","extraData":[]},"publishpress_future_workflow_manual_trigger":{"enabledWorkflows":[]},"_links":{"self":[{"href":"https:\/\/cssdn.gouv.qc.ca\/saintjoseph\/wp-json\/wp\/v2\/pages\/14","targetHints":{"allow":["GET"]}}],"collection":[{"href":"https:\/\/cssdn.gouv.qc.ca\/saintjoseph\/wp-json\/wp\/v2\/pages"}],"about":[{"href":"https:\/\/cssdn.gouv.qc.ca\/saintjoseph\/wp-json\/wp\/v2\/types\/page"}],"author":[{"embeddable":true,"href":"https:\/\/cssdn.gouv.qc.ca\/saintjoseph\/wp-json\/wp\/v2\/users\/1"}],"replies":[{"embeddable":true,"href":"https:\/\/cssdn.gouv.qc.ca\/saintjoseph\/wp-json\/wp\/v2\/comments?post=14"}],"version-history":[{"count":0,"href":"https:\/\/cssdn.gouv.qc.ca\/saintjoseph\/wp-json\/wp\/v2\/pages\/14\/revisions"}],"up":[{"embeddable":true,"href":"https:\/\/cssdn.gouv.qc.ca\/saintjoseph\/wp-json\/wp\/v2\/pages\/13"}],"wp:attachment":[{"href":"https:\/\/cssdn.gouv.qc.ca\/saintjoseph\/wp-json\/wp\/v2\/media?parent=14"}],"wp:term":[{"taxonomy":"category","embeddable":true,"href":"https:\/\/cssdn.gouv.qc.ca\/saintjoseph\/wp-json\/wp\/v2\/categories?post=14"},{"taxonomy":"post_tag","embeddable":true,"href":"https:\/\/cssdn.gouv.qc.ca\/saintjoseph\/wp-json\/wp\/v2\/tags?post=14"}],"curies":[{"name":"wp","href":"https:\/\/api.w.org\/{rel}","templated":true}]}}