
{"id":16,"date":"2022-11-08T16:07:56","date_gmt":"2022-11-08T21:07:56","guid":{"rendered":"https:\/\/cssdn.gouv.qc.ca\/saintjoseph\/service-de-garde\/"},"modified":"2026-03-16T11:57:04","modified_gmt":"2026-03-16T15:57:04","slug":"service-de-garde","status":"publish","type":"page","link":"https:\/\/cssdn.gouv.qc.ca\/saintjoseph\/service-de-garde\/","title":{"rendered":"Service de garde"},"content":{"rendered":"\n<div class=\"wp-block-cover alignfull is-light is-style-title-banner\"><img decoding=\"async\" class=\"wp-block-cover__image-background wp-image-111 lazyload\" alt=\"\" data-src=\"https:\/\/cssdn.gouv.qc.ca\/wp-content\/uploads\/2022\/08\/Seawire-Hero-06.jpg\" data-object-fit=\"cover\" src=\"data:image\/svg+xml;base64,PHN2ZyB3aWR0aD0iMSIgaGVpZ2h0PSIxIiB4bWxucz0iaHR0cDovL3d3dy53My5vcmcvMjAwMC9zdmciPjwvc3ZnPg==\" \/><span aria-hidden=\"true\" class=\"wp-block-cover__background has-background-dim\"><\/span><div class=\"wp-block-cover__inner-container\"><h3 class=\"wp-block-post-title\">Service de garde<\/h3><\/div><\/div>\n\n\n\n<div class=\"wp-block-group alignfull has-padding-y-large has-secondary-background-color has-background\"><div class=\"yoast-breadcrumbs alignwide \"><span class=\"breadcrumbs\"><a href=\"https:\/\/cssdn.gouv.qc.ca\/saintjoseph\/\" class=\"breadcrumbs__element\">Accueil<\/a> <span class=\"breadcrumbs__separator\">\n        <svg class=\"icon icon-breadcrumb__separator\"><use xlink:href=\"#icon-breadcrumb__separator\"><\/use><\/svg>\n    <\/span> <span class=\"breadcrumbs__element breadcrumbs__element-current\">Service de garde<\/span><\/span><\/div><\/div>\n\n\n\n<h2 class=\"wp-block-heading\"><strong>C<\/strong>alendrier et horaire<\/h2>\n\n\n\n<h3 class=\"wp-block-heading\"><strong>Le matin&nbsp; <\/strong><\/h3>\n\n\n\n<p class=\"wp-block-paragraph\">de 7 h 00 \u00e0 8 h 05 &#8211; pour les \u00e9l\u00e8ves du quartier<\/p>\n\n\n\n<p class=\"wp-block-paragraph\">de 7 h 00 \u00e0 7 h 45 &#8211; pour les \u00e9l\u00e8ves des programmes PALS <\/p>\n\n\n\n<h3 class=\"wp-block-heading\">Le midi<\/h3>\n\n\n\n<p class=\"wp-block-paragraph\">de 11 h 35&nbsp;\u00e0 13 h 00<\/p>\n\n\n\n<h3 class=\"wp-block-heading\"><strong>Apr\u00e8s l&rsquo;\u00e9cole<\/strong> &nbsp; <\/h3>\n\n\n\n<p class=\"wp-block-paragraph\">de 14&nbsp; h 25 \u00e0 15 h 25 &#8211; pour les \u00e9l\u00e8ves de maternelle<\/p>\n\n\n\n<p class=\"wp-block-paragraph\">de 15 h 25 \u00e0 17 h 45 &#8211; pour les \u00e9l\u00e8ves du quartier<\/p>\n\n\n\n<p class=\"wp-block-paragraph\">de 15 h 45 \u00e0 17 h 45 &#8211; pour les \u00e9l\u00e8ves des programmes PALS<\/p>\n\n\n\n<h3 class=\"wp-block-heading\"><strong>Journ\u00e9e p\u00e9dagogique<\/strong> &nbsp; <\/h3>\n\n\n\n<p class=\"wp-block-paragraph\">de 7 h 00 \u00e0 17 h 45<\/p>\n\n\n\n<p class=\"wp-block-paragraph\">Les journ\u00e9es p\u00e9dagogiques en ao\u00fbt pr\u00e9c\u00e9dant la rentr\u00e9e seront offertes si trente-deux (32) \u00e9l\u00e8ves minimum s&rsquo;inscrivent.<\/p>\n\n\n\n<p class=\"wp-block-paragraph\"><\/p>\n\n\n\n<h2 class=\"wp-block-heading\"><strong>Client\u00e8le et inscription<\/strong><\/h2>\n\n\n\n<p class=\"wp-block-paragraph\">Les \u00e9l\u00e8ves fr\u00e9quentant l\u2019\u00c9cole Saint-Joseph au r\u00e9gulier et au PALS (programme Arts-Langues-Sports) sont admissibles au service de garde. L\u2019\u00e9cole accueille aussi des \u00e9l\u00e8ves en adaptation scolaire. Certains \u00e9l\u00e8ves sont int\u00e9gr\u00e9s dans les groupes et certains autres n\u00e9cessitent une organisation diff\u00e9rente notamment en terme de ratio \u00e9ducateur\/\u00e9l\u00e8ve. L\u2019offre de service peut vari\u00e9e selon certaines particularit\u00e9s.<br><br>L\u2019inscription est obligatoire pour tous.&nbsp;Le formulaire d\u2019inscription est disponible sur demande aupr\u00e8s de la responsable et doit \u00eatre complet et sign\u00e9 par l\u2019autorit\u00e9 parentale.<\/p>\n\n\n\n<h2 class=\"wp-block-heading\"><strong>Deux types d\u2019inscription<\/strong><\/h2>\n\n\n\n<p class=\"wp-block-paragraph\"><strong>R\u00e9gulier :<\/strong>&nbsp;l\u2019\u00e9l\u00e8ve inscrit au moins 2 p\u00e9riodes par jour.<br><br><strong>Sporadique :&nbsp;<\/strong>l\u2019\u00e9l\u00e8ve inscrit pour un temps moindre que le temps minimum indiqu\u00e9 pour un \u00e9l\u00e8ve r\u00e9gulier.<\/p>\n\n\n\n<p class=\"wp-block-paragraph\"><br><\/p>\n\n\n\n<h2 class=\"wp-block-heading\"><strong>R\u00e8gles de vie au service de garde&nbsp; <\/strong><\/h2>\n\n\n\n<p class=\"wp-block-paragraph\">Le projet \u00e9ducatif du service de garde et celui de l\u2019\u00e9cole se rejoignent par trois grandes orientations :<\/p>\n\n\n\n<ul class=\"wp-block-list\">\n<li>Le maintien des situations d\u2019apprentissage stimulantes et valorisantes.<\/li>\n\n\n\n<li>Apprendre aux \u00e9l\u00e8ves \u00e0 bien vivre tous ensemble.<\/li>\n\n\n\n<li>Contribuer \u00e0 rendre l\u2019\u00e9l\u00e8ve autonome et responsable de son cheminement scolaire et s\u2019assurer de la collaboration des parents.<\/li>\n<\/ul>\n\n\n\n<p class=\"wp-block-paragraph\">Les \u00e9l\u00e8ves doivent respecter les r\u00e8gles du service de garde qui s\u2019inspire du CODE DE VIE de l\u2019\u00e9cole.<br><br><br><strong>Nos valeurs sont :<\/strong><\/p>\n\n\n\n<ul class=\"wp-block-list\">\n<li>Le respect de soi<\/li>\n\n\n\n<li>Le respect des autres<\/li>\n\n\n\n<li>Le respect de mon environnement<\/li>\n<\/ul>\n\n\n\n<h2 class=\"wp-block-heading\"><strong>Tarification&nbsp;(ajust\u00e9e \u00e0 tous les mois de janvier de chaque ann\u00e9e)<\/strong><\/h2>\n\n\n\n<p class=\"wp-block-paragraph\"><br><strong>\u00c9l\u00e8ve r\u00e9gulier :\u00a0<\/strong>9,70\u00a0$\/ jour\u00a0 (majoration annuelle en janvier selon la loi minist\u00e9rielle)<br><br><strong>\u00c9l\u00e8ve sporadique :<\/strong><br><br>matin : 3,45 $<br><br>midi :\u00a0\u00a0\u00a04,50\u00a0$<br><br><strong>Pr\u00e9scolaire uniquement de 14 h 27 \u00e0 15 h 25 :<\/strong>\u00a0 \u00a03,15\u00a0$ (gratuit pour l&rsquo;\u00e9l\u00e8ve captif)<br><br><strong>Apr\u00e8s l\u2019\u00e9cole :<\/strong>\u00a0 \u00a07,45\u00a0$<br><br><strong>Journ\u00e9e p\u00e9dagogique :<\/strong>\u00a0 \u00a013,50\u00a0$\/jour pour tous (* Des frais d\u2019activit\u00e9s s&rsquo;ajouteront).<br><br><strong>Semaine de rel\u00e2che :<\/strong>\u00a0 \u00a0 18,00 $\/jour pour tous (* Des frais d\u2019activit\u00e9s s&rsquo;ajouteront). Ouverture selon sondage annuel.<br><br><em>* Les frais d\u2019activit\u00e9s diminueront de 5$ pour le 3<sup>e<\/sup>\u00a0enfant et plus d\u2019une m\u00eame famille.<br><br>* P\u00e9nalit\u00e9 de retard apr\u00e8s 17h45 : 10$ \/ tranche de 15 minutes par famille.<\/em><br><br><\/p>\n\n\n\n<h2 class=\"wp-block-heading\"><strong>Diverses informations<\/strong> et formulaires<\/h2>\n\n\n\n<p class=\"wp-block-paragraph\">Formulaire pour le changement de fr\u00e9quentation : <a href=\"https:\/\/can01.safelinks.protection.outlook.com\/?url=https%3A%2F%2Fforms.office.com%2Fr%2FACcw0smJ9c&amp;data=05%7C02%7CJade.Gill-Lebel%40cssdn.gouv.qc.ca%7C662978252e8f4b89bc9608dc7f267912%7C116b0fe7428e49b58982f9c63799268d%7C0%7C0%7C638525050422130712%7CUnknown%7CTWFpbGZsb3d8eyJWIjoiMC4wLjAwMDAiLCJQIjoiV2luMzIiLCJBTiI6Ik1haWwiLCJXVCI6Mn0%3D%7C0%7C%7C%7C&amp;sdata=f5wkij4BNnwErLKchRsK1Uecm1wcmanYNf1s237iZ%2Fk%3D&amp;reserved=0\">https:\/\/forms.office.com\/r\/ACcw0smJ9c<\/a><\/p>\n\n\n\n<p class=\"wp-block-paragraph\">Formulaire pour la garde partag\u00e9e : &nbsp;<a href=\"https:\/\/can01.safelinks.protection.outlook.com\/?url=https%3A%2F%2Fforms.office.com%2Fr%2F0jwEjkQ9xB&amp;data=05%7C02%7CJade.Gill-Lebel%40cssdn.gouv.qc.ca%7C662978252e8f4b89bc9608dc7f267912%7C116b0fe7428e49b58982f9c63799268d%7C0%7C0%7C638525050422151511%7CUnknown%7CTWFpbGZsb3d8eyJWIjoiMC4wLjAwMDAiLCJQIjoiV2luMzIiLCJBTiI6Ik1haWwiLCJXVCI6Mn0%3D%7C0%7C%7C%7C&amp;sdata=VxIcFxk20Gn9kvRWBG%2BymZQQSJH7pLDPnopNkmbK2DU%3D&amp;reserved=0\">https:\/\/forms.office.com\/r\/0jwEjkQ9xB<\/a><\/p>\n\n\n\n<p class=\"wp-block-paragraph\">Formulaire pour l\u2019autorisation pour quitter \u00e0 pied&nbsp;: <a href=\"https:\/\/can01.safelinks.protection.outlook.com\/?url=https%3A%2F%2Fforms.office.com%2Fr%2FrSebQtPesZ&amp;data=05%7C02%7CJade.Gill-Lebel%40cssdn.gouv.qc.ca%7C662978252e8f4b89bc9608dc7f267912%7C116b0fe7428e49b58982f9c63799268d%7C0%7C0%7C638525050422163775%7CUnknown%7CTWFpbGZsb3d8eyJWIjoiMC4wLjAwMDAiLCJQIjoiV2luMzIiLCJBTiI6Ik1haWwiLCJXVCI6Mn0%3D%7C0%7C%7C%7C&amp;sdata=e2DzxQvlz4oHpu6xyP77IJGRB2oCD%2FZ%2BYlmqpMeN7Zs%3D&amp;reserved=0\">https:\/\/forms.office.com\/r\/rSebQtPesZ<\/a><\/p>\n\n\n\n<p class=\"wp-block-paragraph\"><a href=\"https:\/\/cssdn.gouv.qc.ca\/saintjoseph\/wp-content\/uploads\/sites\/59\/2025\/06\/Regles-de-fonctionnement-SDG-St-Joseph-2025-2026.pdf\">R\u00e8gles de fonctionnement du service de garde<\/a><\/p>\n\n\n\n<p class=\"wp-block-paragraph\"><a href=\"https:\/\/cssdn.gouv.qc.ca\/saintjoseph\/wp-content\/uploads\/sites\/59\/2026\/03\/Formulaire-dinscription-26-27_Presco_date-1.pdf\">Fiche d&rsquo;inscription du service de garde 2026-2027 &#8211; <strong>Pr\u00e9scolaire<\/strong><\/a><\/p>\n\n\n\n<p class=\"wp-block-paragraph\"><a href=\"https:\/\/cssdn.gouv.qc.ca\/saintjoseph\/wp-content\/uploads\/sites\/59\/2026\/03\/Formulaire-dinscription-26-27_Regulier_date.pdf\">Fiche d&rsquo;inscription du service de garde 2026-2027 &#8211; <strong>Primaire<\/strong><\/a><\/p>\n\n\n\n<p class=\"wp-block-paragraph\"><a href=\"https:\/\/cssdn.gouv.qc.ca\/saintjoseph\/wp-content\/uploads\/sites\/59\/2025\/04\/Calendrier-de-garde-partagee-2025_VF.pdf\">Calendrier de garde partag\u00e9e 2025-2026<\/a><\/p>\n\n\n\n<p class=\"wp-block-paragraph\"><a href=\"https:\/\/view.genially.com\/6846ce8c99daaefd92d78157\/presentation-presentation-cahier-decole\">Programme d&rsquo;activit\u00e9<\/a><br><\/p>\n\n\n\n<p class=\"wp-block-paragraph\"><strong>Genevi\u00e8ve Bilodeau, responsable du service de garde<\/strong><br><br>418 838-8562 poste 62840<br><br><a href=\"mailto:service-garde.st-joseph@csnavigateurs.qc.ca\">service-garde.st-joseph@cssdn.gouv.qc.ca<\/a><\/p>\n","protected":false},"excerpt":{"rendered":"<p>Calendrier et horaire Le matin&nbsp; de 7 h 00 \u00e0 8 h 05 &#8211; pour les \u00e9l\u00e8ves du quartier de 7 h 00 \u00e0 7 h 45 &#8211; pour les \u00e9l\u00e8ves des programmes PALS Le midi de 11 h 35&nbsp;\u00e0 13 h 00 Apr\u00e8s l&rsquo;\u00e9cole &nbsp; de 14&nbsp; h 25 \u00e0 15 h 25 &#8211; [&hellip;]<\/p>\n","protected":false},"author":1,"featured_media":0,"parent":0,"menu_order":40,"comment_status":"closed","ping_status":"closed","template":"","meta":{"_acf_changed":false,"_crdt_document":"","inline_featured_image":false,"footnotes":""},"categories":[],"tags":[],"class_list":["post-16","page","type-page","status-publish","hentry"],"acf":[],"yoast_head":"<!-- This site is optimized with the Yoast SEO plugin v27.3 - https:\/\/yoast.com\/product\/yoast-seo-wordpress\/ -->\n<title>Service de garde - \u00c9cole Saint-Joseph<\/title>\n<meta name=\"robots\" content=\"index, follow, max-snippet:-1, max-image-preview:large, max-video-preview:-1\" \/>\n<link rel=\"canonical\" href=\"https:\/\/cssdn.gouv.qc.ca\/saintjoseph\/service-de-garde\/\" \/>\n<meta property=\"og:locale\" content=\"fr_CA\" \/>\n<meta property=\"og:type\" content=\"article\" \/>\n<meta property=\"og:title\" content=\"Service de garde - \u00c9cole Saint-Joseph\" \/>\n<meta property=\"og:description\" content=\"Calendrier et horaire Le matin&nbsp; de 7 h 00 \u00e0 8 h 05 &#8211; pour les \u00e9l\u00e8ves du quartier de 7 h 00 \u00e0 7 h 45 &#8211; pour les \u00e9l\u00e8ves des programmes PALS Le midi de 11 h 35&nbsp;\u00e0 13 h 00 Apr\u00e8s l&rsquo;\u00e9cole &nbsp; de 14&nbsp; h 25 \u00e0 15 h 25 &#8211; [&hellip;]\" \/>\n<meta property=\"og:url\" content=\"https:\/\/cssdn.gouv.qc.ca\/saintjoseph\/service-de-garde\/\" \/>\n<meta property=\"og:site_name\" content=\"\u00c9cole Saint-Joseph\" \/>\n<meta property=\"article:publisher\" content=\"https:\/\/www.facebook.com\/cole-Saint-Joseph-1208534525882283\/\" \/>\n<meta property=\"article:modified_time\" content=\"2026-03-16T15:57:04+00:00\" \/>\n<meta name=\"twitter:card\" content=\"summary_large_image\" \/>\n<meta name=\"twitter:label1\" content=\"Estimation du temps de lecture\" \/>\n\t<meta name=\"twitter:data1\" content=\"3 minutes\" \/>\n<script type=\"application\/ld+json\" class=\"yoast-schema-graph\">{\"@context\":\"https:\\\/\\\/schema.org\",\"@graph\":[{\"@type\":\"WebPage\",\"@id\":\"https:\\\/\\\/cssdn.gouv.qc.ca\\\/saintjoseph\\\/service-de-garde\\\/\",\"url\":\"https:\\\/\\\/cssdn.gouv.qc.ca\\\/saintjoseph\\\/service-de-garde\\\/\",\"name\":\"Service de garde - \u00c9cole Saint-Joseph\",\"isPartOf\":{\"@id\":\"https:\\\/\\\/cssdn.gouv.qc.ca\\\/saintjoseph\\\/#website\"},\"primaryImageOfPage\":{\"@id\":\"https:\\\/\\\/cssdn.gouv.qc.ca\\\/saintjoseph\\\/service-de-garde\\\/#primaryimage\"},\"image\":{\"@id\":\"https:\\\/\\\/cssdn.gouv.qc.ca\\\/saintjoseph\\\/service-de-garde\\\/#primaryimage\"},\"thumbnailUrl\":\"https:\\\/\\\/cssdn.gouv.qc.ca\\\/wp-content\\\/uploads\\\/2022\\\/08\\\/Seawire-Hero-06.jpg\",\"datePublished\":\"2022-11-08T21:07:56+00:00\",\"dateModified\":\"2026-03-16T15:57:04+00:00\",\"breadcrumb\":{\"@id\":\"https:\\\/\\\/cssdn.gouv.qc.ca\\\/saintjoseph\\\/service-de-garde\\\/#breadcrumb\"},\"inLanguage\":\"fr-CA\",\"potentialAction\":[{\"@type\":\"ReadAction\",\"target\":[\"https:\\\/\\\/cssdn.gouv.qc.ca\\\/saintjoseph\\\/service-de-garde\\\/\"]}]},{\"@type\":\"ImageObject\",\"inLanguage\":\"fr-CA\",\"@id\":\"https:\\\/\\\/cssdn.gouv.qc.ca\\\/saintjoseph\\\/service-de-garde\\\/#primaryimage\",\"url\":\"https:\\\/\\\/cssdn.gouv.qc.ca\\\/wp-content\\\/uploads\\\/2022\\\/08\\\/Seawire-Hero-06.jpg\",\"contentUrl\":\"https:\\\/\\\/cssdn.gouv.qc.ca\\\/wp-content\\\/uploads\\\/2022\\\/08\\\/Seawire-Hero-06.jpg\"},{\"@type\":\"BreadcrumbList\",\"@id\":\"https:\\\/\\\/cssdn.gouv.qc.ca\\\/saintjoseph\\\/service-de-garde\\\/#breadcrumb\",\"itemListElement\":[{\"@type\":\"ListItem\",\"position\":1,\"name\":\"Accueil\",\"item\":\"https:\\\/\\\/cssdn.gouv.qc.ca\\\/saintjoseph\\\/\"},{\"@type\":\"ListItem\",\"position\":2,\"name\":\"Service de garde\"}]},{\"@type\":\"WebSite\",\"@id\":\"https:\\\/\\\/cssdn.gouv.qc.ca\\\/saintjoseph\\\/#website\",\"url\":\"https:\\\/\\\/cssdn.gouv.qc.ca\\\/saintjoseph\\\/\",\"name\":\"\u00c9cole Saint-Joseph\",\"description\":\"Un site des centres de services scolaires des Navigateurs\",\"publisher\":{\"@id\":\"https:\\\/\\\/cssdn.gouv.qc.ca\\\/saintjoseph\\\/#organization\"},\"potentialAction\":[{\"@type\":\"SearchAction\",\"target\":{\"@type\":\"EntryPoint\",\"urlTemplate\":\"https:\\\/\\\/cssdn.gouv.qc.ca\\\/saintjoseph\\\/?s={search_term_string}\"},\"query-input\":{\"@type\":\"PropertyValueSpecification\",\"valueRequired\":true,\"valueName\":\"search_term_string\"}}],\"inLanguage\":\"fr-CA\"},{\"@type\":\"Organization\",\"@id\":\"https:\\\/\\\/cssdn.gouv.qc.ca\\\/saintjoseph\\\/#organization\",\"name\":\"\u00c9cole Saint-Joseph\",\"url\":\"https:\\\/\\\/cssdn.gouv.qc.ca\\\/saintjoseph\\\/\",\"logo\":{\"@type\":\"ImageObject\",\"inLanguage\":\"fr-CA\",\"@id\":\"https:\\\/\\\/cssdn.gouv.qc.ca\\\/saintjoseph\\\/#\\\/schema\\\/logo\\\/image\\\/\",\"url\":\"https:\\\/\\\/cssdn.gouv.qc.ca\\\/saintjoseph\\\/wp-content\\\/uploads\\\/sites\\\/59\\\/2023\\\/01\\\/logo_quebec.svg\",\"contentUrl\":\"https:\\\/\\\/cssdn.gouv.qc.ca\\\/saintjoseph\\\/wp-content\\\/uploads\\\/sites\\\/59\\\/2023\\\/01\\\/logo_quebec.svg\",\"width\":188,\"height\":41,\"caption\":\"\u00c9cole Saint-Joseph\"},\"image\":{\"@id\":\"https:\\\/\\\/cssdn.gouv.qc.ca\\\/saintjoseph\\\/#\\\/schema\\\/logo\\\/image\\\/\"},\"sameAs\":[\"https:\\\/\\\/www.facebook.com\\\/cole-Saint-Joseph-1208534525882283\\\/\"]}]}<\/script>\n<!-- \/ Yoast SEO plugin. -->","yoast_head_json":{"title":"Service de garde - \u00c9cole Saint-Joseph","robots":{"index":"index","follow":"follow","max-snippet":"max-snippet:-1","max-image-preview":"max-image-preview:large","max-video-preview":"max-video-preview:-1"},"canonical":"https:\/\/cssdn.gouv.qc.ca\/saintjoseph\/service-de-garde\/","og_locale":"fr_CA","og_type":"article","og_title":"Service de garde - \u00c9cole Saint-Joseph","og_description":"Calendrier et horaire Le matin&nbsp; de 7 h 00 \u00e0 8 h 05 &#8211; pour les \u00e9l\u00e8ves du quartier de 7 h 00 \u00e0 7 h 45 &#8211; pour les \u00e9l\u00e8ves des programmes PALS Le midi de 11 h 35&nbsp;\u00e0 13 h 00 Apr\u00e8s l&rsquo;\u00e9cole &nbsp; de 14&nbsp; h 25 \u00e0 15 h 25 &#8211; [&hellip;]","og_url":"https:\/\/cssdn.gouv.qc.ca\/saintjoseph\/service-de-garde\/","og_site_name":"\u00c9cole Saint-Joseph","article_publisher":"https:\/\/www.facebook.com\/cole-Saint-Joseph-1208534525882283\/","article_modified_time":"2026-03-16T15:57:04+00:00","twitter_card":"summary_large_image","twitter_misc":{"Estimation du temps de lecture":"3 minutes"},"schema":{"@context":"https:\/\/schema.org","@graph":[{"@type":"WebPage","@id":"https:\/\/cssdn.gouv.qc.ca\/saintjoseph\/service-de-garde\/","url":"https:\/\/cssdn.gouv.qc.ca\/saintjoseph\/service-de-garde\/","name":"Service de garde - \u00c9cole Saint-Joseph","isPartOf":{"@id":"https:\/\/cssdn.gouv.qc.ca\/saintjoseph\/#website"},"primaryImageOfPage":{"@id":"https:\/\/cssdn.gouv.qc.ca\/saintjoseph\/service-de-garde\/#primaryimage"},"image":{"@id":"https:\/\/cssdn.gouv.qc.ca\/saintjoseph\/service-de-garde\/#primaryimage"},"thumbnailUrl":"https:\/\/cssdn.gouv.qc.ca\/wp-content\/uploads\/2022\/08\/Seawire-Hero-06.jpg","datePublished":"2022-11-08T21:07:56+00:00","dateModified":"2026-03-16T15:57:04+00:00","breadcrumb":{"@id":"https:\/\/cssdn.gouv.qc.ca\/saintjoseph\/service-de-garde\/#breadcrumb"},"inLanguage":"fr-CA","potentialAction":[{"@type":"ReadAction","target":["https:\/\/cssdn.gouv.qc.ca\/saintjoseph\/service-de-garde\/"]}]},{"@type":"ImageObject","inLanguage":"fr-CA","@id":"https:\/\/cssdn.gouv.qc.ca\/saintjoseph\/service-de-garde\/#primaryimage","url":"https:\/\/cssdn.gouv.qc.ca\/wp-content\/uploads\/2022\/08\/Seawire-Hero-06.jpg","contentUrl":"https:\/\/cssdn.gouv.qc.ca\/wp-content\/uploads\/2022\/08\/Seawire-Hero-06.jpg"},{"@type":"BreadcrumbList","@id":"https:\/\/cssdn.gouv.qc.ca\/saintjoseph\/service-de-garde\/#breadcrumb","itemListElement":[{"@type":"ListItem","position":1,"name":"Accueil","item":"https:\/\/cssdn.gouv.qc.ca\/saintjoseph\/"},{"@type":"ListItem","position":2,"name":"Service de garde"}]},{"@type":"WebSite","@id":"https:\/\/cssdn.gouv.qc.ca\/saintjoseph\/#website","url":"https:\/\/cssdn.gouv.qc.ca\/saintjoseph\/","name":"\u00c9cole Saint-Joseph","description":"Un site des centres de services scolaires des Navigateurs","publisher":{"@id":"https:\/\/cssdn.gouv.qc.ca\/saintjoseph\/#organization"},"potentialAction":[{"@type":"SearchAction","target":{"@type":"EntryPoint","urlTemplate":"https:\/\/cssdn.gouv.qc.ca\/saintjoseph\/?s={search_term_string}"},"query-input":{"@type":"PropertyValueSpecification","valueRequired":true,"valueName":"search_term_string"}}],"inLanguage":"fr-CA"},{"@type":"Organization","@id":"https:\/\/cssdn.gouv.qc.ca\/saintjoseph\/#organization","name":"\u00c9cole Saint-Joseph","url":"https:\/\/cssdn.gouv.qc.ca\/saintjoseph\/","logo":{"@type":"ImageObject","inLanguage":"fr-CA","@id":"https:\/\/cssdn.gouv.qc.ca\/saintjoseph\/#\/schema\/logo\/image\/","url":"https:\/\/cssdn.gouv.qc.ca\/saintjoseph\/wp-content\/uploads\/sites\/59\/2023\/01\/logo_quebec.svg","contentUrl":"https:\/\/cssdn.gouv.qc.ca\/saintjoseph\/wp-content\/uploads\/sites\/59\/2023\/01\/logo_quebec.svg","width":188,"height":41,"caption":"\u00c9cole Saint-Joseph"},"image":{"@id":"https:\/\/cssdn.gouv.qc.ca\/saintjoseph\/#\/schema\/logo\/image\/"},"sameAs":["https:\/\/www.facebook.com\/cole-Saint-Joseph-1208534525882283\/"]}]}},"publishpress_future_action":{"enabled":false,"date":"2026-04-19 21:08:33","action":"change-status","newStatus":"draft","terms":[],"taxonomy":"category","extraData":[]},"publishpress_future_workflow_manual_trigger":{"enabledWorkflows":[]},"_links":{"self":[{"href":"https:\/\/cssdn.gouv.qc.ca\/saintjoseph\/wp-json\/wp\/v2\/pages\/16","targetHints":{"allow":["GET"]}}],"collection":[{"href":"https:\/\/cssdn.gouv.qc.ca\/saintjoseph\/wp-json\/wp\/v2\/pages"}],"about":[{"href":"https:\/\/cssdn.gouv.qc.ca\/saintjoseph\/wp-json\/wp\/v2\/types\/page"}],"author":[{"embeddable":true,"href":"https:\/\/cssdn.gouv.qc.ca\/saintjoseph\/wp-json\/wp\/v2\/users\/1"}],"replies":[{"embeddable":true,"href":"https:\/\/cssdn.gouv.qc.ca\/saintjoseph\/wp-json\/wp\/v2\/comments?post=16"}],"version-history":[{"count":0,"href":"https:\/\/cssdn.gouv.qc.ca\/saintjoseph\/wp-json\/wp\/v2\/pages\/16\/revisions"}],"wp:attachment":[{"href":"https:\/\/cssdn.gouv.qc.ca\/saintjoseph\/wp-json\/wp\/v2\/media?parent=16"}],"wp:term":[{"taxonomy":"category","embeddable":true,"href":"https:\/\/cssdn.gouv.qc.ca\/saintjoseph\/wp-json\/wp\/v2\/categories?post=16"},{"taxonomy":"post_tag","embeddable":true,"href":"https:\/\/cssdn.gouv.qc.ca\/saintjoseph\/wp-json\/wp\/v2\/tags?post=16"}],"curies":[{"name":"wp","href":"https:\/\/api.w.org\/{rel}","templated":true}]}}