
{"id":578,"date":"2023-01-09T11:19:41","date_gmt":"2023-01-09T16:19:41","guid":{"rendered":"https:\/\/cssdn.gouv.qc.ca\/saintjoseph\/?page_id=578"},"modified":"2023-01-09T11:23:02","modified_gmt":"2023-01-09T16:23:02","slug":"services","status":"publish","type":"page","link":"https:\/\/cssdn.gouv.qc.ca\/saintjoseph\/services\/","title":{"rendered":"Services compl\u00e9mentaires"},"content":{"rendered":"\n<div class=\"wp-block-cover alignfull is-light is-style-title-banner\"><span aria-hidden=\"true\" class=\"wp-block-cover__background has-background-dim\"><\/span><img decoding=\"async\" class=\"wp-block-cover__image-background wp-image-111 lazyload\" alt=\"\" data-src=\"https:\/\/cssdn.gouv.qc.ca\/wp-content\/uploads\/2022\/08\/Seawire-Hero-06.jpg\" data-object-fit=\"cover\" src=\"data:image\/svg+xml;base64,PHN2ZyB3aWR0aD0iMSIgaGVpZ2h0PSIxIiB4bWxucz0iaHR0cDovL3d3dy53My5vcmcvMjAwMC9zdmciPjwvc3ZnPg==\" \/><div class=\"wp-block-cover__inner-container\"><h3 class=\"wp-block-post-title\">Services compl\u00e9mentaires<\/h3><\/div><\/div>\n\n\n\n<div class=\"wp-block-group alignfull has-padding-y-large has-secondary-background-color has-background\"><div class=\"yoast-breadcrumbs alignwide \"><span class=\"breadcrumbs\"><a href=\"https:\/\/cssdn.gouv.qc.ca\/saintjoseph\/\" class=\"breadcrumbs__element\">Accueil<\/a> <span class=\"breadcrumbs__separator\">\n        <svg class=\"icon icon-breadcrumb__separator\"><use xlink:href=\"#icon-breadcrumb__separator\"><\/use><\/svg>\n    <\/span> <span class=\"breadcrumbs__element breadcrumbs__element-current\">Services compl\u00e9mentaires<\/span><\/span><\/div><\/div>\n\n\n\n<h1 class=\"wp-block-heading\">Services compl\u00e9mentaires<\/h1>\n\n\n\n\n<p class=\"act-lead wp-block-paragraph\"><strong>Service en psychologie<\/strong><br>La psychologue scolaire travaille aupr\u00e8s des \u00e9l\u00e8ves qui ont des besoins sp\u00e9cifiques reli\u00e9s aux difficult\u00e9s d\u2019apprentissage, de comportement, d\u2019attention et de concentration ou de toutes autres difficult\u00e9s ayant un impact sur le fonctionnement scolaire.<br>Elle collabore \u00e9troitement avec les enseignants et les parents afin de permettre aux \u00e9l\u00e8ves de vivre des r\u00e9ussites, de maximiser leur potentiel et de se sentir bien dans leur milieu scolaire. Ses interventions peuvent se faire par le biais d\u2019\u00e9valuations, d\u2019observation, d\u2019interventions individuelles ou de groupe, de rencontres avec les parents et les intervenants scolaires.<br>Elle participe \u00e9galement aux divers projets de l\u2019\u00e9cole visant \u00e0 am\u00e9liorer le milieu de vie des \u00e9l\u00e8ves. Par exemple, des projets sur l\u2019intimidation, la violence, l\u2019intervention aupr\u00e8s des \u00e9l\u00e8ves autistes, etc.<br><br><strong>Service en orthop\u00e9dagogie<\/strong><br>Le service en orthop\u00e9dagogie s&rsquo;adresse aux \u00e9l\u00e8ves ayant des difficult\u00e9s d&rsquo;apprentissage principalement en lecture, en \u00e9criture et en math\u00e9matiques. L&rsquo;orthop\u00e9dagogue peut intervenir en classe, individuellement ou en sous-groupe. Les interventions sont faites de fa\u00e7on pr\u00e9ventive ou r\u00e9\u00e9ducative et ce, en visant le d\u00e9veloppement de strat\u00e9gies d&rsquo;apprentissage efficaces.<br>De plus, l&rsquo;orthop\u00e9dagogue agit en collaboration avec les enseignants et les parents de mani\u00e8re \u00e0 ce que le soutien offert soit adapt\u00e9 aux besoins de chaque \u00e9l\u00e8ve.<br><br><strong>Service en \u00e9ducation sp\u00e9cialis\u00e9e<\/strong><br>Le service en \u00e9ducation sp\u00e9cialis\u00e9e est r\u00e9parti dans les trois classes d\u2019adaptation scolaire, dans certaines classes du r\u00e9gulier ainsi qu\u2019au niveau de l\u2019ensemble de l\u2019\u00e9cole.<br>Chacune des classes en adaptation scolaire re\u00e7oit le service d\u2019au moins un \u00e9ducateur sp\u00e9cialis\u00e9. Cela peut varier selon les besoins. Le r\u00f4le de l\u2019\u00e9ducateur est d\u2019offrir du soutien \u00e0 l\u2019\u00e9l\u00e8ve, d\u00e9velopper l&rsquo;autonomie et la socialisation.<br>L\u2019\u00e9cole b\u00e9n\u00e9ficie aussi des services d\u2019un \u00e9ducateur \u00e9cole. Celui-ci soutient les enseignants dans tous ce qui concernent le comportement de \u00e9l\u00e8ve et les habilet\u00e9s sociales. Nous retrouvons aussi des \u00e9ducateurs en classe r\u00e9guli\u00e8re pour r\u00e9pondre au besoin des \u00e9l\u00e8ves pr\u00e9sentant des besoins particuliers.<br>\u00a0<br><strong>Service en orthophonie<\/strong><br>Un service en orthophonie est aussi accessible pour les \u00e9l\u00e8ves du pr\u00e9scolaire et de la 1<sup>re<\/sup>\u00a0ann\u00e9e selon les crit\u00e8res d&rsquo;admissibilit\u00e9 de la Commission scolaire des Navigateurs.<\/p>\n\n","protected":false},"excerpt":{"rendered":"<p>Services compl\u00e9mentaires<\/p>\n","protected":false},"author":54,"featured_media":0,"parent":0,"menu_order":0,"comment_status":"closed","ping_status":"closed","template":"","meta":{"_acf_changed":false,"_crdt_document":"","inline_featured_image":false,"footnotes":""},"categories":[],"tags":[],"class_list":["post-578","page","type-page","status-publish","hentry"],"acf":[],"yoast_head":"<!-- This site is optimized with the Yoast SEO plugin v27.6 - https:\/\/yoast.com\/product\/yoast-seo-wordpress\/ -->\n<title>Services compl\u00e9mentaires - \u00c9cole Saint-Joseph<\/title>\n<meta name=\"robots\" content=\"index, follow, max-snippet:-1, max-image-preview:large, max-video-preview:-1\" \/>\n<link rel=\"canonical\" href=\"https:\/\/cssdn.gouv.qc.ca\/saintjoseph\/services\/\" \/>\n<meta property=\"og:locale\" content=\"fr_CA\" \/>\n<meta property=\"og:type\" content=\"article\" \/>\n<meta property=\"og:title\" content=\"Services compl\u00e9mentaires - \u00c9cole Saint-Joseph\" \/>\n<meta property=\"og:description\" content=\"Services compl\u00e9mentaires\" \/>\n<meta property=\"og:url\" content=\"https:\/\/cssdn.gouv.qc.ca\/saintjoseph\/services\/\" \/>\n<meta property=\"og:site_name\" content=\"\u00c9cole Saint-Joseph\" \/>\n<meta property=\"article:publisher\" content=\"https:\/\/www.facebook.com\/cole-Saint-Joseph-1208534525882283\/\" \/>\n<meta property=\"article:modified_time\" content=\"2023-01-09T16:23:02+00:00\" \/>\n<meta property=\"og:image\" content=\"https:\/\/cssdn.gouv.qc.ca\/wp-content\/uploads\/2022\/08\/Seawire-Hero-06.jpg\" \/>\n<meta name=\"twitter:card\" content=\"summary_large_image\" \/>\n<meta name=\"twitter:label1\" content=\"Estimation du temps de lecture\" \/>\n\t<meta name=\"twitter:data1\" content=\"2 minutes\" \/>\n<script type=\"application\/ld+json\" class=\"yoast-schema-graph\">{\"@context\":\"https:\\\/\\\/schema.org\",\"@graph\":[{\"@type\":\"WebPage\",\"@id\":\"https:\\\/\\\/cssdn.gouv.qc.ca\\\/saintjoseph\\\/services\\\/\",\"url\":\"https:\\\/\\\/cssdn.gouv.qc.ca\\\/saintjoseph\\\/services\\\/\",\"name\":\"Services compl\u00e9mentaires - \u00c9cole Saint-Joseph\",\"isPartOf\":{\"@id\":\"https:\\\/\\\/cssdn.gouv.qc.ca\\\/saintjoseph\\\/#website\"},\"primaryImageOfPage\":{\"@id\":\"https:\\\/\\\/cssdn.gouv.qc.ca\\\/saintjoseph\\\/services\\\/#primaryimage\"},\"image\":{\"@id\":\"https:\\\/\\\/cssdn.gouv.qc.ca\\\/saintjoseph\\\/services\\\/#primaryimage\"},\"thumbnailUrl\":\"https:\\\/\\\/cssdn.gouv.qc.ca\\\/wp-content\\\/uploads\\\/2022\\\/08\\\/Seawire-Hero-06.jpg\",\"datePublished\":\"2023-01-09T16:19:41+00:00\",\"dateModified\":\"2023-01-09T16:23:02+00:00\",\"breadcrumb\":{\"@id\":\"https:\\\/\\\/cssdn.gouv.qc.ca\\\/saintjoseph\\\/services\\\/#breadcrumb\"},\"inLanguage\":\"fr-CA\",\"potentialAction\":[{\"@type\":\"ReadAction\",\"target\":[\"https:\\\/\\\/cssdn.gouv.qc.ca\\\/saintjoseph\\\/services\\\/\"]}]},{\"@type\":\"ImageObject\",\"inLanguage\":\"fr-CA\",\"@id\":\"https:\\\/\\\/cssdn.gouv.qc.ca\\\/saintjoseph\\\/services\\\/#primaryimage\",\"url\":\"https:\\\/\\\/cssdn.gouv.qc.ca\\\/wp-content\\\/uploads\\\/2022\\\/08\\\/Seawire-Hero-06.jpg\",\"contentUrl\":\"https:\\\/\\\/cssdn.gouv.qc.ca\\\/wp-content\\\/uploads\\\/2022\\\/08\\\/Seawire-Hero-06.jpg\"},{\"@type\":\"BreadcrumbList\",\"@id\":\"https:\\\/\\\/cssdn.gouv.qc.ca\\\/saintjoseph\\\/services\\\/#breadcrumb\",\"itemListElement\":[{\"@type\":\"ListItem\",\"position\":1,\"name\":\"Accueil\",\"item\":\"https:\\\/\\\/cssdn.gouv.qc.ca\\\/saintjoseph\\\/\"},{\"@type\":\"ListItem\",\"position\":2,\"name\":\"Services compl\u00e9mentaires\"}]},{\"@type\":\"WebSite\",\"@id\":\"https:\\\/\\\/cssdn.gouv.qc.ca\\\/saintjoseph\\\/#website\",\"url\":\"https:\\\/\\\/cssdn.gouv.qc.ca\\\/saintjoseph\\\/\",\"name\":\"\u00c9cole Saint-Joseph\",\"description\":\"Un site des centres de services scolaires des Navigateurs\",\"publisher\":{\"@id\":\"https:\\\/\\\/cssdn.gouv.qc.ca\\\/saintjoseph\\\/#organization\"},\"potentialAction\":[{\"@type\":\"SearchAction\",\"target\":{\"@type\":\"EntryPoint\",\"urlTemplate\":\"https:\\\/\\\/cssdn.gouv.qc.ca\\\/saintjoseph\\\/?s={search_term_string}\"},\"query-input\":{\"@type\":\"PropertyValueSpecification\",\"valueRequired\":true,\"valueName\":\"search_term_string\"}}],\"inLanguage\":\"fr-CA\"},{\"@type\":\"Organization\",\"@id\":\"https:\\\/\\\/cssdn.gouv.qc.ca\\\/saintjoseph\\\/#organization\",\"name\":\"\u00c9cole Saint-Joseph\",\"url\":\"https:\\\/\\\/cssdn.gouv.qc.ca\\\/saintjoseph\\\/\",\"logo\":{\"@type\":\"ImageObject\",\"inLanguage\":\"fr-CA\",\"@id\":\"https:\\\/\\\/cssdn.gouv.qc.ca\\\/saintjoseph\\\/#\\\/schema\\\/logo\\\/image\\\/\",\"url\":\"https:\\\/\\\/cssdn.gouv.qc.ca\\\/saintjoseph\\\/wp-content\\\/uploads\\\/sites\\\/59\\\/2023\\\/01\\\/logo_quebec.svg\",\"contentUrl\":\"https:\\\/\\\/cssdn.gouv.qc.ca\\\/saintjoseph\\\/wp-content\\\/uploads\\\/sites\\\/59\\\/2023\\\/01\\\/logo_quebec.svg\",\"width\":188,\"height\":41,\"caption\":\"\u00c9cole Saint-Joseph\"},\"image\":{\"@id\":\"https:\\\/\\\/cssdn.gouv.qc.ca\\\/saintjoseph\\\/#\\\/schema\\\/logo\\\/image\\\/\"},\"sameAs\":[\"https:\\\/\\\/www.facebook.com\\\/cole-Saint-Joseph-1208534525882283\\\/\"]}]}<\/script>\n<!-- \/ Yoast SEO plugin. -->","yoast_head_json":{"title":"Services compl\u00e9mentaires - \u00c9cole Saint-Joseph","robots":{"index":"index","follow":"follow","max-snippet":"max-snippet:-1","max-image-preview":"max-image-preview:large","max-video-preview":"max-video-preview:-1"},"canonical":"https:\/\/cssdn.gouv.qc.ca\/saintjoseph\/services\/","og_locale":"fr_CA","og_type":"article","og_title":"Services compl\u00e9mentaires - \u00c9cole Saint-Joseph","og_description":"Services compl\u00e9mentaires","og_url":"https:\/\/cssdn.gouv.qc.ca\/saintjoseph\/services\/","og_site_name":"\u00c9cole Saint-Joseph","article_publisher":"https:\/\/www.facebook.com\/cole-Saint-Joseph-1208534525882283\/","article_modified_time":"2023-01-09T16:23:02+00:00","og_image":[{"url":"https:\/\/cssdn.gouv.qc.ca\/wp-content\/uploads\/2022\/08\/Seawire-Hero-06.jpg","type":"","width":"","height":""}],"twitter_card":"summary_large_image","twitter_misc":{"Estimation du temps de lecture":"2 minutes"},"schema":{"@context":"https:\/\/schema.org","@graph":[{"@type":"WebPage","@id":"https:\/\/cssdn.gouv.qc.ca\/saintjoseph\/services\/","url":"https:\/\/cssdn.gouv.qc.ca\/saintjoseph\/services\/","name":"Services compl\u00e9mentaires - \u00c9cole Saint-Joseph","isPartOf":{"@id":"https:\/\/cssdn.gouv.qc.ca\/saintjoseph\/#website"},"primaryImageOfPage":{"@id":"https:\/\/cssdn.gouv.qc.ca\/saintjoseph\/services\/#primaryimage"},"image":{"@id":"https:\/\/cssdn.gouv.qc.ca\/saintjoseph\/services\/#primaryimage"},"thumbnailUrl":"https:\/\/cssdn.gouv.qc.ca\/wp-content\/uploads\/2022\/08\/Seawire-Hero-06.jpg","datePublished":"2023-01-09T16:19:41+00:00","dateModified":"2023-01-09T16:23:02+00:00","breadcrumb":{"@id":"https:\/\/cssdn.gouv.qc.ca\/saintjoseph\/services\/#breadcrumb"},"inLanguage":"fr-CA","potentialAction":[{"@type":"ReadAction","target":["https:\/\/cssdn.gouv.qc.ca\/saintjoseph\/services\/"]}]},{"@type":"ImageObject","inLanguage":"fr-CA","@id":"https:\/\/cssdn.gouv.qc.ca\/saintjoseph\/services\/#primaryimage","url":"https:\/\/cssdn.gouv.qc.ca\/wp-content\/uploads\/2022\/08\/Seawire-Hero-06.jpg","contentUrl":"https:\/\/cssdn.gouv.qc.ca\/wp-content\/uploads\/2022\/08\/Seawire-Hero-06.jpg"},{"@type":"BreadcrumbList","@id":"https:\/\/cssdn.gouv.qc.ca\/saintjoseph\/services\/#breadcrumb","itemListElement":[{"@type":"ListItem","position":1,"name":"Accueil","item":"https:\/\/cssdn.gouv.qc.ca\/saintjoseph\/"},{"@type":"ListItem","position":2,"name":"Services compl\u00e9mentaires"}]},{"@type":"WebSite","@id":"https:\/\/cssdn.gouv.qc.ca\/saintjoseph\/#website","url":"https:\/\/cssdn.gouv.qc.ca\/saintjoseph\/","name":"\u00c9cole Saint-Joseph","description":"Un site des centres de services scolaires des Navigateurs","publisher":{"@id":"https:\/\/cssdn.gouv.qc.ca\/saintjoseph\/#organization"},"potentialAction":[{"@type":"SearchAction","target":{"@type":"EntryPoint","urlTemplate":"https:\/\/cssdn.gouv.qc.ca\/saintjoseph\/?s={search_term_string}"},"query-input":{"@type":"PropertyValueSpecification","valueRequired":true,"valueName":"search_term_string"}}],"inLanguage":"fr-CA"},{"@type":"Organization","@id":"https:\/\/cssdn.gouv.qc.ca\/saintjoseph\/#organization","name":"\u00c9cole Saint-Joseph","url":"https:\/\/cssdn.gouv.qc.ca\/saintjoseph\/","logo":{"@type":"ImageObject","inLanguage":"fr-CA","@id":"https:\/\/cssdn.gouv.qc.ca\/saintjoseph\/#\/schema\/logo\/image\/","url":"https:\/\/cssdn.gouv.qc.ca\/saintjoseph\/wp-content\/uploads\/sites\/59\/2023\/01\/logo_quebec.svg","contentUrl":"https:\/\/cssdn.gouv.qc.ca\/saintjoseph\/wp-content\/uploads\/sites\/59\/2023\/01\/logo_quebec.svg","width":188,"height":41,"caption":"\u00c9cole Saint-Joseph"},"image":{"@id":"https:\/\/cssdn.gouv.qc.ca\/saintjoseph\/#\/schema\/logo\/image\/"},"sameAs":["https:\/\/www.facebook.com\/cole-Saint-Joseph-1208534525882283\/"]}]}},"publishpress_future_action":{"enabled":false,"date":"2026-05-21 16:53:08","action":"change-status","newStatus":"draft","terms":[],"taxonomy":"category","extraData":[]},"publishpress_future_workflow_manual_trigger":{"enabledWorkflows":[]},"_links":{"self":[{"href":"https:\/\/cssdn.gouv.qc.ca\/saintjoseph\/wp-json\/wp\/v2\/pages\/578","targetHints":{"allow":["GET"]}}],"collection":[{"href":"https:\/\/cssdn.gouv.qc.ca\/saintjoseph\/wp-json\/wp\/v2\/pages"}],"about":[{"href":"https:\/\/cssdn.gouv.qc.ca\/saintjoseph\/wp-json\/wp\/v2\/types\/page"}],"author":[{"embeddable":true,"href":"https:\/\/cssdn.gouv.qc.ca\/saintjoseph\/wp-json\/wp\/v2\/users\/54"}],"replies":[{"embeddable":true,"href":"https:\/\/cssdn.gouv.qc.ca\/saintjoseph\/wp-json\/wp\/v2\/comments?post=578"}],"version-history":[{"count":0,"href":"https:\/\/cssdn.gouv.qc.ca\/saintjoseph\/wp-json\/wp\/v2\/pages\/578\/revisions"}],"wp:attachment":[{"href":"https:\/\/cssdn.gouv.qc.ca\/saintjoseph\/wp-json\/wp\/v2\/media?parent=578"}],"wp:term":[{"taxonomy":"category","embeddable":true,"href":"https:\/\/cssdn.gouv.qc.ca\/saintjoseph\/wp-json\/wp\/v2\/categories?post=578"},{"taxonomy":"post_tag","embeddable":true,"href":"https:\/\/cssdn.gouv.qc.ca\/saintjoseph\/wp-json\/wp\/v2\/tags?post=578"}],"curies":[{"name":"wp","href":"https:\/\/api.w.org\/{rel}","templated":true}]}}