
{"id":583,"date":"2023-01-09T12:16:32","date_gmt":"2023-01-09T17:16:32","guid":{"rendered":"https:\/\/cssdn.gouv.qc.ca\/saintjoseph\/?page_id=583"},"modified":"2025-07-08T10:04:23","modified_gmt":"2025-07-08T14:04:23","slug":"maternelle","status":"publish","type":"page","link":"https:\/\/cssdn.gouv.qc.ca\/saintjoseph\/maternelle\/","title":{"rendered":"Maternelle"},"content":{"rendered":"\n<div class=\"wp-block-cover alignfull is-light is-style-title-banner\"><span aria-hidden=\"true\" class=\"wp-block-cover__background has-background-dim\"><\/span><img decoding=\"async\" class=\"wp-block-cover__image-background wp-image-111 lazyload\" alt=\"\" data-src=\"https:\/\/cssdn.gouv.qc.ca\/wp-content\/uploads\/2022\/08\/Seawire-Hero-06.jpg\" data-object-fit=\"cover\" src=\"data:image\/svg+xml;base64,PHN2ZyB3aWR0aD0iMSIgaGVpZ2h0PSIxIiB4bWxucz0iaHR0cDovL3d3dy53My5vcmcvMjAwMC9zdmciPjwvc3ZnPg==\" \/><div class=\"wp-block-cover__inner-container\"><h3 class=\"wp-block-post-title\">Maternelle<\/h3><\/div><\/div>\n\n\n\n<div class=\"wp-block-group alignfull has-padding-y-large has-secondary-background-color has-background\"><div class=\"yoast-breadcrumbs alignwide \"><span class=\"breadcrumbs\"><a href=\"https:\/\/cssdn.gouv.qc.ca\/saintjoseph\/\" class=\"breadcrumbs__element\">Accueil<\/a> <span class=\"breadcrumbs__separator\">\n        <svg class=\"icon icon-breadcrumb__separator\"><use xlink:href=\"#icon-breadcrumb__separator\"><\/use><\/svg>\n    <\/span> <span class=\"breadcrumbs__element breadcrumbs__element-current\">Maternelle<\/span><\/span><\/div><\/div>\n\n\n\n<h1 class=\"wp-block-heading\">Maternelle 5 ans<\/h1>\n\n\n\n\n<p class=\"act-lead wp-block-paragraph\"><strong>DOCUMENTS POUR L&rsquo;INSCRIPTION<\/strong>\u200b<br><strong>Documents \u00e0 imprimer, compl\u00e9ter et apporter lors de votre rendez-vous \u00e0 l&rsquo;\u00e9cole<\/strong> :<br>Demande d\u2019admission 2023-2024&nbsp; &nbsp; &nbsp; &nbsp; &nbsp; &nbsp; &nbsp; &nbsp; &nbsp;<br>Formulaire pour le transfert d\u2019information en milieu scolaire<br>Fiche de renseignements<br>Formulaire d\u2019inscription pour le service de garde<br>En route vers l\u2019\u00e9cole (feuillet d\u2019inscription 2023)<br>&nbsp;<br><strong>Documents originaux \u00e0 apporter lors du rendez-vous :<\/strong><br>Certificat de naissance (l\u2019original)<br>Preuve de r\u00e9sidence (permis de conduire ou deux factures avec l\u2019adresse actuelle)<br>&nbsp;<br><strong><u>Vous devez appeler Mme Jade&nbsp;ou Mme Carolyne au 418-838-8562 pour prendre rendez-vous et apporter tous les documents ci-haut mentionn\u00e9s&nbsp;pour pouvoir proc\u00e9der \u00e0 l\u2019inscription de votre enfant.<\/u><\/strong><br>&nbsp;<br><strong>DOCUMENTS D&rsquo;INFORMATION<\/strong><br>Information aux parents pour nouvelle inscription<br>S\u00e9curit\u00e9 en autobus scolaire<br>D\u00e9pliant langage chez un pr\u00e9sco<\/p>\n\n","protected":false},"excerpt":{"rendered":"<p>Maternelle 5 ans<\/p>\n","protected":false},"author":54,"featured_media":0,"parent":0,"menu_order":0,"comment_status":"closed","ping_status":"closed","template":"","meta":{"_acf_changed":false,"_crdt_document":"","inline_featured_image":false,"footnotes":""},"categories":[],"tags":[],"class_list":["post-583","page","type-page","status-publish","hentry"],"acf":[],"yoast_head":"<!-- This site is optimized with the Yoast SEO plugin v27.5 - https:\/\/yoast.com\/product\/yoast-seo-wordpress\/ -->\n<title>Maternelle - \u00c9cole Saint-Joseph<\/title>\n<meta name=\"robots\" content=\"index, follow, max-snippet:-1, max-image-preview:large, max-video-preview:-1\" \/>\n<link rel=\"canonical\" href=\"https:\/\/cssdn.gouv.qc.ca\/saintjoseph\/maternelle\/\" \/>\n<meta property=\"og:locale\" content=\"fr_CA\" \/>\n<meta property=\"og:type\" content=\"article\" \/>\n<meta property=\"og:title\" content=\"Maternelle - \u00c9cole Saint-Joseph\" \/>\n<meta property=\"og:description\" content=\"Maternelle 5 ans\" \/>\n<meta property=\"og:url\" content=\"https:\/\/cssdn.gouv.qc.ca\/saintjoseph\/maternelle\/\" \/>\n<meta property=\"og:site_name\" content=\"\u00c9cole Saint-Joseph\" \/>\n<meta property=\"article:publisher\" content=\"https:\/\/www.facebook.com\/cole-Saint-Joseph-1208534525882283\/\" \/>\n<meta property=\"article:modified_time\" content=\"2025-07-08T14:04:23+00:00\" \/>\n<meta name=\"twitter:card\" content=\"summary_large_image\" \/>\n<meta name=\"twitter:label1\" content=\"Estimation du temps de lecture\" \/>\n\t<meta name=\"twitter:data1\" content=\"1 minute\" \/>\n<script type=\"application\/ld+json\" class=\"yoast-schema-graph\">{\"@context\":\"https:\\\/\\\/schema.org\",\"@graph\":[{\"@type\":\"WebPage\",\"@id\":\"https:\\\/\\\/cssdn.gouv.qc.ca\\\/saintjoseph\\\/maternelle\\\/\",\"url\":\"https:\\\/\\\/cssdn.gouv.qc.ca\\\/saintjoseph\\\/maternelle\\\/\",\"name\":\"Maternelle - \u00c9cole Saint-Joseph\",\"isPartOf\":{\"@id\":\"https:\\\/\\\/cssdn.gouv.qc.ca\\\/saintjoseph\\\/#website\"},\"primaryImageOfPage\":{\"@id\":\"https:\\\/\\\/cssdn.gouv.qc.ca\\\/saintjoseph\\\/maternelle\\\/#primaryimage\"},\"image\":{\"@id\":\"https:\\\/\\\/cssdn.gouv.qc.ca\\\/saintjoseph\\\/maternelle\\\/#primaryimage\"},\"thumbnailUrl\":\"https:\\\/\\\/cssdn.gouv.qc.ca\\\/wp-content\\\/uploads\\\/2022\\\/08\\\/Seawire-Hero-06.jpg\",\"datePublished\":\"2023-01-09T17:16:32+00:00\",\"dateModified\":\"2025-07-08T14:04:23+00:00\",\"breadcrumb\":{\"@id\":\"https:\\\/\\\/cssdn.gouv.qc.ca\\\/saintjoseph\\\/maternelle\\\/#breadcrumb\"},\"inLanguage\":\"fr-CA\",\"potentialAction\":[{\"@type\":\"ReadAction\",\"target\":[\"https:\\\/\\\/cssdn.gouv.qc.ca\\\/saintjoseph\\\/maternelle\\\/\"]}]},{\"@type\":\"ImageObject\",\"inLanguage\":\"fr-CA\",\"@id\":\"https:\\\/\\\/cssdn.gouv.qc.ca\\\/saintjoseph\\\/maternelle\\\/#primaryimage\",\"url\":\"https:\\\/\\\/cssdn.gouv.qc.ca\\\/wp-content\\\/uploads\\\/2022\\\/08\\\/Seawire-Hero-06.jpg\",\"contentUrl\":\"https:\\\/\\\/cssdn.gouv.qc.ca\\\/wp-content\\\/uploads\\\/2022\\\/08\\\/Seawire-Hero-06.jpg\"},{\"@type\":\"BreadcrumbList\",\"@id\":\"https:\\\/\\\/cssdn.gouv.qc.ca\\\/saintjoseph\\\/maternelle\\\/#breadcrumb\",\"itemListElement\":[{\"@type\":\"ListItem\",\"position\":1,\"name\":\"Accueil\",\"item\":\"https:\\\/\\\/cssdn.gouv.qc.ca\\\/saintjoseph\\\/\"},{\"@type\":\"ListItem\",\"position\":2,\"name\":\"Maternelle\"}]},{\"@type\":\"WebSite\",\"@id\":\"https:\\\/\\\/cssdn.gouv.qc.ca\\\/saintjoseph\\\/#website\",\"url\":\"https:\\\/\\\/cssdn.gouv.qc.ca\\\/saintjoseph\\\/\",\"name\":\"\u00c9cole Saint-Joseph\",\"description\":\"Un site des centres de services scolaires des Navigateurs\",\"publisher\":{\"@id\":\"https:\\\/\\\/cssdn.gouv.qc.ca\\\/saintjoseph\\\/#organization\"},\"potentialAction\":[{\"@type\":\"SearchAction\",\"target\":{\"@type\":\"EntryPoint\",\"urlTemplate\":\"https:\\\/\\\/cssdn.gouv.qc.ca\\\/saintjoseph\\\/?s={search_term_string}\"},\"query-input\":{\"@type\":\"PropertyValueSpecification\",\"valueRequired\":true,\"valueName\":\"search_term_string\"}}],\"inLanguage\":\"fr-CA\"},{\"@type\":\"Organization\",\"@id\":\"https:\\\/\\\/cssdn.gouv.qc.ca\\\/saintjoseph\\\/#organization\",\"name\":\"\u00c9cole Saint-Joseph\",\"url\":\"https:\\\/\\\/cssdn.gouv.qc.ca\\\/saintjoseph\\\/\",\"logo\":{\"@type\":\"ImageObject\",\"inLanguage\":\"fr-CA\",\"@id\":\"https:\\\/\\\/cssdn.gouv.qc.ca\\\/saintjoseph\\\/#\\\/schema\\\/logo\\\/image\\\/\",\"url\":\"https:\\\/\\\/cssdn.gouv.qc.ca\\\/saintjoseph\\\/wp-content\\\/uploads\\\/sites\\\/59\\\/2023\\\/01\\\/logo_quebec.svg\",\"contentUrl\":\"https:\\\/\\\/cssdn.gouv.qc.ca\\\/saintjoseph\\\/wp-content\\\/uploads\\\/sites\\\/59\\\/2023\\\/01\\\/logo_quebec.svg\",\"width\":188,\"height\":41,\"caption\":\"\u00c9cole Saint-Joseph\"},\"image\":{\"@id\":\"https:\\\/\\\/cssdn.gouv.qc.ca\\\/saintjoseph\\\/#\\\/schema\\\/logo\\\/image\\\/\"},\"sameAs\":[\"https:\\\/\\\/www.facebook.com\\\/cole-Saint-Joseph-1208534525882283\\\/\"]}]}<\/script>\n<!-- \/ Yoast SEO plugin. -->","yoast_head_json":{"title":"Maternelle - \u00c9cole Saint-Joseph","robots":{"index":"index","follow":"follow","max-snippet":"max-snippet:-1","max-image-preview":"max-image-preview:large","max-video-preview":"max-video-preview:-1"},"canonical":"https:\/\/cssdn.gouv.qc.ca\/saintjoseph\/maternelle\/","og_locale":"fr_CA","og_type":"article","og_title":"Maternelle - \u00c9cole Saint-Joseph","og_description":"Maternelle 5 ans","og_url":"https:\/\/cssdn.gouv.qc.ca\/saintjoseph\/maternelle\/","og_site_name":"\u00c9cole Saint-Joseph","article_publisher":"https:\/\/www.facebook.com\/cole-Saint-Joseph-1208534525882283\/","article_modified_time":"2025-07-08T14:04:23+00:00","twitter_card":"summary_large_image","twitter_misc":{"Estimation du temps de lecture":"1 minute"},"schema":{"@context":"https:\/\/schema.org","@graph":[{"@type":"WebPage","@id":"https:\/\/cssdn.gouv.qc.ca\/saintjoseph\/maternelle\/","url":"https:\/\/cssdn.gouv.qc.ca\/saintjoseph\/maternelle\/","name":"Maternelle - \u00c9cole Saint-Joseph","isPartOf":{"@id":"https:\/\/cssdn.gouv.qc.ca\/saintjoseph\/#website"},"primaryImageOfPage":{"@id":"https:\/\/cssdn.gouv.qc.ca\/saintjoseph\/maternelle\/#primaryimage"},"image":{"@id":"https:\/\/cssdn.gouv.qc.ca\/saintjoseph\/maternelle\/#primaryimage"},"thumbnailUrl":"https:\/\/cssdn.gouv.qc.ca\/wp-content\/uploads\/2022\/08\/Seawire-Hero-06.jpg","datePublished":"2023-01-09T17:16:32+00:00","dateModified":"2025-07-08T14:04:23+00:00","breadcrumb":{"@id":"https:\/\/cssdn.gouv.qc.ca\/saintjoseph\/maternelle\/#breadcrumb"},"inLanguage":"fr-CA","potentialAction":[{"@type":"ReadAction","target":["https:\/\/cssdn.gouv.qc.ca\/saintjoseph\/maternelle\/"]}]},{"@type":"ImageObject","inLanguage":"fr-CA","@id":"https:\/\/cssdn.gouv.qc.ca\/saintjoseph\/maternelle\/#primaryimage","url":"https:\/\/cssdn.gouv.qc.ca\/wp-content\/uploads\/2022\/08\/Seawire-Hero-06.jpg","contentUrl":"https:\/\/cssdn.gouv.qc.ca\/wp-content\/uploads\/2022\/08\/Seawire-Hero-06.jpg"},{"@type":"BreadcrumbList","@id":"https:\/\/cssdn.gouv.qc.ca\/saintjoseph\/maternelle\/#breadcrumb","itemListElement":[{"@type":"ListItem","position":1,"name":"Accueil","item":"https:\/\/cssdn.gouv.qc.ca\/saintjoseph\/"},{"@type":"ListItem","position":2,"name":"Maternelle"}]},{"@type":"WebSite","@id":"https:\/\/cssdn.gouv.qc.ca\/saintjoseph\/#website","url":"https:\/\/cssdn.gouv.qc.ca\/saintjoseph\/","name":"\u00c9cole Saint-Joseph","description":"Un site des centres de services scolaires des Navigateurs","publisher":{"@id":"https:\/\/cssdn.gouv.qc.ca\/saintjoseph\/#organization"},"potentialAction":[{"@type":"SearchAction","target":{"@type":"EntryPoint","urlTemplate":"https:\/\/cssdn.gouv.qc.ca\/saintjoseph\/?s={search_term_string}"},"query-input":{"@type":"PropertyValueSpecification","valueRequired":true,"valueName":"search_term_string"}}],"inLanguage":"fr-CA"},{"@type":"Organization","@id":"https:\/\/cssdn.gouv.qc.ca\/saintjoseph\/#organization","name":"\u00c9cole Saint-Joseph","url":"https:\/\/cssdn.gouv.qc.ca\/saintjoseph\/","logo":{"@type":"ImageObject","inLanguage":"fr-CA","@id":"https:\/\/cssdn.gouv.qc.ca\/saintjoseph\/#\/schema\/logo\/image\/","url":"https:\/\/cssdn.gouv.qc.ca\/saintjoseph\/wp-content\/uploads\/sites\/59\/2023\/01\/logo_quebec.svg","contentUrl":"https:\/\/cssdn.gouv.qc.ca\/saintjoseph\/wp-content\/uploads\/sites\/59\/2023\/01\/logo_quebec.svg","width":188,"height":41,"caption":"\u00c9cole Saint-Joseph"},"image":{"@id":"https:\/\/cssdn.gouv.qc.ca\/saintjoseph\/#\/schema\/logo\/image\/"},"sameAs":["https:\/\/www.facebook.com\/cole-Saint-Joseph-1208534525882283\/"]}]}},"publishpress_future_action":{"enabled":false,"date":"2026-05-09 07:06:35","action":"change-status","newStatus":"draft","terms":[],"taxonomy":"category","extraData":[]},"publishpress_future_workflow_manual_trigger":{"enabledWorkflows":[]},"_links":{"self":[{"href":"https:\/\/cssdn.gouv.qc.ca\/saintjoseph\/wp-json\/wp\/v2\/pages\/583","targetHints":{"allow":["GET"]}}],"collection":[{"href":"https:\/\/cssdn.gouv.qc.ca\/saintjoseph\/wp-json\/wp\/v2\/pages"}],"about":[{"href":"https:\/\/cssdn.gouv.qc.ca\/saintjoseph\/wp-json\/wp\/v2\/types\/page"}],"author":[{"embeddable":true,"href":"https:\/\/cssdn.gouv.qc.ca\/saintjoseph\/wp-json\/wp\/v2\/users\/54"}],"replies":[{"embeddable":true,"href":"https:\/\/cssdn.gouv.qc.ca\/saintjoseph\/wp-json\/wp\/v2\/comments?post=583"}],"version-history":[{"count":0,"href":"https:\/\/cssdn.gouv.qc.ca\/saintjoseph\/wp-json\/wp\/v2\/pages\/583\/revisions"}],"wp:attachment":[{"href":"https:\/\/cssdn.gouv.qc.ca\/saintjoseph\/wp-json\/wp\/v2\/media?parent=583"}],"wp:term":[{"taxonomy":"category","embeddable":true,"href":"https:\/\/cssdn.gouv.qc.ca\/saintjoseph\/wp-json\/wp\/v2\/categories?post=583"},{"taxonomy":"post_tag","embeddable":true,"href":"https:\/\/cssdn.gouv.qc.ca\/saintjoseph\/wp-json\/wp\/v2\/tags?post=583"}],"curies":[{"name":"wp","href":"https:\/\/api.w.org\/{rel}","templated":true}]}}