
{"id":641,"date":"2023-01-13T14:35:52","date_gmt":"2023-01-13T19:35:52","guid":{"rendered":"https:\/\/cssdn.gouv.qc.ca\/saintjoseph\/?page_id=641"},"modified":"2026-04-10T11:02:56","modified_gmt":"2026-04-10T15:02:56","slug":"inscriptions","status":"publish","type":"page","link":"https:\/\/cssdn.gouv.qc.ca\/saintjoseph\/inscriptions\/","title":{"rendered":"Inscriptions"},"content":{"rendered":"\n<div class=\"wp-block-cover alignfull is-light is-style-title-banner\"><img decoding=\"async\" class=\"wp-block-cover__image-background wp-image-111 lazyload\" alt=\"\" data-src=\"https:\/\/cssdn.gouv.qc.ca\/wp-content\/uploads\/2022\/08\/Seawire-Hero-06.jpg\" data-object-fit=\"cover\" src=\"data:image\/svg+xml;base64,PHN2ZyB3aWR0aD0iMSIgaGVpZ2h0PSIxIiB4bWxucz0iaHR0cDovL3d3dy53My5vcmcvMjAwMC9zdmciPjwvc3ZnPg==\" \/><span aria-hidden=\"true\" class=\"wp-block-cover__background has-background-dim\"><\/span><div class=\"wp-block-cover__inner-container\"><h3 class=\"wp-block-post-title\">Inscriptions<\/h3><\/div><\/div>\n\n\n\n<div class=\"wp-block-group alignfull has-padding-y-large has-secondary-background-color has-background\"><div class=\"yoast-breadcrumbs alignwide \"><span class=\"breadcrumbs\"><a href=\"https:\/\/cssdn.gouv.qc.ca\/saintjoseph\/\" class=\"breadcrumbs__element\">Accueil<\/a> <span class=\"breadcrumbs__separator\">\n        <svg class=\"icon icon-breadcrumb__separator\"><use xlink:href=\"#icon-breadcrumb__separator\"><\/use><\/svg>\n    <\/span> <span class=\"breadcrumbs__element breadcrumbs__element-current\">Inscriptions<\/span><\/span><\/div><\/div>\n\n\n\n<h1 class=\"wp-block-heading\">Inscription pour l\u2019ann\u00e9e 2025-2026<\/h1>\n\n\n\n<p class=\"wp-block-paragraph\"><strong>Inscription du 2 au 13 f\u00e9vrier 2026<\/strong><\/p>\n\n\n\n<p class=\"wp-block-paragraph\"><strong>Proc\u00e9dure pour une premi\u00e8re inscription \u00e0 l&rsquo;\u00e9cole : https:\/\/cssdn.gouv.qc.ca\/parents-et-eleves\/admission-et-inscription\/<\/strong><\/p>\n\n\n\n<div data-wp-interactive=\"core\/file\" class=\"wp-block-file\"><object data-wp-bind--hidden=\"!state.hasPdfPreview\" hidden class=\"wp-block-file__embed\" data=\"https:\/\/cssdn.gouv.qc.ca\/saintjoseph\/wp-content\/uploads\/sites\/59\/2026\/01\/CSSDN_affiche_inscriptions_scolaires_2026_PP_Mat4ans_Mat5ans_Prim_Sec-1.pdf\" type=\"application\/pdf\" style=\"width:100%;height:600px\" aria-label=\"Contenu incorpor\u00e9 CSSDN_affiche_inscriptions_scolaires_2026_PP_Mat4ans_Mat5ans_Prim_Sec.\"><\/object><a id=\"wp-block-file--media-321d04bc-fd84-418f-a853-74142f47df82\" href=\"https:\/\/cssdn.gouv.qc.ca\/saintjoseph\/wp-content\/uploads\/sites\/59\/2026\/01\/CSSDN_affiche_inscriptions_scolaires_2026_PP_Mat4ans_Mat5ans_Prim_Sec-1.pdf\">CSSDN_affiche_inscriptions_scolaires_2026_PP_Mat4ans_Mat5ans_Prim_Sec<\/a><a href=\"https:\/\/cssdn.gouv.qc.ca\/saintjoseph\/wp-content\/uploads\/sites\/59\/2026\/01\/CSSDN_affiche_inscriptions_scolaires_2026_PP_Mat4ans_Mat5ans_Prim_Sec-1.pdf\" class=\"wp-block-file__button wp-element-button\" download aria-describedby=\"wp-block-file--media-321d04bc-fd84-418f-a853-74142f47df82\">Download<\/a><\/div>\n\n\n\n<h2 class=\"wp-block-heading\">Documents requis pour l&rsquo;admission et l&rsquo;inscription<\/h2>\n\n\n\n\n<p class=\"act-lead wp-block-paragraph\">A. Documents d\u2019identit\u00e9<\/p>\n\n\n\n\n<ul class=\"wp-block-list\">\n<li><strong>Pour l\u2019enfant n\u00e9 au Canada<\/strong> : l\u2019original du certificat de naissance portant le nom des parents est exig\u00e9.<\/li>\n<\/ul>\n\n\n\n<ul class=\"wp-block-list\">\n<li><strong>Pour l\u2019\u00e9l\u00e8ve n\u00e9 \u00e0 l\u2019ext\u00e9rieur du Canada<\/strong> :\n<ul class=\"wp-block-list\">\n<li>l\u2019original des documents \u00e9mis \u00e0 son nom par Citoyennet\u00e9 et Immigration Qu\u00e9bec;<\/li>\n\n\n\n<li>le certificat de citoyennet\u00e9 canadienne, s\u2019il y a lieu;<\/li>\n\n\n\n<li>d\u2019autres documents d\u2019immigration pourraient \u00eatre exig\u00e9s.<\/li>\n<\/ul>\n<\/li>\n<\/ul>\n\n\n\n<p class=\"wp-block-paragraph\">B. Preuves de r\u00e9sidence<\/p>\n\n\n\n<p class=\"wp-block-paragraph\">Les parents qui inscrivent leur enfant pour la premi\u00e8re fois au CSSDN doivent se pr\u00e9senter \u00e0 leur \u00e9cole de quartier et attester du lieu de leur r\u00e9sidence au moyen de deux documents suivants afin de corroborer l\u2019adresse inscrite par le parent sur le formulaire d\u2019admission et d\u2019inscription.<\/p>\n\n\n\n<p class=\"wp-block-paragraph\">Deux documents sont n\u00e9cessaires \u00e0 pr\u00e9senter :<\/p>\n\n\n\n<ul class=\"wp-block-list\">\n<li>Permis de conduire du Qu\u00e9bec;<\/li>\n\n\n\n<li>Avis de cotisation de Revenu Qu\u00e9bec (RQ);<\/li>\n\n\n\n<li>Revenus d\u2019emploi (relev\u00e9 1) ou relev\u00e9 d\u2019assurance-emploi;<\/li>\n\n\n\n<li>Avis de paiement de soutien aux enfants de la R\u00e9gie des rentes du Qu\u00e9bec (RRQ);<\/li>\n\n\n\n<li>Document officiel provenant d\u2019un minist\u00e8re ou d\u2019un organisme gouvernemental.<\/li>\n\n\n\n<li>Bail;<\/li>\n\n\n\n<li>Facture ou \u00e9tat de compte (t\u00e9l\u00e9phone, \u00e9lectricit\u00e9 ou de c\u00e2blodistribution, etc.);<\/li>\n\n\n\n<li>Comptes de taxes scolaire ou municipale;<\/li>\n\n\n\n<li>Acte d\u2019achat notari\u00e9;<\/li>\n\n\n\n<li>Preuve d\u2019assurance habitation organisme gouvernemental.<\/li>\n<\/ul>\n\n\n\n<p class=\"wp-block-paragraph\">L\u2019admission et l\u2019inscription de l\u2019\u00e9l\u00e8ve ne deviennent effectives que le jour o\u00f9 l\u2019\u00e9cole re\u00e7oit l\u2019original du certificat de naissance, ou une preuve \u00e9crite du Directeur de l\u2019\u00e9tat civil attestant que les d\u00e9marches pour l\u2019obtenir ont \u00e9t\u00e9 faites, ainsi que le(s) document(s) requis prouvant la r\u00e9sidence au Qu\u00e9bec et l\u2019adresse o\u00f9 la personne r\u00e9side principalement.<\/p>\n\n\n\n<h2 class=\"wp-block-heading\">\u00c2ge d\u2019admission<\/h2>\n\n\n\n<ul class=\"wp-block-list\">\n<li>1<sup>re<\/sup>&nbsp;ann\u00e9e du primaire : 6 ans au 30 septembre<\/li>\n\n\n\n<li>Maternelle 5 ans : 5 ans au 30 septembre<\/li>\n<\/ul>\n\n\n\n<div class=\"act-collapsible\">\n<h2 class=\"wp-block-heading act-collapsible__heading\">Pr\u00e9scolaire (maternelle 5 ans)<\/h2>\n\n\n\n<div class=\"act-collapsible__content\"><div class=\"act-collapsible__content-inner\">\n<p class=\"wp-block-paragraph\"><strong>Documents pour l&rsquo;inscription<\/strong><\/p>\n\n\n\n<p class=\"wp-block-paragraph\">Les inscriptions pour 2026-2027 se font maintenant en ligne, du 2 au 13 f\u00e9vrier 2026<\/p>\n\n\n\n<ul class=\"wp-block-list\">\n<li><a href=\"https:\/\/cssdn.gouv.qc.ca\/saintjoseph\/wp-content\/uploads\/sites\/59\/2025\/01\/A09-Fiche_renseignements-prescolaire.pdf\">Fiche de renseignements<\/a><\/li>\n<\/ul>\n<\/div><\/div>\n<\/div>\n\n\n\n<div class=\"act-collapsible\">\n<h2 class=\"wp-block-heading act-collapsible__heading\">Primaire &#8211; 1<sup>re<\/sup> \u00e0 6<sup>e<\/sup> ann\u00e9e<\/h2>\n\n\n\n<div class=\"act-collapsible__content\"><div class=\"act-collapsible__content-inner\">\n<p class=\"wp-block-paragraph\">Les inscriptions pour 2026-2027 se font maintenant en ligne, du 2 au 13 f\u00e9vrier 2026<\/p>\n\n\n\n<p class=\"wp-block-paragraph\"><strong>Documents pour l&rsquo;inscription<\/strong><\/p>\n\n\n\n<ul class=\"wp-block-list\">\n<li><a href=\"https:\/\/cssdn.gouv.qc.ca\/saintjoseph\/wp-content\/uploads\/sites\/59\/2023\/01\/Consentement-a-la-communication.doc\">Demande de dossier scolaire d&rsquo;un autre centre des services scolaires<\/a><\/li>\n<\/ul>\n<\/div><\/div>\n<\/div>\n\n\n\n<div class=\"act-collapsible\">\n<h2 class=\"wp-block-heading act-collapsible__heading\">Programmes Arts, Langues et Sports (PALS)<\/h2>\n\n\n\n<div class=\"act-collapsible__content\"><div class=\"act-collapsible__content-inner\">\n<p class=\"wp-block-paragraph\"><mark class=\"has-inline-color has-tertiary-color\"><strong>Les PALS primaire d\u00e9m\u00e9nageront \u00e0 l&rsquo;\u00c9cole Sainte-Marie<strong> \u00e0 partir de l&rsquo;ann\u00e9e scolaire 2026-2027<\/strong><\/strong>.<\/mark><\/p>\n\n\n\n<p class=\"wp-block-paragraph\"><\/p>\n\n\n\n<p class=\"wp-block-paragraph\"><strong>D\u00e9couvrir toutes les disciplines offertes aux PALS<\/strong><\/p>\n\n\n\n<ul class=\"wp-block-list\">\n<li><a href=\"https:\/\/cssdn.gouv.qc.ca\/saintjoseph\/concentrations-artistiques\/\">Concentrations artistique<\/a><a href=\"https:\/\/cssdn.gouv.qc.ca\/saintjoseph\/concentrations-artistiques\/\" target=\"_blank\" rel=\"noreferrer noopener\">s<\/a><\/li>\n\n\n\n<li><a href=\"https:\/\/cssdn.gouv.qc.ca\/saintjoseph\/concentrations-linguistiques\/\">Concentrations linguistiques<\/a><\/li>\n\n\n\n<li><a href=\"https:\/\/cssdn.gouv.qc.ca\/saintjoseph\/concentrations-sportives\/\">Concentrations sportives<\/a><\/li>\n<\/ul>\n\n\n\n<h2 class=\"wp-block-heading\">Inscription pour l\u2019ann\u00e9e 2026-2027 au primaire<\/h2>\n\n\n\n<figure class=\"wp-block-image size-large\"><img decoding=\"async\" width=\"724\" height=\"1024\" data-src=\"https:\/\/cssdn.gouv.qc.ca\/saintjoseph\/wp-content\/uploads\/sites\/59\/2025\/08\/Affiche-septembre-2025-1-724x1024.png\" alt=\"\" class=\"wp-image-1264 lazyload\" data-srcset=\"https:\/\/cssdn.gouv.qc.ca\/saintjoseph\/wp-content\/uploads\/sites\/59\/2025\/08\/Affiche-septembre-2025-1-724x1024.png 724w, https:\/\/cssdn.gouv.qc.ca\/saintjoseph\/wp-content\/uploads\/sites\/59\/2025\/08\/Affiche-septembre-2025-1-212x300.png 212w, https:\/\/cssdn.gouv.qc.ca\/saintjoseph\/wp-content\/uploads\/sites\/59\/2025\/08\/Affiche-septembre-2025-1-768x1086.png 768w, https:\/\/cssdn.gouv.qc.ca\/saintjoseph\/wp-content\/uploads\/sites\/59\/2025\/08\/Affiche-septembre-2025-1-1086x1536.png 1086w, https:\/\/cssdn.gouv.qc.ca\/saintjoseph\/wp-content\/uploads\/sites\/59\/2025\/08\/Affiche-septembre-2025-1-1448x2048.png 1448w, https:\/\/cssdn.gouv.qc.ca\/saintjoseph\/wp-content\/uploads\/sites\/59\/2025\/08\/Affiche-septembre-2025-1.png 1587w\" data-sizes=\"(max-width: 724px) 100vw, 724px\" src=\"data:image\/svg+xml;base64,PHN2ZyB3aWR0aD0iMSIgaGVpZ2h0PSIxIiB4bWxucz0iaHR0cDovL3d3dy53My5vcmcvMjAwMC9zdmciPjwvc3ZnPg==\" style=\"--smush-placeholder-width: 724px; --smush-placeholder-aspect-ratio: 724\/1024;\" \/><\/figure>\n\n\n\n<p class=\"wp-block-paragraph\"><strong>Demande d&rsquo;admission aux PALS 2026-2027<\/strong><\/p>\n\n\n\n<ul class=\"wp-block-list\">\n<li>1<sup>er<\/sup> tour : 26 septembre au 31 octobre 2025.<\/li>\n\n\n\n<li>2<sup>e<\/sup> tour : 15 janvier au 15 mars 2026. <\/li>\n\n\n\n<li>Il n&rsquo;est malheureusement plus possible de faire de demande pour l&rsquo;ann\u00e9e scolaire 2026-2027.<\/li>\n<\/ul>\n\n\n\n<p class=\"wp-block-paragraph\"><a href=\"https:\/\/forms.office.com\/r\/WtKPjkHYP1\"><strong>Demande de changement de discipline pour 2026-2027<\/strong><\/a><\/p>\n\n\n\n<p class=\"wp-block-paragraph\"><strong>Crit\u00e8res d\u2019admission au primaire&nbsp;<\/strong><\/p>\n\n\n\n<ul class=\"wp-block-list\">\n<li>Les parents doivent remplir le formulaire de demande d\u2019admission (Google formulaire) avec le dernier bulletin de juin 2025.<\/li>\n\n\n\n<li>L\u2019\u00e9l\u00e8ve doit avoir 70 % dans toutes les comp\u00e9tences de toutes les mati\u00e8res au bulletin et \u00eatre admis dans sa discipline. L&rsquo;admission est conditionnelle au maintien du 70 % au bulletin final de juin 2026. <strong>Aucune exception !<\/strong><\/li>\n\n\n\n<li>L\u2019\u00e9l\u00e8ve doit aussi d\u00e9montrer qu\u2019il est capable de suivre un programme scolaire de fa\u00e7on acc\u00e9l\u00e9r\u00e9 et \u00eatre autonome. Il doit poss\u00e9der des attitudes positives et un comportement qui s\u2019harmonise aux r\u00e8gles de vie de l\u2019\u00e9cole.<\/li>\n\n\n\n<li>Le programme \u00e9tant contingent\u00e9 en nombre de places \u00e0 l\u2019\u00e9cole, m\u00eame si tous les crit\u00e8res sont respect\u00e9s, l\u2019\u00e9l\u00e8ve n\u2019est pas certain d\u2019avoir sa place aux PALS.<\/li>\n<\/ul>\n\n\n\n<p class=\"wp-block-paragraph\"><strong>Crit\u00e8res de r\u00e9admission primaire&nbsp;<\/strong><\/p>\n\n\n\n<ul class=\"wp-block-list\">\n<li>L&rsquo;\u00e9l\u00e8ve doit avoir rempli son formulaire d&rsquo;admission et d&rsquo;inscription 2026-2027 en f\u00e9vrier 2026 (Mozaik);<\/li>\n\n\n\n<li>L\u2019\u00e9l\u00e8ve doit avoir 70 % dans toutes les comp\u00e9tences de toutes les mati\u00e8res au bulletin et \u00eatre admis dans sa discipline;<\/li>\n\n\n\n<li><em>L&rsquo;\u00e9cole se r\u00e9serve le droit de ne pas r\u00e9admettre un \u00e9l\u00e8ve qui ne respecte pas son contrat d\u2019engagement aux PALS;<\/em><\/li>\n\n\n\n<li>L&rsquo;\u00e9l\u00e8ve est accept\u00e9 dans l&rsquo;une ou l&rsquo;autre des disciplines des PALS, <strong><em>selon leurs crit\u00e8res sp\u00e9cifiques de s\u00e9lection<\/em><\/strong><em><u>;<\/u><\/em><\/li>\n\n\n\n<li><strong><em>Les frais exig\u00e9s par l&rsquo;\u00e9cole et la discipline en 2025-2026 ont tous \u00e9t\u00e9 acquitt\u00e9s dans l&rsquo;ann\u00e9e<u>.<\/u><\/em><\/strong><\/li>\n<\/ul>\n\n\n\n<p class=\"wp-block-paragraph\"><strong>Voici nos coordonn\u00e9es pour nous joindre&nbsp;pour toutes questions :<\/strong><br>Secteur primaire :&nbsp;<a href=\"mailto:pals-primaire.admission@csnavigateurs.qc.ca\">pals-primaire.admission@cssdn.gouv.qc.ca<\/a>. T\u00e9l\u00e9phone : 418 838-8562 #62806 <br>Mme Jade Gill-Lebel, secr\u00e9taire d\u2019\u00e9cole<\/p>\n<\/div><\/div>\n<\/div>\n","protected":false},"excerpt":{"rendered":"<p>Inscription pour l\u2019ann\u00e9e 2025-2026 Inscription du 2 au 13 f\u00e9vrier 2026 Proc\u00e9dure pour une premi\u00e8re inscription \u00e0 l&rsquo;\u00e9cole : https:\/\/cssdn.gouv.qc.ca\/parents-et-eleves\/admission-et-inscription\/ Documents requis pour l&rsquo;admission et l&rsquo;inscription B. Preuves de r\u00e9sidence Les parents qui inscrivent leur enfant pour la premi\u00e8re fois au CSSDN doivent se pr\u00e9senter \u00e0 leur \u00e9cole de quartier et attester du lieu de [&hellip;]<\/p>\n","protected":false},"author":8,"featured_media":0,"parent":0,"menu_order":20,"comment_status":"closed","ping_status":"closed","template":"","meta":{"_acf_changed":false,"_crdt_document":"","inline_featured_image":false,"footnotes":""},"categories":[],"tags":[],"class_list":["post-641","page","type-page","status-publish","hentry"],"acf":[],"yoast_head":"<!-- This site is optimized with the Yoast SEO plugin v27.4 - https:\/\/yoast.com\/product\/yoast-seo-wordpress\/ -->\n<title>Inscriptions - \u00c9cole Saint-Joseph<\/title>\n<meta name=\"robots\" content=\"index, follow, max-snippet:-1, max-image-preview:large, max-video-preview:-1\" \/>\n<link rel=\"canonical\" href=\"https:\/\/cssdn.gouv.qc.ca\/saintjoseph\/inscriptions\/\" \/>\n<meta property=\"og:locale\" content=\"fr_CA\" \/>\n<meta property=\"og:type\" content=\"article\" \/>\n<meta property=\"og:title\" content=\"Inscriptions - \u00c9cole Saint-Joseph\" \/>\n<meta property=\"og:description\" content=\"Inscription pour l\u2019ann\u00e9e 2025-2026 Inscription du 2 au 13 f\u00e9vrier 2026 Proc\u00e9dure pour une premi\u00e8re inscription \u00e0 l&rsquo;\u00e9cole : https:\/\/cssdn.gouv.qc.ca\/parents-et-eleves\/admission-et-inscription\/ Documents requis pour l&rsquo;admission et l&rsquo;inscription B. Preuves de r\u00e9sidence Les parents qui inscrivent leur enfant pour la premi\u00e8re fois au CSSDN doivent se pr\u00e9senter \u00e0 leur \u00e9cole de quartier et attester du lieu de [&hellip;]\" \/>\n<meta property=\"og:url\" content=\"https:\/\/cssdn.gouv.qc.ca\/saintjoseph\/inscriptions\/\" \/>\n<meta property=\"og:site_name\" content=\"\u00c9cole Saint-Joseph\" \/>\n<meta property=\"article:publisher\" content=\"https:\/\/www.facebook.com\/cole-Saint-Joseph-1208534525882283\/\" \/>\n<meta property=\"article:modified_time\" content=\"2026-04-10T15:02:56+00:00\" \/>\n<meta name=\"twitter:card\" content=\"summary_large_image\" \/>\n<meta name=\"twitter:label1\" content=\"Estimation du temps de lecture\" \/>\n\t<meta name=\"twitter:data1\" content=\"4 minutes\" \/>\n<script type=\"application\/ld+json\" class=\"yoast-schema-graph\">{\"@context\":\"https:\\\/\\\/schema.org\",\"@graph\":[{\"@type\":\"WebPage\",\"@id\":\"https:\\\/\\\/cssdn.gouv.qc.ca\\\/saintjoseph\\\/inscriptions\\\/\",\"url\":\"https:\\\/\\\/cssdn.gouv.qc.ca\\\/saintjoseph\\\/inscriptions\\\/\",\"name\":\"Inscriptions - \u00c9cole Saint-Joseph\",\"isPartOf\":{\"@id\":\"https:\\\/\\\/cssdn.gouv.qc.ca\\\/saintjoseph\\\/#website\"},\"primaryImageOfPage\":{\"@id\":\"https:\\\/\\\/cssdn.gouv.qc.ca\\\/saintjoseph\\\/inscriptions\\\/#primaryimage\"},\"image\":{\"@id\":\"https:\\\/\\\/cssdn.gouv.qc.ca\\\/saintjoseph\\\/inscriptions\\\/#primaryimage\"},\"thumbnailUrl\":\"https:\\\/\\\/cssdn.gouv.qc.ca\\\/wp-content\\\/uploads\\\/2022\\\/08\\\/Seawire-Hero-06.jpg\",\"datePublished\":\"2023-01-13T19:35:52+00:00\",\"dateModified\":\"2026-04-10T15:02:56+00:00\",\"breadcrumb\":{\"@id\":\"https:\\\/\\\/cssdn.gouv.qc.ca\\\/saintjoseph\\\/inscriptions\\\/#breadcrumb\"},\"inLanguage\":\"fr-CA\",\"potentialAction\":[{\"@type\":\"ReadAction\",\"target\":[\"https:\\\/\\\/cssdn.gouv.qc.ca\\\/saintjoseph\\\/inscriptions\\\/\"]}]},{\"@type\":\"ImageObject\",\"inLanguage\":\"fr-CA\",\"@id\":\"https:\\\/\\\/cssdn.gouv.qc.ca\\\/saintjoseph\\\/inscriptions\\\/#primaryimage\",\"url\":\"https:\\\/\\\/cssdn.gouv.qc.ca\\\/wp-content\\\/uploads\\\/2022\\\/08\\\/Seawire-Hero-06.jpg\",\"contentUrl\":\"https:\\\/\\\/cssdn.gouv.qc.ca\\\/wp-content\\\/uploads\\\/2022\\\/08\\\/Seawire-Hero-06.jpg\"},{\"@type\":\"BreadcrumbList\",\"@id\":\"https:\\\/\\\/cssdn.gouv.qc.ca\\\/saintjoseph\\\/inscriptions\\\/#breadcrumb\",\"itemListElement\":[{\"@type\":\"ListItem\",\"position\":1,\"name\":\"Accueil\",\"item\":\"https:\\\/\\\/cssdn.gouv.qc.ca\\\/saintjoseph\\\/\"},{\"@type\":\"ListItem\",\"position\":2,\"name\":\"Inscriptions\"}]},{\"@type\":\"WebSite\",\"@id\":\"https:\\\/\\\/cssdn.gouv.qc.ca\\\/saintjoseph\\\/#website\",\"url\":\"https:\\\/\\\/cssdn.gouv.qc.ca\\\/saintjoseph\\\/\",\"name\":\"\u00c9cole Saint-Joseph\",\"description\":\"Un site des centres de services scolaires des Navigateurs\",\"publisher\":{\"@id\":\"https:\\\/\\\/cssdn.gouv.qc.ca\\\/saintjoseph\\\/#organization\"},\"potentialAction\":[{\"@type\":\"SearchAction\",\"target\":{\"@type\":\"EntryPoint\",\"urlTemplate\":\"https:\\\/\\\/cssdn.gouv.qc.ca\\\/saintjoseph\\\/?s={search_term_string}\"},\"query-input\":{\"@type\":\"PropertyValueSpecification\",\"valueRequired\":true,\"valueName\":\"search_term_string\"}}],\"inLanguage\":\"fr-CA\"},{\"@type\":\"Organization\",\"@id\":\"https:\\\/\\\/cssdn.gouv.qc.ca\\\/saintjoseph\\\/#organization\",\"name\":\"\u00c9cole Saint-Joseph\",\"url\":\"https:\\\/\\\/cssdn.gouv.qc.ca\\\/saintjoseph\\\/\",\"logo\":{\"@type\":\"ImageObject\",\"inLanguage\":\"fr-CA\",\"@id\":\"https:\\\/\\\/cssdn.gouv.qc.ca\\\/saintjoseph\\\/#\\\/schema\\\/logo\\\/image\\\/\",\"url\":\"https:\\\/\\\/cssdn.gouv.qc.ca\\\/saintjoseph\\\/wp-content\\\/uploads\\\/sites\\\/59\\\/2023\\\/01\\\/logo_quebec.svg\",\"contentUrl\":\"https:\\\/\\\/cssdn.gouv.qc.ca\\\/saintjoseph\\\/wp-content\\\/uploads\\\/sites\\\/59\\\/2023\\\/01\\\/logo_quebec.svg\",\"width\":188,\"height\":41,\"caption\":\"\u00c9cole Saint-Joseph\"},\"image\":{\"@id\":\"https:\\\/\\\/cssdn.gouv.qc.ca\\\/saintjoseph\\\/#\\\/schema\\\/logo\\\/image\\\/\"},\"sameAs\":[\"https:\\\/\\\/www.facebook.com\\\/cole-Saint-Joseph-1208534525882283\\\/\"]}]}<\/script>\n<!-- \/ Yoast SEO plugin. -->","yoast_head_json":{"title":"Inscriptions - \u00c9cole Saint-Joseph","robots":{"index":"index","follow":"follow","max-snippet":"max-snippet:-1","max-image-preview":"max-image-preview:large","max-video-preview":"max-video-preview:-1"},"canonical":"https:\/\/cssdn.gouv.qc.ca\/saintjoseph\/inscriptions\/","og_locale":"fr_CA","og_type":"article","og_title":"Inscriptions - \u00c9cole Saint-Joseph","og_description":"Inscription pour l\u2019ann\u00e9e 2025-2026 Inscription du 2 au 13 f\u00e9vrier 2026 Proc\u00e9dure pour une premi\u00e8re inscription \u00e0 l&rsquo;\u00e9cole : https:\/\/cssdn.gouv.qc.ca\/parents-et-eleves\/admission-et-inscription\/ Documents requis pour l&rsquo;admission et l&rsquo;inscription B. Preuves de r\u00e9sidence Les parents qui inscrivent leur enfant pour la premi\u00e8re fois au CSSDN doivent se pr\u00e9senter \u00e0 leur \u00e9cole de quartier et attester du lieu de [&hellip;]","og_url":"https:\/\/cssdn.gouv.qc.ca\/saintjoseph\/inscriptions\/","og_site_name":"\u00c9cole Saint-Joseph","article_publisher":"https:\/\/www.facebook.com\/cole-Saint-Joseph-1208534525882283\/","article_modified_time":"2026-04-10T15:02:56+00:00","twitter_card":"summary_large_image","twitter_misc":{"Estimation du temps de lecture":"4 minutes"},"schema":{"@context":"https:\/\/schema.org","@graph":[{"@type":"WebPage","@id":"https:\/\/cssdn.gouv.qc.ca\/saintjoseph\/inscriptions\/","url":"https:\/\/cssdn.gouv.qc.ca\/saintjoseph\/inscriptions\/","name":"Inscriptions - \u00c9cole Saint-Joseph","isPartOf":{"@id":"https:\/\/cssdn.gouv.qc.ca\/saintjoseph\/#website"},"primaryImageOfPage":{"@id":"https:\/\/cssdn.gouv.qc.ca\/saintjoseph\/inscriptions\/#primaryimage"},"image":{"@id":"https:\/\/cssdn.gouv.qc.ca\/saintjoseph\/inscriptions\/#primaryimage"},"thumbnailUrl":"https:\/\/cssdn.gouv.qc.ca\/wp-content\/uploads\/2022\/08\/Seawire-Hero-06.jpg","datePublished":"2023-01-13T19:35:52+00:00","dateModified":"2026-04-10T15:02:56+00:00","breadcrumb":{"@id":"https:\/\/cssdn.gouv.qc.ca\/saintjoseph\/inscriptions\/#breadcrumb"},"inLanguage":"fr-CA","potentialAction":[{"@type":"ReadAction","target":["https:\/\/cssdn.gouv.qc.ca\/saintjoseph\/inscriptions\/"]}]},{"@type":"ImageObject","inLanguage":"fr-CA","@id":"https:\/\/cssdn.gouv.qc.ca\/saintjoseph\/inscriptions\/#primaryimage","url":"https:\/\/cssdn.gouv.qc.ca\/wp-content\/uploads\/2022\/08\/Seawire-Hero-06.jpg","contentUrl":"https:\/\/cssdn.gouv.qc.ca\/wp-content\/uploads\/2022\/08\/Seawire-Hero-06.jpg"},{"@type":"BreadcrumbList","@id":"https:\/\/cssdn.gouv.qc.ca\/saintjoseph\/inscriptions\/#breadcrumb","itemListElement":[{"@type":"ListItem","position":1,"name":"Accueil","item":"https:\/\/cssdn.gouv.qc.ca\/saintjoseph\/"},{"@type":"ListItem","position":2,"name":"Inscriptions"}]},{"@type":"WebSite","@id":"https:\/\/cssdn.gouv.qc.ca\/saintjoseph\/#website","url":"https:\/\/cssdn.gouv.qc.ca\/saintjoseph\/","name":"\u00c9cole Saint-Joseph","description":"Un site des centres de services scolaires des Navigateurs","publisher":{"@id":"https:\/\/cssdn.gouv.qc.ca\/saintjoseph\/#organization"},"potentialAction":[{"@type":"SearchAction","target":{"@type":"EntryPoint","urlTemplate":"https:\/\/cssdn.gouv.qc.ca\/saintjoseph\/?s={search_term_string}"},"query-input":{"@type":"PropertyValueSpecification","valueRequired":true,"valueName":"search_term_string"}}],"inLanguage":"fr-CA"},{"@type":"Organization","@id":"https:\/\/cssdn.gouv.qc.ca\/saintjoseph\/#organization","name":"\u00c9cole Saint-Joseph","url":"https:\/\/cssdn.gouv.qc.ca\/saintjoseph\/","logo":{"@type":"ImageObject","inLanguage":"fr-CA","@id":"https:\/\/cssdn.gouv.qc.ca\/saintjoseph\/#\/schema\/logo\/image\/","url":"https:\/\/cssdn.gouv.qc.ca\/saintjoseph\/wp-content\/uploads\/sites\/59\/2023\/01\/logo_quebec.svg","contentUrl":"https:\/\/cssdn.gouv.qc.ca\/saintjoseph\/wp-content\/uploads\/sites\/59\/2023\/01\/logo_quebec.svg","width":188,"height":41,"caption":"\u00c9cole Saint-Joseph"},"image":{"@id":"https:\/\/cssdn.gouv.qc.ca\/saintjoseph\/#\/schema\/logo\/image\/"},"sameAs":["https:\/\/www.facebook.com\/cole-Saint-Joseph-1208534525882283\/"]}]}},"publishpress_future_action":{"enabled":false,"date":"2026-04-25 18:30:21","action":"change-status","newStatus":"draft","terms":[],"taxonomy":"category","extraData":[]},"publishpress_future_workflow_manual_trigger":{"enabledWorkflows":[]},"_links":{"self":[{"href":"https:\/\/cssdn.gouv.qc.ca\/saintjoseph\/wp-json\/wp\/v2\/pages\/641","targetHints":{"allow":["GET"]}}],"collection":[{"href":"https:\/\/cssdn.gouv.qc.ca\/saintjoseph\/wp-json\/wp\/v2\/pages"}],"about":[{"href":"https:\/\/cssdn.gouv.qc.ca\/saintjoseph\/wp-json\/wp\/v2\/types\/page"}],"author":[{"embeddable":true,"href":"https:\/\/cssdn.gouv.qc.ca\/saintjoseph\/wp-json\/wp\/v2\/users\/8"}],"replies":[{"embeddable":true,"href":"https:\/\/cssdn.gouv.qc.ca\/saintjoseph\/wp-json\/wp\/v2\/comments?post=641"}],"version-history":[{"count":0,"href":"https:\/\/cssdn.gouv.qc.ca\/saintjoseph\/wp-json\/wp\/v2\/pages\/641\/revisions"}],"wp:attachment":[{"href":"https:\/\/cssdn.gouv.qc.ca\/saintjoseph\/wp-json\/wp\/v2\/media?parent=641"}],"wp:term":[{"taxonomy":"category","embeddable":true,"href":"https:\/\/cssdn.gouv.qc.ca\/saintjoseph\/wp-json\/wp\/v2\/categories?post=641"},{"taxonomy":"post_tag","embeddable":true,"href":"https:\/\/cssdn.gouv.qc.ca\/saintjoseph\/wp-json\/wp\/v2\/tags?post=641"}],"curies":[{"name":"wp","href":"https:\/\/api.w.org\/{rel}","templated":true}]}}