
{"id":17,"date":"2022-11-08T16:07:56","date_gmt":"2022-11-08T21:07:56","guid":{"rendered":"https:\/\/cssdn.gouv.qc.ca\/saintlouisdefrance\/vie-scolaire\/"},"modified":"2026-04-02T15:48:08","modified_gmt":"2026-04-02T19:48:08","slug":"vie-scolaire","status":"publish","type":"page","link":"https:\/\/cssdn.gouv.qc.ca\/saintlouisdefrance\/vie-scolaire\/","title":{"rendered":"Vie scolaire"},"content":{"rendered":"\n<div class=\"wp-block-cover alignfull is-light is-style-title-banner\"><img decoding=\"async\" class=\"wp-block-cover__image-background wp-image-111 lazyload\" alt=\"\" data-src=\"https:\/\/stage.cssdn.gouv.qc.ca\/wp-content\/uploads\/2022\/08\/Seawire-Hero-06.jpg\" data-object-fit=\"cover\" src=\"data:image\/svg+xml;base64,PHN2ZyB3aWR0aD0iMSIgaGVpZ2h0PSIxIiB4bWxucz0iaHR0cDovL3d3dy53My5vcmcvMjAwMC9zdmciPjwvc3ZnPg==\" \/><span aria-hidden=\"true\" class=\"wp-block-cover__background has-primary-background-color has-background-dim\"><\/span><div class=\"wp-block-cover__inner-container\"><h3 class=\"wp-block-post-title\">Vie scolaire<\/h3><\/div><\/div>\n\n\n\n<div class=\"wp-block-group alignfull has-padding-y-large has-secondary-background-color has-background\"><div class=\"yoast-breadcrumbs alignwide \"><span class=\"breadcrumbs\"><a href=\"https:\/\/cssdn.gouv.qc.ca\/saintlouisdefrance\/\" class=\"breadcrumbs__element\">Accueil<\/a> <span class=\"breadcrumbs__separator\">\n        <svg class=\"icon icon-breadcrumb__separator\"><use xlink:href=\"#icon-breadcrumb__separator\"><\/use><\/svg>\n    <\/span> <span class=\"breadcrumbs__element breadcrumbs__element-current\">Vie scolaire<\/span><\/span><\/div><\/div>\n\n\n\n<p class=\"wp-block-paragraph\">Bienvenue dans la section <em>Vie scolaire<\/em>, vous y retrouverez notre calendrier des activit\u00e9s et les \u00e9pisodes de notre Balado.<\/p>\n\n\n\n<div class=\"act-collapsible\">\n<h2 class=\"wp-block-heading act-collapsible__heading\"><strong>Calendrier des activit\u00e9s 2025-2026<\/strong><\/h2>\n\n\n\n<div class=\"act-collapsible__content\"><div class=\"act-collapsible__content-inner\">\n<p class=\"wp-block-paragraph\"><strong>Calendrier des activit\u00e9s 2025-2026<\/strong><\/p>\n\n\n\n<div class=\"wp-block-columns\">\n<div class=\"wp-block-column\" style=\"flex-basis:100%\">\n<figure class=\"wp-block-table\"><table class=\"has-fixed-layout\"><tbody><tr><td><strong>Activit\u00e9<\/strong><\/td><td><strong>Date<\/strong><\/td><\/tr><tr><td>Photographie scolaire<\/td><td>16 et 17 septembre 2025<\/td><\/tr><tr><td>Cross-country<\/td><td>18 septembre 2025 PM<\/td><\/tr><tr><td>Journ\u00e9e \u00ab&nbsp;Cheveux fous&nbsp;\u00bb<br><em>** Cr\u00e9e ta coiffure la plus folle sous la th\u00e9matique de l\u2019Halloween ou non **<\/em><\/td><td>22 octobre 2025<\/td><\/tr><tr><td>Op\u00e9ration Cam\u00e9l\u00e9on<br><em>** On s\u2019habille avec des couleurs fonc\u00e9es **<\/em><\/td><td>29 au 31 octobre 2025<\/td><\/tr><tr><td>Halloween<br><em>** On se costume toute la journ\u00e9e **<\/em><\/td><td>31 octobre 2025<\/td><\/tr><tr><td>Journ\u00e9e \u00e0 l\u2019envers<\/td><td>21 novembre 2025<\/td><\/tr><tr><td>Soir\u00e9e film<br><em><strong>**COMPL\u00c8TE \u2013 aucun billet en vente le soir m\u00eame<\/strong><\/em>**<\/td><td>4 d\u00e9cembre 2025 (Soir\u00e9e)<\/td><\/tr><tr><td>Partie de soccer Enseignants contre \u00c9l\u00e8ves<\/td><td>11 d\u00e9cembre 2025 &#8211; 12h<\/td><\/tr><tr><td>Vernissage hivernal<br><em>** Les parents sont invit\u00e9s \u00e0 venir observer les arts de nos \u00e9l\u00e8ves. **<\/em><\/td><td>16 d\u00e9cembre 2025 &#8211; 15h10 \u00e0 16h30<\/td><\/tr><tr><td>Journ\u00e9e Cocooning<\/td><td>30 d\u00e9cembre 2025<\/td><\/tr><tr><td>Journ\u00e9e Football&nbsp;<em>** Porte ton plus beau chandail de football **<\/em><\/td><td>9 f\u00e9vrier 2026<\/td><\/tr><tr><td>D\u00e9fi hockey bottine Enseignants contre \u00c9l\u00e8ves<\/td><td>Semaine du 23 f\u00e9vrier 2026<\/td><\/tr><tr><td>Disco <em>** Autorisation parentale n\u00e9cessaire pour acheter un billet **<\/em><\/td><td>13 mars 2026 (Soir\u00e9e)<\/td><\/tr><tr><td>Journ\u00e9e Cabane \u00e0 sucre<\/td><td>2 avril 2026<\/td><\/tr><tr><td>Collecte de sang<br><em>**&nbsp;<a href=\"https:\/\/www.hemaquebec.ca\/prendre-rendez-vous\">Prise de rendez-vous en ligne sur le site d\u2019H\u00e9ma-Qu\u00e9bec<\/a>&nbsp;(\u00e0 venir)**<\/em><\/td><td>23 avril 2026 (PM et soir\u00e9e)<\/td><\/tr><\/tbody><\/table><\/figure>\n<\/div>\n<\/div>\n<\/div><\/div>\n<\/div>\n\n\n\n<div class=\"act-collapsible\">\n<h2 class=\"wp-block-heading act-collapsible__heading\">Balado SLF<\/h2>\n\n\n\n<div class=\"act-collapsible__content\"><div class=\"act-collapsible__content-inner\">\n<p class=\"wp-block-paragraph\"><strong>Balado SLF<\/strong><\/p>\n\n\n\n<p class=\"wp-block-paragraph\">Cette ann\u00e9e, les \u00e9l\u00e8ves de l&rsquo;\u00e9cole vous feront d\u00e9couvrir leur milieu scolaire \u00e0 travers divers \u00e9pisodes du Balado SLF, con\u00e7u par les \u00e9l\u00e8ves. Cliquez sur les liens suivants pour les \u00e9couter.<\/p>\n\n\n\n<ul class=\"wp-block-list\">\n<li>\u00c9pisode 15 : Journ\u00e9e Cabane \u00e0 sucre, journ\u00e9e mondiale sensibilisation \u00e0 l&rsquo;autisme, retour sur la disco, Les plumes d&rsquo;exception, Crayon d&rsquo;or, d\u00e9fi du mois de mars<\/li>\n<\/ul>\n\n\n\n<div class=\"wp-block-buttons\">\n<div class=\"wp-block-button\"><a class=\"wp-block-button__link wp-element-button\" href=\"https:\/\/www.canva.com\/design\/DAHD2ezo7sM\/Qk_OHqM6c7qZfQXoxVZDVQ\/watch?utm_content=DAHD2ezo7sM&amp;utm_campaign=designshare&amp;utm_medium=link2&amp;utm_source=uniquelinks&amp;utlId=h34683e55e2\">\u00c9pisode #15<\/a><\/div>\n<\/div>\n\n\n\n<ul class=\"wp-block-list\">\n<li>\u00c9pisode 14 : Projet \u00a0\u00bbjingle\u00a0\u00bb de Mme Julie, le Crayon d&rsquo;or, retour sur la partie de hockey-bottines, disco de vendredi et tableaux d&rsquo;honneur de mars et avril<\/li>\n<\/ul>\n\n\n\n<div class=\"wp-block-buttons\">\n<div class=\"wp-block-button\"><a class=\"wp-block-button__link wp-element-button\" href=\"https:\/\/can01.safelinks.protection.outlook.com\/?url=https%3A%2F%2Fwww.canva.com%2Fdesign%2FDAHDd8pj1G8%2FggavgdwrOb9TpyoAY9wAwA%2Fwatch%3Futm_content%3DDAHDd8pj1G8%26utm_campaign%3Ddesignshare%26utm_medium%3Dlink2%26utm_source%3Duniquelinks%26utlId%3Dh749d1984a5&amp;data=05%7C02%7Clavoieb9%40cssdn.gouv.qc.ca%7C3ce87d99edea4b481e1a08de7f9bf759%7C116b0fe7428e49b58982f9c63799268d%7C0%7C0%7C639088505078374529%7CUnknown%7CTWFpbGZsb3d8eyJFbXB0eU1hcGkiOnRydWUsIlYiOiIwLjAuMDAwMCIsIlAiOiJXaW4zMiIsIkFOIjoiTWFpbCIsIldUIjoyfQ%3D%3D%7C0%7C%7C%7C&amp;sdata=I6fTyerdJLJNb3ZzW%2BaaDyELkpd%2FN2YxeCLyJyDp07Y%3D&amp;reserved=0\">\u00c9pisode #14<\/a><\/div>\n<\/div>\n\n\n\n<ul class=\"wp-block-list\">\n<li>\u00c9pisode 13 : Capsule sur le mois de l&rsquo;histoire des Noirs, entrevue d&rsquo;une \u00e9l\u00e8ve ayant jou\u00e9 avec l&rsquo;OSQ, 3 nouvelles sportives et rappel du d\u00e9fi de f\u00e9vrier<\/li>\n<\/ul>\n\n\n\n<div class=\"wp-block-buttons\">\n<div class=\"wp-block-button\"><a class=\"wp-block-button__link wp-element-button\" href=\"https:\/\/www.canva.com\/design\/DAHBHW2ytIM\/oqbYzt2I59wCQGfUJ2o8fg\/watch\">\u00c9pisode #13<\/a><\/div>\n<\/div>\n\n\n\n<ul class=\"wp-block-list\">\n<li>\u00c9pisode 12 : Activit\u00e9 Disco et D\u00e9fi hockey bottine<\/li>\n<\/ul>\n\n\n\n<div class=\"wp-block-buttons\">\n<div class=\"wp-block-button\"><a class=\"wp-block-button__link wp-element-button\" href=\"https:\/\/www.canva.com\/design\/DAHBCc1of70\/WS4X-1znTCfzKv73Hd3cqw\/watch\">\u00c9pisode #12<\/a><\/div>\n<\/div>\n\n\n\n<ul class=\"wp-block-list\">\n<li>\u00c9pisode 11 : St-Valentin, Journ\u00e9e Football, Tableau d&rsquo;honneur et Pentathlon<\/li>\n<\/ul>\n\n\n\n<div class=\"wp-block-buttons\">\n<div class=\"wp-block-button\"><a class=\"wp-block-button__link wp-element-button\" href=\"https:\/\/www.canva.com\/design\/DAG_z6UPa_A\/Wy-Ln7YvMsaLE8CT5bYKhg\/watch?utm_content=DAG_z6UPa_A&amp;utm_campaign=designshare&amp;utm_medium=link2&amp;utm_source=uniquelinks&amp;utlId=h5c23a9f04b\">\u00c9pisode #11<\/a><\/div>\n<\/div>\n\n\n\n<ul class=\"wp-block-list\">\n<li>\u00c9pisode 10 : St-Valentin, Cocooning, D\u00e9fi janvier et Pentathlon<\/li>\n<\/ul>\n\n\n\n<div class=\"wp-block-buttons\">\n<div class=\"wp-block-button\"><a class=\"wp-block-button__link wp-element-button\" href=\"https:\/\/www.canva.com\/design\/DAG_QYJpOTY\/WCz3iJVN5AYqowhFHuuJGA\/watch?utm_content=DAG_QYJpOTY&amp;utm_campaign=designshare&amp;utm_medium=link2&amp;utm_source=uniquelinks&amp;utlId=h787d515abf\">\u00c9pisode #10<\/a><\/div>\n<\/div>\n\n\n\n<ul class=\"wp-block-list\">\n<li>\u00c9pisode 9 : Projet en 6e ann\u00e9e, tableau d&rsquo;honneur, journ\u00e9e cocooning et sensibilisation au diab\u00e8te<\/li>\n<\/ul>\n\n\n\n<div class=\"wp-block-buttons\">\n<div class=\"wp-block-button\"><a class=\"wp-block-button__link wp-element-button\" href=\"https:\/\/www.canva.com\/design\/DAG7BqW0T30\/LRp5YqAXrlPdu07zN4VCsQ\/watch?utm_content=DAG7BqW0T30&amp;utm_campaign=designshare&amp;utm_medium=link2&amp;utm_source=uniquelinks&amp;utlId=h37fabb3e74\">\u00c9pisode #9<\/a><\/div>\n<\/div>\n\n\n\n<ul class=\"wp-block-list\">\n<li>\u00c9pisode 8 : Nouvelles en rafale et vernissage hivernal<\/li>\n<\/ul>\n\n\n\n<div class=\"wp-block-buttons\">\n<div class=\"wp-block-button\"><a class=\"wp-block-button__link wp-element-button\" href=\"https:\/\/www.canva.com\/design\/DAG6q5c171A\/xLIUJXesb6Q-2L4yqsHSDA\/watch?utm_content=DAG6q5c171A&amp;utm_campaign=designshare&amp;utm_medium=link2&amp;utm_source=uniquelinks&amp;utlId=hec526ee9bf\">\u00c9pisode #8<\/a><\/div>\n<\/div>\n\n\n\n<ul class=\"wp-block-list\">\n<li>\u00c9pisode 7 : Discussion sur la diff\u00e9rence, activit\u00e9s de d\u00e9cembre<\/li>\n<\/ul>\n\n\n\n<div class=\"wp-block-buttons\">\n<div class=\"wp-block-button\"><a class=\"wp-block-button__link wp-element-button\" href=\"https:\/\/www.canva.com\/design\/DAG55xGJ1Wk\/gNhZ62g7_a_bALhFsn1nEA\/watch?utm_content=DAG55xGJ1Wk&amp;utm_campaign=designshare&amp;utm_medium=link2&amp;utm_source=uniquelinks&amp;utlId=hc6ac2cad45\">\u00c9pisode #7<\/a><\/div>\n<\/div>\n\n\n\n<ul class=\"wp-block-list\">\n<li>\u00c9pisode 6 : Concours de portes, thermom\u00e8tre vestimentaire, tableau d&rsquo;honneur, rencontre de parents, journ\u00e9e th\u00e9matique et gagnant du concours de logo<\/li>\n<\/ul>\n\n\n\n<div class=\"wp-block-buttons\">\n<div class=\"wp-block-button\"><a class=\"wp-block-button__link wp-element-button\">\u00c9pisode #6<\/a><\/div>\n<\/div>\n\n\n\n<ul class=\"wp-block-list\">\n<li>\u00c9pisode 5 : Concours de logo, activit\u00e9s d&rsquo;Halloween et nouvelles du profil culture et art dramatique<\/li>\n<\/ul>\n\n\n\n<div class=\"wp-block-buttons\">\n<div class=\"wp-block-button\"><a class=\"wp-block-button__link wp-element-button\" href=\"https:\/\/www.canva.com\/design\/DAG2qMfJlcE\/TtGheruONj_CFt0V3PwjZQ\/watch?utm_content=DAG2qMfJlcE&amp;utm_campaign=designshare&amp;utm_medium=link2&amp;utm_source=uniquelinks&amp;utlId=h39264f8cce\">\u00c9pisode #5<\/a><\/div>\n<\/div>\n\n\n\n<ul class=\"wp-block-list\">\n<li>\u00c9pisode 4 : Semaine qu\u00e9b\u00e9coise du trouble d\u00e9veloppemental du langage et Halloween<\/li>\n<\/ul>\n\n\n\n<div class=\"wp-block-buttons\">\n<div class=\"wp-block-button\"><a class=\"wp-block-button__link wp-element-button\" href=\"https:\/\/www.canva.com\/design\/DAG1yaPRBQc\/k_bFTN1gDE07LqicgQbkPA\/watch?utm_content=DAG1yaPRBQc&amp;utm_campaign=designshare&amp;utm_medium=link2&amp;utm_source=uniquelinks&amp;utlId=h1f466c6fb9\">\u00c9pisode #4<\/a><\/div>\n<\/div>\n\n\n\n<ul class=\"wp-block-list\">\n<li>\u00c9pisode 3 : Portrait des directions de SLF et annonces<\/li>\n<\/ul>\n\n\n\n<div class=\"wp-block-buttons\">\n<div class=\"wp-block-button\"><a class=\"wp-block-button__link wp-element-button\" href=\"https:\/\/www.canva.com\/design\/DAG1OJTMPcM\/JZ4vIwT_-AsTPpri1qi2Mg\/watch?utm_content=DAG1OJTMPcM&amp;utm_campaign=designshare&amp;utm_medium=link2&amp;utm_source=uniquelinks&amp;utlId=h5abdb175e4\">\u00c9pisode #3<\/a><\/div>\n<\/div>\n\n\n\n<ul class=\"wp-block-list\">\n<li>\u00c9pisode 2 : Cross-country, conseil \u00e9tudiant et concours<\/li>\n<\/ul>\n\n\n\n<div class=\"wp-block-buttons\">\n<div class=\"wp-block-button\"><a class=\"wp-block-button__link wp-element-button\" href=\"https:\/\/www.canva.com\/design\/DAGz5r9Wy9w\/hY_4x1wkViw2-_VE3piySg\/watch?utm_content=DAGz5r9Wy9w&amp;utm_campaign=designshare&amp;utm_medium=link2&amp;utm_source=uniquelinks&amp;utlId=ha2c6ee419f\">\u00c9pisode #2<\/a><\/div>\n<\/div>\n\n\n\n<ul class=\"wp-block-list\">\n<li>\u00c9pisode 1 : Lancement du balado<\/li>\n<\/ul>\n\n\n\n<div class=\"wp-block-buttons\">\n<div class=\"wp-block-button\"><a class=\"wp-block-button__link wp-element-button\" href=\"https:\/\/www.canva.com\/design\/DAGysH7BzDk\/r5bXQ829R3PzcHkzQtk-6g\/watch?utm_content=DAGysH7BzDk&amp;utm_campaign=designshare&amp;utm_medium=link2&amp;utm_source=uniquelinks&amp;utlId=heb983cef3e\">\u00c9pisode #1<\/a><\/div>\n<\/div>\n<\/div><\/div>\n<\/div>\n","protected":false},"excerpt":{"rendered":"<p>Bienvenue dans la section Vie scolaire, vous y retrouverez notre calendrier des activit\u00e9s et les \u00e9pisodes de notre Balado.<\/p>\n","protected":false},"author":1,"featured_media":0,"parent":0,"menu_order":50,"comment_status":"closed","ping_status":"closed","template":"","meta":{"_acf_changed":false,"_crdt_document":"","inline_featured_image":false,"footnotes":""},"categories":[],"tags":[],"class_list":["post-17","page","type-page","status-publish","hentry"],"acf":[],"yoast_head":"<!-- This site is optimized with the Yoast SEO plugin v27.3 - https:\/\/yoast.com\/product\/yoast-seo-wordpress\/ -->\n<title>Vie scolaire - \u00c9cole Saint-Louis-de-France<\/title>\n<meta name=\"robots\" content=\"index, follow, max-snippet:-1, max-image-preview:large, max-video-preview:-1\" \/>\n<link rel=\"canonical\" href=\"https:\/\/cssdn.gouv.qc.ca\/saintlouisdefrance\/vie-scolaire\/\" \/>\n<meta property=\"og:locale\" content=\"fr_CA\" \/>\n<meta property=\"og:type\" content=\"article\" \/>\n<meta property=\"og:title\" content=\"Vie scolaire - \u00c9cole Saint-Louis-de-France\" \/>\n<meta property=\"og:description\" content=\"Bienvenue dans la section Vie scolaire, vous y retrouverez notre calendrier des activit\u00e9s et les \u00e9pisodes de notre Balado.\" \/>\n<meta property=\"og:url\" content=\"https:\/\/cssdn.gouv.qc.ca\/saintlouisdefrance\/vie-scolaire\/\" \/>\n<meta property=\"og:site_name\" content=\"\u00c9cole Saint-Louis-de-France\" \/>\n<meta property=\"article:publisher\" content=\"https:\/\/www.facebook.com\/CSSNavigateurs\/\" \/>\n<meta property=\"article:modified_time\" content=\"2026-04-02T19:48:08+00:00\" \/>\n<meta name=\"twitter:card\" content=\"summary_large_image\" \/>\n<meta name=\"twitter:label1\" content=\"Estimation du temps de lecture\" \/>\n\t<meta name=\"twitter:data1\" content=\"3 minutes\" \/>\n<script type=\"application\/ld+json\" class=\"yoast-schema-graph\">{\"@context\":\"https:\\\/\\\/schema.org\",\"@graph\":[{\"@type\":\"WebPage\",\"@id\":\"https:\\\/\\\/cssdn.gouv.qc.ca\\\/saintlouisdefrance\\\/vie-scolaire\\\/\",\"url\":\"https:\\\/\\\/cssdn.gouv.qc.ca\\\/saintlouisdefrance\\\/vie-scolaire\\\/\",\"name\":\"Vie scolaire - \u00c9cole Saint-Louis-de-France\",\"isPartOf\":{\"@id\":\"https:\\\/\\\/cssdn.gouv.qc.ca\\\/saintlouisdefrance\\\/#website\"},\"primaryImageOfPage\":{\"@id\":\"https:\\\/\\\/cssdn.gouv.qc.ca\\\/saintlouisdefrance\\\/vie-scolaire\\\/#primaryimage\"},\"image\":{\"@id\":\"https:\\\/\\\/cssdn.gouv.qc.ca\\\/saintlouisdefrance\\\/vie-scolaire\\\/#primaryimage\"},\"thumbnailUrl\":\"https:\\\/\\\/stage.cssdn.gouv.qc.ca\\\/wp-content\\\/uploads\\\/2022\\\/08\\\/Seawire-Hero-06.jpg\",\"datePublished\":\"2022-11-08T21:07:56+00:00\",\"dateModified\":\"2026-04-02T19:48:08+00:00\",\"breadcrumb\":{\"@id\":\"https:\\\/\\\/cssdn.gouv.qc.ca\\\/saintlouisdefrance\\\/vie-scolaire\\\/#breadcrumb\"},\"inLanguage\":\"fr-CA\",\"potentialAction\":[{\"@type\":\"ReadAction\",\"target\":[\"https:\\\/\\\/cssdn.gouv.qc.ca\\\/saintlouisdefrance\\\/vie-scolaire\\\/\"]}]},{\"@type\":\"ImageObject\",\"inLanguage\":\"fr-CA\",\"@id\":\"https:\\\/\\\/cssdn.gouv.qc.ca\\\/saintlouisdefrance\\\/vie-scolaire\\\/#primaryimage\",\"url\":\"https:\\\/\\\/stage.cssdn.gouv.qc.ca\\\/wp-content\\\/uploads\\\/2022\\\/08\\\/Seawire-Hero-06.jpg\",\"contentUrl\":\"https:\\\/\\\/stage.cssdn.gouv.qc.ca\\\/wp-content\\\/uploads\\\/2022\\\/08\\\/Seawire-Hero-06.jpg\"},{\"@type\":\"BreadcrumbList\",\"@id\":\"https:\\\/\\\/cssdn.gouv.qc.ca\\\/saintlouisdefrance\\\/vie-scolaire\\\/#breadcrumb\",\"itemListElement\":[{\"@type\":\"ListItem\",\"position\":1,\"name\":\"Accueil\",\"item\":\"https:\\\/\\\/cssdn.gouv.qc.ca\\\/saintlouisdefrance\\\/\"},{\"@type\":\"ListItem\",\"position\":2,\"name\":\"Vie scolaire\"}]},{\"@type\":\"WebSite\",\"@id\":\"https:\\\/\\\/cssdn.gouv.qc.ca\\\/saintlouisdefrance\\\/#website\",\"url\":\"https:\\\/\\\/cssdn.gouv.qc.ca\\\/saintlouisdefrance\\\/\",\"name\":\"\u00c9cole Saint-Louis-de-France\",\"description\":\"Un site des centres de services scolaires des Navigateurs\",\"publisher\":{\"@id\":\"https:\\\/\\\/cssdn.gouv.qc.ca\\\/saintlouisdefrance\\\/#organization\"},\"potentialAction\":[{\"@type\":\"SearchAction\",\"target\":{\"@type\":\"EntryPoint\",\"urlTemplate\":\"https:\\\/\\\/cssdn.gouv.qc.ca\\\/saintlouisdefrance\\\/?s={search_term_string}\"},\"query-input\":{\"@type\":\"PropertyValueSpecification\",\"valueRequired\":true,\"valueName\":\"search_term_string\"}}],\"inLanguage\":\"fr-CA\"},{\"@type\":\"Organization\",\"@id\":\"https:\\\/\\\/cssdn.gouv.qc.ca\\\/saintlouisdefrance\\\/#organization\",\"name\":\"\u00c9cole Saint-Louis-de-France\",\"url\":\"https:\\\/\\\/cssdn.gouv.qc.ca\\\/saintlouisdefrance\\\/\",\"logo\":{\"@type\":\"ImageObject\",\"inLanguage\":\"fr-CA\",\"@id\":\"https:\\\/\\\/cssdn.gouv.qc.ca\\\/saintlouisdefrance\\\/#\\\/schema\\\/logo\\\/image\\\/\",\"url\":\"https:\\\/\\\/cssdn.gouv.qc.ca\\\/saintlouisdefrance\\\/wp-content\\\/uploads\\\/sites\\\/60\\\/2023\\\/01\\\/logo_quebec.svg\",\"contentUrl\":\"https:\\\/\\\/cssdn.gouv.qc.ca\\\/saintlouisdefrance\\\/wp-content\\\/uploads\\\/sites\\\/60\\\/2023\\\/01\\\/logo_quebec.svg\",\"width\":188,\"height\":41,\"caption\":\"\u00c9cole Saint-Louis-de-France\"},\"image\":{\"@id\":\"https:\\\/\\\/cssdn.gouv.qc.ca\\\/saintlouisdefrance\\\/#\\\/schema\\\/logo\\\/image\\\/\"},\"sameAs\":[\"https:\\\/\\\/www.facebook.com\\\/CSSNavigateurs\\\/\"]}]}<\/script>\n<!-- \/ Yoast SEO plugin. -->","yoast_head_json":{"title":"Vie scolaire - \u00c9cole Saint-Louis-de-France","robots":{"index":"index","follow":"follow","max-snippet":"max-snippet:-1","max-image-preview":"max-image-preview:large","max-video-preview":"max-video-preview:-1"},"canonical":"https:\/\/cssdn.gouv.qc.ca\/saintlouisdefrance\/vie-scolaire\/","og_locale":"fr_CA","og_type":"article","og_title":"Vie scolaire - \u00c9cole Saint-Louis-de-France","og_description":"Bienvenue dans la section Vie scolaire, vous y retrouverez notre calendrier des activit\u00e9s et les \u00e9pisodes de notre Balado.","og_url":"https:\/\/cssdn.gouv.qc.ca\/saintlouisdefrance\/vie-scolaire\/","og_site_name":"\u00c9cole Saint-Louis-de-France","article_publisher":"https:\/\/www.facebook.com\/CSSNavigateurs\/","article_modified_time":"2026-04-02T19:48:08+00:00","twitter_card":"summary_large_image","twitter_misc":{"Estimation du temps de lecture":"3 minutes"},"schema":{"@context":"https:\/\/schema.org","@graph":[{"@type":"WebPage","@id":"https:\/\/cssdn.gouv.qc.ca\/saintlouisdefrance\/vie-scolaire\/","url":"https:\/\/cssdn.gouv.qc.ca\/saintlouisdefrance\/vie-scolaire\/","name":"Vie scolaire - \u00c9cole Saint-Louis-de-France","isPartOf":{"@id":"https:\/\/cssdn.gouv.qc.ca\/saintlouisdefrance\/#website"},"primaryImageOfPage":{"@id":"https:\/\/cssdn.gouv.qc.ca\/saintlouisdefrance\/vie-scolaire\/#primaryimage"},"image":{"@id":"https:\/\/cssdn.gouv.qc.ca\/saintlouisdefrance\/vie-scolaire\/#primaryimage"},"thumbnailUrl":"https:\/\/stage.cssdn.gouv.qc.ca\/wp-content\/uploads\/2022\/08\/Seawire-Hero-06.jpg","datePublished":"2022-11-08T21:07:56+00:00","dateModified":"2026-04-02T19:48:08+00:00","breadcrumb":{"@id":"https:\/\/cssdn.gouv.qc.ca\/saintlouisdefrance\/vie-scolaire\/#breadcrumb"},"inLanguage":"fr-CA","potentialAction":[{"@type":"ReadAction","target":["https:\/\/cssdn.gouv.qc.ca\/saintlouisdefrance\/vie-scolaire\/"]}]},{"@type":"ImageObject","inLanguage":"fr-CA","@id":"https:\/\/cssdn.gouv.qc.ca\/saintlouisdefrance\/vie-scolaire\/#primaryimage","url":"https:\/\/stage.cssdn.gouv.qc.ca\/wp-content\/uploads\/2022\/08\/Seawire-Hero-06.jpg","contentUrl":"https:\/\/stage.cssdn.gouv.qc.ca\/wp-content\/uploads\/2022\/08\/Seawire-Hero-06.jpg"},{"@type":"BreadcrumbList","@id":"https:\/\/cssdn.gouv.qc.ca\/saintlouisdefrance\/vie-scolaire\/#breadcrumb","itemListElement":[{"@type":"ListItem","position":1,"name":"Accueil","item":"https:\/\/cssdn.gouv.qc.ca\/saintlouisdefrance\/"},{"@type":"ListItem","position":2,"name":"Vie scolaire"}]},{"@type":"WebSite","@id":"https:\/\/cssdn.gouv.qc.ca\/saintlouisdefrance\/#website","url":"https:\/\/cssdn.gouv.qc.ca\/saintlouisdefrance\/","name":"\u00c9cole Saint-Louis-de-France","description":"Un site des centres de services scolaires des Navigateurs","publisher":{"@id":"https:\/\/cssdn.gouv.qc.ca\/saintlouisdefrance\/#organization"},"potentialAction":[{"@type":"SearchAction","target":{"@type":"EntryPoint","urlTemplate":"https:\/\/cssdn.gouv.qc.ca\/saintlouisdefrance\/?s={search_term_string}"},"query-input":{"@type":"PropertyValueSpecification","valueRequired":true,"valueName":"search_term_string"}}],"inLanguage":"fr-CA"},{"@type":"Organization","@id":"https:\/\/cssdn.gouv.qc.ca\/saintlouisdefrance\/#organization","name":"\u00c9cole Saint-Louis-de-France","url":"https:\/\/cssdn.gouv.qc.ca\/saintlouisdefrance\/","logo":{"@type":"ImageObject","inLanguage":"fr-CA","@id":"https:\/\/cssdn.gouv.qc.ca\/saintlouisdefrance\/#\/schema\/logo\/image\/","url":"https:\/\/cssdn.gouv.qc.ca\/saintlouisdefrance\/wp-content\/uploads\/sites\/60\/2023\/01\/logo_quebec.svg","contentUrl":"https:\/\/cssdn.gouv.qc.ca\/saintlouisdefrance\/wp-content\/uploads\/sites\/60\/2023\/01\/logo_quebec.svg","width":188,"height":41,"caption":"\u00c9cole Saint-Louis-de-France"},"image":{"@id":"https:\/\/cssdn.gouv.qc.ca\/saintlouisdefrance\/#\/schema\/logo\/image\/"},"sameAs":["https:\/\/www.facebook.com\/CSSNavigateurs\/"]}]}},"publishpress_future_action":{"enabled":false,"date":"2026-04-12 22:23:53","action":"change-status","newStatus":"draft","terms":[],"taxonomy":"category","extraData":[]},"publishpress_future_workflow_manual_trigger":{"enabledWorkflows":[]},"_links":{"self":[{"href":"https:\/\/cssdn.gouv.qc.ca\/saintlouisdefrance\/wp-json\/wp\/v2\/pages\/17","targetHints":{"allow":["GET"]}}],"collection":[{"href":"https:\/\/cssdn.gouv.qc.ca\/saintlouisdefrance\/wp-json\/wp\/v2\/pages"}],"about":[{"href":"https:\/\/cssdn.gouv.qc.ca\/saintlouisdefrance\/wp-json\/wp\/v2\/types\/page"}],"author":[{"embeddable":true,"href":"https:\/\/cssdn.gouv.qc.ca\/saintlouisdefrance\/wp-json\/wp\/v2\/users\/1"}],"replies":[{"embeddable":true,"href":"https:\/\/cssdn.gouv.qc.ca\/saintlouisdefrance\/wp-json\/wp\/v2\/comments?post=17"}],"version-history":[{"count":0,"href":"https:\/\/cssdn.gouv.qc.ca\/saintlouisdefrance\/wp-json\/wp\/v2\/pages\/17\/revisions"}],"wp:attachment":[{"href":"https:\/\/cssdn.gouv.qc.ca\/saintlouisdefrance\/wp-json\/wp\/v2\/media?parent=17"}],"wp:term":[{"taxonomy":"category","embeddable":true,"href":"https:\/\/cssdn.gouv.qc.ca\/saintlouisdefrance\/wp-json\/wp\/v2\/categories?post=17"},{"taxonomy":"post_tag","embeddable":true,"href":"https:\/\/cssdn.gouv.qc.ca\/saintlouisdefrance\/wp-json\/wp\/v2\/tags?post=17"}],"curies":[{"name":"wp","href":"https:\/\/api.w.org\/{rel}","templated":true}]}}