
{"id":290,"date":"2025-02-20T11:32:11","date_gmt":"2025-02-20T16:32:11","guid":{"rendered":"https:\/\/cssdn.gouv.qc.ca\/saintlouisdefrance\/?page_id=290"},"modified":"2026-02-11T09:21:23","modified_gmt":"2026-02-11T14:21:23","slug":"normes-et-modalites","status":"publish","type":"page","link":"https:\/\/cssdn.gouv.qc.ca\/saintlouisdefrance\/informations-aux-parents\/normes-et-modalites\/","title":{"rendered":"Normes et modalit\u00e9s"},"content":{"rendered":"\n<div class=\"wp-block-cover alignfull is-light is-style-title-banner\"><img decoding=\"async\" class=\"wp-block-cover__image-background wp-image-111 lazyload\" alt=\"\" data-src=\"https:\/\/stage.cssdn.gouv.qc.ca\/wp-content\/uploads\/2022\/08\/Seawire-Hero-06.jpg\" data-object-fit=\"cover\" src=\"data:image\/svg+xml;base64,PHN2ZyB3aWR0aD0iMSIgaGVpZ2h0PSIxIiB4bWxucz0iaHR0cDovL3d3dy53My5vcmcvMjAwMC9zdmciPjwvc3ZnPg==\" \/><span aria-hidden=\"true\" class=\"wp-block-cover__background has-background-dim\"><\/span><div class=\"wp-block-cover__inner-container\"><h3 class=\"wp-block-post-title\">Normes et modalit\u00e9s<\/h3><\/div><\/div>\n\n\n\n<div class=\"wp-block-group alignfull has-padding-y-large has-secondary-background-color has-background\"><div class=\"yoast-breadcrumbs alignwide \"><span class=\"breadcrumbs\"><a href=\"https:\/\/cssdn.gouv.qc.ca\/saintlouisdefrance\/\" class=\"breadcrumbs__element\">Accueil<\/a> <span class=\"breadcrumbs__separator\">\n        <svg class=\"icon icon-breadcrumb__separator\"><use xlink:href=\"#icon-breadcrumb__separator\"><\/use><\/svg>\n    <\/span> <a href=\"https:\/\/cssdn.gouv.qc.ca\/saintlouisdefrance\/informations-aux-parents\/\" class=\"breadcrumbs__element\">Informations aux parents<\/a> <span class=\"breadcrumbs__separator\">\n        <svg class=\"icon icon-breadcrumb__separator\"><use xlink:href=\"#icon-breadcrumb__separator\"><\/use><\/svg>\n    <\/span> <span class=\"breadcrumbs__element breadcrumbs__element-current\">Normes et modalit\u00e9s<\/span><\/span><\/div><\/div>\n\n\n\n<h1 class=\"wp-block-heading\">Normes et modalit\u00e9s<\/h1>\n\n\n\n\n<p class=\"act-lead wp-block-paragraph\">Vous pouvez consulter les diff\u00e9rents moments o\u00f9 la 1re communication et les bulletins seront disponibles. Vous retrouverez les diff\u00e9rents moyens utilis\u00e9s par les enseignants pour porter leur jugement sur les comp\u00e9tences \u00e9valu\u00e9es. <\/p>\n\n\n\n\n<div data-wp-interactive=\"core\/file\" class=\"wp-block-file\"><object data-wp-bind--hidden=\"!state.hasPdfPreview\" hidden class=\"wp-block-file__embed\" data=\"https:\/\/cssdn.gouv.qc.ca\/saintlouisdefrance\/wp-content\/uploads\/sites\/60\/2025\/12\/25-26-3e-annee-Normes-et-modalites.pdf\" type=\"application\/pdf\" style=\"width:100%;height:600px\" aria-label=\"Contenu incorpor\u00e9 25-26 3e ann\u00e9e Normes et modalit\u00e9s.\"><\/object><a id=\"wp-block-file--media-745173f1-73f1-4c23-96ae-7abe33eddf58\" href=\"https:\/\/cssdn.gouv.qc.ca\/saintlouisdefrance\/wp-content\/uploads\/sites\/60\/2025\/12\/25-26-3e-annee-Normes-et-modalites.pdf\">25-26 3e ann\u00e9e Normes et modalit\u00e9s<\/a><a href=\"https:\/\/cssdn.gouv.qc.ca\/saintlouisdefrance\/wp-content\/uploads\/sites\/60\/2025\/12\/25-26-3e-annee-Normes-et-modalites.pdf\" class=\"wp-block-file__button wp-element-button\" download aria-describedby=\"wp-block-file--media-745173f1-73f1-4c23-96ae-7abe33eddf58\">Download<\/a><\/div>\n\n\n\n<div data-wp-interactive=\"core\/file\" class=\"wp-block-file\"><object data-wp-bind--hidden=\"!state.hasPdfPreview\" hidden class=\"wp-block-file__embed\" data=\"https:\/\/cssdn.gouv.qc.ca\/saintlouisdefrance\/wp-content\/uploads\/sites\/60\/2025\/12\/25-26-4e-annee-Normes-et-modalites.pdf\" type=\"application\/pdf\" style=\"width:100%;height:600px\" aria-label=\"Contenu incorpor\u00e9 25-26 4e ann\u00e9e Normes et modalit\u00e9s.\"><\/object><a id=\"wp-block-file--media-81a30d0f-a51e-47dc-ae18-4c56464b6210\" href=\"https:\/\/cssdn.gouv.qc.ca\/saintlouisdefrance\/wp-content\/uploads\/sites\/60\/2025\/12\/25-26-4e-annee-Normes-et-modalites.pdf\">25-26 4e ann\u00e9e Normes et modalit\u00e9s<\/a><a href=\"https:\/\/cssdn.gouv.qc.ca\/saintlouisdefrance\/wp-content\/uploads\/sites\/60\/2025\/12\/25-26-4e-annee-Normes-et-modalites.pdf\" class=\"wp-block-file__button wp-element-button\" download aria-describedby=\"wp-block-file--media-81a30d0f-a51e-47dc-ae18-4c56464b6210\">Download<\/a><\/div>\n\n\n\n<div data-wp-interactive=\"core\/file\" class=\"wp-block-file\"><object data-wp-bind--hidden=\"!state.hasPdfPreview\" hidden class=\"wp-block-file__embed\" data=\"https:\/\/cssdn.gouv.qc.ca\/saintlouisdefrance\/wp-content\/uploads\/sites\/60\/2025\/12\/25-26-5e-annee-Normes-et-modalites.pdf\" type=\"application\/pdf\" style=\"width:100%;height:600px\" aria-label=\"Contenu incorpor\u00e9 25-26 5e ann\u00e9e Normes et modalit\u00e9s.\"><\/object><a id=\"wp-block-file--media-f6b8b8f1-d302-47c6-8e32-03d08c709df2\" href=\"https:\/\/cssdn.gouv.qc.ca\/saintlouisdefrance\/wp-content\/uploads\/sites\/60\/2025\/12\/25-26-5e-annee-Normes-et-modalites.pdf\">25-26 5e ann\u00e9e Normes et modalit\u00e9s<\/a><a href=\"https:\/\/cssdn.gouv.qc.ca\/saintlouisdefrance\/wp-content\/uploads\/sites\/60\/2025\/12\/25-26-5e-annee-Normes-et-modalites.pdf\" class=\"wp-block-file__button wp-element-button\" download aria-describedby=\"wp-block-file--media-f6b8b8f1-d302-47c6-8e32-03d08c709df2\">Download<\/a><\/div>\n\n\n\n<div data-wp-interactive=\"core\/file\" class=\"wp-block-file\"><object data-wp-bind--hidden=\"!state.hasPdfPreview\" hidden class=\"wp-block-file__embed\" data=\"https:\/\/cssdn.gouv.qc.ca\/saintlouisdefrance\/wp-content\/uploads\/sites\/60\/2025\/12\/25-26-6e-annee-intensif-Normes-et-modalites.pdf\" type=\"application\/pdf\" style=\"width:100%;height:600px\" aria-label=\"Contenu incorpor\u00e9 25-26 6e ann\u00e9e intensif Normes et modalit\u00e9s.\"><\/object><a id=\"wp-block-file--media-b57bde86-ae79-40ef-a60d-7e80f35af4b9\" href=\"https:\/\/cssdn.gouv.qc.ca\/saintlouisdefrance\/wp-content\/uploads\/sites\/60\/2025\/12\/25-26-6e-annee-intensif-Normes-et-modalites.pdf\">25-26 6e ann\u00e9e intensif Normes et modalit\u00e9s<\/a><a href=\"https:\/\/cssdn.gouv.qc.ca\/saintlouisdefrance\/wp-content\/uploads\/sites\/60\/2025\/12\/25-26-6e-annee-intensif-Normes-et-modalites.pdf\" class=\"wp-block-file__button wp-element-button\" download aria-describedby=\"wp-block-file--media-b57bde86-ae79-40ef-a60d-7e80f35af4b9\">Download<\/a><\/div>\n\n\n\n<div data-wp-interactive=\"core\/file\" class=\"wp-block-file\"><object data-wp-bind--hidden=\"!state.hasPdfPreview\" hidden class=\"wp-block-file__embed\" data=\"https:\/\/cssdn.gouv.qc.ca\/saintlouisdefrance\/wp-content\/uploads\/sites\/60\/2025\/12\/25-26-6e-annee-profils-Normes-et-modalites.pdf\" type=\"application\/pdf\" style=\"width:100%;height:600px\" aria-label=\"Contenu incorpor\u00e9 25-26 6e ann\u00e9e profils Normes et modalit\u00e9s.\"><\/object><a id=\"wp-block-file--media-fb8483ef-8e99-4368-8aa4-595beec889c9\" href=\"https:\/\/cssdn.gouv.qc.ca\/saintlouisdefrance\/wp-content\/uploads\/sites\/60\/2025\/12\/25-26-6e-annee-profils-Normes-et-modalites.pdf\">25-26 6e ann\u00e9e profils Normes et modalit\u00e9s<\/a><a href=\"https:\/\/cssdn.gouv.qc.ca\/saintlouisdefrance\/wp-content\/uploads\/sites\/60\/2025\/12\/25-26-6e-annee-profils-Normes-et-modalites.pdf\" class=\"wp-block-file__button wp-element-button\" download aria-describedby=\"wp-block-file--media-fb8483ef-8e99-4368-8aa4-595beec889c9\">Download<\/a><\/div>\n\n\n\n<div data-wp-interactive=\"core\/file\" class=\"wp-block-file\"><object data-wp-bind--hidden=\"!state.hasPdfPreview\" hidden class=\"wp-block-file__embed\" data=\"https:\/\/cssdn.gouv.qc.ca\/saintlouisdefrance\/wp-content\/uploads\/sites\/60\/2025\/12\/25-26-Classe-langage-2e-cycle-Normes-et-modalites.pdf\" type=\"application\/pdf\" style=\"width:100%;height:600px\" aria-label=\"Contenu incorpor\u00e9 25-26 Classe langage 2e cycle Normes et modalit\u00e9s.\"><\/object><a id=\"wp-block-file--media-c25ec16d-f6cd-4b07-ab29-2f908009bcb6\" href=\"https:\/\/cssdn.gouv.qc.ca\/saintlouisdefrance\/wp-content\/uploads\/sites\/60\/2025\/12\/25-26-Classe-langage-2e-cycle-Normes-et-modalites.pdf\">25-26 Classe langage 2e cycle Normes et modalit\u00e9s<\/a><a href=\"https:\/\/cssdn.gouv.qc.ca\/saintlouisdefrance\/wp-content\/uploads\/sites\/60\/2025\/12\/25-26-Classe-langage-2e-cycle-Normes-et-modalites.pdf\" class=\"wp-block-file__button wp-element-button\" download aria-describedby=\"wp-block-file--media-c25ec16d-f6cd-4b07-ab29-2f908009bcb6\">Download<\/a><\/div>\n\n\n\n<div data-wp-interactive=\"core\/file\" class=\"wp-block-file\"><object data-wp-bind--hidden=\"!state.hasPdfPreview\" hidden class=\"wp-block-file__embed\" data=\"https:\/\/cssdn.gouv.qc.ca\/saintlouisdefrance\/wp-content\/uploads\/sites\/60\/2025\/12\/25-26-Classe-langage-3e-cycle-Normes-et-modalites.pdf\" type=\"application\/pdf\" style=\"width:100%;height:600px\" aria-label=\"Contenu incorpor\u00e9 25-26 Classe langage 3e cycle Normes et modalit\u00e9s.\"><\/object><a id=\"wp-block-file--media-d6128a6d-a467-4f93-a09a-1d2d9da37f8c\" href=\"https:\/\/cssdn.gouv.qc.ca\/saintlouisdefrance\/wp-content\/uploads\/sites\/60\/2025\/12\/25-26-Classe-langage-3e-cycle-Normes-et-modalites.pdf\">25-26 Classe langage 3e cycle Normes et modalit\u00e9s<\/a><a href=\"https:\/\/cssdn.gouv.qc.ca\/saintlouisdefrance\/wp-content\/uploads\/sites\/60\/2025\/12\/25-26-Classe-langage-3e-cycle-Normes-et-modalites.pdf\" class=\"wp-block-file__button wp-element-button\" download aria-describedby=\"wp-block-file--media-d6128a6d-a467-4f93-a09a-1d2d9da37f8c\">Download<\/a><\/div>\n","protected":false},"excerpt":{"rendered":"<p>Normes et modalit\u00e9s<\/p>\n","protected":false},"author":173,"featured_media":0,"parent":13,"menu_order":3,"comment_status":"closed","ping_status":"closed","template":"","meta":{"_acf_changed":false,"_crdt_document":"","inline_featured_image":false,"footnotes":""},"categories":[],"tags":[],"class_list":["post-290","page","type-page","status-publish","hentry"],"acf":[],"yoast_head":"<!-- This site is optimized with the Yoast SEO plugin v27.3 - https:\/\/yoast.com\/product\/yoast-seo-wordpress\/ -->\n<title>Normes et modalit\u00e9s - \u00c9cole Saint-Louis-de-France<\/title>\n<meta name=\"robots\" content=\"index, follow, max-snippet:-1, max-image-preview:large, max-video-preview:-1\" \/>\n<link rel=\"canonical\" href=\"https:\/\/cssdn.gouv.qc.ca\/saintlouisdefrance\/informations-aux-parents\/normes-et-modalites\/\" \/>\n<meta property=\"og:locale\" content=\"fr_CA\" \/>\n<meta property=\"og:type\" content=\"article\" \/>\n<meta property=\"og:title\" content=\"Normes et modalit\u00e9s - \u00c9cole Saint-Louis-de-France\" \/>\n<meta property=\"og:description\" content=\"Normes et modalit\u00e9s\" \/>\n<meta property=\"og:url\" content=\"https:\/\/cssdn.gouv.qc.ca\/saintlouisdefrance\/informations-aux-parents\/normes-et-modalites\/\" \/>\n<meta property=\"og:site_name\" content=\"\u00c9cole Saint-Louis-de-France\" \/>\n<meta property=\"article:publisher\" content=\"https:\/\/www.facebook.com\/CSSNavigateurs\/\" \/>\n<meta property=\"article:modified_time\" content=\"2026-02-11T14:21:23+00:00\" \/>\n<meta name=\"twitter:card\" content=\"summary_large_image\" \/>\n<meta name=\"twitter:label1\" content=\"Estimation du temps de lecture\" \/>\n\t<meta name=\"twitter:data1\" content=\"1 minute\" \/>\n<script type=\"application\/ld+json\" class=\"yoast-schema-graph\">{\"@context\":\"https:\\\/\\\/schema.org\",\"@graph\":[{\"@type\":\"WebPage\",\"@id\":\"https:\\\/\\\/cssdn.gouv.qc.ca\\\/saintlouisdefrance\\\/informations-aux-parents\\\/normes-et-modalites\\\/\",\"url\":\"https:\\\/\\\/cssdn.gouv.qc.ca\\\/saintlouisdefrance\\\/informations-aux-parents\\\/normes-et-modalites\\\/\",\"name\":\"Normes et modalit\u00e9s - \u00c9cole Saint-Louis-de-France\",\"isPartOf\":{\"@id\":\"https:\\\/\\\/cssdn.gouv.qc.ca\\\/saintlouisdefrance\\\/#website\"},\"primaryImageOfPage\":{\"@id\":\"https:\\\/\\\/cssdn.gouv.qc.ca\\\/saintlouisdefrance\\\/informations-aux-parents\\\/normes-et-modalites\\\/#primaryimage\"},\"image\":{\"@id\":\"https:\\\/\\\/cssdn.gouv.qc.ca\\\/saintlouisdefrance\\\/informations-aux-parents\\\/normes-et-modalites\\\/#primaryimage\"},\"thumbnailUrl\":\"https:\\\/\\\/stage.cssdn.gouv.qc.ca\\\/wp-content\\\/uploads\\\/2022\\\/08\\\/Seawire-Hero-06.jpg\",\"datePublished\":\"2025-02-20T16:32:11+00:00\",\"dateModified\":\"2026-02-11T14:21:23+00:00\",\"breadcrumb\":{\"@id\":\"https:\\\/\\\/cssdn.gouv.qc.ca\\\/saintlouisdefrance\\\/informations-aux-parents\\\/normes-et-modalites\\\/#breadcrumb\"},\"inLanguage\":\"fr-CA\",\"potentialAction\":[{\"@type\":\"ReadAction\",\"target\":[\"https:\\\/\\\/cssdn.gouv.qc.ca\\\/saintlouisdefrance\\\/informations-aux-parents\\\/normes-et-modalites\\\/\"]}]},{\"@type\":\"ImageObject\",\"inLanguage\":\"fr-CA\",\"@id\":\"https:\\\/\\\/cssdn.gouv.qc.ca\\\/saintlouisdefrance\\\/informations-aux-parents\\\/normes-et-modalites\\\/#primaryimage\",\"url\":\"https:\\\/\\\/stage.cssdn.gouv.qc.ca\\\/wp-content\\\/uploads\\\/2022\\\/08\\\/Seawire-Hero-06.jpg\",\"contentUrl\":\"https:\\\/\\\/stage.cssdn.gouv.qc.ca\\\/wp-content\\\/uploads\\\/2022\\\/08\\\/Seawire-Hero-06.jpg\"},{\"@type\":\"BreadcrumbList\",\"@id\":\"https:\\\/\\\/cssdn.gouv.qc.ca\\\/saintlouisdefrance\\\/informations-aux-parents\\\/normes-et-modalites\\\/#breadcrumb\",\"itemListElement\":[{\"@type\":\"ListItem\",\"position\":1,\"name\":\"Accueil\",\"item\":\"https:\\\/\\\/cssdn.gouv.qc.ca\\\/saintlouisdefrance\\\/\"},{\"@type\":\"ListItem\",\"position\":2,\"name\":\"Informations aux parents\",\"item\":\"https:\\\/\\\/cssdn.gouv.qc.ca\\\/saintlouisdefrance\\\/informations-aux-parents\\\/\"},{\"@type\":\"ListItem\",\"position\":3,\"name\":\"Normes et modalit\u00e9s\"}]},{\"@type\":\"WebSite\",\"@id\":\"https:\\\/\\\/cssdn.gouv.qc.ca\\\/saintlouisdefrance\\\/#website\",\"url\":\"https:\\\/\\\/cssdn.gouv.qc.ca\\\/saintlouisdefrance\\\/\",\"name\":\"\u00c9cole Saint-Louis-de-France\",\"description\":\"Un site des centres de services scolaires des Navigateurs\",\"publisher\":{\"@id\":\"https:\\\/\\\/cssdn.gouv.qc.ca\\\/saintlouisdefrance\\\/#organization\"},\"potentialAction\":[{\"@type\":\"SearchAction\",\"target\":{\"@type\":\"EntryPoint\",\"urlTemplate\":\"https:\\\/\\\/cssdn.gouv.qc.ca\\\/saintlouisdefrance\\\/?s={search_term_string}\"},\"query-input\":{\"@type\":\"PropertyValueSpecification\",\"valueRequired\":true,\"valueName\":\"search_term_string\"}}],\"inLanguage\":\"fr-CA\"},{\"@type\":\"Organization\",\"@id\":\"https:\\\/\\\/cssdn.gouv.qc.ca\\\/saintlouisdefrance\\\/#organization\",\"name\":\"\u00c9cole Saint-Louis-de-France\",\"url\":\"https:\\\/\\\/cssdn.gouv.qc.ca\\\/saintlouisdefrance\\\/\",\"logo\":{\"@type\":\"ImageObject\",\"inLanguage\":\"fr-CA\",\"@id\":\"https:\\\/\\\/cssdn.gouv.qc.ca\\\/saintlouisdefrance\\\/#\\\/schema\\\/logo\\\/image\\\/\",\"url\":\"https:\\\/\\\/cssdn.gouv.qc.ca\\\/saintlouisdefrance\\\/wp-content\\\/uploads\\\/sites\\\/60\\\/2023\\\/01\\\/logo_quebec.svg\",\"contentUrl\":\"https:\\\/\\\/cssdn.gouv.qc.ca\\\/saintlouisdefrance\\\/wp-content\\\/uploads\\\/sites\\\/60\\\/2023\\\/01\\\/logo_quebec.svg\",\"width\":188,\"height\":41,\"caption\":\"\u00c9cole Saint-Louis-de-France\"},\"image\":{\"@id\":\"https:\\\/\\\/cssdn.gouv.qc.ca\\\/saintlouisdefrance\\\/#\\\/schema\\\/logo\\\/image\\\/\"},\"sameAs\":[\"https:\\\/\\\/www.facebook.com\\\/CSSNavigateurs\\\/\"]}]}<\/script>\n<!-- \/ Yoast SEO plugin. -->","yoast_head_json":{"title":"Normes et modalit\u00e9s - \u00c9cole Saint-Louis-de-France","robots":{"index":"index","follow":"follow","max-snippet":"max-snippet:-1","max-image-preview":"max-image-preview:large","max-video-preview":"max-video-preview:-1"},"canonical":"https:\/\/cssdn.gouv.qc.ca\/saintlouisdefrance\/informations-aux-parents\/normes-et-modalites\/","og_locale":"fr_CA","og_type":"article","og_title":"Normes et modalit\u00e9s - \u00c9cole Saint-Louis-de-France","og_description":"Normes et modalit\u00e9s","og_url":"https:\/\/cssdn.gouv.qc.ca\/saintlouisdefrance\/informations-aux-parents\/normes-et-modalites\/","og_site_name":"\u00c9cole Saint-Louis-de-France","article_publisher":"https:\/\/www.facebook.com\/CSSNavigateurs\/","article_modified_time":"2026-02-11T14:21:23+00:00","twitter_card":"summary_large_image","twitter_misc":{"Estimation du temps de lecture":"1 minute"},"schema":{"@context":"https:\/\/schema.org","@graph":[{"@type":"WebPage","@id":"https:\/\/cssdn.gouv.qc.ca\/saintlouisdefrance\/informations-aux-parents\/normes-et-modalites\/","url":"https:\/\/cssdn.gouv.qc.ca\/saintlouisdefrance\/informations-aux-parents\/normes-et-modalites\/","name":"Normes et modalit\u00e9s - \u00c9cole Saint-Louis-de-France","isPartOf":{"@id":"https:\/\/cssdn.gouv.qc.ca\/saintlouisdefrance\/#website"},"primaryImageOfPage":{"@id":"https:\/\/cssdn.gouv.qc.ca\/saintlouisdefrance\/informations-aux-parents\/normes-et-modalites\/#primaryimage"},"image":{"@id":"https:\/\/cssdn.gouv.qc.ca\/saintlouisdefrance\/informations-aux-parents\/normes-et-modalites\/#primaryimage"},"thumbnailUrl":"https:\/\/stage.cssdn.gouv.qc.ca\/wp-content\/uploads\/2022\/08\/Seawire-Hero-06.jpg","datePublished":"2025-02-20T16:32:11+00:00","dateModified":"2026-02-11T14:21:23+00:00","breadcrumb":{"@id":"https:\/\/cssdn.gouv.qc.ca\/saintlouisdefrance\/informations-aux-parents\/normes-et-modalites\/#breadcrumb"},"inLanguage":"fr-CA","potentialAction":[{"@type":"ReadAction","target":["https:\/\/cssdn.gouv.qc.ca\/saintlouisdefrance\/informations-aux-parents\/normes-et-modalites\/"]}]},{"@type":"ImageObject","inLanguage":"fr-CA","@id":"https:\/\/cssdn.gouv.qc.ca\/saintlouisdefrance\/informations-aux-parents\/normes-et-modalites\/#primaryimage","url":"https:\/\/stage.cssdn.gouv.qc.ca\/wp-content\/uploads\/2022\/08\/Seawire-Hero-06.jpg","contentUrl":"https:\/\/stage.cssdn.gouv.qc.ca\/wp-content\/uploads\/2022\/08\/Seawire-Hero-06.jpg"},{"@type":"BreadcrumbList","@id":"https:\/\/cssdn.gouv.qc.ca\/saintlouisdefrance\/informations-aux-parents\/normes-et-modalites\/#breadcrumb","itemListElement":[{"@type":"ListItem","position":1,"name":"Accueil","item":"https:\/\/cssdn.gouv.qc.ca\/saintlouisdefrance\/"},{"@type":"ListItem","position":2,"name":"Informations aux parents","item":"https:\/\/cssdn.gouv.qc.ca\/saintlouisdefrance\/informations-aux-parents\/"},{"@type":"ListItem","position":3,"name":"Normes et modalit\u00e9s"}]},{"@type":"WebSite","@id":"https:\/\/cssdn.gouv.qc.ca\/saintlouisdefrance\/#website","url":"https:\/\/cssdn.gouv.qc.ca\/saintlouisdefrance\/","name":"\u00c9cole Saint-Louis-de-France","description":"Un site des centres de services scolaires des Navigateurs","publisher":{"@id":"https:\/\/cssdn.gouv.qc.ca\/saintlouisdefrance\/#organization"},"potentialAction":[{"@type":"SearchAction","target":{"@type":"EntryPoint","urlTemplate":"https:\/\/cssdn.gouv.qc.ca\/saintlouisdefrance\/?s={search_term_string}"},"query-input":{"@type":"PropertyValueSpecification","valueRequired":true,"valueName":"search_term_string"}}],"inLanguage":"fr-CA"},{"@type":"Organization","@id":"https:\/\/cssdn.gouv.qc.ca\/saintlouisdefrance\/#organization","name":"\u00c9cole Saint-Louis-de-France","url":"https:\/\/cssdn.gouv.qc.ca\/saintlouisdefrance\/","logo":{"@type":"ImageObject","inLanguage":"fr-CA","@id":"https:\/\/cssdn.gouv.qc.ca\/saintlouisdefrance\/#\/schema\/logo\/image\/","url":"https:\/\/cssdn.gouv.qc.ca\/saintlouisdefrance\/wp-content\/uploads\/sites\/60\/2023\/01\/logo_quebec.svg","contentUrl":"https:\/\/cssdn.gouv.qc.ca\/saintlouisdefrance\/wp-content\/uploads\/sites\/60\/2023\/01\/logo_quebec.svg","width":188,"height":41,"caption":"\u00c9cole Saint-Louis-de-France"},"image":{"@id":"https:\/\/cssdn.gouv.qc.ca\/saintlouisdefrance\/#\/schema\/logo\/image\/"},"sameAs":["https:\/\/www.facebook.com\/CSSNavigateurs\/"]}]}},"publishpress_future_action":{"enabled":false,"date":"2026-04-12 04:33:54","action":"change-status","newStatus":"draft","terms":[],"taxonomy":"category","extraData":[]},"publishpress_future_workflow_manual_trigger":{"enabledWorkflows":[]},"_links":{"self":[{"href":"https:\/\/cssdn.gouv.qc.ca\/saintlouisdefrance\/wp-json\/wp\/v2\/pages\/290","targetHints":{"allow":["GET"]}}],"collection":[{"href":"https:\/\/cssdn.gouv.qc.ca\/saintlouisdefrance\/wp-json\/wp\/v2\/pages"}],"about":[{"href":"https:\/\/cssdn.gouv.qc.ca\/saintlouisdefrance\/wp-json\/wp\/v2\/types\/page"}],"author":[{"embeddable":true,"href":"https:\/\/cssdn.gouv.qc.ca\/saintlouisdefrance\/wp-json\/wp\/v2\/users\/173"}],"replies":[{"embeddable":true,"href":"https:\/\/cssdn.gouv.qc.ca\/saintlouisdefrance\/wp-json\/wp\/v2\/comments?post=290"}],"version-history":[{"count":0,"href":"https:\/\/cssdn.gouv.qc.ca\/saintlouisdefrance\/wp-json\/wp\/v2\/pages\/290\/revisions"}],"up":[{"embeddable":true,"href":"https:\/\/cssdn.gouv.qc.ca\/saintlouisdefrance\/wp-json\/wp\/v2\/pages\/13"}],"wp:attachment":[{"href":"https:\/\/cssdn.gouv.qc.ca\/saintlouisdefrance\/wp-json\/wp\/v2\/media?parent=290"}],"wp:term":[{"taxonomy":"category","embeddable":true,"href":"https:\/\/cssdn.gouv.qc.ca\/saintlouisdefrance\/wp-json\/wp\/v2\/categories?post=290"},{"taxonomy":"post_tag","embeddable":true,"href":"https:\/\/cssdn.gouv.qc.ca\/saintlouisdefrance\/wp-json\/wp\/v2\/tags?post=290"}],"curies":[{"name":"wp","href":"https:\/\/api.w.org\/{rel}","templated":true}]}}