
{"id":8,"date":"2022-11-08T16:07:54","date_gmt":"2022-11-08T21:07:54","guid":{"rendered":"https:\/\/cssdn.gouv.qc.ca\/saintlouisdefrance\/a-propos\/horaire-et-calendrier\/"},"modified":"2025-10-14T12:50:49","modified_gmt":"2025-10-14T16:50:49","slug":"horaire-et-calendrier","status":"publish","type":"page","link":"https:\/\/cssdn.gouv.qc.ca\/saintlouisdefrance\/a-propos\/horaire-et-calendrier\/","title":{"rendered":"Horaire et calendrier"},"content":{"rendered":"\n<div class=\"wp-block-cover alignfull is-light is-style-title-banner\"><img decoding=\"async\" class=\"wp-block-cover__image-background wp-image-111 lazyload\" alt=\"\" data-src=\"https:\/\/stage.cssdn.gouv.qc.ca\/wp-content\/uploads\/2022\/08\/Seawire-Hero-06.jpg\" data-object-fit=\"cover\" src=\"data:image\/svg+xml;base64,PHN2ZyB3aWR0aD0iMSIgaGVpZ2h0PSIxIiB4bWxucz0iaHR0cDovL3d3dy53My5vcmcvMjAwMC9zdmciPjwvc3ZnPg==\" \/><span aria-hidden=\"true\" class=\"wp-block-cover__background has-primary-background-color has-background-dim\"><\/span><div class=\"wp-block-cover__inner-container\"><h3 class=\"wp-block-post-title\">Horaire et calendrier<\/h3><\/div><\/div>\n\n\n\n<div class=\"wp-block-group alignfull has-padding-y-large has-secondary-background-color has-background\"><div class=\"yoast-breadcrumbs alignwide \"><span class=\"breadcrumbs\"><a href=\"https:\/\/cssdn.gouv.qc.ca\/saintlouisdefrance\/\" class=\"breadcrumbs__element\">Accueil<\/a> <span class=\"breadcrumbs__separator\">\n        <svg class=\"icon icon-breadcrumb__separator\"><use xlink:href=\"#icon-breadcrumb__separator\"><\/use><\/svg>\n    <\/span> <a href=\"https:\/\/cssdn.gouv.qc.ca\/saintlouisdefrance\/a-propos\/\" class=\"breadcrumbs__element\">\u00c0 propos<\/a> <span class=\"breadcrumbs__separator\">\n        <svg class=\"icon icon-breadcrumb__separator\"><use xlink:href=\"#icon-breadcrumb__separator\"><\/use><\/svg>\n    <\/span> <span class=\"breadcrumbs__element breadcrumbs__element-current\">Horaire et calendrier<\/span><\/span><\/div><\/div>\n\n\n\n<p class=\"wp-block-paragraph\"><strong>Horaire du secr\u00e9tariat<\/strong><\/p>\n\n\n\n<ul class=\"wp-block-list\">\n<li><strong>7h30 \u00e0 11h30<\/strong><\/li>\n<\/ul>\n\n\n\n<ul class=\"wp-block-list\">\n<li><strong>12h30\u00a0\u00e0 15h30<\/strong><\/li>\n<\/ul>\n\n\n\n<h2 class=\"wp-block-heading\">Horaire<\/h2>\n\n\n\n<p class=\"wp-block-paragraph\">Si vous devez venir chercher votre enfant plus t\u00f4t, il est pr\u00e9f\u00e9rable de respecter les heures des diff\u00e9rentes p\u00e9riodes. Sur les heures de r\u00e9cr\u00e9ation, il est difficile de communiquer avec votre enfant \u00e9tant donn\u00e9 l&rsquo;\u00e9tendue de la cour de r\u00e9cr\u00e9ation.<\/p>\n\n\n\n<p class=\"wp-block-paragraph\">Pour venir r\u00e9cup\u00e9rer votre enfant sur l&rsquo;heure du d\u00eener, veuillez utiliser la porte du service de garde, situ\u00e9e sur la rue Caroline-Lagueux.<\/p>\n\n\n\n<figure class=\"wp-block-table is-style-regular\"><table><tbody><tr><td><strong>Entr\u00e9e<\/strong><\/td><td><strong>7 h 50<\/strong><\/td><\/tr><tr><td><strong>P\u00e9riode 1<\/strong><\/td><td><strong>7 h 55&nbsp;\u00e0 8&nbsp;h 55<\/strong><\/td><\/tr><tr><td><strong>P\u00e9riode 2<\/strong><\/td><td><strong>8 h 55 \u00e0 9 h 55<\/strong><\/td><\/tr><tr><td><strong>R\u00e9cr\u00e9ation<\/strong><\/td><td><strong>9 h 55 \u00e0 10 h 15<\/strong><\/td><\/tr><tr><td><strong>P\u00e9riode 3<\/strong><\/td><td><strong>10 h 20&nbsp;\u00e0 11 h 20<\/strong><\/td><\/tr><tr><td><strong>D\u00eener<\/strong><\/td><td><strong>11 h 20&nbsp;\u00e0 12 h 40<\/strong><\/td><\/tr><tr><td><strong>P\u00e9riode 4<\/strong><\/td><td><strong>12 h 45&nbsp;\u00e0 13 h 45<\/strong><\/td><\/tr><tr><td><strong>R\u00e9cr\u00e9ation<\/strong><\/td><td><strong>13 h 45&nbsp;\u00e0 14 h 05<\/strong><\/td><\/tr><tr><td><strong>P\u00e9riode 5<\/strong><\/td><td><strong>14 h 10 \u00e0 15 h 10<\/strong><\/td><\/tr><\/tbody><\/table><figcaption class=\"wp-element-caption\"><br><\/figcaption><\/figure>\n\n\n\n<h2 class=\"wp-block-heading\">Horaire des \u00e9valuations minist\u00e9rielles<\/h2>\n\n\n\n<p class=\"wp-block-paragraph\">Ces \u00e9preuves se d\u00e9roulent uniquement en fin de cycle soit en 4e et 6 ann\u00e9e.<\/p>\n\n\n\n<figure class=\"wp-block-table\"><table class=\"has-fixed-layout\"><tbody><tr><td class=\"has-text-align-left\" data-align=\"left\"><strong>4e ann\u00e9e<\/strong><\/td><td class=\"has-text-align-left\" data-align=\"left\"><strong>6e ann\u00e9e<\/strong><\/td><\/tr><tr><td class=\"has-text-align-left\" data-align=\"left\">Fran\u00e7ais lecture &#8211; 3 et 4 juin<\/td><td class=\"has-text-align-left\" data-align=\"left\">Fran\u00e7ais lecture &#8211; 1er et 2 juin<\/td><\/tr><tr><td class=\"has-text-align-left\" data-align=\"left\">Fran\u00e7ais \u00e9criture &#8211; 8 au 10 juin<\/td><td class=\"has-text-align-left\" data-align=\"left\">Fran\u00e7ais \u00e9criture &#8211; 3 et 4 juin<\/td><\/tr><tr><td class=\"has-text-align-left\" data-align=\"left\"><\/td><td class=\"has-text-align-left\" data-align=\"left\">Math\u00e9matique &#8211; 9 au 11 juin<\/td><\/tr><\/tbody><\/table><\/figure>\n\n\n\n<h2 class=\"wp-block-heading\">Calendrier<\/h2>\n\n\n\n<div class=\"wp-block-buttons\">\n<div class=\"wp-block-button\"><a class=\"wp-block-button__link wp-element-button\" href=\"https:\/\/cssdn.gouv.qc.ca\/parents-et-eleves\/calendriers-scolaires\/\" target=\"_blank\" rel=\"noreferrer noopener\">Calendrier scolaire<\/a><\/div>\n<\/div>\n","protected":false},"excerpt":{"rendered":"<p>Horaire du secr\u00e9tariat Horaire Si vous devez venir chercher votre enfant plus t\u00f4t, il est pr\u00e9f\u00e9rable de respecter les heures des diff\u00e9rentes p\u00e9riodes. Sur les heures de r\u00e9cr\u00e9ation, il est difficile de communiquer avec votre enfant \u00e9tant donn\u00e9 l&rsquo;\u00e9tendue de la cour de r\u00e9cr\u00e9ation. Pour venir r\u00e9cup\u00e9rer votre enfant sur l&rsquo;heure du d\u00eener, veuillez utiliser [&hellip;]<\/p>\n","protected":false},"author":1,"featured_media":0,"parent":6,"menu_order":0,"comment_status":"closed","ping_status":"closed","template":"","meta":{"_acf_changed":false,"_crdt_document":"","inline_featured_image":false,"footnotes":""},"categories":[],"tags":[],"class_list":["post-8","page","type-page","status-publish","hentry"],"acf":[],"yoast_head":"<!-- This site is optimized with the Yoast SEO plugin v27.4 - https:\/\/yoast.com\/product\/yoast-seo-wordpress\/ -->\n<title>Horaire et calendrier - \u00c9cole Saint-Louis-de-France<\/title>\n<meta name=\"robots\" content=\"index, follow, max-snippet:-1, max-image-preview:large, max-video-preview:-1\" \/>\n<link rel=\"canonical\" href=\"https:\/\/cssdn.gouv.qc.ca\/saintlouisdefrance\/a-propos\/horaire-et-calendrier\/\" \/>\n<meta property=\"og:locale\" content=\"fr_CA\" \/>\n<meta property=\"og:type\" content=\"article\" \/>\n<meta property=\"og:title\" content=\"Horaire et calendrier - \u00c9cole Saint-Louis-de-France\" \/>\n<meta property=\"og:description\" content=\"Horaire du secr\u00e9tariat Horaire Si vous devez venir chercher votre enfant plus t\u00f4t, il est pr\u00e9f\u00e9rable de respecter les heures des diff\u00e9rentes p\u00e9riodes. Sur les heures de r\u00e9cr\u00e9ation, il est difficile de communiquer avec votre enfant \u00e9tant donn\u00e9 l&rsquo;\u00e9tendue de la cour de r\u00e9cr\u00e9ation. Pour venir r\u00e9cup\u00e9rer votre enfant sur l&rsquo;heure du d\u00eener, veuillez utiliser [&hellip;]\" \/>\n<meta property=\"og:url\" content=\"https:\/\/cssdn.gouv.qc.ca\/saintlouisdefrance\/a-propos\/horaire-et-calendrier\/\" \/>\n<meta property=\"og:site_name\" content=\"\u00c9cole Saint-Louis-de-France\" \/>\n<meta property=\"article:publisher\" content=\"https:\/\/www.facebook.com\/CSSNavigateurs\/\" \/>\n<meta property=\"article:modified_time\" content=\"2025-10-14T16:50:49+00:00\" \/>\n<meta name=\"twitter:card\" content=\"summary_large_image\" \/>\n<meta name=\"twitter:label1\" content=\"Estimation du temps de lecture\" \/>\n\t<meta name=\"twitter:data1\" content=\"2 minutes\" \/>\n<script type=\"application\/ld+json\" class=\"yoast-schema-graph\">{\"@context\":\"https:\\\/\\\/schema.org\",\"@graph\":[{\"@type\":\"WebPage\",\"@id\":\"https:\\\/\\\/cssdn.gouv.qc.ca\\\/saintlouisdefrance\\\/a-propos\\\/horaire-et-calendrier\\\/\",\"url\":\"https:\\\/\\\/cssdn.gouv.qc.ca\\\/saintlouisdefrance\\\/a-propos\\\/horaire-et-calendrier\\\/\",\"name\":\"Horaire et calendrier - \u00c9cole Saint-Louis-de-France\",\"isPartOf\":{\"@id\":\"https:\\\/\\\/cssdn.gouv.qc.ca\\\/saintlouisdefrance\\\/#website\"},\"primaryImageOfPage\":{\"@id\":\"https:\\\/\\\/cssdn.gouv.qc.ca\\\/saintlouisdefrance\\\/a-propos\\\/horaire-et-calendrier\\\/#primaryimage\"},\"image\":{\"@id\":\"https:\\\/\\\/cssdn.gouv.qc.ca\\\/saintlouisdefrance\\\/a-propos\\\/horaire-et-calendrier\\\/#primaryimage\"},\"thumbnailUrl\":\"https:\\\/\\\/stage.cssdn.gouv.qc.ca\\\/wp-content\\\/uploads\\\/2022\\\/08\\\/Seawire-Hero-06.jpg\",\"datePublished\":\"2022-11-08T21:07:54+00:00\",\"dateModified\":\"2025-10-14T16:50:49+00:00\",\"breadcrumb\":{\"@id\":\"https:\\\/\\\/cssdn.gouv.qc.ca\\\/saintlouisdefrance\\\/a-propos\\\/horaire-et-calendrier\\\/#breadcrumb\"},\"inLanguage\":\"fr-CA\",\"potentialAction\":[{\"@type\":\"ReadAction\",\"target\":[\"https:\\\/\\\/cssdn.gouv.qc.ca\\\/saintlouisdefrance\\\/a-propos\\\/horaire-et-calendrier\\\/\"]}]},{\"@type\":\"ImageObject\",\"inLanguage\":\"fr-CA\",\"@id\":\"https:\\\/\\\/cssdn.gouv.qc.ca\\\/saintlouisdefrance\\\/a-propos\\\/horaire-et-calendrier\\\/#primaryimage\",\"url\":\"https:\\\/\\\/stage.cssdn.gouv.qc.ca\\\/wp-content\\\/uploads\\\/2022\\\/08\\\/Seawire-Hero-06.jpg\",\"contentUrl\":\"https:\\\/\\\/stage.cssdn.gouv.qc.ca\\\/wp-content\\\/uploads\\\/2022\\\/08\\\/Seawire-Hero-06.jpg\"},{\"@type\":\"BreadcrumbList\",\"@id\":\"https:\\\/\\\/cssdn.gouv.qc.ca\\\/saintlouisdefrance\\\/a-propos\\\/horaire-et-calendrier\\\/#breadcrumb\",\"itemListElement\":[{\"@type\":\"ListItem\",\"position\":1,\"name\":\"Accueil\",\"item\":\"https:\\\/\\\/cssdn.gouv.qc.ca\\\/saintlouisdefrance\\\/\"},{\"@type\":\"ListItem\",\"position\":2,\"name\":\"\u00c0 propos\",\"item\":\"https:\\\/\\\/cssdn.gouv.qc.ca\\\/saintlouisdefrance\\\/a-propos\\\/\"},{\"@type\":\"ListItem\",\"position\":3,\"name\":\"Horaire et calendrier\"}]},{\"@type\":\"WebSite\",\"@id\":\"https:\\\/\\\/cssdn.gouv.qc.ca\\\/saintlouisdefrance\\\/#website\",\"url\":\"https:\\\/\\\/cssdn.gouv.qc.ca\\\/saintlouisdefrance\\\/\",\"name\":\"\u00c9cole Saint-Louis-de-France\",\"description\":\"Un site des centres de services scolaires des Navigateurs\",\"publisher\":{\"@id\":\"https:\\\/\\\/cssdn.gouv.qc.ca\\\/saintlouisdefrance\\\/#organization\"},\"potentialAction\":[{\"@type\":\"SearchAction\",\"target\":{\"@type\":\"EntryPoint\",\"urlTemplate\":\"https:\\\/\\\/cssdn.gouv.qc.ca\\\/saintlouisdefrance\\\/?s={search_term_string}\"},\"query-input\":{\"@type\":\"PropertyValueSpecification\",\"valueRequired\":true,\"valueName\":\"search_term_string\"}}],\"inLanguage\":\"fr-CA\"},{\"@type\":\"Organization\",\"@id\":\"https:\\\/\\\/cssdn.gouv.qc.ca\\\/saintlouisdefrance\\\/#organization\",\"name\":\"\u00c9cole Saint-Louis-de-France\",\"url\":\"https:\\\/\\\/cssdn.gouv.qc.ca\\\/saintlouisdefrance\\\/\",\"logo\":{\"@type\":\"ImageObject\",\"inLanguage\":\"fr-CA\",\"@id\":\"https:\\\/\\\/cssdn.gouv.qc.ca\\\/saintlouisdefrance\\\/#\\\/schema\\\/logo\\\/image\\\/\",\"url\":\"https:\\\/\\\/cssdn.gouv.qc.ca\\\/saintlouisdefrance\\\/wp-content\\\/uploads\\\/sites\\\/60\\\/2023\\\/01\\\/logo_quebec.svg\",\"contentUrl\":\"https:\\\/\\\/cssdn.gouv.qc.ca\\\/saintlouisdefrance\\\/wp-content\\\/uploads\\\/sites\\\/60\\\/2023\\\/01\\\/logo_quebec.svg\",\"width\":188,\"height\":41,\"caption\":\"\u00c9cole Saint-Louis-de-France\"},\"image\":{\"@id\":\"https:\\\/\\\/cssdn.gouv.qc.ca\\\/saintlouisdefrance\\\/#\\\/schema\\\/logo\\\/image\\\/\"},\"sameAs\":[\"https:\\\/\\\/www.facebook.com\\\/CSSNavigateurs\\\/\"]}]}<\/script>\n<!-- \/ Yoast SEO plugin. -->","yoast_head_json":{"title":"Horaire et calendrier - \u00c9cole Saint-Louis-de-France","robots":{"index":"index","follow":"follow","max-snippet":"max-snippet:-1","max-image-preview":"max-image-preview:large","max-video-preview":"max-video-preview:-1"},"canonical":"https:\/\/cssdn.gouv.qc.ca\/saintlouisdefrance\/a-propos\/horaire-et-calendrier\/","og_locale":"fr_CA","og_type":"article","og_title":"Horaire et calendrier - \u00c9cole Saint-Louis-de-France","og_description":"Horaire du secr\u00e9tariat Horaire Si vous devez venir chercher votre enfant plus t\u00f4t, il est pr\u00e9f\u00e9rable de respecter les heures des diff\u00e9rentes p\u00e9riodes. Sur les heures de r\u00e9cr\u00e9ation, il est difficile de communiquer avec votre enfant \u00e9tant donn\u00e9 l&rsquo;\u00e9tendue de la cour de r\u00e9cr\u00e9ation. Pour venir r\u00e9cup\u00e9rer votre enfant sur l&rsquo;heure du d\u00eener, veuillez utiliser [&hellip;]","og_url":"https:\/\/cssdn.gouv.qc.ca\/saintlouisdefrance\/a-propos\/horaire-et-calendrier\/","og_site_name":"\u00c9cole Saint-Louis-de-France","article_publisher":"https:\/\/www.facebook.com\/CSSNavigateurs\/","article_modified_time":"2025-10-14T16:50:49+00:00","twitter_card":"summary_large_image","twitter_misc":{"Estimation du temps de lecture":"2 minutes"},"schema":{"@context":"https:\/\/schema.org","@graph":[{"@type":"WebPage","@id":"https:\/\/cssdn.gouv.qc.ca\/saintlouisdefrance\/a-propos\/horaire-et-calendrier\/","url":"https:\/\/cssdn.gouv.qc.ca\/saintlouisdefrance\/a-propos\/horaire-et-calendrier\/","name":"Horaire et calendrier - \u00c9cole Saint-Louis-de-France","isPartOf":{"@id":"https:\/\/cssdn.gouv.qc.ca\/saintlouisdefrance\/#website"},"primaryImageOfPage":{"@id":"https:\/\/cssdn.gouv.qc.ca\/saintlouisdefrance\/a-propos\/horaire-et-calendrier\/#primaryimage"},"image":{"@id":"https:\/\/cssdn.gouv.qc.ca\/saintlouisdefrance\/a-propos\/horaire-et-calendrier\/#primaryimage"},"thumbnailUrl":"https:\/\/stage.cssdn.gouv.qc.ca\/wp-content\/uploads\/2022\/08\/Seawire-Hero-06.jpg","datePublished":"2022-11-08T21:07:54+00:00","dateModified":"2025-10-14T16:50:49+00:00","breadcrumb":{"@id":"https:\/\/cssdn.gouv.qc.ca\/saintlouisdefrance\/a-propos\/horaire-et-calendrier\/#breadcrumb"},"inLanguage":"fr-CA","potentialAction":[{"@type":"ReadAction","target":["https:\/\/cssdn.gouv.qc.ca\/saintlouisdefrance\/a-propos\/horaire-et-calendrier\/"]}]},{"@type":"ImageObject","inLanguage":"fr-CA","@id":"https:\/\/cssdn.gouv.qc.ca\/saintlouisdefrance\/a-propos\/horaire-et-calendrier\/#primaryimage","url":"https:\/\/stage.cssdn.gouv.qc.ca\/wp-content\/uploads\/2022\/08\/Seawire-Hero-06.jpg","contentUrl":"https:\/\/stage.cssdn.gouv.qc.ca\/wp-content\/uploads\/2022\/08\/Seawire-Hero-06.jpg"},{"@type":"BreadcrumbList","@id":"https:\/\/cssdn.gouv.qc.ca\/saintlouisdefrance\/a-propos\/horaire-et-calendrier\/#breadcrumb","itemListElement":[{"@type":"ListItem","position":1,"name":"Accueil","item":"https:\/\/cssdn.gouv.qc.ca\/saintlouisdefrance\/"},{"@type":"ListItem","position":2,"name":"\u00c0 propos","item":"https:\/\/cssdn.gouv.qc.ca\/saintlouisdefrance\/a-propos\/"},{"@type":"ListItem","position":3,"name":"Horaire et calendrier"}]},{"@type":"WebSite","@id":"https:\/\/cssdn.gouv.qc.ca\/saintlouisdefrance\/#website","url":"https:\/\/cssdn.gouv.qc.ca\/saintlouisdefrance\/","name":"\u00c9cole Saint-Louis-de-France","description":"Un site des centres de services scolaires des Navigateurs","publisher":{"@id":"https:\/\/cssdn.gouv.qc.ca\/saintlouisdefrance\/#organization"},"potentialAction":[{"@type":"SearchAction","target":{"@type":"EntryPoint","urlTemplate":"https:\/\/cssdn.gouv.qc.ca\/saintlouisdefrance\/?s={search_term_string}"},"query-input":{"@type":"PropertyValueSpecification","valueRequired":true,"valueName":"search_term_string"}}],"inLanguage":"fr-CA"},{"@type":"Organization","@id":"https:\/\/cssdn.gouv.qc.ca\/saintlouisdefrance\/#organization","name":"\u00c9cole Saint-Louis-de-France","url":"https:\/\/cssdn.gouv.qc.ca\/saintlouisdefrance\/","logo":{"@type":"ImageObject","inLanguage":"fr-CA","@id":"https:\/\/cssdn.gouv.qc.ca\/saintlouisdefrance\/#\/schema\/logo\/image\/","url":"https:\/\/cssdn.gouv.qc.ca\/saintlouisdefrance\/wp-content\/uploads\/sites\/60\/2023\/01\/logo_quebec.svg","contentUrl":"https:\/\/cssdn.gouv.qc.ca\/saintlouisdefrance\/wp-content\/uploads\/sites\/60\/2023\/01\/logo_quebec.svg","width":188,"height":41,"caption":"\u00c9cole Saint-Louis-de-France"},"image":{"@id":"https:\/\/cssdn.gouv.qc.ca\/saintlouisdefrance\/#\/schema\/logo\/image\/"},"sameAs":["https:\/\/www.facebook.com\/CSSNavigateurs\/"]}]}},"publishpress_future_action":{"enabled":false,"date":"2026-04-29 05:24:44","action":"change-status","newStatus":"draft","terms":[],"taxonomy":"category","extraData":[]},"publishpress_future_workflow_manual_trigger":{"enabledWorkflows":[]},"_links":{"self":[{"href":"https:\/\/cssdn.gouv.qc.ca\/saintlouisdefrance\/wp-json\/wp\/v2\/pages\/8","targetHints":{"allow":["GET"]}}],"collection":[{"href":"https:\/\/cssdn.gouv.qc.ca\/saintlouisdefrance\/wp-json\/wp\/v2\/pages"}],"about":[{"href":"https:\/\/cssdn.gouv.qc.ca\/saintlouisdefrance\/wp-json\/wp\/v2\/types\/page"}],"author":[{"embeddable":true,"href":"https:\/\/cssdn.gouv.qc.ca\/saintlouisdefrance\/wp-json\/wp\/v2\/users\/1"}],"replies":[{"embeddable":true,"href":"https:\/\/cssdn.gouv.qc.ca\/saintlouisdefrance\/wp-json\/wp\/v2\/comments?post=8"}],"version-history":[{"count":0,"href":"https:\/\/cssdn.gouv.qc.ca\/saintlouisdefrance\/wp-json\/wp\/v2\/pages\/8\/revisions"}],"up":[{"embeddable":true,"href":"https:\/\/cssdn.gouv.qc.ca\/saintlouisdefrance\/wp-json\/wp\/v2\/pages\/6"}],"wp:attachment":[{"href":"https:\/\/cssdn.gouv.qc.ca\/saintlouisdefrance\/wp-json\/wp\/v2\/media?parent=8"}],"wp:term":[{"taxonomy":"category","embeddable":true,"href":"https:\/\/cssdn.gouv.qc.ca\/saintlouisdefrance\/wp-json\/wp\/v2\/categories?post=8"},{"taxonomy":"post_tag","embeddable":true,"href":"https:\/\/cssdn.gouv.qc.ca\/saintlouisdefrance\/wp-json\/wp\/v2\/tags?post=8"}],"curies":[{"name":"wp","href":"https:\/\/api.w.org\/{rel}","templated":true}]}}