
{"id":9,"date":"2022-11-08T16:07:54","date_gmt":"2022-11-08T21:07:54","guid":{"rendered":"https:\/\/cssdn.gouv.qc.ca\/saintlouisdefrance\/a-propos\/notre-equipe\/"},"modified":"2025-12-10T09:10:54","modified_gmt":"2025-12-10T14:10:54","slug":"notre-equipe","status":"publish","type":"page","link":"https:\/\/cssdn.gouv.qc.ca\/saintlouisdefrance\/a-propos\/notre-equipe\/","title":{"rendered":"Notre \u00e9quipe"},"content":{"rendered":"\n<div class=\"wp-block-cover alignfull is-light is-style-title-banner\"><img decoding=\"async\" class=\"wp-block-cover__image-background wp-image-111 lazyload\" alt=\"\" data-src=\"https:\/\/stage.cssdn.gouv.qc.ca\/wp-content\/uploads\/2022\/08\/Seawire-Hero-06.jpg\" data-object-fit=\"cover\" src=\"data:image\/svg+xml;base64,PHN2ZyB3aWR0aD0iMSIgaGVpZ2h0PSIxIiB4bWxucz0iaHR0cDovL3d3dy53My5vcmcvMjAwMC9zdmciPjwvc3ZnPg==\" \/><span aria-hidden=\"true\" class=\"wp-block-cover__background has-primary-background-color has-background-dim\"><\/span><div class=\"wp-block-cover__inner-container\"><h3 class=\"wp-block-post-title\">Notre \u00e9quipe<\/h3><\/div><\/div>\n\n\n\n<div class=\"wp-block-group alignfull has-padding-y-large has-secondary-background-color has-background\"><div class=\"yoast-breadcrumbs alignwide \"><span class=\"breadcrumbs\"><a href=\"https:\/\/cssdn.gouv.qc.ca\/saintlouisdefrance\/\" class=\"breadcrumbs__element\">Accueil<\/a> <span class=\"breadcrumbs__separator\">\n        <svg class=\"icon icon-breadcrumb__separator\"><use xlink:href=\"#icon-breadcrumb__separator\"><\/use><\/svg>\n    <\/span> <a href=\"https:\/\/cssdn.gouv.qc.ca\/saintlouisdefrance\/a-propos\/\" class=\"breadcrumbs__element\">\u00c0 propos<\/a> <span class=\"breadcrumbs__separator\">\n        <svg class=\"icon icon-breadcrumb__separator\"><use xlink:href=\"#icon-breadcrumb__separator\"><\/use><\/svg>\n    <\/span> <span class=\"breadcrumbs__element breadcrumbs__element-current\">Notre \u00e9quipe<\/span><\/span><\/div><\/div>\n\n\n\n<h2 class=\"wp-block-heading\">Mot de la direction<\/h2>\n\n\n\n<p class=\"wp-block-paragraph\">L&rsquo;\u00c9cole Saint-Louis-de-France est situ\u00e9e \u00e0 L\u00e9vis, dans le secteur de Charny. L\u2019\u00e9cole accueille les \u00e9l\u00e8ves de l\u2019\u00c9cole des Petits-Cheminots (secteur Charny) \u00e0 partir de la 3<sup>e<\/sup> ann\u00e9e, les \u00e9l\u00e8ves de l\u2019\u00c9cole Sainte-H\u00e9l\u00e8ne (secteur Breakeyville) \u00e0 partir de la 4<sup>e<\/sup> ann\u00e9e ainsi que deux classes d\u2019adaptation scolaire en langage. Pour l\u2019ann\u00e9e scolaire 2025-2026, nous accueillons un peu plus de 580 \u00e9l\u00e8ves.<\/p>\n\n\n\n<p class=\"wp-block-paragraph\">\u00c0 l\u2019\u00c9cole Saint-Louis-de-France, les \u00e9l\u00e8ves sont au c\u0153ur des projets de l&rsquo;\u00e9cole.&nbsp;Beaucoup d&rsquo;activit\u00e9s se d\u00e9roulent tant sur le plan p\u00e9dagogique, culturel que&nbsp;sportif, et ce, tant \u00e0 l\u2019int\u00e9rieur qu\u2019\u00e0 l\u2019ext\u00e9rieur des murs de nos classes.<\/p>\n\n\n\n<p class=\"wp-block-paragraph\">Entour\u00e9s d\u2019une \u00e9quipe engag\u00e9e d\u2019environ 80 personnes, les \u00e9l\u00e8ves \u00e9voluent dans un environnement o\u00f9 nous valorisons la bienveillance, la responsabilisation, le respect de soi, des autres et de l\u2019environnement.<\/p>\n\n\n\n<p class=\"wp-block-paragraph\">L\u2019\u00e9quipe-\u00e9cole travaille \u00e9troitement en collaboration en ayant toujours le souci du bien-\u00eatre de chaque \u00e9l\u00e8ve tout en l\u2019amenant \u00e0 se d\u00e9passer et \u00e0 grandir.<\/p>\n\n\n\n<p class=\"wp-block-paragraph\">La collaboration entre l\u2019\u00e9cole et la famille demeure une valeur prioritaire. Ce travail d\u2019\u00e9quipe fera en sorte d\u2019offrir \u00e0 chaque enfant une ann\u00e9e enrichissante et stimulante.<\/p>\n\n\n\n<p class=\"wp-block-paragraph\">C&rsquo;est avec un immense plaisir que nous&nbsp;vous invitons \u00e0 d\u00e9couvrir notre \u00e9cole.<\/p>\n\n\n\n<p class=\"wp-block-paragraph\">Bonne visite!<\/p>\n\n\n\n<p class=\"wp-block-paragraph\">Alexandre Gigu\u00e8re, Directeur&nbsp;&nbsp;&nbsp;&nbsp;&nbsp;&nbsp;&nbsp;&nbsp;&nbsp;&nbsp;&nbsp;&nbsp;&nbsp;&nbsp;&nbsp;&nbsp;&nbsp;&nbsp;&nbsp;&nbsp;&nbsp;&nbsp;&nbsp;&nbsp;&nbsp;&nbsp;&nbsp;&nbsp;&nbsp;&nbsp;&nbsp;&nbsp;&nbsp;&nbsp;&nbsp;&nbsp;&nbsp;&nbsp;&nbsp;&nbsp;&nbsp;&nbsp;&nbsp;&nbsp;&nbsp;&nbsp;&nbsp;&nbsp;&nbsp;&nbsp;&nbsp;&nbsp;&nbsp;&nbsp;&nbsp;&nbsp;&nbsp;&nbsp;&nbsp;&nbsp;&nbsp;&nbsp;&nbsp;&nbsp;&nbsp;&nbsp;&nbsp;&nbsp;&nbsp;&nbsp;&nbsp;<\/p>\n\n\n\n<p class=\"wp-block-paragraph\">Bruno Lavoie, Directeur adjoint<\/p>\n\n\n\n<h2 class=\"wp-block-heading\">L&rsquo;\u00e9quipe-\u00e9cole<\/h2>\n\n\n\n<figure class=\"wp-block-table\"><table><tbody><tr><td class=\"has-text-align-center\" data-align=\"center\" colspan=\"2\"><strong>Administration<\/strong><\/td><\/tr><tr><td class=\"has-text-align-center\" data-align=\"center\"><strong>Directeur <\/strong>&#8211; Alexandre Gigu\u00e8re (par int\u00e9rim) <br><strong>Directeur adjoint<\/strong>&nbsp;&#8211; Bruno Lavoie (par int\u00e9rim)<\/td><td class=\"has-text-align-center\" data-align=\"center\"><strong>Secr\u00e9taire d\u2019\u00e9cole<\/strong> &#8211; Alyssa Desrosiers<br><strong>Secr\u00e9taire<\/strong>&nbsp;&#8211; Odile Cloutier<\/td><\/tr><tr><td class=\"has-text-align-center\" data-align=\"center\" colspan=\"2\"><strong>Titulaires 3<\/strong><strong><sup>e<\/sup><\/strong><strong>&nbsp;ann\u00e9e<\/strong><\/td><\/tr><tr><td class=\"has-text-align-center\" data-align=\"center\">301 &#8211; France Gosselin en remplacement de Val\u00e9rie Martel<br>302 &#8211; Myda\u00ebl Migneault-Bouchard<\/td><td class=\"has-text-align-center\" data-align=\"center\">340-430 &#8211; Andr\u00e9anne Groleau (3e-4e)<\/td><\/tr><tr><td class=\"has-text-align-center\" data-align=\"center\" colspan=\"2\"><strong>Titulaires<\/strong><strong>&nbsp;4<\/strong><strong><sup>e<\/sup><\/strong><strong>&nbsp;ann\u00e9e<\/strong><\/td><\/tr><tr><td class=\"has-text-align-center\" data-align=\"center\">401 &#8211; Catherine Saint-Hilaire<br>402 &#8211; Martin Bronsard<br>403 &#8211; Audrey Gosselin<br>404 &#8211; Christine Nolin-Saucier<\/td><td class=\"has-text-align-center\" data-align=\"center\">405 &#8211; Nadine Bouchard<br>406 &#8211; Andr\u00e9anne Bolduc<br>340-430 &#8211; Andr\u00e9anne Groleau (3e-4e)<\/td><\/tr><tr><td class=\"has-text-align-center\" data-align=\"center\" colspan=\"2\"><strong>Titulaires 5<\/strong><strong><sup>e<\/sup><\/strong><strong>&nbsp;ann\u00e9e<\/strong><\/td><\/tr><tr><td class=\"has-text-align-center\" data-align=\"center\">501 &#8211; No\u00e9mie Maheux<br>502 &#8211; Vicky Daneau<br>503 &#8211; St\u00e9phanie C\u00f4t\u00e9<br>504 &#8211; Am\u00e9lie Rousseau<\/td><td class=\"has-text-align-center\" data-align=\"center\">505 &#8211; Anne-Marie Turcotte<br>506 &#8211; Roxanne Forgues<br>507 &#8211; David Miclette<br>508 &#8211; Charles Demers<\/td><\/tr><tr><td class=\"has-text-align-center\" data-align=\"center\" colspan=\"2\"><strong>Titulaires 6<\/strong><strong><sup>e<\/sup><\/strong><strong>&nbsp;ann\u00e9e<\/strong><\/td><\/tr><tr><td class=\"has-text-align-center\" data-align=\"center\"><strong>Anglais intensif :<\/strong><br>601 &#8211; Marie-H\u00e9l\u00e8ne Pelletier<br>607 &#8211; Audrey Dion<br>602 &#8211; Nicholas Toupin-Vermette<br>603 &#8211; Christian Doyon-Lessard<\/td><td class=\"has-text-align-center\" data-align=\"center\"><strong>Profils sport &#8211; art dramatique &#8211; anglais enrichi :<\/strong><br>504 &#8211; Sabrina Desch\u00eanes<br>505 &#8211; Audrey Jacques<br>506 &#8211; Jennifer B\u00e9gin<\/td><\/tr><tr><td class=\"has-text-align-center\" data-align=\"center\" colspan=\"2\"><strong>Classes ressources &#8211; Langage 2<sup>e<\/sup>&nbsp;cycle<\/strong><\/td><\/tr><tr><td class=\"has-text-align-center\" data-align=\"center\">901 &#8211; L\u00e9andra Roberge<\/td><td class=\"has-text-align-center\" data-align=\"center\">TES &#8211; Val\u00e9rie Lemay<\/td><\/tr><tr><td class=\"has-text-align-center\" data-align=\"center\" colspan=\"2\"><strong>Classes ressources &#8211; Langage 3<sup>e<\/sup>&nbsp;cycle<\/strong><\/td><\/tr><tr><td class=\"has-text-align-center\" data-align=\"center\">902 &#8211; Marianne Tardif<\/td><td class=\"has-text-align-center\" data-align=\"center\">TES &#8211; Marie-France Demers<\/td><\/tr><tr><td class=\"has-text-align-center\" data-align=\"center\" colspan=\"2\"><strong>Enseignants sp\u00e9cialistes<\/strong><\/td><\/tr><tr><td class=\"has-text-align-center\" data-align=\"center\"><strong>Enseignants en Anglais<\/strong><br>Cynthia Rochefort (3e ann\u00e9e, 340-430 et 5e ann\u00e9e)<br>Roxane Doiron (4e et 6e ann\u00e9e &#8211; profils)<br>Lynda Cyr (901-902)<\/td><td class=\"has-text-align-center\" data-align=\"center\"><strong>Enseignante&nbsp;en Musique<\/strong><br>Julie Gosselin (340-430 et4e ann\u00e9e)<br>Val\u00e9rie Parent (3e ann\u00e9e)<\/td><\/tr><tr><td class=\"has-text-align-center\" data-align=\"center\"><strong>Enseignants en \u00c9ducation&nbsp;physique et \u00e0 la sant\u00e9<\/strong><br>Bruno Lachance (501 \u00e0 507 et 6e ann\u00e9e)<br>V\u00e9ronique Fr\u00e8ve (3e ann\u00e9e, 4e ann\u00e9e et 901-902)<br>Fr\u00e9d\u00e9rick Moreau (508)<\/td><td class=\"has-text-align-center\" data-align=\"center\"><strong>Enseignante en Art dramatique<\/strong><br>Julie Chamberland (5e et 6e ann\u00e9e)<br><strong>Enseignante en Soutien aux apprentissages<\/strong><br>Marie-Jos\u00e9e Rouleau<\/td><\/tr><tr><td class=\"has-text-align-center\" data-align=\"center\" colspan=\"2\"><strong>Enseignants Compl\u00e9ment de t\u00e2che<\/strong><\/td><\/tr><tr><td class=\"has-text-align-center\" data-align=\"center\">Laurie Gosselin (4e ann\u00e9e)<\/td><td class=\"has-text-align-center\" data-align=\"center\">Andr\u00e9anne Rousseau (3e, 5e et 6e ann\u00e9e)<\/td><\/tr><tr><td class=\"has-text-align-center\" data-align=\"center\" colspan=\"2\"><strong>Services compl\u00e9mentaires<\/strong><\/td><\/tr><tr><td class=\"has-text-align-center\" data-align=\"center\"><strong>Enseignante orthop\u00e9dagogue<\/strong><br>Isabelle Lamy<\/td><td class=\"has-text-align-center\" data-align=\"center\"><strong>Orthop\u00e9dagogue<\/strong><br>Judith Petit&nbsp;<\/td><\/tr><tr><td class=\"has-text-align-center\" data-align=\"center\"><strong>Psycho\u00e9ducatrice<\/strong><br>Sarah Lavoie<\/td><td class=\"has-text-align-center\" data-align=\"center\"><strong>Psychologue<\/strong><br>Sonia B\u00e9langer<\/td><\/tr><tr><td class=\"has-text-align-center\" data-align=\"center\"><strong>ADPEC<\/strong><br>Eric Demers<\/td><td class=\"has-text-align-center\" data-align=\"center\"><strong>Infirmi\u00e8re<\/strong><br>Dany Cantin<\/td><\/tr><tr><td class=\"has-text-align-center\" data-align=\"center\" colspan=\"2\"><strong>Techniciennes en \u00e9ducation<\/strong>&nbsp;<strong>sp\u00e9cialis\u00e9e (TES)<\/strong><\/td><\/tr><tr><td class=\"has-text-align-center\" data-align=\"center\">Marie-Pier&nbsp;Gonthier<br>Justine Boutin<br>Roxanne Rodier-Houle<\/td><td class=\"has-text-align-center\" data-align=\"center\">Isma\u00eblle Vermette<br>Marilou Gauthier-Marcoux<\/td><\/tr><tr><td class=\"has-text-align-center\" data-align=\"center\" colspan=\"2\"><strong>Service de garde<\/strong><\/td><\/tr><tr><td class=\"has-text-align-center\" data-align=\"center\"><strong>\u00c9ducateurs et aides \u00e0 la classe<\/strong><br>Jo-Anne Perreault<br>Cynthia Carrier<br>Caroline Lamarre<br>Andr\u00e9e Larose<br>Maryse Dupuis<br>F\u00e9lix Langlois<br>Pierrick Lajoie<br>Aeron Es-Salhi<br>Chantale Montminy<br>Maximilien Clairmont<\/td><td class=\"has-text-align-center\" data-align=\"center\"><strong>Technicienne en service de garde<\/strong><br>Manon Boulianne\u00a0<br><strong>Classe principale<\/strong><br>Jessika Lessard<br>\u00a0<strong>\u00c9ducateurs<\/strong><br>Serge Gagnon<br>Antoine Drouin<br>Francine \u00c9mond<br>Senda Salem<br>Cynthia Bernier<br>Isabelle Grenier<br>Ellie-Jade Arsenault<br>Hanen Dabbech<br>Adjara Carelle Kamagate<br>Gosele Visondwa Kasoki<\/td><\/tr><\/tbody><\/table><\/figure>\n","protected":false},"excerpt":{"rendered":"<p>Mot de la direction L&rsquo;\u00c9cole Saint-Louis-de-France est situ\u00e9e \u00e0 L\u00e9vis, dans le secteur de Charny. L\u2019\u00e9cole accueille les \u00e9l\u00e8ves de l\u2019\u00c9cole des Petits-Cheminots (secteur Charny) \u00e0 partir de la 3e ann\u00e9e, les \u00e9l\u00e8ves de l\u2019\u00c9cole Sainte-H\u00e9l\u00e8ne (secteur Breakeyville) \u00e0 partir de la 4e ann\u00e9e ainsi que deux classes d\u2019adaptation scolaire en langage. Pour l\u2019ann\u00e9e scolaire [&hellip;]<\/p>\n","protected":false},"author":1,"featured_media":0,"parent":6,"menu_order":0,"comment_status":"closed","ping_status":"closed","template":"","meta":{"_acf_changed":false,"_crdt_document":"","inline_featured_image":false,"footnotes":""},"categories":[],"tags":[],"class_list":["post-9","page","type-page","status-publish","hentry"],"acf":[],"yoast_head":"<!-- This site is optimized with the Yoast SEO plugin v27.3 - https:\/\/yoast.com\/product\/yoast-seo-wordpress\/ -->\n<title>Notre \u00e9quipe - \u00c9cole Saint-Louis-de-France<\/title>\n<meta name=\"robots\" content=\"index, follow, max-snippet:-1, max-image-preview:large, max-video-preview:-1\" \/>\n<link rel=\"canonical\" href=\"https:\/\/cssdn.gouv.qc.ca\/saintlouisdefrance\/a-propos\/notre-equipe\/\" \/>\n<meta property=\"og:locale\" content=\"fr_CA\" \/>\n<meta property=\"og:type\" content=\"article\" \/>\n<meta property=\"og:title\" content=\"Notre \u00e9quipe - \u00c9cole Saint-Louis-de-France\" \/>\n<meta property=\"og:description\" content=\"Mot de la direction L&rsquo;\u00c9cole Saint-Louis-de-France est situ\u00e9e \u00e0 L\u00e9vis, dans le secteur de Charny. L\u2019\u00e9cole accueille les \u00e9l\u00e8ves de l\u2019\u00c9cole des Petits-Cheminots (secteur Charny) \u00e0 partir de la 3e ann\u00e9e, les \u00e9l\u00e8ves de l\u2019\u00c9cole Sainte-H\u00e9l\u00e8ne (secteur Breakeyville) \u00e0 partir de la 4e ann\u00e9e ainsi que deux classes d\u2019adaptation scolaire en langage. Pour l\u2019ann\u00e9e scolaire [&hellip;]\" \/>\n<meta property=\"og:url\" content=\"https:\/\/cssdn.gouv.qc.ca\/saintlouisdefrance\/a-propos\/notre-equipe\/\" \/>\n<meta property=\"og:site_name\" content=\"\u00c9cole Saint-Louis-de-France\" \/>\n<meta property=\"article:publisher\" content=\"https:\/\/www.facebook.com\/CSSNavigateurs\/\" \/>\n<meta property=\"article:modified_time\" content=\"2025-12-10T14:10:54+00:00\" \/>\n<meta name=\"twitter:card\" content=\"summary_large_image\" \/>\n<meta name=\"twitter:label1\" content=\"Estimation du temps de lecture\" \/>\n\t<meta name=\"twitter:data1\" content=\"3 minutes\" \/>\n<script type=\"application\/ld+json\" class=\"yoast-schema-graph\">{\"@context\":\"https:\\\/\\\/schema.org\",\"@graph\":[{\"@type\":\"WebPage\",\"@id\":\"https:\\\/\\\/cssdn.gouv.qc.ca\\\/saintlouisdefrance\\\/a-propos\\\/notre-equipe\\\/\",\"url\":\"https:\\\/\\\/cssdn.gouv.qc.ca\\\/saintlouisdefrance\\\/a-propos\\\/notre-equipe\\\/\",\"name\":\"Notre \u00e9quipe - \u00c9cole Saint-Louis-de-France\",\"isPartOf\":{\"@id\":\"https:\\\/\\\/cssdn.gouv.qc.ca\\\/saintlouisdefrance\\\/#website\"},\"primaryImageOfPage\":{\"@id\":\"https:\\\/\\\/cssdn.gouv.qc.ca\\\/saintlouisdefrance\\\/a-propos\\\/notre-equipe\\\/#primaryimage\"},\"image\":{\"@id\":\"https:\\\/\\\/cssdn.gouv.qc.ca\\\/saintlouisdefrance\\\/a-propos\\\/notre-equipe\\\/#primaryimage\"},\"thumbnailUrl\":\"https:\\\/\\\/stage.cssdn.gouv.qc.ca\\\/wp-content\\\/uploads\\\/2022\\\/08\\\/Seawire-Hero-06.jpg\",\"datePublished\":\"2022-11-08T21:07:54+00:00\",\"dateModified\":\"2025-12-10T14:10:54+00:00\",\"breadcrumb\":{\"@id\":\"https:\\\/\\\/cssdn.gouv.qc.ca\\\/saintlouisdefrance\\\/a-propos\\\/notre-equipe\\\/#breadcrumb\"},\"inLanguage\":\"fr-CA\",\"potentialAction\":[{\"@type\":\"ReadAction\",\"target\":[\"https:\\\/\\\/cssdn.gouv.qc.ca\\\/saintlouisdefrance\\\/a-propos\\\/notre-equipe\\\/\"]}]},{\"@type\":\"ImageObject\",\"inLanguage\":\"fr-CA\",\"@id\":\"https:\\\/\\\/cssdn.gouv.qc.ca\\\/saintlouisdefrance\\\/a-propos\\\/notre-equipe\\\/#primaryimage\",\"url\":\"https:\\\/\\\/stage.cssdn.gouv.qc.ca\\\/wp-content\\\/uploads\\\/2022\\\/08\\\/Seawire-Hero-06.jpg\",\"contentUrl\":\"https:\\\/\\\/stage.cssdn.gouv.qc.ca\\\/wp-content\\\/uploads\\\/2022\\\/08\\\/Seawire-Hero-06.jpg\"},{\"@type\":\"BreadcrumbList\",\"@id\":\"https:\\\/\\\/cssdn.gouv.qc.ca\\\/saintlouisdefrance\\\/a-propos\\\/notre-equipe\\\/#breadcrumb\",\"itemListElement\":[{\"@type\":\"ListItem\",\"position\":1,\"name\":\"Accueil\",\"item\":\"https:\\\/\\\/cssdn.gouv.qc.ca\\\/saintlouisdefrance\\\/\"},{\"@type\":\"ListItem\",\"position\":2,\"name\":\"\u00c0 propos\",\"item\":\"https:\\\/\\\/cssdn.gouv.qc.ca\\\/saintlouisdefrance\\\/a-propos\\\/\"},{\"@type\":\"ListItem\",\"position\":3,\"name\":\"Notre \u00e9quipe\"}]},{\"@type\":\"WebSite\",\"@id\":\"https:\\\/\\\/cssdn.gouv.qc.ca\\\/saintlouisdefrance\\\/#website\",\"url\":\"https:\\\/\\\/cssdn.gouv.qc.ca\\\/saintlouisdefrance\\\/\",\"name\":\"\u00c9cole Saint-Louis-de-France\",\"description\":\"Un site des centres de services scolaires des Navigateurs\",\"publisher\":{\"@id\":\"https:\\\/\\\/cssdn.gouv.qc.ca\\\/saintlouisdefrance\\\/#organization\"},\"potentialAction\":[{\"@type\":\"SearchAction\",\"target\":{\"@type\":\"EntryPoint\",\"urlTemplate\":\"https:\\\/\\\/cssdn.gouv.qc.ca\\\/saintlouisdefrance\\\/?s={search_term_string}\"},\"query-input\":{\"@type\":\"PropertyValueSpecification\",\"valueRequired\":true,\"valueName\":\"search_term_string\"}}],\"inLanguage\":\"fr-CA\"},{\"@type\":\"Organization\",\"@id\":\"https:\\\/\\\/cssdn.gouv.qc.ca\\\/saintlouisdefrance\\\/#organization\",\"name\":\"\u00c9cole Saint-Louis-de-France\",\"url\":\"https:\\\/\\\/cssdn.gouv.qc.ca\\\/saintlouisdefrance\\\/\",\"logo\":{\"@type\":\"ImageObject\",\"inLanguage\":\"fr-CA\",\"@id\":\"https:\\\/\\\/cssdn.gouv.qc.ca\\\/saintlouisdefrance\\\/#\\\/schema\\\/logo\\\/image\\\/\",\"url\":\"https:\\\/\\\/cssdn.gouv.qc.ca\\\/saintlouisdefrance\\\/wp-content\\\/uploads\\\/sites\\\/60\\\/2023\\\/01\\\/logo_quebec.svg\",\"contentUrl\":\"https:\\\/\\\/cssdn.gouv.qc.ca\\\/saintlouisdefrance\\\/wp-content\\\/uploads\\\/sites\\\/60\\\/2023\\\/01\\\/logo_quebec.svg\",\"width\":188,\"height\":41,\"caption\":\"\u00c9cole Saint-Louis-de-France\"},\"image\":{\"@id\":\"https:\\\/\\\/cssdn.gouv.qc.ca\\\/saintlouisdefrance\\\/#\\\/schema\\\/logo\\\/image\\\/\"},\"sameAs\":[\"https:\\\/\\\/www.facebook.com\\\/CSSNavigateurs\\\/\"]}]}<\/script>\n<!-- \/ Yoast SEO plugin. -->","yoast_head_json":{"title":"Notre \u00e9quipe - \u00c9cole Saint-Louis-de-France","robots":{"index":"index","follow":"follow","max-snippet":"max-snippet:-1","max-image-preview":"max-image-preview:large","max-video-preview":"max-video-preview:-1"},"canonical":"https:\/\/cssdn.gouv.qc.ca\/saintlouisdefrance\/a-propos\/notre-equipe\/","og_locale":"fr_CA","og_type":"article","og_title":"Notre \u00e9quipe - \u00c9cole Saint-Louis-de-France","og_description":"Mot de la direction L&rsquo;\u00c9cole Saint-Louis-de-France est situ\u00e9e \u00e0 L\u00e9vis, dans le secteur de Charny. L\u2019\u00e9cole accueille les \u00e9l\u00e8ves de l\u2019\u00c9cole des Petits-Cheminots (secteur Charny) \u00e0 partir de la 3e ann\u00e9e, les \u00e9l\u00e8ves de l\u2019\u00c9cole Sainte-H\u00e9l\u00e8ne (secteur Breakeyville) \u00e0 partir de la 4e ann\u00e9e ainsi que deux classes d\u2019adaptation scolaire en langage. Pour l\u2019ann\u00e9e scolaire [&hellip;]","og_url":"https:\/\/cssdn.gouv.qc.ca\/saintlouisdefrance\/a-propos\/notre-equipe\/","og_site_name":"\u00c9cole Saint-Louis-de-France","article_publisher":"https:\/\/www.facebook.com\/CSSNavigateurs\/","article_modified_time":"2025-12-10T14:10:54+00:00","twitter_card":"summary_large_image","twitter_misc":{"Estimation du temps de lecture":"3 minutes"},"schema":{"@context":"https:\/\/schema.org","@graph":[{"@type":"WebPage","@id":"https:\/\/cssdn.gouv.qc.ca\/saintlouisdefrance\/a-propos\/notre-equipe\/","url":"https:\/\/cssdn.gouv.qc.ca\/saintlouisdefrance\/a-propos\/notre-equipe\/","name":"Notre \u00e9quipe - \u00c9cole Saint-Louis-de-France","isPartOf":{"@id":"https:\/\/cssdn.gouv.qc.ca\/saintlouisdefrance\/#website"},"primaryImageOfPage":{"@id":"https:\/\/cssdn.gouv.qc.ca\/saintlouisdefrance\/a-propos\/notre-equipe\/#primaryimage"},"image":{"@id":"https:\/\/cssdn.gouv.qc.ca\/saintlouisdefrance\/a-propos\/notre-equipe\/#primaryimage"},"thumbnailUrl":"https:\/\/stage.cssdn.gouv.qc.ca\/wp-content\/uploads\/2022\/08\/Seawire-Hero-06.jpg","datePublished":"2022-11-08T21:07:54+00:00","dateModified":"2025-12-10T14:10:54+00:00","breadcrumb":{"@id":"https:\/\/cssdn.gouv.qc.ca\/saintlouisdefrance\/a-propos\/notre-equipe\/#breadcrumb"},"inLanguage":"fr-CA","potentialAction":[{"@type":"ReadAction","target":["https:\/\/cssdn.gouv.qc.ca\/saintlouisdefrance\/a-propos\/notre-equipe\/"]}]},{"@type":"ImageObject","inLanguage":"fr-CA","@id":"https:\/\/cssdn.gouv.qc.ca\/saintlouisdefrance\/a-propos\/notre-equipe\/#primaryimage","url":"https:\/\/stage.cssdn.gouv.qc.ca\/wp-content\/uploads\/2022\/08\/Seawire-Hero-06.jpg","contentUrl":"https:\/\/stage.cssdn.gouv.qc.ca\/wp-content\/uploads\/2022\/08\/Seawire-Hero-06.jpg"},{"@type":"BreadcrumbList","@id":"https:\/\/cssdn.gouv.qc.ca\/saintlouisdefrance\/a-propos\/notre-equipe\/#breadcrumb","itemListElement":[{"@type":"ListItem","position":1,"name":"Accueil","item":"https:\/\/cssdn.gouv.qc.ca\/saintlouisdefrance\/"},{"@type":"ListItem","position":2,"name":"\u00c0 propos","item":"https:\/\/cssdn.gouv.qc.ca\/saintlouisdefrance\/a-propos\/"},{"@type":"ListItem","position":3,"name":"Notre \u00e9quipe"}]},{"@type":"WebSite","@id":"https:\/\/cssdn.gouv.qc.ca\/saintlouisdefrance\/#website","url":"https:\/\/cssdn.gouv.qc.ca\/saintlouisdefrance\/","name":"\u00c9cole Saint-Louis-de-France","description":"Un site des centres de services scolaires des Navigateurs","publisher":{"@id":"https:\/\/cssdn.gouv.qc.ca\/saintlouisdefrance\/#organization"},"potentialAction":[{"@type":"SearchAction","target":{"@type":"EntryPoint","urlTemplate":"https:\/\/cssdn.gouv.qc.ca\/saintlouisdefrance\/?s={search_term_string}"},"query-input":{"@type":"PropertyValueSpecification","valueRequired":true,"valueName":"search_term_string"}}],"inLanguage":"fr-CA"},{"@type":"Organization","@id":"https:\/\/cssdn.gouv.qc.ca\/saintlouisdefrance\/#organization","name":"\u00c9cole Saint-Louis-de-France","url":"https:\/\/cssdn.gouv.qc.ca\/saintlouisdefrance\/","logo":{"@type":"ImageObject","inLanguage":"fr-CA","@id":"https:\/\/cssdn.gouv.qc.ca\/saintlouisdefrance\/#\/schema\/logo\/image\/","url":"https:\/\/cssdn.gouv.qc.ca\/saintlouisdefrance\/wp-content\/uploads\/sites\/60\/2023\/01\/logo_quebec.svg","contentUrl":"https:\/\/cssdn.gouv.qc.ca\/saintlouisdefrance\/wp-content\/uploads\/sites\/60\/2023\/01\/logo_quebec.svg","width":188,"height":41,"caption":"\u00c9cole Saint-Louis-de-France"},"image":{"@id":"https:\/\/cssdn.gouv.qc.ca\/saintlouisdefrance\/#\/schema\/logo\/image\/"},"sameAs":["https:\/\/www.facebook.com\/CSSNavigateurs\/"]}]}},"publishpress_future_action":{"enabled":false,"date":"2026-04-10 15:11:08","action":"change-status","newStatus":"draft","terms":[],"taxonomy":"category","extraData":[]},"publishpress_future_workflow_manual_trigger":{"enabledWorkflows":[]},"_links":{"self":[{"href":"https:\/\/cssdn.gouv.qc.ca\/saintlouisdefrance\/wp-json\/wp\/v2\/pages\/9","targetHints":{"allow":["GET"]}}],"collection":[{"href":"https:\/\/cssdn.gouv.qc.ca\/saintlouisdefrance\/wp-json\/wp\/v2\/pages"}],"about":[{"href":"https:\/\/cssdn.gouv.qc.ca\/saintlouisdefrance\/wp-json\/wp\/v2\/types\/page"}],"author":[{"embeddable":true,"href":"https:\/\/cssdn.gouv.qc.ca\/saintlouisdefrance\/wp-json\/wp\/v2\/users\/1"}],"replies":[{"embeddable":true,"href":"https:\/\/cssdn.gouv.qc.ca\/saintlouisdefrance\/wp-json\/wp\/v2\/comments?post=9"}],"version-history":[{"count":0,"href":"https:\/\/cssdn.gouv.qc.ca\/saintlouisdefrance\/wp-json\/wp\/v2\/pages\/9\/revisions"}],"up":[{"embeddable":true,"href":"https:\/\/cssdn.gouv.qc.ca\/saintlouisdefrance\/wp-json\/wp\/v2\/pages\/6"}],"wp:attachment":[{"href":"https:\/\/cssdn.gouv.qc.ca\/saintlouisdefrance\/wp-json\/wp\/v2\/media?parent=9"}],"wp:term":[{"taxonomy":"category","embeddable":true,"href":"https:\/\/cssdn.gouv.qc.ca\/saintlouisdefrance\/wp-json\/wp\/v2\/categories?post=9"},{"taxonomy":"post_tag","embeddable":true,"href":"https:\/\/cssdn.gouv.qc.ca\/saintlouisdefrance\/wp-json\/wp\/v2\/tags?post=9"}],"curies":[{"name":"wp","href":"https:\/\/api.w.org\/{rel}","templated":true}]}}