
{"id":11,"date":"2022-11-08T16:07:54","date_gmt":"2022-11-08T21:07:54","guid":{"rendered":"https:\/\/cssdn.gouv.qc.ca\/sentiers\/a-propos\/documentation-et-rapport-annuel\/"},"modified":"2025-10-31T16:19:55","modified_gmt":"2025-10-31T20:19:55","slug":"documentation-et-rapport-annuel","status":"publish","type":"page","link":"https:\/\/cssdn.gouv.qc.ca\/sentiers\/a-propos\/documentation-et-rapport-annuel\/","title":{"rendered":"Documentation officielle"},"content":{"rendered":"\n<div class=\"wp-block-cover alignfull is-light is-style-title-banner\"><img decoding=\"async\" class=\"wp-block-cover__image-background wp-image-111 lazyload\" alt=\"\" data-src=\"https:\/\/cssdn.gouv.qc.ca\/wp-content\/uploads\/2022\/08\/Seawire-Hero-06.jpg\" data-object-fit=\"cover\" src=\"data:image\/svg+xml;base64,PHN2ZyB3aWR0aD0iMSIgaGVpZ2h0PSIxIiB4bWxucz0iaHR0cDovL3d3dy53My5vcmcvMjAwMC9zdmciPjwvc3ZnPg==\" \/><span aria-hidden=\"true\" class=\"wp-block-cover__background has-primary-background-color has-background-dim\"><\/span><div class=\"wp-block-cover__inner-container\"><h3 class=\"wp-block-post-title\">Documentation officielle<\/h3><\/div><\/div>\n\n\n\n<div class=\"wp-block-group alignfull has-padding-y-large has-secondary-background-color has-background\"><div class=\"yoast-breadcrumbs alignwide \"><span class=\"breadcrumbs\"><a href=\"https:\/\/cssdn.gouv.qc.ca\/sentiers\/\" class=\"breadcrumbs__element\">Accueil<\/a> <span class=\"breadcrumbs__separator\">\n        <svg class=\"icon icon-breadcrumb__separator\"><use xlink:href=\"#icon-breadcrumb__separator\"><\/use><\/svg>\n    <\/span> <a href=\"https:\/\/cssdn.gouv.qc.ca\/sentiers\/a-propos\/\" class=\"breadcrumbs__element\">\u00c0 propos<\/a> <span class=\"breadcrumbs__separator\">\n        <svg class=\"icon icon-breadcrumb__separator\"><use xlink:href=\"#icon-breadcrumb__separator\"><\/use><\/svg>\n    <\/span> <span class=\"breadcrumbs__element breadcrumbs__element-current\">Documentation officielle<\/span><\/span><\/div><\/div>\n\n\n\n<h2 class=\"wp-block-heading\">Projet \u00e9ducatif<\/h2>\n\n\n\n<div class=\"wp-block-file\"><a id=\"wp-block-file--media-c1376af4-4be5-4d23-9a3d-485ff3b0496c\" href=\"https:\/\/cssdn.gouv.qc.ca\/sentiers\/wp-content\/uploads\/sites\/61\/2024\/06\/Sentiers_projet-educatif-2023-2027-1.pdf\" target=\"_blank\" rel=\"noreferrer noopener\">Sentiers &#8211; Projet \u00e9ducatif 2023-2027<\/a><\/div>\n\n\n\n<h2 class=\"wp-block-heading\">Rapport annuel de gestion du conseil d\u2019\u00e9tablissement<\/h2>\n\n\n\n<h2 class=\"wp-block-heading\">Redditions de comptes du projet \u00e9ducatif<\/h2>\n\n\n\n<div class=\"wp-block-file\"><a id=\"wp-block-file--media-1abc6bb2-6c3f-4219-b4b7-ed541d483473\" href=\"https:\/\/cssdn.gouv.qc.ca\/sentiers\/wp-content\/uploads\/sites\/61\/2025\/10\/Reddition-de-comptes-du-projet-educatif-2024-2025.pdf\" target=\"_blank\" rel=\"noreferrer noopener\">Reddition de comptes du projet \u00e9ducatif 2024-2025<\/a><a href=\"https:\/\/cssdn.gouv.qc.ca\/sentiers\/wp-content\/uploads\/sites\/61\/2025\/10\/Reddition-de-comptes-du-projet-educatif-2024-2025.pdf\" class=\"wp-block-file__button wp-element-button\" download aria-describedby=\"wp-block-file--media-1abc6bb2-6c3f-4219-b4b7-ed541d483473\">Download<\/a><\/div>\n\n\n\n<div class=\"wp-block-file\"><a id=\"wp-block-file--media-d3fa7c69-d221-4bcd-b4f1-7aa29d05356c\" href=\"https:\/\/cssdn.gouv.qc.ca\/sentiers\/a-propos\/documentation-et-rapport-annuel\/191-rapport-annuel-sentiers-22-23\/\" target=\"_blank\" rel=\"noreferrer noopener\">Reddition de comptes du projet \u00e9ducatif 2022-2023<\/a><\/div>\n\n\n\n<div class=\"wp-block-file\"><a id=\"wp-block-file--media-94265f53-0a9e-481c-ba41-aedd4f007468\" href=\"https:\/\/cssdn.gouv.qc.ca\/sentiers\/wp-content\/uploads\/sites\/61\/2023\/01\/2021-2022_reddition-de-comptes-du-projet-educatif.pdf\" target=\"_blank\" rel=\"noreferrer noopener\">2021-2022<\/a><\/div>\n\n\n\n<div class=\"wp-block-file\"><a id=\"wp-block-file--media-2c8ee4ce-1cfe-436f-8d8e-1f1036b65d11\" href=\"https:\/\/cssdn.gouv.qc.ca\/sentiers\/wp-content\/uploads\/sites\/61\/2023\/03\/rcpe_sentiers_2020-2021.pdf\" target=\"_blank\" rel=\"noreferrer noopener\">2020-2021<\/a><\/div>\n\n\n\n<div class=\"wp-block-file\"><a id=\"wp-block-file--media-c0f38f8e-8d80-481d-ac1f-974e3947920f\" href=\"https:\/\/cssdn.gouv.qc.ca\/sentiers\/wp-content\/uploads\/sites\/61\/2023\/03\/ra_sentiers_2019-2020.pdf\" target=\"_blank\" rel=\"noreferrer noopener\">2019-2020<\/a><\/div>\n\n\n\n<h1 class=\"wp-block-heading\">Plan de lutte contre la violence et l\u2019intimidation \u00e0 l\u2019\u00e9cole<\/h1>\n\n\n\n<div class=\"wp-block-file\"><a id=\"wp-block-file--media-75d739dc-7bdd-4a89-9d81-2b27cf7a643e\" href=\"https:\/\/cssdn.gouv.qc.ca\/sentiers\/wp-content\/uploads\/sites\/61\/2025\/10\/Plan-lutte_2025-2026.pdf\" target=\"_blank\" rel=\"noreferrer noopener\">Plan-lutte_2025-2026<\/a><a href=\"https:\/\/cssdn.gouv.qc.ca\/sentiers\/wp-content\/uploads\/sites\/61\/2025\/10\/Plan-lutte_2025-2026.pdf\" class=\"wp-block-file__button wp-element-button\" download aria-describedby=\"wp-block-file--media-75d739dc-7bdd-4a89-9d81-2b27cf7a643e\">Download<\/a><\/div>\n\n\n\n<h2 class=\"wp-block-heading\">Code de vie<\/h2>\n\n\n\n<h2 class=\"wp-block-heading\">Document explicatif aux parents et aux \u00e9l\u00e8ves<\/h2>\n","protected":false},"excerpt":{"rendered":"<p>Projet \u00e9ducatif Rapport annuel de gestion du conseil d\u2019\u00e9tablissement Redditions de comptes du projet \u00e9ducatif Plan de lutte contre la violence et l\u2019intimidation \u00e0 l\u2019\u00e9cole Code de vie Document explicatif aux parents et aux \u00e9l\u00e8ves<\/p>\n","protected":false},"author":1,"featured_media":0,"parent":6,"menu_order":0,"comment_status":"closed","ping_status":"closed","template":"","meta":{"_acf_changed":false,"_crdt_document":"","inline_featured_image":false,"footnotes":""},"categories":[],"tags":[],"class_list":["post-11","page","type-page","status-publish","hentry"],"acf":[],"yoast_head":"<!-- This site is optimized with the Yoast SEO plugin v27.3 - https:\/\/yoast.com\/product\/yoast-seo-wordpress\/ -->\n<title>Documentation officielle - \u00c9cole des Sentiers<\/title>\n<meta name=\"robots\" content=\"index, follow, max-snippet:-1, max-image-preview:large, max-video-preview:-1\" \/>\n<link rel=\"canonical\" href=\"https:\/\/cssdn.gouv.qc.ca\/sentiers\/a-propos\/documentation-et-rapport-annuel\/\" \/>\n<meta property=\"og:locale\" content=\"fr_CA\" \/>\n<meta property=\"og:type\" content=\"article\" \/>\n<meta property=\"og:title\" content=\"Documentation officielle - \u00c9cole des Sentiers\" \/>\n<meta property=\"og:description\" content=\"Projet \u00e9ducatif Rapport annuel de gestion du conseil d\u2019\u00e9tablissement Redditions de comptes du projet \u00e9ducatif Plan de lutte contre la violence et l\u2019intimidation \u00e0 l\u2019\u00e9cole Code de vie Document explicatif aux parents et aux \u00e9l\u00e8ves\" \/>\n<meta property=\"og:url\" content=\"https:\/\/cssdn.gouv.qc.ca\/sentiers\/a-propos\/documentation-et-rapport-annuel\/\" \/>\n<meta property=\"og:site_name\" content=\"\u00c9cole des Sentiers\" \/>\n<meta property=\"article:publisher\" content=\"https:\/\/www.facebook.com\/ecoledessentiers\" \/>\n<meta property=\"article:modified_time\" content=\"2025-10-31T20:19:55+00:00\" \/>\n<meta name=\"twitter:card\" content=\"summary_large_image\" \/>\n<meta name=\"twitter:label1\" content=\"Estimation du temps de lecture\" \/>\n\t<meta name=\"twitter:data1\" content=\"1 minute\" \/>\n<script type=\"application\/ld+json\" class=\"yoast-schema-graph\">{\"@context\":\"https:\\\/\\\/schema.org\",\"@graph\":[{\"@type\":\"WebPage\",\"@id\":\"https:\\\/\\\/cssdn.gouv.qc.ca\\\/sentiers\\\/a-propos\\\/documentation-et-rapport-annuel\\\/\",\"url\":\"https:\\\/\\\/cssdn.gouv.qc.ca\\\/sentiers\\\/a-propos\\\/documentation-et-rapport-annuel\\\/\",\"name\":\"Documentation officielle - \u00c9cole des Sentiers\",\"isPartOf\":{\"@id\":\"https:\\\/\\\/cssdn.gouv.qc.ca\\\/sentiers\\\/#website\"},\"primaryImageOfPage\":{\"@id\":\"https:\\\/\\\/cssdn.gouv.qc.ca\\\/sentiers\\\/a-propos\\\/documentation-et-rapport-annuel\\\/#primaryimage\"},\"image\":{\"@id\":\"https:\\\/\\\/cssdn.gouv.qc.ca\\\/sentiers\\\/a-propos\\\/documentation-et-rapport-annuel\\\/#primaryimage\"},\"thumbnailUrl\":\"https:\\\/\\\/cssdn.gouv.qc.ca\\\/wp-content\\\/uploads\\\/2022\\\/08\\\/Seawire-Hero-06.jpg\",\"datePublished\":\"2022-11-08T21:07:54+00:00\",\"dateModified\":\"2025-10-31T20:19:55+00:00\",\"breadcrumb\":{\"@id\":\"https:\\\/\\\/cssdn.gouv.qc.ca\\\/sentiers\\\/a-propos\\\/documentation-et-rapport-annuel\\\/#breadcrumb\"},\"inLanguage\":\"fr-CA\",\"potentialAction\":[{\"@type\":\"ReadAction\",\"target\":[\"https:\\\/\\\/cssdn.gouv.qc.ca\\\/sentiers\\\/a-propos\\\/documentation-et-rapport-annuel\\\/\"]}]},{\"@type\":\"ImageObject\",\"inLanguage\":\"fr-CA\",\"@id\":\"https:\\\/\\\/cssdn.gouv.qc.ca\\\/sentiers\\\/a-propos\\\/documentation-et-rapport-annuel\\\/#primaryimage\",\"url\":\"https:\\\/\\\/cssdn.gouv.qc.ca\\\/wp-content\\\/uploads\\\/2022\\\/08\\\/Seawire-Hero-06.jpg\",\"contentUrl\":\"https:\\\/\\\/cssdn.gouv.qc.ca\\\/wp-content\\\/uploads\\\/2022\\\/08\\\/Seawire-Hero-06.jpg\"},{\"@type\":\"BreadcrumbList\",\"@id\":\"https:\\\/\\\/cssdn.gouv.qc.ca\\\/sentiers\\\/a-propos\\\/documentation-et-rapport-annuel\\\/#breadcrumb\",\"itemListElement\":[{\"@type\":\"ListItem\",\"position\":1,\"name\":\"Accueil\",\"item\":\"https:\\\/\\\/cssdn.gouv.qc.ca\\\/sentiers\\\/\"},{\"@type\":\"ListItem\",\"position\":2,\"name\":\"\u00c0 propos\",\"item\":\"https:\\\/\\\/cssdn.gouv.qc.ca\\\/sentiers\\\/a-propos\\\/\"},{\"@type\":\"ListItem\",\"position\":3,\"name\":\"Documentation officielle\"}]},{\"@type\":\"WebSite\",\"@id\":\"https:\\\/\\\/cssdn.gouv.qc.ca\\\/sentiers\\\/#website\",\"url\":\"https:\\\/\\\/cssdn.gouv.qc.ca\\\/sentiers\\\/\",\"name\":\"\u00c9cole des Sentiers\",\"description\":\"Un site des centres de services scolaires des Navigateurs\",\"publisher\":{\"@id\":\"https:\\\/\\\/cssdn.gouv.qc.ca\\\/sentiers\\\/#organization\"},\"potentialAction\":[{\"@type\":\"SearchAction\",\"target\":{\"@type\":\"EntryPoint\",\"urlTemplate\":\"https:\\\/\\\/cssdn.gouv.qc.ca\\\/sentiers\\\/?s={search_term_string}\"},\"query-input\":{\"@type\":\"PropertyValueSpecification\",\"valueRequired\":true,\"valueName\":\"search_term_string\"}}],\"inLanguage\":\"fr-CA\"},{\"@type\":\"Organization\",\"@id\":\"https:\\\/\\\/cssdn.gouv.qc.ca\\\/sentiers\\\/#organization\",\"name\":\"\u00c9cole des Sentiers\",\"url\":\"https:\\\/\\\/cssdn.gouv.qc.ca\\\/sentiers\\\/\",\"logo\":{\"@type\":\"ImageObject\",\"inLanguage\":\"fr-CA\",\"@id\":\"https:\\\/\\\/cssdn.gouv.qc.ca\\\/sentiers\\\/#\\\/schema\\\/logo\\\/image\\\/\",\"url\":\"https:\\\/\\\/cssdn.gouv.qc.ca\\\/sentiers\\\/wp-content\\\/uploads\\\/sites\\\/61\\\/2023\\\/01\\\/logo_quebec.svg\",\"contentUrl\":\"https:\\\/\\\/cssdn.gouv.qc.ca\\\/sentiers\\\/wp-content\\\/uploads\\\/sites\\\/61\\\/2023\\\/01\\\/logo_quebec.svg\",\"width\":188,\"height\":41,\"caption\":\"\u00c9cole des Sentiers\"},\"image\":{\"@id\":\"https:\\\/\\\/cssdn.gouv.qc.ca\\\/sentiers\\\/#\\\/schema\\\/logo\\\/image\\\/\"},\"sameAs\":[\"https:\\\/\\\/www.facebook.com\\\/ecoledessentiers\"]}]}<\/script>\n<!-- \/ Yoast SEO plugin. -->","yoast_head_json":{"title":"Documentation officielle - \u00c9cole des Sentiers","robots":{"index":"index","follow":"follow","max-snippet":"max-snippet:-1","max-image-preview":"max-image-preview:large","max-video-preview":"max-video-preview:-1"},"canonical":"https:\/\/cssdn.gouv.qc.ca\/sentiers\/a-propos\/documentation-et-rapport-annuel\/","og_locale":"fr_CA","og_type":"article","og_title":"Documentation officielle - \u00c9cole des Sentiers","og_description":"Projet \u00e9ducatif Rapport annuel de gestion du conseil d\u2019\u00e9tablissement Redditions de comptes du projet \u00e9ducatif Plan de lutte contre la violence et l\u2019intimidation \u00e0 l\u2019\u00e9cole Code de vie Document explicatif aux parents et aux \u00e9l\u00e8ves","og_url":"https:\/\/cssdn.gouv.qc.ca\/sentiers\/a-propos\/documentation-et-rapport-annuel\/","og_site_name":"\u00c9cole des Sentiers","article_publisher":"https:\/\/www.facebook.com\/ecoledessentiers","article_modified_time":"2025-10-31T20:19:55+00:00","twitter_card":"summary_large_image","twitter_misc":{"Estimation du temps de lecture":"1 minute"},"schema":{"@context":"https:\/\/schema.org","@graph":[{"@type":"WebPage","@id":"https:\/\/cssdn.gouv.qc.ca\/sentiers\/a-propos\/documentation-et-rapport-annuel\/","url":"https:\/\/cssdn.gouv.qc.ca\/sentiers\/a-propos\/documentation-et-rapport-annuel\/","name":"Documentation officielle - \u00c9cole des Sentiers","isPartOf":{"@id":"https:\/\/cssdn.gouv.qc.ca\/sentiers\/#website"},"primaryImageOfPage":{"@id":"https:\/\/cssdn.gouv.qc.ca\/sentiers\/a-propos\/documentation-et-rapport-annuel\/#primaryimage"},"image":{"@id":"https:\/\/cssdn.gouv.qc.ca\/sentiers\/a-propos\/documentation-et-rapport-annuel\/#primaryimage"},"thumbnailUrl":"https:\/\/cssdn.gouv.qc.ca\/wp-content\/uploads\/2022\/08\/Seawire-Hero-06.jpg","datePublished":"2022-11-08T21:07:54+00:00","dateModified":"2025-10-31T20:19:55+00:00","breadcrumb":{"@id":"https:\/\/cssdn.gouv.qc.ca\/sentiers\/a-propos\/documentation-et-rapport-annuel\/#breadcrumb"},"inLanguage":"fr-CA","potentialAction":[{"@type":"ReadAction","target":["https:\/\/cssdn.gouv.qc.ca\/sentiers\/a-propos\/documentation-et-rapport-annuel\/"]}]},{"@type":"ImageObject","inLanguage":"fr-CA","@id":"https:\/\/cssdn.gouv.qc.ca\/sentiers\/a-propos\/documentation-et-rapport-annuel\/#primaryimage","url":"https:\/\/cssdn.gouv.qc.ca\/wp-content\/uploads\/2022\/08\/Seawire-Hero-06.jpg","contentUrl":"https:\/\/cssdn.gouv.qc.ca\/wp-content\/uploads\/2022\/08\/Seawire-Hero-06.jpg"},{"@type":"BreadcrumbList","@id":"https:\/\/cssdn.gouv.qc.ca\/sentiers\/a-propos\/documentation-et-rapport-annuel\/#breadcrumb","itemListElement":[{"@type":"ListItem","position":1,"name":"Accueil","item":"https:\/\/cssdn.gouv.qc.ca\/sentiers\/"},{"@type":"ListItem","position":2,"name":"\u00c0 propos","item":"https:\/\/cssdn.gouv.qc.ca\/sentiers\/a-propos\/"},{"@type":"ListItem","position":3,"name":"Documentation officielle"}]},{"@type":"WebSite","@id":"https:\/\/cssdn.gouv.qc.ca\/sentiers\/#website","url":"https:\/\/cssdn.gouv.qc.ca\/sentiers\/","name":"\u00c9cole des Sentiers","description":"Un site des centres de services scolaires des Navigateurs","publisher":{"@id":"https:\/\/cssdn.gouv.qc.ca\/sentiers\/#organization"},"potentialAction":[{"@type":"SearchAction","target":{"@type":"EntryPoint","urlTemplate":"https:\/\/cssdn.gouv.qc.ca\/sentiers\/?s={search_term_string}"},"query-input":{"@type":"PropertyValueSpecification","valueRequired":true,"valueName":"search_term_string"}}],"inLanguage":"fr-CA"},{"@type":"Organization","@id":"https:\/\/cssdn.gouv.qc.ca\/sentiers\/#organization","name":"\u00c9cole des Sentiers","url":"https:\/\/cssdn.gouv.qc.ca\/sentiers\/","logo":{"@type":"ImageObject","inLanguage":"fr-CA","@id":"https:\/\/cssdn.gouv.qc.ca\/sentiers\/#\/schema\/logo\/image\/","url":"https:\/\/cssdn.gouv.qc.ca\/sentiers\/wp-content\/uploads\/sites\/61\/2023\/01\/logo_quebec.svg","contentUrl":"https:\/\/cssdn.gouv.qc.ca\/sentiers\/wp-content\/uploads\/sites\/61\/2023\/01\/logo_quebec.svg","width":188,"height":41,"caption":"\u00c9cole des Sentiers"},"image":{"@id":"https:\/\/cssdn.gouv.qc.ca\/sentiers\/#\/schema\/logo\/image\/"},"sameAs":["https:\/\/www.facebook.com\/ecoledessentiers"]}]}},"publishpress_future_action":{"enabled":false,"date":"2026-04-11 10:19:08","action":"change-status","newStatus":"draft","terms":[],"taxonomy":"category","extraData":[]},"publishpress_future_workflow_manual_trigger":{"enabledWorkflows":[]},"_links":{"self":[{"href":"https:\/\/cssdn.gouv.qc.ca\/sentiers\/wp-json\/wp\/v2\/pages\/11","targetHints":{"allow":["GET"]}}],"collection":[{"href":"https:\/\/cssdn.gouv.qc.ca\/sentiers\/wp-json\/wp\/v2\/pages"}],"about":[{"href":"https:\/\/cssdn.gouv.qc.ca\/sentiers\/wp-json\/wp\/v2\/types\/page"}],"author":[{"embeddable":true,"href":"https:\/\/cssdn.gouv.qc.ca\/sentiers\/wp-json\/wp\/v2\/users\/1"}],"replies":[{"embeddable":true,"href":"https:\/\/cssdn.gouv.qc.ca\/sentiers\/wp-json\/wp\/v2\/comments?post=11"}],"version-history":[{"count":0,"href":"https:\/\/cssdn.gouv.qc.ca\/sentiers\/wp-json\/wp\/v2\/pages\/11\/revisions"}],"up":[{"embeddable":true,"href":"https:\/\/cssdn.gouv.qc.ca\/sentiers\/wp-json\/wp\/v2\/pages\/6"}],"wp:attachment":[{"href":"https:\/\/cssdn.gouv.qc.ca\/sentiers\/wp-json\/wp\/v2\/media?parent=11"}],"wp:term":[{"taxonomy":"category","embeddable":true,"href":"https:\/\/cssdn.gouv.qc.ca\/sentiers\/wp-json\/wp\/v2\/categories?post=11"},{"taxonomy":"post_tag","embeddable":true,"href":"https:\/\/cssdn.gouv.qc.ca\/sentiers\/wp-json\/wp\/v2\/tags?post=11"}],"curies":[{"name":"wp","href":"https:\/\/api.w.org\/{rel}","templated":true}]}}