
{"id":9,"date":"2022-11-08T16:07:54","date_gmt":"2022-11-08T21:07:54","guid":{"rendered":"https:\/\/cssdn.gouv.qc.ca\/sentiers\/a-propos\/notre-equipe\/"},"modified":"2025-10-30T15:39:05","modified_gmt":"2025-10-30T19:39:05","slug":"notre-equipe","status":"publish","type":"page","link":"https:\/\/cssdn.gouv.qc.ca\/sentiers\/a-propos\/notre-equipe\/","title":{"rendered":"Notre \u00e9quipe"},"content":{"rendered":"\n<div class=\"wp-block-cover alignfull is-light is-style-title-banner\"><img decoding=\"async\" class=\"wp-block-cover__image-background wp-image-111 lazyload\" alt=\"\" data-src=\"https:\/\/cssdn.gouv.qc.ca\/wp-content\/uploads\/2022\/08\/Seawire-Hero-06.jpg\" data-object-fit=\"cover\" src=\"data:image\/svg+xml;base64,PHN2ZyB3aWR0aD0iMSIgaGVpZ2h0PSIxIiB4bWxucz0iaHR0cDovL3d3dy53My5vcmcvMjAwMC9zdmciPjwvc3ZnPg==\" \/><span aria-hidden=\"true\" class=\"wp-block-cover__background has-primary-background-color has-background-dim\"><\/span><div class=\"wp-block-cover__inner-container\"><h3 class=\"wp-block-post-title\">Notre \u00e9quipe<\/h3><\/div><\/div>\n\n\n\n<div class=\"wp-block-group alignfull has-padding-y-large has-secondary-background-color has-background\"><div class=\"yoast-breadcrumbs alignwide \"><span class=\"breadcrumbs\"><a href=\"https:\/\/cssdn.gouv.qc.ca\/sentiers\/\" class=\"breadcrumbs__element\">Accueil<\/a> <span class=\"breadcrumbs__separator\">\n        <svg class=\"icon icon-breadcrumb__separator\"><use xlink:href=\"#icon-breadcrumb__separator\"><\/use><\/svg>\n    <\/span> <a href=\"https:\/\/cssdn.gouv.qc.ca\/sentiers\/a-propos\/\" class=\"breadcrumbs__element\">\u00c0 propos<\/a> <span class=\"breadcrumbs__separator\">\n        <svg class=\"icon icon-breadcrumb__separator\"><use xlink:href=\"#icon-breadcrumb__separator\"><\/use><\/svg>\n    <\/span> <span class=\"breadcrumbs__element breadcrumbs__element-current\">Notre \u00e9quipe<\/span><\/span><\/div><\/div>\n\n\n\n<p class=\"wp-block-paragraph\">Pour 2025-2026, notre \u00e9cole accueille pr\u00e9sentement 622 \u00e9l\u00e8ves, de la maternelle 4 ans \u00e0 la 6\u00e8me ann\u00e9e.<\/p>\n\n\n\n<h2 class=\"wp-block-heading\">Personnel administratif <\/h2>\n\n\n\n<figure class=\"wp-block-table\"><table><tbody><tr><td>Direction<\/td><td>Madame Marie Venable<\/td><\/tr><tr><td>Direction adjointe<\/td><td>Madame Marie-Jos\u00e9e Turmel<\/td><\/tr><tr><td>Secr\u00e9taire d&rsquo;\u00e9cole<\/td><td>Madame Karine Lalibert\u00e9<\/td><\/tr><tr><td>Secr\u00e9taire<\/td><td>Madame Lucie Grenier<\/td><\/tr><tr><td>Technicienne service de garde<\/td><td>Madame Jos\u00e9e Montigny<\/td><\/tr><tr><td>Classe principale service de garde<\/td><td>Madame Kathleen Jeddry<\/td><\/tr><\/tbody><\/table><\/figure>\n\n\n\n<h2 class=\"wp-block-heading\">Personnel enseignant<\/h2>\n\n\n\n<div class=\"wp-block-columns\">\n<div class=\"wp-block-column\" style=\"flex-basis:100%\">\n<figure class=\"wp-block-table\"><table><tbody><tr><td>Passe-partout &#8211; 031<\/td><td>Madame Genevi\u00e8ve Plante<\/td><\/tr><tr><td>Maternelle 4 ans &#8211; 041<\/td><td>Madame Martine Blais<\/td><\/tr><tr><td>Maternelle 4 ans &#8211; 042<\/td><td>Madame Julie Talbot<\/td><\/tr><tr><td>Maternelle 4 ans  &#8211; 043<\/td><td>Madame Catherine Nolet<\/td><\/tr><tr><td>Maternelle 4 ans &#8211; 044<\/td><td>Madame Naomie Bourgoin<\/td><\/tr><tr><td>Maternelle 5 ans &#8211; 001<\/td><td>Madame St\u00e9fany Michaud<\/td><\/tr><tr><td>Maternelle 5 ans &#8211; 002<\/td><td>Madame Marie-\u00c9laine Gravel<\/td><\/tr><tr><td>Maternelle 5 ans &#8211; 003<\/td><td>Madame Alexandra Bonneau<\/td><\/tr><tr><td>Maternelle 5 ans &#8211; 004<\/td><td>Madame Joanie Garneau<\/td><\/tr><tr><td>Maternelle 5 ans &#8211; 005<\/td><td>Madame Judith Talbot<\/td><\/tr><tr><td>Maternelle 5 ans &#8211; 006<\/td><td>Madame Oph\u00e9lie Par\u00e9<\/td><\/tr><tr><td>1re ann\u00e9e &#8211; 101<\/td><td>Madame Marie-\u00c8ve Tremblay<\/td><\/tr><tr><td>1re ann\u00e9e &#8211; 102<\/td><td>Madame  St\u00e9phanie Martel<\/td><\/tr><tr><td>1re ann\u00e9e &#8211; 103<\/td><td>Madame Vicki Lavoie<\/td><\/tr><tr><td>1re ann\u00e9e &#8211; 104<\/td><td>Madame Laurence Gasse<\/td><\/tr><tr><td>1e-2e ann\u00e9e &#8211; 120-210<\/td><td>Madame Jessica St-Laurent<\/td><\/tr><tr><td>2e ann\u00e9e &#8211; 201<\/td><td>Madame Am\u00e9lie Godbout<\/td><\/tr><tr><td>2e ann\u00e9e &#8211; 202<\/td><td>Madame Gabrielle Laflamme<\/td><\/tr><tr><td>2e ann\u00e9e &#8211; 203<\/td><td>Madame Roxanne Poirier<\/td><\/tr><tr><td>3e ann\u00e9e &#8211; 301<\/td><td>Madame V\u00e9ronique Aubin et Madame M\u00e9lanie Br\u00fbl\u00e9<\/td><\/tr><tr><td>3e ann\u00e9e &#8211; 302<\/td><td>Madame M\u00e9lanie Br\u00fbl\u00e9 et Madame V\u00e9ronique Aubin<\/td><\/tr><tr><td>3e ann\u00e9e &#8211; 303<\/td><td>Madame Jessica B\u00e9dard<\/td><\/tr><tr><td>4e ann\u00e9e &#8211; 401<\/td><td>Madame Dominique Boily<\/td><\/tr><tr><td>4e ann\u00e9e &#8211; 402<\/td><td>Madame Jessie Baillargeon<\/td><\/tr><tr><td>4e ann\u00e9e &#8211; 403 <\/td><td>Madame Julie Lefebvre<\/td><\/tr><tr><td>4e-5e ann\u00e9es &#8211; 450-540<\/td><td>Madame Marie-Philip Hamel<\/td><\/tr><tr><td>5e ann\u00e9e &#8211; 501<\/td><td>Madame Nathalie Gosselin<\/td><\/tr><tr><td>5e ann\u00e9e &#8211; 502<\/td><td>Monsieur Pierre-Luc Lapointe<\/td><\/tr><tr><td>6e ann\u00e9e &#8211; 601 (anglais intensif,<br> partie fran\u00e7ais\/math)<\/td><td>Madame Daisy Fortin<\/td><\/tr><tr><td>6e ann\u00e9e &#8211; 602 (anglais intensif)<\/td><td>Madame Joanie Goulet<\/td><\/tr><tr><td>T\u00e2ches compl\u00e9mentaires pr\u00e9scolaire<\/td><td>Madame Christine Parent<\/td><\/tr><tr><td>T\u00e2ches compl\u00e9mentaires (1e \u00e0 5e)<\/td><td>Madame Gabrielle Demers<\/td><\/tr><tr><td>T\u00e2ches compl\u00e9mentaires (6e)<\/td><td>Madame Caroline Roussin<\/td><\/tr><tr><td>Anglais<\/td><td>Monsieur Steve Beaudet<\/td><\/tr><tr><td>Musique<\/td><td>Madame St\u00e9phanie Trudel<\/td><\/tr><tr><td>\u00c9ducation physique<\/td><td>Madame Cindy Laflamme<\/td><\/tr><tr><td>\u00c9ducation physique<\/td><td>Monsieur Damien Thuillier<\/td><\/tr><tr><td>\u00c9ducation physique<\/td><td>Madame Marie-No\u00eblle T\u00eatu<\/td><\/tr><tr><td>\u00c9ducation physique<\/td><td>Monsieur William Szalay<\/td><\/tr><\/tbody><\/table><\/figure>\n<\/div>\n<\/div>\n\n\n\n<h2 class=\"wp-block-heading\">Personnel de soutien &#8211; TES<\/h2>\n\n\n\n<figure class=\"wp-block-table\"><table><tbody><tr><td>TES pr\u00e9scolaire<\/td><td>Madame Cindy Fortier et Madame M\u00e9lanie Chr\u00e9tien<\/td><\/tr><tr><td>TES <\/td><td>Madame Julie Montminy et Madame Maryline Gari\u00e9py<\/td><\/tr><tr><td>TES <\/td><td>Madame M\u00e9lanie Gr\u00e9goire<\/td><\/tr><\/tbody><\/table><\/figure>\n\n\n\n<h2 class=\"wp-block-heading\">Personnel professionnel<\/h2>\n\n\n\n<figure class=\"wp-block-table\"><table><tbody><tr><td>Enseignante-orthop\u00e9dagogue<\/td><td>Madame Carle-Anne Marceau<\/td><\/tr><tr><td>Orthop\u00e9dagogue<\/td><td>Madame Rosalie Bibeau et Madame Gabrielle Bouret<\/td><\/tr><tr><td>Orthophoniste<\/td><td>Madame Maude Robichaud<\/td><\/tr><tr><td>Ergoth\u00e9rapeute<\/td><td>Madame M\u00e9lanie Par\u00e9<\/td><\/tr><tr><td>Psycho\u00e9ducatrice<\/td><td>Madame Chlo\u00e9 Bertrand<\/td><\/tr><tr><td>Psychologue<\/td><td>Madame Angie Bouchard<\/td><\/tr><\/tbody><\/table><\/figure>\n\n\n\n<h2 class=\"wp-block-heading\">\u00c9ducatrice en milieu scolaire:<\/h2>\n\n\n\n<p class=\"wp-block-paragraph\"><\/p>\n\n\n\n<figure class=\"wp-block-table\"><table class=\"has-fixed-layout\"><tbody><tr><td>Mesdames: Caroline Proulx, Mireille Gagn\u00e9, Chantale Lamothe, Sophie Bernier, Jo\u00eblle Dor\u00e9-Par\u00e9, Vanessa Courcy, Johanne Lapierre, St\u00e9phanie Robitaille, Jessica Lamothe, Zeineb Tlili, Alexandra Martineau, \u00c9dith Bibeau, Cindy Caron, Lorena Mendoza, M\u00e9lissa Rivard, Jos\u00e9e Godon, Val\u00e9rie Rioux-Morin, Caroline Tardif, Julianne Desrochers, Alice Rapino, Sabrina Doyon Laflamme, Mimine Guerrier, Bianka Dubois, Claudiane Latulippe, Evelyne Pelletier, Marie-Andr\u00e9e Roy. Monsieur Mathieu Lalancette.<\/td><\/tr><\/tbody><\/table><\/figure>\n\n\n\n<p class=\"wp-block-paragraph\"><\/p>\n","protected":false},"excerpt":{"rendered":"<p>Pour 2025-2026, notre \u00e9cole accueille pr\u00e9sentement 622 \u00e9l\u00e8ves, de la maternelle 4 ans \u00e0 la 6\u00e8me ann\u00e9e. Personnel administratif Direction Madame Marie Venable Direction adjointe Madame Marie-Jos\u00e9e Turmel Secr\u00e9taire d&rsquo;\u00e9cole Madame Karine Lalibert\u00e9 Secr\u00e9taire Madame Lucie Grenier Technicienne service de garde Madame Jos\u00e9e Montigny Classe principale service de garde Madame Kathleen Jeddry Personnel enseignant Passe-partout [&hellip;]<\/p>\n","protected":false},"author":1,"featured_media":0,"parent":6,"menu_order":0,"comment_status":"closed","ping_status":"closed","template":"","meta":{"_acf_changed":false,"_crdt_document":"","inline_featured_image":false,"footnotes":""},"categories":[],"tags":[],"class_list":["post-9","page","type-page","status-publish","hentry"],"acf":[],"yoast_head":"<!-- This site is optimized with the Yoast SEO plugin v27.3 - https:\/\/yoast.com\/product\/yoast-seo-wordpress\/ -->\n<title>Notre \u00e9quipe - \u00c9cole des Sentiers<\/title>\n<meta name=\"robots\" content=\"index, follow, max-snippet:-1, max-image-preview:large, max-video-preview:-1\" \/>\n<link rel=\"canonical\" href=\"https:\/\/cssdn.gouv.qc.ca\/sentiers\/a-propos\/notre-equipe\/\" \/>\n<meta property=\"og:locale\" content=\"fr_CA\" \/>\n<meta property=\"og:type\" content=\"article\" \/>\n<meta property=\"og:title\" content=\"Notre \u00e9quipe - \u00c9cole des Sentiers\" \/>\n<meta property=\"og:description\" content=\"Pour 2025-2026, notre \u00e9cole accueille pr\u00e9sentement 622 \u00e9l\u00e8ves, de la maternelle 4 ans \u00e0 la 6\u00e8me ann\u00e9e. Personnel administratif Direction Madame Marie Venable Direction adjointe Madame Marie-Jos\u00e9e Turmel Secr\u00e9taire d&rsquo;\u00e9cole Madame Karine Lalibert\u00e9 Secr\u00e9taire Madame Lucie Grenier Technicienne service de garde Madame Jos\u00e9e Montigny Classe principale service de garde Madame Kathleen Jeddry Personnel enseignant Passe-partout [&hellip;]\" \/>\n<meta property=\"og:url\" content=\"https:\/\/cssdn.gouv.qc.ca\/sentiers\/a-propos\/notre-equipe\/\" \/>\n<meta property=\"og:site_name\" content=\"\u00c9cole des Sentiers\" \/>\n<meta property=\"article:publisher\" content=\"https:\/\/www.facebook.com\/ecoledessentiers\" \/>\n<meta property=\"article:modified_time\" content=\"2025-10-30T19:39:05+00:00\" \/>\n<meta name=\"twitter:card\" content=\"summary_large_image\" \/>\n<meta name=\"twitter:label1\" content=\"Estimation du temps de lecture\" \/>\n\t<meta name=\"twitter:data1\" content=\"3 minutes\" \/>\n<script type=\"application\/ld+json\" class=\"yoast-schema-graph\">{\"@context\":\"https:\\\/\\\/schema.org\",\"@graph\":[{\"@type\":\"WebPage\",\"@id\":\"https:\\\/\\\/cssdn.gouv.qc.ca\\\/sentiers\\\/a-propos\\\/notre-equipe\\\/\",\"url\":\"https:\\\/\\\/cssdn.gouv.qc.ca\\\/sentiers\\\/a-propos\\\/notre-equipe\\\/\",\"name\":\"Notre \u00e9quipe - \u00c9cole des Sentiers\",\"isPartOf\":{\"@id\":\"https:\\\/\\\/cssdn.gouv.qc.ca\\\/sentiers\\\/#website\"},\"primaryImageOfPage\":{\"@id\":\"https:\\\/\\\/cssdn.gouv.qc.ca\\\/sentiers\\\/a-propos\\\/notre-equipe\\\/#primaryimage\"},\"image\":{\"@id\":\"https:\\\/\\\/cssdn.gouv.qc.ca\\\/sentiers\\\/a-propos\\\/notre-equipe\\\/#primaryimage\"},\"thumbnailUrl\":\"https:\\\/\\\/cssdn.gouv.qc.ca\\\/wp-content\\\/uploads\\\/2022\\\/08\\\/Seawire-Hero-06.jpg\",\"datePublished\":\"2022-11-08T21:07:54+00:00\",\"dateModified\":\"2025-10-30T19:39:05+00:00\",\"breadcrumb\":{\"@id\":\"https:\\\/\\\/cssdn.gouv.qc.ca\\\/sentiers\\\/a-propos\\\/notre-equipe\\\/#breadcrumb\"},\"inLanguage\":\"fr-CA\",\"potentialAction\":[{\"@type\":\"ReadAction\",\"target\":[\"https:\\\/\\\/cssdn.gouv.qc.ca\\\/sentiers\\\/a-propos\\\/notre-equipe\\\/\"]}]},{\"@type\":\"ImageObject\",\"inLanguage\":\"fr-CA\",\"@id\":\"https:\\\/\\\/cssdn.gouv.qc.ca\\\/sentiers\\\/a-propos\\\/notre-equipe\\\/#primaryimage\",\"url\":\"https:\\\/\\\/cssdn.gouv.qc.ca\\\/wp-content\\\/uploads\\\/2022\\\/08\\\/Seawire-Hero-06.jpg\",\"contentUrl\":\"https:\\\/\\\/cssdn.gouv.qc.ca\\\/wp-content\\\/uploads\\\/2022\\\/08\\\/Seawire-Hero-06.jpg\"},{\"@type\":\"BreadcrumbList\",\"@id\":\"https:\\\/\\\/cssdn.gouv.qc.ca\\\/sentiers\\\/a-propos\\\/notre-equipe\\\/#breadcrumb\",\"itemListElement\":[{\"@type\":\"ListItem\",\"position\":1,\"name\":\"Accueil\",\"item\":\"https:\\\/\\\/cssdn.gouv.qc.ca\\\/sentiers\\\/\"},{\"@type\":\"ListItem\",\"position\":2,\"name\":\"\u00c0 propos\",\"item\":\"https:\\\/\\\/cssdn.gouv.qc.ca\\\/sentiers\\\/a-propos\\\/\"},{\"@type\":\"ListItem\",\"position\":3,\"name\":\"Notre \u00e9quipe\"}]},{\"@type\":\"WebSite\",\"@id\":\"https:\\\/\\\/cssdn.gouv.qc.ca\\\/sentiers\\\/#website\",\"url\":\"https:\\\/\\\/cssdn.gouv.qc.ca\\\/sentiers\\\/\",\"name\":\"\u00c9cole des Sentiers\",\"description\":\"Un site des centres de services scolaires des Navigateurs\",\"publisher\":{\"@id\":\"https:\\\/\\\/cssdn.gouv.qc.ca\\\/sentiers\\\/#organization\"},\"potentialAction\":[{\"@type\":\"SearchAction\",\"target\":{\"@type\":\"EntryPoint\",\"urlTemplate\":\"https:\\\/\\\/cssdn.gouv.qc.ca\\\/sentiers\\\/?s={search_term_string}\"},\"query-input\":{\"@type\":\"PropertyValueSpecification\",\"valueRequired\":true,\"valueName\":\"search_term_string\"}}],\"inLanguage\":\"fr-CA\"},{\"@type\":\"Organization\",\"@id\":\"https:\\\/\\\/cssdn.gouv.qc.ca\\\/sentiers\\\/#organization\",\"name\":\"\u00c9cole des Sentiers\",\"url\":\"https:\\\/\\\/cssdn.gouv.qc.ca\\\/sentiers\\\/\",\"logo\":{\"@type\":\"ImageObject\",\"inLanguage\":\"fr-CA\",\"@id\":\"https:\\\/\\\/cssdn.gouv.qc.ca\\\/sentiers\\\/#\\\/schema\\\/logo\\\/image\\\/\",\"url\":\"https:\\\/\\\/cssdn.gouv.qc.ca\\\/sentiers\\\/wp-content\\\/uploads\\\/sites\\\/61\\\/2023\\\/01\\\/logo_quebec.svg\",\"contentUrl\":\"https:\\\/\\\/cssdn.gouv.qc.ca\\\/sentiers\\\/wp-content\\\/uploads\\\/sites\\\/61\\\/2023\\\/01\\\/logo_quebec.svg\",\"width\":188,\"height\":41,\"caption\":\"\u00c9cole des Sentiers\"},\"image\":{\"@id\":\"https:\\\/\\\/cssdn.gouv.qc.ca\\\/sentiers\\\/#\\\/schema\\\/logo\\\/image\\\/\"},\"sameAs\":[\"https:\\\/\\\/www.facebook.com\\\/ecoledessentiers\"]}]}<\/script>\n<!-- \/ Yoast SEO plugin. -->","yoast_head_json":{"title":"Notre \u00e9quipe - \u00c9cole des Sentiers","robots":{"index":"index","follow":"follow","max-snippet":"max-snippet:-1","max-image-preview":"max-image-preview:large","max-video-preview":"max-video-preview:-1"},"canonical":"https:\/\/cssdn.gouv.qc.ca\/sentiers\/a-propos\/notre-equipe\/","og_locale":"fr_CA","og_type":"article","og_title":"Notre \u00e9quipe - \u00c9cole des Sentiers","og_description":"Pour 2025-2026, notre \u00e9cole accueille pr\u00e9sentement 622 \u00e9l\u00e8ves, de la maternelle 4 ans \u00e0 la 6\u00e8me ann\u00e9e. Personnel administratif Direction Madame Marie Venable Direction adjointe Madame Marie-Jos\u00e9e Turmel Secr\u00e9taire d&rsquo;\u00e9cole Madame Karine Lalibert\u00e9 Secr\u00e9taire Madame Lucie Grenier Technicienne service de garde Madame Jos\u00e9e Montigny Classe principale service de garde Madame Kathleen Jeddry Personnel enseignant Passe-partout [&hellip;]","og_url":"https:\/\/cssdn.gouv.qc.ca\/sentiers\/a-propos\/notre-equipe\/","og_site_name":"\u00c9cole des Sentiers","article_publisher":"https:\/\/www.facebook.com\/ecoledessentiers","article_modified_time":"2025-10-30T19:39:05+00:00","twitter_card":"summary_large_image","twitter_misc":{"Estimation du temps de lecture":"3 minutes"},"schema":{"@context":"https:\/\/schema.org","@graph":[{"@type":"WebPage","@id":"https:\/\/cssdn.gouv.qc.ca\/sentiers\/a-propos\/notre-equipe\/","url":"https:\/\/cssdn.gouv.qc.ca\/sentiers\/a-propos\/notre-equipe\/","name":"Notre \u00e9quipe - \u00c9cole des Sentiers","isPartOf":{"@id":"https:\/\/cssdn.gouv.qc.ca\/sentiers\/#website"},"primaryImageOfPage":{"@id":"https:\/\/cssdn.gouv.qc.ca\/sentiers\/a-propos\/notre-equipe\/#primaryimage"},"image":{"@id":"https:\/\/cssdn.gouv.qc.ca\/sentiers\/a-propos\/notre-equipe\/#primaryimage"},"thumbnailUrl":"https:\/\/cssdn.gouv.qc.ca\/wp-content\/uploads\/2022\/08\/Seawire-Hero-06.jpg","datePublished":"2022-11-08T21:07:54+00:00","dateModified":"2025-10-30T19:39:05+00:00","breadcrumb":{"@id":"https:\/\/cssdn.gouv.qc.ca\/sentiers\/a-propos\/notre-equipe\/#breadcrumb"},"inLanguage":"fr-CA","potentialAction":[{"@type":"ReadAction","target":["https:\/\/cssdn.gouv.qc.ca\/sentiers\/a-propos\/notre-equipe\/"]}]},{"@type":"ImageObject","inLanguage":"fr-CA","@id":"https:\/\/cssdn.gouv.qc.ca\/sentiers\/a-propos\/notre-equipe\/#primaryimage","url":"https:\/\/cssdn.gouv.qc.ca\/wp-content\/uploads\/2022\/08\/Seawire-Hero-06.jpg","contentUrl":"https:\/\/cssdn.gouv.qc.ca\/wp-content\/uploads\/2022\/08\/Seawire-Hero-06.jpg"},{"@type":"BreadcrumbList","@id":"https:\/\/cssdn.gouv.qc.ca\/sentiers\/a-propos\/notre-equipe\/#breadcrumb","itemListElement":[{"@type":"ListItem","position":1,"name":"Accueil","item":"https:\/\/cssdn.gouv.qc.ca\/sentiers\/"},{"@type":"ListItem","position":2,"name":"\u00c0 propos","item":"https:\/\/cssdn.gouv.qc.ca\/sentiers\/a-propos\/"},{"@type":"ListItem","position":3,"name":"Notre \u00e9quipe"}]},{"@type":"WebSite","@id":"https:\/\/cssdn.gouv.qc.ca\/sentiers\/#website","url":"https:\/\/cssdn.gouv.qc.ca\/sentiers\/","name":"\u00c9cole des Sentiers","description":"Un site des centres de services scolaires des Navigateurs","publisher":{"@id":"https:\/\/cssdn.gouv.qc.ca\/sentiers\/#organization"},"potentialAction":[{"@type":"SearchAction","target":{"@type":"EntryPoint","urlTemplate":"https:\/\/cssdn.gouv.qc.ca\/sentiers\/?s={search_term_string}"},"query-input":{"@type":"PropertyValueSpecification","valueRequired":true,"valueName":"search_term_string"}}],"inLanguage":"fr-CA"},{"@type":"Organization","@id":"https:\/\/cssdn.gouv.qc.ca\/sentiers\/#organization","name":"\u00c9cole des Sentiers","url":"https:\/\/cssdn.gouv.qc.ca\/sentiers\/","logo":{"@type":"ImageObject","inLanguage":"fr-CA","@id":"https:\/\/cssdn.gouv.qc.ca\/sentiers\/#\/schema\/logo\/image\/","url":"https:\/\/cssdn.gouv.qc.ca\/sentiers\/wp-content\/uploads\/sites\/61\/2023\/01\/logo_quebec.svg","contentUrl":"https:\/\/cssdn.gouv.qc.ca\/sentiers\/wp-content\/uploads\/sites\/61\/2023\/01\/logo_quebec.svg","width":188,"height":41,"caption":"\u00c9cole des Sentiers"},"image":{"@id":"https:\/\/cssdn.gouv.qc.ca\/sentiers\/#\/schema\/logo\/image\/"},"sameAs":["https:\/\/www.facebook.com\/ecoledessentiers"]}]}},"publishpress_future_action":{"enabled":false,"date":"2026-04-11 10:19:08","action":"change-status","newStatus":"draft","terms":[],"taxonomy":"category","extraData":[]},"publishpress_future_workflow_manual_trigger":{"enabledWorkflows":[]},"_links":{"self":[{"href":"https:\/\/cssdn.gouv.qc.ca\/sentiers\/wp-json\/wp\/v2\/pages\/9","targetHints":{"allow":["GET"]}}],"collection":[{"href":"https:\/\/cssdn.gouv.qc.ca\/sentiers\/wp-json\/wp\/v2\/pages"}],"about":[{"href":"https:\/\/cssdn.gouv.qc.ca\/sentiers\/wp-json\/wp\/v2\/types\/page"}],"author":[{"embeddable":true,"href":"https:\/\/cssdn.gouv.qc.ca\/sentiers\/wp-json\/wp\/v2\/users\/1"}],"replies":[{"embeddable":true,"href":"https:\/\/cssdn.gouv.qc.ca\/sentiers\/wp-json\/wp\/v2\/comments?post=9"}],"version-history":[{"count":0,"href":"https:\/\/cssdn.gouv.qc.ca\/sentiers\/wp-json\/wp\/v2\/pages\/9\/revisions"}],"up":[{"embeddable":true,"href":"https:\/\/cssdn.gouv.qc.ca\/sentiers\/wp-json\/wp\/v2\/pages\/6"}],"wp:attachment":[{"href":"https:\/\/cssdn.gouv.qc.ca\/sentiers\/wp-json\/wp\/v2\/media?parent=9"}],"wp:term":[{"taxonomy":"category","embeddable":true,"href":"https:\/\/cssdn.gouv.qc.ca\/sentiers\/wp-json\/wp\/v2\/categories?post=9"},{"taxonomy":"post_tag","embeddable":true,"href":"https:\/\/cssdn.gouv.qc.ca\/sentiers\/wp-json\/wp\/v2\/tags?post=9"}],"curies":[{"name":"wp","href":"https:\/\/api.w.org\/{rel}","templated":true}]}}