
{"id":10,"date":"2022-11-08T16:07:54","date_gmt":"2022-11-08T21:07:54","guid":{"rendered":"https:\/\/cssdn.gouv.qc.ca\/source\/a-propos\/conseil-detablissement\/"},"modified":"2026-03-13T09:57:39","modified_gmt":"2026-03-13T13:57:39","slug":"conseil-detabliss","status":"publish","type":"page","link":"https:\/\/cssdn.gouv.qc.ca\/source\/a-propos\/conseil-detabliss\/","title":{"rendered":"Conseil d&rsquo;\u00e9tablissement"},"content":{"rendered":"\n<div class=\"wp-block-cover alignfull is-light is-style-title-banner\"><img decoding=\"async\" class=\"wp-block-cover__image-background wp-image-111 lazyload\" alt=\"\" data-src=\"https:\/\/cssdn.gouv.qc.ca\/wp-content\/uploads\/2022\/08\/Seawire-Hero-06.jpg\" data-object-fit=\"cover\" src=\"data:image\/svg+xml;base64,PHN2ZyB3aWR0aD0iMSIgaGVpZ2h0PSIxIiB4bWxucz0iaHR0cDovL3d3dy53My5vcmcvMjAwMC9zdmciPjwvc3ZnPg==\" \/><span aria-hidden=\"true\" class=\"wp-block-cover__background has-primary-background-color has-background-dim\"><\/span><div class=\"wp-block-cover__inner-container\"><h3 class=\"wp-block-post-title\">Conseil d&rsquo;\u00e9tablissement<\/h3><\/div><\/div>\n\n\n\n<div class=\"wp-block-group alignfull has-padding-y-large has-secondary-background-color has-background\"><div class=\"yoast-breadcrumbs alignwide \"><span class=\"breadcrumbs\"><a href=\"https:\/\/cssdn.gouv.qc.ca\/source\/\" class=\"breadcrumbs__element\">Accueil<\/a> <span class=\"breadcrumbs__separator\">\n        <svg class=\"icon icon-breadcrumb__separator\"><use xlink:href=\"#icon-breadcrumb__separator\"><\/use><\/svg>\n    <\/span> <a href=\"https:\/\/cssdn.gouv.qc.ca\/source\/a-propos\/\" class=\"breadcrumbs__element\">\u00c0 propos<\/a> <span class=\"breadcrumbs__separator\">\n        <svg class=\"icon icon-breadcrumb__separator\"><use xlink:href=\"#icon-breadcrumb__separator\"><\/use><\/svg>\n    <\/span> <span class=\"breadcrumbs__element breadcrumbs__element-current\">Conseil d&rsquo;\u00e9tablissement<\/span><\/span><\/div>\n\n\n<h2 class=\"wp-block-heading\">Dates des rencontres du conseil d&rsquo;\u00e9tablissement<\/h2>\n\n\n\n<ul class=\"wp-block-list\">\n<li>Assembl\u00e9e g\u00e9n\u00e9rale des parents : 10 septembre 2025, 18 h<\/li>\n\n\n\n<li>R\u00e9union r\u00e9guli\u00e8re : 15 octobre 2025, 18 h 15<\/li>\n\n\n\n<li>R\u00e9union r\u00e9guli\u00e8re : 3 d\u00e9cembre 2025, 18 h 15<\/li>\n\n\n\n<li>R\u00e9union r\u00e9guli\u00e8re : 11 f\u00e9vrier 2026, 18 h 15<\/li>\n\n\n\n<li>R\u00e9union r\u00e9guli\u00e8re : 25 mars 2026, 18 h 15<\/li>\n\n\n\n<li>R\u00e9union r\u00e9guli\u00e8re : 6 mai 2026, 18 h 15<\/li>\n\n\n\n<li>R\u00e9union r\u00e9guli\u00e8re : 10 juin 2026, 18 h 15<\/li>\n<\/ul>\n<\/div>\n\n\n\n<h2 class=\"wp-block-heading\">Proc\u00e8s-verbaux et rapport annuel<\/h2>\n\n\n\n<div class=\"wp-block-file\"><a id=\"wp-block-file--media-c665bf38-4823-48b0-b8b5-f9a358de406c\" href=\"https:\/\/cssdn.gouv.qc.ca\/source\/wp-content\/uploads\/sites\/62\/2026\/02\/Proces-verbal-du-3-decembre-2025-2.pdf\">Proc\u00e8s-verbal du 3 d\u00e9cembre 2025<\/a><a href=\"https:\/\/cssdn.gouv.qc.ca\/source\/wp-content\/uploads\/sites\/62\/2026\/02\/Proces-verbal-du-3-decembre-2025-2.pdf\" class=\"wp-block-file__button wp-element-button\" download aria-describedby=\"wp-block-file--media-c665bf38-4823-48b0-b8b5-f9a358de406c\">Download<\/a><\/div>\n\n\n\n<div class=\"wp-block-file\"><a id=\"wp-block-file--media-c5cc0e70-c9be-4de1-9b54-726046dedb8c\" href=\"https:\/\/cssdn.gouv.qc.ca\/source\/wp-content\/uploads\/sites\/62\/2026\/02\/Proces-verbal-du-8-septembre-2025.pdf\">Proc\u00e8s-verbal du 8 septembre 2025<\/a><a href=\"https:\/\/cssdn.gouv.qc.ca\/source\/wp-content\/uploads\/sites\/62\/2026\/02\/Proces-verbal-du-8-septembre-2025.pdf\" class=\"wp-block-file__button wp-element-button\" download aria-describedby=\"wp-block-file--media-c5cc0e70-c9be-4de1-9b54-726046dedb8c\">Download<\/a><\/div>\n\n\n\n<div class=\"wp-block-file\"><a id=\"wp-block-file--media-fa5b24de-4200-4db3-a45e-f97c049de012\" href=\"https:\/\/cssdn.gouv.qc.ca\/source\/wp-content\/uploads\/sites\/62\/2026\/02\/Rapport-annuel-La-Source-CE-2024-2025.pdf\">Rapport-annuel-La Source-CE 2024-2025<\/a><a href=\"https:\/\/cssdn.gouv.qc.ca\/source\/wp-content\/uploads\/sites\/62\/2026\/02\/Rapport-annuel-La-Source-CE-2024-2025.pdf\" class=\"wp-block-file__button wp-element-button\" download aria-describedby=\"wp-block-file--media-fa5b24de-4200-4db3-a45e-f97c049de012\">Download<\/a><\/div>\n\n\n\n<div class=\"wp-block-file\"><a id=\"wp-block-file--media-2990d1df-c6e1-4f00-bd4c-f1a5b3824887\" href=\"https:\/\/cssdn.gouv.qc.ca\/source\/wp-content\/uploads\/sites\/62\/2026\/03\/Regles-de-regie-interne-janvier-2025-1-1.pdf\">R\u00e8gles de r\u00e9gie interne 2025-26<\/a><a href=\"https:\/\/cssdn.gouv.qc.ca\/source\/wp-content\/uploads\/sites\/62\/2026\/03\/Regles-de-regie-interne-janvier-2025-1-1.pdf\" class=\"wp-block-file__button wp-element-button\" download aria-describedby=\"wp-block-file--media-2990d1df-c6e1-4f00-bd4c-f1a5b3824887\">Download<\/a><\/div>\n\n\n\n<h2 class=\"wp-block-heading\">Membres<\/h2>\n\n\n\n<p class=\"wp-block-paragraph\">Carolyne Plourde, pr\u00e9sidente<\/p>\n\n\n\n<p class=\"wp-block-paragraph\">Mathieu Roy, parent, secr\u00e9taire et repr\u00e9sentant au comit\u00e9 de parents<\/p>\n\n\n\n<p class=\"wp-block-paragraph\">William Arsenault, parent<\/p>\n\n\n\n<p class=\"wp-block-paragraph\">Line Beaudoin, parent<\/p>\n\n\n\n<p class=\"wp-block-paragraph\">Jessica Croteau, parent et vice-pr\u00e9sidente<\/p>\n\n\n\n<p class=\"wp-block-paragraph\">Guylaine Guay, parent<\/p>\n\n\n\n<p class=\"wp-block-paragraph\">Sabrina Daigle, parent et substitut<\/p>\n\n\n\n<p class=\"wp-block-paragraph\">Roxanne Beaulieu, parent substitut<\/p>\n\n\n\n<p class=\"wp-block-paragraph\">Marie-Jos\u00e9e Demers, titulaire en 2e ann\u00e9e<\/p>\n\n\n\n<p class=\"wp-block-paragraph\">Caroline Rouleau, titulaire en 4e-5e ann\u00e9e<\/p>\n\n\n\n<p class=\"wp-block-paragraph\">Isabelle Genest, compl\u00e9ment de t\u00e2ches au primaire<\/p>\n\n\n\n<p class=\"wp-block-paragraph\">Kelly Delile, technicienne en \u00e9ducation sp\u00e9cialis\u00e9e<\/p>\n\n\n\n<p class=\"wp-block-paragraph\">Sarah Schaerli, psycho\u00e9ducatrice<\/p>\n\n\n\n<p class=\"wp-block-paragraph\">Isabelle Cyr-Boudreau, orthop\u00e9dagogue<\/p>\n\n\n\n<p class=\"wp-block-paragraph\">Isabelle Nadeau, technicienne au service de garde<\/p>\n\n\n\n<p class=\"wp-block-paragraph\">Substituts: Sabrina Daigle (parent), Roxanne Beaulieu (parent)<\/p>\n\n\n\n<p class=\"wp-block-paragraph\"><\/p>\n\n\n\n<p class=\"wp-block-paragraph\"><\/p>\n\n\n\n<p class=\"wp-block-paragraph\"><\/p>\n","protected":false},"excerpt":{"rendered":"<p>Dates des rencontres du conseil d&rsquo;\u00e9tablissement Proc\u00e8s-verbaux et rapport annuel Membres Carolyne Plourde, pr\u00e9sidente Mathieu Roy, parent, secr\u00e9taire et repr\u00e9sentant au comit\u00e9 de parents William Arsenault, parent Line Beaudoin, parent Jessica Croteau, parent et vice-pr\u00e9sidente Guylaine Guay, parent Sabrina Daigle, parent et substitut Roxanne Beaulieu, parent substitut Marie-Jos\u00e9e Demers, titulaire en 2e ann\u00e9e Caroline Rouleau, [&hellip;]<\/p>\n","protected":false},"author":1,"featured_media":0,"parent":6,"menu_order":0,"comment_status":"closed","ping_status":"closed","template":"","meta":{"_acf_changed":false,"_crdt_document":"","inline_featured_image":false,"footnotes":""},"categories":[],"tags":[],"class_list":["post-10","page","type-page","status-publish","hentry"],"acf":[],"yoast_head":"<!-- This site is optimized with the Yoast SEO plugin v27.4 - https:\/\/yoast.com\/product\/yoast-seo-wordpress\/ -->\n<title>Conseil d&#039;\u00e9tablissement - \u00c9cole de la Source<\/title>\n<meta name=\"robots\" content=\"index, follow, max-snippet:-1, max-image-preview:large, max-video-preview:-1\" \/>\n<link rel=\"canonical\" href=\"https:\/\/cssdn.gouv.qc.ca\/source\/a-propos\/conseil-detabliss\/\" \/>\n<meta property=\"og:locale\" content=\"fr_CA\" \/>\n<meta property=\"og:type\" content=\"article\" \/>\n<meta property=\"og:title\" content=\"Conseil d&#039;\u00e9tablissement - \u00c9cole de la Source\" \/>\n<meta property=\"og:description\" content=\"Dates des rencontres du conseil d&rsquo;\u00e9tablissement Proc\u00e8s-verbaux et rapport annuel Membres Carolyne Plourde, pr\u00e9sidente Mathieu Roy, parent, secr\u00e9taire et repr\u00e9sentant au comit\u00e9 de parents William Arsenault, parent Line Beaudoin, parent Jessica Croteau, parent et vice-pr\u00e9sidente Guylaine Guay, parent Sabrina Daigle, parent et substitut Roxanne Beaulieu, parent substitut Marie-Jos\u00e9e Demers, titulaire en 2e ann\u00e9e Caroline Rouleau, [&hellip;]\" \/>\n<meta property=\"og:url\" content=\"https:\/\/cssdn.gouv.qc.ca\/source\/a-propos\/conseil-detabliss\/\" \/>\n<meta property=\"og:site_name\" content=\"\u00c9cole de la Source\" \/>\n<meta property=\"article:publisher\" content=\"https:\/\/www.facebook.com\/profile.php?id=100057776164861\" \/>\n<meta property=\"article:modified_time\" content=\"2026-03-13T13:57:39+00:00\" \/>\n<meta name=\"twitter:card\" content=\"summary_large_image\" \/>\n<meta name=\"twitter:label1\" content=\"Estimation du temps de lecture\" \/>\n\t<meta name=\"twitter:data1\" content=\"2 minutes\" \/>\n<script type=\"application\/ld+json\" class=\"yoast-schema-graph\">{\"@context\":\"https:\\\/\\\/schema.org\",\"@graph\":[{\"@type\":\"WebPage\",\"@id\":\"https:\\\/\\\/cssdn.gouv.qc.ca\\\/source\\\/a-propos\\\/conseil-detabliss\\\/\",\"url\":\"https:\\\/\\\/cssdn.gouv.qc.ca\\\/source\\\/a-propos\\\/conseil-detabliss\\\/\",\"name\":\"Conseil d'\u00e9tablissement - \u00c9cole de la Source\",\"isPartOf\":{\"@id\":\"https:\\\/\\\/cssdn.gouv.qc.ca\\\/source\\\/#website\"},\"primaryImageOfPage\":{\"@id\":\"https:\\\/\\\/cssdn.gouv.qc.ca\\\/source\\\/a-propos\\\/conseil-detabliss\\\/#primaryimage\"},\"image\":{\"@id\":\"https:\\\/\\\/cssdn.gouv.qc.ca\\\/source\\\/a-propos\\\/conseil-detabliss\\\/#primaryimage\"},\"thumbnailUrl\":\"https:\\\/\\\/cssdn.gouv.qc.ca\\\/wp-content\\\/uploads\\\/2022\\\/08\\\/Seawire-Hero-06.jpg\",\"datePublished\":\"2022-11-08T21:07:54+00:00\",\"dateModified\":\"2026-03-13T13:57:39+00:00\",\"breadcrumb\":{\"@id\":\"https:\\\/\\\/cssdn.gouv.qc.ca\\\/source\\\/a-propos\\\/conseil-detabliss\\\/#breadcrumb\"},\"inLanguage\":\"fr-CA\",\"potentialAction\":[{\"@type\":\"ReadAction\",\"target\":[\"https:\\\/\\\/cssdn.gouv.qc.ca\\\/source\\\/a-propos\\\/conseil-detabliss\\\/\"]}]},{\"@type\":\"ImageObject\",\"inLanguage\":\"fr-CA\",\"@id\":\"https:\\\/\\\/cssdn.gouv.qc.ca\\\/source\\\/a-propos\\\/conseil-detabliss\\\/#primaryimage\",\"url\":\"https:\\\/\\\/cssdn.gouv.qc.ca\\\/wp-content\\\/uploads\\\/2022\\\/08\\\/Seawire-Hero-06.jpg\",\"contentUrl\":\"https:\\\/\\\/cssdn.gouv.qc.ca\\\/wp-content\\\/uploads\\\/2022\\\/08\\\/Seawire-Hero-06.jpg\"},{\"@type\":\"BreadcrumbList\",\"@id\":\"https:\\\/\\\/cssdn.gouv.qc.ca\\\/source\\\/a-propos\\\/conseil-detabliss\\\/#breadcrumb\",\"itemListElement\":[{\"@type\":\"ListItem\",\"position\":1,\"name\":\"Accueil\",\"item\":\"https:\\\/\\\/cssdn.gouv.qc.ca\\\/source\\\/\"},{\"@type\":\"ListItem\",\"position\":2,\"name\":\"\u00c0 propos\",\"item\":\"https:\\\/\\\/cssdn.gouv.qc.ca\\\/source\\\/a-propos\\\/\"},{\"@type\":\"ListItem\",\"position\":3,\"name\":\"Conseil d&rsquo;\u00e9tablissement\"}]},{\"@type\":\"WebSite\",\"@id\":\"https:\\\/\\\/cssdn.gouv.qc.ca\\\/source\\\/#website\",\"url\":\"https:\\\/\\\/cssdn.gouv.qc.ca\\\/source\\\/\",\"name\":\"\u00c9cole de la Source\",\"description\":\"Un site des centres de services scolaires des Navigateurs\",\"publisher\":{\"@id\":\"https:\\\/\\\/cssdn.gouv.qc.ca\\\/source\\\/#organization\"},\"potentialAction\":[{\"@type\":\"SearchAction\",\"target\":{\"@type\":\"EntryPoint\",\"urlTemplate\":\"https:\\\/\\\/cssdn.gouv.qc.ca\\\/source\\\/?s={search_term_string}\"},\"query-input\":{\"@type\":\"PropertyValueSpecification\",\"valueRequired\":true,\"valueName\":\"search_term_string\"}}],\"inLanguage\":\"fr-CA\"},{\"@type\":\"Organization\",\"@id\":\"https:\\\/\\\/cssdn.gouv.qc.ca\\\/source\\\/#organization\",\"name\":\"\u00c9cole de la Source\",\"url\":\"https:\\\/\\\/cssdn.gouv.qc.ca\\\/source\\\/\",\"logo\":{\"@type\":\"ImageObject\",\"inLanguage\":\"fr-CA\",\"@id\":\"https:\\\/\\\/cssdn.gouv.qc.ca\\\/source\\\/#\\\/schema\\\/logo\\\/image\\\/\",\"url\":\"https:\\\/\\\/cssdn.gouv.qc.ca\\\/source\\\/wp-content\\\/uploads\\\/sites\\\/62\\\/2023\\\/01\\\/logo_quebec.svg\",\"contentUrl\":\"https:\\\/\\\/cssdn.gouv.qc.ca\\\/source\\\/wp-content\\\/uploads\\\/sites\\\/62\\\/2023\\\/01\\\/logo_quebec.svg\",\"width\":188,\"height\":41,\"caption\":\"\u00c9cole de la Source\"},\"image\":{\"@id\":\"https:\\\/\\\/cssdn.gouv.qc.ca\\\/source\\\/#\\\/schema\\\/logo\\\/image\\\/\"},\"sameAs\":[\"https:\\\/\\\/www.facebook.com\\\/profile.php?id=100057776164861\"]}]}<\/script>\n<!-- \/ Yoast SEO plugin. -->","yoast_head_json":{"title":"Conseil d'\u00e9tablissement - \u00c9cole de la Source","robots":{"index":"index","follow":"follow","max-snippet":"max-snippet:-1","max-image-preview":"max-image-preview:large","max-video-preview":"max-video-preview:-1"},"canonical":"https:\/\/cssdn.gouv.qc.ca\/source\/a-propos\/conseil-detabliss\/","og_locale":"fr_CA","og_type":"article","og_title":"Conseil d'\u00e9tablissement - \u00c9cole de la Source","og_description":"Dates des rencontres du conseil d&rsquo;\u00e9tablissement Proc\u00e8s-verbaux et rapport annuel Membres Carolyne Plourde, pr\u00e9sidente Mathieu Roy, parent, secr\u00e9taire et repr\u00e9sentant au comit\u00e9 de parents William Arsenault, parent Line Beaudoin, parent Jessica Croteau, parent et vice-pr\u00e9sidente Guylaine Guay, parent Sabrina Daigle, parent et substitut Roxanne Beaulieu, parent substitut Marie-Jos\u00e9e Demers, titulaire en 2e ann\u00e9e Caroline Rouleau, [&hellip;]","og_url":"https:\/\/cssdn.gouv.qc.ca\/source\/a-propos\/conseil-detabliss\/","og_site_name":"\u00c9cole de la Source","article_publisher":"https:\/\/www.facebook.com\/profile.php?id=100057776164861","article_modified_time":"2026-03-13T13:57:39+00:00","twitter_card":"summary_large_image","twitter_misc":{"Estimation du temps de lecture":"2 minutes"},"schema":{"@context":"https:\/\/schema.org","@graph":[{"@type":"WebPage","@id":"https:\/\/cssdn.gouv.qc.ca\/source\/a-propos\/conseil-detabliss\/","url":"https:\/\/cssdn.gouv.qc.ca\/source\/a-propos\/conseil-detabliss\/","name":"Conseil d'\u00e9tablissement - \u00c9cole de la Source","isPartOf":{"@id":"https:\/\/cssdn.gouv.qc.ca\/source\/#website"},"primaryImageOfPage":{"@id":"https:\/\/cssdn.gouv.qc.ca\/source\/a-propos\/conseil-detabliss\/#primaryimage"},"image":{"@id":"https:\/\/cssdn.gouv.qc.ca\/source\/a-propos\/conseil-detabliss\/#primaryimage"},"thumbnailUrl":"https:\/\/cssdn.gouv.qc.ca\/wp-content\/uploads\/2022\/08\/Seawire-Hero-06.jpg","datePublished":"2022-11-08T21:07:54+00:00","dateModified":"2026-03-13T13:57:39+00:00","breadcrumb":{"@id":"https:\/\/cssdn.gouv.qc.ca\/source\/a-propos\/conseil-detabliss\/#breadcrumb"},"inLanguage":"fr-CA","potentialAction":[{"@type":"ReadAction","target":["https:\/\/cssdn.gouv.qc.ca\/source\/a-propos\/conseil-detabliss\/"]}]},{"@type":"ImageObject","inLanguage":"fr-CA","@id":"https:\/\/cssdn.gouv.qc.ca\/source\/a-propos\/conseil-detabliss\/#primaryimage","url":"https:\/\/cssdn.gouv.qc.ca\/wp-content\/uploads\/2022\/08\/Seawire-Hero-06.jpg","contentUrl":"https:\/\/cssdn.gouv.qc.ca\/wp-content\/uploads\/2022\/08\/Seawire-Hero-06.jpg"},{"@type":"BreadcrumbList","@id":"https:\/\/cssdn.gouv.qc.ca\/source\/a-propos\/conseil-detabliss\/#breadcrumb","itemListElement":[{"@type":"ListItem","position":1,"name":"Accueil","item":"https:\/\/cssdn.gouv.qc.ca\/source\/"},{"@type":"ListItem","position":2,"name":"\u00c0 propos","item":"https:\/\/cssdn.gouv.qc.ca\/source\/a-propos\/"},{"@type":"ListItem","position":3,"name":"Conseil d&rsquo;\u00e9tablissement"}]},{"@type":"WebSite","@id":"https:\/\/cssdn.gouv.qc.ca\/source\/#website","url":"https:\/\/cssdn.gouv.qc.ca\/source\/","name":"\u00c9cole de la Source","description":"Un site des centres de services scolaires des Navigateurs","publisher":{"@id":"https:\/\/cssdn.gouv.qc.ca\/source\/#organization"},"potentialAction":[{"@type":"SearchAction","target":{"@type":"EntryPoint","urlTemplate":"https:\/\/cssdn.gouv.qc.ca\/source\/?s={search_term_string}"},"query-input":{"@type":"PropertyValueSpecification","valueRequired":true,"valueName":"search_term_string"}}],"inLanguage":"fr-CA"},{"@type":"Organization","@id":"https:\/\/cssdn.gouv.qc.ca\/source\/#organization","name":"\u00c9cole de la Source","url":"https:\/\/cssdn.gouv.qc.ca\/source\/","logo":{"@type":"ImageObject","inLanguage":"fr-CA","@id":"https:\/\/cssdn.gouv.qc.ca\/source\/#\/schema\/logo\/image\/","url":"https:\/\/cssdn.gouv.qc.ca\/source\/wp-content\/uploads\/sites\/62\/2023\/01\/logo_quebec.svg","contentUrl":"https:\/\/cssdn.gouv.qc.ca\/source\/wp-content\/uploads\/sites\/62\/2023\/01\/logo_quebec.svg","width":188,"height":41,"caption":"\u00c9cole de la Source"},"image":{"@id":"https:\/\/cssdn.gouv.qc.ca\/source\/#\/schema\/logo\/image\/"},"sameAs":["https:\/\/www.facebook.com\/profile.php?id=100057776164861"]}]}},"publishpress_future_action":{"enabled":false,"date":"2026-04-29 00:42:36","action":"change-status","newStatus":"draft","terms":[],"taxonomy":"category","extraData":[]},"publishpress_future_workflow_manual_trigger":{"enabledWorkflows":[]},"_links":{"self":[{"href":"https:\/\/cssdn.gouv.qc.ca\/source\/wp-json\/wp\/v2\/pages\/10","targetHints":{"allow":["GET"]}}],"collection":[{"href":"https:\/\/cssdn.gouv.qc.ca\/source\/wp-json\/wp\/v2\/pages"}],"about":[{"href":"https:\/\/cssdn.gouv.qc.ca\/source\/wp-json\/wp\/v2\/types\/page"}],"author":[{"embeddable":true,"href":"https:\/\/cssdn.gouv.qc.ca\/source\/wp-json\/wp\/v2\/users\/1"}],"replies":[{"embeddable":true,"href":"https:\/\/cssdn.gouv.qc.ca\/source\/wp-json\/wp\/v2\/comments?post=10"}],"version-history":[{"count":0,"href":"https:\/\/cssdn.gouv.qc.ca\/source\/wp-json\/wp\/v2\/pages\/10\/revisions"}],"up":[{"embeddable":true,"href":"https:\/\/cssdn.gouv.qc.ca\/source\/wp-json\/wp\/v2\/pages\/6"}],"wp:attachment":[{"href":"https:\/\/cssdn.gouv.qc.ca\/source\/wp-json\/wp\/v2\/media?parent=10"}],"wp:term":[{"taxonomy":"category","embeddable":true,"href":"https:\/\/cssdn.gouv.qc.ca\/source\/wp-json\/wp\/v2\/categories?post=10"},{"taxonomy":"post_tag","embeddable":true,"href":"https:\/\/cssdn.gouv.qc.ca\/source\/wp-json\/wp\/v2\/tags?post=10"}],"curies":[{"name":"wp","href":"https:\/\/api.w.org\/{rel}","templated":true}]}}