
{"id":518,"date":"2026-02-27T11:49:24","date_gmt":"2026-02-27T16:49:24","guid":{"rendered":"https:\/\/cssdn.gouv.qc.ca\/source\/?page_id=518"},"modified":"2026-03-30T10:41:36","modified_gmt":"2026-03-30T14:41:36","slug":"mission-vision-valeurs-2","status":"publish","type":"page","link":"https:\/\/cssdn.gouv.qc.ca\/source\/a-propos\/mission-vision-valeurs-2\/","title":{"rendered":"Mission, vision, valeurs"},"content":{"rendered":"\n<div class=\"wp-block-cover alignfull is-light is-style-title-banner\"><img decoding=\"async\" class=\"wp-block-cover__image-background wp-image-111 lazyload\" alt=\"\" data-src=\"https:\/\/stage.cssdn.gouv.qc.ca\/wp-content\/uploads\/2022\/08\/Seawire-Hero-06.jpg\" data-object-fit=\"cover\" src=\"data:image\/svg+xml;base64,PHN2ZyB3aWR0aD0iMSIgaGVpZ2h0PSIxIiB4bWxucz0iaHR0cDovL3d3dy53My5vcmcvMjAwMC9zdmciPjwvc3ZnPg==\" \/><span aria-hidden=\"true\" class=\"wp-block-cover__background has-background-dim\"><\/span><div class=\"wp-block-cover__inner-container\"><h3 class=\"wp-block-post-title\">Mission, vision, valeurs<\/h3><\/div><\/div>\n\n\n\n<div class=\"wp-block-group alignfull has-padding-y-large has-secondary-background-color has-background\"><div class=\"yoast-breadcrumbs alignwide \"><span class=\"breadcrumbs\"><a href=\"https:\/\/cssdn.gouv.qc.ca\/source\/\" class=\"breadcrumbs__element\">Accueil<\/a> <span class=\"breadcrumbs__separator\">\n        <svg class=\"icon icon-breadcrumb__separator\"><use xlink:href=\"#icon-breadcrumb__separator\"><\/use><\/svg>\n    <\/span> <a href=\"https:\/\/cssdn.gouv.qc.ca\/source\/a-propos\/\" class=\"breadcrumbs__element\">\u00c0 propos<\/a> <span class=\"breadcrumbs__separator\">\n        <svg class=\"icon icon-breadcrumb__separator\"><use xlink:href=\"#icon-breadcrumb__separator\"><\/use><\/svg>\n    <\/span> <span class=\"breadcrumbs__element breadcrumbs__element-current\">Mission, vision, valeurs<\/span><\/span><\/div><\/div>\n\n\n\n<h1 class=\"wp-block-heading\">Mission, vision, valeurs<\/h1>\n\n\n\n\n<p class=\"act-lead has-medium-font-size wp-block-paragraph\"><strong>Missions, vision et valeurs<\/strong><br><br>Mission de l\u2019\u00e9cole qu\u00e9b\u00e9coise :<br>Instruire<br>Socialiser<br>Qualifier<br><br><strong>Mission de l\u2019\u00e9cole de la Source :<\/strong><br>\u00c9veiller les \u00e9l\u00e8ves et maintenir leur curiosit\u00e9 naturelle et leur go\u00fbt d\u2019apprendre pour qu\u2019ils acqui\u00e8rent des comp\u00e9tences et d\u00e9veloppent<br>leur plein potentiel et leur envie du d\u00e9passement de soi.<\/p>\n\n\n\n\n<p class=\"has-medium-font-size wp-block-paragraph\"><strong>Vision :<\/strong><br>L\u2019\u00e9cole de la Source, un milieu o\u00f9 le sentiment d\u2019appartenance favorise l\u2019entraide entre les \u00e9l\u00e8ves et am\u00e9liore la pers\u00e9v\u00e9rance de<br>chacun pour leur permettre de s\u2019accomplir.<\/p>\n\n\n\n<p class=\"has-medium-font-size wp-block-paragraph\"><strong>Valeurs :<\/strong><br>La Bienveillance<br>L\u2019Engagement<br>L\u2019Appartenance<\/p>\n\n\n\n<p class=\"has-medium-font-size wp-block-paragraph\"><br>Pour les retenir, pensons \u00e0 \u00eatre dans une attitude de \u00ab BEAttitude \u00bb, puisqu\u2019en adoptant ces trois valeurs, on se rapproche de la b\u00e9atitude, qui se d\u00e9finit comme l\u2019\u00e9tat d\u2019\u00eatre dans un bonheur parfait empreint d\u2019un sentiment de joie et de pl\u00e9nitude !<\/p>\n\n\n\n<p class=\"has-large-font-size wp-block-paragraph\"><\/p>\n","protected":false},"excerpt":{"rendered":"<p>Mission, vision, valeurs Vision :L\u2019\u00e9cole de la Source, un milieu o\u00f9 le sentiment d\u2019appartenance favorise l\u2019entraide entre les \u00e9l\u00e8ves et am\u00e9liore la pers\u00e9v\u00e9rance dechacun pour leur permettre de s\u2019accomplir. Valeurs :La BienveillanceL\u2019EngagementL\u2019Appartenance Pour les retenir, pensons \u00e0 \u00eatre dans une attitude de \u00ab BEAttitude \u00bb, puisqu\u2019en adoptant ces trois valeurs, on se rapproche de la [&hellip;]<\/p>\n","protected":false},"author":173,"featured_media":0,"parent":6,"menu_order":0,"comment_status":"closed","ping_status":"closed","template":"","meta":{"_acf_changed":false,"_crdt_document":"","inline_featured_image":false,"footnotes":""},"categories":[],"tags":[],"class_list":["post-518","page","type-page","status-publish","hentry"],"acf":[],"yoast_head":"<!-- This site is optimized with the Yoast SEO plugin v27.4 - https:\/\/yoast.com\/product\/yoast-seo-wordpress\/ -->\n<title>Mission, vision, valeurs - \u00c9cole de la Source<\/title>\n<meta name=\"robots\" content=\"index, follow, max-snippet:-1, max-image-preview:large, max-video-preview:-1\" \/>\n<link rel=\"canonical\" href=\"https:\/\/cssdn.gouv.qc.ca\/source\/a-propos\/mission-vision-valeurs-2\/\" \/>\n<meta property=\"og:locale\" content=\"fr_CA\" \/>\n<meta property=\"og:type\" content=\"article\" \/>\n<meta property=\"og:title\" content=\"Mission, vision, valeurs - \u00c9cole de la Source\" \/>\n<meta property=\"og:description\" content=\"Mission, vision, valeurs Vision :L\u2019\u00e9cole de la Source, un milieu o\u00f9 le sentiment d\u2019appartenance favorise l\u2019entraide entre les \u00e9l\u00e8ves et am\u00e9liore la pers\u00e9v\u00e9rance dechacun pour leur permettre de s\u2019accomplir. Valeurs :La BienveillanceL\u2019EngagementL\u2019Appartenance Pour les retenir, pensons \u00e0 \u00eatre dans une attitude de \u00ab BEAttitude \u00bb, puisqu\u2019en adoptant ces trois valeurs, on se rapproche de la [&hellip;]\" \/>\n<meta property=\"og:url\" content=\"https:\/\/cssdn.gouv.qc.ca\/source\/a-propos\/mission-vision-valeurs-2\/\" \/>\n<meta property=\"og:site_name\" content=\"\u00c9cole de la Source\" \/>\n<meta property=\"article:publisher\" content=\"https:\/\/www.facebook.com\/profile.php?id=100057776164861\" \/>\n<meta property=\"article:modified_time\" content=\"2026-03-30T14:41:36+00:00\" \/>\n<meta name=\"twitter:card\" content=\"summary_large_image\" \/>\n<meta name=\"twitter:label1\" content=\"Estimation du temps de lecture\" \/>\n\t<meta name=\"twitter:data1\" content=\"1 minute\" \/>\n<script type=\"application\/ld+json\" class=\"yoast-schema-graph\">{\"@context\":\"https:\\\/\\\/schema.org\",\"@graph\":[{\"@type\":\"WebPage\",\"@id\":\"https:\\\/\\\/cssdn.gouv.qc.ca\\\/source\\\/a-propos\\\/mission-vision-valeurs-2\\\/\",\"url\":\"https:\\\/\\\/cssdn.gouv.qc.ca\\\/source\\\/a-propos\\\/mission-vision-valeurs-2\\\/\",\"name\":\"Mission, vision, valeurs - \u00c9cole de la Source\",\"isPartOf\":{\"@id\":\"https:\\\/\\\/cssdn.gouv.qc.ca\\\/source\\\/#website\"},\"primaryImageOfPage\":{\"@id\":\"https:\\\/\\\/cssdn.gouv.qc.ca\\\/source\\\/a-propos\\\/mission-vision-valeurs-2\\\/#primaryimage\"},\"image\":{\"@id\":\"https:\\\/\\\/cssdn.gouv.qc.ca\\\/source\\\/a-propos\\\/mission-vision-valeurs-2\\\/#primaryimage\"},\"thumbnailUrl\":\"https:\\\/\\\/stage.cssdn.gouv.qc.ca\\\/wp-content\\\/uploads\\\/2022\\\/08\\\/Seawire-Hero-06.jpg\",\"datePublished\":\"2026-02-27T16:49:24+00:00\",\"dateModified\":\"2026-03-30T14:41:36+00:00\",\"breadcrumb\":{\"@id\":\"https:\\\/\\\/cssdn.gouv.qc.ca\\\/source\\\/a-propos\\\/mission-vision-valeurs-2\\\/#breadcrumb\"},\"inLanguage\":\"fr-CA\",\"potentialAction\":[{\"@type\":\"ReadAction\",\"target\":[\"https:\\\/\\\/cssdn.gouv.qc.ca\\\/source\\\/a-propos\\\/mission-vision-valeurs-2\\\/\"]}]},{\"@type\":\"ImageObject\",\"inLanguage\":\"fr-CA\",\"@id\":\"https:\\\/\\\/cssdn.gouv.qc.ca\\\/source\\\/a-propos\\\/mission-vision-valeurs-2\\\/#primaryimage\",\"url\":\"https:\\\/\\\/stage.cssdn.gouv.qc.ca\\\/wp-content\\\/uploads\\\/2022\\\/08\\\/Seawire-Hero-06.jpg\",\"contentUrl\":\"https:\\\/\\\/stage.cssdn.gouv.qc.ca\\\/wp-content\\\/uploads\\\/2022\\\/08\\\/Seawire-Hero-06.jpg\"},{\"@type\":\"BreadcrumbList\",\"@id\":\"https:\\\/\\\/cssdn.gouv.qc.ca\\\/source\\\/a-propos\\\/mission-vision-valeurs-2\\\/#breadcrumb\",\"itemListElement\":[{\"@type\":\"ListItem\",\"position\":1,\"name\":\"Accueil\",\"item\":\"https:\\\/\\\/cssdn.gouv.qc.ca\\\/source\\\/\"},{\"@type\":\"ListItem\",\"position\":2,\"name\":\"\u00c0 propos\",\"item\":\"https:\\\/\\\/cssdn.gouv.qc.ca\\\/source\\\/a-propos\\\/\"},{\"@type\":\"ListItem\",\"position\":3,\"name\":\"Mission, vision, valeurs\"}]},{\"@type\":\"WebSite\",\"@id\":\"https:\\\/\\\/cssdn.gouv.qc.ca\\\/source\\\/#website\",\"url\":\"https:\\\/\\\/cssdn.gouv.qc.ca\\\/source\\\/\",\"name\":\"\u00c9cole de la Source\",\"description\":\"Un site des centres de services scolaires des Navigateurs\",\"publisher\":{\"@id\":\"https:\\\/\\\/cssdn.gouv.qc.ca\\\/source\\\/#organization\"},\"potentialAction\":[{\"@type\":\"SearchAction\",\"target\":{\"@type\":\"EntryPoint\",\"urlTemplate\":\"https:\\\/\\\/cssdn.gouv.qc.ca\\\/source\\\/?s={search_term_string}\"},\"query-input\":{\"@type\":\"PropertyValueSpecification\",\"valueRequired\":true,\"valueName\":\"search_term_string\"}}],\"inLanguage\":\"fr-CA\"},{\"@type\":\"Organization\",\"@id\":\"https:\\\/\\\/cssdn.gouv.qc.ca\\\/source\\\/#organization\",\"name\":\"\u00c9cole de la Source\",\"url\":\"https:\\\/\\\/cssdn.gouv.qc.ca\\\/source\\\/\",\"logo\":{\"@type\":\"ImageObject\",\"inLanguage\":\"fr-CA\",\"@id\":\"https:\\\/\\\/cssdn.gouv.qc.ca\\\/source\\\/#\\\/schema\\\/logo\\\/image\\\/\",\"url\":\"https:\\\/\\\/cssdn.gouv.qc.ca\\\/source\\\/wp-content\\\/uploads\\\/sites\\\/62\\\/2023\\\/01\\\/logo_quebec.svg\",\"contentUrl\":\"https:\\\/\\\/cssdn.gouv.qc.ca\\\/source\\\/wp-content\\\/uploads\\\/sites\\\/62\\\/2023\\\/01\\\/logo_quebec.svg\",\"width\":188,\"height\":41,\"caption\":\"\u00c9cole de la Source\"},\"image\":{\"@id\":\"https:\\\/\\\/cssdn.gouv.qc.ca\\\/source\\\/#\\\/schema\\\/logo\\\/image\\\/\"},\"sameAs\":[\"https:\\\/\\\/www.facebook.com\\\/profile.php?id=100057776164861\"]}]}<\/script>\n<!-- \/ Yoast SEO plugin. -->","yoast_head_json":{"title":"Mission, vision, valeurs - \u00c9cole de la Source","robots":{"index":"index","follow":"follow","max-snippet":"max-snippet:-1","max-image-preview":"max-image-preview:large","max-video-preview":"max-video-preview:-1"},"canonical":"https:\/\/cssdn.gouv.qc.ca\/source\/a-propos\/mission-vision-valeurs-2\/","og_locale":"fr_CA","og_type":"article","og_title":"Mission, vision, valeurs - \u00c9cole de la Source","og_description":"Mission, vision, valeurs Vision :L\u2019\u00e9cole de la Source, un milieu o\u00f9 le sentiment d\u2019appartenance favorise l\u2019entraide entre les \u00e9l\u00e8ves et am\u00e9liore la pers\u00e9v\u00e9rance dechacun pour leur permettre de s\u2019accomplir. Valeurs :La BienveillanceL\u2019EngagementL\u2019Appartenance Pour les retenir, pensons \u00e0 \u00eatre dans une attitude de \u00ab BEAttitude \u00bb, puisqu\u2019en adoptant ces trois valeurs, on se rapproche de la [&hellip;]","og_url":"https:\/\/cssdn.gouv.qc.ca\/source\/a-propos\/mission-vision-valeurs-2\/","og_site_name":"\u00c9cole de la Source","article_publisher":"https:\/\/www.facebook.com\/profile.php?id=100057776164861","article_modified_time":"2026-03-30T14:41:36+00:00","twitter_card":"summary_large_image","twitter_misc":{"Estimation du temps de lecture":"1 minute"},"schema":{"@context":"https:\/\/schema.org","@graph":[{"@type":"WebPage","@id":"https:\/\/cssdn.gouv.qc.ca\/source\/a-propos\/mission-vision-valeurs-2\/","url":"https:\/\/cssdn.gouv.qc.ca\/source\/a-propos\/mission-vision-valeurs-2\/","name":"Mission, vision, valeurs - \u00c9cole de la Source","isPartOf":{"@id":"https:\/\/cssdn.gouv.qc.ca\/source\/#website"},"primaryImageOfPage":{"@id":"https:\/\/cssdn.gouv.qc.ca\/source\/a-propos\/mission-vision-valeurs-2\/#primaryimage"},"image":{"@id":"https:\/\/cssdn.gouv.qc.ca\/source\/a-propos\/mission-vision-valeurs-2\/#primaryimage"},"thumbnailUrl":"https:\/\/stage.cssdn.gouv.qc.ca\/wp-content\/uploads\/2022\/08\/Seawire-Hero-06.jpg","datePublished":"2026-02-27T16:49:24+00:00","dateModified":"2026-03-30T14:41:36+00:00","breadcrumb":{"@id":"https:\/\/cssdn.gouv.qc.ca\/source\/a-propos\/mission-vision-valeurs-2\/#breadcrumb"},"inLanguage":"fr-CA","potentialAction":[{"@type":"ReadAction","target":["https:\/\/cssdn.gouv.qc.ca\/source\/a-propos\/mission-vision-valeurs-2\/"]}]},{"@type":"ImageObject","inLanguage":"fr-CA","@id":"https:\/\/cssdn.gouv.qc.ca\/source\/a-propos\/mission-vision-valeurs-2\/#primaryimage","url":"https:\/\/stage.cssdn.gouv.qc.ca\/wp-content\/uploads\/2022\/08\/Seawire-Hero-06.jpg","contentUrl":"https:\/\/stage.cssdn.gouv.qc.ca\/wp-content\/uploads\/2022\/08\/Seawire-Hero-06.jpg"},{"@type":"BreadcrumbList","@id":"https:\/\/cssdn.gouv.qc.ca\/source\/a-propos\/mission-vision-valeurs-2\/#breadcrumb","itemListElement":[{"@type":"ListItem","position":1,"name":"Accueil","item":"https:\/\/cssdn.gouv.qc.ca\/source\/"},{"@type":"ListItem","position":2,"name":"\u00c0 propos","item":"https:\/\/cssdn.gouv.qc.ca\/source\/a-propos\/"},{"@type":"ListItem","position":3,"name":"Mission, vision, valeurs"}]},{"@type":"WebSite","@id":"https:\/\/cssdn.gouv.qc.ca\/source\/#website","url":"https:\/\/cssdn.gouv.qc.ca\/source\/","name":"\u00c9cole de la Source","description":"Un site des centres de services scolaires des Navigateurs","publisher":{"@id":"https:\/\/cssdn.gouv.qc.ca\/source\/#organization"},"potentialAction":[{"@type":"SearchAction","target":{"@type":"EntryPoint","urlTemplate":"https:\/\/cssdn.gouv.qc.ca\/source\/?s={search_term_string}"},"query-input":{"@type":"PropertyValueSpecification","valueRequired":true,"valueName":"search_term_string"}}],"inLanguage":"fr-CA"},{"@type":"Organization","@id":"https:\/\/cssdn.gouv.qc.ca\/source\/#organization","name":"\u00c9cole de la Source","url":"https:\/\/cssdn.gouv.qc.ca\/source\/","logo":{"@type":"ImageObject","inLanguage":"fr-CA","@id":"https:\/\/cssdn.gouv.qc.ca\/source\/#\/schema\/logo\/image\/","url":"https:\/\/cssdn.gouv.qc.ca\/source\/wp-content\/uploads\/sites\/62\/2023\/01\/logo_quebec.svg","contentUrl":"https:\/\/cssdn.gouv.qc.ca\/source\/wp-content\/uploads\/sites\/62\/2023\/01\/logo_quebec.svg","width":188,"height":41,"caption":"\u00c9cole de la Source"},"image":{"@id":"https:\/\/cssdn.gouv.qc.ca\/source\/#\/schema\/logo\/image\/"},"sameAs":["https:\/\/www.facebook.com\/profile.php?id=100057776164861"]}]}},"publishpress_future_action":{"enabled":false,"date":"2026-04-29 13:06:10","action":"change-status","newStatus":"draft","terms":[],"taxonomy":"category","extraData":[]},"publishpress_future_workflow_manual_trigger":{"enabledWorkflows":[]},"_links":{"self":[{"href":"https:\/\/cssdn.gouv.qc.ca\/source\/wp-json\/wp\/v2\/pages\/518","targetHints":{"allow":["GET"]}}],"collection":[{"href":"https:\/\/cssdn.gouv.qc.ca\/source\/wp-json\/wp\/v2\/pages"}],"about":[{"href":"https:\/\/cssdn.gouv.qc.ca\/source\/wp-json\/wp\/v2\/types\/page"}],"author":[{"embeddable":true,"href":"https:\/\/cssdn.gouv.qc.ca\/source\/wp-json\/wp\/v2\/users\/173"}],"replies":[{"embeddable":true,"href":"https:\/\/cssdn.gouv.qc.ca\/source\/wp-json\/wp\/v2\/comments?post=518"}],"version-history":[{"count":0,"href":"https:\/\/cssdn.gouv.qc.ca\/source\/wp-json\/wp\/v2\/pages\/518\/revisions"}],"up":[{"embeddable":true,"href":"https:\/\/cssdn.gouv.qc.ca\/source\/wp-json\/wp\/v2\/pages\/6"}],"wp:attachment":[{"href":"https:\/\/cssdn.gouv.qc.ca\/source\/wp-json\/wp\/v2\/media?parent=518"}],"wp:term":[{"taxonomy":"category","embeddable":true,"href":"https:\/\/cssdn.gouv.qc.ca\/source\/wp-json\/wp\/v2\/categories?post=518"},{"taxonomy":"post_tag","embeddable":true,"href":"https:\/\/cssdn.gouv.qc.ca\/source\/wp-json\/wp\/v2\/tags?post=518"}],"curies":[{"name":"wp","href":"https:\/\/api.w.org\/{rel}","templated":true}]}}