
{"id":522,"date":"2026-02-27T11:56:12","date_gmt":"2026-02-27T16:56:12","guid":{"rendered":"https:\/\/cssdn.gouv.qc.ca\/source\/?page_id=522"},"modified":"2026-02-27T11:56:17","modified_gmt":"2026-02-27T16:56:17","slug":"normes-et-modalites","status":"publish","type":"page","link":"https:\/\/cssdn.gouv.qc.ca\/source\/informations-aux-parents\/normes-et-modalites\/","title":{"rendered":"Normes et modalit\u00e9s"},"content":{"rendered":"\n<div class=\"wp-block-cover alignfull is-light is-style-title-banner\"><img decoding=\"async\" class=\"wp-block-cover__image-background wp-image-111 lazyload\" alt=\"\" data-src=\"https:\/\/stage.cssdn.gouv.qc.ca\/wp-content\/uploads\/2022\/08\/Seawire-Hero-06.jpg\" data-object-fit=\"cover\" src=\"data:image\/svg+xml;base64,PHN2ZyB3aWR0aD0iMSIgaGVpZ2h0PSIxIiB4bWxucz0iaHR0cDovL3d3dy53My5vcmcvMjAwMC9zdmciPjwvc3ZnPg==\" \/><span aria-hidden=\"true\" class=\"wp-block-cover__background has-background-dim\"><\/span><div class=\"wp-block-cover__inner-container\"><h3 class=\"wp-block-post-title\">Normes et modalit\u00e9s<\/h3><\/div><\/div>\n\n\n\n<div class=\"wp-block-group alignfull has-padding-y-large has-secondary-background-color has-background\"><div class=\"yoast-breadcrumbs alignwide \"><span class=\"breadcrumbs\"><a href=\"https:\/\/cssdn.gouv.qc.ca\/source\/\" class=\"breadcrumbs__element\">Accueil<\/a> <span class=\"breadcrumbs__separator\">\n        <svg class=\"icon icon-breadcrumb__separator\"><use xlink:href=\"#icon-breadcrumb__separator\"><\/use><\/svg>\n    <\/span> <a href=\"https:\/\/cssdn.gouv.qc.ca\/source\/informations-aux-parents\/\" class=\"breadcrumbs__element\">Informations aux parents<\/a> <span class=\"breadcrumbs__separator\">\n        <svg class=\"icon icon-breadcrumb__separator\"><use xlink:href=\"#icon-breadcrumb__separator\"><\/use><\/svg>\n    <\/span> <span class=\"breadcrumbs__element breadcrumbs__element-current\">Normes et modalit\u00e9s<\/span><\/span><\/div><\/div>\n\n\n\n<h1 class=\"wp-block-heading\">Normes et modalit\u00e9s<\/h1>\n\n\n\n\n\n<h2 class=\"wp-block-heading\">Normes et modalit\u00e9s<\/h2>\n\n\n\n<div class=\"wp-block-file\"><a id=\"wp-block-file--media-6ac838ad-674c-4514-b0b1-ec60ec3dc92a\" href=\"https:\/\/cssdn.gouv.qc.ca\/source\/wp-content\/uploads\/sites\/62\/2025\/11\/Normes-et-modalites-25-26-prescolaire-maternelle-5-ans.pdf\" target=\"_blank\" rel=\"noreferrer noopener\">Normes et modalit\u00e9s 25-26 pr\u00e9scolaire (maternelle 5 ans)<\/a><\/div>\n\n\n\n<div class=\"wp-block-file\"><a id=\"wp-block-file--media-c15dcb2d-4b9a-478b-b89a-7a3503d7ad7a\" href=\"https:\/\/cssdn.gouv.qc.ca\/source\/wp-content\/uploads\/sites\/62\/2025\/11\/Normes-et-modalites-25-26-1re-annee-du-1er-cycle.pdf\" target=\"_blank\" rel=\"noreferrer noopener\">Normes et modalit\u00e9s 25-26 1re ann\u00e9e du 1er cycle<\/a><\/div>\n\n\n\n<div class=\"wp-block-file\"><a id=\"wp-block-file--media-1e8efbd7-a98f-4db8-9efe-efd6326fa017\" href=\"https:\/\/cssdn.gouv.qc.ca\/source\/wp-content\/uploads\/sites\/62\/2025\/11\/Normes-et-modalites-25-26-2e-annee-du-1er-cycle.pdf\" target=\"_blank\" rel=\"noreferrer noopener\">Normes et modalit\u00e9s 25-26 2e ann\u00e9e du 1er cycle<\/a><\/div>\n\n\n\n<div class=\"wp-block-file\"><a id=\"wp-block-file--media-d34552b1-49d8-4d66-8d49-7e290edd1495\" href=\"https:\/\/cssdn.gouv.qc.ca\/source\/wp-content\/uploads\/sites\/62\/2025\/11\/Normes-et-modalites-25-26-3e-et-4e-gr.-401-2e-cycle.pdf\" target=\"_blank\" rel=\"noreferrer noopener\">Normes et modalit\u00e9s 25-26 3e et 4e (gr. 401) 2e cycle<\/a><\/div>\n\n\n\n<div class=\"wp-block-file\"><a id=\"wp-block-file--media-8aa281b8-ab80-4e75-8ce3-3bdd1df878bb\" href=\"https:\/\/cssdn.gouv.qc.ca\/source\/wp-content\/uploads\/sites\/62\/2025\/11\/Normes-et-modalites-25-26-4e-5e-et-5e-annee.pdf\" target=\"_blank\" rel=\"noreferrer noopener\">Normes et modalit\u00e9s 25-26 4e-5e et 5e ann\u00e9e<\/a><\/div>\n\n\n\n<div class=\"wp-block-file\"><a id=\"wp-block-file--media-1ac05c45-d6a4-48a6-9b4c-a146a82d895a\" href=\"https:\/\/cssdn.gouv.qc.ca\/source\/wp-content\/uploads\/sites\/62\/2025\/11\/Normes-et-modalites-25-26-6e-annee-anglais-intensif.pdf\" target=\"_blank\" rel=\"noreferrer noopener\">Normes et modalit\u00e9s 25-26 6e ann\u00e9e (anglais intensif)<\/a><\/div>\n\n\n\n<div class=\"wp-block-file\"><a id=\"wp-block-file--media-a6d7af45-8413-4212-b5ac-7f2093e57b33\" href=\"https:\/\/cssdn.gouv.qc.ca\/source\/wp-content\/uploads\/sites\/62\/2025\/11\/Normes-et-modalites-CISA-1er-cycle-gr.-902-25-26.pdf\" target=\"_blank\" rel=\"noreferrer noopener\">Normes et modalit\u00e9s CISA 1er cycle (gr. 902) 25-26<\/a><\/div>\n\n\n\n<div class=\"wp-block-file\"><a id=\"wp-block-file--media-fd827d74-cb29-401a-8fad-b4cd5178cd1d\" href=\"https:\/\/cssdn.gouv.qc.ca\/source\/wp-content\/uploads\/sites\/62\/2025\/11\/Normes-et-modalites-CISA-1re-annee-du-2e-cycle-gr.-902-25-26.pdf\" target=\"_blank\" rel=\"noreferrer noopener\">Normes et modalit\u00e9s CISA 1re ann\u00e9e du 2e cycle (gr. 902)  25-26<\/a><\/div>\n\n\n\n<div class=\"wp-block-file\"><a id=\"wp-block-file--media-c2cb51ba-6ec6-48ad-a0cf-12c1b0752484\" href=\"https:\/\/cssdn.gouv.qc.ca\/source\/wp-content\/uploads\/sites\/62\/2025\/11\/Normes-et-modalites-CISA-2e-et-3e-cycle-gr.-901-25-26.pdf\" target=\"_blank\" rel=\"noreferrer noopener\">Normes et modalit\u00e9s CISA 2e et 3e cycle (gr. 901) 25-26<\/a><\/div>\n\n\n\n<p class=\"wp-block-paragraph\"><\/p>\n\n\n\n<p class=\"wp-block-paragraph\"><strong>LISTES DES FOURNITURES SCOLAIRES 2025-2026<\/strong><\/p>\n\n\n\n<p class=\"wp-block-paragraph\">En cliquant sur \u00ab\u00a0Listes de fournitures scolaires\u00a0\u00bb, vous pourrez voir les fournitures scolaires \u00e0 vous procurer pour votre enfant pour la premi\u00e8re journ\u00e9e d&rsquo;\u00e9cole qui aura lieu le 27 ao\u00fbt prochain ou selon l&rsquo;horaire que vous aurez re\u00e7u de l&rsquo;\u00e9cole.<\/p>\n\n\n\n<ul class=\"wp-block-list\">\n<li>Au d\u00e9but juillet, un courriel contenant les fournitures scolaires a \u00e9t\u00e9 transmis aux parents de tous les \u00e9l\u00e8ves inscrits en ao\u00fbt prochain.<\/li>\n<\/ul>\n\n\n\n<div class=\"wp-block-file\"><a id=\"wp-block-file--media-0e7b6bd9-ed08-4b71-82ef-02b235c62f10\" href=\"https:\/\/cssdn.gouv.qc.ca\/source\/wp-content\/uploads\/sites\/62\/2025\/08\/Fournitures-scolaires-de-la-Source-25-26.pdf\">Fournitures scolaires de la Source 25-26<\/a><a href=\"https:\/\/cssdn.gouv.qc.ca\/source\/wp-content\/uploads\/sites\/62\/2025\/08\/Fournitures-scolaires-de-la-Source-25-26.pdf\" class=\"wp-block-file__button wp-element-button\" download aria-describedby=\"wp-block-file--media-0e7b6bd9-ed08-4b71-82ef-02b235c62f10\">T\u00e9l\u00e9charger<\/a><\/div>\n\n\n\n<p class=\"wp-block-paragraph\"><\/p>\n","protected":false},"excerpt":{"rendered":"<p>Normes et modalit\u00e9s Normes et modalit\u00e9s LISTES DES FOURNITURES SCOLAIRES 2025-2026 En cliquant sur \u00ab\u00a0Listes de fournitures scolaires\u00a0\u00bb, vous pourrez voir les fournitures scolaires \u00e0 vous procurer pour votre enfant pour la premi\u00e8re journ\u00e9e d&rsquo;\u00e9cole qui aura lieu le 27 ao\u00fbt prochain ou selon l&rsquo;horaire que vous aurez re\u00e7u de l&rsquo;\u00e9cole.<\/p>\n","protected":false},"author":173,"featured_media":0,"parent":13,"menu_order":0,"comment_status":"closed","ping_status":"closed","template":"","meta":{"_acf_changed":false,"_crdt_document":"","inline_featured_image":false,"footnotes":""},"categories":[],"tags":[],"class_list":["post-522","page","type-page","status-publish","hentry"],"acf":[],"yoast_head":"<!-- This site is optimized with the Yoast SEO plugin v27.3 - https:\/\/yoast.com\/product\/yoast-seo-wordpress\/ -->\n<title>Normes et modalit\u00e9s - \u00c9cole de la Source<\/title>\n<meta name=\"robots\" content=\"index, follow, max-snippet:-1, max-image-preview:large, max-video-preview:-1\" \/>\n<link rel=\"canonical\" href=\"https:\/\/cssdn.gouv.qc.ca\/source\/informations-aux-parents\/normes-et-modalites\/\" \/>\n<meta property=\"og:locale\" content=\"fr_CA\" \/>\n<meta property=\"og:type\" content=\"article\" \/>\n<meta property=\"og:title\" content=\"Normes et modalit\u00e9s - \u00c9cole de la Source\" \/>\n<meta property=\"og:description\" content=\"Normes et modalit\u00e9s Normes et modalit\u00e9s LISTES DES FOURNITURES SCOLAIRES 2025-2026 En cliquant sur \u00ab\u00a0Listes de fournitures scolaires\u00a0\u00bb, vous pourrez voir les fournitures scolaires \u00e0 vous procurer pour votre enfant pour la premi\u00e8re journ\u00e9e d&rsquo;\u00e9cole qui aura lieu le 27 ao\u00fbt prochain ou selon l&rsquo;horaire que vous aurez re\u00e7u de l&rsquo;\u00e9cole.\" \/>\n<meta property=\"og:url\" content=\"https:\/\/cssdn.gouv.qc.ca\/source\/informations-aux-parents\/normes-et-modalites\/\" \/>\n<meta property=\"og:site_name\" content=\"\u00c9cole de la Source\" \/>\n<meta property=\"article:publisher\" content=\"https:\/\/www.facebook.com\/profile.php?id=100057776164861\" \/>\n<meta property=\"article:modified_time\" content=\"2026-02-27T16:56:17+00:00\" \/>\n<meta name=\"twitter:card\" content=\"summary_large_image\" \/>\n<meta name=\"twitter:label1\" content=\"Estimation du temps de lecture\" \/>\n\t<meta name=\"twitter:data1\" content=\"1 minute\" \/>\n<script type=\"application\/ld+json\" class=\"yoast-schema-graph\">{\"@context\":\"https:\\\/\\\/schema.org\",\"@graph\":[{\"@type\":\"WebPage\",\"@id\":\"https:\\\/\\\/cssdn.gouv.qc.ca\\\/source\\\/informations-aux-parents\\\/normes-et-modalites\\\/\",\"url\":\"https:\\\/\\\/cssdn.gouv.qc.ca\\\/source\\\/informations-aux-parents\\\/normes-et-modalites\\\/\",\"name\":\"Normes et modalit\u00e9s - \u00c9cole de la Source\",\"isPartOf\":{\"@id\":\"https:\\\/\\\/cssdn.gouv.qc.ca\\\/source\\\/#website\"},\"primaryImageOfPage\":{\"@id\":\"https:\\\/\\\/cssdn.gouv.qc.ca\\\/source\\\/informations-aux-parents\\\/normes-et-modalites\\\/#primaryimage\"},\"image\":{\"@id\":\"https:\\\/\\\/cssdn.gouv.qc.ca\\\/source\\\/informations-aux-parents\\\/normes-et-modalites\\\/#primaryimage\"},\"thumbnailUrl\":\"https:\\\/\\\/stage.cssdn.gouv.qc.ca\\\/wp-content\\\/uploads\\\/2022\\\/08\\\/Seawire-Hero-06.jpg\",\"datePublished\":\"2026-02-27T16:56:12+00:00\",\"dateModified\":\"2026-02-27T16:56:17+00:00\",\"breadcrumb\":{\"@id\":\"https:\\\/\\\/cssdn.gouv.qc.ca\\\/source\\\/informations-aux-parents\\\/normes-et-modalites\\\/#breadcrumb\"},\"inLanguage\":\"fr-CA\",\"potentialAction\":[{\"@type\":\"ReadAction\",\"target\":[\"https:\\\/\\\/cssdn.gouv.qc.ca\\\/source\\\/informations-aux-parents\\\/normes-et-modalites\\\/\"]}]},{\"@type\":\"ImageObject\",\"inLanguage\":\"fr-CA\",\"@id\":\"https:\\\/\\\/cssdn.gouv.qc.ca\\\/source\\\/informations-aux-parents\\\/normes-et-modalites\\\/#primaryimage\",\"url\":\"https:\\\/\\\/stage.cssdn.gouv.qc.ca\\\/wp-content\\\/uploads\\\/2022\\\/08\\\/Seawire-Hero-06.jpg\",\"contentUrl\":\"https:\\\/\\\/stage.cssdn.gouv.qc.ca\\\/wp-content\\\/uploads\\\/2022\\\/08\\\/Seawire-Hero-06.jpg\"},{\"@type\":\"BreadcrumbList\",\"@id\":\"https:\\\/\\\/cssdn.gouv.qc.ca\\\/source\\\/informations-aux-parents\\\/normes-et-modalites\\\/#breadcrumb\",\"itemListElement\":[{\"@type\":\"ListItem\",\"position\":1,\"name\":\"Accueil\",\"item\":\"https:\\\/\\\/cssdn.gouv.qc.ca\\\/source\\\/\"},{\"@type\":\"ListItem\",\"position\":2,\"name\":\"Informations aux parents\",\"item\":\"https:\\\/\\\/cssdn.gouv.qc.ca\\\/source\\\/informations-aux-parents\\\/\"},{\"@type\":\"ListItem\",\"position\":3,\"name\":\"Normes et modalit\u00e9s\"}]},{\"@type\":\"WebSite\",\"@id\":\"https:\\\/\\\/cssdn.gouv.qc.ca\\\/source\\\/#website\",\"url\":\"https:\\\/\\\/cssdn.gouv.qc.ca\\\/source\\\/\",\"name\":\"\u00c9cole de la Source\",\"description\":\"Un site des centres de services scolaires des Navigateurs\",\"publisher\":{\"@id\":\"https:\\\/\\\/cssdn.gouv.qc.ca\\\/source\\\/#organization\"},\"potentialAction\":[{\"@type\":\"SearchAction\",\"target\":{\"@type\":\"EntryPoint\",\"urlTemplate\":\"https:\\\/\\\/cssdn.gouv.qc.ca\\\/source\\\/?s={search_term_string}\"},\"query-input\":{\"@type\":\"PropertyValueSpecification\",\"valueRequired\":true,\"valueName\":\"search_term_string\"}}],\"inLanguage\":\"fr-CA\"},{\"@type\":\"Organization\",\"@id\":\"https:\\\/\\\/cssdn.gouv.qc.ca\\\/source\\\/#organization\",\"name\":\"\u00c9cole de la Source\",\"url\":\"https:\\\/\\\/cssdn.gouv.qc.ca\\\/source\\\/\",\"logo\":{\"@type\":\"ImageObject\",\"inLanguage\":\"fr-CA\",\"@id\":\"https:\\\/\\\/cssdn.gouv.qc.ca\\\/source\\\/#\\\/schema\\\/logo\\\/image\\\/\",\"url\":\"https:\\\/\\\/cssdn.gouv.qc.ca\\\/source\\\/wp-content\\\/uploads\\\/sites\\\/62\\\/2023\\\/01\\\/logo_quebec.svg\",\"contentUrl\":\"https:\\\/\\\/cssdn.gouv.qc.ca\\\/source\\\/wp-content\\\/uploads\\\/sites\\\/62\\\/2023\\\/01\\\/logo_quebec.svg\",\"width\":188,\"height\":41,\"caption\":\"\u00c9cole de la Source\"},\"image\":{\"@id\":\"https:\\\/\\\/cssdn.gouv.qc.ca\\\/source\\\/#\\\/schema\\\/logo\\\/image\\\/\"},\"sameAs\":[\"https:\\\/\\\/www.facebook.com\\\/profile.php?id=100057776164861\"]}]}<\/script>\n<!-- \/ Yoast SEO plugin. -->","yoast_head_json":{"title":"Normes et modalit\u00e9s - \u00c9cole de la Source","robots":{"index":"index","follow":"follow","max-snippet":"max-snippet:-1","max-image-preview":"max-image-preview:large","max-video-preview":"max-video-preview:-1"},"canonical":"https:\/\/cssdn.gouv.qc.ca\/source\/informations-aux-parents\/normes-et-modalites\/","og_locale":"fr_CA","og_type":"article","og_title":"Normes et modalit\u00e9s - \u00c9cole de la Source","og_description":"Normes et modalit\u00e9s Normes et modalit\u00e9s LISTES DES FOURNITURES SCOLAIRES 2025-2026 En cliquant sur \u00ab\u00a0Listes de fournitures scolaires\u00a0\u00bb, vous pourrez voir les fournitures scolaires \u00e0 vous procurer pour votre enfant pour la premi\u00e8re journ\u00e9e d&rsquo;\u00e9cole qui aura lieu le 27 ao\u00fbt prochain ou selon l&rsquo;horaire que vous aurez re\u00e7u de l&rsquo;\u00e9cole.","og_url":"https:\/\/cssdn.gouv.qc.ca\/source\/informations-aux-parents\/normes-et-modalites\/","og_site_name":"\u00c9cole de la Source","article_publisher":"https:\/\/www.facebook.com\/profile.php?id=100057776164861","article_modified_time":"2026-02-27T16:56:17+00:00","twitter_card":"summary_large_image","twitter_misc":{"Estimation du temps de lecture":"1 minute"},"schema":{"@context":"https:\/\/schema.org","@graph":[{"@type":"WebPage","@id":"https:\/\/cssdn.gouv.qc.ca\/source\/informations-aux-parents\/normes-et-modalites\/","url":"https:\/\/cssdn.gouv.qc.ca\/source\/informations-aux-parents\/normes-et-modalites\/","name":"Normes et modalit\u00e9s - \u00c9cole de la Source","isPartOf":{"@id":"https:\/\/cssdn.gouv.qc.ca\/source\/#website"},"primaryImageOfPage":{"@id":"https:\/\/cssdn.gouv.qc.ca\/source\/informations-aux-parents\/normes-et-modalites\/#primaryimage"},"image":{"@id":"https:\/\/cssdn.gouv.qc.ca\/source\/informations-aux-parents\/normes-et-modalites\/#primaryimage"},"thumbnailUrl":"https:\/\/stage.cssdn.gouv.qc.ca\/wp-content\/uploads\/2022\/08\/Seawire-Hero-06.jpg","datePublished":"2026-02-27T16:56:12+00:00","dateModified":"2026-02-27T16:56:17+00:00","breadcrumb":{"@id":"https:\/\/cssdn.gouv.qc.ca\/source\/informations-aux-parents\/normes-et-modalites\/#breadcrumb"},"inLanguage":"fr-CA","potentialAction":[{"@type":"ReadAction","target":["https:\/\/cssdn.gouv.qc.ca\/source\/informations-aux-parents\/normes-et-modalites\/"]}]},{"@type":"ImageObject","inLanguage":"fr-CA","@id":"https:\/\/cssdn.gouv.qc.ca\/source\/informations-aux-parents\/normes-et-modalites\/#primaryimage","url":"https:\/\/stage.cssdn.gouv.qc.ca\/wp-content\/uploads\/2022\/08\/Seawire-Hero-06.jpg","contentUrl":"https:\/\/stage.cssdn.gouv.qc.ca\/wp-content\/uploads\/2022\/08\/Seawire-Hero-06.jpg"},{"@type":"BreadcrumbList","@id":"https:\/\/cssdn.gouv.qc.ca\/source\/informations-aux-parents\/normes-et-modalites\/#breadcrumb","itemListElement":[{"@type":"ListItem","position":1,"name":"Accueil","item":"https:\/\/cssdn.gouv.qc.ca\/source\/"},{"@type":"ListItem","position":2,"name":"Informations aux parents","item":"https:\/\/cssdn.gouv.qc.ca\/source\/informations-aux-parents\/"},{"@type":"ListItem","position":3,"name":"Normes et modalit\u00e9s"}]},{"@type":"WebSite","@id":"https:\/\/cssdn.gouv.qc.ca\/source\/#website","url":"https:\/\/cssdn.gouv.qc.ca\/source\/","name":"\u00c9cole de la Source","description":"Un site des centres de services scolaires des Navigateurs","publisher":{"@id":"https:\/\/cssdn.gouv.qc.ca\/source\/#organization"},"potentialAction":[{"@type":"SearchAction","target":{"@type":"EntryPoint","urlTemplate":"https:\/\/cssdn.gouv.qc.ca\/source\/?s={search_term_string}"},"query-input":{"@type":"PropertyValueSpecification","valueRequired":true,"valueName":"search_term_string"}}],"inLanguage":"fr-CA"},{"@type":"Organization","@id":"https:\/\/cssdn.gouv.qc.ca\/source\/#organization","name":"\u00c9cole de la Source","url":"https:\/\/cssdn.gouv.qc.ca\/source\/","logo":{"@type":"ImageObject","inLanguage":"fr-CA","@id":"https:\/\/cssdn.gouv.qc.ca\/source\/#\/schema\/logo\/image\/","url":"https:\/\/cssdn.gouv.qc.ca\/source\/wp-content\/uploads\/sites\/62\/2023\/01\/logo_quebec.svg","contentUrl":"https:\/\/cssdn.gouv.qc.ca\/source\/wp-content\/uploads\/sites\/62\/2023\/01\/logo_quebec.svg","width":188,"height":41,"caption":"\u00c9cole de la Source"},"image":{"@id":"https:\/\/cssdn.gouv.qc.ca\/source\/#\/schema\/logo\/image\/"},"sameAs":["https:\/\/www.facebook.com\/profile.php?id=100057776164861"]}]}},"publishpress_future_action":{"enabled":false,"date":"2026-04-22 01:45:32","action":"change-status","newStatus":"draft","terms":[],"taxonomy":"category","extraData":[]},"publishpress_future_workflow_manual_trigger":{"enabledWorkflows":[]},"_links":{"self":[{"href":"https:\/\/cssdn.gouv.qc.ca\/source\/wp-json\/wp\/v2\/pages\/522","targetHints":{"allow":["GET"]}}],"collection":[{"href":"https:\/\/cssdn.gouv.qc.ca\/source\/wp-json\/wp\/v2\/pages"}],"about":[{"href":"https:\/\/cssdn.gouv.qc.ca\/source\/wp-json\/wp\/v2\/types\/page"}],"author":[{"embeddable":true,"href":"https:\/\/cssdn.gouv.qc.ca\/source\/wp-json\/wp\/v2\/users\/173"}],"replies":[{"embeddable":true,"href":"https:\/\/cssdn.gouv.qc.ca\/source\/wp-json\/wp\/v2\/comments?post=522"}],"version-history":[{"count":0,"href":"https:\/\/cssdn.gouv.qc.ca\/source\/wp-json\/wp\/v2\/pages\/522\/revisions"}],"up":[{"embeddable":true,"href":"https:\/\/cssdn.gouv.qc.ca\/source\/wp-json\/wp\/v2\/pages\/13"}],"wp:attachment":[{"href":"https:\/\/cssdn.gouv.qc.ca\/source\/wp-json\/wp\/v2\/media?parent=522"}],"wp:term":[{"taxonomy":"category","embeddable":true,"href":"https:\/\/cssdn.gouv.qc.ca\/source\/wp-json\/wp\/v2\/categories?post=522"},{"taxonomy":"post_tag","embeddable":true,"href":"https:\/\/cssdn.gouv.qc.ca\/source\/wp-json\/wp\/v2\/tags?post=522"}],"curies":[{"name":"wp","href":"https:\/\/api.w.org\/{rel}","templated":true}]}}