
{"id":561,"date":"2026-03-05T11:13:03","date_gmt":"2026-03-05T16:13:03","guid":{"rendered":"https:\/\/cssdn.gouv.qc.ca\/source\/?page_id=561"},"modified":"2026-03-30T09:55:51","modified_gmt":"2026-03-30T13:55:51","slug":"ppp","status":"publish","type":"page","link":"https:\/\/cssdn.gouv.qc.ca\/source\/vie-scolaire\/ppp\/","title":{"rendered":"PPP"},"content":{"rendered":"\n<div class=\"wp-block-cover alignfull is-light is-style-title-banner\"><img decoding=\"async\" class=\"wp-block-cover__image-background wp-image-111 lazyload\" alt=\"\" data-src=\"https:\/\/stage.cssdn.gouv.qc.ca\/wp-content\/uploads\/2022\/08\/Seawire-Hero-06.jpg\" data-object-fit=\"cover\" src=\"data:image\/svg+xml;base64,PHN2ZyB3aWR0aD0iMSIgaGVpZ2h0PSIxIiB4bWxucz0iaHR0cDovL3d3dy53My5vcmcvMjAwMC9zdmciPjwvc3ZnPg==\" \/><span aria-hidden=\"true\" class=\"wp-block-cover__background has-background-dim\"><\/span><div class=\"wp-block-cover__inner-container\"><h3 class=\"wp-block-post-title\">PPP<\/h3><\/div><\/div>\n\n\n\n<div class=\"wp-block-group alignfull has-padding-y-large has-secondary-background-color has-background\"><div class=\"yoast-breadcrumbs alignwide \"><span class=\"breadcrumbs\"><a href=\"https:\/\/cssdn.gouv.qc.ca\/source\/\" class=\"breadcrumbs__element\">Accueil<\/a> <span class=\"breadcrumbs__separator\">\n        <svg class=\"icon icon-breadcrumb__separator\"><use xlink:href=\"#icon-breadcrumb__separator\"><\/use><\/svg>\n    <\/span> <a href=\"https:\/\/cssdn.gouv.qc.ca\/source\/vie-scolaire\/\" class=\"breadcrumbs__element\">Vie scolaire<\/a> <span class=\"breadcrumbs__separator\">\n        <svg class=\"icon icon-breadcrumb__separator\"><use xlink:href=\"#icon-breadcrumb__separator\"><\/use><\/svg>\n    <\/span> <span class=\"breadcrumbs__element breadcrumbs__element-current\">PPP<\/span><\/span><\/div><\/div>\n\n\n\n<h1 class=\"wp-block-heading\">PPP<\/h1>\n\n\n\n<div class=\"wp-block-file\"><a id=\"wp-block-file--media-71566695-b3c9-444e-9268-b51c218489e2\" href=\"https:\/\/cssdn.gouv.qc.ca\/source\/wp-content\/uploads\/sites\/62\/2026\/03\/Profils-inspirants-2025-26-003-1.pdf\">Profils inspirants 2025-26 <\/a><a href=\"https:\/\/cssdn.gouv.qc.ca\/source\/wp-content\/uploads\/sites\/62\/2026\/03\/Profils-inspirants-2025-26-003-1.pdf\" class=\"wp-block-file__button wp-element-button\" download aria-describedby=\"wp-block-file--media-71566695-b3c9-444e-9268-b51c218489e2\">Download<\/a><\/div>\n\n\n\n\n<p class=\"act-lead wp-block-paragraph\">\u00c0 l&rsquo;\u00e9cole de la Source, les \u00e9l\u00e8ves ont la chance de vivre des profils inspirants. Ces profils offerts aux \u00e9l\u00e8ves de 1re \u00e0 6e ann\u00e9e. Dans les diff\u00e9rents profils, on retrouve des activit\u00e9s telles le sport, la musique, les sciences, etc. que les \u00e9l\u00e8ves peuvent vivre \u00e0 raison d&rsquo;environ 2 p\u00e9riodes par mois, avec un enseignant autre que son titulaire. Tous les profils vous sont pr\u00e9sent\u00e9s dans le document ci-haut.<\/p>\n\n\n\n\n<p class=\"wp-block-paragraph\"><\/p>\n","protected":false},"excerpt":{"rendered":"<p>PPP<\/p>\n","protected":false},"author":173,"featured_media":0,"parent":17,"menu_order":0,"comment_status":"closed","ping_status":"closed","template":"","meta":{"_acf_changed":false,"_crdt_document":"","inline_featured_image":false,"footnotes":""},"categories":[],"tags":[],"class_list":["post-561","page","type-page","status-publish","hentry"],"acf":[],"yoast_head":"<!-- This site is optimized with the Yoast SEO plugin v27.5 - https:\/\/yoast.com\/product\/yoast-seo-wordpress\/ -->\n<title>PPP - \u00c9cole de la Source<\/title>\n<meta name=\"robots\" content=\"index, follow, max-snippet:-1, max-image-preview:large, max-video-preview:-1\" \/>\n<link rel=\"canonical\" href=\"https:\/\/cssdn.gouv.qc.ca\/source\/vie-scolaire\/ppp\/\" \/>\n<meta property=\"og:locale\" content=\"fr_CA\" \/>\n<meta property=\"og:type\" content=\"article\" \/>\n<meta property=\"og:title\" content=\"PPP - \u00c9cole de la Source\" \/>\n<meta property=\"og:description\" content=\"PPP\" \/>\n<meta property=\"og:url\" content=\"https:\/\/cssdn.gouv.qc.ca\/source\/vie-scolaire\/ppp\/\" \/>\n<meta property=\"og:site_name\" content=\"\u00c9cole de la Source\" \/>\n<meta property=\"article:publisher\" content=\"https:\/\/www.facebook.com\/profile.php?id=100057776164861\" \/>\n<meta property=\"article:modified_time\" content=\"2026-03-30T13:55:51+00:00\" \/>\n<meta name=\"twitter:card\" content=\"summary_large_image\" \/>\n<script type=\"application\/ld+json\" class=\"yoast-schema-graph\">{\"@context\":\"https:\\\/\\\/schema.org\",\"@graph\":[{\"@type\":\"WebPage\",\"@id\":\"https:\\\/\\\/cssdn.gouv.qc.ca\\\/source\\\/vie-scolaire\\\/ppp\\\/\",\"url\":\"https:\\\/\\\/cssdn.gouv.qc.ca\\\/source\\\/vie-scolaire\\\/ppp\\\/\",\"name\":\"PPP - \u00c9cole de la Source\",\"isPartOf\":{\"@id\":\"https:\\\/\\\/cssdn.gouv.qc.ca\\\/source\\\/#website\"},\"primaryImageOfPage\":{\"@id\":\"https:\\\/\\\/cssdn.gouv.qc.ca\\\/source\\\/vie-scolaire\\\/ppp\\\/#primaryimage\"},\"image\":{\"@id\":\"https:\\\/\\\/cssdn.gouv.qc.ca\\\/source\\\/vie-scolaire\\\/ppp\\\/#primaryimage\"},\"thumbnailUrl\":\"https:\\\/\\\/stage.cssdn.gouv.qc.ca\\\/wp-content\\\/uploads\\\/2022\\\/08\\\/Seawire-Hero-06.jpg\",\"datePublished\":\"2026-03-05T16:13:03+00:00\",\"dateModified\":\"2026-03-30T13:55:51+00:00\",\"breadcrumb\":{\"@id\":\"https:\\\/\\\/cssdn.gouv.qc.ca\\\/source\\\/vie-scolaire\\\/ppp\\\/#breadcrumb\"},\"inLanguage\":\"fr-CA\",\"potentialAction\":[{\"@type\":\"ReadAction\",\"target\":[\"https:\\\/\\\/cssdn.gouv.qc.ca\\\/source\\\/vie-scolaire\\\/ppp\\\/\"]}]},{\"@type\":\"ImageObject\",\"inLanguage\":\"fr-CA\",\"@id\":\"https:\\\/\\\/cssdn.gouv.qc.ca\\\/source\\\/vie-scolaire\\\/ppp\\\/#primaryimage\",\"url\":\"https:\\\/\\\/stage.cssdn.gouv.qc.ca\\\/wp-content\\\/uploads\\\/2022\\\/08\\\/Seawire-Hero-06.jpg\",\"contentUrl\":\"https:\\\/\\\/stage.cssdn.gouv.qc.ca\\\/wp-content\\\/uploads\\\/2022\\\/08\\\/Seawire-Hero-06.jpg\"},{\"@type\":\"BreadcrumbList\",\"@id\":\"https:\\\/\\\/cssdn.gouv.qc.ca\\\/source\\\/vie-scolaire\\\/ppp\\\/#breadcrumb\",\"itemListElement\":[{\"@type\":\"ListItem\",\"position\":1,\"name\":\"Accueil\",\"item\":\"https:\\\/\\\/cssdn.gouv.qc.ca\\\/source\\\/\"},{\"@type\":\"ListItem\",\"position\":2,\"name\":\"Vie scolaire\",\"item\":\"https:\\\/\\\/cssdn.gouv.qc.ca\\\/source\\\/vie-scolaire\\\/\"},{\"@type\":\"ListItem\",\"position\":3,\"name\":\"PPP\"}]},{\"@type\":\"WebSite\",\"@id\":\"https:\\\/\\\/cssdn.gouv.qc.ca\\\/source\\\/#website\",\"url\":\"https:\\\/\\\/cssdn.gouv.qc.ca\\\/source\\\/\",\"name\":\"\u00c9cole de la Source\",\"description\":\"Un site des centres de services scolaires des Navigateurs\",\"publisher\":{\"@id\":\"https:\\\/\\\/cssdn.gouv.qc.ca\\\/source\\\/#organization\"},\"potentialAction\":[{\"@type\":\"SearchAction\",\"target\":{\"@type\":\"EntryPoint\",\"urlTemplate\":\"https:\\\/\\\/cssdn.gouv.qc.ca\\\/source\\\/?s={search_term_string}\"},\"query-input\":{\"@type\":\"PropertyValueSpecification\",\"valueRequired\":true,\"valueName\":\"search_term_string\"}}],\"inLanguage\":\"fr-CA\"},{\"@type\":\"Organization\",\"@id\":\"https:\\\/\\\/cssdn.gouv.qc.ca\\\/source\\\/#organization\",\"name\":\"\u00c9cole de la Source\",\"url\":\"https:\\\/\\\/cssdn.gouv.qc.ca\\\/source\\\/\",\"logo\":{\"@type\":\"ImageObject\",\"inLanguage\":\"fr-CA\",\"@id\":\"https:\\\/\\\/cssdn.gouv.qc.ca\\\/source\\\/#\\\/schema\\\/logo\\\/image\\\/\",\"url\":\"https:\\\/\\\/cssdn.gouv.qc.ca\\\/source\\\/wp-content\\\/uploads\\\/sites\\\/62\\\/2023\\\/01\\\/logo_quebec.svg\",\"contentUrl\":\"https:\\\/\\\/cssdn.gouv.qc.ca\\\/source\\\/wp-content\\\/uploads\\\/sites\\\/62\\\/2023\\\/01\\\/logo_quebec.svg\",\"width\":188,\"height\":41,\"caption\":\"\u00c9cole de la Source\"},\"image\":{\"@id\":\"https:\\\/\\\/cssdn.gouv.qc.ca\\\/source\\\/#\\\/schema\\\/logo\\\/image\\\/\"},\"sameAs\":[\"https:\\\/\\\/www.facebook.com\\\/profile.php?id=100057776164861\"]}]}<\/script>\n<!-- \/ Yoast SEO plugin. -->","yoast_head_json":{"title":"PPP - \u00c9cole de la Source","robots":{"index":"index","follow":"follow","max-snippet":"max-snippet:-1","max-image-preview":"max-image-preview:large","max-video-preview":"max-video-preview:-1"},"canonical":"https:\/\/cssdn.gouv.qc.ca\/source\/vie-scolaire\/ppp\/","og_locale":"fr_CA","og_type":"article","og_title":"PPP - \u00c9cole de la Source","og_description":"PPP","og_url":"https:\/\/cssdn.gouv.qc.ca\/source\/vie-scolaire\/ppp\/","og_site_name":"\u00c9cole de la Source","article_publisher":"https:\/\/www.facebook.com\/profile.php?id=100057776164861","article_modified_time":"2026-03-30T13:55:51+00:00","twitter_card":"summary_large_image","schema":{"@context":"https:\/\/schema.org","@graph":[{"@type":"WebPage","@id":"https:\/\/cssdn.gouv.qc.ca\/source\/vie-scolaire\/ppp\/","url":"https:\/\/cssdn.gouv.qc.ca\/source\/vie-scolaire\/ppp\/","name":"PPP - \u00c9cole de la Source","isPartOf":{"@id":"https:\/\/cssdn.gouv.qc.ca\/source\/#website"},"primaryImageOfPage":{"@id":"https:\/\/cssdn.gouv.qc.ca\/source\/vie-scolaire\/ppp\/#primaryimage"},"image":{"@id":"https:\/\/cssdn.gouv.qc.ca\/source\/vie-scolaire\/ppp\/#primaryimage"},"thumbnailUrl":"https:\/\/stage.cssdn.gouv.qc.ca\/wp-content\/uploads\/2022\/08\/Seawire-Hero-06.jpg","datePublished":"2026-03-05T16:13:03+00:00","dateModified":"2026-03-30T13:55:51+00:00","breadcrumb":{"@id":"https:\/\/cssdn.gouv.qc.ca\/source\/vie-scolaire\/ppp\/#breadcrumb"},"inLanguage":"fr-CA","potentialAction":[{"@type":"ReadAction","target":["https:\/\/cssdn.gouv.qc.ca\/source\/vie-scolaire\/ppp\/"]}]},{"@type":"ImageObject","inLanguage":"fr-CA","@id":"https:\/\/cssdn.gouv.qc.ca\/source\/vie-scolaire\/ppp\/#primaryimage","url":"https:\/\/stage.cssdn.gouv.qc.ca\/wp-content\/uploads\/2022\/08\/Seawire-Hero-06.jpg","contentUrl":"https:\/\/stage.cssdn.gouv.qc.ca\/wp-content\/uploads\/2022\/08\/Seawire-Hero-06.jpg"},{"@type":"BreadcrumbList","@id":"https:\/\/cssdn.gouv.qc.ca\/source\/vie-scolaire\/ppp\/#breadcrumb","itemListElement":[{"@type":"ListItem","position":1,"name":"Accueil","item":"https:\/\/cssdn.gouv.qc.ca\/source\/"},{"@type":"ListItem","position":2,"name":"Vie scolaire","item":"https:\/\/cssdn.gouv.qc.ca\/source\/vie-scolaire\/"},{"@type":"ListItem","position":3,"name":"PPP"}]},{"@type":"WebSite","@id":"https:\/\/cssdn.gouv.qc.ca\/source\/#website","url":"https:\/\/cssdn.gouv.qc.ca\/source\/","name":"\u00c9cole de la Source","description":"Un site des centres de services scolaires des Navigateurs","publisher":{"@id":"https:\/\/cssdn.gouv.qc.ca\/source\/#organization"},"potentialAction":[{"@type":"SearchAction","target":{"@type":"EntryPoint","urlTemplate":"https:\/\/cssdn.gouv.qc.ca\/source\/?s={search_term_string}"},"query-input":{"@type":"PropertyValueSpecification","valueRequired":true,"valueName":"search_term_string"}}],"inLanguage":"fr-CA"},{"@type":"Organization","@id":"https:\/\/cssdn.gouv.qc.ca\/source\/#organization","name":"\u00c9cole de la Source","url":"https:\/\/cssdn.gouv.qc.ca\/source\/","logo":{"@type":"ImageObject","inLanguage":"fr-CA","@id":"https:\/\/cssdn.gouv.qc.ca\/source\/#\/schema\/logo\/image\/","url":"https:\/\/cssdn.gouv.qc.ca\/source\/wp-content\/uploads\/sites\/62\/2023\/01\/logo_quebec.svg","contentUrl":"https:\/\/cssdn.gouv.qc.ca\/source\/wp-content\/uploads\/sites\/62\/2023\/01\/logo_quebec.svg","width":188,"height":41,"caption":"\u00c9cole de la Source"},"image":{"@id":"https:\/\/cssdn.gouv.qc.ca\/source\/#\/schema\/logo\/image\/"},"sameAs":["https:\/\/www.facebook.com\/profile.php?id=100057776164861"]}]}},"publishpress_future_action":{"enabled":false,"date":"2026-05-10 06:32:31","action":"change-status","newStatus":"draft","terms":[],"taxonomy":"category","extraData":[]},"publishpress_future_workflow_manual_trigger":{"enabledWorkflows":[]},"_links":{"self":[{"href":"https:\/\/cssdn.gouv.qc.ca\/source\/wp-json\/wp\/v2\/pages\/561","targetHints":{"allow":["GET"]}}],"collection":[{"href":"https:\/\/cssdn.gouv.qc.ca\/source\/wp-json\/wp\/v2\/pages"}],"about":[{"href":"https:\/\/cssdn.gouv.qc.ca\/source\/wp-json\/wp\/v2\/types\/page"}],"author":[{"embeddable":true,"href":"https:\/\/cssdn.gouv.qc.ca\/source\/wp-json\/wp\/v2\/users\/173"}],"replies":[{"embeddable":true,"href":"https:\/\/cssdn.gouv.qc.ca\/source\/wp-json\/wp\/v2\/comments?post=561"}],"version-history":[{"count":0,"href":"https:\/\/cssdn.gouv.qc.ca\/source\/wp-json\/wp\/v2\/pages\/561\/revisions"}],"up":[{"embeddable":true,"href":"https:\/\/cssdn.gouv.qc.ca\/source\/wp-json\/wp\/v2\/pages\/17"}],"wp:attachment":[{"href":"https:\/\/cssdn.gouv.qc.ca\/source\/wp-json\/wp\/v2\/media?parent=561"}],"wp:term":[{"taxonomy":"category","embeddable":true,"href":"https:\/\/cssdn.gouv.qc.ca\/source\/wp-json\/wp\/v2\/categories?post=561"},{"taxonomy":"post_tag","embeddable":true,"href":"https:\/\/cssdn.gouv.qc.ca\/source\/wp-json\/wp\/v2\/tags?post=561"}],"curies":[{"name":"wp","href":"https:\/\/api.w.org\/{rel}","templated":true}]}}