
{"id":14,"date":"2022-11-08T16:07:55","date_gmt":"2022-11-08T21:07:55","guid":{"rendered":"https:\/\/cssdn.gouv.qc.ca\/taniata\/informations-aux-parents\/renseignements-generaux\/"},"modified":"2025-09-22T12:53:54","modified_gmt":"2025-09-22T16:53:54","slug":"renseignements-generaux","status":"publish","type":"page","link":"https:\/\/cssdn.gouv.qc.ca\/taniata\/informations-aux-parents\/renseignements-generaux\/","title":{"rendered":"Renseignements g\u00e9n\u00e9raux"},"content":{"rendered":"\n<div class=\"wp-block-cover alignfull is-light is-style-title-banner\"><img decoding=\"async\" class=\"wp-block-cover__image-background wp-image-111 lazyload\" alt=\"\" data-src=\"https:\/\/cssdn.gouv.qc.ca\/wp-content\/uploads\/2022\/08\/Seawire-Hero-06.jpg\" data-object-fit=\"cover\" src=\"data:image\/svg+xml;base64,PHN2ZyB3aWR0aD0iMSIgaGVpZ2h0PSIxIiB4bWxucz0iaHR0cDovL3d3dy53My5vcmcvMjAwMC9zdmciPjwvc3ZnPg==\" \/><span aria-hidden=\"true\" class=\"wp-block-cover__background has-primary-background-color has-background-dim\"><\/span><div class=\"wp-block-cover__inner-container\"><h3 class=\"wp-block-post-title\">Renseignements g\u00e9n\u00e9raux<\/h3><\/div><\/div>\n\n\n\n<div class=\"wp-block-group alignfull has-padding-y-large has-secondary-background-color has-background\"><div class=\"yoast-breadcrumbs alignwide \"><span class=\"breadcrumbs\"><a href=\"https:\/\/cssdn.gouv.qc.ca\/taniata\/\" class=\"breadcrumbs__element\">Accueil<\/a> <span class=\"breadcrumbs__separator\">\n        <svg class=\"icon icon-breadcrumb__separator\"><use xlink:href=\"#icon-breadcrumb__separator\"><\/use><\/svg>\n    <\/span> <a href=\"https:\/\/cssdn.gouv.qc.ca\/taniata\/informations-aux-parents\/\" class=\"breadcrumbs__element\">Informations aux parents<\/a> <span class=\"breadcrumbs__separator\">\n        <svg class=\"icon icon-breadcrumb__separator\"><use xlink:href=\"#icon-breadcrumb__separator\"><\/use><\/svg>\n    <\/span> <span class=\"breadcrumbs__element breadcrumbs__element-current\">Renseignements g\u00e9n\u00e9raux<\/span><\/span><\/div><\/div>\n\n\n\n<p class=\"has-grey-40-background-color has-background wp-block-paragraph\">INSCRIPTION &#8211; Pr\u00e9scolaire 5 ans et Primaire (de 1re \u00e0 6e ann\u00e9e)<\/p>\n\n\n\n<p class=\"wp-block-paragraph\"><\/p>\n\n\n\n<div class=\"wp-block-group\">\n<p class=\"wp-block-paragraph\">Voici le lien pour faire l\u2019inscription de votre ou vos enfants&nbsp;:&nbsp;<a href=\"https:\/\/cssdn.gouv.qc.ca\/\">https:\/\/cssdn.gouv.qc.ca\/<\/a><\/p>\n\n\n\n<p class=\"wp-block-paragraph\">Dans la bande bleue, vous cliquez sur la pastille&nbsp;:&nbsp; \u00ab\u00a0Admission et inscription\u00a0\u00bb,<\/p>\n\n\n\n<p class=\"wp-block-paragraph\">vous trouverez toute l\u2019information n\u00e9cessaire pour l\u2019inscription.<\/p>\n<\/div>\n\n\n\n<div class=\"wp-block-group\">\n<p class=\"wp-block-paragraph\"><\/p>\n\n\n\n<p class=\"wp-block-paragraph\"><\/p>\n\n\n\n<p class=\"wp-block-paragraph\"><\/p>\n\n\n\n\n<p class=\"act-lead has-grey-20-background-color has-background has-medium-font-size wp-block-paragraph\">Documents d&rsquo;information<\/p>\n\n\n\n\n<div class=\"wp-block-file\"><a id=\"wp-block-file--media-9a5bd791-a9e6-4053-8cc0-ee51fac66f21\" href=\"https:\/\/cssdn.gouv.qc.ca\/taniata\/wp-content\/uploads\/sites\/63\/2024\/01\/Info-parents_Nouvelle-demande.pdf\">Info-parents_Nouvelle-demande<\/a><a href=\"https:\/\/cssdn.gouv.qc.ca\/taniata\/wp-content\/uploads\/sites\/63\/2024\/01\/Info-parents_Nouvelle-demande.pdf\" class=\"wp-block-file__button wp-element-button\" download aria-describedby=\"wp-block-file--media-9a5bd791-a9e6-4053-8cc0-ee51fac66f21\">T\u00e9l\u00e9charger<\/a><\/div>\n\n\n\n<div class=\"wp-block-file\"><a id=\"wp-block-file--media-f41a64e6-1fbd-4883-9c4b-a13d7b7e121b\" href=\"https:\/\/cssdn.gouv.qc.ca\/taniata\/wp-content\/uploads\/sites\/63\/2024\/01\/Document-dinformation-des-Services-du-transport-2024-2025.pdf\">Document-dinformation-des-Services-du-transport-2024-2025<\/a><a href=\"https:\/\/cssdn.gouv.qc.ca\/taniata\/wp-content\/uploads\/sites\/63\/2024\/01\/Document-dinformation-des-Services-du-transport-2024-2025.pdf\" class=\"wp-block-file__button wp-element-button\" download aria-describedby=\"wp-block-file--media-f41a64e6-1fbd-4883-9c4b-a13d7b7e121b\">T\u00e9l\u00e9charger<\/a><\/div>\n\n\n\n<div class=\"wp-block-file\"><a id=\"wp-block-file--media-f3f4d9c1-5a2e-4f72-9709-57cdf90a6f19\" href=\"https:\/\/cssdn.gouv.qc.ca\/taniata\/wp-content\/uploads\/sites\/63\/2024\/01\/Lettre-du-Service-de-garde.pdf\">Lettre-du-Service-de-garde<\/a><a href=\"https:\/\/cssdn.gouv.qc.ca\/taniata\/wp-content\/uploads\/sites\/63\/2024\/01\/Lettre-du-Service-de-garde.pdf\" class=\"wp-block-file__button wp-element-button\" download aria-describedby=\"wp-block-file--media-f3f4d9c1-5a2e-4f72-9709-57cdf90a6f19\">T\u00e9l\u00e9charger<\/a><\/div>\n<\/div>\n\n\n\n\n\n<p class=\"has-grey-40-background-color has-background wp-block-paragraph\"><strong>PORTAIL MOZA\u00cfK<\/strong><\/p>\n\n\n\n\n\n<div class=\"wp-block-file\"><a id=\"wp-block-file--media-aeb71be3-5c0a-4793-bfe1-a8e18b4df8fd\" href=\"https:\/\/cssdn.gouv.qc.ca\/taniata\/wp-content\/uploads\/sites\/63\/2024\/01\/Mozaik-Inscription_Guide-pour-les-parents_2024_2025.pdf\">Mozaik-Inscription_Guide-pour-les-parents_2024_2025<\/a><a href=\"https:\/\/cssdn.gouv.qc.ca\/taniata\/wp-content\/uploads\/sites\/63\/2024\/01\/Mozaik-Inscription_Guide-pour-les-parents_2024_2025.pdf\" class=\"wp-block-file__button wp-element-button\" download aria-describedby=\"wp-block-file--media-aeb71be3-5c0a-4793-bfe1-a8e18b4df8fd\">T\u00e9l\u00e9charger<\/a><\/div>\n\n\n\n<p class=\"has-tertiary-background-color has-background has-medium-font-size wp-block-paragraph\"><em><strong>LISTE DES FOURNITURES SCOLAIRES<\/strong><\/em> <strong><em>2025-2026<\/em><\/strong><\/p>\n\n\n\n<div class=\"wp-block-file\"><a id=\"wp-block-file--media-eab55f02-1b50-4b79-82ec-2cd5c7d1b7ec\" href=\"https:\/\/cssdn.gouv.qc.ca\/taniata\/wp-content\/uploads\/sites\/63\/2025\/07\/prescolaire.pdf\">pr\u00e9scolaire<\/a><a href=\"https:\/\/cssdn.gouv.qc.ca\/taniata\/wp-content\/uploads\/sites\/63\/2025\/07\/prescolaire.pdf\" class=\"wp-block-file__button wp-element-button\" download aria-describedby=\"wp-block-file--media-eab55f02-1b50-4b79-82ec-2cd5c7d1b7ec\">T\u00e9l\u00e9charger<\/a><\/div>\n\n\n\n<div class=\"wp-block-file\"><a id=\"wp-block-file--media-f5de7b39-bcb4-45e8-868e-0b84ee33aa40\" href=\"https:\/\/cssdn.gouv.qc.ca\/taniata\/wp-content\/uploads\/sites\/63\/2025\/07\/1er-annee.pdf\">1er ann\u00e9e<\/a><a href=\"https:\/\/cssdn.gouv.qc.ca\/taniata\/wp-content\/uploads\/sites\/63\/2025\/07\/1er-annee.pdf\" class=\"wp-block-file__button wp-element-button\" download aria-describedby=\"wp-block-file--media-f5de7b39-bcb4-45e8-868e-0b84ee33aa40\">T\u00e9l\u00e9charger<\/a><\/div>\n\n\n\n<div class=\"wp-block-file\"><a id=\"wp-block-file--media-2751c203-c890-4904-84f2-dbbc57346e8b\" href=\"https:\/\/cssdn.gouv.qc.ca\/taniata\/wp-content\/uploads\/sites\/63\/2025\/07\/2ieme-annee.pdf\">2i\u00e8me ann\u00e9e<\/a><a href=\"https:\/\/cssdn.gouv.qc.ca\/taniata\/wp-content\/uploads\/sites\/63\/2025\/07\/2ieme-annee.pdf\" class=\"wp-block-file__button wp-element-button\" download aria-describedby=\"wp-block-file--media-2751c203-c890-4904-84f2-dbbc57346e8b\">T\u00e9l\u00e9charger<\/a><\/div>\n\n\n\n<div class=\"wp-block-file\"><a id=\"wp-block-file--media-37e3317f-3c43-4270-a94e-d6c5cfb0d8c9\" href=\"https:\/\/cssdn.gouv.qc.ca\/taniata\/wp-content\/uploads\/sites\/63\/2025\/07\/3ieme-annee.pdf\">3i\u00e8me ann\u00e9e<\/a><a href=\"https:\/\/cssdn.gouv.qc.ca\/taniata\/wp-content\/uploads\/sites\/63\/2025\/07\/3ieme-annee.pdf\" class=\"wp-block-file__button wp-element-button\" download aria-describedby=\"wp-block-file--media-37e3317f-3c43-4270-a94e-d6c5cfb0d8c9\">T\u00e9l\u00e9charger<\/a><\/div>\n\n\n\n<div class=\"wp-block-file\"><a id=\"wp-block-file--media-7592a85c-5514-447c-9314-13858bac760a\" href=\"https:\/\/cssdn.gouv.qc.ca\/taniata\/wp-content\/uploads\/sites\/63\/2025\/07\/3e-4e-annee.pdf\">3e-4e ann\u00e9e<\/a><a href=\"https:\/\/cssdn.gouv.qc.ca\/taniata\/wp-content\/uploads\/sites\/63\/2025\/07\/3e-4e-annee.pdf\" class=\"wp-block-file__button wp-element-button\" download aria-describedby=\"wp-block-file--media-7592a85c-5514-447c-9314-13858bac760a\">T\u00e9l\u00e9charger<\/a><\/div>\n\n\n\n<div class=\"wp-block-file\"><a id=\"wp-block-file--media-f91d0c65-649e-44f4-a16f-2a4f292d5f66\" href=\"https:\/\/cssdn.gouv.qc.ca\/taniata\/wp-content\/uploads\/sites\/63\/2025\/07\/4ieme-annee.pdf\">4i\u00e8me ann\u00e9e<\/a><a href=\"https:\/\/cssdn.gouv.qc.ca\/taniata\/wp-content\/uploads\/sites\/63\/2025\/07\/4ieme-annee.pdf\" class=\"wp-block-file__button wp-element-button\" download aria-describedby=\"wp-block-file--media-f91d0c65-649e-44f4-a16f-2a4f292d5f66\">T\u00e9l\u00e9charger<\/a><\/div>\n\n\n\n<div class=\"wp-block-file\"><a id=\"wp-block-file--media-41a5a6b4-647b-4fb6-9305-80a1221b2f48\" href=\"https:\/\/cssdn.gouv.qc.ca\/taniata\/wp-content\/uploads\/sites\/63\/2025\/07\/5ieme-annee.pdf\">5i\u00e8me ann\u00e9e<\/a><a href=\"https:\/\/cssdn.gouv.qc.ca\/taniata\/wp-content\/uploads\/sites\/63\/2025\/07\/5ieme-annee.pdf\" class=\"wp-block-file__button wp-element-button\" download aria-describedby=\"wp-block-file--media-41a5a6b4-647b-4fb6-9305-80a1221b2f48\">T\u00e9l\u00e9charger<\/a><\/div>\n\n\n\n<div class=\"wp-block-file\"><a id=\"wp-block-file--media-c8c6b456-a0c6-437d-926b-ee9ef99a104b\" href=\"https:\/\/cssdn.gouv.qc.ca\/taniata\/wp-content\/uploads\/sites\/63\/2025\/07\/5-6-annee.pdf\">5-6 ann\u00e9e<\/a><a href=\"https:\/\/cssdn.gouv.qc.ca\/taniata\/wp-content\/uploads\/sites\/63\/2025\/07\/5-6-annee.pdf\" class=\"wp-block-file__button wp-element-button\" download aria-describedby=\"wp-block-file--media-c8c6b456-a0c6-437d-926b-ee9ef99a104b\">T\u00e9l\u00e9charger<\/a><\/div>\n\n\n\n<div class=\"wp-block-file\"><a id=\"wp-block-file--media-10985918-be58-4ab6-bcc6-49985ac6c2bc\" href=\"https:\/\/cssdn.gouv.qc.ca\/taniata\/wp-content\/uploads\/sites\/63\/2025\/07\/6e-annee.pdf\">6e ann\u00e9e<\/a><a href=\"https:\/\/cssdn.gouv.qc.ca\/taniata\/wp-content\/uploads\/sites\/63\/2025\/07\/6e-annee.pdf\" class=\"wp-block-file__button wp-element-button\" download aria-describedby=\"wp-block-file--media-10985918-be58-4ab6-bcc6-49985ac6c2bc\">T\u00e9l\u00e9charger<\/a><\/div>\n\n\n\n<div class=\"wp-block-file\"><a id=\"wp-block-file--media-9fca7616-54b3-49be-bfeb-bf312fb74bfc\" href=\"https:\/\/cssdn.gouv.qc.ca\/taniata\/wp-content\/uploads\/sites\/63\/2025\/07\/CATSA-1.pdf\">CATSA  1<\/a><a href=\"https:\/\/cssdn.gouv.qc.ca\/taniata\/wp-content\/uploads\/sites\/63\/2025\/07\/CATSA-1.pdf\" class=\"wp-block-file__button wp-element-button\" download aria-describedby=\"wp-block-file--media-9fca7616-54b3-49be-bfeb-bf312fb74bfc\">T\u00e9l\u00e9charger<\/a><\/div>\n\n\n\n<div class=\"wp-block-file\"><a id=\"wp-block-file--media-9816eb6e-b30e-430b-81d3-ec834a0c2bb6\" href=\"https:\/\/cssdn.gouv.qc.ca\/taniata\/wp-content\/uploads\/sites\/63\/2025\/07\/CATSA-2.pdf\">CATSA 2<\/a><a href=\"https:\/\/cssdn.gouv.qc.ca\/taniata\/wp-content\/uploads\/sites\/63\/2025\/07\/CATSA-2.pdf\" class=\"wp-block-file__button wp-element-button\" download aria-describedby=\"wp-block-file--media-9816eb6e-b30e-430b-81d3-ec834a0c2bb6\">T\u00e9l\u00e9charger<\/a><\/div>\n\n\n\n<div class=\"wp-block-file\"><a id=\"wp-block-file--media-f0a95e42-ab92-43bc-925c-42c894c05714\" href=\"https:\/\/cssdn.gouv.qc.ca\/taniata\/wp-content\/uploads\/sites\/63\/2025\/07\/CATSA-3.pdf\">CATSA 3<\/a><a href=\"https:\/\/cssdn.gouv.qc.ca\/taniata\/wp-content\/uploads\/sites\/63\/2025\/07\/CATSA-3.pdf\" class=\"wp-block-file__button wp-element-button\" download aria-describedby=\"wp-block-file--media-f0a95e42-ab92-43bc-925c-42c894c05714\">T\u00e9l\u00e9charger<\/a><\/div>\n\n\n\n<div class=\"wp-block-file\"><a id=\"wp-block-file--media-6492fa3e-6280-44ed-b662-fb324f250725\" href=\"https:\/\/cssdn.gouv.qc.ca\/taniata\/wp-content\/uploads\/sites\/63\/2025\/07\/CATSA-4.pdf\">CATSA 4<\/a><a href=\"https:\/\/cssdn.gouv.qc.ca\/taniata\/wp-content\/uploads\/sites\/63\/2025\/07\/CATSA-4.pdf\" class=\"wp-block-file__button wp-element-button\" download aria-describedby=\"wp-block-file--media-6492fa3e-6280-44ed-b662-fb324f250725\">T\u00e9l\u00e9charger<\/a><\/div>\n\n\n\n<p class=\"has-black-color has-grey-40-background-color has-text-color has-background wp-block-paragraph\"><strong>EFFETS SCOLAIRES<\/strong><\/p>\n\n\n\n<div class=\"wp-block-file\"><a id=\"wp-block-file--media-842ede61-b5b7-4651-ae70-7bac912c5285\" href=\"https:\/\/cssdn.gouv.qc.ca\/taniata\/wp-content\/uploads\/sites\/63\/2023\/01\/Paiement-en-ligne-des-effets-scolaires.pdf\">Paiement-en-ligne-des-effets-scolaires<\/a><\/div>\n\n\n\n<h2 class=\"wp-block-heading\">Intervenant pivot en interculturel tohojoel.yeo@cssdn.gouv.qc.ca <\/h2>\n\n\n\n<p class=\"wp-block-paragraph\">Y\u00e9o Toho Jo\u00ebl est un travailleur social en interculturel au CSSDN. Sa t\u00e2che en tant que travailleur social en interculturel consiste \u00e0 :<\/p>\n\n\n\n<ul class=\"wp-block-list\">\n<li>Soutenir la communication entre l&rsquo;\u00e9cole et les familles immigrantes.<\/li>\n\n\n\n<li>Offrir un soutien psychosocial et orienter vers les ressources pertinentes (sant\u00e9, logement, aide juridique, etc.).<\/li>\n\n\n\n<li>Favoriser le d\u00e9veloppement de comp\u00e9tences utiles \u00e0 l\u2019int\u00e9gration (communication, l\u2019empowerment, gestion du stress).<\/li>\n\n\n\n<li>Promouvoir l\u2019inclusion sociale par des partenariats communautaires et des activit\u00e9s interculturelles.<\/li>\n\n\n\n<li>\u00c9valuer les besoins des familles immigrantes et \u00e9laborer des interventions adapt\u00e9es \u00e0 leur r\u00e9alit\u00e9 culturelle.<\/li>\n<\/ul>\n\n\n\n<h2 class=\"wp-block-heading\"><\/h2>\n\n\n\n<p class=\"has-grey-40-background-color has-background wp-block-paragraph\"><strong>FERMETURE DES \u00c9TABLISSEMENTS<\/strong><\/p>\n\n\n\n<div class=\"act-collapsible\">\n<h5 class=\"wp-block-heading act-collapsible__heading\"><a href=\"https:\/\/web.cssdn.gouv.qc.ca\/sites\/default\/files\/u366\/fermeture-etablissements_2022-2023.pdf\">https:\/\/web.cssdn.gouv.qc.ca\/sites\/default\/files\/u366\/fermeture-etablissements_2022-2023.pdf<\/a><\/h5>\n\n\n\n<div class=\"act-collapsible__content\"><div class=\"act-collapsible__content-inner\">\n<ul class=\"wp-block-list\"><\/ul>\n\n\n\n<p class=\"wp-block-paragraph\"><\/p>\n\n\n\n<p class=\"wp-block-paragraph\"><\/p>\n<\/div><\/div>\n<\/div>\n","protected":false},"excerpt":{"rendered":"<p>INSCRIPTION &#8211; Pr\u00e9scolaire 5 ans et Primaire (de 1re \u00e0 6e ann\u00e9e) Voici le lien pour faire l\u2019inscription de votre ou vos enfants&nbsp;:&nbsp;https:\/\/cssdn.gouv.qc.ca\/ Dans la bande bleue, vous cliquez sur la pastille&nbsp;:&nbsp; \u00ab\u00a0Admission et inscription\u00a0\u00bb, vous trouverez toute l\u2019information n\u00e9cessaire pour l\u2019inscription. PORTAIL MOZA\u00cfK LISTE DES FOURNITURES SCOLAIRES 2025-2026 EFFETS SCOLAIRES Intervenant pivot en interculturel [&hellip;]<\/p>\n","protected":false},"author":1,"featured_media":0,"parent":13,"menu_order":0,"comment_status":"closed","ping_status":"closed","template":"","meta":{"_acf_changed":false,"_crdt_document":"","inline_featured_image":false,"footnotes":""},"categories":[],"tags":[],"class_list":["post-14","page","type-page","status-publish","hentry"],"acf":[],"yoast_head":"<!-- This site is optimized with the Yoast SEO plugin v27.3 - https:\/\/yoast.com\/product\/yoast-seo-wordpress\/ -->\n<title>Renseignements g\u00e9n\u00e9raux - \u00c9cole de Taniata<\/title>\n<meta name=\"robots\" content=\"index, follow, max-snippet:-1, max-image-preview:large, max-video-preview:-1\" \/>\n<link rel=\"canonical\" href=\"https:\/\/cssdn.gouv.qc.ca\/taniata\/informations-aux-parents\/renseignements-generaux\/\" \/>\n<meta property=\"og:locale\" content=\"fr_CA\" \/>\n<meta property=\"og:type\" content=\"article\" \/>\n<meta property=\"og:title\" content=\"Renseignements g\u00e9n\u00e9raux - \u00c9cole de Taniata\" \/>\n<meta property=\"og:description\" content=\"INSCRIPTION &#8211; Pr\u00e9scolaire 5 ans et Primaire (de 1re \u00e0 6e ann\u00e9e) Voici le lien pour faire l\u2019inscription de votre ou vos enfants&nbsp;:&nbsp;https:\/\/cssdn.gouv.qc.ca\/ Dans la bande bleue, vous cliquez sur la pastille&nbsp;:&nbsp; \u00ab\u00a0Admission et inscription\u00a0\u00bb, vous trouverez toute l\u2019information n\u00e9cessaire pour l\u2019inscription. PORTAIL MOZA\u00cfK LISTE DES FOURNITURES SCOLAIRES 2025-2026 EFFETS SCOLAIRES Intervenant pivot en interculturel [&hellip;]\" \/>\n<meta property=\"og:url\" content=\"https:\/\/cssdn.gouv.qc.ca\/taniata\/informations-aux-parents\/renseignements-generaux\/\" \/>\n<meta property=\"og:site_name\" content=\"\u00c9cole de Taniata\" \/>\n<meta property=\"article:publisher\" content=\"https:\/\/www.facebook.com\/ecoletaniata\" \/>\n<meta property=\"article:modified_time\" content=\"2025-09-22T16:53:54+00:00\" \/>\n<meta name=\"twitter:card\" content=\"summary_large_image\" \/>\n<meta name=\"twitter:label1\" content=\"Estimation du temps de lecture\" \/>\n\t<meta name=\"twitter:data1\" content=\"2 minutes\" \/>\n<script type=\"application\/ld+json\" class=\"yoast-schema-graph\">{\"@context\":\"https:\\\/\\\/schema.org\",\"@graph\":[{\"@type\":\"WebPage\",\"@id\":\"https:\\\/\\\/cssdn.gouv.qc.ca\\\/taniata\\\/informations-aux-parents\\\/renseignements-generaux\\\/\",\"url\":\"https:\\\/\\\/cssdn.gouv.qc.ca\\\/taniata\\\/informations-aux-parents\\\/renseignements-generaux\\\/\",\"name\":\"Renseignements g\u00e9n\u00e9raux - \u00c9cole de Taniata\",\"isPartOf\":{\"@id\":\"https:\\\/\\\/cssdn.gouv.qc.ca\\\/taniata\\\/#website\"},\"primaryImageOfPage\":{\"@id\":\"https:\\\/\\\/cssdn.gouv.qc.ca\\\/taniata\\\/informations-aux-parents\\\/renseignements-generaux\\\/#primaryimage\"},\"image\":{\"@id\":\"https:\\\/\\\/cssdn.gouv.qc.ca\\\/taniata\\\/informations-aux-parents\\\/renseignements-generaux\\\/#primaryimage\"},\"thumbnailUrl\":\"https:\\\/\\\/cssdn.gouv.qc.ca\\\/wp-content\\\/uploads\\\/2022\\\/08\\\/Seawire-Hero-06.jpg\",\"datePublished\":\"2022-11-08T21:07:55+00:00\",\"dateModified\":\"2025-09-22T16:53:54+00:00\",\"breadcrumb\":{\"@id\":\"https:\\\/\\\/cssdn.gouv.qc.ca\\\/taniata\\\/informations-aux-parents\\\/renseignements-generaux\\\/#breadcrumb\"},\"inLanguage\":\"fr-CA\",\"potentialAction\":[{\"@type\":\"ReadAction\",\"target\":[\"https:\\\/\\\/cssdn.gouv.qc.ca\\\/taniata\\\/informations-aux-parents\\\/renseignements-generaux\\\/\"]}]},{\"@type\":\"ImageObject\",\"inLanguage\":\"fr-CA\",\"@id\":\"https:\\\/\\\/cssdn.gouv.qc.ca\\\/taniata\\\/informations-aux-parents\\\/renseignements-generaux\\\/#primaryimage\",\"url\":\"https:\\\/\\\/cssdn.gouv.qc.ca\\\/wp-content\\\/uploads\\\/2022\\\/08\\\/Seawire-Hero-06.jpg\",\"contentUrl\":\"https:\\\/\\\/cssdn.gouv.qc.ca\\\/wp-content\\\/uploads\\\/2022\\\/08\\\/Seawire-Hero-06.jpg\"},{\"@type\":\"BreadcrumbList\",\"@id\":\"https:\\\/\\\/cssdn.gouv.qc.ca\\\/taniata\\\/informations-aux-parents\\\/renseignements-generaux\\\/#breadcrumb\",\"itemListElement\":[{\"@type\":\"ListItem\",\"position\":1,\"name\":\"Accueil\",\"item\":\"https:\\\/\\\/cssdn.gouv.qc.ca\\\/taniata\\\/\"},{\"@type\":\"ListItem\",\"position\":2,\"name\":\"Informations aux parents\",\"item\":\"https:\\\/\\\/cssdn.gouv.qc.ca\\\/taniata\\\/informations-aux-parents\\\/\"},{\"@type\":\"ListItem\",\"position\":3,\"name\":\"Renseignements g\u00e9n\u00e9raux\"}]},{\"@type\":\"WebSite\",\"@id\":\"https:\\\/\\\/cssdn.gouv.qc.ca\\\/taniata\\\/#website\",\"url\":\"https:\\\/\\\/cssdn.gouv.qc.ca\\\/taniata\\\/\",\"name\":\"\u00c9cole de Taniata\",\"description\":\"Un site des centres de services scolaires des Navigateurs\",\"publisher\":{\"@id\":\"https:\\\/\\\/cssdn.gouv.qc.ca\\\/taniata\\\/#organization\"},\"potentialAction\":[{\"@type\":\"SearchAction\",\"target\":{\"@type\":\"EntryPoint\",\"urlTemplate\":\"https:\\\/\\\/cssdn.gouv.qc.ca\\\/taniata\\\/?s={search_term_string}\"},\"query-input\":{\"@type\":\"PropertyValueSpecification\",\"valueRequired\":true,\"valueName\":\"search_term_string\"}}],\"inLanguage\":\"fr-CA\"},{\"@type\":\"Organization\",\"@id\":\"https:\\\/\\\/cssdn.gouv.qc.ca\\\/taniata\\\/#organization\",\"name\":\"\u00c9cole de Taniata\",\"url\":\"https:\\\/\\\/cssdn.gouv.qc.ca\\\/taniata\\\/\",\"logo\":{\"@type\":\"ImageObject\",\"inLanguage\":\"fr-CA\",\"@id\":\"https:\\\/\\\/cssdn.gouv.qc.ca\\\/taniata\\\/#\\\/schema\\\/logo\\\/image\\\/\",\"url\":\"https:\\\/\\\/cssdn.gouv.qc.ca\\\/taniata\\\/wp-content\\\/uploads\\\/sites\\\/63\\\/2023\\\/01\\\/logo_quebec.svg\",\"contentUrl\":\"https:\\\/\\\/cssdn.gouv.qc.ca\\\/taniata\\\/wp-content\\\/uploads\\\/sites\\\/63\\\/2023\\\/01\\\/logo_quebec.svg\",\"width\":188,\"height\":41,\"caption\":\"\u00c9cole de Taniata\"},\"image\":{\"@id\":\"https:\\\/\\\/cssdn.gouv.qc.ca\\\/taniata\\\/#\\\/schema\\\/logo\\\/image\\\/\"},\"sameAs\":[\"https:\\\/\\\/www.facebook.com\\\/ecoletaniata\"]}]}<\/script>\n<!-- \/ Yoast SEO plugin. -->","yoast_head_json":{"title":"Renseignements g\u00e9n\u00e9raux - \u00c9cole de Taniata","robots":{"index":"index","follow":"follow","max-snippet":"max-snippet:-1","max-image-preview":"max-image-preview:large","max-video-preview":"max-video-preview:-1"},"canonical":"https:\/\/cssdn.gouv.qc.ca\/taniata\/informations-aux-parents\/renseignements-generaux\/","og_locale":"fr_CA","og_type":"article","og_title":"Renseignements g\u00e9n\u00e9raux - \u00c9cole de Taniata","og_description":"INSCRIPTION &#8211; Pr\u00e9scolaire 5 ans et Primaire (de 1re \u00e0 6e ann\u00e9e) Voici le lien pour faire l\u2019inscription de votre ou vos enfants&nbsp;:&nbsp;https:\/\/cssdn.gouv.qc.ca\/ Dans la bande bleue, vous cliquez sur la pastille&nbsp;:&nbsp; \u00ab\u00a0Admission et inscription\u00a0\u00bb, vous trouverez toute l\u2019information n\u00e9cessaire pour l\u2019inscription. PORTAIL MOZA\u00cfK LISTE DES FOURNITURES SCOLAIRES 2025-2026 EFFETS SCOLAIRES Intervenant pivot en interculturel [&hellip;]","og_url":"https:\/\/cssdn.gouv.qc.ca\/taniata\/informations-aux-parents\/renseignements-generaux\/","og_site_name":"\u00c9cole de Taniata","article_publisher":"https:\/\/www.facebook.com\/ecoletaniata","article_modified_time":"2025-09-22T16:53:54+00:00","twitter_card":"summary_large_image","twitter_misc":{"Estimation du temps de lecture":"2 minutes"},"schema":{"@context":"https:\/\/schema.org","@graph":[{"@type":"WebPage","@id":"https:\/\/cssdn.gouv.qc.ca\/taniata\/informations-aux-parents\/renseignements-generaux\/","url":"https:\/\/cssdn.gouv.qc.ca\/taniata\/informations-aux-parents\/renseignements-generaux\/","name":"Renseignements g\u00e9n\u00e9raux - \u00c9cole de Taniata","isPartOf":{"@id":"https:\/\/cssdn.gouv.qc.ca\/taniata\/#website"},"primaryImageOfPage":{"@id":"https:\/\/cssdn.gouv.qc.ca\/taniata\/informations-aux-parents\/renseignements-generaux\/#primaryimage"},"image":{"@id":"https:\/\/cssdn.gouv.qc.ca\/taniata\/informations-aux-parents\/renseignements-generaux\/#primaryimage"},"thumbnailUrl":"https:\/\/cssdn.gouv.qc.ca\/wp-content\/uploads\/2022\/08\/Seawire-Hero-06.jpg","datePublished":"2022-11-08T21:07:55+00:00","dateModified":"2025-09-22T16:53:54+00:00","breadcrumb":{"@id":"https:\/\/cssdn.gouv.qc.ca\/taniata\/informations-aux-parents\/renseignements-generaux\/#breadcrumb"},"inLanguage":"fr-CA","potentialAction":[{"@type":"ReadAction","target":["https:\/\/cssdn.gouv.qc.ca\/taniata\/informations-aux-parents\/renseignements-generaux\/"]}]},{"@type":"ImageObject","inLanguage":"fr-CA","@id":"https:\/\/cssdn.gouv.qc.ca\/taniata\/informations-aux-parents\/renseignements-generaux\/#primaryimage","url":"https:\/\/cssdn.gouv.qc.ca\/wp-content\/uploads\/2022\/08\/Seawire-Hero-06.jpg","contentUrl":"https:\/\/cssdn.gouv.qc.ca\/wp-content\/uploads\/2022\/08\/Seawire-Hero-06.jpg"},{"@type":"BreadcrumbList","@id":"https:\/\/cssdn.gouv.qc.ca\/taniata\/informations-aux-parents\/renseignements-generaux\/#breadcrumb","itemListElement":[{"@type":"ListItem","position":1,"name":"Accueil","item":"https:\/\/cssdn.gouv.qc.ca\/taniata\/"},{"@type":"ListItem","position":2,"name":"Informations aux parents","item":"https:\/\/cssdn.gouv.qc.ca\/taniata\/informations-aux-parents\/"},{"@type":"ListItem","position":3,"name":"Renseignements g\u00e9n\u00e9raux"}]},{"@type":"WebSite","@id":"https:\/\/cssdn.gouv.qc.ca\/taniata\/#website","url":"https:\/\/cssdn.gouv.qc.ca\/taniata\/","name":"\u00c9cole de Taniata","description":"Un site des centres de services scolaires des Navigateurs","publisher":{"@id":"https:\/\/cssdn.gouv.qc.ca\/taniata\/#organization"},"potentialAction":[{"@type":"SearchAction","target":{"@type":"EntryPoint","urlTemplate":"https:\/\/cssdn.gouv.qc.ca\/taniata\/?s={search_term_string}"},"query-input":{"@type":"PropertyValueSpecification","valueRequired":true,"valueName":"search_term_string"}}],"inLanguage":"fr-CA"},{"@type":"Organization","@id":"https:\/\/cssdn.gouv.qc.ca\/taniata\/#organization","name":"\u00c9cole de Taniata","url":"https:\/\/cssdn.gouv.qc.ca\/taniata\/","logo":{"@type":"ImageObject","inLanguage":"fr-CA","@id":"https:\/\/cssdn.gouv.qc.ca\/taniata\/#\/schema\/logo\/image\/","url":"https:\/\/cssdn.gouv.qc.ca\/taniata\/wp-content\/uploads\/sites\/63\/2023\/01\/logo_quebec.svg","contentUrl":"https:\/\/cssdn.gouv.qc.ca\/taniata\/wp-content\/uploads\/sites\/63\/2023\/01\/logo_quebec.svg","width":188,"height":41,"caption":"\u00c9cole de Taniata"},"image":{"@id":"https:\/\/cssdn.gouv.qc.ca\/taniata\/#\/schema\/logo\/image\/"},"sameAs":["https:\/\/www.facebook.com\/ecoletaniata"]}]}},"publishpress_future_action":{"enabled":false,"date":"2026-04-13 11:32:52","action":"change-status","newStatus":"draft","terms":[],"taxonomy":"category","extraData":[]},"publishpress_future_workflow_manual_trigger":{"enabledWorkflows":[]},"_links":{"self":[{"href":"https:\/\/cssdn.gouv.qc.ca\/taniata\/wp-json\/wp\/v2\/pages\/14","targetHints":{"allow":["GET"]}}],"collection":[{"href":"https:\/\/cssdn.gouv.qc.ca\/taniata\/wp-json\/wp\/v2\/pages"}],"about":[{"href":"https:\/\/cssdn.gouv.qc.ca\/taniata\/wp-json\/wp\/v2\/types\/page"}],"author":[{"embeddable":true,"href":"https:\/\/cssdn.gouv.qc.ca\/taniata\/wp-json\/wp\/v2\/users\/1"}],"replies":[{"embeddable":true,"href":"https:\/\/cssdn.gouv.qc.ca\/taniata\/wp-json\/wp\/v2\/comments?post=14"}],"version-history":[{"count":0,"href":"https:\/\/cssdn.gouv.qc.ca\/taniata\/wp-json\/wp\/v2\/pages\/14\/revisions"}],"up":[{"embeddable":true,"href":"https:\/\/cssdn.gouv.qc.ca\/taniata\/wp-json\/wp\/v2\/pages\/13"}],"wp:attachment":[{"href":"https:\/\/cssdn.gouv.qc.ca\/taniata\/wp-json\/wp\/v2\/media?parent=14"}],"wp:term":[{"taxonomy":"category","embeddable":true,"href":"https:\/\/cssdn.gouv.qc.ca\/taniata\/wp-json\/wp\/v2\/categories?post=14"},{"taxonomy":"post_tag","embeddable":true,"href":"https:\/\/cssdn.gouv.qc.ca\/taniata\/wp-json\/wp\/v2\/tags?post=14"}],"curies":[{"name":"wp","href":"https:\/\/api.w.org\/{rel}","templated":true}]}}