
{"id":16,"date":"2022-11-08T16:07:56","date_gmt":"2022-11-08T21:07:56","guid":{"rendered":"https:\/\/cssdn.gouv.qc.ca\/taniata\/service-de-garde\/"},"modified":"2025-08-18T15:45:09","modified_gmt":"2025-08-18T19:45:09","slug":"service-de-garde","status":"publish","type":"page","link":"https:\/\/cssdn.gouv.qc.ca\/taniata\/service-de-garde\/","title":{"rendered":"Service de garde"},"content":{"rendered":"\n<div class=\"wp-block-cover alignfull is-light is-style-title-banner\"><img decoding=\"async\" class=\"wp-block-cover__image-background wp-image-111 lazyload\" alt=\"\" data-src=\"https:\/\/cssdn.gouv.qc.ca\/wp-content\/uploads\/2022\/08\/Seawire-Hero-06.jpg\" data-object-fit=\"cover\" src=\"data:image\/svg+xml;base64,PHN2ZyB3aWR0aD0iMSIgaGVpZ2h0PSIxIiB4bWxucz0iaHR0cDovL3d3dy53My5vcmcvMjAwMC9zdmciPjwvc3ZnPg==\" \/><span aria-hidden=\"true\" class=\"wp-block-cover__background has-primary-background-color has-background-dim\"><\/span><div class=\"wp-block-cover__inner-container\"><h3 class=\"wp-block-post-title\">Service de garde<\/h3><\/div><\/div>\n\n\n\n<div class=\"wp-block-group alignfull has-padding-y-large has-secondary-background-color has-background\"><div class=\"yoast-breadcrumbs alignwide \"><span class=\"breadcrumbs\"><a href=\"https:\/\/cssdn.gouv.qc.ca\/taniata\/\" class=\"breadcrumbs__element\">Accueil<\/a> <span class=\"breadcrumbs__separator\">\n        <svg class=\"icon icon-breadcrumb__separator\"><use xlink:href=\"#icon-breadcrumb__separator\"><\/use><\/svg>\n    <\/span> <span class=\"breadcrumbs__element breadcrumbs__element-current\">Service de garde<\/span><\/span><\/div><\/div>\n\n\n\n<div class=\"wp-block-group\">\n<p class=\"wp-block-paragraph\"><strong>Notre Programme d&rsquo;activit\u00e9s<\/strong><\/p>\n\n\n\n<div class=\"wp-block-file\"><a id=\"wp-block-file--media-2b4baf39-a0ae-4209-b1ee-f9deb60436ad\" href=\"https:\/\/cssdn.gouv.qc.ca\/taniata\/wp-content\/uploads\/sites\/63\/2025\/07\/Service-de-garde.pdf\">Notre Programme d&rsquo;activit\u00e9s &#8211; Lien pour le document<\/a><a href=\"https:\/\/cssdn.gouv.qc.ca\/taniata\/wp-content\/uploads\/sites\/63\/2025\/07\/Service-de-garde.pdf\" class=\"wp-block-file__button wp-element-button\" download aria-describedby=\"wp-block-file--media-2b4baf39-a0ae-4209-b1ee-f9deb60436ad\">T\u00e9l\u00e9charger<\/a><\/div>\n<\/div>\n\n\n\n<p class=\"has-grey-40-background-color has-background wp-block-paragraph\"><strong>PERSONNEL DU SERVICE DE GARDE<\/strong><\/p>\n\n\n\n<div class=\"wp-block-file\"><a id=\"wp-block-file--media-d48f7d2c-79af-486a-ab79-961fc0e2b0a4\" href=\"https:\/\/cssdn.gouv.qc.ca\/taniata\/wp-content\/uploads\/sites\/63\/2025\/08\/Liste-personnel-du-SDG.pdf\">Liste personnel du SDG<\/a><a href=\"https:\/\/cssdn.gouv.qc.ca\/taniata\/wp-content\/uploads\/sites\/63\/2025\/08\/Liste-personnel-du-SDG.pdf\" class=\"wp-block-file__button wp-element-button\" download aria-describedby=\"wp-block-file--media-d48f7d2c-79af-486a-ab79-961fc0e2b0a4\">T\u00e9l\u00e9charger<\/a><\/div>\n\n\n\n<p class=\"has-grey-40-background-color has-background wp-block-paragraph\"><strong>HEURES D&rsquo;OUVERTURE<\/strong><\/p>\n\n\n\n<div class=\"wp-block-file\"><a id=\"wp-block-file--media-bd083692-b6e6-4393-8d8f-e54d9c0260e1\" href=\"https:\/\/cssdn.gouv.qc.ca\/taniata\/wp-content\/uploads\/sites\/63\/2025\/08\/Horaire-sdg-page-web.pdf\">Horaire sdg page web<\/a><a href=\"https:\/\/cssdn.gouv.qc.ca\/taniata\/wp-content\/uploads\/sites\/63\/2025\/08\/Horaire-sdg-page-web.pdf\" class=\"wp-block-file__button wp-element-button\" download aria-describedby=\"wp-block-file--media-bd083692-b6e6-4393-8d8f-e54d9c0260e1\">T\u00e9l\u00e9charger<\/a><\/div>\n\n\n\n<p class=\"has-grey-40-background-color has-background wp-block-paragraph\"><strong>ABSENCE<\/strong><\/p>\n\n\n\n<div class=\"wp-block-file\"><a id=\"wp-block-file--media-f84b9e35-668c-444d-b4f3-e0b09d8ecf28\" href=\"https:\/\/cssdn.gouv.qc.ca\/taniata\/wp-content\/uploads\/sites\/63\/2025\/08\/changement-de-frequentation25-26-.pdf\">changement de frequentation25-26<\/a><a href=\"https:\/\/cssdn.gouv.qc.ca\/taniata\/wp-content\/uploads\/sites\/63\/2025\/08\/changement-de-frequentation25-26-.pdf\" class=\"wp-block-file__button wp-element-button\" download aria-describedby=\"wp-block-file--media-f84b9e35-668c-444d-b4f3-e0b09d8ecf28\">T\u00e9l\u00e9charger<\/a><\/div>\n\n\n\n<div class=\"wp-block-file\"><a id=\"wp-block-file--media-c21df323-7a37-4544-a990-c6c329a17e69\" href=\"https:\/\/cssdn.gouv.qc.ca\/taniata\/wp-content\/uploads\/sites\/63\/2023\/01\/Service-de-garde-absences.pdf\">Service-de-garde-absences<\/a><\/div>\n\n\n\n<p class=\"has-grey-40-background-color has-background wp-block-paragraph\"><strong>JOURN\u00c9ES P\u00c9DAGOGIQUES ET REL\u00c2CHE<\/strong><\/p>\n\n\n\n<div class=\"wp-block-file\"><a id=\"wp-block-file--media-623b6f63-71e3-4492-9b58-ddce395b8993\" href=\"https:\/\/cssdn.gouv.qc.ca\/taniata\/wp-content\/uploads\/sites\/63\/2025\/07\/Journees-pedagogiques-2025-2026.pdf\">Journ\u00e9es p\u00e9dagogiques 2025-2026<\/a><a href=\"https:\/\/cssdn.gouv.qc.ca\/taniata\/wp-content\/uploads\/sites\/63\/2025\/07\/Journees-pedagogiques-2025-2026.pdf\" class=\"wp-block-file__button wp-element-button\" download aria-describedby=\"wp-block-file--media-623b6f63-71e3-4492-9b58-ddce395b8993\">T\u00e9l\u00e9charger<\/a><\/div>\n\n\n\n<div class=\"wp-block-file\"><a id=\"wp-block-file--media-49a30efa-59ad-4c2c-80c8-2e38fa10d21f\" href=\"https:\/\/cssdn.gouv.qc.ca\/taniata\/wp-content\/uploads\/sites\/63\/2024\/06\/journees-pedagogiques-2024-2025.pdf\">journees-pedagogiques-2024-2025<\/a><a href=\"https:\/\/cssdn.gouv.qc.ca\/taniata\/wp-content\/uploads\/sites\/63\/2024\/06\/journees-pedagogiques-2024-2025.pdf\" class=\"wp-block-file__button wp-element-button\" download aria-describedby=\"wp-block-file--media-49a30efa-59ad-4c2c-80c8-2e38fa10d21f\">T\u00e9l\u00e9charger<\/a><\/div>\n\n\n\n<div class=\"wp-block-file\"><a id=\"wp-block-file--media-49be2ec0-4640-4efe-a3e9-c16095f3269c\" href=\"https:\/\/cssdn.gouv.qc.ca\/taniata\/wp-content\/uploads\/sites\/63\/2023\/06\/Journees-pedagogiques-2023-2024-1.pdf\">Journees-pedagogiques-2023-2024-1<\/a><a href=\"https:\/\/cssdn.gouv.qc.ca\/taniata\/wp-content\/uploads\/sites\/63\/2023\/06\/Journees-pedagogiques-2023-2024-1.pdf\" class=\"wp-block-file__button wp-element-button\" download aria-describedby=\"wp-block-file--media-49be2ec0-4640-4efe-a3e9-c16095f3269c\">Download<\/a><\/div>\n\n\n\n<p class=\"has-grey-40-background-color has-background wp-block-paragraph\"><strong>TEMP\u00caTE OU FORCE MAJEURE<\/strong><\/p>\n\n\n\n<div class=\"wp-block-file\"><a id=\"wp-block-file--media-c3604fa7-6f11-4db1-a403-67816b3f9961\" href=\"https:\/\/cssdn.gouv.qc.ca\/taniata\/wp-content\/uploads\/sites\/63\/2023\/01\/Service-de-garde-tempetes-ou-forces-majeures.pdf\">Service-de-garde-tempetes-ou-forces-majeures<\/a><\/div>\n\n\n\n<p class=\"has-grey-40-background-color has-background wp-block-paragraph\"><strong>INSCRIPTION<\/strong><\/p>\n\n\n\n<div class=\"wp-block-file\"><a id=\"wp-block-file--media-d4f773c7-9ba7-4996-9d87-3758f9f4e58c\" href=\"https:\/\/cssdn.gouv.qc.ca\/taniata\/wp-content\/uploads\/sites\/63\/2023\/01\/Fiche-dinscription-SDG-23-24-vierge-1.pdf\">Fiche-dinscription-SDG-23-24-vierge-1<\/a><\/div>\n\n\n\n<p class=\"has-grey-40-background-color has-background wp-block-paragraph\"><strong>CHANGEMENT DE FR\u00c9QUENTATION<\/strong><\/p>\n\n\n\n<div class=\"wp-block-file\"><a id=\"wp-block-file--media-bd03607e-66dd-4fc8-ab58-e1e109c4bf30\" href=\"https:\/\/cssdn.gouv.qc.ca\/taniata\/wp-content\/uploads\/sites\/63\/2023\/06\/changement-de-frequentation23-24.pdf\">changement-de-frequentation23-24<\/a><a href=\"https:\/\/cssdn.gouv.qc.ca\/taniata\/wp-content\/uploads\/sites\/63\/2023\/06\/changement-de-frequentation23-24.pdf\" class=\"wp-block-file__button wp-element-button\" download aria-describedby=\"wp-block-file--media-bd03607e-66dd-4fc8-ab58-e1e109c4bf30\">Download<\/a><\/div>\n\n\n\n<p class=\"has-grey-40-background-color has-background wp-block-paragraph\"><strong>SANT\u00c9<\/strong><\/p>\n\n\n\n<div class=\"wp-block-file\"><a id=\"wp-block-file--media-1e902492-01e2-4ad7-bf05-9a2562b53e5d\" href=\"https:\/\/cssdn.gouv.qc.ca\/taniata\/wp-content\/uploads\/sites\/63\/2023\/01\/Service-de-garde-sante.pdf\">Service-de-garde-sante<\/a><\/div>\n\n\n\n<p class=\"has-black-color has-grey-40-background-color has-text-color has-background wp-block-paragraph\"><strong>R\u00c8GLES R\u00c9GIE INTERNE <\/strong><\/p>\n\n\n\n<div class=\"wp-block-file\"><a id=\"wp-block-file--media-b1bbffa8-e83b-4983-ae4b-57563b7e119e\" href=\"https:\/\/cssdn.gouv.qc.ca\/taniata\/wp-content\/uploads\/sites\/63\/2025\/07\/regie-interne-SDG-2025-2026.pdf\">regie interne SDG 2025-2026<\/a><a href=\"https:\/\/cssdn.gouv.qc.ca\/taniata\/wp-content\/uploads\/sites\/63\/2025\/07\/regie-interne-SDG-2025-2026.pdf\" class=\"wp-block-file__button wp-element-button\" download aria-describedby=\"wp-block-file--media-b1bbffa8-e83b-4983-ae4b-57563b7e119e\">T\u00e9l\u00e9charger<\/a><\/div>\n\n\n\n<div class=\"wp-block-file\"><a id=\"wp-block-file--media-af1d00ee-0aa3-42e8-8cb7-963101243b06\" href=\"https:\/\/cssdn.gouv.qc.ca\/taniata\/wp-content\/uploads\/sites\/63\/2024\/06\/regie-interne-2024-25.pdf\">regie-interne-2024-25<\/a><a href=\"https:\/\/cssdn.gouv.qc.ca\/taniata\/wp-content\/uploads\/sites\/63\/2024\/06\/regie-interne-2024-25.pdf\" class=\"wp-block-file__button wp-element-button\" download aria-describedby=\"wp-block-file--media-af1d00ee-0aa3-42e8-8cb7-963101243b06\">T\u00e9l\u00e9charger<\/a><\/div>\n\n\n\n<div class=\"wp-block-file\"><a id=\"wp-block-file--media-b3d2648c-039f-4330-aa38-09bcb7867562\" href=\"https:\/\/cssdn.gouv.qc.ca\/taniata\/wp-content\/uploads\/sites\/63\/2023\/06\/Regles-regie-interne-2023-24.pdf\">Regles-regie-interne-2023-24<\/a><a href=\"https:\/\/cssdn.gouv.qc.ca\/taniata\/wp-content\/uploads\/sites\/63\/2023\/06\/Regles-regie-interne-2023-24.pdf\" class=\"wp-block-file__button wp-element-button\" download aria-describedby=\"wp-block-file--media-b3d2648c-039f-4330-aa38-09bcb7867562\">Download<\/a><\/div>\n","protected":false},"excerpt":{"rendered":"<p>Notre Programme d&rsquo;activit\u00e9s PERSONNEL DU SERVICE DE GARDE HEURES D&rsquo;OUVERTURE ABSENCE JOURN\u00c9ES P\u00c9DAGOGIQUES ET REL\u00c2CHE TEMP\u00caTE OU FORCE MAJEURE INSCRIPTION CHANGEMENT DE FR\u00c9QUENTATION SANT\u00c9 R\u00c8GLES R\u00c9GIE INTERNE<\/p>\n","protected":false},"author":1,"featured_media":0,"parent":0,"menu_order":40,"comment_status":"closed","ping_status":"closed","template":"","meta":{"_acf_changed":false,"_crdt_document":"","inline_featured_image":false,"footnotes":""},"categories":[],"tags":[],"class_list":["post-16","page","type-page","status-publish","hentry"],"acf":[],"yoast_head":"<!-- This site is optimized with the Yoast SEO plugin v27.3 - https:\/\/yoast.com\/product\/yoast-seo-wordpress\/ -->\n<title>Service de garde - \u00c9cole de Taniata<\/title>\n<meta name=\"robots\" content=\"index, follow, max-snippet:-1, max-image-preview:large, max-video-preview:-1\" \/>\n<link rel=\"canonical\" href=\"https:\/\/cssdn.gouv.qc.ca\/taniata\/service-de-garde\/\" \/>\n<meta property=\"og:locale\" content=\"fr_CA\" \/>\n<meta property=\"og:type\" content=\"article\" \/>\n<meta property=\"og:title\" content=\"Service de garde - \u00c9cole de Taniata\" \/>\n<meta property=\"og:description\" content=\"Notre Programme d&rsquo;activit\u00e9s PERSONNEL DU SERVICE DE GARDE HEURES D&rsquo;OUVERTURE ABSENCE JOURN\u00c9ES P\u00c9DAGOGIQUES ET REL\u00c2CHE TEMP\u00caTE OU FORCE MAJEURE INSCRIPTION CHANGEMENT DE FR\u00c9QUENTATION SANT\u00c9 R\u00c8GLES R\u00c9GIE INTERNE\" \/>\n<meta property=\"og:url\" content=\"https:\/\/cssdn.gouv.qc.ca\/taniata\/service-de-garde\/\" \/>\n<meta property=\"og:site_name\" content=\"\u00c9cole de Taniata\" \/>\n<meta property=\"article:publisher\" content=\"https:\/\/www.facebook.com\/ecoletaniata\" \/>\n<meta property=\"article:modified_time\" content=\"2025-08-18T19:45:09+00:00\" \/>\n<meta name=\"twitter:card\" content=\"summary_large_image\" \/>\n<meta name=\"twitter:label1\" content=\"Estimation du temps de lecture\" \/>\n\t<meta name=\"twitter:data1\" content=\"1 minute\" \/>\n<script type=\"application\/ld+json\" class=\"yoast-schema-graph\">{\"@context\":\"https:\\\/\\\/schema.org\",\"@graph\":[{\"@type\":\"WebPage\",\"@id\":\"https:\\\/\\\/cssdn.gouv.qc.ca\\\/taniata\\\/service-de-garde\\\/\",\"url\":\"https:\\\/\\\/cssdn.gouv.qc.ca\\\/taniata\\\/service-de-garde\\\/\",\"name\":\"Service de garde - \u00c9cole de Taniata\",\"isPartOf\":{\"@id\":\"https:\\\/\\\/cssdn.gouv.qc.ca\\\/taniata\\\/#website\"},\"primaryImageOfPage\":{\"@id\":\"https:\\\/\\\/cssdn.gouv.qc.ca\\\/taniata\\\/service-de-garde\\\/#primaryimage\"},\"image\":{\"@id\":\"https:\\\/\\\/cssdn.gouv.qc.ca\\\/taniata\\\/service-de-garde\\\/#primaryimage\"},\"thumbnailUrl\":\"https:\\\/\\\/cssdn.gouv.qc.ca\\\/wp-content\\\/uploads\\\/2022\\\/08\\\/Seawire-Hero-06.jpg\",\"datePublished\":\"2022-11-08T21:07:56+00:00\",\"dateModified\":\"2025-08-18T19:45:09+00:00\",\"breadcrumb\":{\"@id\":\"https:\\\/\\\/cssdn.gouv.qc.ca\\\/taniata\\\/service-de-garde\\\/#breadcrumb\"},\"inLanguage\":\"fr-CA\",\"potentialAction\":[{\"@type\":\"ReadAction\",\"target\":[\"https:\\\/\\\/cssdn.gouv.qc.ca\\\/taniata\\\/service-de-garde\\\/\"]}]},{\"@type\":\"ImageObject\",\"inLanguage\":\"fr-CA\",\"@id\":\"https:\\\/\\\/cssdn.gouv.qc.ca\\\/taniata\\\/service-de-garde\\\/#primaryimage\",\"url\":\"https:\\\/\\\/cssdn.gouv.qc.ca\\\/wp-content\\\/uploads\\\/2022\\\/08\\\/Seawire-Hero-06.jpg\",\"contentUrl\":\"https:\\\/\\\/cssdn.gouv.qc.ca\\\/wp-content\\\/uploads\\\/2022\\\/08\\\/Seawire-Hero-06.jpg\"},{\"@type\":\"BreadcrumbList\",\"@id\":\"https:\\\/\\\/cssdn.gouv.qc.ca\\\/taniata\\\/service-de-garde\\\/#breadcrumb\",\"itemListElement\":[{\"@type\":\"ListItem\",\"position\":1,\"name\":\"Accueil\",\"item\":\"https:\\\/\\\/cssdn.gouv.qc.ca\\\/taniata\\\/\"},{\"@type\":\"ListItem\",\"position\":2,\"name\":\"Service de garde\"}]},{\"@type\":\"WebSite\",\"@id\":\"https:\\\/\\\/cssdn.gouv.qc.ca\\\/taniata\\\/#website\",\"url\":\"https:\\\/\\\/cssdn.gouv.qc.ca\\\/taniata\\\/\",\"name\":\"\u00c9cole de Taniata\",\"description\":\"Un site des centres de services scolaires des Navigateurs\",\"publisher\":{\"@id\":\"https:\\\/\\\/cssdn.gouv.qc.ca\\\/taniata\\\/#organization\"},\"potentialAction\":[{\"@type\":\"SearchAction\",\"target\":{\"@type\":\"EntryPoint\",\"urlTemplate\":\"https:\\\/\\\/cssdn.gouv.qc.ca\\\/taniata\\\/?s={search_term_string}\"},\"query-input\":{\"@type\":\"PropertyValueSpecification\",\"valueRequired\":true,\"valueName\":\"search_term_string\"}}],\"inLanguage\":\"fr-CA\"},{\"@type\":\"Organization\",\"@id\":\"https:\\\/\\\/cssdn.gouv.qc.ca\\\/taniata\\\/#organization\",\"name\":\"\u00c9cole de Taniata\",\"url\":\"https:\\\/\\\/cssdn.gouv.qc.ca\\\/taniata\\\/\",\"logo\":{\"@type\":\"ImageObject\",\"inLanguage\":\"fr-CA\",\"@id\":\"https:\\\/\\\/cssdn.gouv.qc.ca\\\/taniata\\\/#\\\/schema\\\/logo\\\/image\\\/\",\"url\":\"https:\\\/\\\/cssdn.gouv.qc.ca\\\/taniata\\\/wp-content\\\/uploads\\\/sites\\\/63\\\/2023\\\/01\\\/logo_quebec.svg\",\"contentUrl\":\"https:\\\/\\\/cssdn.gouv.qc.ca\\\/taniata\\\/wp-content\\\/uploads\\\/sites\\\/63\\\/2023\\\/01\\\/logo_quebec.svg\",\"width\":188,\"height\":41,\"caption\":\"\u00c9cole de Taniata\"},\"image\":{\"@id\":\"https:\\\/\\\/cssdn.gouv.qc.ca\\\/taniata\\\/#\\\/schema\\\/logo\\\/image\\\/\"},\"sameAs\":[\"https:\\\/\\\/www.facebook.com\\\/ecoletaniata\"]}]}<\/script>\n<!-- \/ Yoast SEO plugin. -->","yoast_head_json":{"title":"Service de garde - \u00c9cole de Taniata","robots":{"index":"index","follow":"follow","max-snippet":"max-snippet:-1","max-image-preview":"max-image-preview:large","max-video-preview":"max-video-preview:-1"},"canonical":"https:\/\/cssdn.gouv.qc.ca\/taniata\/service-de-garde\/","og_locale":"fr_CA","og_type":"article","og_title":"Service de garde - \u00c9cole de Taniata","og_description":"Notre Programme d&rsquo;activit\u00e9s PERSONNEL DU SERVICE DE GARDE HEURES D&rsquo;OUVERTURE ABSENCE JOURN\u00c9ES P\u00c9DAGOGIQUES ET REL\u00c2CHE TEMP\u00caTE OU FORCE MAJEURE INSCRIPTION CHANGEMENT DE FR\u00c9QUENTATION SANT\u00c9 R\u00c8GLES R\u00c9GIE INTERNE","og_url":"https:\/\/cssdn.gouv.qc.ca\/taniata\/service-de-garde\/","og_site_name":"\u00c9cole de Taniata","article_publisher":"https:\/\/www.facebook.com\/ecoletaniata","article_modified_time":"2025-08-18T19:45:09+00:00","twitter_card":"summary_large_image","twitter_misc":{"Estimation du temps de lecture":"1 minute"},"schema":{"@context":"https:\/\/schema.org","@graph":[{"@type":"WebPage","@id":"https:\/\/cssdn.gouv.qc.ca\/taniata\/service-de-garde\/","url":"https:\/\/cssdn.gouv.qc.ca\/taniata\/service-de-garde\/","name":"Service de garde - \u00c9cole de Taniata","isPartOf":{"@id":"https:\/\/cssdn.gouv.qc.ca\/taniata\/#website"},"primaryImageOfPage":{"@id":"https:\/\/cssdn.gouv.qc.ca\/taniata\/service-de-garde\/#primaryimage"},"image":{"@id":"https:\/\/cssdn.gouv.qc.ca\/taniata\/service-de-garde\/#primaryimage"},"thumbnailUrl":"https:\/\/cssdn.gouv.qc.ca\/wp-content\/uploads\/2022\/08\/Seawire-Hero-06.jpg","datePublished":"2022-11-08T21:07:56+00:00","dateModified":"2025-08-18T19:45:09+00:00","breadcrumb":{"@id":"https:\/\/cssdn.gouv.qc.ca\/taniata\/service-de-garde\/#breadcrumb"},"inLanguage":"fr-CA","potentialAction":[{"@type":"ReadAction","target":["https:\/\/cssdn.gouv.qc.ca\/taniata\/service-de-garde\/"]}]},{"@type":"ImageObject","inLanguage":"fr-CA","@id":"https:\/\/cssdn.gouv.qc.ca\/taniata\/service-de-garde\/#primaryimage","url":"https:\/\/cssdn.gouv.qc.ca\/wp-content\/uploads\/2022\/08\/Seawire-Hero-06.jpg","contentUrl":"https:\/\/cssdn.gouv.qc.ca\/wp-content\/uploads\/2022\/08\/Seawire-Hero-06.jpg"},{"@type":"BreadcrumbList","@id":"https:\/\/cssdn.gouv.qc.ca\/taniata\/service-de-garde\/#breadcrumb","itemListElement":[{"@type":"ListItem","position":1,"name":"Accueil","item":"https:\/\/cssdn.gouv.qc.ca\/taniata\/"},{"@type":"ListItem","position":2,"name":"Service de garde"}]},{"@type":"WebSite","@id":"https:\/\/cssdn.gouv.qc.ca\/taniata\/#website","url":"https:\/\/cssdn.gouv.qc.ca\/taniata\/","name":"\u00c9cole de Taniata","description":"Un site des centres de services scolaires des Navigateurs","publisher":{"@id":"https:\/\/cssdn.gouv.qc.ca\/taniata\/#organization"},"potentialAction":[{"@type":"SearchAction","target":{"@type":"EntryPoint","urlTemplate":"https:\/\/cssdn.gouv.qc.ca\/taniata\/?s={search_term_string}"},"query-input":{"@type":"PropertyValueSpecification","valueRequired":true,"valueName":"search_term_string"}}],"inLanguage":"fr-CA"},{"@type":"Organization","@id":"https:\/\/cssdn.gouv.qc.ca\/taniata\/#organization","name":"\u00c9cole de Taniata","url":"https:\/\/cssdn.gouv.qc.ca\/taniata\/","logo":{"@type":"ImageObject","inLanguage":"fr-CA","@id":"https:\/\/cssdn.gouv.qc.ca\/taniata\/#\/schema\/logo\/image\/","url":"https:\/\/cssdn.gouv.qc.ca\/taniata\/wp-content\/uploads\/sites\/63\/2023\/01\/logo_quebec.svg","contentUrl":"https:\/\/cssdn.gouv.qc.ca\/taniata\/wp-content\/uploads\/sites\/63\/2023\/01\/logo_quebec.svg","width":188,"height":41,"caption":"\u00c9cole de Taniata"},"image":{"@id":"https:\/\/cssdn.gouv.qc.ca\/taniata\/#\/schema\/logo\/image\/"},"sameAs":["https:\/\/www.facebook.com\/ecoletaniata"]}]}},"publishpress_future_action":{"enabled":false,"date":"2026-04-16 02:07:21","action":"change-status","newStatus":"draft","terms":[],"taxonomy":"category","extraData":[]},"publishpress_future_workflow_manual_trigger":{"enabledWorkflows":[]},"_links":{"self":[{"href":"https:\/\/cssdn.gouv.qc.ca\/taniata\/wp-json\/wp\/v2\/pages\/16","targetHints":{"allow":["GET"]}}],"collection":[{"href":"https:\/\/cssdn.gouv.qc.ca\/taniata\/wp-json\/wp\/v2\/pages"}],"about":[{"href":"https:\/\/cssdn.gouv.qc.ca\/taniata\/wp-json\/wp\/v2\/types\/page"}],"author":[{"embeddable":true,"href":"https:\/\/cssdn.gouv.qc.ca\/taniata\/wp-json\/wp\/v2\/users\/1"}],"replies":[{"embeddable":true,"href":"https:\/\/cssdn.gouv.qc.ca\/taniata\/wp-json\/wp\/v2\/comments?post=16"}],"version-history":[{"count":0,"href":"https:\/\/cssdn.gouv.qc.ca\/taniata\/wp-json\/wp\/v2\/pages\/16\/revisions"}],"wp:attachment":[{"href":"https:\/\/cssdn.gouv.qc.ca\/taniata\/wp-json\/wp\/v2\/media?parent=16"}],"wp:term":[{"taxonomy":"category","embeddable":true,"href":"https:\/\/cssdn.gouv.qc.ca\/taniata\/wp-json\/wp\/v2\/categories?post=16"},{"taxonomy":"post_tag","embeddable":true,"href":"https:\/\/cssdn.gouv.qc.ca\/taniata\/wp-json\/wp\/v2\/tags?post=16"}],"curies":[{"name":"wp","href":"https:\/\/api.w.org\/{rel}","templated":true}]}}