
{"id":17,"date":"2022-11-08T16:07:56","date_gmt":"2022-11-08T21:07:56","guid":{"rendered":"https:\/\/cssdn.gouv.qc.ca\/taniata\/vie-scolaire\/"},"modified":"2025-09-23T11:00:10","modified_gmt":"2025-09-23T15:00:10","slug":"vie-scolaire","status":"publish","type":"page","link":"https:\/\/cssdn.gouv.qc.ca\/taniata\/vie-scolaire\/","title":{"rendered":"Vie scolaire"},"content":{"rendered":"\n<div class=\"wp-block-cover alignfull is-light is-style-title-banner\"><img decoding=\"async\" class=\"wp-block-cover__image-background wp-image-111 lazyload\" alt=\"\" data-src=\"https:\/\/cssdn.gouv.qc.ca\/wp-content\/uploads\/2022\/08\/Seawire-Hero-06.jpg\" data-object-fit=\"cover\" src=\"data:image\/svg+xml;base64,PHN2ZyB3aWR0aD0iMSIgaGVpZ2h0PSIxIiB4bWxucz0iaHR0cDovL3d3dy53My5vcmcvMjAwMC9zdmciPjwvc3ZnPg==\" \/><span aria-hidden=\"true\" class=\"wp-block-cover__background has-primary-background-color has-background-dim\"><\/span><div class=\"wp-block-cover__inner-container\"><h3 class=\"wp-block-post-title\">Vie scolaire<\/h3><\/div><\/div>\n\n\n\n<div class=\"wp-block-group alignfull has-padding-y-large has-secondary-background-color has-background\"><div class=\"yoast-breadcrumbs alignwide \"><span class=\"breadcrumbs\"><a href=\"https:\/\/cssdn.gouv.qc.ca\/taniata\/\" class=\"breadcrumbs__element\">Accueil<\/a> <span class=\"breadcrumbs__separator\">\n        <svg class=\"icon icon-breadcrumb__separator\"><use xlink:href=\"#icon-breadcrumb__separator\"><\/use><\/svg>\n    <\/span> <span class=\"breadcrumbs__element breadcrumbs__element-current\">Vie scolaire<\/span><\/span><\/div><\/div>\n\n\n\n<p class=\"has-grey-40-background-color has-background wp-block-paragraph\"><strong>R\u00c8GLES DE VIE<\/strong> 2025-2026<\/p>\n\n\n\n<div data-wp-interactive=\"core\/file\" class=\"wp-block-file\"><object data-wp-bind--hidden=\"!state.hasPdfPreview\" hidden class=\"wp-block-file__embed\" data=\"https:\/\/cssdn.gouv.qc.ca\/taniata\/wp-content\/uploads\/sites\/63\/2025\/09\/Regles-de-vie-2.pdf\" type=\"application\/pdf\" style=\"width:100%;height:600px\" aria-label=\"Contenu incorpor\u00e9 R\u00e8gles de vie.\"><\/object><a id=\"wp-block-file--media-c2c5dffa-4050-454a-b913-b5aff0d6974b\" href=\"https:\/\/cssdn.gouv.qc.ca\/taniata\/wp-content\/uploads\/sites\/63\/2025\/09\/Regles-de-vie-2.pdf\">R\u00e8gles de vie<\/a><a href=\"https:\/\/cssdn.gouv.qc.ca\/taniata\/wp-content\/uploads\/sites\/63\/2025\/09\/Regles-de-vie-2.pdf\" class=\"wp-block-file__button wp-element-button\" download aria-describedby=\"wp-block-file--media-c2c5dffa-4050-454a-b913-b5aff0d6974b\">Download<\/a><\/div>\n\n\n\n<p class=\"has-grey-40-background-color has-background wp-block-paragraph\"><strong>PROJETS P\u00c9DAGOGIQUES PARTICULIERS<\/strong><\/p>\n\n\n\n\n<p class=\"act-lead has-medium-font-size wp-block-paragraph\">Tous les \u00e9l\u00e8ves du 3e cycle b\u00e9n\u00e9ficient de deux p\u00e9riodes suppl\u00e9mentaires d\u2019anglais \u00e0 chaque cycle. Pendant ces p\u00e9riodes, les enseignantes titulaires accompagnent leurs coll\u00e8gues du 3e cycle afin d\u2019offrir du soutien p\u00e9dagogique cibl\u00e9, principalement en lien avec la litt\u00e9ratie.<\/p>\n\n\n\n\n<h2 class=\"wp-block-heading\">2025-2026 &#8211; Plan de lutte contre la violence et l&rsquo;intimidation<\/h2>\n\n\n\n<p class=\"has-grey-40-background-color has-background wp-block-paragraph\"><strong>LUTTE CONTRE LA VIOLENCE ET L&rsquo;INTIMIDATION<\/strong><\/p>\n\n\n\n<div data-wp-interactive=\"core\/file\" class=\"wp-block-file\"><object data-wp-bind--hidden=\"!state.hasPdfPreview\" hidden class=\"wp-block-file__embed\" data=\"https:\/\/cssdn.gouv.qc.ca\/taniata\/wp-content\/uploads\/sites\/63\/2025\/09\/050-Plan-de-lutte-2025-2026_removed.pdf\" type=\"application\/pdf\" style=\"width:100%;height:600px\" aria-label=\"Contenu incorpor\u00e9 050-Plan de lutte 2025-2026.\"><\/object><a id=\"wp-block-file--media-a9a8d1e2-90fa-4c01-b37e-ccec4a2fa104\" href=\"https:\/\/cssdn.gouv.qc.ca\/taniata\/wp-content\/uploads\/sites\/63\/2025\/09\/050-Plan-de-lutte-2025-2026_removed.pdf\">050-Plan de lutte 2025-2026<\/a><a href=\"https:\/\/cssdn.gouv.qc.ca\/taniata\/wp-content\/uploads\/sites\/63\/2025\/09\/050-Plan-de-lutte-2025-2026_removed.pdf\" class=\"wp-block-file__button wp-element-button\" download aria-describedby=\"wp-block-file--media-a9a8d1e2-90fa-4c01-b37e-ccec4a2fa104\">Download<\/a><\/div>\n\n\n\n<div class=\"wp-block-file\"><a id=\"wp-block-file--media-a0d0cc53-eaef-417e-91d3-bde406e19416\" href=\"https:\/\/cssdn.gouv.qc.ca\/taniata\/wp-content\/uploads\/sites\/63\/2025\/09\/Plan-de-lutte-version-courte-1.pdf\">Plan de lutte version courte <\/a><\/div>\n\n\n\n<p class=\"has-grey-40-background-color has-background wp-block-paragraph\"><strong>ACTIVIT\u00c9S PARASCOLAIRES<\/strong><\/p>\n\n\n\n\n","protected":false},"excerpt":{"rendered":"<p>R\u00c8GLES DE VIE 2025-2026 PROJETS P\u00c9DAGOGIQUES PARTICULIERS 2025-2026 &#8211; Plan de lutte contre la violence et l&rsquo;intimidation LUTTE CONTRE LA VIOLENCE ET L&rsquo;INTIMIDATION ACTIVIT\u00c9S PARASCOLAIRES<\/p>\n","protected":false},"author":1,"featured_media":0,"parent":0,"menu_order":50,"comment_status":"closed","ping_status":"closed","template":"","meta":{"_acf_changed":false,"_crdt_document":"","inline_featured_image":false,"footnotes":""},"categories":[],"tags":[],"class_list":["post-17","page","type-page","status-publish","hentry"],"acf":[],"yoast_head":"<!-- This site is optimized with the Yoast SEO plugin v27.3 - https:\/\/yoast.com\/product\/yoast-seo-wordpress\/ -->\n<title>Vie scolaire - \u00c9cole de Taniata<\/title>\n<meta name=\"robots\" content=\"index, follow, max-snippet:-1, max-image-preview:large, max-video-preview:-1\" \/>\n<link rel=\"canonical\" href=\"https:\/\/cssdn.gouv.qc.ca\/taniata\/vie-scolaire\/\" \/>\n<meta property=\"og:locale\" content=\"fr_CA\" \/>\n<meta property=\"og:type\" content=\"article\" \/>\n<meta property=\"og:title\" content=\"Vie scolaire - \u00c9cole de Taniata\" \/>\n<meta property=\"og:description\" content=\"R\u00c8GLES DE VIE 2025-2026 PROJETS P\u00c9DAGOGIQUES PARTICULIERS 2025-2026 &#8211; Plan de lutte contre la violence et l&rsquo;intimidation LUTTE CONTRE LA VIOLENCE ET L&rsquo;INTIMIDATION ACTIVIT\u00c9S PARASCOLAIRES\" \/>\n<meta property=\"og:url\" content=\"https:\/\/cssdn.gouv.qc.ca\/taniata\/vie-scolaire\/\" \/>\n<meta property=\"og:site_name\" content=\"\u00c9cole de Taniata\" \/>\n<meta property=\"article:publisher\" content=\"https:\/\/www.facebook.com\/ecoletaniata\" \/>\n<meta property=\"article:modified_time\" content=\"2025-09-23T15:00:10+00:00\" \/>\n<meta name=\"twitter:card\" content=\"summary_large_image\" \/>\n<meta name=\"twitter:label1\" content=\"Estimation du temps de lecture\" \/>\n\t<meta name=\"twitter:data1\" content=\"1 minute\" \/>\n<script type=\"application\/ld+json\" class=\"yoast-schema-graph\">{\"@context\":\"https:\\\/\\\/schema.org\",\"@graph\":[{\"@type\":\"WebPage\",\"@id\":\"https:\\\/\\\/cssdn.gouv.qc.ca\\\/taniata\\\/vie-scolaire\\\/\",\"url\":\"https:\\\/\\\/cssdn.gouv.qc.ca\\\/taniata\\\/vie-scolaire\\\/\",\"name\":\"Vie scolaire - \u00c9cole de Taniata\",\"isPartOf\":{\"@id\":\"https:\\\/\\\/cssdn.gouv.qc.ca\\\/taniata\\\/#website\"},\"primaryImageOfPage\":{\"@id\":\"https:\\\/\\\/cssdn.gouv.qc.ca\\\/taniata\\\/vie-scolaire\\\/#primaryimage\"},\"image\":{\"@id\":\"https:\\\/\\\/cssdn.gouv.qc.ca\\\/taniata\\\/vie-scolaire\\\/#primaryimage\"},\"thumbnailUrl\":\"https:\\\/\\\/cssdn.gouv.qc.ca\\\/wp-content\\\/uploads\\\/2022\\\/08\\\/Seawire-Hero-06.jpg\",\"datePublished\":\"2022-11-08T21:07:56+00:00\",\"dateModified\":\"2025-09-23T15:00:10+00:00\",\"breadcrumb\":{\"@id\":\"https:\\\/\\\/cssdn.gouv.qc.ca\\\/taniata\\\/vie-scolaire\\\/#breadcrumb\"},\"inLanguage\":\"fr-CA\",\"potentialAction\":[{\"@type\":\"ReadAction\",\"target\":[\"https:\\\/\\\/cssdn.gouv.qc.ca\\\/taniata\\\/vie-scolaire\\\/\"]}]},{\"@type\":\"ImageObject\",\"inLanguage\":\"fr-CA\",\"@id\":\"https:\\\/\\\/cssdn.gouv.qc.ca\\\/taniata\\\/vie-scolaire\\\/#primaryimage\",\"url\":\"https:\\\/\\\/cssdn.gouv.qc.ca\\\/wp-content\\\/uploads\\\/2022\\\/08\\\/Seawire-Hero-06.jpg\",\"contentUrl\":\"https:\\\/\\\/cssdn.gouv.qc.ca\\\/wp-content\\\/uploads\\\/2022\\\/08\\\/Seawire-Hero-06.jpg\"},{\"@type\":\"BreadcrumbList\",\"@id\":\"https:\\\/\\\/cssdn.gouv.qc.ca\\\/taniata\\\/vie-scolaire\\\/#breadcrumb\",\"itemListElement\":[{\"@type\":\"ListItem\",\"position\":1,\"name\":\"Accueil\",\"item\":\"https:\\\/\\\/cssdn.gouv.qc.ca\\\/taniata\\\/\"},{\"@type\":\"ListItem\",\"position\":2,\"name\":\"Vie scolaire\"}]},{\"@type\":\"WebSite\",\"@id\":\"https:\\\/\\\/cssdn.gouv.qc.ca\\\/taniata\\\/#website\",\"url\":\"https:\\\/\\\/cssdn.gouv.qc.ca\\\/taniata\\\/\",\"name\":\"\u00c9cole de Taniata\",\"description\":\"Un site des centres de services scolaires des Navigateurs\",\"publisher\":{\"@id\":\"https:\\\/\\\/cssdn.gouv.qc.ca\\\/taniata\\\/#organization\"},\"potentialAction\":[{\"@type\":\"SearchAction\",\"target\":{\"@type\":\"EntryPoint\",\"urlTemplate\":\"https:\\\/\\\/cssdn.gouv.qc.ca\\\/taniata\\\/?s={search_term_string}\"},\"query-input\":{\"@type\":\"PropertyValueSpecification\",\"valueRequired\":true,\"valueName\":\"search_term_string\"}}],\"inLanguage\":\"fr-CA\"},{\"@type\":\"Organization\",\"@id\":\"https:\\\/\\\/cssdn.gouv.qc.ca\\\/taniata\\\/#organization\",\"name\":\"\u00c9cole de Taniata\",\"url\":\"https:\\\/\\\/cssdn.gouv.qc.ca\\\/taniata\\\/\",\"logo\":{\"@type\":\"ImageObject\",\"inLanguage\":\"fr-CA\",\"@id\":\"https:\\\/\\\/cssdn.gouv.qc.ca\\\/taniata\\\/#\\\/schema\\\/logo\\\/image\\\/\",\"url\":\"https:\\\/\\\/cssdn.gouv.qc.ca\\\/taniata\\\/wp-content\\\/uploads\\\/sites\\\/63\\\/2023\\\/01\\\/logo_quebec.svg\",\"contentUrl\":\"https:\\\/\\\/cssdn.gouv.qc.ca\\\/taniata\\\/wp-content\\\/uploads\\\/sites\\\/63\\\/2023\\\/01\\\/logo_quebec.svg\",\"width\":188,\"height\":41,\"caption\":\"\u00c9cole de Taniata\"},\"image\":{\"@id\":\"https:\\\/\\\/cssdn.gouv.qc.ca\\\/taniata\\\/#\\\/schema\\\/logo\\\/image\\\/\"},\"sameAs\":[\"https:\\\/\\\/www.facebook.com\\\/ecoletaniata\"]}]}<\/script>\n<!-- \/ Yoast SEO plugin. -->","yoast_head_json":{"title":"Vie scolaire - \u00c9cole de Taniata","robots":{"index":"index","follow":"follow","max-snippet":"max-snippet:-1","max-image-preview":"max-image-preview:large","max-video-preview":"max-video-preview:-1"},"canonical":"https:\/\/cssdn.gouv.qc.ca\/taniata\/vie-scolaire\/","og_locale":"fr_CA","og_type":"article","og_title":"Vie scolaire - \u00c9cole de Taniata","og_description":"R\u00c8GLES DE VIE 2025-2026 PROJETS P\u00c9DAGOGIQUES PARTICULIERS 2025-2026 &#8211; Plan de lutte contre la violence et l&rsquo;intimidation LUTTE CONTRE LA VIOLENCE ET L&rsquo;INTIMIDATION ACTIVIT\u00c9S PARASCOLAIRES","og_url":"https:\/\/cssdn.gouv.qc.ca\/taniata\/vie-scolaire\/","og_site_name":"\u00c9cole de Taniata","article_publisher":"https:\/\/www.facebook.com\/ecoletaniata","article_modified_time":"2025-09-23T15:00:10+00:00","twitter_card":"summary_large_image","twitter_misc":{"Estimation du temps de lecture":"1 minute"},"schema":{"@context":"https:\/\/schema.org","@graph":[{"@type":"WebPage","@id":"https:\/\/cssdn.gouv.qc.ca\/taniata\/vie-scolaire\/","url":"https:\/\/cssdn.gouv.qc.ca\/taniata\/vie-scolaire\/","name":"Vie scolaire - \u00c9cole de Taniata","isPartOf":{"@id":"https:\/\/cssdn.gouv.qc.ca\/taniata\/#website"},"primaryImageOfPage":{"@id":"https:\/\/cssdn.gouv.qc.ca\/taniata\/vie-scolaire\/#primaryimage"},"image":{"@id":"https:\/\/cssdn.gouv.qc.ca\/taniata\/vie-scolaire\/#primaryimage"},"thumbnailUrl":"https:\/\/cssdn.gouv.qc.ca\/wp-content\/uploads\/2022\/08\/Seawire-Hero-06.jpg","datePublished":"2022-11-08T21:07:56+00:00","dateModified":"2025-09-23T15:00:10+00:00","breadcrumb":{"@id":"https:\/\/cssdn.gouv.qc.ca\/taniata\/vie-scolaire\/#breadcrumb"},"inLanguage":"fr-CA","potentialAction":[{"@type":"ReadAction","target":["https:\/\/cssdn.gouv.qc.ca\/taniata\/vie-scolaire\/"]}]},{"@type":"ImageObject","inLanguage":"fr-CA","@id":"https:\/\/cssdn.gouv.qc.ca\/taniata\/vie-scolaire\/#primaryimage","url":"https:\/\/cssdn.gouv.qc.ca\/wp-content\/uploads\/2022\/08\/Seawire-Hero-06.jpg","contentUrl":"https:\/\/cssdn.gouv.qc.ca\/wp-content\/uploads\/2022\/08\/Seawire-Hero-06.jpg"},{"@type":"BreadcrumbList","@id":"https:\/\/cssdn.gouv.qc.ca\/taniata\/vie-scolaire\/#breadcrumb","itemListElement":[{"@type":"ListItem","position":1,"name":"Accueil","item":"https:\/\/cssdn.gouv.qc.ca\/taniata\/"},{"@type":"ListItem","position":2,"name":"Vie scolaire"}]},{"@type":"WebSite","@id":"https:\/\/cssdn.gouv.qc.ca\/taniata\/#website","url":"https:\/\/cssdn.gouv.qc.ca\/taniata\/","name":"\u00c9cole de Taniata","description":"Un site des centres de services scolaires des Navigateurs","publisher":{"@id":"https:\/\/cssdn.gouv.qc.ca\/taniata\/#organization"},"potentialAction":[{"@type":"SearchAction","target":{"@type":"EntryPoint","urlTemplate":"https:\/\/cssdn.gouv.qc.ca\/taniata\/?s={search_term_string}"},"query-input":{"@type":"PropertyValueSpecification","valueRequired":true,"valueName":"search_term_string"}}],"inLanguage":"fr-CA"},{"@type":"Organization","@id":"https:\/\/cssdn.gouv.qc.ca\/taniata\/#organization","name":"\u00c9cole de Taniata","url":"https:\/\/cssdn.gouv.qc.ca\/taniata\/","logo":{"@type":"ImageObject","inLanguage":"fr-CA","@id":"https:\/\/cssdn.gouv.qc.ca\/taniata\/#\/schema\/logo\/image\/","url":"https:\/\/cssdn.gouv.qc.ca\/taniata\/wp-content\/uploads\/sites\/63\/2023\/01\/logo_quebec.svg","contentUrl":"https:\/\/cssdn.gouv.qc.ca\/taniata\/wp-content\/uploads\/sites\/63\/2023\/01\/logo_quebec.svg","width":188,"height":41,"caption":"\u00c9cole de Taniata"},"image":{"@id":"https:\/\/cssdn.gouv.qc.ca\/taniata\/#\/schema\/logo\/image\/"},"sameAs":["https:\/\/www.facebook.com\/ecoletaniata"]}]}},"publishpress_future_action":{"enabled":false,"date":"2026-04-21 14:44:38","action":"change-status","newStatus":"draft","terms":[],"taxonomy":"category","extraData":[]},"publishpress_future_workflow_manual_trigger":{"enabledWorkflows":[]},"_links":{"self":[{"href":"https:\/\/cssdn.gouv.qc.ca\/taniata\/wp-json\/wp\/v2\/pages\/17","targetHints":{"allow":["GET"]}}],"collection":[{"href":"https:\/\/cssdn.gouv.qc.ca\/taniata\/wp-json\/wp\/v2\/pages"}],"about":[{"href":"https:\/\/cssdn.gouv.qc.ca\/taniata\/wp-json\/wp\/v2\/types\/page"}],"author":[{"embeddable":true,"href":"https:\/\/cssdn.gouv.qc.ca\/taniata\/wp-json\/wp\/v2\/users\/1"}],"replies":[{"embeddable":true,"href":"https:\/\/cssdn.gouv.qc.ca\/taniata\/wp-json\/wp\/v2\/comments?post=17"}],"version-history":[{"count":0,"href":"https:\/\/cssdn.gouv.qc.ca\/taniata\/wp-json\/wp\/v2\/pages\/17\/revisions"}],"wp:attachment":[{"href":"https:\/\/cssdn.gouv.qc.ca\/taniata\/wp-json\/wp\/v2\/media?parent=17"}],"wp:term":[{"taxonomy":"category","embeddable":true,"href":"https:\/\/cssdn.gouv.qc.ca\/taniata\/wp-json\/wp\/v2\/categories?post=17"},{"taxonomy":"post_tag","embeddable":true,"href":"https:\/\/cssdn.gouv.qc.ca\/taniata\/wp-json\/wp\/v2\/tags?post=17"}],"curies":[{"name":"wp","href":"https:\/\/api.w.org\/{rel}","templated":true}]}}